{"id":217521,"date":"2025-09-02T12:00:51","date_gmt":"2025-09-02T12:00:51","guid":{"rendered":"https:\/\/homeofwool.com\/?post_type=product&#038;p=217521"},"modified":"2026-02-11T10:35:35","modified_gmt":"2026-02-11T10:35:35","slug":"u-muotoinen-raskaustyyny","status":"publish","type":"product","link":"https:\/\/homeofwool.com\/fi\/shop\/u-shaped-pregnancy-pillow\/","title":{"rendered":"Villa Raskaustyyny (U-muotoinen)"},"content":{"rendered":"<p>Raskauden edetess\u00e4 voi olla vaikeaa l\u00f6yt\u00e4\u00e4 mukava asento y\u00f6ll\u00e4. Lis\u00e4tyynyt siirtyv\u00e4t usein paikaltaan eiv\u00e4tk\u00e4 tunnu antavan riitt\u00e4v\u00e4\u00e4 tukea. Siksi olemme suunnitelleet t\u00e4m\u00e4n ergonomisen raskaustyynyn, joka on U-muotoinen ja tukee koko vartaloa. Se tukee koko vartaloa pehmustamalla vatsaa, tukemalla selk\u00e4\u00e4 ja pit\u00e4m\u00e4ll\u00e4 jalat suorassa verenkierron helpottamiseksi. Monet \u00e4idit kokevat my\u00f6s, ett\u00e4 se auttaa lievitt\u00e4m\u00e4\u00e4n jalkojen kramppeja. Pehme\u00e4 mutta tukeva tyyny voidaan asettaa s\u00e4nkyyn kuin pieni sohva. Pysty asento on erityisen hy\u00f6dyllinen raskauden viimeisin\u00e4 viikkoina, jolloin se voi helpottaa refluksia.<\/p>\n<p>T\u00e4m\u00e4 orgaaninen raskaus tyyny on t\u00e4ytetty puhtaalla villalla, joka on hengitt\u00e4v\u00e4 ja l\u00e4mp\u00f6\u00e4 s\u00e4\u00e4telev\u00e4, joten pysyt mukavasti l\u00e4mpim\u00e4n\u00e4 ilman ylikuumenemista. Sis\u00e4osassa on vetoketju, jonka avulla voit s\u00e4\u00e4t\u00e4\u00e4 t\u00e4ytett\u00e4 mieleiseksesi. Irrotettava p\u00e4\u00e4llinen helpottaa huoltoa.<\/p>\n<p>Kooltaan 88,9 x 129,5 cm (35 x 51 tuumaa) t\u00e4m\u00e4 luonnollinen \u00e4itiystyyny tarjoaa tilaa venyttelyyn, mutta sen voi my\u00f6s asettaa pes\u00e4m\u00e4iseen asentoon, mik\u00e4 helpottaa pystyasentoista lepoa. Todella hypoallergeeninen raskaus tyyny tarjoaa turvallista mukavuutta nyt ja kest\u00e4v\u00e4\u00e4 k\u00e4ytt\u00f6\u00e4 viel\u00e4 pitk\u00e4\u00e4n raskauden j\u00e4lkeenkin.<\/p>","protected":false},"excerpt":{"rendered":"<p>Raskaus voi tehd\u00e4 levollisesta unesta tuntuvan saavuttamattomalta, mutta oikea tyyny voi tehd\u00e4 suuren eron. U-muotoinen raskaus tyyny ymp\u00e4r\u00f6i sinut hell\u00e4varaisella tuella, joka helpottaa vatsan, sel\u00e4n ja jalkojen painetta. Turvallinen raskausajan uniapuv\u00e4line, joka tuo helpotusta jalkakramppeihin ja refluksiin, jotta voit vihdoin uppoutua syv\u00e4\u00e4n uneen. Raskaana oleville naisille mukava uni, joka tuntuu todella tukevalta.<\/p>\n<div class=\"global-icon-set\">\n<div class=\"global-icon-set__items\">\n<div class=\"global-icon-set__item\">\n<div class=\"global-icon-set__image\">\n                                    <img decoding=\"async\" src=\"https:\/\/homeofwool.com\/wp-content\/uploads\/2025\/09\/handmade-icon-300x300.png\" alt=\"k\u00e4sintehty kuvake\" \/>\n                                <\/div>\n<div class=\"global-icon-set__title\">K\u00e4sintehty<\/div>\n<\/p><\/div>\n<div class=\"global-icon-set__item\">\n<div class=\"global-icon-set__image\">\n                                    <img decoding=\"async\" src=\"https:\/\/homeofwool.com\/wp-content\/uploads\/2025\/09\/wicks-moisture-away-300x300.png\" alt=\"siirt\u00e4\u00e4 kosteutta pois\" \/>\n                                <\/div>\n<div class=\"global-icon-set__title\">Poistaa kosteutta<\/div>\n<\/p><\/div>\n<div class=\"global-icon-set__item\">\n<div class=\"global-icon-set__image\">\n                                    <img decoding=\"async\" src=\"https:\/\/homeofwool.com\/wp-content\/uploads\/2025\/09\/Hypoallergenic-min-300x300.png\" alt=\"hypoallergeeninen kuvake\" \/>\n                                <\/div>\n<div class=\"global-icon-set__title\">Hypoallergeeninen<\/div>\n<\/p><\/div>\n<div class=\"global-icon-set__item\">\n<div class=\"global-icon-set__image\">\n                                    <img decoding=\"async\" src=\"https:\/\/homeofwool.com\/wp-content\/uploads\/2025\/09\/FR-min-300x300.png\" alt=\"palonkest\u00e4v\u00e4 kuvake\" \/>\n                                <\/div>\n<div class=\"global-icon-set__title\">Liekinkest\u00e4v\u00e4<\/div>\n<\/p><\/div>\n<div class=\"global-icon-set__item\">\n<div class=\"global-icon-set__image\">\n                                    <img decoding=\"async\" src=\"https:\/\/homeofwool.com\/wp-content\/uploads\/2025\/09\/free-of-synthetics-icon-300x300.png\" alt=\"synteettisi\u00e4 aineita sis\u00e4lt\u00e4m\u00e4t\u00f6n kuvake\" \/>\n                                <\/div>\n<div class=\"global-icon-set__title\">Vapaa synteettisist\u00e4 aineista<\/div>\n<\/p><\/div>\n<div class=\"global-icon-set__item\">\n<div class=\"global-icon-set__image\">\n                                    <img decoding=\"async\" src=\"https:\/\/homeofwool.com\/wp-content\/uploads\/2025\/09\/chemical-free-icon-300x300.png\" alt=\"kemikaalivapaa kuvake\" \/>\n                                <\/div>\n<div class=\"global-icon-set__title\">Kemikaalivapaa<\/div>\n<\/p><\/div>\n<div class=\"global-icon-set__item\">\n<div class=\"global-icon-set__image\">\n                                    <img decoding=\"async\" src=\"https:\/\/homeofwool.com\/wp-content\/uploads\/2025\/09\/anti-bacterial-icon-300x300.png\" alt=\"anti bakteeri kuvake\" \/>\n                                <\/div>\n<div class=\"global-icon-set__title\">Anti-mikrobinen &amp; antibakteerinen<\/div>\n<\/p><\/div>\n<div class=\"global-icon-set__item\">\n<div class=\"global-icon-set__image\">\n                                    <img decoding=\"async\" src=\"https:\/\/homeofwool.com\/wp-content\/uploads\/2025\/09\/certified-materials-icon-300x300.png\" alt=\"sertifioitujen materiaalien kuvake\" \/>\n                                <\/div>\n<div class=\"global-icon-set__title\">100% Puhtaat sertifioidut materiaalit<\/div>\n<\/p><\/div>\n<\/p><\/div>\n<\/p><\/div>","protected":false},"featured_media":226537,"template":"","meta":{"_acf_changed":false},"product_brand":[],"product_cat":[264,143],"product_tag":[150,146,147,148,151,149,152,153],"class_list":{"0":"post-217521","1":"product","2":"type-product","3":"status-publish","4":"has-post-thumbnail","6":"product_cat-kids","7":"product_cat-moms-pregnancy-pillows","8":"product_tag-full-body-pillow","9":"product_tag-maternity-pillow","10":"product_tag-natural-wool-bedding","11":"product_tag-pregnancy-support-pillow","12":"product_tag-snoogle-pillow","13":"product_tag-steps","14":"product_tag-u-shaped-body-pillow","15":"product_tag-u-shaped-pillow","17":"first","18":"instock","19":"shipping-taxable","20":"purchasable","21":"product-type-simple"},"acf":[],"yoast_head":"<!-- This site is optimized with the Yoast SEO Premium plugin v27.3 (Yoast SEO v27.3) - https:\/\/yoast.com\/product\/yoast-seo-premium-wordpress\/ -->\n<title>U-shaped Pregnancy Pillow \u2013 Hypoallergenic Maternity Pillow | Home of Wool<\/title>\n<meta name=\"description\" content=\"The U-Shaped Pregnancy Pillow surrounds the body with breathable wool comfort. Hypoallergenic and toxin-free, it delivers safe, supportive, and restful sleep for mothers-to-be.\" \/>\n<meta name=\"robots\" content=\"index, follow, max-snippet:-1, max-image-preview:large, max-video-preview:-1\" \/>\n<link rel=\"canonical\" href=\"https:\/\/homeofwool.com\/fi\/shop\/u-muotoinen-raskaustyyny\/\" \/>\n<meta property=\"og:locale\" content=\"fi_FI\" \/>\n<meta property=\"og:type\" content=\"article\" \/>\n<meta property=\"og:title\" content=\"Wool Pregnancy Pillow (U-shaped)\" \/>\n<meta property=\"og:description\" content=\"The U-Shaped Pregnancy Pillow surrounds the body with breathable wool comfort. Hypoallergenic and toxin-free, it delivers safe, supportive, and restful sleep for mothers-to-be.\" \/>\n<meta property=\"og:url\" content=\"https:\/\/homeofwool.com\/fi\/shop\/u-muotoinen-raskaustyyny\/\" \/>\n<meta property=\"og:site_name\" content=\"Home of Wool\" \/>\n<meta property=\"article:publisher\" content=\"https:\/\/facebook.com\/HomeOfWoolOfficial\" \/>\n<meta property=\"article:modified_time\" content=\"2026-02-11T10:35:35+00:00\" \/>\n<meta property=\"og:image\" content=\"https:\/\/homeofwool.com\/wp-content\/uploads\/2025\/09\/home-of-wool-wool-pregnancy-pillow-u-shaped-2.jpg.jpg\" \/>\n\t<meta property=\"og:image:width\" content=\"1754\" \/>\n\t<meta property=\"og:image:height\" content=\"1403\" \/>\n\t<meta property=\"og:image:type\" content=\"image\/jpeg\" \/>\n<meta name=\"twitter:card\" content=\"summary_large_image\" \/>\n<meta name=\"twitter:label1\" content=\"Arvioitu lukuaika\" \/>\n\t<meta name=\"twitter:data1\" content=\"2 minuuttia\" \/>\n<script type=\"application\/ld+json\" class=\"yoast-schema-graph\">{\"@context\":\"https:\\\/\\\/schema.org\",\"@graph\":[{\"@type\":\"WebPage\",\"@id\":\"https:\\\/\\\/homeofwool.com\\\/shop\\\/u-shaped-pregnancy-pillow\\\/\",\"url\":\"https:\\\/\\\/homeofwool.com\\\/shop\\\/u-shaped-pregnancy-pillow\\\/\",\"name\":\"U-shaped Pregnancy Pillow \u2013 Hypoallergenic Maternity Pillow | Home of Wool\",\"isPartOf\":{\"@id\":\"https:\\\/\\\/homeofwool.com\\\/#website\"},\"primaryImageOfPage\":{\"@id\":\"https:\\\/\\\/homeofwool.com\\\/shop\\\/u-shaped-pregnancy-pillow\\\/#primaryimage\"},\"image\":{\"@id\":\"https:\\\/\\\/homeofwool.com\\\/shop\\\/u-shaped-pregnancy-pillow\\\/#primaryimage\"},\"thumbnailUrl\":\"https:\\\/\\\/homeofwool.com\\\/wp-content\\\/uploads\\\/2025\\\/09\\\/home-of-wool-wool-pregnancy-pillow-u-shaped-2.jpg.jpg\",\"datePublished\":\"2025-09-02T12:00:51+00:00\",\"dateModified\":\"2026-02-11T10:35:35+00:00\",\"description\":\"The U-Shaped Pregnancy Pillow surrounds the body with breathable wool comfort. Hypoallergenic and toxin-free, it delivers safe, supportive, and restful sleep for mothers-to-be.\",\"breadcrumb\":{\"@id\":\"https:\\\/\\\/homeofwool.com\\\/shop\\\/u-shaped-pregnancy-pillow\\\/#breadcrumb\"},\"inLanguage\":\"fi\",\"potentialAction\":[{\"@type\":\"ReadAction\",\"target\":[\"https:\\\/\\\/homeofwool.com\\\/shop\\\/u-shaped-pregnancy-pillow\\\/\"]}]},{\"@type\":\"ImageObject\",\"inLanguage\":\"fi\",\"@id\":\"https:\\\/\\\/homeofwool.com\\\/shop\\\/u-shaped-pregnancy-pillow\\\/#primaryimage\",\"url\":\"https:\\\/\\\/homeofwool.com\\\/wp-content\\\/uploads\\\/2025\\\/09\\\/home-of-wool-wool-pregnancy-pillow-u-shaped-2.jpg.jpg\",\"contentUrl\":\"https:\\\/\\\/homeofwool.com\\\/wp-content\\\/uploads\\\/2025\\\/09\\\/home-of-wool-wool-pregnancy-pillow-u-shaped-2.jpg.jpg\",\"width\":1754,\"height\":1403,\"caption\":\"home-of-wool-wool-pregnancy-pillow-u-shaped-1-main.jpg\"},{\"@type\":\"BreadcrumbList\",\"@id\":\"https:\\\/\\\/homeofwool.com\\\/shop\\\/u-shaped-pregnancy-pillow\\\/#breadcrumb\",\"itemListElement\":[{\"@type\":\"ListItem\",\"position\":1,\"name\":\"Home\",\"item\":\"https:\\\/\\\/homeofwool.com\\\/\"},{\"@type\":\"ListItem\",\"position\":2,\"name\":\"Products\",\"item\":\"https:\\\/\\\/homeofwool.com\\\/header-search-2\\\/\"},{\"@type\":\"ListItem\",\"position\":3,\"name\":\"Wool Pregnancy Pillow (U-shaped)\"}]},{\"@type\":\"WebSite\",\"@id\":\"https:\\\/\\\/homeofwool.com\\\/#website\",\"url\":\"https:\\\/\\\/homeofwool.com\\\/\",\"name\":\"Home of Wool\",\"description\":\"\",\"publisher\":{\"@id\":\"https:\\\/\\\/homeofwool.com\\\/#organization\"},\"potentialAction\":[{\"@type\":\"SearchAction\",\"target\":{\"@type\":\"EntryPoint\",\"urlTemplate\":\"https:\\\/\\\/homeofwool.com\\\/?s={search_term_string}\"},\"query-input\":{\"@type\":\"PropertyValueSpecification\",\"valueRequired\":true,\"valueName\":\"search_term_string\"}}],\"inLanguage\":\"fi\"},{\"@type\":\"Organization\",\"@id\":\"https:\\\/\\\/homeofwool.com\\\/#organization\",\"name\":\"Home of Wool\",\"url\":\"https:\\\/\\\/homeofwool.com\\\/\",\"logo\":{\"@type\":\"ImageObject\",\"inLanguage\":\"fi\",\"@id\":\"https:\\\/\\\/homeofwool.com\\\/#\\\/schema\\\/logo\\\/image\\\/\",\"url\":\"https:\\\/\\\/homeofwool.com\\\/wp-content\\\/uploads\\\/2025\\\/09\\\/WhatsApp-Image-2025-12-02-at-16.23.20.jpeg\",\"contentUrl\":\"https:\\\/\\\/homeofwool.com\\\/wp-content\\\/uploads\\\/2025\\\/09\\\/WhatsApp-Image-2025-12-02-at-16.23.20.jpeg\",\"width\":700,\"height\":247,\"caption\":\"Home of Wool\"},\"image\":{\"@id\":\"https:\\\/\\\/homeofwool.com\\\/#\\\/schema\\\/logo\\\/image\\\/\"},\"sameAs\":[\"https:\\\/\\\/facebook.com\\\/HomeOfWoolOfficial\"]}]}<\/script>\n<!-- \/ Yoast SEO Premium plugin. -->","yoast_head_json":{"title":"U-muotoinen raskaus tyyny \u2013 Hypoallergeeninen \u00e4itiystyyny | Home of Wool","description":"U-muotoinen raskaustyyny ymp\u00e4r\u00f6i kehon hengitt\u00e4v\u00e4ll\u00e4 villalla. Se on hypoallergeeninen ja myrkyt\u00f6n, ja tarjoaa turvallisen, tukevan ja rauhallisen unen tuleville \u00e4ideille.","robots":{"index":"index","follow":"follow","max-snippet":"max-snippet:-1","max-image-preview":"max-image-preview:large","max-video-preview":"max-video-preview:-1"},"canonical":"https:\/\/homeofwool.com\/fi\/shop\/u-muotoinen-raskaustyyny\/","og_locale":"fi_FI","og_type":"article","og_title":"Wool Pregnancy Pillow (U-shaped)","og_description":"The U-Shaped Pregnancy Pillow surrounds the body with breathable wool comfort. Hypoallergenic and toxin-free, it delivers safe, supportive, and restful sleep for mothers-to-be.","og_url":"https:\/\/homeofwool.com\/fi\/shop\/u-muotoinen-raskaustyyny\/","og_site_name":"Home of Wool","article_publisher":"https:\/\/facebook.com\/HomeOfWoolOfficial","article_modified_time":"2026-02-11T10:35:35+00:00","og_image":[{"width":1754,"height":1403,"url":"https:\/\/homeofwool.com\/wp-content\/uploads\/2025\/09\/home-of-wool-wool-pregnancy-pillow-u-shaped-2.jpg.jpg","type":"image\/jpeg"}],"twitter_card":"summary_large_image","twitter_misc":{"Arvioitu lukuaika":"2 minuuttia"},"schema":{"@context":"https:\/\/schema.org","@graph":[{"@type":"WebPage","@id":"https:\/\/homeofwool.com\/shop\/u-shaped-pregnancy-pillow\/","url":"https:\/\/homeofwool.com\/shop\/u-shaped-pregnancy-pillow\/","name":"U-muotoinen raskaus tyyny \u2013 Hypoallergeeninen \u00e4itiystyyny | Home of Wool","isPartOf":{"@id":"https:\/\/homeofwool.com\/#website"},"primaryImageOfPage":{"@id":"https:\/\/homeofwool.com\/shop\/u-shaped-pregnancy-pillow\/#primaryimage"},"image":{"@id":"https:\/\/homeofwool.com\/shop\/u-shaped-pregnancy-pillow\/#primaryimage"},"thumbnailUrl":"https:\/\/homeofwool.com\/wp-content\/uploads\/2025\/09\/home-of-wool-wool-pregnancy-pillow-u-shaped-2.jpg.jpg","datePublished":"2025-09-02T12:00:51+00:00","dateModified":"2026-02-11T10:35:35+00:00","description":"U-muotoinen raskaustyyny ymp\u00e4r\u00f6i kehon hengitt\u00e4v\u00e4ll\u00e4 villalla. Se on hypoallergeeninen ja myrkyt\u00f6n, ja tarjoaa turvallisen, tukevan ja rauhallisen unen tuleville \u00e4ideille.","breadcrumb":{"@id":"https:\/\/homeofwool.com\/shop\/u-shaped-pregnancy-pillow\/#breadcrumb"},"inLanguage":"fi","potentialAction":[{"@type":"ReadAction","target":["https:\/\/homeofwool.com\/shop\/u-shaped-pregnancy-pillow\/"]}]},{"@type":"ImageObject","inLanguage":"fi","@id":"https:\/\/homeofwool.com\/shop\/u-shaped-pregnancy-pillow\/#primaryimage","url":"https:\/\/homeofwool.com\/wp-content\/uploads\/2025\/09\/home-of-wool-wool-pregnancy-pillow-u-shaped-2.jpg.jpg","contentUrl":"https:\/\/homeofwool.com\/wp-content\/uploads\/2025\/09\/home-of-wool-wool-pregnancy-pillow-u-shaped-2.jpg.jpg","width":1754,"height":1403,"caption":"home-of-wool-wool-pregnancy-pillow-u-shaped-1-main.jpg"},{"@type":"BreadcrumbList","@id":"https:\/\/homeofwool.com\/shop\/u-shaped-pregnancy-pillow\/#breadcrumb","itemListElement":[{"@type":"ListItem","position":1,"name":"Home","item":"https:\/\/homeofwool.com\/"},{"@type":"ListItem","position":2,"name":"Products","item":"https:\/\/homeofwool.com\/header-search-2\/"},{"@type":"ListItem","position":3,"name":"Wool Pregnancy Pillow (U-shaped)"}]},{"@type":"WebSite","@id":"https:\/\/homeofwool.com\/#website","url":"https:\/\/homeofwool.com\/","name":"Villan koti","description":"","publisher":{"@id":"https:\/\/homeofwool.com\/#organization"},"potentialAction":[{"@type":"SearchAction","target":{"@type":"EntryPoint","urlTemplate":"https:\/\/homeofwool.com\/?s={search_term_string}"},"query-input":{"@type":"PropertyValueSpecification","valueRequired":true,"valueName":"search_term_string"}}],"inLanguage":"fi"},{"@type":"Organization","@id":"https:\/\/homeofwool.com\/#organization","name":"Villan koti","url":"https:\/\/homeofwool.com\/","logo":{"@type":"ImageObject","inLanguage":"fi","@id":"https:\/\/homeofwool.com\/#\/schema\/logo\/image\/","url":"https:\/\/homeofwool.com\/wp-content\/uploads\/2025\/09\/WhatsApp-Image-2025-12-02-at-16.23.20.jpeg","contentUrl":"https:\/\/homeofwool.com\/wp-content\/uploads\/2025\/09\/WhatsApp-Image-2025-12-02-at-16.23.20.jpeg","width":700,"height":247,"caption":"Home of Wool"},"image":{"@id":"https:\/\/homeofwool.com\/#\/schema\/logo\/image\/"},"sameAs":["https:\/\/facebook.com\/HomeOfWoolOfficial"]}]}},"_links":{"self":[{"href":"https:\/\/homeofwool.com\/fi\/wp-json\/wp\/v2\/product\/217521","targetHints":{"allow":["GET"]}}],"collection":[{"href":"https:\/\/homeofwool.com\/fi\/wp-json\/wp\/v2\/product"}],"about":[{"href":"https:\/\/homeofwool.com\/fi\/wp-json\/wp\/v2\/types\/product"}],"version-history":[{"count":2,"href":"https:\/\/homeofwool.com\/fi\/wp-json\/wp\/v2\/product\/217521\/revisions"}],"predecessor-version":[{"id":226509,"href":"https:\/\/homeofwool.com\/fi\/wp-json\/wp\/v2\/product\/217521\/revisions\/226509"}],"wp:featuredmedia":[{"embeddable":true,"href":"https:\/\/homeofwool.com\/fi\/wp-json\/wp\/v2\/media\/226537"}],"wp:attachment":[{"href":"https:\/\/homeofwool.com\/fi\/wp-json\/wp\/v2\/media?parent=217521"}],"wp:term":[{"taxonomy":"product_brand","embeddable":true,"href":"https:\/\/homeofwool.com\/fi\/wp-json\/wp\/v2\/product_brand?post=217521"},{"taxonomy":"product_cat","embeddable":true,"href":"https:\/\/homeofwool.com\/fi\/wp-json\/wp\/v2\/product_cat?post=217521"},{"taxonomy":"product_tag","embeddable":true,"href":"https:\/\/homeofwool.com\/fi\/wp-json\/wp\/v2\/product_tag?post=217521"}],"curies":[{"name":"wp","href":"https:\/\/api.w.org\/{rel}","templated":true}]}}