{"id":217513,"date":"2025-09-02T12:00:51","date_gmt":"2025-09-02T12:00:51","guid":{"rendered":"https:\/\/homeofwool.com\/?post_type=product&#038;p=217513"},"modified":"2025-09-26T12:36:40","modified_gmt":"2025-09-26T12:36:40","slug":"simpukkakuvioinen-silkkikangas","status":"publish","type":"product","link":"https:\/\/homeofwool.com\/fi\/shop\/seashell-silk-fabric\/","title":{"rendered":"100% Mulberry Silk Fabric \u2013 Seashell"},"content":{"rendered":"<p>100%-silkkikankaamme simpukanv\u00e4risen\u00e4 on valmistettu hienoimmasta puhtaasta silkist\u00e4, joka tunnetaan luonnollisesta pehmeydest\u00e4\u00e4n, lempe\u00e4st\u00e4 kiillostaan ja elegantista laskeutumisestaan. T\u00e4m\u00e4n kankaan tekee todella ainutlaatuiseksi sen simpukanmuotoinen pinta. Hieman karkeamman tekstuurin silkkikankaalla on kaunis syvyys ja luonne. Lempe\u00e4 simpukanmuotoinen viimeistely antaa kankaalle luonnollisen luonteen. Kudonta antaa sille pehme\u00e4n pidon. Se ei liu'u ja luiskahda kuten esimerkiksi satiini usein tekee. Se tekee siit\u00e4 paljon helpomman k\u00e4sitell\u00e4.<\/p>\n<p>Sen kauneuden lis\u00e4ksi t\u00e4m\u00e4 ymp\u00e4rist\u00f6yst\u00e4v\u00e4llinen silkki tarjoaa merkitt\u00e4vi\u00e4 hyvinvointietuja. Se on hypoallergeeninen ja vertaansa vailla p\u00f6lypunkkien torjunnassa. Ihanteellinen valinta kaikille, jotka k\u00e4rsiv\u00e4t allergioista tai herk\u00e4st\u00e4 ihosta. Silkin luonnolliset aminohapot ovat hell\u00e4varaisia sek\u00e4 iholle ett\u00e4 hiuksille ja auttavat niit\u00e4 pysym\u00e4\u00e4n silein\u00e4 ja raikkaina. Se tuntuu kevyelt\u00e4 ja viile\u00e4lt\u00e4 kes\u00e4ll\u00e4 ja pehme\u00e4n l\u00e4mpim\u00e4lt\u00e4, kun ilma kylmenee.<\/p>\n<p>Ty\u00f6skenteletp\u00e4 sitten ylellisten vuodevaatteiden, hienostuneiden vaatteiden tai eleganttien sisustustuotteiden parissa, t\u00e4m\u00e4 ylellinen silkkikangas tuo mukanaan kest\u00e4v\u00e4n hienostuneisuuden tunteen. Saatavana mittatilausty\u00f6n\u00e4 yhdest\u00e4 yhten\u00e4isest\u00e4 palasta leikattuna silkkikankaana, josta voit tilata n\u00e4ytteit\u00e4, jotta voit kokea sen tekstuurin ja s\u00e4vyn itse.<\/p>","protected":false},"excerpt":{"rendered":"<p>Tutustu mulberry-silkkikankaamme ajattomaan kauneuteen pehme\u00e4ss\u00e4 simpukanv\u00e4riss\u00e4 ja tekstuurissa. T\u00e4m\u00e4 luonnollinen silkkikangas on pehme\u00e4n kiilt\u00e4v\u00e4, sile\u00e4 kosketukseltaan ja hengitt\u00e4v\u00e4, mik\u00e4 tekee siit\u00e4 ihanteellisen vuodevaatteisiin ja hienostuneisiin kodintekstiileihin. Saatavana mittatilausty\u00f6n\u00e4 leikattuna silkkikankaana, se tarjoaa sek\u00e4 eleganssia ett\u00e4 monipuolisuutta projekteihisi.<\/p>\n<div class=\"global-icon-set\">\n<div class=\"global-icon-set__items\">\n<div class=\"global-icon-set__item\">\n<div class=\"global-icon-set__image\">\n                                    <img decoding=\"async\" src=\"https:\/\/homeofwool.com\/wp-content\/uploads\/2025\/09\/VOCs-min-300x300.png\" alt=\"vocs vapaa\" \/>\n                                <\/div>\n<div class=\"global-icon-set__title\">VOC-vapaa<\/div>\n<\/p><\/div>\n<div class=\"global-icon-set__item\">\n<div class=\"global-icon-set__image\">\n                                    <img decoding=\"async\" src=\"https:\/\/homeofwool.com\/wp-content\/uploads\/2025\/09\/Hypoallergenic-min-300x300.png\" alt=\"hypoallergeeninen kuvake\" \/>\n                                <\/div>\n<div class=\"global-icon-set__title\">Hypoallergeeninen<\/div>\n<\/p><\/div>\n<div class=\"global-icon-set__item\">\n<div class=\"global-icon-set__image\">\n                                    <img decoding=\"async\" src=\"https:\/\/homeofwool.com\/wp-content\/uploads\/2025\/09\/free-of-synthetics-icon-300x300.png\" alt=\"synteettisi\u00e4 aineita sis\u00e4lt\u00e4m\u00e4t\u00f6n kuvake\" \/>\n                                <\/div>\n<div class=\"global-icon-set__title\">Vapaa synteettisist\u00e4 aineista<\/div>\n<\/p><\/div>\n<div class=\"global-icon-set__item\">\n<div class=\"global-icon-set__image\">\n                                    <img decoding=\"async\" src=\"https:\/\/homeofwool.com\/wp-content\/uploads\/2025\/09\/chemical-free-icon-300x300.png\" alt=\"kemikaalivapaa kuvake\" \/>\n                                <\/div>\n<div class=\"global-icon-set__title\">Kemikaalivapaa<\/div>\n<\/p><\/div>\n<div class=\"global-icon-set__item\">\n<div class=\"global-icon-set__image\">\n                                    <img decoding=\"async\" src=\"https:\/\/homeofwool.com\/wp-content\/uploads\/2025\/09\/anti-bacterial-icon-300x300.png\" alt=\"anti bakteeri kuvake\" \/>\n                                <\/div>\n<div class=\"global-icon-set__title\">Anti-mikrobinen &amp; antibakteerinen<\/div>\n<\/p><\/div>\n<\/p><\/div>\n<\/p><\/div>","protected":false},"featured_media":219212,"template":"","meta":{"_acf_changed":false},"product_brand":[],"product_cat":[25],"product_tag":[100,85,86,101,102,103,104,94,105,106],"class_list":{"0":"post-217513","1":"product","2":"type-product","3":"status-publish","4":"has-post-thumbnail","6":"product_cat-wool-fabrics-batting","7":"product_tag-by-the-yard-or-metre","8":"product_tag-craft-supplies","9":"product_tag-eco-friendly-textile","10":"product_tag-luxury-silk","11":"product_tag-mulberry-silk-fabric","12":"product_tag-organic-fiber","13":"product_tag-pure-silk-fabric","14":"product_tag-sewing-supply","15":"product_tag-unbleached-undyed","16":"product_tag-washed-silk-fabric","18":"first","19":"instock","20":"shipping-taxable","21":"purchasable","22":"product-type-variable"},"acf":[],"yoast_head":"<!-- This site is optimized with the Yoast SEO Premium plugin v27.3 (Yoast SEO v27.3) - https:\/\/yoast.com\/product\/yoast-seo-premium-wordpress\/ -->\n<title>Mulberry Silk Fabric \u2013 Seashell, Natural Fabric for Skin Benefits | Home of Wool<\/title>\n<meta name=\"description\" content=\"Gentle on skin and smooth to the touch, Mulberry Silk Fabric in seashell tones adds breathable, natural softness. Perfect for toxin-free bedding, clothing, and timeless crafts at home.\" \/>\n<meta name=\"robots\" content=\"index, follow, max-snippet:-1, max-image-preview:large, max-video-preview:-1\" \/>\n<link rel=\"canonical\" href=\"https:\/\/homeofwool.com\/fi\/shop\/simpukkakuvioinen-silkkikangas\/\" \/>\n<meta property=\"og:locale\" content=\"fi_FI\" \/>\n<meta property=\"og:type\" content=\"article\" \/>\n<meta property=\"og:title\" content=\"100% Mulberry Silk Fabric \u2013 Seashell\" \/>\n<meta property=\"og:description\" content=\"Gentle on skin and smooth to the touch, Mulberry Silk Fabric in seashell tones adds breathable, natural softness. Perfect for toxin-free bedding, clothing, and timeless crafts at home.\" \/>\n<meta property=\"og:url\" content=\"https:\/\/homeofwool.com\/fi\/shop\/simpukkakuvioinen-silkkikangas\/\" \/>\n<meta property=\"og:site_name\" content=\"Home of Wool\" \/>\n<meta property=\"article:publisher\" content=\"https:\/\/facebook.com\/HomeOfWoolOfficial\" \/>\n<meta property=\"article:modified_time\" content=\"2025-09-26T12:36:40+00:00\" \/>\n<meta property=\"og:image\" content=\"https:\/\/homeofwool.com\/wp-content\/uploads\/2025\/09\/home-of-wool-100-mulberry-silk-fabric-\u2013-seashell-1-main-100-silk-seashell.jpg\" \/>\n\t<meta property=\"og:image:width\" content=\"2400\" \/>\n\t<meta property=\"og:image:height\" content=\"1920\" \/>\n\t<meta property=\"og:image:type\" content=\"image\/jpeg\" \/>\n<meta name=\"twitter:card\" content=\"summary_large_image\" \/>\n<meta name=\"twitter:label1\" content=\"Arvioitu lukuaika\" \/>\n\t<meta name=\"twitter:data1\" content=\"2 minuuttia\" \/>\n<script type=\"application\/ld+json\" class=\"yoast-schema-graph\">{\"@context\":\"https:\\\/\\\/schema.org\",\"@graph\":[{\"@type\":\"WebPage\",\"@id\":\"https:\\\/\\\/homeofwool.com\\\/fr\\\/boutique\\\/tissu-en-soie-coquillage\\\/\",\"url\":\"https:\\\/\\\/homeofwool.com\\\/fr\\\/boutique\\\/tissu-en-soie-coquillage\\\/\",\"name\":\"Mulberry Silk Fabric \u2013 Seashell, Natural Fabric for Skin Benefits | Home of Wool\",\"isPartOf\":{\"@id\":\"https:\\\/\\\/homeofwool.com\\\/#website\"},\"primaryImageOfPage\":{\"@id\":\"https:\\\/\\\/homeofwool.com\\\/fr\\\/boutique\\\/tissu-en-soie-coquillage\\\/#primaryimage\"},\"image\":{\"@id\":\"https:\\\/\\\/homeofwool.com\\\/fr\\\/boutique\\\/tissu-en-soie-coquillage\\\/#primaryimage\"},\"thumbnailUrl\":\"https:\\\/\\\/homeofwool.com\\\/wp-content\\\/uploads\\\/2025\\\/09\\\/home-of-wool-100-mulberry-silk-fabric-\u2013-seashell-1-main-100-silk-seashell.jpg\",\"datePublished\":\"2025-09-02T12:00:51+00:00\",\"dateModified\":\"2025-09-26T12:36:40+00:00\",\"description\":\"Gentle on skin and smooth to the touch, Mulberry Silk Fabric in seashell tones adds breathable, natural softness. Perfect for toxin-free bedding, clothing, and timeless crafts at home.\",\"breadcrumb\":{\"@id\":\"https:\\\/\\\/homeofwool.com\\\/fr\\\/boutique\\\/tissu-en-soie-coquillage\\\/#breadcrumb\"},\"inLanguage\":\"fi\",\"potentialAction\":[{\"@type\":\"ReadAction\",\"target\":[\"https:\\\/\\\/homeofwool.com\\\/fr\\\/boutique\\\/tissu-en-soie-coquillage\\\/\"]}]},{\"@type\":\"ImageObject\",\"inLanguage\":\"fi\",\"@id\":\"https:\\\/\\\/homeofwool.com\\\/fr\\\/boutique\\\/tissu-en-soie-coquillage\\\/#primaryimage\",\"url\":\"https:\\\/\\\/homeofwool.com\\\/wp-content\\\/uploads\\\/2025\\\/09\\\/home-of-wool-100-mulberry-silk-fabric-\u2013-seashell-1-main-100-silk-seashell.jpg\",\"contentUrl\":\"https:\\\/\\\/homeofwool.com\\\/wp-content\\\/uploads\\\/2025\\\/09\\\/home-of-wool-100-mulberry-silk-fabric-\u2013-seashell-1-main-100-silk-seashell.jpg\",\"width\":2400,\"height\":1920,\"caption\":\"100% MULBERRY SILK FABRIC SEASHEL CLOSE UP\"},{\"@type\":\"BreadcrumbList\",\"@id\":\"https:\\\/\\\/homeofwool.com\\\/fr\\\/boutique\\\/tissu-en-soie-coquillage\\\/#breadcrumb\",\"itemListElement\":[{\"@type\":\"ListItem\",\"position\":1,\"name\":\"Home\",\"item\":\"https:\\\/\\\/homeofwool.com\\\/\"},{\"@type\":\"ListItem\",\"position\":2,\"name\":\"Products\",\"item\":\"https:\\\/\\\/homeofwool.com\\\/header-search-2\\\/\"},{\"@type\":\"ListItem\",\"position\":3,\"name\":\"100% Mulberry Silk Fabric \u2013 Seashell\"}]},{\"@type\":\"WebSite\",\"@id\":\"https:\\\/\\\/homeofwool.com\\\/#website\",\"url\":\"https:\\\/\\\/homeofwool.com\\\/\",\"name\":\"Home of Wool\",\"description\":\"\",\"publisher\":{\"@id\":\"https:\\\/\\\/homeofwool.com\\\/#organization\"},\"potentialAction\":[{\"@type\":\"SearchAction\",\"target\":{\"@type\":\"EntryPoint\",\"urlTemplate\":\"https:\\\/\\\/homeofwool.com\\\/?s={search_term_string}\"},\"query-input\":{\"@type\":\"PropertyValueSpecification\",\"valueRequired\":true,\"valueName\":\"search_term_string\"}}],\"inLanguage\":\"fi\"},{\"@type\":\"Organization\",\"@id\":\"https:\\\/\\\/homeofwool.com\\\/#organization\",\"name\":\"Home of Wool\",\"url\":\"https:\\\/\\\/homeofwool.com\\\/\",\"logo\":{\"@type\":\"ImageObject\",\"inLanguage\":\"fi\",\"@id\":\"https:\\\/\\\/homeofwool.com\\\/#\\\/schema\\\/logo\\\/image\\\/\",\"url\":\"https:\\\/\\\/homeofwool.com\\\/wp-content\\\/uploads\\\/2025\\\/09\\\/WhatsApp-Image-2025-12-02-at-16.23.20.jpeg\",\"contentUrl\":\"https:\\\/\\\/homeofwool.com\\\/wp-content\\\/uploads\\\/2025\\\/09\\\/WhatsApp-Image-2025-12-02-at-16.23.20.jpeg\",\"width\":700,\"height\":247,\"caption\":\"Home of Wool\"},\"image\":{\"@id\":\"https:\\\/\\\/homeofwool.com\\\/#\\\/schema\\\/logo\\\/image\\\/\"},\"sameAs\":[\"https:\\\/\\\/facebook.com\\\/HomeOfWoolOfficial\"]}]}<\/script>\n<!-- \/ Yoast SEO Premium plugin. -->","yoast_head_json":{"title":"Mulberry Silk Fabric \u2013 Seashell, luonnollinen kangas iholle | Home of Wool","description":"Iholle hell\u00e4varainen ja pehme\u00e4 kosketukseltaan, simpukan s\u00e4vyinen mulberry-silkkikangas on hengitt\u00e4v\u00e4 ja luonnollisen pehme\u00e4. Sopii erinomaisesti myrkytt\u00f6mien vuodevaatteiden, vaatteiden ja ajattomien k\u00e4sity\u00f6tarvikkeiden valmistukseen kotona.","robots":{"index":"index","follow":"follow","max-snippet":"max-snippet:-1","max-image-preview":"max-image-preview:large","max-video-preview":"max-video-preview:-1"},"canonical":"https:\/\/homeofwool.com\/fi\/shop\/simpukkakuvioinen-silkkikangas\/","og_locale":"fi_FI","og_type":"article","og_title":"100% Mulberry Silk Fabric \u2013 Seashell","og_description":"Gentle on skin and smooth to the touch, Mulberry Silk Fabric in seashell tones adds breathable, natural softness. Perfect for toxin-free bedding, clothing, and timeless crafts at home.","og_url":"https:\/\/homeofwool.com\/fi\/shop\/simpukkakuvioinen-silkkikangas\/","og_site_name":"Home of Wool","article_publisher":"https:\/\/facebook.com\/HomeOfWoolOfficial","article_modified_time":"2025-09-26T12:36:40+00:00","og_image":[{"width":2400,"height":1920,"url":"https:\/\/homeofwool.com\/wp-content\/uploads\/2025\/09\/home-of-wool-100-mulberry-silk-fabric-\u2013-seashell-1-main-100-silk-seashell.jpg","type":"image\/jpeg"}],"twitter_card":"summary_large_image","twitter_misc":{"Arvioitu lukuaika":"2 minuuttia"},"schema":{"@context":"https:\/\/schema.org","@graph":[{"@type":"WebPage","@id":"https:\/\/homeofwool.com\/fr\/boutique\/tissu-en-soie-coquillage\/","url":"https:\/\/homeofwool.com\/fr\/boutique\/tissu-en-soie-coquillage\/","name":"Mulberry Silk Fabric \u2013 Seashell, luonnollinen kangas iholle | Home of Wool","isPartOf":{"@id":"https:\/\/homeofwool.com\/#website"},"primaryImageOfPage":{"@id":"https:\/\/homeofwool.com\/fr\/boutique\/tissu-en-soie-coquillage\/#primaryimage"},"image":{"@id":"https:\/\/homeofwool.com\/fr\/boutique\/tissu-en-soie-coquillage\/#primaryimage"},"thumbnailUrl":"https:\/\/homeofwool.com\/wp-content\/uploads\/2025\/09\/home-of-wool-100-mulberry-silk-fabric-\u2013-seashell-1-main-100-silk-seashell.jpg","datePublished":"2025-09-02T12:00:51+00:00","dateModified":"2025-09-26T12:36:40+00:00","description":"Iholle hell\u00e4varainen ja pehme\u00e4 kosketukseltaan, simpukan s\u00e4vyinen mulberry-silkkikangas on hengitt\u00e4v\u00e4 ja luonnollisen pehme\u00e4. Sopii erinomaisesti myrkytt\u00f6mien vuodevaatteiden, vaatteiden ja ajattomien k\u00e4sity\u00f6tarvikkeiden valmistukseen kotona.","breadcrumb":{"@id":"https:\/\/homeofwool.com\/fr\/boutique\/tissu-en-soie-coquillage\/#breadcrumb"},"inLanguage":"fi","potentialAction":[{"@type":"ReadAction","target":["https:\/\/homeofwool.com\/fr\/boutique\/tissu-en-soie-coquillage\/"]}]},{"@type":"ImageObject","inLanguage":"fi","@id":"https:\/\/homeofwool.com\/fr\/boutique\/tissu-en-soie-coquillage\/#primaryimage","url":"https:\/\/homeofwool.com\/wp-content\/uploads\/2025\/09\/home-of-wool-100-mulberry-silk-fabric-\u2013-seashell-1-main-100-silk-seashell.jpg","contentUrl":"https:\/\/homeofwool.com\/wp-content\/uploads\/2025\/09\/home-of-wool-100-mulberry-silk-fabric-\u2013-seashell-1-main-100-silk-seashell.jpg","width":2400,"height":1920,"caption":"100% MULBERRY SILK FABRIC SEASHEL CLOSE UP"},{"@type":"BreadcrumbList","@id":"https:\/\/homeofwool.com\/fr\/boutique\/tissu-en-soie-coquillage\/#breadcrumb","itemListElement":[{"@type":"ListItem","position":1,"name":"Home","item":"https:\/\/homeofwool.com\/"},{"@type":"ListItem","position":2,"name":"Products","item":"https:\/\/homeofwool.com\/header-search-2\/"},{"@type":"ListItem","position":3,"name":"100% Mulberry Silk Fabric \u2013 Seashell"}]},{"@type":"WebSite","@id":"https:\/\/homeofwool.com\/#website","url":"https:\/\/homeofwool.com\/","name":"Villan koti","description":"","publisher":{"@id":"https:\/\/homeofwool.com\/#organization"},"potentialAction":[{"@type":"SearchAction","target":{"@type":"EntryPoint","urlTemplate":"https:\/\/homeofwool.com\/?s={search_term_string}"},"query-input":{"@type":"PropertyValueSpecification","valueRequired":true,"valueName":"search_term_string"}}],"inLanguage":"fi"},{"@type":"Organization","@id":"https:\/\/homeofwool.com\/#organization","name":"Villan koti","url":"https:\/\/homeofwool.com\/","logo":{"@type":"ImageObject","inLanguage":"fi","@id":"https:\/\/homeofwool.com\/#\/schema\/logo\/image\/","url":"https:\/\/homeofwool.com\/wp-content\/uploads\/2025\/09\/WhatsApp-Image-2025-12-02-at-16.23.20.jpeg","contentUrl":"https:\/\/homeofwool.com\/wp-content\/uploads\/2025\/09\/WhatsApp-Image-2025-12-02-at-16.23.20.jpeg","width":700,"height":247,"caption":"Home of Wool"},"image":{"@id":"https:\/\/homeofwool.com\/#\/schema\/logo\/image\/"},"sameAs":["https:\/\/facebook.com\/HomeOfWoolOfficial"]}]}},"_links":{"self":[{"href":"https:\/\/homeofwool.com\/fi\/wp-json\/wp\/v2\/product\/217513","targetHints":{"allow":["GET"]}}],"collection":[{"href":"https:\/\/homeofwool.com\/fi\/wp-json\/wp\/v2\/product"}],"about":[{"href":"https:\/\/homeofwool.com\/fi\/wp-json\/wp\/v2\/types\/product"}],"version-history":[{"count":0,"href":"https:\/\/homeofwool.com\/fi\/wp-json\/wp\/v2\/product\/217513\/revisions"}],"wp:featuredmedia":[{"embeddable":true,"href":"https:\/\/homeofwool.com\/fi\/wp-json\/wp\/v2\/media\/219212"}],"wp:attachment":[{"href":"https:\/\/homeofwool.com\/fi\/wp-json\/wp\/v2\/media?parent=217513"}],"wp:term":[{"taxonomy":"product_brand","embeddable":true,"href":"https:\/\/homeofwool.com\/fi\/wp-json\/wp\/v2\/product_brand?post=217513"},{"taxonomy":"product_cat","embeddable":true,"href":"https:\/\/homeofwool.com\/fi\/wp-json\/wp\/v2\/product_cat?post=217513"},{"taxonomy":"product_tag","embeddable":true,"href":"https:\/\/homeofwool.com\/fi\/wp-json\/wp\/v2\/product_tag?post=217513"}],"curies":[{"name":"wp","href":"https:\/\/api.w.org\/{rel}","templated":true}]}}