{"id":217510,"date":"2025-09-02T12:00:51","date_gmt":"2025-09-02T12:00:51","guid":{"rendered":"https:\/\/homeofwool.com\/?post_type=product&#038;p=217510"},"modified":"2026-03-24T12:09:26","modified_gmt":"2026-03-24T12:09:26","slug":"villakangas","status":"publish","type":"product","link":"https:\/\/homeofwool.com\/fi\/shop\/wool-fabric\/","title":{"rendered":"100% Neitsytvillakangas"},"content":{"rendered":"<p>Puhtaista ja k\u00e4sittelem\u00e4tt\u00f6mist\u00e4 kuiduista valmistettu 100%-neitsytvillakangas yhdist\u00e4\u00e4 kest\u00e4vyyden ja mukavuuden. Se on kudottu tihe\u00e4ksi mutta pehme\u00e4ksi materiaaliksi, joka tuntuu iholla miellytt\u00e4v\u00e4lt\u00e4 ja on samalla eritt\u00e4in kest\u00e4v\u00e4\u00e4. T\u00e4m\u00e4 kemikaaliton villa on mahdollisimman luonnonmukainen, sill\u00e4 se ei sis\u00e4ll\u00e4 valkaisuaineita, v\u00e4riaineita tai viimeistelyaineita. Jokainen tilaus leikataan mittatilausty\u00f6n\u00e4, joten saat yhden yhten\u00e4isen kankaan, joka on r\u00e4\u00e4t\u00e4l\u00f6ity juuri sinun tarpeisiisi.<\/p>\n<p>Villa erottuu edukseen, koska se tuntuu niin mukavalta p\u00e4ivitt\u00e4isess\u00e4 k\u00e4yt\u00f6ss\u00e4. T\u00e4m\u00e4 hengitt\u00e4v\u00e4 villakangas voi ime\u00e4 jopa 30% painostaan kosteutta tuntumatta koskaan kostealta. Kangas tuntuu kosketuksessa raikkaalta eik\u00e4 koskaan nihke\u00e4lt\u00e4. Se on my\u00f6s luonnostaan joustava. Se mukautuu kehon l\u00e4mp\u00f6tilaan ja vuodenaikaan. L\u00e4mmin talvella ja hengitt\u00e4v\u00e4 kes\u00e4ll\u00e4. Aina luonnostaan vastustuskykyinen p\u00f6lypunkkeille.<\/p>\n<p>Tarvitsitpa sitten villaisen patjansuojakankaan tai luonnonvillaa tyynyihin, t\u00e4m\u00e4 kangas on t\u00e4ydellinen valinta. Se on paras ymp\u00e4rist\u00f6yst\u00e4v\u00e4llinen villakangas kodin projekteihisi.<\/p>","protected":false},"excerpt":{"rendered":"<p>T\u00e4m\u00e4 luomuvillakangas on pehme\u00e4\u00e4, tihe\u00e4\u00e4 ja t\u00e4ysin k\u00e4sittelem\u00e4t\u00f6nt\u00e4. Puhtaasta neitseellisest\u00e4 villatekstiilist\u00e4 kudottu 440 g\/m\u00b2 ja 150 cm (59\u2033) leve\u00e4 kangas tarjoaa luonnollisesti hengitt\u00e4v\u00e4n pinnan, joka pysyy miellytt\u00e4v\u00e4n\u00e4 kaikkina vuodenaikoina. T\u00e4ydellinen villa vuodevaatteisiin, tyynyprojekteihin tai r\u00e4\u00e4t\u00e4l\u00f6ityyn villapatjanp\u00e4\u00e4llyskankaaseen.<\/p>\n<div class=\"global-icon-set\">\n<div class=\"global-icon-set__items\">\n<div class=\"global-icon-set__item\">\n<div class=\"global-icon-set__image\">\n                                    <img decoding=\"async\" src=\"https:\/\/homeofwool.com\/wp-content\/uploads\/2025\/09\/VOCs-min-300x300.png\" alt=\"vocs vapaa\" \/>\n                                <\/div>\n<div class=\"global-icon-set__title\">VOC-vapaa<\/div>\n<\/p><\/div>\n<div class=\"global-icon-set__item\">\n<div class=\"global-icon-set__image\">\n                                    <img decoding=\"async\" src=\"https:\/\/homeofwool.com\/wp-content\/uploads\/2025\/09\/FR-min-300x300.png\" alt=\"palonkest\u00e4v\u00e4 kuvake\" \/>\n                                <\/div>\n<div class=\"global-icon-set__title\">Liekinkest\u00e4v\u00e4<\/div>\n<\/p><\/div>\n<div class=\"global-icon-set__item\">\n<div class=\"global-icon-set__image\">\n                                    <img decoding=\"async\" src=\"https:\/\/homeofwool.com\/wp-content\/uploads\/2025\/09\/Hypoallergenic-min-300x300.png\" alt=\"hypoallergeeninen kuvake\" \/>\n                                <\/div>\n<div class=\"global-icon-set__title\">Hypoallergeeninen<\/div>\n<\/p><\/div>\n<div class=\"global-icon-set__item\">\n<div class=\"global-icon-set__image\">\n                                    <img decoding=\"async\" src=\"https:\/\/homeofwool.com\/wp-content\/uploads\/2025\/09\/free-of-synthetics-icon-300x300.png\" alt=\"synteettisi\u00e4 aineita sis\u00e4lt\u00e4m\u00e4t\u00f6n kuvake\" \/>\n                                <\/div>\n<div class=\"global-icon-set__title\">Vapaa synteettisist\u00e4 aineista<\/div>\n<\/p><\/div>\n<div class=\"global-icon-set__item\">\n<div class=\"global-icon-set__image\">\n                                    <img decoding=\"async\" src=\"https:\/\/homeofwool.com\/wp-content\/uploads\/2025\/09\/chemical-free-icon-300x300.png\" alt=\"kemikaalivapaa kuvake\" \/>\n                                <\/div>\n<div class=\"global-icon-set__title\">Kemikaalivapaa<\/div>\n<\/p><\/div>\n<div class=\"global-icon-set__item\">\n<div class=\"global-icon-set__image\">\n                                    <img decoding=\"async\" src=\"https:\/\/homeofwool.com\/wp-content\/uploads\/2025\/09\/anti-bacterial-icon-300x300.png\" alt=\"anti bakteeri kuvake\" \/>\n                                <\/div>\n<div class=\"global-icon-set__title\">Anti-mikrobinen &amp; antibakteerinen<\/div>\n<\/p><\/div>\n<\/p><\/div>\n<\/p><\/div>","protected":false},"featured_media":219189,"template":"","meta":{"_acf_changed":false},"product_brand":[],"product_cat":[25],"product_tag":[107,108,109,110],"class_list":{"0":"post-217510","1":"product","2":"type-product","3":"status-publish","4":"has-post-thumbnail","6":"product_cat-wool-fabrics-batting","7":"product_tag-pure-wool-fabric","8":"product_tag-wool-fabric-by-the-yard","9":"product_tag-wool-fabric-for-applique","10":"product_tag-wool-upholstery-fabric","12":"first","13":"instock","14":"shipping-taxable","15":"purchasable","16":"product-type-variable"},"acf":[],"yoast_head":"<!-- This site is optimized with the Yoast SEO Premium plugin v27.3 (Yoast SEO v27.3) - https:\/\/yoast.com\/product\/yoast-seo-premium-wordpress\/ -->\n<title>Virgin Wool Fabric \u2013 Organic &amp; Breathable, Cut-to-size | Home of Wool<\/title>\n<meta name=\"description\" content=\"Made from organic virgin wool, this durable, breathable fabric is perfect for bedding, mattress covers, pillows, and more. Free of chemicals. Cut to size.\" \/>\n<meta name=\"robots\" content=\"index, follow, max-snippet:-1, max-image-preview:large, max-video-preview:-1\" \/>\n<link rel=\"canonical\" href=\"https:\/\/homeofwool.com\/fi\/shop\/villakangas\/\" \/>\n<meta property=\"og:locale\" content=\"fi_FI\" \/>\n<meta property=\"og:type\" content=\"article\" \/>\n<meta property=\"og:title\" content=\"100% Virgin Wool Fabric\" \/>\n<meta property=\"og:description\" content=\"Made from organic virgin wool, this durable, breathable fabric is perfect for bedding, mattress covers, pillows, and more. Free of chemicals. Cut to size.\" \/>\n<meta property=\"og:url\" content=\"https:\/\/homeofwool.com\/fi\/shop\/villakangas\/\" \/>\n<meta property=\"og:site_name\" content=\"Home of Wool\" \/>\n<meta property=\"article:publisher\" content=\"https:\/\/facebook.com\/HomeOfWoolOfficial\" \/>\n<meta property=\"article:modified_time\" content=\"2026-03-24T12:09:26+00:00\" \/>\n<meta property=\"og:image\" content=\"https:\/\/homeofwool.com\/wp-content\/uploads\/2025\/09\/home-of-wool-100-virgin-wool-fabric-1-main.jpg\" \/>\n\t<meta property=\"og:image:width\" content=\"2000\" \/>\n\t<meta property=\"og:image:height\" content=\"1599\" \/>\n\t<meta property=\"og:image:type\" content=\"image\/jpeg\" \/>\n<meta name=\"twitter:card\" content=\"summary_large_image\" \/>\n<meta name=\"twitter:label1\" content=\"Arvioitu lukuaika\" \/>\n\t<meta name=\"twitter:data1\" content=\"1 minuutti\" \/>\n<script type=\"application\/ld+json\" class=\"yoast-schema-graph\">{\"@context\":\"https:\\\/\\\/schema.org\",\"@graph\":[{\"@type\":\"WebPage\",\"@id\":\"https:\\\/\\\/homeofwool.com\\\/shop\\\/wool-fabric\\\/\",\"url\":\"https:\\\/\\\/homeofwool.com\\\/shop\\\/wool-fabric\\\/\",\"name\":\"Virgin Wool Fabric \u2013 Organic & Breathable, Cut-to-size | Home of Wool\",\"isPartOf\":{\"@id\":\"https:\\\/\\\/homeofwool.com\\\/#website\"},\"primaryImageOfPage\":{\"@id\":\"https:\\\/\\\/homeofwool.com\\\/shop\\\/wool-fabric\\\/#primaryimage\"},\"image\":{\"@id\":\"https:\\\/\\\/homeofwool.com\\\/shop\\\/wool-fabric\\\/#primaryimage\"},\"thumbnailUrl\":\"https:\\\/\\\/homeofwool.com\\\/wp-content\\\/uploads\\\/2025\\\/09\\\/home-of-wool-100-virgin-wool-fabric-1-main.jpg\",\"datePublished\":\"2025-09-02T12:00:51+00:00\",\"dateModified\":\"2026-03-24T12:09:26+00:00\",\"description\":\"Made from organic virgin wool, this durable, breathable fabric is perfect for bedding, mattress covers, pillows, and more. Free of chemicals. Cut to size.\",\"breadcrumb\":{\"@id\":\"https:\\\/\\\/homeofwool.com\\\/shop\\\/wool-fabric\\\/#breadcrumb\"},\"inLanguage\":\"fi\",\"potentialAction\":[{\"@type\":\"ReadAction\",\"target\":[\"https:\\\/\\\/homeofwool.com\\\/shop\\\/wool-fabric\\\/\"]}]},{\"@type\":\"ImageObject\",\"inLanguage\":\"fi\",\"@id\":\"https:\\\/\\\/homeofwool.com\\\/shop\\\/wool-fabric\\\/#primaryimage\",\"url\":\"https:\\\/\\\/homeofwool.com\\\/wp-content\\\/uploads\\\/2025\\\/09\\\/home-of-wool-100-virgin-wool-fabric-1-main.jpg\",\"contentUrl\":\"https:\\\/\\\/homeofwool.com\\\/wp-content\\\/uploads\\\/2025\\\/09\\\/home-of-wool-100-virgin-wool-fabric-1-main.jpg\",\"width\":2000,\"height\":1599,\"caption\":\"close up of 100% virgin wool fabric\"},{\"@type\":\"BreadcrumbList\",\"@id\":\"https:\\\/\\\/homeofwool.com\\\/shop\\\/wool-fabric\\\/#breadcrumb\",\"itemListElement\":[{\"@type\":\"ListItem\",\"position\":1,\"name\":\"Home\",\"item\":\"https:\\\/\\\/homeofwool.com\\\/\"},{\"@type\":\"ListItem\",\"position\":2,\"name\":\"Products\",\"item\":\"https:\\\/\\\/homeofwool.com\\\/header-search-2\\\/\"},{\"@type\":\"ListItem\",\"position\":3,\"name\":\"100% Virgin Wool Fabric\"}]},{\"@type\":\"WebSite\",\"@id\":\"https:\\\/\\\/homeofwool.com\\\/#website\",\"url\":\"https:\\\/\\\/homeofwool.com\\\/\",\"name\":\"Home of Wool\",\"description\":\"\",\"publisher\":{\"@id\":\"https:\\\/\\\/homeofwool.com\\\/#organization\"},\"potentialAction\":[{\"@type\":\"SearchAction\",\"target\":{\"@type\":\"EntryPoint\",\"urlTemplate\":\"https:\\\/\\\/homeofwool.com\\\/?s={search_term_string}\"},\"query-input\":{\"@type\":\"PropertyValueSpecification\",\"valueRequired\":true,\"valueName\":\"search_term_string\"}}],\"inLanguage\":\"fi\"},{\"@type\":\"Organization\",\"@id\":\"https:\\\/\\\/homeofwool.com\\\/#organization\",\"name\":\"Home of Wool\",\"url\":\"https:\\\/\\\/homeofwool.com\\\/\",\"logo\":{\"@type\":\"ImageObject\",\"inLanguage\":\"fi\",\"@id\":\"https:\\\/\\\/homeofwool.com\\\/#\\\/schema\\\/logo\\\/image\\\/\",\"url\":\"https:\\\/\\\/homeofwool.com\\\/wp-content\\\/uploads\\\/2025\\\/09\\\/WhatsApp-Image-2025-12-02-at-16.23.20.jpeg\",\"contentUrl\":\"https:\\\/\\\/homeofwool.com\\\/wp-content\\\/uploads\\\/2025\\\/09\\\/WhatsApp-Image-2025-12-02-at-16.23.20.jpeg\",\"width\":700,\"height\":247,\"caption\":\"Home of Wool\"},\"image\":{\"@id\":\"https:\\\/\\\/homeofwool.com\\\/#\\\/schema\\\/logo\\\/image\\\/\"},\"sameAs\":[\"https:\\\/\\\/facebook.com\\\/HomeOfWoolOfficial\"]}]}<\/script>\n<!-- \/ Yoast SEO Premium plugin. -->","yoast_head_json":{"title":"Neitsytvillakangas \u2013 orgaaninen ja hengitt\u00e4v\u00e4, leikattu mittatilausty\u00f6n\u00e4 | Home of Wool","description":"T\u00e4m\u00e4 kest\u00e4v\u00e4, hengitt\u00e4v\u00e4 kangas on valmistettu orgaanisesta neitsytvillasta ja sopii erinomaisesti vuodevaatteisiin, patjansuojuksiin, tyynyihin ja muihin tuotteisiin. Ei sis\u00e4ll\u00e4 kemikaaleja. Leikataan haluttuun kokoon.","robots":{"index":"index","follow":"follow","max-snippet":"max-snippet:-1","max-image-preview":"max-image-preview:large","max-video-preview":"max-video-preview:-1"},"canonical":"https:\/\/homeofwool.com\/fi\/shop\/villakangas\/","og_locale":"fi_FI","og_type":"article","og_title":"100% Virgin Wool Fabric","og_description":"Made from organic virgin wool, this durable, breathable fabric is perfect for bedding, mattress covers, pillows, and more. Free of chemicals. Cut to size.","og_url":"https:\/\/homeofwool.com\/fi\/shop\/villakangas\/","og_site_name":"Home of Wool","article_publisher":"https:\/\/facebook.com\/HomeOfWoolOfficial","article_modified_time":"2026-03-24T12:09:26+00:00","og_image":[{"width":2000,"height":1599,"url":"https:\/\/homeofwool.com\/wp-content\/uploads\/2025\/09\/home-of-wool-100-virgin-wool-fabric-1-main.jpg","type":"image\/jpeg"}],"twitter_card":"summary_large_image","twitter_misc":{"Arvioitu lukuaika":"1 minuutti"},"schema":{"@context":"https:\/\/schema.org","@graph":[{"@type":"WebPage","@id":"https:\/\/homeofwool.com\/shop\/wool-fabric\/","url":"https:\/\/homeofwool.com\/shop\/wool-fabric\/","name":"Neitsytvillakangas \u2013 orgaaninen ja hengitt\u00e4v\u00e4, leikattu mittatilausty\u00f6n\u00e4 | Home of Wool","isPartOf":{"@id":"https:\/\/homeofwool.com\/#website"},"primaryImageOfPage":{"@id":"https:\/\/homeofwool.com\/shop\/wool-fabric\/#primaryimage"},"image":{"@id":"https:\/\/homeofwool.com\/shop\/wool-fabric\/#primaryimage"},"thumbnailUrl":"https:\/\/homeofwool.com\/wp-content\/uploads\/2025\/09\/home-of-wool-100-virgin-wool-fabric-1-main.jpg","datePublished":"2025-09-02T12:00:51+00:00","dateModified":"2026-03-24T12:09:26+00:00","description":"T\u00e4m\u00e4 kest\u00e4v\u00e4, hengitt\u00e4v\u00e4 kangas on valmistettu orgaanisesta neitsytvillasta ja sopii erinomaisesti vuodevaatteisiin, patjansuojuksiin, tyynyihin ja muihin tuotteisiin. Ei sis\u00e4ll\u00e4 kemikaaleja. Leikataan haluttuun kokoon.","breadcrumb":{"@id":"https:\/\/homeofwool.com\/shop\/wool-fabric\/#breadcrumb"},"inLanguage":"fi","potentialAction":[{"@type":"ReadAction","target":["https:\/\/homeofwool.com\/shop\/wool-fabric\/"]}]},{"@type":"ImageObject","inLanguage":"fi","@id":"https:\/\/homeofwool.com\/shop\/wool-fabric\/#primaryimage","url":"https:\/\/homeofwool.com\/wp-content\/uploads\/2025\/09\/home-of-wool-100-virgin-wool-fabric-1-main.jpg","contentUrl":"https:\/\/homeofwool.com\/wp-content\/uploads\/2025\/09\/home-of-wool-100-virgin-wool-fabric-1-main.jpg","width":2000,"height":1599,"caption":"close up of 100% virgin wool fabric"},{"@type":"BreadcrumbList","@id":"https:\/\/homeofwool.com\/shop\/wool-fabric\/#breadcrumb","itemListElement":[{"@type":"ListItem","position":1,"name":"Home","item":"https:\/\/homeofwool.com\/"},{"@type":"ListItem","position":2,"name":"Products","item":"https:\/\/homeofwool.com\/header-search-2\/"},{"@type":"ListItem","position":3,"name":"100% Virgin Wool Fabric"}]},{"@type":"WebSite","@id":"https:\/\/homeofwool.com\/#website","url":"https:\/\/homeofwool.com\/","name":"Villan koti","description":"","publisher":{"@id":"https:\/\/homeofwool.com\/#organization"},"potentialAction":[{"@type":"SearchAction","target":{"@type":"EntryPoint","urlTemplate":"https:\/\/homeofwool.com\/?s={search_term_string}"},"query-input":{"@type":"PropertyValueSpecification","valueRequired":true,"valueName":"search_term_string"}}],"inLanguage":"fi"},{"@type":"Organization","@id":"https:\/\/homeofwool.com\/#organization","name":"Villan koti","url":"https:\/\/homeofwool.com\/","logo":{"@type":"ImageObject","inLanguage":"fi","@id":"https:\/\/homeofwool.com\/#\/schema\/logo\/image\/","url":"https:\/\/homeofwool.com\/wp-content\/uploads\/2025\/09\/WhatsApp-Image-2025-12-02-at-16.23.20.jpeg","contentUrl":"https:\/\/homeofwool.com\/wp-content\/uploads\/2025\/09\/WhatsApp-Image-2025-12-02-at-16.23.20.jpeg","width":700,"height":247,"caption":"Home of Wool"},"image":{"@id":"https:\/\/homeofwool.com\/#\/schema\/logo\/image\/"},"sameAs":["https:\/\/facebook.com\/HomeOfWoolOfficial"]}]}},"_links":{"self":[{"href":"https:\/\/homeofwool.com\/fi\/wp-json\/wp\/v2\/product\/217510","targetHints":{"allow":["GET"]}}],"collection":[{"href":"https:\/\/homeofwool.com\/fi\/wp-json\/wp\/v2\/product"}],"about":[{"href":"https:\/\/homeofwool.com\/fi\/wp-json\/wp\/v2\/types\/product"}],"version-history":[{"count":2,"href":"https:\/\/homeofwool.com\/fi\/wp-json\/wp\/v2\/product\/217510\/revisions"}],"predecessor-version":[{"id":229008,"href":"https:\/\/homeofwool.com\/fi\/wp-json\/wp\/v2\/product\/217510\/revisions\/229008"}],"wp:featuredmedia":[{"embeddable":true,"href":"https:\/\/homeofwool.com\/fi\/wp-json\/wp\/v2\/media\/219189"}],"wp:attachment":[{"href":"https:\/\/homeofwool.com\/fi\/wp-json\/wp\/v2\/media?parent=217510"}],"wp:term":[{"taxonomy":"product_brand","embeddable":true,"href":"https:\/\/homeofwool.com\/fi\/wp-json\/wp\/v2\/product_brand?post=217510"},{"taxonomy":"product_cat","embeddable":true,"href":"https:\/\/homeofwool.com\/fi\/wp-json\/wp\/v2\/product_cat?post=217510"},{"taxonomy":"product_tag","embeddable":true,"href":"https:\/\/homeofwool.com\/fi\/wp-json\/wp\/v2\/product_tag?post=217510"}],"curies":[{"name":"wp","href":"https:\/\/api.w.org\/{rel}","templated":true}]}}