{"id":217509,"date":"2025-09-02T12:00:51","date_gmt":"2025-09-02T12:00:51","guid":{"rendered":"https:\/\/homeofwool.com\/?post_type=product&#038;p=217509"},"modified":"2025-10-23T10:23:59","modified_gmt":"2025-10-23T10:23:59","slug":"harmaa-raidallinen-pellavakangas","status":"publish","type":"product","link":"https:\/\/homeofwool.com\/fi\/shop\/grey-striped-linen-fabric\/","title":{"rendered":"Harmaa raidallinen pellavakangas"},"content":{"rendered":"<p>Harmaaraitainen pellavakangas on harkittu valinta kaikille, jotka haluavat kauneutta, terveytt\u00e4 ja kest\u00e4vyytt\u00e4 kotiinsa. T\u00e4m\u00e4 OEKO-TEX-sertifioitu kangas on valmistettu puhtaista pellavakuiduista, eik\u00e4 siin\u00e4 ole pinnoitteita, viimeistelyaineita tai haitallisia kemikaaleja. Hienovaraiset harmaat raidat tuovat ajattoman yksityiskohdan, joka sopii melkein mihin tahansa sisustukseen. Ilmava ja raikas kangas on t\u00e4ydellinen kaikkina vuodenaikoina.<\/p>\n<p>T\u00e4m\u00e4 kemikaaliton pellava on paitsi turvallinen herk\u00e4lle iholle my\u00f6s hypoallergeeninen, mik\u00e4 tekee siit\u00e4 erinomaisen valinnan allergioista tai astmasta k\u00e4rsiville perheille. Pellava on riitt\u00e4v\u00e4n kest\u00e4v\u00e4\u00e4 p\u00e4ivitt\u00e4iseen k\u00e4ytt\u00f6\u00f6n. Se on riitt\u00e4v\u00e4n kest\u00e4v\u00e4\u00e4 verhoiluun. Sopii erinomaisesti my\u00f6s tyynynp\u00e4\u00e4llisiin ja verhoihin. Ajan my\u00f6t\u00e4 se pehmenee, mutta s\u00e4ilytt\u00e4\u00e4 muotonsa, joten tuotteesi pysyv\u00e4t kauniina vuosien ajan.<\/p>\n<p>Tarjoamme t\u00e4t\u00e4 mittatilausty\u00f6n\u00e4 leikattua pellavakangasta jatkuvina pituuksina, joten voit tilata juuri sen m\u00e4\u00e4r\u00e4n, jonka tarvitset projektiisi ilman hukkaa. Koska kyseess\u00e4 on v\u00e4rj\u00e4\u00e4m\u00e4t\u00f6n ja valkaisematon pellavakangas, se huokuu luonnollisen el\u00e4m\u00e4n rauhallista charmia.<\/p>\n<p><strong>KUTISTUMINEN<\/strong> (pesun j\u00e4lkeen):<br \/>\nPituussuunnassa: 5%<br \/>\nLeveys: 0%<\/p>\n<p>Pese hell\u00e4varaisella ohjelmalla miedolla pesuaineella, ilman kirkastimia. Kyseess\u00e4 on luonnollinen kangas, joten se rypistyy pesussa.<\/p>\n<p><strong>LINAN EDUT<\/strong><\/p>\n<p>Pellava kest\u00e4\u00e4 tahroja paremmin kuin mik\u00e4\u00e4n muu kangas, joten sen puhtaana pit\u00e4minen on eritt\u00e4in helppoa. Pellava on ylivoimaisesti kest\u00e4vin kankaamme, paljon kest\u00e4v\u00e4mpi ja vahvempi kuin puuvilla. Pellava on my\u00f6s eritt\u00e4in homeenkest\u00e4v\u00e4\u00e4.<\/p>\n<ul>\n<li>Pellava on 30% vahvempaa kuin puuvilla.<\/li>\n<li>Eritt\u00e4in likaa hylkiv\u00e4<\/li>\n<li>Imeytyy hyvin kosteutta<\/li>\n<li>Hypoallergeeninen<\/li>\n<li>Eritt\u00e4in hengitt\u00e4v\u00e4<\/li>\n<li>Rakenteellisesti kest\u00e4v\u00e4 kuitu, joten tuotteet s\u00e4ilytt\u00e4v\u00e4t muotonsa<\/li>\n<li>Ymp\u00e4rist\u00f6yst\u00e4v\u00e4llinen \u2013 v\u00e4hemm\u00e4n vett\u00e4 ja kemikaaleja viljelyyn<\/li>\n<\/ul>","protected":false},"excerpt":{"rendered":"<p>Tuo ajaton eleganssi kotiisi harmaalla raidallisella pellavakankaallamme. T\u00e4m\u00e4 luonnollinen pellavakangas on OEKO-TEX-sertifioitu, myrkyt\u00f6n ja kudottu kest\u00e4viksi ja pitk\u00e4ik\u00e4isiksi. Se sopii erinomaisesti verhoiluun, vuodevaatteisiin tai jokap\u00e4iv\u00e4isiin projekteihin. Se on turvallinen, ymp\u00e4rist\u00f6yst\u00e4v\u00e4llinen pellava, joka n\u00e4ytt\u00e4\u00e4 yht\u00e4 hyv\u00e4lt\u00e4 kuin tuntuu.<\/p>\n<div class=\"global-icon-set\">\n<div class=\"global-icon-set__items\">\n<div class=\"global-icon-set__item\">\n<div class=\"global-icon-set__image\">\n                                    <img decoding=\"async\" src=\"https:\/\/homeofwool.com\/wp-content\/uploads\/2025\/09\/VOCs-min-300x300.png\" alt=\"vocs vapaa\" \/>\n                                <\/div>\n<div class=\"global-icon-set__title\">VOC-vapaa<\/div>\n<\/p><\/div>\n<div class=\"global-icon-set__item\">\n<div class=\"global-icon-set__image\">\n                                    <img decoding=\"async\" src=\"https:\/\/homeofwool.com\/wp-content\/uploads\/2025\/09\/Hypoallergenic-min-300x300.png\" alt=\"hypoallergeeninen kuvake\" \/>\n                                <\/div>\n<div class=\"global-icon-set__title\">Hypoallergeeninen<\/div>\n<\/p><\/div>\n<div class=\"global-icon-set__item\">\n<div class=\"global-icon-set__image\">\n                                    <img decoding=\"async\" src=\"https:\/\/homeofwool.com\/wp-content\/uploads\/2025\/09\/free-of-synthetics-icon-300x300.png\" alt=\"synteettisi\u00e4 aineita sis\u00e4lt\u00e4m\u00e4t\u00f6n kuvake\" \/>\n                                <\/div>\n<div class=\"global-icon-set__title\">Vapaa synteettisist\u00e4 aineista<\/div>\n<\/p><\/div>\n<div class=\"global-icon-set__item\">\n<div class=\"global-icon-set__image\">\n                                    <img decoding=\"async\" src=\"https:\/\/homeofwool.com\/wp-content\/uploads\/2025\/09\/chemical-free-icon-300x300.png\" alt=\"kemikaalivapaa kuvake\" \/>\n                                <\/div>\n<div class=\"global-icon-set__title\">Kemikaalivapaa<\/div>\n<\/p><\/div>\n<\/p><\/div>\n<\/p><\/div>","protected":false},"featured_media":222995,"template":"","meta":{"_acf_changed":false},"product_brand":[],"product_cat":[25],"product_tag":[85,86,87,88,90,96,91,92,93,97,94,98,95],"class_list":{"0":"post-217509","1":"product","2":"type-product","3":"status-publish","4":"has-post-thumbnail","6":"product_cat-wool-fabrics-batting","7":"product_tag-craft-supplies","8":"product_tag-eco-friendly-textile","9":"product_tag-flax-linen-fabric","10":"product_tag-flax-linen-fabric-by-the-yard-or-meter","11":"product_tag-linen-fabric","12":"product_tag-linen-fabric-with-stripes","13":"product_tag-natural-linen","14":"product_tag-prewashed-linen","15":"product_tag-pure-flax-linen","16":"product_tag-pure-linen","17":"product_tag-sewing-supply","18":"product_tag-striped-linen-fabric","19":"product_tag-undyed-fibers","21":"first","22":"instock","23":"shipping-taxable","24":"purchasable","25":"product-type-variable"},"acf":[],"yoast_head":"<!-- This site is optimized with the Yoast SEO Premium plugin v27.3 (Yoast SEO v27.3) - https:\/\/yoast.com\/product\/yoast-seo-premium-wordpress\/ -->\n<title>100% Linen Fabric with Grey Stripes \u2013 Certified &amp; Durable | Home of Wool<\/title>\n<meta name=\"description\" content=\"OEKO-TEX linen fabric with subtle grey stripes, eco-friendly, breathable, and long-lasting. Perfect for upholstery, safe DIY projects, and timeless home d\u00e9cor.\" \/>\n<meta name=\"robots\" content=\"index, follow, max-snippet:-1, max-image-preview:large, max-video-preview:-1\" \/>\n<link rel=\"canonical\" href=\"https:\/\/homeofwool.com\/fi\/shop\/harmaa-raidallinen-pellavakangas\/\" \/>\n<meta property=\"og:locale\" content=\"fi_FI\" \/>\n<meta property=\"og:type\" content=\"article\" \/>\n<meta property=\"og:title\" content=\"Grey Striped Linen Fabric\" \/>\n<meta property=\"og:description\" content=\"OEKO-TEX linen fabric with subtle grey stripes, eco-friendly, breathable, and long-lasting. Perfect for upholstery, safe DIY projects, and timeless home d\u00e9cor.\" \/>\n<meta property=\"og:url\" content=\"https:\/\/homeofwool.com\/fi\/shop\/harmaa-raidallinen-pellavakangas\/\" \/>\n<meta property=\"og:site_name\" content=\"Home of Wool\" \/>\n<meta property=\"article:publisher\" content=\"https:\/\/facebook.com\/HomeOfWoolOfficial\" \/>\n<meta property=\"article:modified_time\" content=\"2025-10-23T10:23:59+00:00\" \/>\n<meta property=\"og:image\" content=\"https:\/\/homeofwool.com\/wp-content\/uploads\/2025\/09\/home-of-wool-grey-striped-linen-fabric-6.jpg\" \/>\n\t<meta property=\"og:image:width\" content=\"2000\" \/>\n\t<meta property=\"og:image:height\" content=\"1600\" \/>\n\t<meta property=\"og:image:type\" content=\"image\/jpeg\" \/>\n<meta name=\"twitter:card\" content=\"summary_large_image\" \/>\n<meta name=\"twitter:label1\" content=\"Arvioitu lukuaika\" \/>\n\t<meta name=\"twitter:data1\" content=\"2 minuuttia\" \/>\n<script type=\"application\/ld+json\" class=\"yoast-schema-graph\">{\"@context\":\"https:\\\/\\\/schema.org\",\"@graph\":[{\"@type\":\"WebPage\",\"@id\":\"https:\\\/\\\/homeofwool.com\\\/fi\\\/shop\\\/harmaa-raidallinen-pellavakangas\\\/\",\"url\":\"https:\\\/\\\/homeofwool.com\\\/fi\\\/shop\\\/harmaa-raidallinen-pellavakangas\\\/\",\"name\":\"100% Linen Fabric with Grey Stripes \u2013 Certified & Durable | Home of Wool\",\"isPartOf\":{\"@id\":\"https:\\\/\\\/homeofwool.com\\\/#website\"},\"primaryImageOfPage\":{\"@id\":\"https:\\\/\\\/homeofwool.com\\\/fi\\\/shop\\\/harmaa-raidallinen-pellavakangas\\\/#primaryimage\"},\"image\":{\"@id\":\"https:\\\/\\\/homeofwool.com\\\/fi\\\/shop\\\/harmaa-raidallinen-pellavakangas\\\/#primaryimage\"},\"thumbnailUrl\":\"https:\\\/\\\/homeofwool.com\\\/wp-content\\\/uploads\\\/2025\\\/09\\\/home-of-wool-grey-striped-linen-fabric-6.jpg\",\"datePublished\":\"2025-09-02T12:00:51+00:00\",\"dateModified\":\"2025-10-23T10:23:59+00:00\",\"description\":\"OEKO-TEX linen fabric with subtle grey stripes, eco-friendly, breathable, and long-lasting. Perfect for upholstery, safe DIY projects, and timeless home d\u00e9cor.\",\"breadcrumb\":{\"@id\":\"https:\\\/\\\/homeofwool.com\\\/fi\\\/shop\\\/harmaa-raidallinen-pellavakangas\\\/#breadcrumb\"},\"inLanguage\":\"fi\",\"potentialAction\":[{\"@type\":\"ReadAction\",\"target\":[\"https:\\\/\\\/homeofwool.com\\\/fi\\\/shop\\\/harmaa-raidallinen-pellavakangas\\\/\"]}]},{\"@type\":\"ImageObject\",\"inLanguage\":\"fi\",\"@id\":\"https:\\\/\\\/homeofwool.com\\\/fi\\\/shop\\\/harmaa-raidallinen-pellavakangas\\\/#primaryimage\",\"url\":\"https:\\\/\\\/homeofwool.com\\\/wp-content\\\/uploads\\\/2025\\\/09\\\/home-of-wool-grey-striped-linen-fabric-6.jpg\",\"contentUrl\":\"https:\\\/\\\/homeofwool.com\\\/wp-content\\\/uploads\\\/2025\\\/09\\\/home-of-wool-grey-striped-linen-fabric-6.jpg\",\"width\":2000,\"height\":1600,\"caption\":\"grey striped linen fabric close up showing the pattern\"},{\"@type\":\"BreadcrumbList\",\"@id\":\"https:\\\/\\\/homeofwool.com\\\/fi\\\/shop\\\/harmaa-raidallinen-pellavakangas\\\/#breadcrumb\",\"itemListElement\":[{\"@type\":\"ListItem\",\"position\":1,\"name\":\"Home\",\"item\":\"https:\\\/\\\/homeofwool.com\\\/\"},{\"@type\":\"ListItem\",\"position\":2,\"name\":\"Products\",\"item\":\"https:\\\/\\\/homeofwool.com\\\/header-search-2\\\/\"},{\"@type\":\"ListItem\",\"position\":3,\"name\":\"Grey Striped Linen Fabric\"}]},{\"@type\":\"WebSite\",\"@id\":\"https:\\\/\\\/homeofwool.com\\\/#website\",\"url\":\"https:\\\/\\\/homeofwool.com\\\/\",\"name\":\"Home of Wool\",\"description\":\"\",\"publisher\":{\"@id\":\"https:\\\/\\\/homeofwool.com\\\/#organization\"},\"potentialAction\":[{\"@type\":\"SearchAction\",\"target\":{\"@type\":\"EntryPoint\",\"urlTemplate\":\"https:\\\/\\\/homeofwool.com\\\/?s={search_term_string}\"},\"query-input\":{\"@type\":\"PropertyValueSpecification\",\"valueRequired\":true,\"valueName\":\"search_term_string\"}}],\"inLanguage\":\"fi\"},{\"@type\":\"Organization\",\"@id\":\"https:\\\/\\\/homeofwool.com\\\/#organization\",\"name\":\"Home of Wool\",\"url\":\"https:\\\/\\\/homeofwool.com\\\/\",\"logo\":{\"@type\":\"ImageObject\",\"inLanguage\":\"fi\",\"@id\":\"https:\\\/\\\/homeofwool.com\\\/#\\\/schema\\\/logo\\\/image\\\/\",\"url\":\"https:\\\/\\\/homeofwool.com\\\/wp-content\\\/uploads\\\/2025\\\/09\\\/WhatsApp-Image-2025-12-02-at-16.23.20.jpeg\",\"contentUrl\":\"https:\\\/\\\/homeofwool.com\\\/wp-content\\\/uploads\\\/2025\\\/09\\\/WhatsApp-Image-2025-12-02-at-16.23.20.jpeg\",\"width\":700,\"height\":247,\"caption\":\"Home of Wool\"},\"image\":{\"@id\":\"https:\\\/\\\/homeofwool.com\\\/#\\\/schema\\\/logo\\\/image\\\/\"},\"sameAs\":[\"https:\\\/\\\/facebook.com\\\/HomeOfWoolOfficial\"]}]}<\/script>\n<!-- \/ Yoast SEO Premium plugin. -->","yoast_head_json":{"title":"100% Liinakangas harmailla raidoilla \u2013 sertifioitu ja kest\u00e4v\u00e4 | Home of Wool","description":"OEKO-TEX-sertifioitu pellavakangas, jossa on hienovaraiset harmaat raidat. Ymp\u00e4rist\u00f6yst\u00e4v\u00e4llinen, hengitt\u00e4v\u00e4 ja kest\u00e4v\u00e4. Sopii erinomaisesti verhoiluun, turvallisiin DIY-projekteihin ja ajattomaan sisustukseen.","robots":{"index":"index","follow":"follow","max-snippet":"max-snippet:-1","max-image-preview":"max-image-preview:large","max-video-preview":"max-video-preview:-1"},"canonical":"https:\/\/homeofwool.com\/fi\/shop\/harmaa-raidallinen-pellavakangas\/","og_locale":"fi_FI","og_type":"article","og_title":"Grey Striped Linen Fabric","og_description":"OEKO-TEX linen fabric with subtle grey stripes, eco-friendly, breathable, and long-lasting. Perfect for upholstery, safe DIY projects, and timeless home d\u00e9cor.","og_url":"https:\/\/homeofwool.com\/fi\/shop\/harmaa-raidallinen-pellavakangas\/","og_site_name":"Home of Wool","article_publisher":"https:\/\/facebook.com\/HomeOfWoolOfficial","article_modified_time":"2025-10-23T10:23:59+00:00","og_image":[{"width":2000,"height":1600,"url":"https:\/\/homeofwool.com\/wp-content\/uploads\/2025\/09\/home-of-wool-grey-striped-linen-fabric-6.jpg","type":"image\/jpeg"}],"twitter_card":"summary_large_image","twitter_misc":{"Arvioitu lukuaika":"2 minuuttia"},"schema":{"@context":"https:\/\/schema.org","@graph":[{"@type":"WebPage","@id":"https:\/\/homeofwool.com\/fi\/shop\/harmaa-raidallinen-pellavakangas\/","url":"https:\/\/homeofwool.com\/fi\/shop\/harmaa-raidallinen-pellavakangas\/","name":"100% Liinakangas harmailla raidoilla \u2013 sertifioitu ja kest\u00e4v\u00e4 | Home of Wool","isPartOf":{"@id":"https:\/\/homeofwool.com\/#website"},"primaryImageOfPage":{"@id":"https:\/\/homeofwool.com\/fi\/shop\/harmaa-raidallinen-pellavakangas\/#primaryimage"},"image":{"@id":"https:\/\/homeofwool.com\/fi\/shop\/harmaa-raidallinen-pellavakangas\/#primaryimage"},"thumbnailUrl":"https:\/\/homeofwool.com\/wp-content\/uploads\/2025\/09\/home-of-wool-grey-striped-linen-fabric-6.jpg","datePublished":"2025-09-02T12:00:51+00:00","dateModified":"2025-10-23T10:23:59+00:00","description":"OEKO-TEX-sertifioitu pellavakangas, jossa on hienovaraiset harmaat raidat. Ymp\u00e4rist\u00f6yst\u00e4v\u00e4llinen, hengitt\u00e4v\u00e4 ja kest\u00e4v\u00e4. Sopii erinomaisesti verhoiluun, turvallisiin DIY-projekteihin ja ajattomaan sisustukseen.","breadcrumb":{"@id":"https:\/\/homeofwool.com\/fi\/shop\/harmaa-raidallinen-pellavakangas\/#breadcrumb"},"inLanguage":"fi","potentialAction":[{"@type":"ReadAction","target":["https:\/\/homeofwool.com\/fi\/shop\/harmaa-raidallinen-pellavakangas\/"]}]},{"@type":"ImageObject","inLanguage":"fi","@id":"https:\/\/homeofwool.com\/fi\/shop\/harmaa-raidallinen-pellavakangas\/#primaryimage","url":"https:\/\/homeofwool.com\/wp-content\/uploads\/2025\/09\/home-of-wool-grey-striped-linen-fabric-6.jpg","contentUrl":"https:\/\/homeofwool.com\/wp-content\/uploads\/2025\/09\/home-of-wool-grey-striped-linen-fabric-6.jpg","width":2000,"height":1600,"caption":"grey striped linen fabric close up showing the pattern"},{"@type":"BreadcrumbList","@id":"https:\/\/homeofwool.com\/fi\/shop\/harmaa-raidallinen-pellavakangas\/#breadcrumb","itemListElement":[{"@type":"ListItem","position":1,"name":"Home","item":"https:\/\/homeofwool.com\/"},{"@type":"ListItem","position":2,"name":"Products","item":"https:\/\/homeofwool.com\/header-search-2\/"},{"@type":"ListItem","position":3,"name":"Grey Striped Linen Fabric"}]},{"@type":"WebSite","@id":"https:\/\/homeofwool.com\/#website","url":"https:\/\/homeofwool.com\/","name":"Villan koti","description":"","publisher":{"@id":"https:\/\/homeofwool.com\/#organization"},"potentialAction":[{"@type":"SearchAction","target":{"@type":"EntryPoint","urlTemplate":"https:\/\/homeofwool.com\/?s={search_term_string}"},"query-input":{"@type":"PropertyValueSpecification","valueRequired":true,"valueName":"search_term_string"}}],"inLanguage":"fi"},{"@type":"Organization","@id":"https:\/\/homeofwool.com\/#organization","name":"Villan koti","url":"https:\/\/homeofwool.com\/","logo":{"@type":"ImageObject","inLanguage":"fi","@id":"https:\/\/homeofwool.com\/#\/schema\/logo\/image\/","url":"https:\/\/homeofwool.com\/wp-content\/uploads\/2025\/09\/WhatsApp-Image-2025-12-02-at-16.23.20.jpeg","contentUrl":"https:\/\/homeofwool.com\/wp-content\/uploads\/2025\/09\/WhatsApp-Image-2025-12-02-at-16.23.20.jpeg","width":700,"height":247,"caption":"Home of Wool"},"image":{"@id":"https:\/\/homeofwool.com\/#\/schema\/logo\/image\/"},"sameAs":["https:\/\/facebook.com\/HomeOfWoolOfficial"]}]}},"_links":{"self":[{"href":"https:\/\/homeofwool.com\/fi\/wp-json\/wp\/v2\/product\/217509","targetHints":{"allow":["GET"]}}],"collection":[{"href":"https:\/\/homeofwool.com\/fi\/wp-json\/wp\/v2\/product"}],"about":[{"href":"https:\/\/homeofwool.com\/fi\/wp-json\/wp\/v2\/types\/product"}],"version-history":[{"count":0,"href":"https:\/\/homeofwool.com\/fi\/wp-json\/wp\/v2\/product\/217509\/revisions"}],"wp:featuredmedia":[{"embeddable":true,"href":"https:\/\/homeofwool.com\/fi\/wp-json\/wp\/v2\/media\/222995"}],"wp:attachment":[{"href":"https:\/\/homeofwool.com\/fi\/wp-json\/wp\/v2\/media?parent=217509"}],"wp:term":[{"taxonomy":"product_brand","embeddable":true,"href":"https:\/\/homeofwool.com\/fi\/wp-json\/wp\/v2\/product_brand?post=217509"},{"taxonomy":"product_cat","embeddable":true,"href":"https:\/\/homeofwool.com\/fi\/wp-json\/wp\/v2\/product_cat?post=217509"},{"taxonomy":"product_tag","embeddable":true,"href":"https:\/\/homeofwool.com\/fi\/wp-json\/wp\/v2\/product_tag?post=217509"}],"curies":[{"name":"wp","href":"https:\/\/api.w.org\/{rel}","templated":true}]}}