{"id":217500,"date":"2025-09-02T12:00:50","date_gmt":"2025-09-02T12:00:50","guid":{"rendered":"https:\/\/homeofwool.com\/?post_type=product&#038;p=217500"},"modified":"2026-02-11T14:24:47","modified_gmt":"2026-02-11T14:24:47","slug":"kankaanaytteet","status":"publish","type":"product","link":"https:\/\/homeofwool.com\/fi\/shop\/fabric-samples\/","title":{"rendered":"Kangasn\u00e4ytteet"},"content":{"rendered":"<p>Kangasta on vaikea valita koskematta siihen. Siksi tarjoamme luonnonmateriaaleista valmistettuja kangasn\u00e4ytteit\u00e4, joiden koko on 10 x 10 cm, ja toimitamme ne ilmaiseksi kaikkialle maailmaan. Voit valita n\u00e4ytteet yksi kerrallaan ja valita vain ne kankaat, jotka haluat n\u00e4hd\u00e4 itse. Suunnittelitpa sitten vuodevaatteita, tyynyj\u00e4 tai mittatilausty\u00f6n\u00e4 valmistettua patjaa, orgaanisten kankaiden n\u00e4ytteiden avulla voit tutkia tekstuuria, painoa ja tuntumaa kotona ennen suuremman tilauksen tekemist\u00e4.<\/p>\n<p><strong>Saatavilla olevat orgaaniset kankaat n\u00e4ytteit\u00e4 varten:<\/strong><\/p>\n<ul>\n<li>100% Neitsytvillakangas<\/li>\n<li>100% Neitsytvillainen jersey<\/li>\n<li>100% Puuvillakangas (kevyt)<\/li>\n<li>100% Puuvillakangas (keskipainoinen)<\/li>\n<li>100% Puuvillakangas (raskas)<\/li>\n<li>100% Pellavakangas<\/li>\n<li>100% Pellavakangas, kuvioitu<\/li>\n<li>100% Pellavakangas, keskipainoinen<\/li>\n<li>Ohut harmaaraitainen pellavakangas<\/li>\n<li>Harmaa raidallinen pellavakangas<\/li>\n<li>Musta raidallinen pellavakangas<\/li>\n<li>Sininen raidallinen pellavakangas<\/li>\n<li>Punaraitainen pellavakangas<\/li>\n<li>59% pellava \/ 41% puuvillakangas<\/li>\n<li>62% pellava \/ 38% puuvillakangas<\/li>\n<li>100% Mulberry-silkkikangas<\/li>\n<li>100% Mulberry-silkkikangas (Seashell)<\/li>\n<li>100% Hamppu<\/li>\n<\/ul>\n<p>Jokainen n\u00e4yte edustaa sitoutumistamme kest\u00e4v\u00e4\u00e4n, luonnolliseen el\u00e4m\u00e4\u00e4n. N\u00e4iden tyynykankaan n\u00e4ytteiden, patjakangasn\u00e4ytteiden ja vuodevaatteiden kangasn\u00e4ytteiden avulla voit tehd\u00e4 varmoja valintoja, jotka heijastavat mukavuutta ja tyyli\u00e4si.<\/p>","protected":false},"excerpt":{"rendered":"<p>Kangasn\u00e4ytteidemme avulla voit tutustua tekstuuriin ja painoon kotona ennen ostop\u00e4\u00e4t\u00f6st\u00e4. Olipa kyseess\u00e4 sitten tyynynkankaan\u00e4ytteet, patjankankaan\u00e4ytteet tai vuodevaatteiden kankaan\u00e4ytteet, ne antavat sinulle mahdollisuuden kokeilla kangasta helposti ennen ostamista.<\/p>\n<p><strong>KOKO<\/strong>: 4\u04454\u201d (10 x 10 cm)<\/p>\n<div class=\"global-icon-set\">\n<div class=\"global-icon-set__items\">\n<div class=\"global-icon-set__item\">\n<div class=\"global-icon-set__image\">\n                                    <img decoding=\"async\" src=\"https:\/\/homeofwool.com\/wp-content\/uploads\/2025\/09\/VOCs-min-300x300.png\" alt=\"vocs vapaa\" \/>\n                                <\/div>\n<div class=\"global-icon-set__title\">VOC-vapaa<\/div>\n<\/p><\/div>\n<div class=\"global-icon-set__item\">\n<div class=\"global-icon-set__image\">\n                                    <img decoding=\"async\" src=\"https:\/\/homeofwool.com\/wp-content\/uploads\/2025\/09\/free-of-synthetics-icon-300x300.png\" alt=\"synteettisi\u00e4 aineita sis\u00e4lt\u00e4m\u00e4t\u00f6n kuvake\" \/>\n                                <\/div>\n<div class=\"global-icon-set__title\">Vapaa synteettisist\u00e4 aineista<\/div>\n<\/p><\/div>\n<div class=\"global-icon-set__item\">\n<div class=\"global-icon-set__image\">\n                                    <img decoding=\"async\" src=\"https:\/\/homeofwool.com\/wp-content\/uploads\/2025\/09\/chemical-free-icon-300x300.png\" alt=\"kemikaalivapaa kuvake\" \/>\n                                <\/div>\n<div class=\"global-icon-set__title\">Kemikaalivapaa<\/div>\n<\/p><\/div>\n<\/p><\/div>\n<\/p><\/div>","protected":false},"featured_media":224482,"template":"","meta":{"_acf_changed":false},"product_brand":[],"product_cat":[253,25],"product_tag":[26,27,28,29,1370],"class_list":{"0":"post-217500","1":"product","2":"type-product","3":"status-publish","4":"has-post-thumbnail","6":"product_cat-product-samples","7":"product_cat-wool-fabrics-batting","8":"product_tag-fabric-scraps","9":"product_tag-fabric-scraps-buy","10":"product_tag-fabric-scraps-projects","11":"product_tag-leftover-fabric-pieces","12":"product_tag-nosteps","14":"first","15":"instock","16":"shipping-taxable","17":"purchasable","18":"product-type-simple"},"acf":[],"yoast_head":"<!-- This site is optimized with the Yoast SEO Premium plugin v27.3 (Yoast SEO v27.3) - https:\/\/yoast.com\/product\/yoast-seo-premium-wordpress\/ -->\n<title>Fabric Samples \u2013 Try Before You Buy Fabric | Home of Wool<\/title>\n<meta name=\"description\" content=\"Tactile, natural, and chemical-free, the Fabric Samples let you explore texture, weight, and feel at home. Perfect for cushions, bedding, and custom mattress projects.\" \/>\n<meta name=\"robots\" content=\"index, follow, max-snippet:-1, max-image-preview:large, max-video-preview:-1\" \/>\n<link rel=\"canonical\" href=\"https:\/\/homeofwool.com\/fi\/shop\/kankaanaytteet\/\" \/>\n<meta property=\"og:locale\" content=\"fi_FI\" \/>\n<meta property=\"og:type\" content=\"article\" \/>\n<meta property=\"og:title\" content=\"Fabric Samples\" \/>\n<meta property=\"og:description\" content=\"Tactile, natural, and chemical-free, the Fabric Samples let you explore texture, weight, and feel at home. Perfect for cushions, bedding, and custom mattress projects.\" \/>\n<meta property=\"og:url\" content=\"https:\/\/homeofwool.com\/fi\/shop\/kankaanaytteet\/\" \/>\n<meta property=\"og:site_name\" content=\"Home of Wool\" \/>\n<meta property=\"article:publisher\" content=\"https:\/\/facebook.com\/HomeOfWoolOfficial\" \/>\n<meta property=\"article:modified_time\" content=\"2026-02-11T14:24:47+00:00\" \/>\n<meta property=\"og:image\" content=\"https:\/\/homeofwool.com\/wp-content\/uploads\/2025\/09\/home-of-wool-fabric-samples-main.jpg\" \/>\n\t<meta property=\"og:image:width\" content=\"1900\" \/>\n\t<meta property=\"og:image:height\" content=\"1520\" \/>\n\t<meta property=\"og:image:type\" content=\"image\/jpeg\" \/>\n<meta name=\"twitter:card\" content=\"summary_large_image\" \/>\n<meta name=\"twitter:label1\" content=\"Arvioitu lukuaika\" \/>\n\t<meta name=\"twitter:data1\" content=\"2 minuuttia\" \/>\n<script type=\"application\/ld+json\" class=\"yoast-schema-graph\">{\"@context\":\"https:\\\/\\\/schema.org\",\"@graph\":[{\"@type\":\"WebPage\",\"@id\":\"https:\\\/\\\/homeofwool.com\\\/shop\\\/fabric-samples\\\/\",\"url\":\"https:\\\/\\\/homeofwool.com\\\/shop\\\/fabric-samples\\\/\",\"name\":\"Fabric Samples \u2013 Try Before You Buy Fabric | Home of Wool\",\"isPartOf\":{\"@id\":\"https:\\\/\\\/homeofwool.com\\\/#website\"},\"primaryImageOfPage\":{\"@id\":\"https:\\\/\\\/homeofwool.com\\\/shop\\\/fabric-samples\\\/#primaryimage\"},\"image\":{\"@id\":\"https:\\\/\\\/homeofwool.com\\\/shop\\\/fabric-samples\\\/#primaryimage\"},\"thumbnailUrl\":\"https:\\\/\\\/homeofwool.com\\\/wp-content\\\/uploads\\\/2025\\\/09\\\/home-of-wool-fabric-samples-main.jpg\",\"datePublished\":\"2025-09-02T12:00:50+00:00\",\"dateModified\":\"2026-02-11T14:24:47+00:00\",\"description\":\"Tactile, natural, and chemical-free, the Fabric Samples let you explore texture, weight, and feel at home. Perfect for cushions, bedding, and custom mattress projects.\",\"breadcrumb\":{\"@id\":\"https:\\\/\\\/homeofwool.com\\\/shop\\\/fabric-samples\\\/#breadcrumb\"},\"inLanguage\":\"fi\",\"potentialAction\":[{\"@type\":\"ReadAction\",\"target\":[\"https:\\\/\\\/homeofwool.com\\\/shop\\\/fabric-samples\\\/\"]}]},{\"@type\":\"ImageObject\",\"inLanguage\":\"fi\",\"@id\":\"https:\\\/\\\/homeofwool.com\\\/shop\\\/fabric-samples\\\/#primaryimage\",\"url\":\"https:\\\/\\\/homeofwool.com\\\/wp-content\\\/uploads\\\/2025\\\/09\\\/home-of-wool-fabric-samples-main.jpg\",\"contentUrl\":\"https:\\\/\\\/homeofwool.com\\\/wp-content\\\/uploads\\\/2025\\\/09\\\/home-of-wool-fabric-samples-main.jpg\",\"width\":1900,\"height\":1520,\"caption\":\"hands holding fabric sample card\"},{\"@type\":\"BreadcrumbList\",\"@id\":\"https:\\\/\\\/homeofwool.com\\\/shop\\\/fabric-samples\\\/#breadcrumb\",\"itemListElement\":[{\"@type\":\"ListItem\",\"position\":1,\"name\":\"Home\",\"item\":\"https:\\\/\\\/homeofwool.com\\\/\"},{\"@type\":\"ListItem\",\"position\":2,\"name\":\"Products\",\"item\":\"https:\\\/\\\/homeofwool.com\\\/header-search-2\\\/\"},{\"@type\":\"ListItem\",\"position\":3,\"name\":\"Fabric Samples\"}]},{\"@type\":\"WebSite\",\"@id\":\"https:\\\/\\\/homeofwool.com\\\/#website\",\"url\":\"https:\\\/\\\/homeofwool.com\\\/\",\"name\":\"Home of Wool\",\"description\":\"\",\"publisher\":{\"@id\":\"https:\\\/\\\/homeofwool.com\\\/#organization\"},\"potentialAction\":[{\"@type\":\"SearchAction\",\"target\":{\"@type\":\"EntryPoint\",\"urlTemplate\":\"https:\\\/\\\/homeofwool.com\\\/?s={search_term_string}\"},\"query-input\":{\"@type\":\"PropertyValueSpecification\",\"valueRequired\":true,\"valueName\":\"search_term_string\"}}],\"inLanguage\":\"fi\"},{\"@type\":\"Organization\",\"@id\":\"https:\\\/\\\/homeofwool.com\\\/#organization\",\"name\":\"Home of Wool\",\"url\":\"https:\\\/\\\/homeofwool.com\\\/\",\"logo\":{\"@type\":\"ImageObject\",\"inLanguage\":\"fi\",\"@id\":\"https:\\\/\\\/homeofwool.com\\\/#\\\/schema\\\/logo\\\/image\\\/\",\"url\":\"https:\\\/\\\/homeofwool.com\\\/wp-content\\\/uploads\\\/2025\\\/09\\\/WhatsApp-Image-2025-12-02-at-16.23.20.jpeg\",\"contentUrl\":\"https:\\\/\\\/homeofwool.com\\\/wp-content\\\/uploads\\\/2025\\\/09\\\/WhatsApp-Image-2025-12-02-at-16.23.20.jpeg\",\"width\":700,\"height\":247,\"caption\":\"Home of Wool\"},\"image\":{\"@id\":\"https:\\\/\\\/homeofwool.com\\\/#\\\/schema\\\/logo\\\/image\\\/\"},\"sameAs\":[\"https:\\\/\\\/facebook.com\\\/HomeOfWoolOfficial\"]}]}<\/script>\n<!-- \/ Yoast SEO Premium plugin. -->","yoast_head_json":{"title":"Kangasn\u00e4ytteet \u2013 Kokeile ennen kuin ostat kankaan | Home of Wool","description":"Tuntuvat, luonnolliset ja kemikaalittomat kangasn\u00e4ytteet antavat sinun tutkia tekstuuria, painoa ja tuntumaa kotona. Sopivat erinomaisesti tyynyihin, vuodevaatteisiin ja mittatilausty\u00f6n\u00e4 valmistettaviin patjoihin.","robots":{"index":"index","follow":"follow","max-snippet":"max-snippet:-1","max-image-preview":"max-image-preview:large","max-video-preview":"max-video-preview:-1"},"canonical":"https:\/\/homeofwool.com\/fi\/shop\/kankaanaytteet\/","og_locale":"fi_FI","og_type":"article","og_title":"Fabric Samples","og_description":"Tactile, natural, and chemical-free, the Fabric Samples let you explore texture, weight, and feel at home. Perfect for cushions, bedding, and custom mattress projects.","og_url":"https:\/\/homeofwool.com\/fi\/shop\/kankaanaytteet\/","og_site_name":"Home of Wool","article_publisher":"https:\/\/facebook.com\/HomeOfWoolOfficial","article_modified_time":"2026-02-11T14:24:47+00:00","og_image":[{"width":1900,"height":1520,"url":"https:\/\/homeofwool.com\/wp-content\/uploads\/2025\/09\/home-of-wool-fabric-samples-main.jpg","type":"image\/jpeg"}],"twitter_card":"summary_large_image","twitter_misc":{"Arvioitu lukuaika":"2 minuuttia"},"schema":{"@context":"https:\/\/schema.org","@graph":[{"@type":"WebPage","@id":"https:\/\/homeofwool.com\/shop\/fabric-samples\/","url":"https:\/\/homeofwool.com\/shop\/fabric-samples\/","name":"Kangasn\u00e4ytteet \u2013 Kokeile ennen kuin ostat kankaan | Home of Wool","isPartOf":{"@id":"https:\/\/homeofwool.com\/#website"},"primaryImageOfPage":{"@id":"https:\/\/homeofwool.com\/shop\/fabric-samples\/#primaryimage"},"image":{"@id":"https:\/\/homeofwool.com\/shop\/fabric-samples\/#primaryimage"},"thumbnailUrl":"https:\/\/homeofwool.com\/wp-content\/uploads\/2025\/09\/home-of-wool-fabric-samples-main.jpg","datePublished":"2025-09-02T12:00:50+00:00","dateModified":"2026-02-11T14:24:47+00:00","description":"Tuntuvat, luonnolliset ja kemikaalittomat kangasn\u00e4ytteet antavat sinun tutkia tekstuuria, painoa ja tuntumaa kotona. Sopivat erinomaisesti tyynyihin, vuodevaatteisiin ja mittatilausty\u00f6n\u00e4 valmistettaviin patjoihin.","breadcrumb":{"@id":"https:\/\/homeofwool.com\/shop\/fabric-samples\/#breadcrumb"},"inLanguage":"fi","potentialAction":[{"@type":"ReadAction","target":["https:\/\/homeofwool.com\/shop\/fabric-samples\/"]}]},{"@type":"ImageObject","inLanguage":"fi","@id":"https:\/\/homeofwool.com\/shop\/fabric-samples\/#primaryimage","url":"https:\/\/homeofwool.com\/wp-content\/uploads\/2025\/09\/home-of-wool-fabric-samples-main.jpg","contentUrl":"https:\/\/homeofwool.com\/wp-content\/uploads\/2025\/09\/home-of-wool-fabric-samples-main.jpg","width":1900,"height":1520,"caption":"hands holding fabric sample card"},{"@type":"BreadcrumbList","@id":"https:\/\/homeofwool.com\/shop\/fabric-samples\/#breadcrumb","itemListElement":[{"@type":"ListItem","position":1,"name":"Home","item":"https:\/\/homeofwool.com\/"},{"@type":"ListItem","position":2,"name":"Products","item":"https:\/\/homeofwool.com\/header-search-2\/"},{"@type":"ListItem","position":3,"name":"Fabric Samples"}]},{"@type":"WebSite","@id":"https:\/\/homeofwool.com\/#website","url":"https:\/\/homeofwool.com\/","name":"Villan koti","description":"","publisher":{"@id":"https:\/\/homeofwool.com\/#organization"},"potentialAction":[{"@type":"SearchAction","target":{"@type":"EntryPoint","urlTemplate":"https:\/\/homeofwool.com\/?s={search_term_string}"},"query-input":{"@type":"PropertyValueSpecification","valueRequired":true,"valueName":"search_term_string"}}],"inLanguage":"fi"},{"@type":"Organization","@id":"https:\/\/homeofwool.com\/#organization","name":"Villan koti","url":"https:\/\/homeofwool.com\/","logo":{"@type":"ImageObject","inLanguage":"fi","@id":"https:\/\/homeofwool.com\/#\/schema\/logo\/image\/","url":"https:\/\/homeofwool.com\/wp-content\/uploads\/2025\/09\/WhatsApp-Image-2025-12-02-at-16.23.20.jpeg","contentUrl":"https:\/\/homeofwool.com\/wp-content\/uploads\/2025\/09\/WhatsApp-Image-2025-12-02-at-16.23.20.jpeg","width":700,"height":247,"caption":"Home of Wool"},"image":{"@id":"https:\/\/homeofwool.com\/#\/schema\/logo\/image\/"},"sameAs":["https:\/\/facebook.com\/HomeOfWoolOfficial"]}]}},"_links":{"self":[{"href":"https:\/\/homeofwool.com\/fi\/wp-json\/wp\/v2\/product\/217500","targetHints":{"allow":["GET"]}}],"collection":[{"href":"https:\/\/homeofwool.com\/fi\/wp-json\/wp\/v2\/product"}],"about":[{"href":"https:\/\/homeofwool.com\/fi\/wp-json\/wp\/v2\/types\/product"}],"version-history":[{"count":1,"href":"https:\/\/homeofwool.com\/fi\/wp-json\/wp\/v2\/product\/217500\/revisions"}],"predecessor-version":[{"id":227509,"href":"https:\/\/homeofwool.com\/fi\/wp-json\/wp\/v2\/product\/217500\/revisions\/227509"}],"wp:featuredmedia":[{"embeddable":true,"href":"https:\/\/homeofwool.com\/fi\/wp-json\/wp\/v2\/media\/224482"}],"wp:attachment":[{"href":"https:\/\/homeofwool.com\/fi\/wp-json\/wp\/v2\/media?parent=217500"}],"wp:term":[{"taxonomy":"product_brand","embeddable":true,"href":"https:\/\/homeofwool.com\/fi\/wp-json\/wp\/v2\/product_brand?post=217500"},{"taxonomy":"product_cat","embeddable":true,"href":"https:\/\/homeofwool.com\/fi\/wp-json\/wp\/v2\/product_cat?post=217500"},{"taxonomy":"product_tag","embeddable":true,"href":"https:\/\/homeofwool.com\/fi\/wp-json\/wp\/v2\/product_tag?post=217500"}],"curies":[{"name":"wp","href":"https:\/\/api.w.org\/{rel}","templated":true}]}}