{"id":217497,"date":"2025-09-02T12:00:50","date_gmt":"2025-09-02T12:00:50","guid":{"rendered":"https:\/\/homeofwool.com\/?post_type=product&#038;p=217497"},"modified":"2026-02-17T10:35:22","modified_gmt":"2026-02-17T10:35:22","slug":"paksu-merinovillapeite","status":"publish","type":"product","link":"https:\/\/homeofwool.com\/fi\/shop\/heavy-merino-wool-blanket\/","title":{"rendered":"Raskas merinovillahuopa"},"content":{"rendered":"<p>Useimmat ihmiset ovat yll\u00e4ttyneit\u00e4, kun he koskettavat merinovillaa ensimm\u00e4ist\u00e4 kertaa. Se on pehme\u00e4mp\u00e4\u00e4 kuin he odottivat. Se on merinovillan taika. Kuidut ovat hienompia, joten t\u00e4m\u00e4 pehme\u00e4 merinovillapeite tuntuu miellytt\u00e4v\u00e4lt\u00e4 jopa paljaalla iholla.<\/p>\n<p>Kutsumme sit\u00e4 \u201craskaaksi\u201d, koska se on painava parhaalla mahdollisella tavalla. Se ei ole tilaa viev\u00e4, vaan vakaa. Kun kietoudut siihen, tunnet sen rauhallisen vetovoiman. Se on l\u00e4mmin, mutta silti hengitt\u00e4v\u00e4 villahuopa, joten et koskaan tunne olevasi sen alla loukussa.<\/p>\n<p>T\u00e4m\u00e4 on puhdasta villaa oleva peitto, johon ei ole lis\u00e4tty mit\u00e4\u00e4n. Ei v\u00e4riaineita. Ei pinnoitteita. Todella kemikaaliton peitto, joka sopii erinomaisesti herkille ihmisille. Monet k\u00e4ytt\u00e4v\u00e4t sit\u00e4 MCS-yst\u00e4v\u00e4llisen\u00e4 peittona tai kemikaaliherkkyyspeittona, koska se on turvallinen, luonnollinen ja puhdas.<\/p>\n<p>Se on my\u00f6s hypoallergeeninen peitto. Villa vastustaa luonnostaan p\u00f6lypunkkeja ja hometta, joten se pit\u00e4\u00e4 tilasi raikkaana ilman mit\u00e4\u00e4n k\u00e4sittelyj\u00e4. Ja ajan my\u00f6t\u00e4... se pehmenee entisest\u00e4\u00e4n. Se on sellainen mukava peitto, joka tuntuu juuri oikealta. Hiljaisesti valmistettu, ymp\u00e4rist\u00f6yst\u00e4v\u00e4llinen ja ajaton. Ylellinen villapeitto, joka tuntuu sellaiselta, jonka haluat s\u00e4ilytt\u00e4\u00e4 ikuisesti.<\/p>\n<p><strong>KOKO:\u00a0<\/strong>195 \u00d7 210 cm<br \/>\n<strong>PAINO:<\/strong>\u00a07,5 lbs \/ 3,4 kg<\/p>","protected":false},"excerpt":{"rendered":"<p>Heavy Merino Wool -peitto tuntuu rauhalliselta ja vakaalta. Se on valmistettu puhtaasta merinovillasta, joka on pehme\u00e4mp\u00e4\u00e4 kuin tavallinen villa ja tarjoaa ihmisten aina etsim\u00e4\u00e4 hiljaista l\u00e4mp\u00f6\u00e4. Luonnonkuituinen peitto on yksinkertainen, hengitt\u00e4v\u00e4 ja kest\u00e4v\u00e4.<\/p>\n<p>&nbsp;<\/p>\n<div class=\"global-icon-set\">\n<div class=\"global-icon-set__items\">\n<div class=\"global-icon-set__item\">\n<div class=\"global-icon-set__image\">\n                                    <img decoding=\"async\" src=\"https:\/\/homeofwool.com\/wp-content\/uploads\/2025\/09\/VOCs-min-300x300.png\" alt=\"vocs vapaa\" \/>\n                                <\/div>\n<div class=\"global-icon-set__title\">VOC-vapaa<\/div>\n<\/p><\/div>\n<div class=\"global-icon-set__item\">\n<div class=\"global-icon-set__image\">\n                                    <img decoding=\"async\" src=\"https:\/\/homeofwool.com\/wp-content\/uploads\/2025\/09\/FR-min-300x300.png\" alt=\"palonkest\u00e4v\u00e4 kuvake\" \/>\n                                <\/div>\n<div class=\"global-icon-set__title\">Liekinkest\u00e4v\u00e4<\/div>\n<\/p><\/div>\n<div class=\"global-icon-set__item\">\n<div class=\"global-icon-set__image\">\n                                    <img decoding=\"async\" src=\"https:\/\/homeofwool.com\/wp-content\/uploads\/2025\/09\/Hypoallergenic-min-300x300.png\" alt=\"hypoallergeeninen kuvake\" \/>\n                                <\/div>\n<div class=\"global-icon-set__title\">Hypoallergeeninen<\/div>\n<\/p><\/div>\n<div class=\"global-icon-set__item\">\n<div class=\"global-icon-set__image\">\n                                    <img decoding=\"async\" src=\"https:\/\/homeofwool.com\/wp-content\/uploads\/2025\/09\/free-of-synthetics-icon-300x300.png\" alt=\"synteettisi\u00e4 aineita sis\u00e4lt\u00e4m\u00e4t\u00f6n kuvake\" \/>\n                                <\/div>\n<div class=\"global-icon-set__title\">Vapaa synteettisist\u00e4 aineista<\/div>\n<\/p><\/div>\n<div class=\"global-icon-set__item\">\n<div class=\"global-icon-set__image\">\n                                    <img decoding=\"async\" src=\"https:\/\/homeofwool.com\/wp-content\/uploads\/2025\/09\/chemical-free-icon-300x300.png\" alt=\"kemikaalivapaa kuvake\" \/>\n                                <\/div>\n<div class=\"global-icon-set__title\">Kemikaalivapaa<\/div>\n<\/p><\/div>\n<div class=\"global-icon-set__item\">\n<div class=\"global-icon-set__image\">\n                                    <img decoding=\"async\" src=\"https:\/\/homeofwool.com\/wp-content\/uploads\/2025\/09\/anti-bacterial-icon-300x300.png\" alt=\"anti bakteeri kuvake\" \/>\n                                <\/div>\n<div class=\"global-icon-set__title\">Anti-mikrobinen &amp; antibakteerinen<\/div>\n<\/p><\/div>\n<div class=\"global-icon-set__item\">\n<div class=\"global-icon-set__image\">\n                                    <img decoding=\"async\" src=\"https:\/\/homeofwool.com\/wp-content\/uploads\/2025\/09\/certified-materials-icon-300x300.png\" alt=\"sertifioitujen materiaalien kuvake\" \/>\n                                <\/div>\n<div class=\"global-icon-set__title\">100% Puhtaat sertifioidut materiaalit<\/div>\n<\/p><\/div>\n<\/p><\/div>\n<\/p><\/div>","protected":false},"featured_media":221183,"template":"","meta":{"_acf_changed":false},"product_brand":[],"product_cat":[60],"product_tag":[61,62,63,64,65,66,67,68,69,70,71],"class_list":{"0":"post-217497","1":"product","2":"type-product","3":"status-publish","4":"has-post-thumbnail","6":"product_cat-blankets-duvets","7":"product_tag-all-natural-wool-blankets","8":"product_tag-chemical-free-wool-blanket","9":"product_tag-handmade-blanket","10":"product_tag-heavyweight-wool-blanket","11":"product_tag-large-wool-blanket","12":"product_tag-organic-wool-blanket","13":"product_tag-pure-wool-blanket","14":"product_tag-throws-for-beds","15":"product_tag-travel-blanket","16":"product_tag-washable-wool-blanket","17":"product_tag-wool-blanket-camping","19":"first","20":"instock","21":"shipping-taxable","22":"purchasable","23":"product-type-variable"},"acf":[],"yoast_head":"<!-- This site is optimized with the Yoast SEO Premium plugin v27.3 (Yoast SEO v27.3) - https:\/\/yoast.com\/product\/yoast-seo-premium-wordpress\/ -->\n<title>Heavy Merino Wool Blanket \u2013 Pure, All-Natural Comfort | Home of Wool<\/title>\n<meta name=\"description\" content=\"Pure and breathable, the Heavy Merino Wool Blanket offers hypoallergenic warmth. Toxin-free and sustainable, it ensures all-natural comfort for restful sleep and everyday use.\" \/>\n<meta name=\"robots\" content=\"index, follow, max-snippet:-1, max-image-preview:large, max-video-preview:-1\" \/>\n<link rel=\"canonical\" href=\"https:\/\/homeofwool.com\/fi\/shop\/paksu-merinovillapeite\/\" \/>\n<meta property=\"og:locale\" content=\"fi_FI\" \/>\n<meta property=\"og:type\" content=\"article\" \/>\n<meta property=\"og:title\" content=\"Heavy Merino Wool Blanket\" \/>\n<meta property=\"og:description\" content=\"Pure and breathable, the Heavy Merino Wool Blanket offers hypoallergenic warmth. Toxin-free and sustainable, it ensures all-natural comfort for restful sleep and everyday use.\" \/>\n<meta property=\"og:url\" content=\"https:\/\/homeofwool.com\/fi\/shop\/paksu-merinovillapeite\/\" \/>\n<meta property=\"og:site_name\" content=\"Home of Wool\" \/>\n<meta property=\"article:publisher\" content=\"https:\/\/facebook.com\/HomeOfWoolOfficial\" \/>\n<meta property=\"article:modified_time\" content=\"2026-02-17T10:35:22+00:00\" \/>\n<meta property=\"og:image\" content=\"https:\/\/homeofwool.com\/wp-content\/uploads\/2025\/09\/home-of-wool-heavy-merino-wool-blanket-1-main.jpg\" \/>\n\t<meta property=\"og:image:width\" content=\"1900\" \/>\n\t<meta property=\"og:image:height\" content=\"1520\" \/>\n\t<meta property=\"og:image:type\" content=\"image\/jpeg\" \/>\n<meta name=\"twitter:card\" content=\"summary_large_image\" \/>\n<meta name=\"twitter:label1\" content=\"Arvioitu lukuaika\" \/>\n\t<meta name=\"twitter:data1\" content=\"2 minuuttia\" \/>\n<script type=\"application\/ld+json\" class=\"yoast-schema-graph\">{\"@context\":\"https:\\\/\\\/schema.org\",\"@graph\":[{\"@type\":\"WebPage\",\"@id\":\"https:\\\/\\\/homeofwool.com\\\/shop\\\/heavy-merino-wool-blanket\\\/\",\"url\":\"https:\\\/\\\/homeofwool.com\\\/shop\\\/heavy-merino-wool-blanket\\\/\",\"name\":\"Heavy Merino Wool Blanket \u2013 Pure, All-Natural Comfort | Home of Wool\",\"isPartOf\":{\"@id\":\"https:\\\/\\\/homeofwool.com\\\/#website\"},\"primaryImageOfPage\":{\"@id\":\"https:\\\/\\\/homeofwool.com\\\/shop\\\/heavy-merino-wool-blanket\\\/#primaryimage\"},\"image\":{\"@id\":\"https:\\\/\\\/homeofwool.com\\\/shop\\\/heavy-merino-wool-blanket\\\/#primaryimage\"},\"thumbnailUrl\":\"https:\\\/\\\/homeofwool.com\\\/wp-content\\\/uploads\\\/2025\\\/09\\\/home-of-wool-heavy-merino-wool-blanket-1-main.jpg\",\"datePublished\":\"2025-09-02T12:00:50+00:00\",\"dateModified\":\"2026-02-17T10:35:22+00:00\",\"description\":\"Pure and breathable, the Heavy Merino Wool Blanket offers hypoallergenic warmth. Toxin-free and sustainable, it ensures all-natural comfort for restful sleep and everyday use.\",\"breadcrumb\":{\"@id\":\"https:\\\/\\\/homeofwool.com\\\/shop\\\/heavy-merino-wool-blanket\\\/#breadcrumb\"},\"inLanguage\":\"fi\",\"potentialAction\":[{\"@type\":\"ReadAction\",\"target\":[\"https:\\\/\\\/homeofwool.com\\\/shop\\\/heavy-merino-wool-blanket\\\/\"]}]},{\"@type\":\"ImageObject\",\"inLanguage\":\"fi\",\"@id\":\"https:\\\/\\\/homeofwool.com\\\/shop\\\/heavy-merino-wool-blanket\\\/#primaryimage\",\"url\":\"https:\\\/\\\/homeofwool.com\\\/wp-content\\\/uploads\\\/2025\\\/09\\\/home-of-wool-heavy-merino-wool-blanket-1-main.jpg\",\"contentUrl\":\"https:\\\/\\\/homeofwool.com\\\/wp-content\\\/uploads\\\/2025\\\/09\\\/home-of-wool-heavy-merino-wool-blanket-1-main.jpg\",\"width\":1900,\"height\":1520,\"caption\":\"heavy merino wool blanket corner showing finges\"},{\"@type\":\"BreadcrumbList\",\"@id\":\"https:\\\/\\\/homeofwool.com\\\/shop\\\/heavy-merino-wool-blanket\\\/#breadcrumb\",\"itemListElement\":[{\"@type\":\"ListItem\",\"position\":1,\"name\":\"Home\",\"item\":\"https:\\\/\\\/homeofwool.com\\\/\"},{\"@type\":\"ListItem\",\"position\":2,\"name\":\"Products\",\"item\":\"https:\\\/\\\/homeofwool.com\\\/header-search-2\\\/\"},{\"@type\":\"ListItem\",\"position\":3,\"name\":\"Heavy Merino Wool Blanket\"}]},{\"@type\":\"WebSite\",\"@id\":\"https:\\\/\\\/homeofwool.com\\\/#website\",\"url\":\"https:\\\/\\\/homeofwool.com\\\/\",\"name\":\"Home of Wool\",\"description\":\"\",\"publisher\":{\"@id\":\"https:\\\/\\\/homeofwool.com\\\/#organization\"},\"potentialAction\":[{\"@type\":\"SearchAction\",\"target\":{\"@type\":\"EntryPoint\",\"urlTemplate\":\"https:\\\/\\\/homeofwool.com\\\/?s={search_term_string}\"},\"query-input\":{\"@type\":\"PropertyValueSpecification\",\"valueRequired\":true,\"valueName\":\"search_term_string\"}}],\"inLanguage\":\"fi\"},{\"@type\":\"Organization\",\"@id\":\"https:\\\/\\\/homeofwool.com\\\/#organization\",\"name\":\"Home of Wool\",\"url\":\"https:\\\/\\\/homeofwool.com\\\/\",\"logo\":{\"@type\":\"ImageObject\",\"inLanguage\":\"fi\",\"@id\":\"https:\\\/\\\/homeofwool.com\\\/#\\\/schema\\\/logo\\\/image\\\/\",\"url\":\"https:\\\/\\\/homeofwool.com\\\/wp-content\\\/uploads\\\/2025\\\/09\\\/WhatsApp-Image-2025-12-02-at-16.23.20.jpeg\",\"contentUrl\":\"https:\\\/\\\/homeofwool.com\\\/wp-content\\\/uploads\\\/2025\\\/09\\\/WhatsApp-Image-2025-12-02-at-16.23.20.jpeg\",\"width\":700,\"height\":247,\"caption\":\"Home of Wool\"},\"image\":{\"@id\":\"https:\\\/\\\/homeofwool.com\\\/#\\\/schema\\\/logo\\\/image\\\/\"},\"sameAs\":[\"https:\\\/\\\/facebook.com\\\/HomeOfWoolOfficial\"]}]}<\/script>\n<!-- \/ Yoast SEO Premium plugin. -->","yoast_head_json":{"title":"Raskas merinovillahuopa \u2013 puhdasta, luonnollista mukavuutta | Home of Wool","description":"Puhdas ja hengitt\u00e4v\u00e4 Heavy Merino Wool Blanket -peitto tarjoaa hypoallergeenista l\u00e4mp\u00f6\u00e4. Se on myrkyt\u00f6n ja kest\u00e4v\u00e4 ja takaa luonnollisen mukavuuden rauhalliseen uneen ja jokap\u00e4iv\u00e4iseen k\u00e4ytt\u00f6\u00f6n.","robots":{"index":"index","follow":"follow","max-snippet":"max-snippet:-1","max-image-preview":"max-image-preview:large","max-video-preview":"max-video-preview:-1"},"canonical":"https:\/\/homeofwool.com\/fi\/shop\/paksu-merinovillapeite\/","og_locale":"fi_FI","og_type":"article","og_title":"Heavy Merino Wool Blanket","og_description":"Pure and breathable, the Heavy Merino Wool Blanket offers hypoallergenic warmth. Toxin-free and sustainable, it ensures all-natural comfort for restful sleep and everyday use.","og_url":"https:\/\/homeofwool.com\/fi\/shop\/paksu-merinovillapeite\/","og_site_name":"Home of Wool","article_publisher":"https:\/\/facebook.com\/HomeOfWoolOfficial","article_modified_time":"2026-02-17T10:35:22+00:00","og_image":[{"width":1900,"height":1520,"url":"https:\/\/homeofwool.com\/wp-content\/uploads\/2025\/09\/home-of-wool-heavy-merino-wool-blanket-1-main.jpg","type":"image\/jpeg"}],"twitter_card":"summary_large_image","twitter_misc":{"Arvioitu lukuaika":"2 minuuttia"},"schema":{"@context":"https:\/\/schema.org","@graph":[{"@type":"WebPage","@id":"https:\/\/homeofwool.com\/shop\/heavy-merino-wool-blanket\/","url":"https:\/\/homeofwool.com\/shop\/heavy-merino-wool-blanket\/","name":"Raskas merinovillahuopa \u2013 puhdasta, luonnollista mukavuutta | Home of Wool","isPartOf":{"@id":"https:\/\/homeofwool.com\/#website"},"primaryImageOfPage":{"@id":"https:\/\/homeofwool.com\/shop\/heavy-merino-wool-blanket\/#primaryimage"},"image":{"@id":"https:\/\/homeofwool.com\/shop\/heavy-merino-wool-blanket\/#primaryimage"},"thumbnailUrl":"https:\/\/homeofwool.com\/wp-content\/uploads\/2025\/09\/home-of-wool-heavy-merino-wool-blanket-1-main.jpg","datePublished":"2025-09-02T12:00:50+00:00","dateModified":"2026-02-17T10:35:22+00:00","description":"Puhdas ja hengitt\u00e4v\u00e4 Heavy Merino Wool Blanket -peitto tarjoaa hypoallergeenista l\u00e4mp\u00f6\u00e4. Se on myrkyt\u00f6n ja kest\u00e4v\u00e4 ja takaa luonnollisen mukavuuden rauhalliseen uneen ja jokap\u00e4iv\u00e4iseen k\u00e4ytt\u00f6\u00f6n.","breadcrumb":{"@id":"https:\/\/homeofwool.com\/shop\/heavy-merino-wool-blanket\/#breadcrumb"},"inLanguage":"fi","potentialAction":[{"@type":"ReadAction","target":["https:\/\/homeofwool.com\/shop\/heavy-merino-wool-blanket\/"]}]},{"@type":"ImageObject","inLanguage":"fi","@id":"https:\/\/homeofwool.com\/shop\/heavy-merino-wool-blanket\/#primaryimage","url":"https:\/\/homeofwool.com\/wp-content\/uploads\/2025\/09\/home-of-wool-heavy-merino-wool-blanket-1-main.jpg","contentUrl":"https:\/\/homeofwool.com\/wp-content\/uploads\/2025\/09\/home-of-wool-heavy-merino-wool-blanket-1-main.jpg","width":1900,"height":1520,"caption":"heavy merino wool blanket corner showing finges"},{"@type":"BreadcrumbList","@id":"https:\/\/homeofwool.com\/shop\/heavy-merino-wool-blanket\/#breadcrumb","itemListElement":[{"@type":"ListItem","position":1,"name":"Home","item":"https:\/\/homeofwool.com\/"},{"@type":"ListItem","position":2,"name":"Products","item":"https:\/\/homeofwool.com\/header-search-2\/"},{"@type":"ListItem","position":3,"name":"Heavy Merino Wool Blanket"}]},{"@type":"WebSite","@id":"https:\/\/homeofwool.com\/#website","url":"https:\/\/homeofwool.com\/","name":"Villan koti","description":"","publisher":{"@id":"https:\/\/homeofwool.com\/#organization"},"potentialAction":[{"@type":"SearchAction","target":{"@type":"EntryPoint","urlTemplate":"https:\/\/homeofwool.com\/?s={search_term_string}"},"query-input":{"@type":"PropertyValueSpecification","valueRequired":true,"valueName":"search_term_string"}}],"inLanguage":"fi"},{"@type":"Organization","@id":"https:\/\/homeofwool.com\/#organization","name":"Villan koti","url":"https:\/\/homeofwool.com\/","logo":{"@type":"ImageObject","inLanguage":"fi","@id":"https:\/\/homeofwool.com\/#\/schema\/logo\/image\/","url":"https:\/\/homeofwool.com\/wp-content\/uploads\/2025\/09\/WhatsApp-Image-2025-12-02-at-16.23.20.jpeg","contentUrl":"https:\/\/homeofwool.com\/wp-content\/uploads\/2025\/09\/WhatsApp-Image-2025-12-02-at-16.23.20.jpeg","width":700,"height":247,"caption":"Home of Wool"},"image":{"@id":"https:\/\/homeofwool.com\/#\/schema\/logo\/image\/"},"sameAs":["https:\/\/facebook.com\/HomeOfWoolOfficial"]}]}},"_links":{"self":[{"href":"https:\/\/homeofwool.com\/fi\/wp-json\/wp\/v2\/product\/217497","targetHints":{"allow":["GET"]}}],"collection":[{"href":"https:\/\/homeofwool.com\/fi\/wp-json\/wp\/v2\/product"}],"about":[{"href":"https:\/\/homeofwool.com\/fi\/wp-json\/wp\/v2\/types\/product"}],"version-history":[{"count":2,"href":"https:\/\/homeofwool.com\/fi\/wp-json\/wp\/v2\/product\/217497\/revisions"}],"predecessor-version":[{"id":227675,"href":"https:\/\/homeofwool.com\/fi\/wp-json\/wp\/v2\/product\/217497\/revisions\/227675"}],"wp:featuredmedia":[{"embeddable":true,"href":"https:\/\/homeofwool.com\/fi\/wp-json\/wp\/v2\/media\/221183"}],"wp:attachment":[{"href":"https:\/\/homeofwool.com\/fi\/wp-json\/wp\/v2\/media?parent=217497"}],"wp:term":[{"taxonomy":"product_brand","embeddable":true,"href":"https:\/\/homeofwool.com\/fi\/wp-json\/wp\/v2\/product_brand?post=217497"},{"taxonomy":"product_cat","embeddable":true,"href":"https:\/\/homeofwool.com\/fi\/wp-json\/wp\/v2\/product_cat?post=217497"},{"taxonomy":"product_tag","embeddable":true,"href":"https:\/\/homeofwool.com\/fi\/wp-json\/wp\/v2\/product_tag?post=217497"}],"curies":[{"name":"wp","href":"https:\/\/api.w.org\/{rel}","templated":true}]}}