{"id":220097,"date":"2025-09-27T08:35:46","date_gmt":"2025-09-27T08:35:46","guid":{"rendered":"https:\/\/homeofwool.com\/our-story\/"},"modified":"2025-11-28T10:04:38","modified_gmt":"2025-11-28T10:04:38","slug":"tarinamme","status":"publish","type":"page","link":"https:\/\/homeofwool.com\/fi\/our-story\/","title":{"rendered":"Tarinamme"},"content":{"rendered":"<div data-elementor-type=\"wp-page\" data-elementor-id=\"220097\" class=\"elementor elementor-220097\" data-elementor-post-type=\"page\">\n\t\t\t\t<div class=\"elementor-element elementor-element-0b34401 page_content e-flex e-con-boxed e-con e-parent\" data-id=\"0b34401\" data-element_type=\"container\" data-e-type=\"container\">\n\t\t\t\t\t<div class=\"e-con-inner\">\n\t\t<div class=\"elementor-element elementor-element-fd693c9 e-con-full e-flex e-con e-child\" data-id=\"fd693c9\" data-element_type=\"container\" data-e-type=\"container\">\n\t\t\t\t<div class=\"elementor-element elementor-element-64e5488 elementor-widget elementor-widget-heading\" data-id=\"64e5488\" data-element_type=\"widget\" data-e-type=\"widget\" data-widget_type=\"heading.default\">\n\t\t\t\t\t<h1 class=\"elementor-heading-title elementor-size-default\">Tarinamme<\/h1>\t\t\t\t<\/div>\n\t\t\t\t<\/div>\n\t\t<div class=\"elementor-element elementor-element-b47d812 e-con-full e-flex e-con e-child\" data-id=\"b47d812\" data-element_type=\"container\" data-e-type=\"container\">\n\t\t<div class=\"elementor-element elementor-element-5e22efa e-con-full e-flex e-con e-child\" data-id=\"5e22efa\" data-element_type=\"container\" data-e-type=\"container\">\n\t\t\t\t<div class=\"elementor-element elementor-element-cde7605 elementor-widget elementor-widget-text-editor\" data-id=\"cde7605\" data-element_type=\"widget\" data-e-type=\"widget\" data-widget_type=\"text-editor.default\">\n\t\t\t\t\t\t\t\t\t<p>Merkitt\u00e4v\u00e4 el\u00e4m\u00e4ntapahtuma sai minut perustamaan Home of Wool:n. Vuosia sitten kumppanini ja min\u00e4 olimme innoissamme toivottaessamme tervetulleeksi kotiin poikavauvamme. Huomasimme, ett\u00e4 h\u00e4nell\u00e4 oli hengitysvaikeuksia. Halusin tarjota lapselleni terveellisen ja turvallisen ymp\u00e4rist\u00f6n, ja olin valmis ryhtym\u00e4\u00e4n kaikkiin toimenpiteisiin sen varmistamiseksi. Vein poikani useille asiantuntijoille ja tein omia tutkimuksia. Siirtyminen luomuruokiin ja t\u00e4ysin luonnollisiin l\u00e4\u00e4kkeisiin ei auttanut. Tutkimukseni kotiymp\u00e4rist\u00f6n vaaroista sai minut ja kumppanini ostamaan uuden kodin ja hy\u00f6dynt\u00e4m\u00e4\u00e4n 100% luonnonmateriaaleja ja valmistamaan kaikki huonekalut k\u00e4sity\u00f6n\u00e4. Se poisti haitalliset kemikaalit ja homeen, jotka ovat yleisi\u00e4 useimmissa kodin kalusteissa. Poikani allergiat katosivat. Voin vihdoin lev\u00e4t\u00e4 tiet\u00e4en, ett\u00e4 h\u00e4n oli turvassa. Allergiaongelmamme paljastivat tarpeen, jonka huonekalu- ja patjateollisuus oli laiminly\u00f6nyt. Kumppanini ja min\u00e4 perustimme luonnollisen lampaanvillan, pellavapellavan, luonnollisen silkin ja valkaisemattoman puuvillan avulla malliston, jonka tunnet nyky\u00e4\u00e4n nimell\u00e4 Home of Wool.<\/p>\t\t\t\t\t\t\t\t<\/div>\n\t\t\t\t<\/div>\n\t\t<div class=\"elementor-element elementor-element-52ebfe5 e-con-full e-flex e-con e-child\" data-id=\"52ebfe5\" data-element_type=\"container\" data-e-type=\"container\">\n\t\t\t\t<div class=\"elementor-element elementor-element-308283b elementor-widget elementor-widget-image\" data-id=\"308283b\" data-element_type=\"widget\" data-e-type=\"widget\" data-widget_type=\"image.default\">\n\t\t\t\t\t\t\t\t\t\t\t\t\t\t\t<img fetchpriority=\"high\" decoding=\"async\" width=\"1024\" height=\"690\" src=\"https:\/\/homeofwool.com\/wp-content\/uploads\/2025\/09\/Home-of-Wool-Rosica-and-Jarin-1024x690-1.jpg\" class=\"attachment-full size-full wp-image-220098\" alt=\"\" srcset=\"https:\/\/homeofwool.com\/wp-content\/uploads\/2025\/09\/Home-of-Wool-Rosica-and-Jarin-1024x690-1.jpg 1024w, https:\/\/homeofwool.com\/wp-content\/uploads\/2025\/09\/Home-of-Wool-Rosica-and-Jarin-1024x690-1-400x270.jpg 400w, https:\/\/homeofwool.com\/wp-content\/uploads\/2025\/09\/Home-of-Wool-Rosica-and-Jarin-1024x690-1-150x101.jpg 150w, https:\/\/homeofwool.com\/wp-content\/uploads\/2025\/09\/Home-of-Wool-Rosica-and-Jarin-1024x690-1-300x202.jpg 300w, https:\/\/homeofwool.com\/wp-content\/uploads\/2025\/09\/Home-of-Wool-Rosica-and-Jarin-1024x690-1-768x518.jpg 768w, https:\/\/homeofwool.com\/wp-content\/uploads\/2025\/09\/Home-of-Wool-Rosica-and-Jarin-1024x690-1-18x12.jpg 18w, https:\/\/homeofwool.com\/wp-content\/uploads\/2025\/09\/Home-of-Wool-Rosica-and-Jarin-1024x690-1-990x667.jpg 990w, https:\/\/homeofwool.com\/wp-content\/uploads\/2025\/09\/Home-of-Wool-Rosica-and-Jarin-1024x690-1-441x297.jpg 441w\" sizes=\"(max-width: 1024px) 100vw, 1024px\" \/>\t\t\t\t\t\t\t\t\t\t\t\t\t\t\t<\/div>\n\t\t\t\t<\/div>\n\t\t\t\t<\/div>\n\t\t<div class=\"elementor-element elementor-element-c10c063 e-con-full e-flex e-con e-child\" data-id=\"c10c063\" data-element_type=\"container\" data-e-type=\"container\">\n\t\t\t\t<div class=\"elementor-element elementor-element-b8ec849 elementor-widget elementor-widget-text-editor\" data-id=\"b8ec849\" data-element_type=\"widget\" data-e-type=\"widget\" data-widget_type=\"text-editor.default\">\n\t\t\t\t\t\t\t\t\t<p>Laaja arkkitehtitaustani auttoi minua luomaan k\u00e4sintehtyjen vuodevaatteiden ja tarvikkeiden ainutlaatuisen suunnittelun. Villa on luonnollinen ja uusiutuva luonnonvara, ja se on p\u00f6lyhiirivapaa, antibakteerinen, antimikrobinen ja homeen kest\u00e4v\u00e4. N\u00e4m\u00e4 ominaisuudet tekev\u00e4t siit\u00e4 t\u00e4ydellisen l\u00e4hteen patjojen ja luonnonmukaisten vuodevaatteiden valmistukseen. Vanha bulgarialainen perinne, joka juontaa juurensa vuosisatojen taakse, ja villapatjat ovat historiallisesti tunnettuja luonnollisen mukavuuden tarjoajista. Villapatjoja on k\u00e4ytetty monissa osissa maailmaa vuosisatojen ajan ennen kuin teollinen vallankumous toi mukanaan synteettiset ja \u00f6ljypohjaiset vuodevaatteet massatuotantona.<\/p><p>Olen omistautunut luomaan vuodevaatteita ja sisustusta, jotka parantavat el\u00e4m\u00e4nlaatua, aivan kuten se on tehnyt perheelleni ja niin monille muillekin. Ty\u00f6skentelen tiimini kanssa joka p\u00e4iv\u00e4 varmistaakseni, ett\u00e4 Home of Wool ylitt\u00e4\u00e4 laadun, puhtauden, mukavuuden ja turvallisuuden vaatimukset.<\/p>\t\t\t\t\t\t\t\t<\/div>\n\t\t\t\t<div class=\"elementor-element elementor-element-50b5815 elementor-widget elementor-widget-text-editor\" data-id=\"50b5815\" data-element_type=\"widget\" data-e-type=\"widget\" data-widget_type=\"text-editor.default\">\n\t\t\t\t\t\t\t\t\t- Rosica Petrova\t\t\t\t\t\t\t\t<\/div>\n\t\t\t\t<div class=\"elementor-element elementor-element-dccc329 elementor-widget elementor-widget-image\" data-id=\"dccc329\" data-element_type=\"widget\" data-e-type=\"widget\" data-widget_type=\"image.default\">\n\t\t\t\t\t\t\t\t\t\t\t\t\t\t\t<img decoding=\"async\" width=\"200\" height=\"110\" src=\"https:\/\/homeofwool.com\/wp-content\/uploads\/2025\/09\/rosicas-signature.jpg\" class=\"attachment-medium_large size-medium_large wp-image-220099\" alt=\"\" srcset=\"https:\/\/homeofwool.com\/wp-content\/uploads\/2025\/09\/rosicas-signature.jpg 200w, https:\/\/homeofwool.com\/wp-content\/uploads\/2025\/09\/rosicas-signature-150x83.jpg 150w, https:\/\/homeofwool.com\/wp-content\/uploads\/2025\/09\/rosicas-signature-18x10.jpg 18w\" sizes=\"(max-width: 200px) 100vw, 200px\" \/>\t\t\t\t\t\t\t\t\t\t\t\t\t\t\t<\/div>\n\t\t\t\t<div class=\"elementor-element elementor-element-20ce67e elementor-widget elementor-widget-heading\" data-id=\"20ce67e\" data-element_type=\"widget\" data-e-type=\"widget\" data-widget_type=\"heading.default\">\n\t\t\t\t\t<p class=\"elementor-heading-title elementor-size-default\"><a href=\"\/fi\/tiimimme\/\">Tutustu ihmisiin Home of Wool:n takana -&gt;<\/a><\/p>\t\t\t\t<\/div>\n\t\t\t\t<\/div>\n\t\t\t\t\t<\/div>\n\t\t\t\t<\/div>\n\t\t\t\t<\/div>","protected":false},"excerpt":{"rendered":"<p>Our Story A major life event is what led me to create Home of Wool. Years ago, my partner and I were excited to welcome home our baby boy. We noticed he was having trouble breathing. My desire was to provide a healthy and safe environment for my child and I was willing to take [&hellip;]<\/p>\n","protected":false},"author":1,"featured_media":0,"parent":0,"menu_order":0,"comment_status":"closed","ping_status":"closed","template":"elementor_header_footer","meta":{"_acf_changed":false,"footnotes":""},"class_list":["post-220097","page","type-page","status-publish","hentry"],"acf":[],"yoast_head":"<!-- This site is optimized with the Yoast SEO Premium plugin v27.5 (Yoast SEO v27.5) - https:\/\/yoast.com\/product\/yoast-seo-premium-wordpress\/ -->\n<title>Our Story \u2013 From Natural Wool to Timeless Comfort | Home of Wool<\/title>\n<meta name=\"description\" content=\"Explore the story of Home of Wool: how our love for natural materials, craftsmanship, and sustainable living grew into a collection of handmade wool pieces that bring lasting comfort to every home.\" \/>\n<meta name=\"robots\" content=\"index, follow, max-snippet:-1, max-image-preview:large, max-video-preview:-1\" \/>\n<link rel=\"canonical\" href=\"https:\/\/homeofwool.com\/fi\/tarinamme\/\" \/>\n<meta property=\"og:locale\" content=\"fi_FI\" \/>\n<meta property=\"og:type\" content=\"article\" \/>\n<meta property=\"og:title\" content=\"Our Story\" \/>\n<meta property=\"og:description\" content=\"Explore the story of Home of Wool: how our love for natural materials, craftsmanship, and sustainable living grew into a collection of handmade wool pieces that bring lasting comfort to every home.\" \/>\n<meta property=\"og:url\" content=\"https:\/\/homeofwool.com\/fi\/tarinamme\/\" \/>\n<meta property=\"og:site_name\" content=\"Home of Wool\" \/>\n<meta property=\"article:publisher\" content=\"https:\/\/facebook.com\/HomeOfWoolOfficial\" \/>\n<meta property=\"article:modified_time\" content=\"2025-11-28T10:04:38+00:00\" \/>\n<meta property=\"og:image\" content=\"https:\/\/homeofwool.com\/wp-content\/uploads\/2025\/09\/Home-of-Wool-Rosica-and-Jarin-1024x690-1.jpg\" \/>\n<meta name=\"twitter:card\" content=\"summary_large_image\" \/>\n<meta name=\"twitter:label1\" content=\"Arvioitu lukuaika\" \/>\n\t<meta name=\"twitter:data1\" content=\"2 minuuttia\" \/>\n<script type=\"application\/ld+json\" class=\"yoast-schema-graph\">{\"@context\":\"https:\\\/\\\/schema.org\",\"@graph\":[{\"@type\":\"WebPage\",\"@id\":\"https:\\\/\\\/homeofwool.com\\\/fi\\\/tarinamme\\\/\",\"url\":\"https:\\\/\\\/homeofwool.com\\\/fi\\\/tarinamme\\\/\",\"name\":\"Our Story \u2013 From Natural Wool to Timeless Comfort | Home of Wool\",\"isPartOf\":{\"@id\":\"https:\\\/\\\/homeofwool.com\\\/#website\"},\"primaryImageOfPage\":{\"@id\":\"https:\\\/\\\/homeofwool.com\\\/fi\\\/tarinamme\\\/#primaryimage\"},\"image\":{\"@id\":\"https:\\\/\\\/homeofwool.com\\\/fi\\\/tarinamme\\\/#primaryimage\"},\"thumbnailUrl\":\"https:\\\/\\\/homeofwool.com\\\/wp-content\\\/uploads\\\/2025\\\/09\\\/Home-of-Wool-Rosica-and-Jarin-1024x690-1.jpg\",\"datePublished\":\"2025-09-27T08:35:46+00:00\",\"dateModified\":\"2025-11-28T10:04:38+00:00\",\"description\":\"Explore the story of Home of Wool: how our love for natural materials, craftsmanship, and sustainable living grew into a collection of handmade wool pieces that bring lasting comfort to every home.\",\"breadcrumb\":{\"@id\":\"https:\\\/\\\/homeofwool.com\\\/fi\\\/tarinamme\\\/#breadcrumb\"},\"inLanguage\":\"fi\",\"potentialAction\":[{\"@type\":\"ReadAction\",\"target\":[\"https:\\\/\\\/homeofwool.com\\\/fi\\\/tarinamme\\\/\"]}]},{\"@type\":\"ImageObject\",\"inLanguage\":\"fi\",\"@id\":\"https:\\\/\\\/homeofwool.com\\\/fi\\\/tarinamme\\\/#primaryimage\",\"url\":\"https:\\\/\\\/homeofwool.com\\\/wp-content\\\/uploads\\\/2025\\\/09\\\/Home-of-Wool-Rosica-and-Jarin-1024x690-1.jpg\",\"contentUrl\":\"https:\\\/\\\/homeofwool.com\\\/wp-content\\\/uploads\\\/2025\\\/09\\\/Home-of-Wool-Rosica-and-Jarin-1024x690-1.jpg\"},{\"@type\":\"BreadcrumbList\",\"@id\":\"https:\\\/\\\/homeofwool.com\\\/fi\\\/tarinamme\\\/#breadcrumb\",\"itemListElement\":[{\"@type\":\"ListItem\",\"position\":1,\"name\":\"Home\",\"item\":\"https:\\\/\\\/homeofwool.com\\\/\"},{\"@type\":\"ListItem\",\"position\":2,\"name\":\"Our Story\"}]},{\"@type\":\"WebSite\",\"@id\":\"https:\\\/\\\/homeofwool.com\\\/#website\",\"url\":\"https:\\\/\\\/homeofwool.com\\\/\",\"name\":\"Home of Wool\",\"description\":\"\",\"publisher\":{\"@id\":\"https:\\\/\\\/homeofwool.com\\\/#organization\"},\"potentialAction\":[{\"@type\":\"SearchAction\",\"target\":{\"@type\":\"EntryPoint\",\"urlTemplate\":\"https:\\\/\\\/homeofwool.com\\\/?s={search_term_string}\"},\"query-input\":{\"@type\":\"PropertyValueSpecification\",\"valueRequired\":true,\"valueName\":\"search_term_string\"}}],\"inLanguage\":\"fi\"},{\"@type\":\"Organization\",\"@id\":\"https:\\\/\\\/homeofwool.com\\\/#organization\",\"name\":\"Home of Wool\",\"url\":\"https:\\\/\\\/homeofwool.com\\\/\",\"logo\":{\"@type\":\"ImageObject\",\"inLanguage\":\"fi\",\"@id\":\"https:\\\/\\\/homeofwool.com\\\/#\\\/schema\\\/logo\\\/image\\\/\",\"url\":\"https:\\\/\\\/homeofwool.com\\\/wp-content\\\/uploads\\\/2025\\\/09\\\/WhatsApp-Image-2025-12-02-at-16.23.20.jpeg\",\"contentUrl\":\"https:\\\/\\\/homeofwool.com\\\/wp-content\\\/uploads\\\/2025\\\/09\\\/WhatsApp-Image-2025-12-02-at-16.23.20.jpeg\",\"width\":700,\"height\":247,\"caption\":\"Home of Wool\"},\"image\":{\"@id\":\"https:\\\/\\\/homeofwool.com\\\/#\\\/schema\\\/logo\\\/image\\\/\"},\"sameAs\":[\"https:\\\/\\\/facebook.com\\\/HomeOfWoolOfficial\"]}]}<\/script>\n<!-- \/ Yoast SEO Premium plugin. -->","yoast_head_json":{"title":"Tarinamme \u2013 luonnonvillasta ajattomaan mukavuuteen | Home of Wool","description":"Tutustu Home of Wool:n tarinaan: kuinka rakkautemme luonnonmateriaaleihin, k\u00e4sity\u00f6taitoon ja kest\u00e4v\u00e4\u00e4n el\u00e4m\u00e4ntapaan kasvoi k\u00e4sintehtyjen villatuotteiden kokoelmaksi, joka tuo kest\u00e4v\u00e4\u00e4 mukavuutta jokaiseen kotiin.","robots":{"index":"index","follow":"follow","max-snippet":"max-snippet:-1","max-image-preview":"max-image-preview:large","max-video-preview":"max-video-preview:-1"},"canonical":"https:\/\/homeofwool.com\/fi\/tarinamme\/","og_locale":"fi_FI","og_type":"article","og_title":"Our Story","og_description":"Explore the story of Home of Wool: how our love for natural materials, craftsmanship, and sustainable living grew into a collection of handmade wool pieces that bring lasting comfort to every home.","og_url":"https:\/\/homeofwool.com\/fi\/tarinamme\/","og_site_name":"Home of Wool","article_publisher":"https:\/\/facebook.com\/HomeOfWoolOfficial","article_modified_time":"2025-11-28T10:04:38+00:00","og_image":[{"url":"https:\/\/homeofwool.com\/wp-content\/uploads\/2025\/09\/Home-of-Wool-Rosica-and-Jarin-1024x690-1.jpg","type":"","width":"","height":""}],"twitter_card":"summary_large_image","twitter_misc":{"Arvioitu lukuaika":"2 minuuttia"},"schema":{"@context":"https:\/\/schema.org","@graph":[{"@type":"WebPage","@id":"https:\/\/homeofwool.com\/fi\/tarinamme\/","url":"https:\/\/homeofwool.com\/fi\/tarinamme\/","name":"Tarinamme \u2013 luonnonvillasta ajattomaan mukavuuteen | Home of Wool","isPartOf":{"@id":"https:\/\/homeofwool.com\/#website"},"primaryImageOfPage":{"@id":"https:\/\/homeofwool.com\/fi\/tarinamme\/#primaryimage"},"image":{"@id":"https:\/\/homeofwool.com\/fi\/tarinamme\/#primaryimage"},"thumbnailUrl":"https:\/\/homeofwool.com\/wp-content\/uploads\/2025\/09\/Home-of-Wool-Rosica-and-Jarin-1024x690-1.jpg","datePublished":"2025-09-27T08:35:46+00:00","dateModified":"2025-11-28T10:04:38+00:00","description":"Tutustu Home of Wool:n tarinaan: kuinka rakkautemme luonnonmateriaaleihin, k\u00e4sity\u00f6taitoon ja kest\u00e4v\u00e4\u00e4n el\u00e4m\u00e4ntapaan kasvoi k\u00e4sintehtyjen villatuotteiden kokoelmaksi, joka tuo kest\u00e4v\u00e4\u00e4 mukavuutta jokaiseen kotiin.","breadcrumb":{"@id":"https:\/\/homeofwool.com\/fi\/tarinamme\/#breadcrumb"},"inLanguage":"fi","potentialAction":[{"@type":"ReadAction","target":["https:\/\/homeofwool.com\/fi\/tarinamme\/"]}]},{"@type":"ImageObject","inLanguage":"fi","@id":"https:\/\/homeofwool.com\/fi\/tarinamme\/#primaryimage","url":"https:\/\/homeofwool.com\/wp-content\/uploads\/2025\/09\/Home-of-Wool-Rosica-and-Jarin-1024x690-1.jpg","contentUrl":"https:\/\/homeofwool.com\/wp-content\/uploads\/2025\/09\/Home-of-Wool-Rosica-and-Jarin-1024x690-1.jpg"},{"@type":"BreadcrumbList","@id":"https:\/\/homeofwool.com\/fi\/tarinamme\/#breadcrumb","itemListElement":[{"@type":"ListItem","position":1,"name":"Home","item":"https:\/\/homeofwool.com\/"},{"@type":"ListItem","position":2,"name":"Our Story"}]},{"@type":"WebSite","@id":"https:\/\/homeofwool.com\/#website","url":"https:\/\/homeofwool.com\/","name":"Villan koti","description":"","publisher":{"@id":"https:\/\/homeofwool.com\/#organization"},"potentialAction":[{"@type":"SearchAction","target":{"@type":"EntryPoint","urlTemplate":"https:\/\/homeofwool.com\/?s={search_term_string}"},"query-input":{"@type":"PropertyValueSpecification","valueRequired":true,"valueName":"search_term_string"}}],"inLanguage":"fi"},{"@type":"Organization","@id":"https:\/\/homeofwool.com\/#organization","name":"Villan koti","url":"https:\/\/homeofwool.com\/","logo":{"@type":"ImageObject","inLanguage":"fi","@id":"https:\/\/homeofwool.com\/#\/schema\/logo\/image\/","url":"https:\/\/homeofwool.com\/wp-content\/uploads\/2025\/09\/WhatsApp-Image-2025-12-02-at-16.23.20.jpeg","contentUrl":"https:\/\/homeofwool.com\/wp-content\/uploads\/2025\/09\/WhatsApp-Image-2025-12-02-at-16.23.20.jpeg","width":700,"height":247,"caption":"Home of Wool"},"image":{"@id":"https:\/\/homeofwool.com\/#\/schema\/logo\/image\/"},"sameAs":["https:\/\/facebook.com\/HomeOfWoolOfficial"]}]}},"_links":{"self":[{"href":"https:\/\/homeofwool.com\/fi\/wp-json\/wp\/v2\/pages\/220097","targetHints":{"allow":["GET"]}}],"collection":[{"href":"https:\/\/homeofwool.com\/fi\/wp-json\/wp\/v2\/pages"}],"about":[{"href":"https:\/\/homeofwool.com\/fi\/wp-json\/wp\/v2\/types\/page"}],"author":[{"embeddable":true,"href":"https:\/\/homeofwool.com\/fi\/wp-json\/wp\/v2\/users\/1"}],"replies":[{"embeddable":true,"href":"https:\/\/homeofwool.com\/fi\/wp-json\/wp\/v2\/comments?post=220097"}],"version-history":[{"count":0,"href":"https:\/\/homeofwool.com\/fi\/wp-json\/wp\/v2\/pages\/220097\/revisions"}],"wp:attachment":[{"href":"https:\/\/homeofwool.com\/fi\/wp-json\/wp\/v2\/media?parent=220097"}],"curies":[{"name":"wp","href":"https:\/\/api.w.org\/{rel}","templated":true}]}}