{"id":220073,"date":"2025-09-27T08:35:33","date_gmt":"2025-09-27T08:35:33","guid":{"rendered":"https:\/\/homeofwool.com\/our-mission\/"},"modified":"2025-11-28T10:00:59","modified_gmt":"2025-11-28T10:00:59","slug":"missiomme","status":"publish","type":"page","link":"https:\/\/homeofwool.com\/fi\/our-mission\/","title":{"rendered":"Teht\u00e4v\u00e4mme"},"content":{"rendered":"<div data-elementor-type=\"wp-page\" data-elementor-id=\"220073\" class=\"elementor elementor-220073\" data-elementor-post-type=\"page\">\n\t\t\t\t<div class=\"elementor-element elementor-element-001a216 page_content e-flex e-con-boxed e-con e-parent\" data-id=\"001a216\" data-element_type=\"container\" data-e-type=\"container\">\n\t\t\t\t\t<div class=\"e-con-inner\">\n\t\t\t\t<div class=\"elementor-element elementor-element-a47db14 elementor-widget elementor-widget-heading\" data-id=\"a47db14\" data-element_type=\"widget\" data-e-type=\"widget\" data-widget_type=\"heading.default\">\n\t\t\t\t\t<h1 class=\"elementor-heading-title elementor-size-default\">Teht\u00e4v\u00e4mme\n<\/h1>\t\t\t\t<\/div>\n\t\t\t\t<div class=\"elementor-element elementor-element-f22df8f elementor-widget elementor-widget-text-editor\" data-id=\"f22df8f\" data-element_type=\"widget\" data-e-type=\"widget\" data-widget_type=\"text-editor.default\">\n\t\t\t\t\t\t\t\t\t<p>Home of Wool:ss\u00e4 olemme omistautuneet valmistamaan r\u00e4\u00e4t\u00e4l\u00f6ityj\u00e4 puhtaita orgaanisia patjoja, vuodevaatteita, lasten ja sisustustekstiilej\u00e4, jotka m\u00e4\u00e4rittelev\u00e4t uudelleen mukavuuden ja hyvinvoinnin k\u00e4sitteen kotonasi.<\/p><p>Ansaitset kunnon unet, virke\u00e4n her\u00e4\u00e4misen ja terveen kodin. Uskomme, ett\u00e4 terveytesi ei saisi koskaan vaarantua valtavirran vuodevaatteissa ja huonekaluissa esiintyvien myrkyllisten synteettisten aineiden ja kemikaalien haitallisten vaikutusten vuoksi.<\/p><p>Toimintamme ytimess\u00e4 on ajatus siit\u00e4, ett\u00e4 luonto tarjoaa meille kaiken tarvitsemamme, jotta voimme luoda vertaansa vailla olevan mukavuuden, joka ylitt\u00e4\u00e4 kaikki synteettiset vaihtoehdot. Ylelliset, t\u00e4ysin luonnolliset ja huolellisesti k\u00e4sity\u00f6n\u00e4 valmistetut tuotteemme on tehty luomaan terveellisi\u00e4 koteja, joissa sin\u00e4 ja perheesi voitte nauttia puhtaan villan, pellavan, silkin ja luomupuuvillan loputtomista eduista.<\/p><p>Valmistamme vain synteettisist\u00e4 aineista, kemikaaleista ja myrkyist\u00e4 vapaita tuotteita, joissa k\u00e4ytet\u00e4\u00e4n puhtaita, luonnollisia materiaaleja, kuten luomupuuvillaa, villaa, pellavaa ja silkki\u00e4, jotka edist\u00e4v\u00e4t terveellist\u00e4 ymp\u00e4rist\u00f6\u00e4 asumiseen, nukkumiseen ja virkistykseen, ja joiden avulla voit olla rauhassa tiet\u00e4en, ett\u00e4 olet valinnut terveellisimm\u00e4n vaihtoehdon itsellesi ja l\u00e4heisillesi!<\/p><p>Teemme kaiken r\u00e4\u00e4t\u00e4l\u00f6idysti juuri sinulle, tilallesi ja tarpeisiisi sopivaksi. Jokainen on erilainen, joten otamme aikaa ymm\u00e4rt\u00e4\u00e4ksemme tarpeesi ja mieltymyksesi ja luomme yhdess\u00e4 kanssasi r\u00e4\u00e4t\u00e4l\u00f6idyn ratkaisun, joka sopii juuri sinulle.<\/p><p>Olemme perheyritys, jonka intohimona on tarjota sinulle parhaat mahdolliset tuotteet ja kokemukset. Olemme sitoutuneet 100% asiakastyytyv\u00e4isyyteen ja jatkuvasti innovoimme ja etsimme uusia tapoja parantaa tuotteitamme.<\/p><p>Tuotteemme valmistetaan kest\u00e4v\u00e4ll\u00e4 tavalla, ja niiden ymp\u00e4rist\u00f6vaikutukset ovat mahdollisimman v\u00e4h\u00e4iset alusta loppuun, sill\u00e4 ne ovat kest\u00e4v\u00e4sti kasvatettuja ja t\u00e4ysin biohajoavia. Ne on suunniteltu niin, ett\u00e4 niit\u00e4 on helppo korjata ja korjata. Jokaisen ostoksen yhteydess\u00e4 voit olla rauhassa tiet\u00e4en, ett\u00e4 teet my\u00f6nteisen vaikutuksen planeettaan ja saat ymp\u00e4rist\u00f6yst\u00e4v\u00e4llisen tuotteen, joka on tehty kest\u00e4m\u00e4\u00e4n koko elini\u00e4n.<\/p><p>Arvostamme yhteis\u00f6llisyytt\u00e4 ja tuemme useita hyv\u00e4ntekev\u00e4isyysj\u00e4rjest\u00f6j\u00e4.<\/p><p>Olemme vakuuttuneita siit\u00e4, ett\u00e4 tuotteemme voivat auttaa sinua nukkumaan paremmin, el\u00e4m\u00e4\u00e4n terveellisemmin ja luomaan mukavamman kodin. Kutsumme sinut mukaan teht\u00e4viimme ottamalla askeleen unesi ja kotisi muuttamiseksi!<\/p>\t\t\t\t\t\t\t\t<\/div>\n\t\t\t\t\t<\/div>\n\t\t\t\t<\/div>\n\t\t\t\t<\/div>","protected":false},"excerpt":{"rendered":"<p>Our Mission At Home of Wool, we are dedicated to crafting custom pure organic mattresses, bedding, kids, and d\u00e9cor textile pieces that redefine the concept of comfort and well-being within your home. You deserve to sleep soundly, wake up feeling refreshed, and live in a healthy home. We believe that your health should never be [&hellip;]<\/p>\n","protected":false},"author":1,"featured_media":0,"parent":0,"menu_order":0,"comment_status":"closed","ping_status":"closed","template":"elementor_header_footer","meta":{"_acf_changed":false,"footnotes":""},"class_list":["post-220073","page","type-page","status-publish","hentry"],"acf":[],"yoast_head":"<!-- This site is optimized with the Yoast SEO Premium plugin v27.3 (Yoast SEO v27.3) - https:\/\/yoast.com\/product\/yoast-seo-premium-wordpress\/ -->\n<title>Our Mission \u2013 Natural, Ethical, Zero-Waste Wool Living | Home of Wool<\/title>\n<meta name=\"description\" content=\"Learn about our mission to create healthier homes with all-natural, toxin-free wool products. We craft responsibly, reduce waste, and design lasting pieces that honour people, animals, and the planet.\" \/>\n<meta name=\"robots\" content=\"index, follow, max-snippet:-1, max-image-preview:large, max-video-preview:-1\" \/>\n<link rel=\"canonical\" href=\"https:\/\/homeofwool.com\/fi\/missiomme\/\" \/>\n<meta property=\"og:locale\" content=\"fi_FI\" \/>\n<meta property=\"og:type\" content=\"article\" \/>\n<meta property=\"og:title\" content=\"Our Mission\" \/>\n<meta property=\"og:description\" content=\"Learn about our mission to create healthier homes with all-natural, toxin-free wool products. We craft responsibly, reduce waste, and design lasting pieces that honour people, animals, and the planet.\" \/>\n<meta property=\"og:url\" content=\"https:\/\/homeofwool.com\/fi\/missiomme\/\" \/>\n<meta property=\"og:site_name\" content=\"Home of Wool\" \/>\n<meta property=\"article:publisher\" content=\"https:\/\/facebook.com\/HomeOfWoolOfficial\" \/>\n<meta property=\"article:modified_time\" content=\"2025-11-28T10:00:59+00:00\" \/>\n<meta name=\"twitter:card\" content=\"summary_large_image\" \/>\n<meta name=\"twitter:label1\" content=\"Arvioitu lukuaika\" \/>\n\t<meta name=\"twitter:data1\" content=\"2 minuuttia\" \/>\n<script type=\"application\/ld+json\" class=\"yoast-schema-graph\">{\"@context\":\"https:\\\/\\\/schema.org\",\"@graph\":[{\"@type\":\"WebPage\",\"@id\":\"https:\\\/\\\/homeofwool.com\\\/our-mission\\\/\",\"url\":\"https:\\\/\\\/homeofwool.com\\\/our-mission\\\/\",\"name\":\"Our Mission \u2013 Natural, Ethical, Zero-Waste Wool Living | Home of Wool\",\"isPartOf\":{\"@id\":\"https:\\\/\\\/homeofwool.com\\\/#website\"},\"datePublished\":\"2025-09-27T08:35:33+00:00\",\"dateModified\":\"2025-11-28T10:00:59+00:00\",\"description\":\"Learn about our mission to create healthier homes with all-natural, toxin-free wool products. We craft responsibly, reduce waste, and design lasting pieces that honour people, animals, and the planet.\",\"breadcrumb\":{\"@id\":\"https:\\\/\\\/homeofwool.com\\\/our-mission\\\/#breadcrumb\"},\"inLanguage\":\"fi\",\"potentialAction\":[{\"@type\":\"ReadAction\",\"target\":[\"https:\\\/\\\/homeofwool.com\\\/our-mission\\\/\"]}]},{\"@type\":\"BreadcrumbList\",\"@id\":\"https:\\\/\\\/homeofwool.com\\\/our-mission\\\/#breadcrumb\",\"itemListElement\":[{\"@type\":\"ListItem\",\"position\":1,\"name\":\"Home\",\"item\":\"https:\\\/\\\/homeofwool.com\\\/\"},{\"@type\":\"ListItem\",\"position\":2,\"name\":\"Our Mission\"}]},{\"@type\":\"WebSite\",\"@id\":\"https:\\\/\\\/homeofwool.com\\\/#website\",\"url\":\"https:\\\/\\\/homeofwool.com\\\/\",\"name\":\"Home of Wool\",\"description\":\"\",\"publisher\":{\"@id\":\"https:\\\/\\\/homeofwool.com\\\/#organization\"},\"potentialAction\":[{\"@type\":\"SearchAction\",\"target\":{\"@type\":\"EntryPoint\",\"urlTemplate\":\"https:\\\/\\\/homeofwool.com\\\/?s={search_term_string}\"},\"query-input\":{\"@type\":\"PropertyValueSpecification\",\"valueRequired\":true,\"valueName\":\"search_term_string\"}}],\"inLanguage\":\"fi\"},{\"@type\":\"Organization\",\"@id\":\"https:\\\/\\\/homeofwool.com\\\/#organization\",\"name\":\"Home of Wool\",\"url\":\"https:\\\/\\\/homeofwool.com\\\/\",\"logo\":{\"@type\":\"ImageObject\",\"inLanguage\":\"fi\",\"@id\":\"https:\\\/\\\/homeofwool.com\\\/#\\\/schema\\\/logo\\\/image\\\/\",\"url\":\"https:\\\/\\\/homeofwool.com\\\/wp-content\\\/uploads\\\/2025\\\/09\\\/WhatsApp-Image-2025-12-02-at-16.23.20.jpeg\",\"contentUrl\":\"https:\\\/\\\/homeofwool.com\\\/wp-content\\\/uploads\\\/2025\\\/09\\\/WhatsApp-Image-2025-12-02-at-16.23.20.jpeg\",\"width\":700,\"height\":247,\"caption\":\"Home of Wool\"},\"image\":{\"@id\":\"https:\\\/\\\/homeofwool.com\\\/#\\\/schema\\\/logo\\\/image\\\/\"},\"sameAs\":[\"https:\\\/\\\/facebook.com\\\/HomeOfWoolOfficial\"]}]}<\/script>\n<!-- \/ Yoast SEO Premium plugin. -->","yoast_head_json":{"title":"Missiomme \u2013 Luonnollinen, eettinen, j\u00e4tteet\u00f6n villainen el\u00e4m\u00e4ntapa | Home of Wool","description":"Tutustu missioomme luoda terveellisempi\u00e4 koteja t\u00e4ysin luonnollisilla, myrkytt\u00f6mill\u00e4 villatuotteilla. Valmistamme tuotteitamme vastuullisesti, v\u00e4henn\u00e4mme j\u00e4tett\u00e4 ja suunnittelemme kest\u00e4vi\u00e4 tuotteita, jotka kunnioittavat ihmisi\u00e4, el\u00e4imi\u00e4 ja planeettaamme.","robots":{"index":"index","follow":"follow","max-snippet":"max-snippet:-1","max-image-preview":"max-image-preview:large","max-video-preview":"max-video-preview:-1"},"canonical":"https:\/\/homeofwool.com\/fi\/missiomme\/","og_locale":"fi_FI","og_type":"article","og_title":"Our Mission","og_description":"Learn about our mission to create healthier homes with all-natural, toxin-free wool products. We craft responsibly, reduce waste, and design lasting pieces that honour people, animals, and the planet.","og_url":"https:\/\/homeofwool.com\/fi\/missiomme\/","og_site_name":"Home of Wool","article_publisher":"https:\/\/facebook.com\/HomeOfWoolOfficial","article_modified_time":"2025-11-28T10:00:59+00:00","twitter_card":"summary_large_image","twitter_misc":{"Arvioitu lukuaika":"2 minuuttia"},"schema":{"@context":"https:\/\/schema.org","@graph":[{"@type":"WebPage","@id":"https:\/\/homeofwool.com\/our-mission\/","url":"https:\/\/homeofwool.com\/our-mission\/","name":"Missiomme \u2013 Luonnollinen, eettinen, j\u00e4tteet\u00f6n villainen el\u00e4m\u00e4ntapa | Home of Wool","isPartOf":{"@id":"https:\/\/homeofwool.com\/#website"},"datePublished":"2025-09-27T08:35:33+00:00","dateModified":"2025-11-28T10:00:59+00:00","description":"Tutustu missioomme luoda terveellisempi\u00e4 koteja t\u00e4ysin luonnollisilla, myrkytt\u00f6mill\u00e4 villatuotteilla. Valmistamme tuotteitamme vastuullisesti, v\u00e4henn\u00e4mme j\u00e4tett\u00e4 ja suunnittelemme kest\u00e4vi\u00e4 tuotteita, jotka kunnioittavat ihmisi\u00e4, el\u00e4imi\u00e4 ja planeettaamme.","breadcrumb":{"@id":"https:\/\/homeofwool.com\/our-mission\/#breadcrumb"},"inLanguage":"fi","potentialAction":[{"@type":"ReadAction","target":["https:\/\/homeofwool.com\/our-mission\/"]}]},{"@type":"BreadcrumbList","@id":"https:\/\/homeofwool.com\/our-mission\/#breadcrumb","itemListElement":[{"@type":"ListItem","position":1,"name":"Home","item":"https:\/\/homeofwool.com\/"},{"@type":"ListItem","position":2,"name":"Our Mission"}]},{"@type":"WebSite","@id":"https:\/\/homeofwool.com\/#website","url":"https:\/\/homeofwool.com\/","name":"Villan koti","description":"","publisher":{"@id":"https:\/\/homeofwool.com\/#organization"},"potentialAction":[{"@type":"SearchAction","target":{"@type":"EntryPoint","urlTemplate":"https:\/\/homeofwool.com\/?s={search_term_string}"},"query-input":{"@type":"PropertyValueSpecification","valueRequired":true,"valueName":"search_term_string"}}],"inLanguage":"fi"},{"@type":"Organization","@id":"https:\/\/homeofwool.com\/#organization","name":"Villan koti","url":"https:\/\/homeofwool.com\/","logo":{"@type":"ImageObject","inLanguage":"fi","@id":"https:\/\/homeofwool.com\/#\/schema\/logo\/image\/","url":"https:\/\/homeofwool.com\/wp-content\/uploads\/2025\/09\/WhatsApp-Image-2025-12-02-at-16.23.20.jpeg","contentUrl":"https:\/\/homeofwool.com\/wp-content\/uploads\/2025\/09\/WhatsApp-Image-2025-12-02-at-16.23.20.jpeg","width":700,"height":247,"caption":"Home of Wool"},"image":{"@id":"https:\/\/homeofwool.com\/#\/schema\/logo\/image\/"},"sameAs":["https:\/\/facebook.com\/HomeOfWoolOfficial"]}]}},"_links":{"self":[{"href":"https:\/\/homeofwool.com\/fi\/wp-json\/wp\/v2\/pages\/220073","targetHints":{"allow":["GET"]}}],"collection":[{"href":"https:\/\/homeofwool.com\/fi\/wp-json\/wp\/v2\/pages"}],"about":[{"href":"https:\/\/homeofwool.com\/fi\/wp-json\/wp\/v2\/types\/page"}],"author":[{"embeddable":true,"href":"https:\/\/homeofwool.com\/fi\/wp-json\/wp\/v2\/users\/1"}],"replies":[{"embeddable":true,"href":"https:\/\/homeofwool.com\/fi\/wp-json\/wp\/v2\/comments?post=220073"}],"version-history":[{"count":0,"href":"https:\/\/homeofwool.com\/fi\/wp-json\/wp\/v2\/pages\/220073\/revisions"}],"wp:attachment":[{"href":"https:\/\/homeofwool.com\/fi\/wp-json\/wp\/v2\/media?parent=220073"}],"curies":[{"name":"wp","href":"https:\/\/api.w.org\/{rel}","templated":true}]}}