{"id":219982,"date":"2025-09-27T08:34:20","date_gmt":"2025-09-27T08:34:20","guid":{"rendered":"https:\/\/homeofwool.com\/delivery-returns\/"},"modified":"2026-01-14T09:39:25","modified_gmt":"2026-01-14T09:39:25","slug":"toimituspalautukset","status":"publish","type":"page","link":"https:\/\/homeofwool.com\/fi\/delivery-returns\/","title":{"rendered":"Toimitus Palautukset"},"content":{"rendered":"<div data-elementor-type=\"wp-page\" data-elementor-id=\"219982\" class=\"elementor elementor-219982\" data-elementor-post-type=\"page\">\n\t\t\t\t<div class=\"elementor-element elementor-element-650a4cd page_content e-flex e-con-boxed e-con e-parent\" data-id=\"650a4cd\" data-element_type=\"container\" data-e-type=\"container\">\n\t\t\t\t\t<div class=\"e-con-inner\">\n\t\t\t\t<div class=\"elementor-element elementor-element-dde89e9 elementor-widget elementor-widget-heading\" data-id=\"dde89e9\" data-element_type=\"widget\" data-e-type=\"widget\" data-widget_type=\"heading.default\">\n\t\t\t\t\t<h1 class=\"elementor-heading-title elementor-size-default\">Toimitus &amp; palautukset<\/h1>\t\t\t\t<\/div>\n\t\t\t\t<div class=\"elementor-element elementor-element-9d3f92a elementor-widget elementor-widget-heading\" data-id=\"9d3f92a\" data-element_type=\"widget\" data-e-type=\"widget\" data-widget_type=\"heading.default\">\n\t\t\t\t\t<h2 class=\"elementor-heading-title elementor-size-default\">Toimitus<\/h2>\t\t\t\t<\/div>\n\t\t\t\t<div class=\"elementor-element elementor-element-ca08fbf page_content elementor-widget elementor-widget-text-editor\" data-id=\"ca08fbf\" data-element_type=\"widget\" data-e-type=\"widget\" data-widget_type=\"text-editor.default\">\n\t\t\t\t\t\t\t\t\t<div class=\"wpb_text_column wpb_content_element\"><div class=\"wpb_wrapper\"><div class=\"wpb_text_column wpb_content_element\"><div class=\"wpb_wrapper\"><div class=\"wpb_column vc_column_container vc_col-sm-8 et-dark-column\"><div class=\"vc_column-inner\"><div class=\"wpb_wrapper\"><div class=\"wpb_text_column wpb_content_element\"><div class=\"wpb_wrapper\"><div class=\"vc_tta-panel-body\"><div class=\"wpb_text_column wpb_content_element\"><div class=\"wpb_wrapper\"><p>Toimitamme maailmanlaajuisesti ja tarjoamme <strong>Ilmainen maailmanlaajuinen toimitus kaikille tilauksille<\/strong>, kotiovellesi. Maksulliset toimitusvaihtoehdot ovat my\u00f6s saatavilla, katso alla.<\/p><p>Kaikki maat l\u00e4hetet\u00e4\u00e4n DDP (delivery duty paid) -periaatteella, joten verot ja tullit sis\u00e4ltyv\u00e4t lopulliseen hintaan, ja saat paketin kotiovellesi, eik\u00e4 sinun tarvitse selvitt\u00e4\u00e4 sit\u00e4 tullista.<\/p><p>Arabiemiirikuntien osalta: ulkomailta tulevat paketit on noudettava henkil\u00f6kohtaisesti postin keskustoimistosta.<\/p><p>Voimme toimittaa my\u00f6s postilokeroihin, mutta varmista, ett\u00e4 postilokerosi voi ottaa vastaan t\u00e4m\u00e4n kokoisia paketteja, muuten pakettisi voidaan palauttaa.<\/p><p>Suosittelemme, ett\u00e4 seuraat verkkoseurantatietojasi yksityiskohtaisten p\u00e4ivitysten saamiseksi, jotta tied\u00e4t, milloin pakettisi saapuu postitoimipaikkaasi.<\/p><p>Kaikki tuotteet on pakattu kierr\u00e4tett\u00e4v\u00e4\u00e4n muoviin, joka suojaa lialta, vedelt\u00e4 ja puhkeamiselta.<\/p><p>Tarkasta paketti saapuessasi, \u00e4l\u00e4k\u00e4 ota sit\u00e4 vastaan, jos se on vahingoittunut. N\u00e4in paketti palautetaan meille ja me valmistamme ja l\u00e4het\u00e4mme sinulle uuden. Jos hyv\u00e4ksyt paketin, joka on vahingoittunut, emme voi korvata sit\u00e4 sinulle.<\/p><p><span data-teams=\"true\">Yhdysvaltain toimitukset: Yhdysvaltain tulli- ja rajavartiolaitos voi toisinaan pid\u00e4tt\u00e4\u00e4 l\u00e4hetyksen, jos sit\u00e4 tarkastellaan Yhdysvaltain polkumyynti-\/tasoitustullis\u00e4\u00e4nt\u00f6jen (AD\/CVD) mukaisesti. T\u00e4llaisessa tapauksessa FedEx ei ehk\u00e4 voi tulliselvitt\u00e4\u00e4 l\u00e4hetyst\u00e4 omalla takuullaan, ja sinua (vastaanottajaa\/tuojamaahantuojaa) saatetaan pyyt\u00e4\u00e4 ty\u00f6skentelem\u00e4\u00e4n FedExin tai jonkin muun tulliv\u00e4litt\u00e4j\u00e4n kanssa tullitakuun asettamiseksi ja vaadittujen tullien\/verojen maksamiseksi (k\u00e4teistalletukset), jotta paketti voidaan luovuttaa. N\u00e4m\u00e4 vaatimukset ovat Yhdysvaltain viranomaisten asettamia, eiv\u00e4tk\u00e4 l\u00e4hett\u00e4j\u00e4 ja FedEx voi niihin vaikuttaa.<\/span>\u00a0<\/p><\/div><\/div><\/div><\/div><\/div><div class=\"wpb_text_column wpb_content_element\"><div class=\"wpb_wrapper\"><h2>Ilmaiset toimitusehdot<\/h2><div class=\"vc_tta-panel-body\"><div class=\"wpb_text_column wpb_content_element\"><div class=\"wpb_wrapper\"><p><strong>Hinta<\/strong>: Ilmaiseksi kaikkialle maailmaan<\/p><p><strong>Kantaja<\/strong>:<br \/>Bulgarian Post yhteisty\u00f6ss\u00e4 maasi kansallisten postien kanssa, esim. USPS Yhdysvalloissa, Canada Post, Parcel Force Yhdistyneess\u00e4 kuningaskunnassa, Australia Post jne. - kaikki ne ovat 100%-luotettavia, eik\u00e4 yksik\u00e4\u00e4n niist\u00e4 tuhansista paketeista, jotka olemme t\u00e4h\u00e4n menness\u00e4 l\u00e4hett\u00e4neet niit\u00e4 k\u00e4ytt\u00e4en, ole kadonnut.<\/p><p><strong>Toimitusehdot:<\/strong><br \/>Kirjatun kirjeen osalta vaaditaan allekirjoitus l\u00e4hetyksen jakelun yhteydess\u00e4. Jos et ole kotona toimitushetkell\u00e4, pakettia k\u00e4sitell\u00e4\u00e4n kansallisen postin k\u00e4yt\u00e4nt\u00f6jen mukaisesti. Useimmissa tapauksissa, kuten Yhdysvalloissa, Kanadassa, Australiassa ja Yhdistyneess\u00e4 kuningaskunnassa, sinulle j\u00e4tet\u00e4\u00e4n viesti, jossa pyydet\u00e4\u00e4n sinua noutamaan pakettisi paikallisesta postitoimistosta tai soittamaan sinne, jotta toimitus voidaan j\u00e4rjest\u00e4\u00e4 uudelleen sopivana ajankohtana.<\/p><p><strong>Kauttakulkuajat<\/strong>\u00a0(likim\u00e4\u00e4r\u00e4inen, ei taattu):<\/p><ul><li style=\"margin-bottom: 10px;\">USA:n mantereella - 3 viikkoa<\/li><li style=\"margin-bottom: 10px;\">Yhdysvallat (Havaiji, AK) - 4 viikkoa<\/li><li style=\"margin-bottom: 10px;\">Kanada - 3 viikkoa<\/li><li style=\"margin-bottom: 10px;\">Afrikka - 3 viikkoa<\/li><li style=\"margin-bottom: 10px;\">Australia - 3 viikkoa<\/li><li style=\"margin-bottom: 10px;\">Aasia - 3 viikkoa<\/li><li style=\"margin-bottom: 10px;\">Etel\u00e4-Amerikka - 3-4 viikkoa<\/li><li style=\"margin-bottom: 10px;\">Euroopan unioni - 2 viikkoa<\/li><li style=\"margin-bottom: 10px;\">UK - 2 viikkoa<\/li><\/ul><\/div><\/div><\/div><\/div><\/div><div class=\"wpb_text_column wpb_content_element\"><div class=\"wpb_wrapper\"><div class=\"vc_tta-panel-body\"><div class=\"wpb_text_column wpb_content_element\"><div class=\"wpb_wrapper\"><h2>Express 3 p\u00e4iv\u00e4n toimitusehdot<\/h2><p><strong>Hinta<\/strong>: K\u00e4ytt\u00e4k\u00e4\u00e4 nimetty\u00e4\u00a0<a href=\"https:\/\/homeofwool.com\/fi\/shop\/lisamaksu\/\">Pikatoimituksen p\u00e4ivitys<\/a>\u00a0listaus myym\u00e4l\u00e4ss\u00e4mme tai L\u00e4het\u00e4 meille viesti arvio toimituskuluista.<\/p><p><strong>Kantaja<\/strong>: DHL<\/p><p><strong>Toimitusehdot:<\/strong><br \/>Puhelinnumero vaaditaan l\u00e4hetyst\u00e4 varten. Paketit toimitetaan kotiovellesi ja niiden vastaanottaminen edellytt\u00e4\u00e4 allekirjoitusta.<\/p><p><strong>Kauttakulkuajat<\/strong>\u00a0(taattu):<\/p><ul><li>Maailmanlaajuisesti - 3-5 ty\u00f6p\u00e4iv\u00e4\u00e4<\/li><\/ul><\/div><\/div><\/div><\/div><\/div><div class=\"wpb_text_column wpb_content_element\"><div class=\"wpb_wrapper\"><div class=\"vc_tta-panel-body\"><div class=\"wpb_text_column wpb_content_element\"><div class=\"wpb_wrapper\"><h2>Seuraa toimitusta<\/h2><p>L\u00e4het\u00e4mme sinulle seurantanumeron heti, kun olemme l\u00e4hett\u00e4neet tilauksesi. Seuraa seurantalinkki\u00e4 k\u00e4ytt\u00e4m\u00e4ll\u00e4 seuraavaa linkki\u00e4.\u00a0<a href=\"https:\/\/www.track-trace.com\/\" rel=\"nofollow noopener\">www.track-trace.com<\/a>\u00a0tai kansallisen postisi verkkosivustolla:<\/p><p>YHDYSVALLAT:\u00a0<a href=\"https:\/\/www.usps.com\/\" rel=\"nofollow noopener\">www.usps.com<\/a><br \/>Kanada:\u00a0<a href=\"https:\/\/www.canadapost.ca\/cpc\/en\/home.page\" rel=\"nofollow noopener\">www.canadapost.ca<\/a><br \/>Australia:\u00a0<a href=\"https:\/\/auspost.com.au\/\" rel=\"nofollow noopener\">https:\/\/auspost.com.au\/<\/a><br \/>YHDISTYNYT KUNINGASKUNTA:\u00a0<a href=\"https:\/\/www.parcelforce.com\/\" rel=\"nofollow noopener\">www.parcelforce.com<\/a><\/p><p>Ilmaisen ja Priority-toimituksen tilap\u00e4ivitykset ovat saatavilla vasta, kun paketti saapuu maasi tulliin.<\/p><p>Kaikkia tilauksia voidaan seurata\u00a0<strong><a href=\"https:\/\/homeofwool.aftership.com\/\" rel=\"nofollow noopener\">t\u00e4\u00e4ll\u00e4<\/a>.<\/strong><\/p><\/div><\/div><\/div><\/div><\/div><div class=\"wpb_text_column wpb_content_element\"><div class=\"wpb_wrapper\"><h2>Kadonnut tai viiv\u00e4stynyt paketti<\/h2><p>Kansallinen postipalvelu on eritt\u00e4in luotettava kaikkialla maailmassa, ja kadonneet paketit ovat eritt\u00e4in harvinaisia. Kokemuksemme mukaan olemme l\u00e4hett\u00e4neet tuhansia paketteja yli 40 maahan, kuten Yhdysvaltoihin, Kanadaan, Australiaan, Yhdistyneeseen kuningaskuntaan ja EU:hun.<br \/>Jos paketti katoaa, l\u00e4het\u00e4mme korvaavan paketin ilmaiseksi.<br \/>Voit ottaa meihin yhteytt\u00e4, jos pakettisi ei ole saapunut maahasi yli 1 kuukauteen. Emme voi nopeuttaa toimitusta, mutta voimme tehd\u00e4 virallisen kyselyn postille, jotta se yritt\u00e4isi paikallistaa paketin.<\/p><\/div><\/div><div class=\"wpb_text_column wpb_content_element\"><div class=\"wpb_wrapper\"><h2>Tilauksen peruuttaminen<\/h2><p>Jos haluat peruuttaa tilauksesi tai osan siit\u00e4, ota meihin yhteytt\u00e4. Pystymme peruuttamaan kohteet, joiden luomista emme ole viel\u00e4 aloittaneet.<\/p><\/div><\/div><div class=\"wpb_text_column wpb_content_element\"><div class=\"wpb_wrapper\"><h2>Palautukset ja hyvitykset<\/h2><div class=\"vc_tta-panel-body\"><div class=\"wpb_text_column wpb_content_element\"><div class=\"wpb_wrapper\"><ul><li style=\"margin-bottom: 15px;\">Jos et ole t\u00e4ysin tyytyv\u00e4inen ostoosi tai haluat palauttaa tuotteen, ole hyv\u00e4, <a href=\"https:\/\/homeofwool.com\/fi\/ota-yhteytta\/\">Ota yhteytt\u00e4<\/a>. <strong>Mukautettuja ja k\u00e4ytettyj\u00e4 tuotteita ei palauteta.<br \/><\/strong><ul><li>Palautusosoite: Bulgaria, Sofia, bul. Simeonovsko shose 24, Postinumero: 1700<\/li><\/ul><\/li><li style=\"margin-bottom: 15px;\">Jos tuotteesi saapui kuvatulla tavalla ja ilman valmistusvirheit\u00e4 tai virheit\u00e4 (k\u00e4ytettiin eri kangasta, toteutettiin v\u00e4\u00e4r\u00e4 malli, pituus- tai leveyspoikkeama on yli 5%), voit pyyt\u00e4\u00e4 palautusta muulle kuin tilaustuotteelle kahden ensimm\u00e4isen viikon kuluessa toimituksesta. Tuotteet on l\u00e4hetett\u00e4v\u00e4 takaisin 30 p\u00e4iv\u00e4n kuluessa toimituksesta. Palautukset eiv\u00e4t sis\u00e4ll\u00e4 alustan ja maksun kuluja, joten ne voivat olla enint\u00e4\u00e4n 82% tilauksen arvosta.<\/li><li style=\"margin-bottom: 15px;\">Jos tuotteesi saapuu valmistusvirheell\u00e4 tai virheell\u00e4 (k\u00e4ytettiin eri kangasta, toteutettiin v\u00e4\u00e4r\u00e4 muotoilu, pituus tai leveys poikkeaa yli 5%), teemme ja l\u00e4het\u00e4mme uuden tuotteen tai palautamme koko hinnan kyseisest\u00e4 tuotteesta.<\/li><li style=\"margin-bottom: 15px;\">Jos tuotetta ei toimiteta, koska osoite on ep\u00e4t\u00e4ydellinen, lukukelvoton tai v\u00e4\u00e4r\u00e4, vastaanottaja ei ole osoitteessa (tuntematon, muuttanut tai kuollut), posti ei ole lunastettu tai siit\u00e4 on kielt\u00e4ydytty - tuote voidaan l\u00e4hett\u00e4\u00e4 uudelleen omalla kustannuksellasi, jolloin palautusmaksu laskutetaan. Jos et halua, ett\u00e4 ei-tilaustuote l\u00e4hetet\u00e4\u00e4n uudelleen, voimme antaa osittaisen palautuksen, lukuun ottamatta alustan ja maksun maksuja ja palautusl\u00e4hetyksi\u00e4, ja n\u00e4in ollen palautus voi olla enint\u00e4\u00e4n 82% tuotteen arvosta. Asiakaskohtaiset tuotteet eiv\u00e4t ole oikeutettuja hyvitykseen, ja ne voidaan vain l\u00e4hett\u00e4\u00e4 uudelleen.<\/li><li style=\"margin-bottom: 15px;\">Jos tuotteesi hyv\u00e4ksyt\u00e4\u00e4n palautettavaksi, ilmoita sen arvoksi alle $15, muuten siihen sovelletaan tulliveroja, vaikka kyseess\u00e4 ei ole osto vaan palautus. Jos maahantuontimaksuja perit\u00e4\u00e4n, ne v\u00e4hennet\u00e4\u00e4n palautussummastasi. Palautettujen tuotteiden on oltava alkuper\u00e4isess\u00e4 kunnossaan. Palautukset my\u00f6nnet\u00e4\u00e4n sen j\u00e4lkeen, kun olemme vastaanottaneet tuotteet takaisin ja tarkastaneet ne. Palautusmaksuista vastaa t\u00e4ysin asiakas.<\/li><li style=\"margin-bottom: 15px;\">Eurooppalaiset tuotot<br \/>Eurooppalaiset asiakkaat voivat k\u00e4ytt\u00e4\u00e4 DPD-kuriiripalvelua pakettien, my\u00f6s patjojen, palauttamiseen eritt\u00e4in edulliseen hintaan, joka on yleens\u00e4 noin 30-40 euroa. Pyyd\u00e4 noutoa kotioveltasi, lis\u00e4tietoja osoitteessa www.dpd.com.<\/li><li style=\"margin-bottom: 15px;\"><span data-teams=\"true\">Jos Yhdysvaltain tulli luokittelee l\u00e4hetyksen polkumyyntitullien\/tasoitustullien (AD\/CVD) alaiseksi ja vaatii maahantuojaa hankkimaan Yhdysvaltain tullitakuun (usein v\u00e4litt\u00e4j\u00e4n kautta) ja maksamaan vaaditut tullitalletukset, kaikki t\u00e4st\u00e4 johtuvat tullis\u00e4ilytykset, tulliselvitysviiveet tai lis\u00e4maksut eiv\u00e4t ole meid\u00e4n ja FedExin vaikutusvallan alaisia, eiv\u00e4tk\u00e4 ne ole l\u00e4hetyksen j\u00e4lkeen palautuskelpoisia.<\/span><\/li><\/ul><p>Kaikki palautukset maksetaan samalle kortille, jolla maksu on suoritettu. Siirto voi kest\u00e4\u00e4 enint\u00e4\u00e4n 3 ty\u00f6p\u00e4iv\u00e4\u00e4 palautuksen my\u00f6nt\u00e4misen j\u00e4lkeen.<\/p><\/div><\/div><\/div><\/div><\/div><\/div><\/div><\/div><\/div><\/div><\/div><\/div>\t\t\t\t\t\t\t\t<\/div>\n\t\t\t\t\t<\/div>\n\t\t\t\t<\/div>\n\t\t\t\t<\/div>","protected":false},"excerpt":{"rendered":"<p>Delivery &amp; Returns Shipping We ship globally and offer Free Worldwide Shipping on all orders, to your door.\u00a0Paid shipping options are also available, see below. All countries are shipped on DDP (delivery duty paid) basis, so taxes and duties are included in the final price and you will receive the package at your door, you [&hellip;]<\/p>\n","protected":false},"author":1,"featured_media":0,"parent":0,"menu_order":0,"comment_status":"closed","ping_status":"closed","template":"elementor_header_footer","meta":{"_acf_changed":false,"footnotes":""},"class_list":["post-219982","page","type-page","status-publish","hentry"],"acf":[],"yoast_head":"<!-- This site is optimized with the Yoast SEO Premium plugin v27.3 (Yoast SEO v27.3) - https:\/\/yoast.com\/product\/yoast-seo-premium-wordpress\/ -->\n<title>Delivery &amp; Returns | Home of Wool<\/title>\n<meta name=\"description\" content=\"Learn about our delivery options, shipping times, and return policy for Home of Wool products. Find details on international orders, exchanges, and how we handle each parcel with care from our atelier to your home.\" \/>\n<meta name=\"robots\" content=\"index, follow, max-snippet:-1, max-image-preview:large, max-video-preview:-1\" \/>\n<link rel=\"canonical\" href=\"https:\/\/homeofwool.com\/fi\/toimituspalautukset\/\" \/>\n<meta property=\"og:locale\" content=\"fi_FI\" \/>\n<meta property=\"og:type\" content=\"article\" \/>\n<meta property=\"og:title\" content=\"Delivery Returns\" \/>\n<meta property=\"og:description\" content=\"Learn about our delivery options, shipping times, and return policy for Home of Wool products. Find details on international orders, exchanges, and how we handle each parcel with care from our atelier to your home.\" \/>\n<meta property=\"og:url\" content=\"https:\/\/homeofwool.com\/fi\/toimituspalautukset\/\" \/>\n<meta property=\"og:site_name\" content=\"Home of Wool\" \/>\n<meta property=\"article:publisher\" content=\"https:\/\/facebook.com\/HomeOfWoolOfficial\" \/>\n<meta property=\"article:modified_time\" content=\"2026-01-14T09:39:25+00:00\" \/>\n<meta name=\"twitter:card\" content=\"summary_large_image\" \/>\n<meta name=\"twitter:label1\" content=\"Arvioitu lukuaika\" \/>\n\t<meta name=\"twitter:data1\" content=\"5 minuuttia\" \/>\n<script type=\"application\/ld+json\" class=\"yoast-schema-graph\">{\"@context\":\"https:\\\/\\\/schema.org\",\"@graph\":[{\"@type\":\"WebPage\",\"@id\":\"https:\\\/\\\/homeofwool.com\\\/delivery-returns\\\/\",\"url\":\"https:\\\/\\\/homeofwool.com\\\/delivery-returns\\\/\",\"name\":\"Delivery & Returns | Home of Wool\",\"isPartOf\":{\"@id\":\"https:\\\/\\\/homeofwool.com\\\/#website\"},\"datePublished\":\"2025-09-27T08:34:20+00:00\",\"dateModified\":\"2026-01-14T09:39:25+00:00\",\"description\":\"Learn about our delivery options, shipping times, and return policy for Home of Wool products. Find details on international orders, exchanges, and how we handle each parcel with care from our atelier to your home.\",\"breadcrumb\":{\"@id\":\"https:\\\/\\\/homeofwool.com\\\/delivery-returns\\\/#breadcrumb\"},\"inLanguage\":\"fi\",\"potentialAction\":[{\"@type\":\"ReadAction\",\"target\":[\"https:\\\/\\\/homeofwool.com\\\/delivery-returns\\\/\"]}]},{\"@type\":\"BreadcrumbList\",\"@id\":\"https:\\\/\\\/homeofwool.com\\\/delivery-returns\\\/#breadcrumb\",\"itemListElement\":[{\"@type\":\"ListItem\",\"position\":1,\"name\":\"Home\",\"item\":\"https:\\\/\\\/homeofwool.com\\\/\"},{\"@type\":\"ListItem\",\"position\":2,\"name\":\"Delivery Returns\"}]},{\"@type\":\"WebSite\",\"@id\":\"https:\\\/\\\/homeofwool.com\\\/#website\",\"url\":\"https:\\\/\\\/homeofwool.com\\\/\",\"name\":\"Home of Wool\",\"description\":\"\",\"publisher\":{\"@id\":\"https:\\\/\\\/homeofwool.com\\\/#organization\"},\"potentialAction\":[{\"@type\":\"SearchAction\",\"target\":{\"@type\":\"EntryPoint\",\"urlTemplate\":\"https:\\\/\\\/homeofwool.com\\\/?s={search_term_string}\"},\"query-input\":{\"@type\":\"PropertyValueSpecification\",\"valueRequired\":true,\"valueName\":\"search_term_string\"}}],\"inLanguage\":\"fi\"},{\"@type\":\"Organization\",\"@id\":\"https:\\\/\\\/homeofwool.com\\\/#organization\",\"name\":\"Home of Wool\",\"url\":\"https:\\\/\\\/homeofwool.com\\\/\",\"logo\":{\"@type\":\"ImageObject\",\"inLanguage\":\"fi\",\"@id\":\"https:\\\/\\\/homeofwool.com\\\/#\\\/schema\\\/logo\\\/image\\\/\",\"url\":\"https:\\\/\\\/homeofwool.com\\\/wp-content\\\/uploads\\\/2025\\\/09\\\/WhatsApp-Image-2025-12-02-at-16.23.20.jpeg\",\"contentUrl\":\"https:\\\/\\\/homeofwool.com\\\/wp-content\\\/uploads\\\/2025\\\/09\\\/WhatsApp-Image-2025-12-02-at-16.23.20.jpeg\",\"width\":700,\"height\":247,\"caption\":\"Home of Wool\"},\"image\":{\"@id\":\"https:\\\/\\\/homeofwool.com\\\/#\\\/schema\\\/logo\\\/image\\\/\"},\"sameAs\":[\"https:\\\/\\\/facebook.com\\\/HomeOfWoolOfficial\"]}]}<\/script>\n<!-- \/ Yoast SEO Premium plugin. -->","yoast_head_json":{"title":"Toimitus ja palautukset | Home of Wool","description":"Tutustu Home of Wool-tuotteiden toimitusvaihtoehtoihin, toimitusaikoihin ja palautusk\u00e4yt\u00e4nt\u00f6ihin. L\u00f6yd\u00e4t lis\u00e4tietoja kansainv\u00e4lisist\u00e4 tilauksista, vaihdoista ja siit\u00e4, kuinka k\u00e4sittelemme jokaisen paketin huolellisesti ateljeestamme kotiisi.","robots":{"index":"index","follow":"follow","max-snippet":"max-snippet:-1","max-image-preview":"max-image-preview:large","max-video-preview":"max-video-preview:-1"},"canonical":"https:\/\/homeofwool.com\/fi\/toimituspalautukset\/","og_locale":"fi_FI","og_type":"article","og_title":"Delivery Returns","og_description":"Learn about our delivery options, shipping times, and return policy for Home of Wool products. Find details on international orders, exchanges, and how we handle each parcel with care from our atelier to your home.","og_url":"https:\/\/homeofwool.com\/fi\/toimituspalautukset\/","og_site_name":"Home of Wool","article_publisher":"https:\/\/facebook.com\/HomeOfWoolOfficial","article_modified_time":"2026-01-14T09:39:25+00:00","twitter_card":"summary_large_image","twitter_misc":{"Arvioitu lukuaika":"5 minuuttia"},"schema":{"@context":"https:\/\/schema.org","@graph":[{"@type":"WebPage","@id":"https:\/\/homeofwool.com\/delivery-returns\/","url":"https:\/\/homeofwool.com\/delivery-returns\/","name":"Toimitus ja palautukset | Home of Wool","isPartOf":{"@id":"https:\/\/homeofwool.com\/#website"},"datePublished":"2025-09-27T08:34:20+00:00","dateModified":"2026-01-14T09:39:25+00:00","description":"Tutustu Home of Wool-tuotteiden toimitusvaihtoehtoihin, toimitusaikoihin ja palautusk\u00e4yt\u00e4nt\u00f6ihin. L\u00f6yd\u00e4t lis\u00e4tietoja kansainv\u00e4lisist\u00e4 tilauksista, vaihdoista ja siit\u00e4, kuinka k\u00e4sittelemme jokaisen paketin huolellisesti ateljeestamme kotiisi.","breadcrumb":{"@id":"https:\/\/homeofwool.com\/delivery-returns\/#breadcrumb"},"inLanguage":"fi","potentialAction":[{"@type":"ReadAction","target":["https:\/\/homeofwool.com\/delivery-returns\/"]}]},{"@type":"BreadcrumbList","@id":"https:\/\/homeofwool.com\/delivery-returns\/#breadcrumb","itemListElement":[{"@type":"ListItem","position":1,"name":"Home","item":"https:\/\/homeofwool.com\/"},{"@type":"ListItem","position":2,"name":"Delivery Returns"}]},{"@type":"WebSite","@id":"https:\/\/homeofwool.com\/#website","url":"https:\/\/homeofwool.com\/","name":"Villan koti","description":"","publisher":{"@id":"https:\/\/homeofwool.com\/#organization"},"potentialAction":[{"@type":"SearchAction","target":{"@type":"EntryPoint","urlTemplate":"https:\/\/homeofwool.com\/?s={search_term_string}"},"query-input":{"@type":"PropertyValueSpecification","valueRequired":true,"valueName":"search_term_string"}}],"inLanguage":"fi"},{"@type":"Organization","@id":"https:\/\/homeofwool.com\/#organization","name":"Villan koti","url":"https:\/\/homeofwool.com\/","logo":{"@type":"ImageObject","inLanguage":"fi","@id":"https:\/\/homeofwool.com\/#\/schema\/logo\/image\/","url":"https:\/\/homeofwool.com\/wp-content\/uploads\/2025\/09\/WhatsApp-Image-2025-12-02-at-16.23.20.jpeg","contentUrl":"https:\/\/homeofwool.com\/wp-content\/uploads\/2025\/09\/WhatsApp-Image-2025-12-02-at-16.23.20.jpeg","width":700,"height":247,"caption":"Home of Wool"},"image":{"@id":"https:\/\/homeofwool.com\/#\/schema\/logo\/image\/"},"sameAs":["https:\/\/facebook.com\/HomeOfWoolOfficial"]}]}},"_links":{"self":[{"href":"https:\/\/homeofwool.com\/fi\/wp-json\/wp\/v2\/pages\/219982","targetHints":{"allow":["GET"]}}],"collection":[{"href":"https:\/\/homeofwool.com\/fi\/wp-json\/wp\/v2\/pages"}],"about":[{"href":"https:\/\/homeofwool.com\/fi\/wp-json\/wp\/v2\/types\/page"}],"author":[{"embeddable":true,"href":"https:\/\/homeofwool.com\/fi\/wp-json\/wp\/v2\/users\/1"}],"replies":[{"embeddable":true,"href":"https:\/\/homeofwool.com\/fi\/wp-json\/wp\/v2\/comments?post=219982"}],"version-history":[{"count":9,"href":"https:\/\/homeofwool.com\/fi\/wp-json\/wp\/v2\/pages\/219982\/revisions"}],"predecessor-version":[{"id":227291,"href":"https:\/\/homeofwool.com\/fi\/wp-json\/wp\/v2\/pages\/219982\/revisions\/227291"}],"wp:attachment":[{"href":"https:\/\/homeofwool.com\/fi\/wp-json\/wp\/v2\/media?parent=219982"}],"curies":[{"name":"wp","href":"https:\/\/api.w.org\/{rel}","templated":true}]}}