{"id":219979,"date":"2025-09-27T08:34:20","date_gmt":"2025-09-27T08:34:20","guid":{"rendered":"https:\/\/homeofwool.com\/terms-conditions\/"},"modified":"2026-03-10T09:30:56","modified_gmt":"2026-03-10T09:30:56","slug":"ehdot-ehdot","status":"publish","type":"page","link":"https:\/\/homeofwool.com\/fi\/terms-conditions\/","title":{"rendered":"Ehdot ja edellytykset"},"content":{"rendered":"<h1>K\u00e4ytt\u00f6ehdot<\/h1>\n<p><strong>Viimeksi p\u00e4ivitetty:<\/strong> 10. maaliskuuta 2026<\/p>\n<h2>1. N\u00e4ist\u00e4 ehdoista<\/h2>\n<p>N\u00e4m\u00e4 k\u00e4ytt\u00f6ehdot (\u201cEhdot\u201d) s\u00e4\u00e4telev\u00e4t p\u00e4\u00e4sy\u00e4si Home of Wool:n verkkosivustolle (\u201cSivusto\u201d) ja sen k\u00e4ytt\u00f6\u00e4, mukaan lukien kaikki tilaukset, ostot, viestint\u00e4, kampanjat, arvonnat ja niihin liittyv\u00e4t palvelut, jotka ovat saatavilla Sivuston kautta.<\/p>\n<p>K\u00e4ytt\u00e4m\u00e4ll\u00e4 Sivustoa tai tekem\u00e4ll\u00e4 tilauksen sitoudut noudattamaan n\u00e4it\u00e4 ehtoja. Jos et hyv\u00e4ksy, \u00e4l\u00e4 k\u00e4yt\u00e4 Sivustoa.<\/p>\n<p>N\u00e4iss\u00e4 ehdoissa \u201cme\u201d, \u201cmeit\u00e4\u201d ja \u201cmeid\u00e4n\u201d tarkoittavat:<\/p>\n<p><strong>Home of Wool LTD<\/strong><br \/>\nMajuri Thompson 57, kerros 1, huoneisto 26.<br \/>\nSofia 1407, Bulgaria<br \/>\nALV: BG203654879<br \/>\nS\u00e4hk\u00f6posti: <a href=\"mailto:hello@homeofwool.com\">hello@homeofwool.com<\/a><\/p>\n<h2>2. Maailmanlaajuiset tilaukset, sopimuksen syntyminen ja tilauksesta kielt\u00e4ytyminen<\/h2>\n<p>Tilauksia voidaan tehd\u00e4 mist\u00e4 tahansa maasta sovellettavan lains\u00e4\u00e4d\u00e4nn\u00f6n, maksujen tarkistamisen, toimituksen toteutettavuuden, pakotteiden seulonnan ja toiminnallisten rajoitusten mukaisesti.<\/p>\n<p>Tilauksen tekeminen on ostotarjous. Sitova myyntisopimus syntyy vasta, kun hyv\u00e4ksymme tilauksen (esimerkiksi antamalla tilausvahvistuksen tai l\u00e4hett\u00e4m\u00e4ll\u00e4 tavarat).<\/p>\n<p>Voimme oman harkintamme mukaan ja sovellettavan lain sallimissa rajoissa kielt\u00e4yty\u00e4, hyl\u00e4t\u00e4, peruuttaa, rajoittaa tai kielt\u00e4yty\u00e4 luomasta, k\u00e4sittelem\u00e4st\u00e4 tai l\u00e4hett\u00e4m\u00e4st\u00e4 mit\u00e4 tahansa tilausta, perustellen tai ilmoittamatta syyt\u00e4.<\/p>\n<p>Jos peruutamme tilauksen sen j\u00e4lkeen, kun maksu on vastaanotettu, palautamme maksetun summan alkuper\u00e4isell\u00e4 maksutavalla, ellei laki edellyt\u00e4 muuta maksutapaa tai ellei siit\u00e4 ole sovittu kanssasi.<\/p>\n<h2>3. Tilit<\/h2>\n<p>Jos luot tilin, olet vastuussa tunnisteidesi luottamuksellisuuden s\u00e4ilytt\u00e4misest\u00e4 ja kaikesta tilisi kautta tapahtuvasta toiminnasta. Sitoudut antamaan tarkat ja ajantasaiset tiedot ja p\u00e4ivitt\u00e4m\u00e4\u00e4n ne, jos ne muuttuvat.<\/p>\n<h2>4. Tuotteet<\/h2>\n<p>Pyrimme esitt\u00e4m\u00e4\u00e4n tuotekuvaukset, tekniset tiedot, mitat, v\u00e4rit, materiaalit ja hinnat mahdollisimman tarkasti. Monet tuotteet ovat k\u00e4sintehtyj\u00e4, tilaustuotteita tai luonnonmateriaaleista valmistettuja, joten v\u00e4reiss\u00e4, rakenteissa, muodoissa, viimeistelyss\u00e4 ja lujuudessa voi esiinty\u00e4 pieni\u00e4 vaihteluita, jotka eiv\u00e4t v\u00e4ltt\u00e4m\u00e4tt\u00e4 ole virheit\u00e4.<\/p>\n<p><strong>Kokotoleranssi:<\/strong> ero on pienempi kuin <strong>5%<\/strong> ilmoitetuista mitoista (tai sinulle ilmoitetuista mitoista) pidet\u00e4\u00e4n kohtuullisena valmistustoleranssina ja se on hyv\u00e4ksytt\u00e4v\u00e4. <strong>ei ole oikeutettu tukeen<\/strong> pelk\u00e4st\u00e4\u00e4n t\u00e4ll\u00e4 perusteella. T\u00e4m\u00e4 ei rajoita mit\u00e4\u00e4n oikeuksia, joita sinulla voi olla sovellettavan pakottavan kuluttajalains\u00e4\u00e4d\u00e4nn\u00f6n nojalla, jos tuote on olennaisesti viallinen tai ei vastaa kuvausta.<\/p>\n<p>Kaikki tuotteet ovat saatavuuden mukaan. Voimme milloin tahansa muuttaa, lopettaa, rajoittaa tai p\u00e4ivitt\u00e4\u00e4 tuotteita, materiaaleja, vaihtoehtoja tai hinnoittelua.<\/p>\n<h2>5. Mukautetut tuotteet<\/h2>\n<p>Monet Home of Wool-tuotteet ovat mittatilaustuotteita, tilaustuotteita, yksil\u00f6llisi\u00e4 tai valmistetaan valitsemiesi mittojen, kankaiden, t\u00e4ytteiden tai muiden eritelmien mukaan.<\/p>\n<p><strong>R\u00e4\u00e4t\u00e4l\u00f6ityj\u00e4, yksil\u00f6llisi\u00e4, mittatilausty\u00f6n\u00e4 ja tilauksesta valmistettuja tuotteita ei palauteta eik\u00e4 palauteta.<\/strong>, paitsi jos:<\/p>\n<ul>\n<li>tuote saapuu vahingoittuneena;<\/li>\n<li>tuote on olennaisesti viallinen;<\/li>\n<li>v\u00e4\u00e4r\u00e4 tuote on l\u00e4hetetty; tai<\/li>\n<li>palautusta, korjausta, vaihtoa tai palautusta vaaditaan sovellettavan lain mukaan.<\/li>\n<\/ul>\n<p>Olet vastuussa siit\u00e4, ett\u00e4 kaikki tilauksen mukana toimitetut mitat, tekniset tiedot ja mukautetut ohjeet ovat t\u00e4ydellisi\u00e4 ja tarkkoja.<\/p>\n<p>Ty\u00f6ntekij\u00e4 tarkastaa kaikki tilaukset, ja jos on ep\u00e4selvyyksi\u00e4, voimme ottaa sinuun yhteytt\u00e4 tarkentaaksemme yksityiskohtia.<\/p>\n<h2>6. Hinnat, maksut ja toimitustullilla maksettu toimitus (DDP).<\/h2>\n<p>Hinnat ilmoitetaan kassalla ilmoitetussa valuutassa. K\u00e4yt\u00e4mme kolmannen osapuolen maksuprosessoreita k\u00e4sittelem\u00e4\u00e4n maksut turvallisesti. Emme tallenna t\u00e4ydellisi\u00e4 maksukorttitietoja.<\/p>\n<p><strong>DDP (Delivered Duty Paid):<\/strong> toimituksemme toimitetaan <strong>DDP-peruste<\/strong>, eli olet <strong>ei odoteta maksavan<\/strong> tuontitullit, tuontiverot, arvonlis\u00e4vero, tulliselvitysmaksut tai vastaavat maksut toimituksen yhteydess\u00e4 tavanomaisiin DDP-kelpoisiin kohteisiin.<\/p>\n<p>Jos rahdinkuljettaja tai viranomainen vaatii lis\u00e4maksua toimituksen yhteydess\u00e4, ota meihin yhteytt\u00e4 osoitteessa <a href=\"mailto:hello@homeofwool.com\">hello@homeofwool.com<\/a> ennen maksamista, jotta voimme tutkia asian ja neuvoa oikeat jatkotoimet. Tietyiss\u00e4 kohteissa tai poikkeustapauksissa, joissa DDP:t\u00e4 ei voida soveltaa lains\u00e4\u00e4d\u00e4nn\u00f6llisist\u00e4, rahdinkuljettajan tai toiminnallisista rajoituksista johtuen, saatamme ottaa sinuun yhteytt\u00e4 vahvistaaksemme vaihtoehtoisen j\u00e4rjestelyn tai peruuttaaksemme ja hyvitt\u00e4\u00e4ksemme tilauksen.<\/p>\n<h2>7. Toimitus, kuljetusliikkeet, toimitusarviot ja kadonneet paketit.<\/h2>\n<p>K\u00e4yt\u00e4mme <strong>Bulgarian virat<\/strong>, <strong>FedEx<\/strong>, ja <strong>DHL<\/strong> kaikille tilauksille osana logistiikkaverkostoamme. Tilauksessasi k\u00e4ytett\u00e4v\u00e4 kuljetusliike tai palvelutaso voi riippua m\u00e4\u00e4r\u00e4np\u00e4\u00e4st\u00e4, paketin koosta, tuotetyypist\u00e4 ja toiminnallisista vaatimuksista. Joihinkin tilauksiin voi liitty\u00e4 posti- ja kuriiriverkkojen v\u00e4lisi\u00e4 siirtoja.<\/p>\n<p>Toimitusajat ovat arvioita, eik\u00e4 niit\u00e4 voida taata. Viiv\u00e4styksi\u00e4 voi aiheutua tekij\u00f6ist\u00e4, jotka eiv\u00e4t ole kohtuullisessa m\u00e4\u00e4rin hallinnassamme, mukaan lukien tullik\u00e4sittely, s\u00e4\u00e4olosuhteet, kuljetush\u00e4iri\u00f6t, lakot, paikalliset palveluh\u00e4iri\u00f6t, turvatarkastukset tai kassalla annetut ep\u00e4t\u00e4ydelliset tai virheelliset toimitustiedot.<\/p>\n<p>Emme ole vastuussa postioperaattoreiden, tulliviranomaisten tai kolmansien osapuolien kuljetusliikkeiden aiheuttamista toimitusviiveist\u00e4.<\/p>\n<p><strong>Kadonneet paketit:<\/strong> jos l\u00e4hetys todetaan kadonneeksi rahdinkuljettajan kohtuullisen selvityksen j\u00e4lkeen, teemme yhteisty\u00f6t\u00e4 kanssasi ja tarjoamme asianmukaisen korjaustoimenpiteen, johon voi kuulua korvaus tai hyvitys, saatavuudesta ja olosuhteista riippuen.<\/p>\n<p>Olet vastuussa t\u00e4ydellisen ja tarkan toimitusosoitteen antamisesta. Virheellisist\u00e4 tai puutteellisista osoitetiedoista johtuva toimituksen ep\u00e4onnistuminen voi rajoittaa tai viiv\u00e4stytt\u00e4\u00e4 oikeussuojakeinoja.<\/p>\n<h2>8. Palautukset ja hyvitykset<\/h2>\n<p>Muiden kuin asiakastuotteiden palautus ja hyvitys voi olla mahdollista erillisen palautusehtomme mukaisesti tuotteen kunnosta, ajoituksesta ja sovellettavasta kuluttajalains\u00e4\u00e4d\u00e4nn\u00f6st\u00e4 riippuen.<\/p>\n<p>Palautuskelpoisuuteen voi vaikuttaa, jos ainoa ongelma on mittapoikkeama, joka on aiheutunut <strong>v\u00e4hemm\u00e4n kuin-5%<\/strong> 4 jaksossa kuvattu toleranssi.<\/p>\n<p>N\u00e4iss\u00e4 ehdoissa ei rajoiteta mit\u00e4\u00e4n pakollisia kuluttajan oikeuksia, joita ei voida laillisesti sulkea pois tai rajoittaa.<\/p>\n<h2>9. Tarjouskampanjat, kampanjat ja sosiaalisen median kampanjat.<\/h2>\n<p>Saatamme ajoittain j\u00e4rjest\u00e4\u00e4 arvontoja, kilpailuja, kampanjoita tai kampanjoita Sivuston tai kolmannen osapuolen kanavien, kuten Instagramin, kautta.<\/p>\n<p>Ellei tietyst\u00e4 kampanjasta ole julkaistu erillisi\u00e4 virallisia s\u00e4\u00e4nt\u00f6j\u00e4, sovelletaan seuraavia ehtoja:<\/p>\n<ul>\n<li>voittajat valitaan satunnaisesti osallistumiskelpoisten osallistujien joukosta;<\/li>\n<li>palkinnoilla ei ole k\u00e4teisarvoa, eik\u00e4 niit\u00e4 voi vaihtaa rahaksi;<\/li>\n<li>Palkintoja ei palauteta, ei palauteta eik\u00e4 siirret\u00e4;<\/li>\n<li>voimme korvata palkinnon toisella samanarvoisella tai arvokkaammalla palkinnolla, jos se on kohtuudella tarpeen; ja<\/li>\n<li>kaikki kampanjat ovat mit\u00e4tt\u00f6mi\u00e4 siell\u00e4, miss\u00e4 laki kielt\u00e4\u00e4 ne.<\/li>\n<\/ul>\n<p>Jos arvonnalla on erilliset viralliset s\u00e4\u00e4nn\u00f6t, n\u00e4it\u00e4 s\u00e4\u00e4nt\u00f6j\u00e4 sovelletaan n\u00e4iden ehtojen lis\u00e4ksi. Ellei nimenomaisesti toisin mainita, kolmannen osapuolen alustat, kuten Instagram, eiv\u00e4t sponsoroi, tue, hallinnoi tai valvo arvontakilpailujamme.<\/p>\n<h2>10. Hyv\u00e4ksytty k\u00e4ytt\u00f6<\/h2>\n<p>Sitoudut olemaan:<\/p>\n<ul>\n<li>k\u00e4ytt\u00e4\u00e4 Sivustoa laittomiin, petollisiin, v\u00e4\u00e4rink\u00e4yt\u00f6llisiin tai harhaanjohtaviin tarkoituksiin;<\/li>\n<li>h\u00e4irit\u00e4 tai h\u00e4irit\u00e4 Sivustoa, sen infrastruktuuria tai turvallisuutta;<\/li>\n<li>kopioida, kaapata, j\u00e4ljent\u00e4\u00e4, julkaista uudelleen, hy\u00f6dynt\u00e4\u00e4 tai k\u00e4ytt\u00e4\u00e4 kaupallisesti sivuston sis\u00e4lt\u00f6\u00e4 ilman etuk\u00e4teen annettua kirjallista suostumustamme;<\/li>\n<li>ladata, l\u00e4hett\u00e4\u00e4 tai levitt\u00e4\u00e4 haittaohjelmia, roskapostia, haitallista koodia tai haitallista sis\u00e4lt\u00f6\u00e4; tai<\/li>\n<li>esiinty\u00e4 toisena henkil\u00f6n\u00e4 tai antaa v\u00e4\u00e4ri\u00e4, ep\u00e4t\u00e4ydellisi\u00e4 tai harhaanjohtavia tietoja.<\/li>\n<\/ul>\n<h2>11. Henkinen omaisuus<\/h2>\n<p>Sivuston kaikki sis\u00e4lt\u00f6, mukaan lukien teksti, tuotekuvaukset, grafiikka, valokuvat, kuvat, logot, ulkoasut, mallit, tuotemerkit ja niihin liittyv\u00e4t materiaalit, on Home of Wool LTD:n omistuksessa tai lisensoitu sille, ja se on suojattu sovellettavien immateriaalioikeuksien lakien mukaisesti.<\/p>\n<p>Sivustoa saa k\u00e4ytt\u00e4\u00e4 vain henkil\u00f6kohtaiseen, lailliseen, ei-kaupalliseen selailuun ja ostoksiin. Sinulle ei my\u00f6nnet\u00e4 mit\u00e4\u00e4n omistusoikeutta, lisenssi\u00e4 tai muuta etua, ellei n\u00e4iss\u00e4 ehdoissa nimenomaisesti toisin mainita.<\/p>\n<h2>12. Yksityisyys, tietosuoja, ev\u00e4steet ja seuranta<\/h2>\n<p>Tietosuojak\u00e4yt\u00e4nn\u00f6ss\u00e4mme kerrotaan, miten ker\u00e4\u00e4mme, k\u00e4yt\u00e4mme, jaamme ja suojaamme henkil\u00f6tietoja ja miten voit k\u00e4ytt\u00e4\u00e4 tietosuojaoikeuksiasi. Tutustu siihen saadaksesi kaikki yksityiskohdat.<\/p>\n<p>Sivusto k\u00e4ytt\u00e4\u00e4 ev\u00e4steit\u00e4 ja vastaavia tekniikoita, joita voivat olla muun muassa <strong>Google Analytics<\/strong>, <strong>Facebook (Meta) Pixel<\/strong>, ja <strong>Klaviyon seurantatekniikat<\/strong> suorituskyvyn mittaamiseen, liikenteen ymm\u00e4rt\u00e4miseen, markkinoinnin m\u00e4\u00e4rittelyn tukemiseen ja sivuston parantamiseen. Pyyd\u00e4mme suostumusta muihin kuin v\u00e4ltt\u00e4m\u00e4tt\u00f6miin ev\u00e4steisiin ja seurantaan silloin, kun laki sit\u00e4 vaatii.<\/p>\n<p>Markkinoinnista kielt\u00e4ytymist\u00e4 ja tietojen poistamista koskevat pyynn\u00f6t voi l\u00e4hett\u00e4\u00e4 osoitteeseen <a href=\"mailto:hello@homeofwool.com\">hello@homeofwool.com<\/a>.<\/p>\n<h2>13. Kolmansien osapuolten verkkosivustot ja palvelut<\/h2>\n<p>Sivusto voi sis\u00e4lt\u00e4\u00e4 linkkej\u00e4 kolmansien osapuolten verkkosivustoihin, alustoihin, sovelluksiin tai palveluihin. Emme valvo kolmansien osapuolten palveluja emmek\u00e4 ole vastuussa niiden sis\u00e4ll\u00f6st\u00e4, saatavuudesta, turvallisuudesta tai tietosuojak\u00e4yt\u00e4nn\u00f6ist\u00e4. Kolmannen osapuolen palveluiden k\u00e4ytt\u00f6\u00f6n sovelletaan niiden omia ehtoja ja k\u00e4yt\u00e4nt\u00f6j\u00e4.<\/p>\n<h2>14. Vastuuvapauslauseke<\/h2>\n<p>Sivusto ja sen sis\u00e4lt\u00f6 tarjotaan lain sallimissa rajoissa \u201csellaisena kuin se on\u201d ja \u201csellaisena kuin se on saatavilla\u201d. Emme takaa, ett\u00e4 Sivusto on keskeytym\u00e4t\u00f6n, virheet\u00f6n, turvallinen tai vapaa haitallisista komponenteista.<\/p>\n<p>Mik\u00e4\u00e4n n\u00e4iss\u00e4 ehdoissa ei sulje pois takuita, takuita tai oikeuksia, joita ei voida laillisesti sulkea pois sovellettavan kuluttajalains\u00e4\u00e4d\u00e4nn\u00f6n nojalla.<\/p>\n<h2>15. Vastuun rajoittaminen<\/h2>\n<p>Emme ole lain sallimissa rajoissa vastuussa mist\u00e4\u00e4n ep\u00e4suorista, satunnaisista, erityisist\u00e4, v\u00e4lillisist\u00e4 tai rangaistusluonteisista menetyksist\u00e4 tai vahingoista, mukaan lukien voitonmenetykset, tulojen menetykset, liiketoimintamahdollisuuksien menetykset tai tietojen menetykset, jotka johtuvat Sivuston tai mink\u00e4 tahansa tilauksen k\u00e4yt\u00f6st\u00e4si tai liittyv\u00e4t siihen.<\/p>\n<p>Kokonaisvastuumme, joka aiheutuu tilauksesta tai Sivuston k\u00e4yt\u00f6st\u00e4 tai liittyy siihen, ei ylit\u00e4 summaa, jonka olet maksanut kyseisest\u00e4 tuotteesta tai tilauksesta, joka on aiheuttanut vaatimuksen.<\/p>\n<p>N\u00e4iss\u00e4 ehdoissa ei suljeta pois tai rajoiteta vastuuta, jota ei voida laillisesti sulkea pois tai rajoittaa.<\/p>\n<h2>16. Ylivoimainen este<\/h2>\n<p>Emme ole vastuussa viiv\u00e4styksist\u00e4, keskeytyksist\u00e4 tai laiminly\u00f6nneist\u00e4, jotka johtuvat tapahtumista, jotka eiv\u00e4t ole kohtuullisessa m\u00e4\u00e4rin hallinnassamme, mukaan lukien luonnonkatastrofit, sota, terrorismi, kansalaislevottomuudet, ty\u00f6taistelut, kuljetush\u00e4iri\u00f6t, tullitoimet, kybertapahtumat, epidemiat, pandemiat, k\u00e4ytt\u00f6h\u00e4iri\u00f6t tai hallituksen asettamat rajoitukset.<\/p>\n<h2>17. Sovellettava laki ja riidat<\/h2>\n<p>N\u00e4ihin ehtoihin sovelletaan Bulgarian lakeja, ottamatta huomioon lainvalintas\u00e4\u00e4nt\u00f6j\u00e4.<\/p>\n<p>Jos olet kuluttaja, kaikki asuinmaasi lakien sinulle my\u00f6nt\u00e4m\u00e4t pakolliset oikeudet eiv\u00e4t vaikuta n\u00e4ihin oikeuksiin silt\u00e4 osin kuin niit\u00e4 sovelletaan, eik\u00e4 niit\u00e4 voida laillisesti sulkea pois.<\/p>\n<p>Jos sinulla on riita, ota ensin yhteytt\u00e4 meihin osoitteessa <a href=\"mailto:hello@homeofwool.com\">hello@homeofwool.com<\/a> joten meill\u00e4 on kohtuullinen mahdollisuus yritt\u00e4\u00e4 ratkaista asia ep\u00e4virallisesti.<\/p>\n<h2>18. Muutokset n\u00e4ihin ehtoihin<\/h2>\n<p>Saatamme p\u00e4ivitt\u00e4\u00e4 n\u00e4it\u00e4 ehtoja aika ajoin. Kun teemme niin, julkaisemme p\u00e4ivitetyn version Sivustolla ja p\u00e4ivit\u00e4mme \u201cViimeksi p\u00e4ivitetty\u201d -p\u00e4iv\u00e4m\u00e4\u00e4r\u00e4n t\u00e4m\u00e4n sivun yl\u00e4osassa.<\/p>\n<p>Tilaukseen sovelletaan yleens\u00e4 tilauksen tekohetkell\u00e4 voimassa olevaa versiota, ellei laki edellyt\u00e4 muutosta tai ellei nimenomaisesti toisin mainita.<\/p>\n<h2>19. Yhteystiedot<\/h2>\n<p>Jos sinulla on kysytt\u00e4v\u00e4\u00e4 n\u00e4ist\u00e4 ehdoista, tilauksestasi, tilist\u00e4si, markkinointiasetuksista tai tietosuojapyynn\u00f6st\u00e4, ota yhteytt\u00e4:<\/p>\n<p><strong>Home of Wool LTD<\/strong><\/p>\n<p>Majuri Thompson 57, kerros 1, huoneisto 26.<\/p>\n<p>Sofia 1407, Bulgaria<\/p>\n<p>S\u00e4hk\u00f6posti: <a href=\"mailto:hello@homeofwool.com\">hello@homeofwool.com<\/a><\/p>","protected":false},"excerpt":{"rendered":"<p>Terms of Service Last updated: March 10th, 2026 1. About These Terms These Terms of Service (&#8220;Terms&#8221;) govern your access to and use of the Home of Wool website (the &#8220;Site&#8221;), including any orders, purchases, communications, promotions, giveaways, and related services made available through the Site. By using the Site or placing an order, you [&hellip;]<\/p>\n","protected":false},"author":1,"featured_media":0,"parent":0,"menu_order":0,"comment_status":"closed","ping_status":"closed","template":"","meta":{"_acf_changed":false,"footnotes":""},"class_list":["post-219979","page","type-page","status-publish","hentry"],"acf":[],"yoast_head":"<!-- This site is optimized with the Yoast SEO Premium plugin v27.3 (Yoast SEO v27.3) - https:\/\/yoast.com\/product\/yoast-seo-premium-wordpress\/ -->\n<title>Terms &amp; Conditions | Home of Wool<\/title>\n<meta name=\"description\" content=\"Read our Terms and Conditions to understand using the Home of Wool website, placing orders, payments, warranties, and limitations of liability. Please review these terms before completing your purchase.\" \/>\n<meta name=\"robots\" content=\"index, follow, max-snippet:-1, max-image-preview:large, max-video-preview:-1\" \/>\n<link rel=\"canonical\" href=\"https:\/\/homeofwool.com\/fi\/ehdot-ehdot\/\" \/>\n<meta property=\"og:locale\" content=\"fi_FI\" \/>\n<meta property=\"og:type\" content=\"article\" \/>\n<meta property=\"og:title\" content=\"Terms &amp; Conditions\" \/>\n<meta property=\"og:description\" content=\"Read our Terms and Conditions to understand using the Home of Wool website, placing orders, payments, warranties, and limitations of liability. Please review these terms before completing your purchase.\" \/>\n<meta property=\"og:url\" content=\"https:\/\/homeofwool.com\/fi\/ehdot-ehdot\/\" \/>\n<meta property=\"og:site_name\" content=\"Home of Wool\" \/>\n<meta property=\"article:publisher\" content=\"https:\/\/facebook.com\/HomeOfWoolOfficial\" \/>\n<meta property=\"article:modified_time\" content=\"2026-03-10T09:30:56+00:00\" \/>\n<meta name=\"twitter:card\" content=\"summary_large_image\" \/>\n<meta name=\"twitter:label1\" content=\"Arvioitu lukuaika\" \/>\n\t<meta name=\"twitter:data1\" content=\"8 minuuttia\" \/>\n<script type=\"application\/ld+json\" class=\"yoast-schema-graph\">{\"@context\":\"https:\\\/\\\/schema.org\",\"@graph\":[{\"@type\":\"WebPage\",\"@id\":\"https:\\\/\\\/homeofwool.com\\\/terms-conditions\\\/\",\"url\":\"https:\\\/\\\/homeofwool.com\\\/terms-conditions\\\/\",\"name\":\"Terms & Conditions | Home of Wool\",\"isPartOf\":{\"@id\":\"https:\\\/\\\/homeofwool.com\\\/#website\"},\"datePublished\":\"2025-09-27T08:34:20+00:00\",\"dateModified\":\"2026-03-10T09:30:56+00:00\",\"description\":\"Read our Terms and Conditions to understand using the Home of Wool website, placing orders, payments, warranties, and limitations of liability. Please review these terms before completing your purchase.\",\"breadcrumb\":{\"@id\":\"https:\\\/\\\/homeofwool.com\\\/terms-conditions\\\/#breadcrumb\"},\"inLanguage\":\"fi\",\"potentialAction\":[{\"@type\":\"ReadAction\",\"target\":[\"https:\\\/\\\/homeofwool.com\\\/terms-conditions\\\/\"]}]},{\"@type\":\"BreadcrumbList\",\"@id\":\"https:\\\/\\\/homeofwool.com\\\/terms-conditions\\\/#breadcrumb\",\"itemListElement\":[{\"@type\":\"ListItem\",\"position\":1,\"name\":\"Home\",\"item\":\"https:\\\/\\\/homeofwool.com\\\/\"},{\"@type\":\"ListItem\",\"position\":2,\"name\":\"Terms &#038; Conditions\"}]},{\"@type\":\"WebSite\",\"@id\":\"https:\\\/\\\/homeofwool.com\\\/#website\",\"url\":\"https:\\\/\\\/homeofwool.com\\\/\",\"name\":\"Home of Wool\",\"description\":\"\",\"publisher\":{\"@id\":\"https:\\\/\\\/homeofwool.com\\\/#organization\"},\"potentialAction\":[{\"@type\":\"SearchAction\",\"target\":{\"@type\":\"EntryPoint\",\"urlTemplate\":\"https:\\\/\\\/homeofwool.com\\\/?s={search_term_string}\"},\"query-input\":{\"@type\":\"PropertyValueSpecification\",\"valueRequired\":true,\"valueName\":\"search_term_string\"}}],\"inLanguage\":\"fi\"},{\"@type\":\"Organization\",\"@id\":\"https:\\\/\\\/homeofwool.com\\\/#organization\",\"name\":\"Home of Wool\",\"url\":\"https:\\\/\\\/homeofwool.com\\\/\",\"logo\":{\"@type\":\"ImageObject\",\"inLanguage\":\"fi\",\"@id\":\"https:\\\/\\\/homeofwool.com\\\/#\\\/schema\\\/logo\\\/image\\\/\",\"url\":\"https:\\\/\\\/homeofwool.com\\\/wp-content\\\/uploads\\\/2025\\\/09\\\/WhatsApp-Image-2025-12-02-at-16.23.20.jpeg\",\"contentUrl\":\"https:\\\/\\\/homeofwool.com\\\/wp-content\\\/uploads\\\/2025\\\/09\\\/WhatsApp-Image-2025-12-02-at-16.23.20.jpeg\",\"width\":700,\"height\":247,\"caption\":\"Home of Wool\"},\"image\":{\"@id\":\"https:\\\/\\\/homeofwool.com\\\/#\\\/schema\\\/logo\\\/image\\\/\"},\"sameAs\":[\"https:\\\/\\\/facebook.com\\\/HomeOfWoolOfficial\"]}]}<\/script>\n<!-- \/ Yoast SEO Premium plugin. -->","yoast_head_json":{"title":"K\u00e4ytt\u00f6ehdot | Home of Wool","description":"Lue k\u00e4ytt\u00f6ehdot, jotta ymm\u00e4rr\u00e4t Home of Wool-verkkosivuston k\u00e4yt\u00f6n, tilausten tekemisen, maksut, takuut ja vastuun rajoitukset. Tutustu n\u00e4ihin ehtoihin ennen ostoksen tekemist\u00e4.","robots":{"index":"index","follow":"follow","max-snippet":"max-snippet:-1","max-image-preview":"max-image-preview:large","max-video-preview":"max-video-preview:-1"},"canonical":"https:\/\/homeofwool.com\/fi\/ehdot-ehdot\/","og_locale":"fi_FI","og_type":"article","og_title":"Terms & Conditions","og_description":"Read our Terms and Conditions to understand using the Home of Wool website, placing orders, payments, warranties, and limitations of liability. Please review these terms before completing your purchase.","og_url":"https:\/\/homeofwool.com\/fi\/ehdot-ehdot\/","og_site_name":"Home of Wool","article_publisher":"https:\/\/facebook.com\/HomeOfWoolOfficial","article_modified_time":"2026-03-10T09:30:56+00:00","twitter_card":"summary_large_image","twitter_misc":{"Arvioitu lukuaika":"8 minuuttia"},"schema":{"@context":"https:\/\/schema.org","@graph":[{"@type":"WebPage","@id":"https:\/\/homeofwool.com\/terms-conditions\/","url":"https:\/\/homeofwool.com\/terms-conditions\/","name":"K\u00e4ytt\u00f6ehdot | Home of Wool","isPartOf":{"@id":"https:\/\/homeofwool.com\/#website"},"datePublished":"2025-09-27T08:34:20+00:00","dateModified":"2026-03-10T09:30:56+00:00","description":"Lue k\u00e4ytt\u00f6ehdot, jotta ymm\u00e4rr\u00e4t Home of Wool-verkkosivuston k\u00e4yt\u00f6n, tilausten tekemisen, maksut, takuut ja vastuun rajoitukset. Tutustu n\u00e4ihin ehtoihin ennen ostoksen tekemist\u00e4.","breadcrumb":{"@id":"https:\/\/homeofwool.com\/terms-conditions\/#breadcrumb"},"inLanguage":"fi","potentialAction":[{"@type":"ReadAction","target":["https:\/\/homeofwool.com\/terms-conditions\/"]}]},{"@type":"BreadcrumbList","@id":"https:\/\/homeofwool.com\/terms-conditions\/#breadcrumb","itemListElement":[{"@type":"ListItem","position":1,"name":"Home","item":"https:\/\/homeofwool.com\/"},{"@type":"ListItem","position":2,"name":"Terms &#038; Conditions"}]},{"@type":"WebSite","@id":"https:\/\/homeofwool.com\/#website","url":"https:\/\/homeofwool.com\/","name":"Villan koti","description":"","publisher":{"@id":"https:\/\/homeofwool.com\/#organization"},"potentialAction":[{"@type":"SearchAction","target":{"@type":"EntryPoint","urlTemplate":"https:\/\/homeofwool.com\/?s={search_term_string}"},"query-input":{"@type":"PropertyValueSpecification","valueRequired":true,"valueName":"search_term_string"}}],"inLanguage":"fi"},{"@type":"Organization","@id":"https:\/\/homeofwool.com\/#organization","name":"Villan koti","url":"https:\/\/homeofwool.com\/","logo":{"@type":"ImageObject","inLanguage":"fi","@id":"https:\/\/homeofwool.com\/#\/schema\/logo\/image\/","url":"https:\/\/homeofwool.com\/wp-content\/uploads\/2025\/09\/WhatsApp-Image-2025-12-02-at-16.23.20.jpeg","contentUrl":"https:\/\/homeofwool.com\/wp-content\/uploads\/2025\/09\/WhatsApp-Image-2025-12-02-at-16.23.20.jpeg","width":700,"height":247,"caption":"Home of Wool"},"image":{"@id":"https:\/\/homeofwool.com\/#\/schema\/logo\/image\/"},"sameAs":["https:\/\/facebook.com\/HomeOfWoolOfficial"]}]}},"_links":{"self":[{"href":"https:\/\/homeofwool.com\/fi\/wp-json\/wp\/v2\/pages\/219979","targetHints":{"allow":["GET"]}}],"collection":[{"href":"https:\/\/homeofwool.com\/fi\/wp-json\/wp\/v2\/pages"}],"about":[{"href":"https:\/\/homeofwool.com\/fi\/wp-json\/wp\/v2\/types\/page"}],"author":[{"embeddable":true,"href":"https:\/\/homeofwool.com\/fi\/wp-json\/wp\/v2\/users\/1"}],"replies":[{"embeddable":true,"href":"https:\/\/homeofwool.com\/fi\/wp-json\/wp\/v2\/comments?post=219979"}],"version-history":[{"count":1,"href":"https:\/\/homeofwool.com\/fi\/wp-json\/wp\/v2\/pages\/219979\/revisions"}],"predecessor-version":[{"id":228748,"href":"https:\/\/homeofwool.com\/fi\/wp-json\/wp\/v2\/pages\/219979\/revisions\/228748"}],"wp:attachment":[{"href":"https:\/\/homeofwool.com\/fi\/wp-json\/wp\/v2\/media?parent=219979"}],"curies":[{"name":"wp","href":"https:\/\/api.w.org\/{rel}","templated":true}]}}