{"id":227322,"date":"2026-01-15T10:49:25","date_gmt":"2026-01-15T10:49:25","guid":{"rendered":"https:\/\/homeofwool.com\/?post_type=product&#038;p=227322"},"modified":"2026-01-20T10:33:47","modified_gmt":"2026-01-20T10:33:47","slug":"cojin-para-compartir-cama-con-funda-extraible-personalizado-para-leilani","status":"publish","type":"product","link":"https:\/\/homeofwool.com\/es\/shop\/bed-sharing-cushion-with-removable-cover-custom-for-leilani\/","title":{"rendered":"Coj\u00edn para compartir cama con funda extra\u00edble \/ Personalizado para Leilani"},"content":{"rendered":"<p>ALMOHADA COMPARTIDA con funda extra\u00edble<\/p>\n<p>31 x 18\u201d (78,7 x 45,7 cm)<br \/>\nRELLENO: 1,6 kg de lana suelta ecol\u00f3gica<\/p>\n<p>CARACTER\u00cdSTICAS:<br \/>\nFunda lavable.<br \/>\nContornos altos para proteger al beb\u00e9 de rodar y de que usted ruede sobre \u00e9l.<br \/>\nLa zona de hamaca en el centro permite al beb\u00e9 tumbarse en el colch\u00f3n de los padres.<br \/>\nCremallera para ajustar el relleno de lana si es necesario.<\/p>\n<p>ACOLCHADO OPCIONAL EN EL CENTRO PARA CONVERTIRLO EN COLCH\u00d3N: NO<\/p>\n<p>A\u00d1ADIR BORDADO PERSONALIZADO:- no<\/p>\n<p>TEJIDO DE ALMOHADA:\u25cf 100% Algod\u00f3n org\u00e1nico, peso medio, sin blanquear (certificado GOTS).<\/p>\n<p>+ A\u00d1ADIR TEJIDO SLIPCOVER (extra\u00edble, lavable):\u25cf 100% Algod\u00f3n org\u00e1nico, peso medio, sin blanquear (certificado GOTS).<\/p>\n<p>SU M\u00c9TODO DE ENV\u00cdO:- FEDEX ECONOMY GRATIS, , 7-10 d\u00edas de tiempo de tr\u00e1nsito<\/p>","protected":false},"excerpt":{"rendered":"<p>BED SHARING CUSHION with removable cover 31 x 18&#8221; (78.7 x 45.7 cm) FILLING: 1.6 kg (3.6 lbs) of Organic Loose Wool FEATURES: Washable cover. High contours to protect the baby from rolling away and from you rolling over the baby. Hammock area in the middle allows the baby to lay on the parents\u2019 mattress. [&hellip;]<\/p>\n","protected":false},"featured_media":220500,"template":"","meta":{"_acf_changed":false},"product_brand":[],"product_cat":[266],"product_tag":[1365],"class_list":{"0":"post-227322","1":"product","2":"type-product","3":"status-publish","4":"has-post-thumbnail","6":"product_cat-baby-sleep-products","7":"product_tag-custom-for-leilani","9":"first","10":"instock","11":"shipping-taxable","12":"purchasable","13":"product-type-simple"},"acf":[],"yoast_head":"<!-- This site is optimized with the Yoast SEO Premium plugin v27.3 (Yoast SEO v27.3) - https:\/\/yoast.com\/product\/yoast-seo-premium-wordpress\/ -->\n<title>Bed Sharing Cushion with Removable Cover \/ Custom for Leilani | Home of Wool<\/title>\n<meta name=\"robots\" content=\"noindex, nofollow\" \/>\n<meta property=\"og:locale\" content=\"es_ES\" \/>\n<meta property=\"og:type\" content=\"article\" \/>\n<meta property=\"og:title\" content=\"Bed Sharing Cushion with Removable Cover \/ Custom for Leilani\" \/>\n<meta property=\"og:description\" content=\"BED SHARING CUSHION with removable cover 31 x 18&#8221; (78.7 x 45.7 cm) FILLING: 1.6 kg (3.6 lbs) of Organic Loose Wool FEATURES: Washable cover. High contours to protect the baby from rolling away and from you rolling over the baby. Hammock area in the middle allows the baby to lay on the parents\u2019 mattress. [&hellip;]\" \/>\n<meta property=\"og:url\" content=\"https:\/\/homeofwool.com\/es\/tienda\/cojin-para-compartir-cama-con-funda-extraible-personalizado-para-leilani\/\" \/>\n<meta property=\"og:site_name\" content=\"Home of Wool\" \/>\n<meta property=\"article:publisher\" content=\"https:\/\/facebook.com\/HomeOfWoolOfficial\" \/>\n<meta property=\"article:modified_time\" content=\"2026-01-20T10:33:47+00:00\" \/>\n<meta property=\"og:image\" content=\"https:\/\/homeofwool.com\/wp-content\/uploads\/2025\/09\/cropped-cropped-home-of-wool-logo-favicon-192x192.png.webp\" \/>\n\t<meta property=\"og:image:width\" content=\"512\" \/>\n\t<meta property=\"og:image:height\" content=\"512\" \/>\n\t<meta property=\"og:image:type\" content=\"image\/webp\" \/>\n<meta name=\"twitter:card\" content=\"summary_large_image\" \/>\n<meta name=\"twitter:label1\" content=\"Tiempo de lectura\" \/>\n\t<meta name=\"twitter:data1\" content=\"1 minuto\" \/>\n<script type=\"application\/ld+json\" class=\"yoast-schema-graph\">{\"@context\":\"https:\\\/\\\/schema.org\",\"@graph\":[{\"@type\":\"WebPage\",\"@id\":\"https:\\\/\\\/homeofwool.com\\\/shop\\\/bed-sharing-cushion-with-removable-cover-custom-for-leilani\\\/\",\"url\":\"https:\\\/\\\/homeofwool.com\\\/shop\\\/bed-sharing-cushion-with-removable-cover-custom-for-leilani\\\/\",\"name\":\"Bed Sharing Cushion with Removable Cover \\\/ Custom for Leilani | Home of Wool\",\"isPartOf\":{\"@id\":\"https:\\\/\\\/homeofwool.com\\\/#website\"},\"primaryImageOfPage\":{\"@id\":\"https:\\\/\\\/homeofwool.com\\\/shop\\\/bed-sharing-cushion-with-removable-cover-custom-for-leilani\\\/#primaryimage\"},\"image\":{\"@id\":\"https:\\\/\\\/homeofwool.com\\\/shop\\\/bed-sharing-cushion-with-removable-cover-custom-for-leilani\\\/#primaryimage\"},\"thumbnailUrl\":\"https:\\\/\\\/homeofwool.com\\\/wp-content\\\/uploads\\\/2025\\\/09\\\/cropped-cropped-home-of-wool-logo-favicon-192x192.png.webp\",\"datePublished\":\"2026-01-15T10:49:25+00:00\",\"dateModified\":\"2026-01-20T10:33:47+00:00\",\"breadcrumb\":{\"@id\":\"https:\\\/\\\/homeofwool.com\\\/shop\\\/bed-sharing-cushion-with-removable-cover-custom-for-leilani\\\/#breadcrumb\"},\"inLanguage\":\"es\",\"potentialAction\":[{\"@type\":\"ReadAction\",\"target\":[\"https:\\\/\\\/homeofwool.com\\\/shop\\\/bed-sharing-cushion-with-removable-cover-custom-for-leilani\\\/\"]}]},{\"@type\":\"ImageObject\",\"inLanguage\":\"es\",\"@id\":\"https:\\\/\\\/homeofwool.com\\\/shop\\\/bed-sharing-cushion-with-removable-cover-custom-for-leilani\\\/#primaryimage\",\"url\":\"https:\\\/\\\/homeofwool.com\\\/wp-content\\\/uploads\\\/2025\\\/09\\\/cropped-cropped-home-of-wool-logo-favicon-192x192.png.webp\",\"contentUrl\":\"https:\\\/\\\/homeofwool.com\\\/wp-content\\\/uploads\\\/2025\\\/09\\\/cropped-cropped-home-of-wool-logo-favicon-192x192.png.webp\",\"width\":512,\"height\":512},{\"@type\":\"BreadcrumbList\",\"@id\":\"https:\\\/\\\/homeofwool.com\\\/shop\\\/bed-sharing-cushion-with-removable-cover-custom-for-leilani\\\/#breadcrumb\",\"itemListElement\":[{\"@type\":\"ListItem\",\"position\":1,\"name\":\"Home\",\"item\":\"https:\\\/\\\/homeofwool.com\\\/\"},{\"@type\":\"ListItem\",\"position\":2,\"name\":\"Products\",\"item\":\"https:\\\/\\\/homeofwool.com\\\/header-search-2\\\/\"},{\"@type\":\"ListItem\",\"position\":3,\"name\":\"Bed Sharing Cushion with Removable Cover \\\/ Custom for Leilani\"}]},{\"@type\":\"WebSite\",\"@id\":\"https:\\\/\\\/homeofwool.com\\\/#website\",\"url\":\"https:\\\/\\\/homeofwool.com\\\/\",\"name\":\"Home of Wool\",\"description\":\"\",\"publisher\":{\"@id\":\"https:\\\/\\\/homeofwool.com\\\/#organization\"},\"potentialAction\":[{\"@type\":\"SearchAction\",\"target\":{\"@type\":\"EntryPoint\",\"urlTemplate\":\"https:\\\/\\\/homeofwool.com\\\/?s={search_term_string}\"},\"query-input\":{\"@type\":\"PropertyValueSpecification\",\"valueRequired\":true,\"valueName\":\"search_term_string\"}}],\"inLanguage\":\"es\"},{\"@type\":\"Organization\",\"@id\":\"https:\\\/\\\/homeofwool.com\\\/#organization\",\"name\":\"Home of Wool\",\"url\":\"https:\\\/\\\/homeofwool.com\\\/\",\"logo\":{\"@type\":\"ImageObject\",\"inLanguage\":\"es\",\"@id\":\"https:\\\/\\\/homeofwool.com\\\/#\\\/schema\\\/logo\\\/image\\\/\",\"url\":\"https:\\\/\\\/homeofwool.com\\\/wp-content\\\/uploads\\\/2025\\\/09\\\/WhatsApp-Image-2025-12-02-at-16.23.20.jpeg\",\"contentUrl\":\"https:\\\/\\\/homeofwool.com\\\/wp-content\\\/uploads\\\/2025\\\/09\\\/WhatsApp-Image-2025-12-02-at-16.23.20.jpeg\",\"width\":700,\"height\":247,\"caption\":\"Home of Wool\"},\"image\":{\"@id\":\"https:\\\/\\\/homeofwool.com\\\/#\\\/schema\\\/logo\\\/image\\\/\"},\"sameAs\":[\"https:\\\/\\\/facebook.com\\\/HomeOfWoolOfficial\"]}]}<\/script>\n<!-- \/ Yoast SEO Premium plugin. -->","yoast_head_json":{"title":"Coj\u00edn para compartir cama con funda extra\u00edble \/ Personalizado para Leilani | Home of Wool","robots":{"index":"noindex","follow":"nofollow"},"og_locale":"es_ES","og_type":"article","og_title":"Bed Sharing Cushion with Removable Cover \/ Custom for Leilani","og_description":"BED SHARING CUSHION with removable cover 31 x 18&#8221; (78.7 x 45.7 cm) FILLING: 1.6 kg (3.6 lbs) of Organic Loose Wool FEATURES: Washable cover. High contours to protect the baby from rolling away and from you rolling over the baby. Hammock area in the middle allows the baby to lay on the parents\u2019 mattress. [&hellip;]","og_url":"https:\/\/homeofwool.com\/es\/tienda\/cojin-para-compartir-cama-con-funda-extraible-personalizado-para-leilani\/","og_site_name":"Home of Wool","article_publisher":"https:\/\/facebook.com\/HomeOfWoolOfficial","article_modified_time":"2026-01-20T10:33:47+00:00","og_image":[{"width":512,"height":512,"url":"https:\/\/homeofwool.com\/wp-content\/uploads\/2025\/09\/cropped-cropped-home-of-wool-logo-favicon-192x192.png.webp","type":"image\/webp"}],"twitter_card":"summary_large_image","twitter_misc":{"Tiempo de lectura":"1 minuto"},"schema":{"@context":"https:\/\/schema.org","@graph":[{"@type":"WebPage","@id":"https:\/\/homeofwool.com\/shop\/bed-sharing-cushion-with-removable-cover-custom-for-leilani\/","url":"https:\/\/homeofwool.com\/shop\/bed-sharing-cushion-with-removable-cover-custom-for-leilani\/","name":"Coj\u00edn para compartir cama con funda extra\u00edble \/ Personalizado para Leilani | Home of Wool","isPartOf":{"@id":"https:\/\/homeofwool.com\/#website"},"primaryImageOfPage":{"@id":"https:\/\/homeofwool.com\/shop\/bed-sharing-cushion-with-removable-cover-custom-for-leilani\/#primaryimage"},"image":{"@id":"https:\/\/homeofwool.com\/shop\/bed-sharing-cushion-with-removable-cover-custom-for-leilani\/#primaryimage"},"thumbnailUrl":"https:\/\/homeofwool.com\/wp-content\/uploads\/2025\/09\/cropped-cropped-home-of-wool-logo-favicon-192x192.png.webp","datePublished":"2026-01-15T10:49:25+00:00","dateModified":"2026-01-20T10:33:47+00:00","breadcrumb":{"@id":"https:\/\/homeofwool.com\/shop\/bed-sharing-cushion-with-removable-cover-custom-for-leilani\/#breadcrumb"},"inLanguage":"es","potentialAction":[{"@type":"ReadAction","target":["https:\/\/homeofwool.com\/shop\/bed-sharing-cushion-with-removable-cover-custom-for-leilani\/"]}]},{"@type":"ImageObject","inLanguage":"es","@id":"https:\/\/homeofwool.com\/shop\/bed-sharing-cushion-with-removable-cover-custom-for-leilani\/#primaryimage","url":"https:\/\/homeofwool.com\/wp-content\/uploads\/2025\/09\/cropped-cropped-home-of-wool-logo-favicon-192x192.png.webp","contentUrl":"https:\/\/homeofwool.com\/wp-content\/uploads\/2025\/09\/cropped-cropped-home-of-wool-logo-favicon-192x192.png.webp","width":512,"height":512},{"@type":"BreadcrumbList","@id":"https:\/\/homeofwool.com\/shop\/bed-sharing-cushion-with-removable-cover-custom-for-leilani\/#breadcrumb","itemListElement":[{"@type":"ListItem","position":1,"name":"Home","item":"https:\/\/homeofwool.com\/"},{"@type":"ListItem","position":2,"name":"Products","item":"https:\/\/homeofwool.com\/header-search-2\/"},{"@type":"ListItem","position":3,"name":"Bed Sharing Cushion with Removable Cover \/ Custom for Leilani"}]},{"@type":"WebSite","@id":"https:\/\/homeofwool.com\/#website","url":"https:\/\/homeofwool.com\/","name":"Hogar de la lana","description":"","publisher":{"@id":"https:\/\/homeofwool.com\/#organization"},"potentialAction":[{"@type":"SearchAction","target":{"@type":"EntryPoint","urlTemplate":"https:\/\/homeofwool.com\/?s={search_term_string}"},"query-input":{"@type":"PropertyValueSpecification","valueRequired":true,"valueName":"search_term_string"}}],"inLanguage":"es"},{"@type":"Organization","@id":"https:\/\/homeofwool.com\/#organization","name":"Hogar de la lana","url":"https:\/\/homeofwool.com\/","logo":{"@type":"ImageObject","inLanguage":"es","@id":"https:\/\/homeofwool.com\/#\/schema\/logo\/image\/","url":"https:\/\/homeofwool.com\/wp-content\/uploads\/2025\/09\/WhatsApp-Image-2025-12-02-at-16.23.20.jpeg","contentUrl":"https:\/\/homeofwool.com\/wp-content\/uploads\/2025\/09\/WhatsApp-Image-2025-12-02-at-16.23.20.jpeg","width":700,"height":247,"caption":"Home of Wool"},"image":{"@id":"https:\/\/homeofwool.com\/#\/schema\/logo\/image\/"},"sameAs":["https:\/\/facebook.com\/HomeOfWoolOfficial"]}]}},"_links":{"self":[{"href":"https:\/\/homeofwool.com\/es\/wp-json\/wp\/v2\/product\/227322","targetHints":{"allow":["GET"]}}],"collection":[{"href":"https:\/\/homeofwool.com\/es\/wp-json\/wp\/v2\/product"}],"about":[{"href":"https:\/\/homeofwool.com\/es\/wp-json\/wp\/v2\/types\/product"}],"version-history":[{"count":1,"href":"https:\/\/homeofwool.com\/es\/wp-json\/wp\/v2\/product\/227322\/revisions"}],"predecessor-version":[{"id":227323,"href":"https:\/\/homeofwool.com\/es\/wp-json\/wp\/v2\/product\/227322\/revisions\/227323"}],"wp:featuredmedia":[{"embeddable":true,"href":"https:\/\/homeofwool.com\/es\/wp-json\/wp\/v2\/media\/220500"}],"wp:attachment":[{"href":"https:\/\/homeofwool.com\/es\/wp-json\/wp\/v2\/media?parent=227322"}],"wp:term":[{"taxonomy":"product_brand","embeddable":true,"href":"https:\/\/homeofwool.com\/es\/wp-json\/wp\/v2\/product_brand?post=227322"},{"taxonomy":"product_cat","embeddable":true,"href":"https:\/\/homeofwool.com\/es\/wp-json\/wp\/v2\/product_cat?post=227322"},{"taxonomy":"product_tag","embeddable":true,"href":"https:\/\/homeofwool.com\/es\/wp-json\/wp\/v2\/product_tag?post=227322"}],"curies":[{"name":"wp","href":"https:\/\/api.w.org\/{rel}","templated":true}]}}