{"id":226916,"date":"2025-12-23T09:04:44","date_gmt":"2025-12-23T09:04:44","guid":{"rendered":"https:\/\/homeofwool.com\/?post_type=product&#038;p=226916"},"modified":"2026-01-20T10:35:58","modified_gmt":"2026-01-20T10:35:58","slug":"colchon-de-moises-a-medida-para-jennica","status":"publish","type":"product","link":"https:\/\/homeofwool.com\/es\/shop\/bassinet-mattress-custom-for-jennica\/","title":{"rendered":"Colch\u00f3n para mois\u00e9s \/ A medida para Jennica"},"content":{"rendered":"<div>COLCH\u00d3N PARA MOIS\u00c9S<\/div>\n<div><\/div>\n<div>15 x 33,5 x 1,5\u201d (38,1 x 85,1 x 4 cm)<\/div>\n<div>RELLENO: 0,5 kg de guata de lana org\u00e1nica certificada GOTS<\/div>\n<div><\/div>\n<div>CARACTER\u00cdSTICAS:<\/div>\n<div>Mechones poco profundos para una superficie plana.<\/div>\n<div>Tejido a mano con hilo de lino natural para mantener el relleno en su sitio.<\/div>\n<div>Kit de reparaci\u00f3n gratuito.<\/div>\n<div><\/div>\n<div>TEJIDO DEL COLCH\u00d3N: \u25cf 100% Lana virgen (certificado Oeko-Tex).<\/div>\n<div><\/div>\n<div>TEJIDO DE LA FUNDA \u25cf 100% Algod\u00f3n org\u00e1nico, peso medio, sin blanquear (certificado GOTS).<\/div>\n<div><\/div>\n<div>SU M\u00c9TODO DE ENV\u00cdO:- FEDEX ECONOMY, 7-10 d\u00edas laborables tiempo de tr\u00e1nsito<\/div>","protected":false},"excerpt":{"rendered":"<p>BASSINET MATTRESS 15 x 33.5 x 1.5&#8221; (38.1 x 85.1 x 4 cm) FILLING: 0.5 kg (1.1 lbs) of Organic GOTS Certified Wool Batting FEATURES: Shallow tufts for a flat surface. Hand-tufted with natural linen thread to keep the filling in place. Complimentary mending kit. FABRIC OF THE MATTRESS: \u25cf 100% Virgin Wool (Oeko-Tex certified) [&hellip;]<\/p>\n","protected":false},"featured_media":220500,"template":"","meta":{"_acf_changed":false},"product_brand":[],"product_cat":[459],"product_tag":[1361],"class_list":{"0":"post-226916","1":"product","2":"type-product","3":"status-publish","4":"has-post-thumbnail","6":"product_cat-mattresses-toppers","7":"product_tag-custom-listing-for-jennica","9":"first","10":"instock","11":"shipping-taxable","12":"purchasable","13":"product-type-simple"},"acf":[],"yoast_head":"<!-- This site is optimized with the Yoast SEO Premium plugin v27.3 (Yoast SEO v27.3) - https:\/\/yoast.com\/product\/yoast-seo-premium-wordpress\/ -->\n<title>Bassinet Mattress \/ Custom for Jennica | Home of Wool<\/title>\n<meta name=\"robots\" content=\"noindex, nofollow\" \/>\n<meta property=\"og:locale\" content=\"es_ES\" \/>\n<meta property=\"og:type\" content=\"article\" \/>\n<meta property=\"og:title\" content=\"Bassinet Mattress \/ Custom for Jennica\" \/>\n<meta property=\"og:description\" content=\"BASSINET MATTRESS 15 x 33.5 x 1.5&#8221; (38.1 x 85.1 x 4 cm) FILLING: 0.5 kg (1.1 lbs) of Organic GOTS Certified Wool Batting FEATURES: Shallow tufts for a flat surface. Hand-tufted with natural linen thread to keep the filling in place. Complimentary mending kit. FABRIC OF THE MATTRESS: \u25cf 100% Virgin Wool (Oeko-Tex certified) [&hellip;]\" \/>\n<meta property=\"og:url\" content=\"https:\/\/homeofwool.com\/es\/tienda\/colchon-de-moises-a-medida-para-jennica\/\" \/>\n<meta property=\"og:site_name\" content=\"Home of Wool\" \/>\n<meta property=\"article:publisher\" content=\"https:\/\/facebook.com\/HomeOfWoolOfficial\" \/>\n<meta property=\"article:modified_time\" content=\"2026-01-20T10:35:58+00:00\" \/>\n<meta property=\"og:image\" content=\"https:\/\/homeofwool.com\/wp-content\/uploads\/2025\/09\/cropped-cropped-home-of-wool-logo-favicon-192x192.png.webp\" \/>\n\t<meta property=\"og:image:width\" content=\"512\" \/>\n\t<meta property=\"og:image:height\" content=\"512\" \/>\n\t<meta property=\"og:image:type\" content=\"image\/webp\" \/>\n<meta name=\"twitter:card\" content=\"summary_large_image\" \/>\n<meta name=\"twitter:label1\" content=\"Tiempo de lectura\" \/>\n\t<meta name=\"twitter:data1\" content=\"1 minuto\" \/>\n<script type=\"application\/ld+json\" class=\"yoast-schema-graph\">{\"@context\":\"https:\\\/\\\/schema.org\",\"@graph\":[{\"@type\":\"WebPage\",\"@id\":\"https:\\\/\\\/homeofwool.com\\\/shop\\\/bassinet-mattress-custom-for-jennica\\\/\",\"url\":\"https:\\\/\\\/homeofwool.com\\\/shop\\\/bassinet-mattress-custom-for-jennica\\\/\",\"name\":\"Bassinet Mattress \\\/ Custom for Jennica | Home of Wool\",\"isPartOf\":{\"@id\":\"https:\\\/\\\/homeofwool.com\\\/#website\"},\"primaryImageOfPage\":{\"@id\":\"https:\\\/\\\/homeofwool.com\\\/shop\\\/bassinet-mattress-custom-for-jennica\\\/#primaryimage\"},\"image\":{\"@id\":\"https:\\\/\\\/homeofwool.com\\\/shop\\\/bassinet-mattress-custom-for-jennica\\\/#primaryimage\"},\"thumbnailUrl\":\"https:\\\/\\\/homeofwool.com\\\/wp-content\\\/uploads\\\/2025\\\/09\\\/cropped-cropped-home-of-wool-logo-favicon-192x192.png.webp\",\"datePublished\":\"2025-12-23T09:04:44+00:00\",\"dateModified\":\"2026-01-20T10:35:58+00:00\",\"breadcrumb\":{\"@id\":\"https:\\\/\\\/homeofwool.com\\\/shop\\\/bassinet-mattress-custom-for-jennica\\\/#breadcrumb\"},\"inLanguage\":\"es\",\"potentialAction\":[{\"@type\":\"ReadAction\",\"target\":[\"https:\\\/\\\/homeofwool.com\\\/shop\\\/bassinet-mattress-custom-for-jennica\\\/\"]}]},{\"@type\":\"ImageObject\",\"inLanguage\":\"es\",\"@id\":\"https:\\\/\\\/homeofwool.com\\\/shop\\\/bassinet-mattress-custom-for-jennica\\\/#primaryimage\",\"url\":\"https:\\\/\\\/homeofwool.com\\\/wp-content\\\/uploads\\\/2025\\\/09\\\/cropped-cropped-home-of-wool-logo-favicon-192x192.png.webp\",\"contentUrl\":\"https:\\\/\\\/homeofwool.com\\\/wp-content\\\/uploads\\\/2025\\\/09\\\/cropped-cropped-home-of-wool-logo-favicon-192x192.png.webp\",\"width\":512,\"height\":512},{\"@type\":\"BreadcrumbList\",\"@id\":\"https:\\\/\\\/homeofwool.com\\\/shop\\\/bassinet-mattress-custom-for-jennica\\\/#breadcrumb\",\"itemListElement\":[{\"@type\":\"ListItem\",\"position\":1,\"name\":\"Home\",\"item\":\"https:\\\/\\\/homeofwool.com\\\/\"},{\"@type\":\"ListItem\",\"position\":2,\"name\":\"Products\",\"item\":\"https:\\\/\\\/homeofwool.com\\\/header-search-2\\\/\"},{\"@type\":\"ListItem\",\"position\":3,\"name\":\"Bassinet Mattress \\\/ Custom for Jennica\"}]},{\"@type\":\"WebSite\",\"@id\":\"https:\\\/\\\/homeofwool.com\\\/#website\",\"url\":\"https:\\\/\\\/homeofwool.com\\\/\",\"name\":\"Home of Wool\",\"description\":\"\",\"publisher\":{\"@id\":\"https:\\\/\\\/homeofwool.com\\\/#organization\"},\"potentialAction\":[{\"@type\":\"SearchAction\",\"target\":{\"@type\":\"EntryPoint\",\"urlTemplate\":\"https:\\\/\\\/homeofwool.com\\\/?s={search_term_string}\"},\"query-input\":{\"@type\":\"PropertyValueSpecification\",\"valueRequired\":true,\"valueName\":\"search_term_string\"}}],\"inLanguage\":\"es\"},{\"@type\":\"Organization\",\"@id\":\"https:\\\/\\\/homeofwool.com\\\/#organization\",\"name\":\"Home of Wool\",\"url\":\"https:\\\/\\\/homeofwool.com\\\/\",\"logo\":{\"@type\":\"ImageObject\",\"inLanguage\":\"es\",\"@id\":\"https:\\\/\\\/homeofwool.com\\\/#\\\/schema\\\/logo\\\/image\\\/\",\"url\":\"https:\\\/\\\/homeofwool.com\\\/wp-content\\\/uploads\\\/2025\\\/09\\\/WhatsApp-Image-2025-12-02-at-16.23.20.jpeg\",\"contentUrl\":\"https:\\\/\\\/homeofwool.com\\\/wp-content\\\/uploads\\\/2025\\\/09\\\/WhatsApp-Image-2025-12-02-at-16.23.20.jpeg\",\"width\":700,\"height\":247,\"caption\":\"Home of Wool\"},\"image\":{\"@id\":\"https:\\\/\\\/homeofwool.com\\\/#\\\/schema\\\/logo\\\/image\\\/\"},\"sameAs\":[\"https:\\\/\\\/facebook.com\\\/HomeOfWoolOfficial\"]}]}<\/script>\n<!-- \/ Yoast SEO Premium plugin. -->","yoast_head_json":{"title":"Colch\u00f3n para mois\u00e9s \/ A medida para Jennica | Home of Wool","robots":{"index":"noindex","follow":"nofollow"},"og_locale":"es_ES","og_type":"article","og_title":"Bassinet Mattress \/ Custom for Jennica","og_description":"BASSINET MATTRESS 15 x 33.5 x 1.5&#8221; (38.1 x 85.1 x 4 cm) FILLING: 0.5 kg (1.1 lbs) of Organic GOTS Certified Wool Batting FEATURES: Shallow tufts for a flat surface. Hand-tufted with natural linen thread to keep the filling in place. Complimentary mending kit. FABRIC OF THE MATTRESS: \u25cf 100% Virgin Wool (Oeko-Tex certified) [&hellip;]","og_url":"https:\/\/homeofwool.com\/es\/tienda\/colchon-de-moises-a-medida-para-jennica\/","og_site_name":"Home of Wool","article_publisher":"https:\/\/facebook.com\/HomeOfWoolOfficial","article_modified_time":"2026-01-20T10:35:58+00:00","og_image":[{"width":512,"height":512,"url":"https:\/\/homeofwool.com\/wp-content\/uploads\/2025\/09\/cropped-cropped-home-of-wool-logo-favicon-192x192.png.webp","type":"image\/webp"}],"twitter_card":"summary_large_image","twitter_misc":{"Tiempo de lectura":"1 minuto"},"schema":{"@context":"https:\/\/schema.org","@graph":[{"@type":"WebPage","@id":"https:\/\/homeofwool.com\/shop\/bassinet-mattress-custom-for-jennica\/","url":"https:\/\/homeofwool.com\/shop\/bassinet-mattress-custom-for-jennica\/","name":"Colch\u00f3n para mois\u00e9s \/ A medida para Jennica | Home of Wool","isPartOf":{"@id":"https:\/\/homeofwool.com\/#website"},"primaryImageOfPage":{"@id":"https:\/\/homeofwool.com\/shop\/bassinet-mattress-custom-for-jennica\/#primaryimage"},"image":{"@id":"https:\/\/homeofwool.com\/shop\/bassinet-mattress-custom-for-jennica\/#primaryimage"},"thumbnailUrl":"https:\/\/homeofwool.com\/wp-content\/uploads\/2025\/09\/cropped-cropped-home-of-wool-logo-favicon-192x192.png.webp","datePublished":"2025-12-23T09:04:44+00:00","dateModified":"2026-01-20T10:35:58+00:00","breadcrumb":{"@id":"https:\/\/homeofwool.com\/shop\/bassinet-mattress-custom-for-jennica\/#breadcrumb"},"inLanguage":"es","potentialAction":[{"@type":"ReadAction","target":["https:\/\/homeofwool.com\/shop\/bassinet-mattress-custom-for-jennica\/"]}]},{"@type":"ImageObject","inLanguage":"es","@id":"https:\/\/homeofwool.com\/shop\/bassinet-mattress-custom-for-jennica\/#primaryimage","url":"https:\/\/homeofwool.com\/wp-content\/uploads\/2025\/09\/cropped-cropped-home-of-wool-logo-favicon-192x192.png.webp","contentUrl":"https:\/\/homeofwool.com\/wp-content\/uploads\/2025\/09\/cropped-cropped-home-of-wool-logo-favicon-192x192.png.webp","width":512,"height":512},{"@type":"BreadcrumbList","@id":"https:\/\/homeofwool.com\/shop\/bassinet-mattress-custom-for-jennica\/#breadcrumb","itemListElement":[{"@type":"ListItem","position":1,"name":"Home","item":"https:\/\/homeofwool.com\/"},{"@type":"ListItem","position":2,"name":"Products","item":"https:\/\/homeofwool.com\/header-search-2\/"},{"@type":"ListItem","position":3,"name":"Bassinet Mattress \/ Custom for Jennica"}]},{"@type":"WebSite","@id":"https:\/\/homeofwool.com\/#website","url":"https:\/\/homeofwool.com\/","name":"Hogar de la lana","description":"","publisher":{"@id":"https:\/\/homeofwool.com\/#organization"},"potentialAction":[{"@type":"SearchAction","target":{"@type":"EntryPoint","urlTemplate":"https:\/\/homeofwool.com\/?s={search_term_string}"},"query-input":{"@type":"PropertyValueSpecification","valueRequired":true,"valueName":"search_term_string"}}],"inLanguage":"es"},{"@type":"Organization","@id":"https:\/\/homeofwool.com\/#organization","name":"Hogar de la lana","url":"https:\/\/homeofwool.com\/","logo":{"@type":"ImageObject","inLanguage":"es","@id":"https:\/\/homeofwool.com\/#\/schema\/logo\/image\/","url":"https:\/\/homeofwool.com\/wp-content\/uploads\/2025\/09\/WhatsApp-Image-2025-12-02-at-16.23.20.jpeg","contentUrl":"https:\/\/homeofwool.com\/wp-content\/uploads\/2025\/09\/WhatsApp-Image-2025-12-02-at-16.23.20.jpeg","width":700,"height":247,"caption":"Home of Wool"},"image":{"@id":"https:\/\/homeofwool.com\/#\/schema\/logo\/image\/"},"sameAs":["https:\/\/facebook.com\/HomeOfWoolOfficial"]}]}},"_links":{"self":[{"href":"https:\/\/homeofwool.com\/es\/wp-json\/wp\/v2\/product\/226916","targetHints":{"allow":["GET"]}}],"collection":[{"href":"https:\/\/homeofwool.com\/es\/wp-json\/wp\/v2\/product"}],"about":[{"href":"https:\/\/homeofwool.com\/es\/wp-json\/wp\/v2\/types\/product"}],"version-history":[{"count":1,"href":"https:\/\/homeofwool.com\/es\/wp-json\/wp\/v2\/product\/226916\/revisions"}],"predecessor-version":[{"id":226917,"href":"https:\/\/homeofwool.com\/es\/wp-json\/wp\/v2\/product\/226916\/revisions\/226917"}],"wp:featuredmedia":[{"embeddable":true,"href":"https:\/\/homeofwool.com\/es\/wp-json\/wp\/v2\/media\/220500"}],"wp:attachment":[{"href":"https:\/\/homeofwool.com\/es\/wp-json\/wp\/v2\/media?parent=226916"}],"wp:term":[{"taxonomy":"product_brand","embeddable":true,"href":"https:\/\/homeofwool.com\/es\/wp-json\/wp\/v2\/product_brand?post=226916"},{"taxonomy":"product_cat","embeddable":true,"href":"https:\/\/homeofwool.com\/es\/wp-json\/wp\/v2\/product_cat?post=226916"},{"taxonomy":"product_tag","embeddable":true,"href":"https:\/\/homeofwool.com\/es\/wp-json\/wp\/v2\/product_tag?post=226916"}],"curies":[{"name":"wp","href":"https:\/\/api.w.org\/{rel}","templated":true}]}}