{"id":226899,"date":"2025-12-23T11:57:55","date_gmt":"2025-12-23T11:57:55","guid":{"rendered":"https:\/\/homeofwool.com\/?post_type=product&#038;p=226899"},"modified":"2026-04-03T13:50:15","modified_gmt":"2026-04-03T13:50:15","slug":"moises-babybay","status":"publish","type":"product","link":"https:\/\/homeofwool.com\/es\/shop\/bassinet-babybay\/","title":{"rendered":"Mois\u00e9s Babybay de lana"},"content":{"rendered":"<p class=\"ql-block\" data-block-id=\"block-aab92655-3c2c-4d7e-bed8-c47482e6fcae\">Este colch\u00f3n de mois\u00e9s Babybay se ha desarrollado como un colch\u00f3n de mois\u00e9s org\u00e1nico para compartir la cama que se adapta perfectamente a la cama de su beb\u00e9. Se asienta de forma segura dentro del armaz\u00f3n y crea una superficie de descanso estable y natural que resulta tranquilizadora. El interior est\u00e1 hecho de capas de lana, un material que gestiona el calor y la humedad por s\u00ed solo para conseguir la temperatura perfecta para dormir. La lana lo hace de forma natural y no necesita aditivos.<\/p>\n<p class=\"ql-block\" data-block-id=\"block-129cc5a5-204a-49df-a0fe-9892dd16fdb0\">Para los beb\u00e9s que duermen cerca de sus padres, la circulaci\u00f3n del aire y la comodidad suelen ser m\u00e1s importantes de lo que esperamos. La lana ayuda a evitar esa sensaci\u00f3n de humedad y sobrecalentamiento tan com\u00fan con la espuma, al tiempo que sigue siendo suavemente aislante. La superficie sujeta al beb\u00e9 sin darle sensaci\u00f3n de rigidez. Con el tiempo, la lana mantiene su estructura, pero sigue siendo suave al tacto.<\/p>\n<p class=\"ql-block\" data-block-id=\"block-85e866fd-4248-4b13-9d27-1cb67ed0e4dc\">Como colch\u00f3n ecol\u00f3gico para babybay, es naturalmente hipoalerg\u00e9nico y muy adecuado para hogares con alergias, asma o sensibilidad general. No tiene capas de pl\u00e1stico ni acabados qu\u00edmicos. S\u00f3lo lana y tejidos naturales.<\/p>\n<p class=\"ql-block\" data-block-id=\"block-53cf7e38-9c6b-4a0e-b845-1603d1e93756\">Disponemos de todas las opciones de tama\u00f1os de mois\u00e9s Babybay, incluidas las versiones rectangulares y los modelos con dos esquinas redondeadas. Tambi\u00e9n hacemos tama\u00f1os personalizados bajo petici\u00f3n.<\/p>","protected":false},"excerpt":{"rendered":"<p>Este colch\u00f3n org\u00e1nico para mois\u00e9s Babybay est\u00e1 hecho para adaptarse a su mois\u00e9s de la forma en que est\u00e1 destinado a ser utilizado. El colch\u00f3n de lana para mois\u00e9s Babybay est\u00e1 relleno de bateo de lana pura, que ofrece un confort tranquilo y transpirable. Todos los tama\u00f1os est\u00e1n disponibles, y las peticiones personalizadas son siempre bienvenidas.<\/p>","protected":false},"featured_media":226902,"template":"","meta":{"_acf_changed":false},"product_brand":[],"product_cat":[459],"product_tag":[149],"class_list":{"0":"post-226899","1":"product","2":"type-product","3":"status-publish","4":"has-post-thumbnail","6":"product_cat-mattresses-toppers","7":"product_tag-steps","9":"first","10":"instock","11":"shipping-taxable","12":"purchasable","13":"product-type-simple"},"acf":[],"yoast_head":"<!-- This site is optimized with the Yoast SEO Premium plugin v27.3 (Yoast SEO v27.3) - https:\/\/yoast.com\/product\/yoast-seo-premium-wordpress\/ -->\n<title>Wool Babybay Bassinet Mattress \u2013 Natural Wool Insert | Home of Wool<\/title>\n<meta name=\"description\" content=\"Organic Babybay bassinet mattress insert filled with pure wool batting\u2014breathable, moisture-managing comfort. Fits all Babybay sizes; custom shapes available.\" \/>\n<meta name=\"robots\" content=\"index, follow, max-snippet:-1, max-image-preview:large, max-video-preview:-1\" \/>\n<link rel=\"canonical\" href=\"https:\/\/homeofwool.com\/es\/tienda\/moises-babybay\/\" \/>\n<meta property=\"og:locale\" content=\"es_ES\" \/>\n<meta property=\"og:type\" content=\"article\" \/>\n<meta property=\"og:title\" content=\"Wool Babybay Bassinet\" \/>\n<meta property=\"og:description\" content=\"Organic Babybay bassinet mattress insert filled with pure wool batting\u2014breathable, moisture-managing comfort. Fits all Babybay sizes; custom shapes available.\" \/>\n<meta property=\"og:url\" content=\"https:\/\/homeofwool.com\/es\/tienda\/moises-babybay\/\" \/>\n<meta property=\"og:site_name\" content=\"Home of Wool\" \/>\n<meta property=\"article:publisher\" content=\"https:\/\/facebook.com\/HomeOfWoolOfficial\" \/>\n<meta property=\"article:modified_time\" content=\"2026-04-03T13:50:15+00:00\" \/>\n<meta property=\"og:image\" content=\"https:\/\/homeofwool.com\/wp-content\/uploads\/2025\/12\/home-of-wool-babybay-bassinet-main.webp\" \/>\n\t<meta property=\"og:image:width\" content=\"1920\" \/>\n\t<meta property=\"og:image:height\" content=\"1536\" \/>\n\t<meta property=\"og:image:type\" content=\"image\/webp\" \/>\n<meta name=\"twitter:card\" content=\"summary_large_image\" \/>\n<meta name=\"twitter:label1\" content=\"Tiempo de lectura\" \/>\n\t<meta name=\"twitter:data1\" content=\"1 minuto\" \/>\n<script type=\"application\/ld+json\" class=\"yoast-schema-graph\">{\"@context\":\"https:\\\/\\\/schema.org\",\"@graph\":[{\"@type\":\"WebPage\",\"@id\":\"https:\\\/\\\/homeofwool.com\\\/shop\\\/bassinet-babybay\\\/\",\"url\":\"https:\\\/\\\/homeofwool.com\\\/shop\\\/bassinet-babybay\\\/\",\"name\":\"Wool Babybay Bassinet Mattress \u2013 Natural Wool Insert | Home of Wool\",\"isPartOf\":{\"@id\":\"https:\\\/\\\/homeofwool.com\\\/#website\"},\"primaryImageOfPage\":{\"@id\":\"https:\\\/\\\/homeofwool.com\\\/shop\\\/bassinet-babybay\\\/#primaryimage\"},\"image\":{\"@id\":\"https:\\\/\\\/homeofwool.com\\\/shop\\\/bassinet-babybay\\\/#primaryimage\"},\"thumbnailUrl\":\"https:\\\/\\\/homeofwool.com\\\/wp-content\\\/uploads\\\/2025\\\/12\\\/home-of-wool-babybay-bassinet-main.webp\",\"datePublished\":\"2025-12-23T11:57:55+00:00\",\"dateModified\":\"2026-04-03T13:50:15+00:00\",\"description\":\"Organic Babybay bassinet mattress insert filled with pure wool batting\u2014breathable, moisture-managing comfort. Fits all Babybay sizes; custom shapes available.\",\"breadcrumb\":{\"@id\":\"https:\\\/\\\/homeofwool.com\\\/shop\\\/bassinet-babybay\\\/#breadcrumb\"},\"inLanguage\":\"es\",\"potentialAction\":[{\"@type\":\"ReadAction\",\"target\":[\"https:\\\/\\\/homeofwool.com\\\/shop\\\/bassinet-babybay\\\/\"]}]},{\"@type\":\"ImageObject\",\"inLanguage\":\"es\",\"@id\":\"https:\\\/\\\/homeofwool.com\\\/shop\\\/bassinet-babybay\\\/#primaryimage\",\"url\":\"https:\\\/\\\/homeofwool.com\\\/wp-content\\\/uploads\\\/2025\\\/12\\\/home-of-wool-babybay-bassinet-main.webp\",\"contentUrl\":\"https:\\\/\\\/homeofwool.com\\\/wp-content\\\/uploads\\\/2025\\\/12\\\/home-of-wool-babybay-bassinet-main.webp\",\"width\":1920,\"height\":1536,\"caption\":\"home of wool babybay bassinet next to a bed in a bedroom with a plant and a window with brown curtain in the background\"},{\"@type\":\"BreadcrumbList\",\"@id\":\"https:\\\/\\\/homeofwool.com\\\/shop\\\/bassinet-babybay\\\/#breadcrumb\",\"itemListElement\":[{\"@type\":\"ListItem\",\"position\":1,\"name\":\"Home\",\"item\":\"https:\\\/\\\/homeofwool.com\\\/\"},{\"@type\":\"ListItem\",\"position\":2,\"name\":\"Products\",\"item\":\"https:\\\/\\\/homeofwool.com\\\/header-search-2\\\/\"},{\"@type\":\"ListItem\",\"position\":3,\"name\":\"Wool Babybay Bassinet\"}]},{\"@type\":\"WebSite\",\"@id\":\"https:\\\/\\\/homeofwool.com\\\/#website\",\"url\":\"https:\\\/\\\/homeofwool.com\\\/\",\"name\":\"Home of Wool\",\"description\":\"\",\"publisher\":{\"@id\":\"https:\\\/\\\/homeofwool.com\\\/#organization\"},\"potentialAction\":[{\"@type\":\"SearchAction\",\"target\":{\"@type\":\"EntryPoint\",\"urlTemplate\":\"https:\\\/\\\/homeofwool.com\\\/?s={search_term_string}\"},\"query-input\":{\"@type\":\"PropertyValueSpecification\",\"valueRequired\":true,\"valueName\":\"search_term_string\"}}],\"inLanguage\":\"es\"},{\"@type\":\"Organization\",\"@id\":\"https:\\\/\\\/homeofwool.com\\\/#organization\",\"name\":\"Home of Wool\",\"url\":\"https:\\\/\\\/homeofwool.com\\\/\",\"logo\":{\"@type\":\"ImageObject\",\"inLanguage\":\"es\",\"@id\":\"https:\\\/\\\/homeofwool.com\\\/#\\\/schema\\\/logo\\\/image\\\/\",\"url\":\"https:\\\/\\\/homeofwool.com\\\/wp-content\\\/uploads\\\/2025\\\/09\\\/WhatsApp-Image-2025-12-02-at-16.23.20.jpeg\",\"contentUrl\":\"https:\\\/\\\/homeofwool.com\\\/wp-content\\\/uploads\\\/2025\\\/09\\\/WhatsApp-Image-2025-12-02-at-16.23.20.jpeg\",\"width\":700,\"height\":247,\"caption\":\"Home of Wool\"},\"image\":{\"@id\":\"https:\\\/\\\/homeofwool.com\\\/#\\\/schema\\\/logo\\\/image\\\/\"},\"sameAs\":[\"https:\\\/\\\/facebook.com\\\/HomeOfWoolOfficial\"]}]}<\/script>\n<!-- \/ Yoast SEO Premium plugin. -->","yoast_head_json":{"title":"Colch\u00f3n de lana para mois\u00e9s Babybay - Inserto de lana natural | Home of Wool","description":"Colch\u00f3n org\u00e1nico para mois\u00e9s Babybay relleno de bateo de pura lana, transpirable y confortable que controla la humedad. Se adapta a todos los tama\u00f1os Babybay; formas personalizadas disponibles.","robots":{"index":"index","follow":"follow","max-snippet":"max-snippet:-1","max-image-preview":"max-image-preview:large","max-video-preview":"max-video-preview:-1"},"canonical":"https:\/\/homeofwool.com\/es\/tienda\/moises-babybay\/","og_locale":"es_ES","og_type":"article","og_title":"Wool Babybay Bassinet","og_description":"Organic Babybay bassinet mattress insert filled with pure wool batting\u2014breathable, moisture-managing comfort. Fits all Babybay sizes; custom shapes available.","og_url":"https:\/\/homeofwool.com\/es\/tienda\/moises-babybay\/","og_site_name":"Home of Wool","article_publisher":"https:\/\/facebook.com\/HomeOfWoolOfficial","article_modified_time":"2026-04-03T13:50:15+00:00","og_image":[{"width":1920,"height":1536,"url":"https:\/\/homeofwool.com\/wp-content\/uploads\/2025\/12\/home-of-wool-babybay-bassinet-main.webp","type":"image\/webp"}],"twitter_card":"summary_large_image","twitter_misc":{"Tiempo de lectura":"1 minuto"},"schema":{"@context":"https:\/\/schema.org","@graph":[{"@type":"WebPage","@id":"https:\/\/homeofwool.com\/shop\/bassinet-babybay\/","url":"https:\/\/homeofwool.com\/shop\/bassinet-babybay\/","name":"Colch\u00f3n de lana para mois\u00e9s Babybay - Inserto de lana natural | Home of Wool","isPartOf":{"@id":"https:\/\/homeofwool.com\/#website"},"primaryImageOfPage":{"@id":"https:\/\/homeofwool.com\/shop\/bassinet-babybay\/#primaryimage"},"image":{"@id":"https:\/\/homeofwool.com\/shop\/bassinet-babybay\/#primaryimage"},"thumbnailUrl":"https:\/\/homeofwool.com\/wp-content\/uploads\/2025\/12\/home-of-wool-babybay-bassinet-main.webp","datePublished":"2025-12-23T11:57:55+00:00","dateModified":"2026-04-03T13:50:15+00:00","description":"Colch\u00f3n org\u00e1nico para mois\u00e9s Babybay relleno de bateo de pura lana, transpirable y confortable que controla la humedad. Se adapta a todos los tama\u00f1os Babybay; formas personalizadas disponibles.","breadcrumb":{"@id":"https:\/\/homeofwool.com\/shop\/bassinet-babybay\/#breadcrumb"},"inLanguage":"es","potentialAction":[{"@type":"ReadAction","target":["https:\/\/homeofwool.com\/shop\/bassinet-babybay\/"]}]},{"@type":"ImageObject","inLanguage":"es","@id":"https:\/\/homeofwool.com\/shop\/bassinet-babybay\/#primaryimage","url":"https:\/\/homeofwool.com\/wp-content\/uploads\/2025\/12\/home-of-wool-babybay-bassinet-main.webp","contentUrl":"https:\/\/homeofwool.com\/wp-content\/uploads\/2025\/12\/home-of-wool-babybay-bassinet-main.webp","width":1920,"height":1536,"caption":"home of wool babybay bassinet next to a bed in a bedroom with a plant and a window with brown curtain in the background"},{"@type":"BreadcrumbList","@id":"https:\/\/homeofwool.com\/shop\/bassinet-babybay\/#breadcrumb","itemListElement":[{"@type":"ListItem","position":1,"name":"Home","item":"https:\/\/homeofwool.com\/"},{"@type":"ListItem","position":2,"name":"Products","item":"https:\/\/homeofwool.com\/header-search-2\/"},{"@type":"ListItem","position":3,"name":"Wool Babybay Bassinet"}]},{"@type":"WebSite","@id":"https:\/\/homeofwool.com\/#website","url":"https:\/\/homeofwool.com\/","name":"Hogar de la lana","description":"","publisher":{"@id":"https:\/\/homeofwool.com\/#organization"},"potentialAction":[{"@type":"SearchAction","target":{"@type":"EntryPoint","urlTemplate":"https:\/\/homeofwool.com\/?s={search_term_string}"},"query-input":{"@type":"PropertyValueSpecification","valueRequired":true,"valueName":"search_term_string"}}],"inLanguage":"es"},{"@type":"Organization","@id":"https:\/\/homeofwool.com\/#organization","name":"Hogar de la lana","url":"https:\/\/homeofwool.com\/","logo":{"@type":"ImageObject","inLanguage":"es","@id":"https:\/\/homeofwool.com\/#\/schema\/logo\/image\/","url":"https:\/\/homeofwool.com\/wp-content\/uploads\/2025\/09\/WhatsApp-Image-2025-12-02-at-16.23.20.jpeg","contentUrl":"https:\/\/homeofwool.com\/wp-content\/uploads\/2025\/09\/WhatsApp-Image-2025-12-02-at-16.23.20.jpeg","width":700,"height":247,"caption":"Home of Wool"},"image":{"@id":"https:\/\/homeofwool.com\/#\/schema\/logo\/image\/"},"sameAs":["https:\/\/facebook.com\/HomeOfWoolOfficial"]}]}},"_links":{"self":[{"href":"https:\/\/homeofwool.com\/es\/wp-json\/wp\/v2\/product\/226899","targetHints":{"allow":["GET"]}}],"collection":[{"href":"https:\/\/homeofwool.com\/es\/wp-json\/wp\/v2\/product"}],"about":[{"href":"https:\/\/homeofwool.com\/es\/wp-json\/wp\/v2\/types\/product"}],"version-history":[{"count":2,"href":"https:\/\/homeofwool.com\/es\/wp-json\/wp\/v2\/product\/226899\/revisions"}],"predecessor-version":[{"id":229315,"href":"https:\/\/homeofwool.com\/es\/wp-json\/wp\/v2\/product\/226899\/revisions\/229315"}],"wp:featuredmedia":[{"embeddable":true,"href":"https:\/\/homeofwool.com\/es\/wp-json\/wp\/v2\/media\/226902"}],"wp:attachment":[{"href":"https:\/\/homeofwool.com\/es\/wp-json\/wp\/v2\/media?parent=226899"}],"wp:term":[{"taxonomy":"product_brand","embeddable":true,"href":"https:\/\/homeofwool.com\/es\/wp-json\/wp\/v2\/product_brand?post=226899"},{"taxonomy":"product_cat","embeddable":true,"href":"https:\/\/homeofwool.com\/es\/wp-json\/wp\/v2\/product_cat?post=226899"},{"taxonomy":"product_tag","embeddable":true,"href":"https:\/\/homeofwool.com\/es\/wp-json\/wp\/v2\/product_tag?post=226899"}],"curies":[{"name":"wp","href":"https:\/\/api.w.org\/{rel}","templated":true}]}}