{"id":223729,"date":"2025-11-03T07:23:34","date_gmt":"2025-11-03T07:23:34","guid":{"rendered":"https:\/\/homeofwool.com\/?post_type=product&#038;p=223729"},"modified":"2026-01-30T12:29:24","modified_gmt":"2026-01-30T12:29:24","slug":"set-de-belleza-para-dormir","status":"publish","type":"product","link":"https:\/\/homeofwool.com\/es\/shop\/beauty-sleep-set\/","title":{"rendered":"Set de belleza para dormir - Seda de morera"},"content":{"rendered":"<p class=\"ql-block\" data-block-id=\"block-d767229f-9309-43d7-b80b-4dd5071d5417\">Despi\u00e9rtate con una piel radiante y un cabello brillante con el set Beauty Sleep de Home of Wool. Este es tu kit antienvejecimiento todo en uno para dormir. La seda de morera es ligera y suave. Es delicada con tu piel y tu cabello. Les ayuda a mantener su suavidad y brillo naturales. \u00bfEl secreto? La seda natural est\u00e1 repleta de amino\u00e1cidos que ayudan a mantenerlos suaves y saludables.<\/p>\n<p class=\"ql-block\" data-block-id=\"block-4af61955-2fbb-4b68-944f-e51489de79f1\">El antifaz de seda con relleno de lana combina la frescura de la seda con la transpirabilidad de la lana. Aporta ligereza y favorece un despertar m\u00e1s fresco. Todo ello mientras hidrata tu rostro durante el sue\u00f1o.<\/p>\n<p class=\"ql-block\" data-block-id=\"block-88e52b3d-a6b4-4c27-880c-c2d9c119e642\">La banda de seda para el cabello protege tu melena de la fricci\u00f3n y la sequedad, ayudando a reducir la rotura y a preservar el brillo mientras duermes. La banda de seda para el cabello mantiene tu melena c\u00f3modamente en su sitio durante tus rituales de cuidado de la piel. La goma para el cabello completa el conjunto y es perfecta para usar en casa o como un elegante accesorio para el d\u00eda a d\u00eda.<\/p>\n<p class=\"ql-block\" data-block-id=\"block-993a3a38-7ca1-4e77-8346-fafca4904f15\">El set incluye una bolsa de seda para mantener todo organizado. Los accesorios se pueden comprar por separado, pero si eliges el set completo, recibir\u00e1s la goma para el pelo y la bolsa de seda como obsequios.<\/p>\n<p data-block-id=\"block-993a3a38-7ca1-4e77-8346-fafca4904f15\">Funda de almohada de seda opcional:<\/p>\n<ul>\n<li data-block-id=\"block-993a3a38-7ca1-4e77-8346-fafca4904f15\">Tama\u00f1o: 20 x 26 pulgadas (50,8 x 66 cm)<\/li>\n<\/ul>","protected":false},"excerpt":{"rendered":"<p>Disfruta del aut\u00e9ntico lujo nocturno con nuestro set Beauty Sleep. Un kit antienvejecimiento para dormir dise\u00f1ado para nutrir tu piel y tu cabello mientras descansas. El pack incluye un antifaz de seda con relleno de lana, una banda para el cabello de seda, una cinta para el cabello de seda y un scrunchie para el cabello. Toda la colecci\u00f3n est\u00e1 confeccionada con seda pura de morera. Sin tintes ni acabados qu\u00edmicos.<\/p>\n<div class=\"global-icon-set\">\n<div class=\"global-icon-set__items\">\n<div class=\"global-icon-set__item\">\n<div class=\"global-icon-set__image\">\n                                    <img decoding=\"async\" src=\"https:\/\/homeofwool.com\/wp-content\/uploads\/2025\/09\/handmade-icon-300x300.png\" alt=\"icono hecho a mano\" \/>\n                                <\/div>\n<div class=\"global-icon-set__title\">Hecho a mano<\/div>\n<\/p><\/div>\n<div class=\"global-icon-set__item\">\n<div class=\"global-icon-set__image\">\n                                    <img decoding=\"async\" src=\"https:\/\/homeofwool.com\/wp-content\/uploads\/2025\/09\/VOCs-min-300x300.png\" alt=\"vocs free\" \/>\n                                <\/div>\n<div class=\"global-icon-set__title\">Sin COV<\/div>\n<\/p><\/div>\n<div class=\"global-icon-set__item\">\n<div class=\"global-icon-set__image\">\n                                    <img decoding=\"async\" src=\"https:\/\/homeofwool.com\/wp-content\/uploads\/2025\/09\/FR-min-300x300.png\" alt=\"icono de resistencia al fuego\" \/>\n                                <\/div>\n<div class=\"global-icon-set__title\">Resistente al fuego<\/div>\n<\/p><\/div>\n<div class=\"global-icon-set__item\">\n<div class=\"global-icon-set__image\">\n                                    <img decoding=\"async\" src=\"https:\/\/homeofwool.com\/wp-content\/uploads\/2025\/09\/Hypoallergenic-min-300x300.png\" alt=\"icono hipoalerg\u00e9nico\" \/>\n                                <\/div>\n<div class=\"global-icon-set__title\">Hipoalerg\u00e9nico<\/div>\n<\/p><\/div>\n<div class=\"global-icon-set__item\">\n<div class=\"global-icon-set__image\">\n                                    <img decoding=\"async\" src=\"https:\/\/homeofwool.com\/wp-content\/uploads\/2025\/09\/free-of-synthetics-icon-300x300.png\" alt=\"icono sin sint\u00e9ticos\" \/>\n                                <\/div>\n<div class=\"global-icon-set__title\">Sin sint\u00e9ticos<\/div>\n<\/p><\/div>\n<div class=\"global-icon-set__item\">\n<div class=\"global-icon-set__image\">\n                                    <img decoding=\"async\" src=\"https:\/\/homeofwool.com\/wp-content\/uploads\/2025\/09\/chemical-free-icon-300x300.png\" alt=\"icono sin productos qu\u00edmicos\" \/>\n                                <\/div>\n<div class=\"global-icon-set__title\">Sin productos qu\u00edmicos<\/div>\n<\/p><\/div>\n<div class=\"global-icon-set__item\">\n<div class=\"global-icon-set__image\">\n                                    <img decoding=\"async\" src=\"https:\/\/homeofwool.com\/wp-content\/uploads\/2025\/09\/certified-materials-icon-300x300.png\" alt=\"icono de materiales certificados\" \/>\n                                <\/div>\n<div class=\"global-icon-set__title\">100% Materiales puros certificados<\/div>\n<\/p><\/div>\n<\/p><\/div>\n<\/p><\/div>","protected":false},"featured_media":223731,"template":"","meta":{"_acf_changed":false},"product_brand":[],"product_cat":[557,1366,590,558],"product_tag":[],"class_list":{"0":"post-223729","1":"product","2":"type-product","3":"status-publish","4":"has-post-thumbnail","6":"product_cat-new","7":"product_cat-womens-day","8":"product_cat-accessories","9":"product_cat-zero-waste-accessories","11":"first","12":"instock","13":"shipping-taxable","14":"purchasable","15":"product-type-simple"},"acf":[],"yoast_head":"<!-- This site is optimized with the Yoast SEO Premium plugin v27.3 (Yoast SEO v27.3) - https:\/\/yoast.com\/product\/yoast-seo-premium-wordpress\/ -->\n<title>Beauty Sleep Silk Set \u2013 Anti-Aging Sleep Kit | Home of Wool<\/title>\n<meta name=\"description\" content=\"Wake up radiant with this anti-aging sleep kit of pure Mulberry silk and breathable wool\u2014nourishing skin, protecting hair, and enhancing your natural glow overnight.\" \/>\n<meta name=\"robots\" content=\"index, follow, max-snippet:-1, max-image-preview:large, max-video-preview:-1\" \/>\n<link rel=\"canonical\" href=\"https:\/\/homeofwool.com\/es\/tienda\/set-de-belleza-para-dormir\/\" \/>\n<meta property=\"og:locale\" content=\"es_ES\" \/>\n<meta property=\"og:type\" content=\"article\" \/>\n<meta property=\"og:title\" content=\"Beauty Sleep Set \u2013 Mulberry Silk\" \/>\n<meta property=\"og:description\" content=\"Wake up radiant with this anti-aging sleep kit of pure Mulberry silk and breathable wool\u2014nourishing skin, protecting hair, and enhancing your natural glow overnight.\" \/>\n<meta property=\"og:url\" content=\"https:\/\/homeofwool.com\/es\/tienda\/set-de-belleza-para-dormir\/\" \/>\n<meta property=\"og:site_name\" content=\"Home of Wool\" \/>\n<meta property=\"article:publisher\" content=\"https:\/\/facebook.com\/HomeOfWoolOfficial\" \/>\n<meta property=\"article:modified_time\" content=\"2026-01-30T12:29:24+00:00\" \/>\n<meta property=\"og:image\" content=\"https:\/\/homeofwool.com\/wp-content\/uploads\/2025\/11\/home-of-wool-beauty-sleep-set-main.jpg\" \/>\n\t<meta property=\"og:image:width\" content=\"1938\" \/>\n\t<meta property=\"og:image:height\" content=\"1551\" \/>\n\t<meta property=\"og:image:type\" content=\"image\/jpeg\" \/>\n<meta name=\"twitter:card\" content=\"summary_large_image\" \/>\n<meta name=\"twitter:label1\" content=\"Tiempo de lectura\" \/>\n\t<meta name=\"twitter:data1\" content=\"2 minutos\" \/>\n<script type=\"application\/ld+json\" class=\"yoast-schema-graph\">{\"@context\":\"https:\\\/\\\/schema.org\",\"@graph\":[{\"@type\":\"WebPage\",\"@id\":\"https:\\\/\\\/homeofwool.com\\\/nl\\\/winkelen\\\/schoonheidsslaapset\\\/\",\"url\":\"https:\\\/\\\/homeofwool.com\\\/nl\\\/winkelen\\\/schoonheidsslaapset\\\/\",\"name\":\"Beauty Sleep Silk Set \u2013 Anti-Aging Sleep Kit | Home of Wool\",\"isPartOf\":{\"@id\":\"https:\\\/\\\/homeofwool.com\\\/#website\"},\"primaryImageOfPage\":{\"@id\":\"https:\\\/\\\/homeofwool.com\\\/nl\\\/winkelen\\\/schoonheidsslaapset\\\/#primaryimage\"},\"image\":{\"@id\":\"https:\\\/\\\/homeofwool.com\\\/nl\\\/winkelen\\\/schoonheidsslaapset\\\/#primaryimage\"},\"thumbnailUrl\":\"https:\\\/\\\/homeofwool.com\\\/wp-content\\\/uploads\\\/2025\\\/11\\\/home-of-wool-beauty-sleep-set-main.jpg\",\"datePublished\":\"2025-11-03T07:23:34+00:00\",\"dateModified\":\"2026-01-30T12:29:24+00:00\",\"description\":\"Wake up radiant with this anti-aging sleep kit of pure Mulberry silk and breathable wool\u2014nourishing skin, protecting hair, and enhancing your natural glow overnight.\",\"breadcrumb\":{\"@id\":\"https:\\\/\\\/homeofwool.com\\\/nl\\\/winkelen\\\/schoonheidsslaapset\\\/#breadcrumb\"},\"inLanguage\":\"es\",\"potentialAction\":[{\"@type\":\"ReadAction\",\"target\":[\"https:\\\/\\\/homeofwool.com\\\/nl\\\/winkelen\\\/schoonheidsslaapset\\\/\"]}]},{\"@type\":\"ImageObject\",\"inLanguage\":\"es\",\"@id\":\"https:\\\/\\\/homeofwool.com\\\/nl\\\/winkelen\\\/schoonheidsslaapset\\\/#primaryimage\",\"url\":\"https:\\\/\\\/homeofwool.com\\\/wp-content\\\/uploads\\\/2025\\\/11\\\/home-of-wool-beauty-sleep-set-main.jpg\",\"contentUrl\":\"https:\\\/\\\/homeofwool.com\\\/wp-content\\\/uploads\\\/2025\\\/11\\\/home-of-wool-beauty-sleep-set-main.jpg\",\"width\":1938,\"height\":1551,\"caption\":\"sleep mask, turban, scrunchie and hair band laid on silk surface\"},{\"@type\":\"BreadcrumbList\",\"@id\":\"https:\\\/\\\/homeofwool.com\\\/nl\\\/winkelen\\\/schoonheidsslaapset\\\/#breadcrumb\",\"itemListElement\":[{\"@type\":\"ListItem\",\"position\":1,\"name\":\"Home\",\"item\":\"https:\\\/\\\/homeofwool.com\\\/\"},{\"@type\":\"ListItem\",\"position\":2,\"name\":\"Products\",\"item\":\"https:\\\/\\\/homeofwool.com\\\/header-search-2\\\/\"},{\"@type\":\"ListItem\",\"position\":3,\"name\":\"Beauty Sleep Set \u2013 Mulberry Silk\"}]},{\"@type\":\"WebSite\",\"@id\":\"https:\\\/\\\/homeofwool.com\\\/#website\",\"url\":\"https:\\\/\\\/homeofwool.com\\\/\",\"name\":\"Home of Wool\",\"description\":\"\",\"publisher\":{\"@id\":\"https:\\\/\\\/homeofwool.com\\\/#organization\"},\"potentialAction\":[{\"@type\":\"SearchAction\",\"target\":{\"@type\":\"EntryPoint\",\"urlTemplate\":\"https:\\\/\\\/homeofwool.com\\\/?s={search_term_string}\"},\"query-input\":{\"@type\":\"PropertyValueSpecification\",\"valueRequired\":true,\"valueName\":\"search_term_string\"}}],\"inLanguage\":\"es\"},{\"@type\":\"Organization\",\"@id\":\"https:\\\/\\\/homeofwool.com\\\/#organization\",\"name\":\"Home of Wool\",\"url\":\"https:\\\/\\\/homeofwool.com\\\/\",\"logo\":{\"@type\":\"ImageObject\",\"inLanguage\":\"es\",\"@id\":\"https:\\\/\\\/homeofwool.com\\\/#\\\/schema\\\/logo\\\/image\\\/\",\"url\":\"https:\\\/\\\/homeofwool.com\\\/wp-content\\\/uploads\\\/2025\\\/09\\\/WhatsApp-Image-2025-12-02-at-16.23.20.jpeg\",\"contentUrl\":\"https:\\\/\\\/homeofwool.com\\\/wp-content\\\/uploads\\\/2025\\\/09\\\/WhatsApp-Image-2025-12-02-at-16.23.20.jpeg\",\"width\":700,\"height\":247,\"caption\":\"Home of Wool\"},\"image\":{\"@id\":\"https:\\\/\\\/homeofwool.com\\\/#\\\/schema\\\/logo\\\/image\\\/\"},\"sameAs\":[\"https:\\\/\\\/facebook.com\\\/HomeOfWoolOfficial\"]}]}<\/script>\n<!-- \/ Yoast SEO Premium plugin. -->","yoast_head_json":{"title":"Conjunto de seda Beauty Sleep: kit antienvejecimiento para dormir | Home of Wool","description":"Despi\u00e9rtate radiante con este kit antienvejecimiento para dormir, hecho de seda pura de morera y lana transpirable, que nutre la piel, protege el cabello y realza tu brillo natural durante la noche.","robots":{"index":"index","follow":"follow","max-snippet":"max-snippet:-1","max-image-preview":"max-image-preview:large","max-video-preview":"max-video-preview:-1"},"canonical":"https:\/\/homeofwool.com\/es\/tienda\/set-de-belleza-para-dormir\/","og_locale":"es_ES","og_type":"article","og_title":"Beauty Sleep Set \u2013 Mulberry Silk","og_description":"Wake up radiant with this anti-aging sleep kit of pure Mulberry silk and breathable wool\u2014nourishing skin, protecting hair, and enhancing your natural glow overnight.","og_url":"https:\/\/homeofwool.com\/es\/tienda\/set-de-belleza-para-dormir\/","og_site_name":"Home of Wool","article_publisher":"https:\/\/facebook.com\/HomeOfWoolOfficial","article_modified_time":"2026-01-30T12:29:24+00:00","og_image":[{"width":1938,"height":1551,"url":"https:\/\/homeofwool.com\/wp-content\/uploads\/2025\/11\/home-of-wool-beauty-sleep-set-main.jpg","type":"image\/jpeg"}],"twitter_card":"summary_large_image","twitter_misc":{"Tiempo de lectura":"2 minutos"},"schema":{"@context":"https:\/\/schema.org","@graph":[{"@type":"WebPage","@id":"https:\/\/homeofwool.com\/nl\/winkelen\/schoonheidsslaapset\/","url":"https:\/\/homeofwool.com\/nl\/winkelen\/schoonheidsslaapset\/","name":"Conjunto de seda Beauty Sleep: kit antienvejecimiento para dormir | Home of Wool","isPartOf":{"@id":"https:\/\/homeofwool.com\/#website"},"primaryImageOfPage":{"@id":"https:\/\/homeofwool.com\/nl\/winkelen\/schoonheidsslaapset\/#primaryimage"},"image":{"@id":"https:\/\/homeofwool.com\/nl\/winkelen\/schoonheidsslaapset\/#primaryimage"},"thumbnailUrl":"https:\/\/homeofwool.com\/wp-content\/uploads\/2025\/11\/home-of-wool-beauty-sleep-set-main.jpg","datePublished":"2025-11-03T07:23:34+00:00","dateModified":"2026-01-30T12:29:24+00:00","description":"Despi\u00e9rtate radiante con este kit antienvejecimiento para dormir, hecho de seda pura de morera y lana transpirable, que nutre la piel, protege el cabello y realza tu brillo natural durante la noche.","breadcrumb":{"@id":"https:\/\/homeofwool.com\/nl\/winkelen\/schoonheidsslaapset\/#breadcrumb"},"inLanguage":"es","potentialAction":[{"@type":"ReadAction","target":["https:\/\/homeofwool.com\/nl\/winkelen\/schoonheidsslaapset\/"]}]},{"@type":"ImageObject","inLanguage":"es","@id":"https:\/\/homeofwool.com\/nl\/winkelen\/schoonheidsslaapset\/#primaryimage","url":"https:\/\/homeofwool.com\/wp-content\/uploads\/2025\/11\/home-of-wool-beauty-sleep-set-main.jpg","contentUrl":"https:\/\/homeofwool.com\/wp-content\/uploads\/2025\/11\/home-of-wool-beauty-sleep-set-main.jpg","width":1938,"height":1551,"caption":"sleep mask, turban, scrunchie and hair band laid on silk surface"},{"@type":"BreadcrumbList","@id":"https:\/\/homeofwool.com\/nl\/winkelen\/schoonheidsslaapset\/#breadcrumb","itemListElement":[{"@type":"ListItem","position":1,"name":"Home","item":"https:\/\/homeofwool.com\/"},{"@type":"ListItem","position":2,"name":"Products","item":"https:\/\/homeofwool.com\/header-search-2\/"},{"@type":"ListItem","position":3,"name":"Beauty Sleep Set \u2013 Mulberry Silk"}]},{"@type":"WebSite","@id":"https:\/\/homeofwool.com\/#website","url":"https:\/\/homeofwool.com\/","name":"Hogar de la lana","description":"","publisher":{"@id":"https:\/\/homeofwool.com\/#organization"},"potentialAction":[{"@type":"SearchAction","target":{"@type":"EntryPoint","urlTemplate":"https:\/\/homeofwool.com\/?s={search_term_string}"},"query-input":{"@type":"PropertyValueSpecification","valueRequired":true,"valueName":"search_term_string"}}],"inLanguage":"es"},{"@type":"Organization","@id":"https:\/\/homeofwool.com\/#organization","name":"Hogar de la lana","url":"https:\/\/homeofwool.com\/","logo":{"@type":"ImageObject","inLanguage":"es","@id":"https:\/\/homeofwool.com\/#\/schema\/logo\/image\/","url":"https:\/\/homeofwool.com\/wp-content\/uploads\/2025\/09\/WhatsApp-Image-2025-12-02-at-16.23.20.jpeg","contentUrl":"https:\/\/homeofwool.com\/wp-content\/uploads\/2025\/09\/WhatsApp-Image-2025-12-02-at-16.23.20.jpeg","width":700,"height":247,"caption":"Home of Wool"},"image":{"@id":"https:\/\/homeofwool.com\/#\/schema\/logo\/image\/"},"sameAs":["https:\/\/facebook.com\/HomeOfWoolOfficial"]}]}},"_links":{"self":[{"href":"https:\/\/homeofwool.com\/es\/wp-json\/wp\/v2\/product\/223729","targetHints":{"allow":["GET"]}}],"collection":[{"href":"https:\/\/homeofwool.com\/es\/wp-json\/wp\/v2\/product"}],"about":[{"href":"https:\/\/homeofwool.com\/es\/wp-json\/wp\/v2\/types\/product"}],"version-history":[{"count":1,"href":"https:\/\/homeofwool.com\/es\/wp-json\/wp\/v2\/product\/223729\/revisions"}],"predecessor-version":[{"id":226071,"href":"https:\/\/homeofwool.com\/es\/wp-json\/wp\/v2\/product\/223729\/revisions\/226071"}],"wp:featuredmedia":[{"embeddable":true,"href":"https:\/\/homeofwool.com\/es\/wp-json\/wp\/v2\/media\/223731"}],"wp:attachment":[{"href":"https:\/\/homeofwool.com\/es\/wp-json\/wp\/v2\/media?parent=223729"}],"wp:term":[{"taxonomy":"product_brand","embeddable":true,"href":"https:\/\/homeofwool.com\/es\/wp-json\/wp\/v2\/product_brand?post=223729"},{"taxonomy":"product_cat","embeddable":true,"href":"https:\/\/homeofwool.com\/es\/wp-json\/wp\/v2\/product_cat?post=223729"},{"taxonomy":"product_tag","embeddable":true,"href":"https:\/\/homeofwool.com\/es\/wp-json\/wp\/v2\/product_tag?post=223729"}],"curies":[{"name":"wp","href":"https:\/\/api.w.org\/{rel}","templated":true}]}}