{"id":218183,"date":"2025-09-02T12:03:55","date_gmt":"2025-09-02T12:03:55","guid":{"rendered":"https:\/\/homeofwool.com\/?post_type=product&#038;p=218183"},"modified":"2026-01-20T10:58:29","modified_gmt":"2026-01-20T10:58:29","slug":"cambiador-para-bebes","status":"publish","type":"product","link":"https:\/\/homeofwool.com\/es\/shop\/baby-changing-pad\/","title":{"rendered":"Cambiador de beb\u00e9 de lana"},"content":{"rendered":"<p>Algunas cosas son mejores cuando son sencillas. Este cambiador de lana 100% comenz\u00f3 as\u00ed. Solo lana, tela limpia y costuras cuidadosas.<\/p>\n<p>Quer\u00edamos un cambiador sin productos qu\u00edmicos que realmente no pareciera de pl\u00e1stico, que oliera ligeramente a naturaleza y no a f\u00e1brica. La superficie, fabricada con tejido org\u00e1nico, se mantiene fresca y suave; el interior, de lana pura, se mueve con el aire para que tu beb\u00e9 se sienta c\u00f3modo durante los cambios de pa\u00f1al o las sesiones de gimnasia infantil.<\/p>\n<p>La lana es resistente a los olores, permite que la humedad se evapore y recupera su frescura despu\u00e9s de cada uso. La parte central del cambiador est\u00e1 ligeramente acolchada y los bordes mantienen la forma. La funda se desliza f\u00e1cilmente para su lavado. Si necesita desplazarse, este cambiador port\u00e1til es ideal para viajar, ya que tiene una forma f\u00e1cil de transportar. Con unas dimensiones de 40 x 80 cm, se adapta a la mayor\u00eda de los cambiadores y c\u00f3modas.<\/p>\n<p>Cada uno es personalizable y se fabrica bajo pedido. Un accesorio sostenible para beb\u00e9s que es duradero y te acompa\u00f1ar\u00e1 durante toda la infancia de tus hijos. Parte de nuestra colecci\u00f3n de art\u00edculos org\u00e1nicos esenciales para beb\u00e9s, fabricados con mimo para los m\u00e1s peque\u00f1os.<\/p>\n<p><strong>TAMA\u00d1O<\/strong>: 40,6 x 78,7 x 10 cm (16 x 31 x 4 pulgadas)<br \/>\nCont\u00e1ctenos para tama\u00f1os personalizados.<\/p>","protected":false},"excerpt":{"rendered":"<p>Comodidad y seguridad, d\u00eda tras d\u00eda. Este cambiador natural para beb\u00e9s est\u00e1 relleno de lana 100% y recubierto de tejido org\u00e1nico. Un cambiador natural y transpirable que mantiene la piel de tu beb\u00e9 tranquila. Un cambiador hipoalerg\u00e9nico creado para padres que desean crear un entorno limpio y saludable para sus hijos.<\/p>","protected":false},"featured_media":224437,"template":"","meta":{"_acf_changed":false},"product_brand":[],"product_cat":[267],"product_tag":[],"class_list":{"0":"post-218183","1":"product","2":"type-product","3":"status-publish","4":"has-post-thumbnail","6":"product_cat-nursery","8":"first","9":"instock","10":"shipping-taxable","11":"purchasable","12":"product-type-variable"},"acf":[],"yoast_head":"<!-- This site is optimized with the Yoast SEO Premium plugin v27.3 (Yoast SEO v27.3) - https:\/\/yoast.com\/product\/yoast-seo-premium-wordpress\/ -->\n<title>Changing Pad \u2013 Natural Wool Baby Changing Pad | Home of Wool<\/title>\n<meta name=\"description\" content=\"The Changing Pad is made with breathable wool filling for toxin-free comfort. Hypoallergenic and natural, it ensures safe, sustainable, and eco-friendly protection for diaper changes.\" \/>\n<meta name=\"robots\" content=\"index, follow, max-snippet:-1, max-image-preview:large, max-video-preview:-1\" \/>\n<link rel=\"canonical\" href=\"https:\/\/homeofwool.com\/es\/tienda\/cambiador-para-bebes\/\" \/>\n<meta property=\"og:locale\" content=\"es_ES\" \/>\n<meta property=\"og:type\" content=\"article\" \/>\n<meta property=\"og:title\" content=\"Wool Baby Changing Pad\" \/>\n<meta property=\"og:description\" content=\"The Changing Pad is made with breathable wool filling for toxin-free comfort. Hypoallergenic and natural, it ensures safe, sustainable, and eco-friendly protection for diaper changes.\" \/>\n<meta property=\"og:url\" content=\"https:\/\/homeofwool.com\/es\/tienda\/cambiador-para-bebes\/\" \/>\n<meta property=\"og:site_name\" content=\"Home of Wool\" \/>\n<meta property=\"article:publisher\" content=\"https:\/\/facebook.com\/HomeOfWoolOfficial\" \/>\n<meta property=\"article:modified_time\" content=\"2026-01-20T10:58:29+00:00\" \/>\n<meta property=\"og:image\" content=\"https:\/\/homeofwool.com\/wp-content\/uploads\/2025\/09\/home-of-wool-baby-changing-pad-main.jpg\" \/>\n\t<meta property=\"og:image:width\" content=\"2000\" \/>\n\t<meta property=\"og:image:height\" content=\"1600\" \/>\n\t<meta property=\"og:image:type\" content=\"image\/jpeg\" \/>\n<meta name=\"twitter:card\" content=\"summary_large_image\" \/>\n<meta name=\"twitter:label1\" content=\"Tiempo de lectura\" \/>\n\t<meta name=\"twitter:data1\" content=\"2 minutos\" \/>\n<script type=\"application\/ld+json\" class=\"yoast-schema-graph\">{\"@context\":\"https:\\\/\\\/schema.org\",\"@graph\":[{\"@type\":\"WebPage\",\"@id\":\"https:\\\/\\\/homeofwool.com\\\/shop\\\/baby-changing-pad\\\/\",\"url\":\"https:\\\/\\\/homeofwool.com\\\/shop\\\/baby-changing-pad\\\/\",\"name\":\"Changing Pad \u2013 Natural Wool Baby Changing Pad | Home of Wool\",\"isPartOf\":{\"@id\":\"https:\\\/\\\/homeofwool.com\\\/#website\"},\"primaryImageOfPage\":{\"@id\":\"https:\\\/\\\/homeofwool.com\\\/shop\\\/baby-changing-pad\\\/#primaryimage\"},\"image\":{\"@id\":\"https:\\\/\\\/homeofwool.com\\\/shop\\\/baby-changing-pad\\\/#primaryimage\"},\"thumbnailUrl\":\"https:\\\/\\\/homeofwool.com\\\/wp-content\\\/uploads\\\/2025\\\/09\\\/home-of-wool-baby-changing-pad-main.jpg\",\"datePublished\":\"2025-09-02T12:03:55+00:00\",\"dateModified\":\"2026-01-20T10:58:29+00:00\",\"description\":\"The Changing Pad is made with breathable wool filling for toxin-free comfort. Hypoallergenic and natural, it ensures safe, sustainable, and eco-friendly protection for diaper changes.\",\"breadcrumb\":{\"@id\":\"https:\\\/\\\/homeofwool.com\\\/shop\\\/baby-changing-pad\\\/#breadcrumb\"},\"inLanguage\":\"es\",\"potentialAction\":[{\"@type\":\"ReadAction\",\"target\":[\"https:\\\/\\\/homeofwool.com\\\/shop\\\/baby-changing-pad\\\/\"]}]},{\"@type\":\"ImageObject\",\"inLanguage\":\"es\",\"@id\":\"https:\\\/\\\/homeofwool.com\\\/shop\\\/baby-changing-pad\\\/#primaryimage\",\"url\":\"https:\\\/\\\/homeofwool.com\\\/wp-content\\\/uploads\\\/2025\\\/09\\\/home-of-wool-baby-changing-pad-main.jpg\",\"contentUrl\":\"https:\\\/\\\/homeofwool.com\\\/wp-content\\\/uploads\\\/2025\\\/09\\\/home-of-wool-baby-changing-pad-main.jpg\",\"width\":2000,\"height\":1600,\"caption\":\"home of wool baby changing pad\"},{\"@type\":\"BreadcrumbList\",\"@id\":\"https:\\\/\\\/homeofwool.com\\\/shop\\\/baby-changing-pad\\\/#breadcrumb\",\"itemListElement\":[{\"@type\":\"ListItem\",\"position\":1,\"name\":\"Home\",\"item\":\"https:\\\/\\\/homeofwool.com\\\/\"},{\"@type\":\"ListItem\",\"position\":2,\"name\":\"Products\",\"item\":\"https:\\\/\\\/homeofwool.com\\\/header-search-2\\\/\"},{\"@type\":\"ListItem\",\"position\":3,\"name\":\"Wool Baby Changing Pad\"}]},{\"@type\":\"WebSite\",\"@id\":\"https:\\\/\\\/homeofwool.com\\\/#website\",\"url\":\"https:\\\/\\\/homeofwool.com\\\/\",\"name\":\"Home of Wool\",\"description\":\"\",\"publisher\":{\"@id\":\"https:\\\/\\\/homeofwool.com\\\/#organization\"},\"potentialAction\":[{\"@type\":\"SearchAction\",\"target\":{\"@type\":\"EntryPoint\",\"urlTemplate\":\"https:\\\/\\\/homeofwool.com\\\/?s={search_term_string}\"},\"query-input\":{\"@type\":\"PropertyValueSpecification\",\"valueRequired\":true,\"valueName\":\"search_term_string\"}}],\"inLanguage\":\"es\"},{\"@type\":\"Organization\",\"@id\":\"https:\\\/\\\/homeofwool.com\\\/#organization\",\"name\":\"Home of Wool\",\"url\":\"https:\\\/\\\/homeofwool.com\\\/\",\"logo\":{\"@type\":\"ImageObject\",\"inLanguage\":\"es\",\"@id\":\"https:\\\/\\\/homeofwool.com\\\/#\\\/schema\\\/logo\\\/image\\\/\",\"url\":\"https:\\\/\\\/homeofwool.com\\\/wp-content\\\/uploads\\\/2025\\\/09\\\/WhatsApp-Image-2025-12-02-at-16.23.20.jpeg\",\"contentUrl\":\"https:\\\/\\\/homeofwool.com\\\/wp-content\\\/uploads\\\/2025\\\/09\\\/WhatsApp-Image-2025-12-02-at-16.23.20.jpeg\",\"width\":700,\"height\":247,\"caption\":\"Home of Wool\"},\"image\":{\"@id\":\"https:\\\/\\\/homeofwool.com\\\/#\\\/schema\\\/logo\\\/image\\\/\"},\"sameAs\":[\"https:\\\/\\\/facebook.com\\\/HomeOfWoolOfficial\"]}]}<\/script>\n<!-- \/ Yoast SEO Premium plugin. -->","yoast_head_json":{"title":"Cambiador \u2013 Cambiador para beb\u00e9s de lana natural | Home of Wool","description":"El cambiador est\u00e1 fabricado con relleno de lana transpirable para ofrecer comodidad sin toxinas. Hipoalerg\u00e9nico y natural, garantiza una protecci\u00f3n segura, sostenible y ecol\u00f3gica para el cambio de pa\u00f1ales.","robots":{"index":"index","follow":"follow","max-snippet":"max-snippet:-1","max-image-preview":"max-image-preview:large","max-video-preview":"max-video-preview:-1"},"canonical":"https:\/\/homeofwool.com\/es\/tienda\/cambiador-para-bebes\/","og_locale":"es_ES","og_type":"article","og_title":"Wool Baby Changing Pad","og_description":"The Changing Pad is made with breathable wool filling for toxin-free comfort. Hypoallergenic and natural, it ensures safe, sustainable, and eco-friendly protection for diaper changes.","og_url":"https:\/\/homeofwool.com\/es\/tienda\/cambiador-para-bebes\/","og_site_name":"Home of Wool","article_publisher":"https:\/\/facebook.com\/HomeOfWoolOfficial","article_modified_time":"2026-01-20T10:58:29+00:00","og_image":[{"width":2000,"height":1600,"url":"https:\/\/homeofwool.com\/wp-content\/uploads\/2025\/09\/home-of-wool-baby-changing-pad-main.jpg","type":"image\/jpeg"}],"twitter_card":"summary_large_image","twitter_misc":{"Tiempo de lectura":"2 minutos"},"schema":{"@context":"https:\/\/schema.org","@graph":[{"@type":"WebPage","@id":"https:\/\/homeofwool.com\/shop\/baby-changing-pad\/","url":"https:\/\/homeofwool.com\/shop\/baby-changing-pad\/","name":"Cambiador \u2013 Cambiador para beb\u00e9s de lana natural | Home of Wool","isPartOf":{"@id":"https:\/\/homeofwool.com\/#website"},"primaryImageOfPage":{"@id":"https:\/\/homeofwool.com\/shop\/baby-changing-pad\/#primaryimage"},"image":{"@id":"https:\/\/homeofwool.com\/shop\/baby-changing-pad\/#primaryimage"},"thumbnailUrl":"https:\/\/homeofwool.com\/wp-content\/uploads\/2025\/09\/home-of-wool-baby-changing-pad-main.jpg","datePublished":"2025-09-02T12:03:55+00:00","dateModified":"2026-01-20T10:58:29+00:00","description":"El cambiador est\u00e1 fabricado con relleno de lana transpirable para ofrecer comodidad sin toxinas. Hipoalerg\u00e9nico y natural, garantiza una protecci\u00f3n segura, sostenible y ecol\u00f3gica para el cambio de pa\u00f1ales.","breadcrumb":{"@id":"https:\/\/homeofwool.com\/shop\/baby-changing-pad\/#breadcrumb"},"inLanguage":"es","potentialAction":[{"@type":"ReadAction","target":["https:\/\/homeofwool.com\/shop\/baby-changing-pad\/"]}]},{"@type":"ImageObject","inLanguage":"es","@id":"https:\/\/homeofwool.com\/shop\/baby-changing-pad\/#primaryimage","url":"https:\/\/homeofwool.com\/wp-content\/uploads\/2025\/09\/home-of-wool-baby-changing-pad-main.jpg","contentUrl":"https:\/\/homeofwool.com\/wp-content\/uploads\/2025\/09\/home-of-wool-baby-changing-pad-main.jpg","width":2000,"height":1600,"caption":"home of wool baby changing pad"},{"@type":"BreadcrumbList","@id":"https:\/\/homeofwool.com\/shop\/baby-changing-pad\/#breadcrumb","itemListElement":[{"@type":"ListItem","position":1,"name":"Home","item":"https:\/\/homeofwool.com\/"},{"@type":"ListItem","position":2,"name":"Products","item":"https:\/\/homeofwool.com\/header-search-2\/"},{"@type":"ListItem","position":3,"name":"Wool Baby Changing Pad"}]},{"@type":"WebSite","@id":"https:\/\/homeofwool.com\/#website","url":"https:\/\/homeofwool.com\/","name":"Hogar de la lana","description":"","publisher":{"@id":"https:\/\/homeofwool.com\/#organization"},"potentialAction":[{"@type":"SearchAction","target":{"@type":"EntryPoint","urlTemplate":"https:\/\/homeofwool.com\/?s={search_term_string}"},"query-input":{"@type":"PropertyValueSpecification","valueRequired":true,"valueName":"search_term_string"}}],"inLanguage":"es"},{"@type":"Organization","@id":"https:\/\/homeofwool.com\/#organization","name":"Hogar de la lana","url":"https:\/\/homeofwool.com\/","logo":{"@type":"ImageObject","inLanguage":"es","@id":"https:\/\/homeofwool.com\/#\/schema\/logo\/image\/","url":"https:\/\/homeofwool.com\/wp-content\/uploads\/2025\/09\/WhatsApp-Image-2025-12-02-at-16.23.20.jpeg","contentUrl":"https:\/\/homeofwool.com\/wp-content\/uploads\/2025\/09\/WhatsApp-Image-2025-12-02-at-16.23.20.jpeg","width":700,"height":247,"caption":"Home of Wool"},"image":{"@id":"https:\/\/homeofwool.com\/#\/schema\/logo\/image\/"},"sameAs":["https:\/\/facebook.com\/HomeOfWoolOfficial"]}]}},"_links":{"self":[{"href":"https:\/\/homeofwool.com\/es\/wp-json\/wp\/v2\/product\/218183","targetHints":{"allow":["GET"]}}],"collection":[{"href":"https:\/\/homeofwool.com\/es\/wp-json\/wp\/v2\/product"}],"about":[{"href":"https:\/\/homeofwool.com\/es\/wp-json\/wp\/v2\/types\/product"}],"version-history":[{"count":1,"href":"https:\/\/homeofwool.com\/es\/wp-json\/wp\/v2\/product\/218183\/revisions"}],"predecessor-version":[{"id":227330,"href":"https:\/\/homeofwool.com\/es\/wp-json\/wp\/v2\/product\/218183\/revisions\/227330"}],"wp:featuredmedia":[{"embeddable":true,"href":"https:\/\/homeofwool.com\/es\/wp-json\/wp\/v2\/media\/224437"}],"wp:attachment":[{"href":"https:\/\/homeofwool.com\/es\/wp-json\/wp\/v2\/media?parent=218183"}],"wp:term":[{"taxonomy":"product_brand","embeddable":true,"href":"https:\/\/homeofwool.com\/es\/wp-json\/wp\/v2\/product_brand?post=218183"},{"taxonomy":"product_cat","embeddable":true,"href":"https:\/\/homeofwool.com\/es\/wp-json\/wp\/v2\/product_cat?post=218183"},{"taxonomy":"product_tag","embeddable":true,"href":"https:\/\/homeofwool.com\/es\/wp-json\/wp\/v2\/product_tag?post=218183"}],"curies":[{"name":"wp","href":"https:\/\/api.w.org\/{rel}","templated":true}]}}