{"id":218142,"date":"2025-09-02T12:03:44","date_gmt":"2025-09-02T12:03:44","guid":{"rendered":"https:\/\/homeofwool.com\/?post_type=product&#038;p=218142"},"modified":"2026-01-20T11:02:56","modified_gmt":"2026-01-20T11:02:56","slug":"cama-para-gatos","status":"publish","type":"product","link":"https:\/\/homeofwool.com\/es\/shop\/cat-bed\/","title":{"rendered":"Cama de lana para gatos"},"content":{"rendered":"<p>\u00bfAlguna vez te has preguntado por qu\u00e9 los gatos siempre rechazan las camas que se compran en las tiendas? Van directamente a por una manta de lana o la pila de ropa sucia. Saben lo que es aut\u00e9ntico. La lana natural los mantiene calientes, c\u00f3modos y tranquilos. Por eso, esta cama para gatos de lana natural fue nuestra respuesta. Relleno de lana pura, tejido org\u00e1nico suave y dise\u00f1o sencillo que transpira bien durante todo el a\u00f1o. Es una cama para gatos ecol\u00f3gica y, como la lana repele naturalmente el polvo y la humedad, se mantiene limpia m\u00e1s tiempo de lo que imaginas.<\/p>\n<p>Cada uno tiene dos fundas. La exterior es extra\u00edble y lavable, f\u00e1cil de desabrochar y meter en la lavadora. En el interior, hay una capa repelente al agua y a las manchas para mantener la lana fresca. La almohada base ofrece un soporte \u00f3ptimo. Si a tu gato le gusta m\u00e1s mullida o m\u00e1s plana, solo tienes que abrir la cremallera y ajustar la lana del interior.<\/p>\n<p>Cada cama para gatos hecha a mano se fabrica por encargo. Puede solicitarla como cama para gatos personalizable, con el tama\u00f1o y la forma exactos que se adapten al lugar favorito de su gato. Las costuras son resistentes, la tela es duradera y el relleno es completamente natural. Una pieza sencilla, pero que proporciona una comodidad duradera. Una cama para gatos hipoalerg\u00e9nica que da sensaci\u00f3n de calidez, huele a limpio y dura a\u00f1os.<\/p>\n<p><strong>TAMA\u00d1O<\/strong>: 45,7 x 30,5 x 22 cm (18 x 12 x 8,5 pulgadas)<br \/>\nLa almohada del centro tiene un grosor aproximado de 5-8 cm.<\/p>\n<p>Personal\u00edzalo envi\u00e1ndonos las medidas que mejor se adapten a tus necesidades. Incluso puedes elegir t\u00fa mismo la tela entre nuestra gama de materiales totalmente naturales.<\/p>","protected":false},"excerpt":{"rendered":"<p>Hemos creado esta cama de lana para gatos que aman el calor y los rincones tranquilos. Est\u00e1 rellena de lana org\u00e1nica pura, suave pero resistente, y totalmente libre de t\u00f3xicos. La funda se puede quitar para facilitar el lavado, y cada cama se cose por encargo, por lo que puedes personalizar el tama\u00f1o y la forma para que se adapte perfectamente a tu gato. Tambi\u00e9n puedes elegir la tela que prefieras.<\/p>\n<div class=\"global-icon-set\">\n<div class=\"global-icon-set__items\">\n<div class=\"global-icon-set__item\">\n<div class=\"global-icon-set__image\">\n                                    <img decoding=\"async\" src=\"https:\/\/homeofwool.com\/wp-content\/uploads\/2025\/09\/handmade-icon-300x300.png\" alt=\"icono hecho a mano\" \/>\n                                <\/div>\n<div class=\"global-icon-set__title\">Hecho a mano<\/div>\n<\/p><\/div>\n<div class=\"global-icon-set__item\">\n<div class=\"global-icon-set__image\">\n                                    <img decoding=\"async\" src=\"https:\/\/homeofwool.com\/wp-content\/uploads\/2025\/09\/VOCs-min-300x300.png\" alt=\"vocs free\" \/>\n                                <\/div>\n<div class=\"global-icon-set__title\">Sin COV<\/div>\n<\/p><\/div>\n<div class=\"global-icon-set__item\">\n<div class=\"global-icon-set__image\">\n                                    <img decoding=\"async\" src=\"https:\/\/homeofwool.com\/wp-content\/uploads\/2025\/09\/FR-min-300x300.png\" alt=\"icono de resistencia al fuego\" \/>\n                                <\/div>\n<div class=\"global-icon-set__title\">Resistente al fuego<\/div>\n<\/p><\/div>\n<div class=\"global-icon-set__item\">\n<div class=\"global-icon-set__image\">\n                                    <img decoding=\"async\" src=\"https:\/\/homeofwool.com\/wp-content\/uploads\/2025\/09\/Hypoallergenic-min-300x300.png\" alt=\"icono hipoalerg\u00e9nico\" \/>\n                                <\/div>\n<div class=\"global-icon-set__title\">Hipoalerg\u00e9nico<\/div>\n<\/p><\/div>\n<div class=\"global-icon-set__item\">\n<div class=\"global-icon-set__image\">\n                                    <img decoding=\"async\" src=\"https:\/\/homeofwool.com\/wp-content\/uploads\/2025\/09\/free-of-synthetics-icon-300x300.png\" alt=\"icono sin sint\u00e9ticos\" \/>\n                                <\/div>\n<div class=\"global-icon-set__title\">Sin sint\u00e9ticos<\/div>\n<\/p><\/div>\n<div class=\"global-icon-set__item\">\n<div class=\"global-icon-set__image\">\n                                    <img decoding=\"async\" src=\"https:\/\/homeofwool.com\/wp-content\/uploads\/2025\/09\/chemical-free-icon-300x300.png\" alt=\"icono sin productos qu\u00edmicos\" \/>\n                                <\/div>\n<div class=\"global-icon-set__title\">Sin productos qu\u00edmicos<\/div>\n<\/p><\/div>\n<div class=\"global-icon-set__item\">\n<div class=\"global-icon-set__image\">\n                                    <img decoding=\"async\" src=\"https:\/\/homeofwool.com\/wp-content\/uploads\/2025\/09\/anti-bacterial-icon-300x300.png\" alt=\"icono antibacteriano\" \/>\n                                <\/div>\n<div class=\"global-icon-set__title\">Antimicrobiano y antibacteriano<\/div>\n<\/p><\/div>\n<div class=\"global-icon-set__item\">\n<div class=\"global-icon-set__image\">\n                                    <img decoding=\"async\" src=\"https:\/\/homeofwool.com\/wp-content\/uploads\/2025\/09\/certified-materials-icon-300x300.png\" alt=\"icono de materiales certificados\" \/>\n                                <\/div>\n<div class=\"global-icon-set__title\">100% Materiales puros certificados<\/div>\n<\/p><\/div>\n<\/p><\/div>\n<\/p><\/div>","protected":false},"featured_media":218518,"template":"","meta":{"_acf_changed":false},"product_brand":[],"product_cat":[154],"product_tag":[155,156,157,158,159,160,161,162,163,164],"class_list":{"0":"post-218142","1":"product","2":"type-product","3":"status-publish","4":"has-post-thumbnail","6":"product_cat-pet-beds","7":"product_tag-cat-bed","8":"product_tag-custom-pet-bed","9":"product_tag-dog-bed","10":"product_tag-kitten-bed","11":"product_tag-luxury-dog-beds","12":"product_tag-organic-pet-bed","13":"product_tag-pet-mat","14":"product_tag-puppy-mattress","15":"product_tag-round-dog-bed","16":"product_tag-small-dog-beds","18":"first","19":"instock","20":"shipping-taxable","21":"purchasable","22":"product-type-variable"},"acf":[],"yoast_head":"<!-- This site is optimized with the Yoast SEO Premium plugin v27.3 (Yoast SEO v27.3) - https:\/\/yoast.com\/product\/yoast-seo-premium-wordpress\/ -->\n<title>Cat Bed \u2013 Organic Wool, Breathable &amp; Sustainable | Home of Wool<\/title>\n<meta name=\"description\" content=\"The Cat Bed is filled with organic wool for breathable, sustainable comfort. Hypoallergenic and toxin-free, it provides a safe, cozy space for pets to rest naturally all year round.\" \/>\n<meta name=\"robots\" content=\"index, follow, max-snippet:-1, max-image-preview:large, max-video-preview:-1\" \/>\n<link rel=\"canonical\" href=\"https:\/\/homeofwool.com\/es\/tienda\/cama-para-gatos\/\" \/>\n<meta property=\"og:locale\" content=\"es_ES\" \/>\n<meta property=\"og:type\" content=\"article\" \/>\n<meta property=\"og:title\" content=\"Wool Cat Bed\" \/>\n<meta property=\"og:description\" content=\"The Cat Bed is filled with organic wool for breathable, sustainable comfort. Hypoallergenic and toxin-free, it provides a safe, cozy space for pets to rest naturally all year round.\" \/>\n<meta property=\"og:url\" content=\"https:\/\/homeofwool.com\/es\/tienda\/cama-para-gatos\/\" \/>\n<meta property=\"og:site_name\" content=\"Home of Wool\" \/>\n<meta property=\"article:publisher\" content=\"https:\/\/facebook.com\/HomeOfWoolOfficial\" \/>\n<meta property=\"article:modified_time\" content=\"2026-01-20T11:02:56+00:00\" \/>\n<meta property=\"og:image\" content=\"https:\/\/homeofwool.com\/wp-content\/uploads\/2025\/09\/home-of-wool-wool-cat-bed-1-main.jpg\" \/>\n\t<meta property=\"og:image:width\" content=\"1900\" \/>\n\t<meta property=\"og:image:height\" content=\"1520\" \/>\n\t<meta property=\"og:image:type\" content=\"image\/jpeg\" \/>\n<meta name=\"twitter:card\" content=\"summary_large_image\" \/>\n<meta name=\"twitter:label1\" content=\"Tiempo de lectura\" \/>\n\t<meta name=\"twitter:data1\" content=\"2 minutos\" \/>\n<script type=\"application\/ld+json\" class=\"yoast-schema-graph\">{\"@context\":\"https:\\\/\\\/schema.org\",\"@graph\":[{\"@type\":\"WebPage\",\"@id\":\"https:\\\/\\\/homeofwool.com\\\/nb\\\/butikk\\\/katteseng\\\/\",\"url\":\"https:\\\/\\\/homeofwool.com\\\/nb\\\/butikk\\\/katteseng\\\/\",\"name\":\"Cat Bed \u2013 Organic Wool, Breathable & Sustainable | Home of Wool\",\"isPartOf\":{\"@id\":\"https:\\\/\\\/homeofwool.com\\\/#website\"},\"primaryImageOfPage\":{\"@id\":\"https:\\\/\\\/homeofwool.com\\\/nb\\\/butikk\\\/katteseng\\\/#primaryimage\"},\"image\":{\"@id\":\"https:\\\/\\\/homeofwool.com\\\/nb\\\/butikk\\\/katteseng\\\/#primaryimage\"},\"thumbnailUrl\":\"https:\\\/\\\/homeofwool.com\\\/wp-content\\\/uploads\\\/2025\\\/09\\\/home-of-wool-wool-cat-bed-1-main.jpg\",\"datePublished\":\"2025-09-02T12:03:44+00:00\",\"dateModified\":\"2026-01-20T11:02:56+00:00\",\"description\":\"The Cat Bed is filled with organic wool for breathable, sustainable comfort. Hypoallergenic and toxin-free, it provides a safe, cozy space for pets to rest naturally all year round.\",\"breadcrumb\":{\"@id\":\"https:\\\/\\\/homeofwool.com\\\/nb\\\/butikk\\\/katteseng\\\/#breadcrumb\"},\"inLanguage\":\"es\",\"potentialAction\":[{\"@type\":\"ReadAction\",\"target\":[\"https:\\\/\\\/homeofwool.com\\\/nb\\\/butikk\\\/katteseng\\\/\"]}]},{\"@type\":\"ImageObject\",\"inLanguage\":\"es\",\"@id\":\"https:\\\/\\\/homeofwool.com\\\/nb\\\/butikk\\\/katteseng\\\/#primaryimage\",\"url\":\"https:\\\/\\\/homeofwool.com\\\/wp-content\\\/uploads\\\/2025\\\/09\\\/home-of-wool-wool-cat-bed-1-main.jpg\",\"contentUrl\":\"https:\\\/\\\/homeofwool.com\\\/wp-content\\\/uploads\\\/2025\\\/09\\\/home-of-wool-wool-cat-bed-1-main.jpg\",\"width\":1900,\"height\":1520,\"caption\":\"Wool cat bed home of wool with a cat inside\"},{\"@type\":\"BreadcrumbList\",\"@id\":\"https:\\\/\\\/homeofwool.com\\\/nb\\\/butikk\\\/katteseng\\\/#breadcrumb\",\"itemListElement\":[{\"@type\":\"ListItem\",\"position\":1,\"name\":\"Home\",\"item\":\"https:\\\/\\\/homeofwool.com\\\/\"},{\"@type\":\"ListItem\",\"position\":2,\"name\":\"Products\",\"item\":\"https:\\\/\\\/homeofwool.com\\\/header-search-2\\\/\"},{\"@type\":\"ListItem\",\"position\":3,\"name\":\"Wool Cat Bed\"}]},{\"@type\":\"WebSite\",\"@id\":\"https:\\\/\\\/homeofwool.com\\\/#website\",\"url\":\"https:\\\/\\\/homeofwool.com\\\/\",\"name\":\"Home of Wool\",\"description\":\"\",\"publisher\":{\"@id\":\"https:\\\/\\\/homeofwool.com\\\/#organization\"},\"potentialAction\":[{\"@type\":\"SearchAction\",\"target\":{\"@type\":\"EntryPoint\",\"urlTemplate\":\"https:\\\/\\\/homeofwool.com\\\/?s={search_term_string}\"},\"query-input\":{\"@type\":\"PropertyValueSpecification\",\"valueRequired\":true,\"valueName\":\"search_term_string\"}}],\"inLanguage\":\"es\"},{\"@type\":\"Organization\",\"@id\":\"https:\\\/\\\/homeofwool.com\\\/#organization\",\"name\":\"Home of Wool\",\"url\":\"https:\\\/\\\/homeofwool.com\\\/\",\"logo\":{\"@type\":\"ImageObject\",\"inLanguage\":\"es\",\"@id\":\"https:\\\/\\\/homeofwool.com\\\/#\\\/schema\\\/logo\\\/image\\\/\",\"url\":\"https:\\\/\\\/homeofwool.com\\\/wp-content\\\/uploads\\\/2025\\\/09\\\/WhatsApp-Image-2025-12-02-at-16.23.20.jpeg\",\"contentUrl\":\"https:\\\/\\\/homeofwool.com\\\/wp-content\\\/uploads\\\/2025\\\/09\\\/WhatsApp-Image-2025-12-02-at-16.23.20.jpeg\",\"width\":700,\"height\":247,\"caption\":\"Home of Wool\"},\"image\":{\"@id\":\"https:\\\/\\\/homeofwool.com\\\/#\\\/schema\\\/logo\\\/image\\\/\"},\"sameAs\":[\"https:\\\/\\\/facebook.com\\\/HomeOfWoolOfficial\"]}]}<\/script>\n<!-- \/ Yoast SEO Premium plugin. -->","yoast_head_json":{"title":"Cama para gatos \u2013 Lana org\u00e1nica, transpirable y sostenible | Home of Wool","description":"La cama para gatos est\u00e1 rellena de lana org\u00e1nica para ofrecer una comodidad transpirable y sostenible. Hipoalerg\u00e9nica y libre de toxinas, proporciona un espacio seguro y acogedor para que las mascotas descansen de forma natural durante todo el a\u00f1o.","robots":{"index":"index","follow":"follow","max-snippet":"max-snippet:-1","max-image-preview":"max-image-preview:large","max-video-preview":"max-video-preview:-1"},"canonical":"https:\/\/homeofwool.com\/es\/tienda\/cama-para-gatos\/","og_locale":"es_ES","og_type":"article","og_title":"Wool Cat Bed","og_description":"The Cat Bed is filled with organic wool for breathable, sustainable comfort. Hypoallergenic and toxin-free, it provides a safe, cozy space for pets to rest naturally all year round.","og_url":"https:\/\/homeofwool.com\/es\/tienda\/cama-para-gatos\/","og_site_name":"Home of Wool","article_publisher":"https:\/\/facebook.com\/HomeOfWoolOfficial","article_modified_time":"2026-01-20T11:02:56+00:00","og_image":[{"width":1900,"height":1520,"url":"https:\/\/homeofwool.com\/wp-content\/uploads\/2025\/09\/home-of-wool-wool-cat-bed-1-main.jpg","type":"image\/jpeg"}],"twitter_card":"summary_large_image","twitter_misc":{"Tiempo de lectura":"2 minutos"},"schema":{"@context":"https:\/\/schema.org","@graph":[{"@type":"WebPage","@id":"https:\/\/homeofwool.com\/nb\/butikk\/katteseng\/","url":"https:\/\/homeofwool.com\/nb\/butikk\/katteseng\/","name":"Cama para gatos \u2013 Lana org\u00e1nica, transpirable y sostenible | Home of Wool","isPartOf":{"@id":"https:\/\/homeofwool.com\/#website"},"primaryImageOfPage":{"@id":"https:\/\/homeofwool.com\/nb\/butikk\/katteseng\/#primaryimage"},"image":{"@id":"https:\/\/homeofwool.com\/nb\/butikk\/katteseng\/#primaryimage"},"thumbnailUrl":"https:\/\/homeofwool.com\/wp-content\/uploads\/2025\/09\/home-of-wool-wool-cat-bed-1-main.jpg","datePublished":"2025-09-02T12:03:44+00:00","dateModified":"2026-01-20T11:02:56+00:00","description":"La cama para gatos est\u00e1 rellena de lana org\u00e1nica para ofrecer una comodidad transpirable y sostenible. Hipoalerg\u00e9nica y libre de toxinas, proporciona un espacio seguro y acogedor para que las mascotas descansen de forma natural durante todo el a\u00f1o.","breadcrumb":{"@id":"https:\/\/homeofwool.com\/nb\/butikk\/katteseng\/#breadcrumb"},"inLanguage":"es","potentialAction":[{"@type":"ReadAction","target":["https:\/\/homeofwool.com\/nb\/butikk\/katteseng\/"]}]},{"@type":"ImageObject","inLanguage":"es","@id":"https:\/\/homeofwool.com\/nb\/butikk\/katteseng\/#primaryimage","url":"https:\/\/homeofwool.com\/wp-content\/uploads\/2025\/09\/home-of-wool-wool-cat-bed-1-main.jpg","contentUrl":"https:\/\/homeofwool.com\/wp-content\/uploads\/2025\/09\/home-of-wool-wool-cat-bed-1-main.jpg","width":1900,"height":1520,"caption":"Wool cat bed home of wool with a cat inside"},{"@type":"BreadcrumbList","@id":"https:\/\/homeofwool.com\/nb\/butikk\/katteseng\/#breadcrumb","itemListElement":[{"@type":"ListItem","position":1,"name":"Home","item":"https:\/\/homeofwool.com\/"},{"@type":"ListItem","position":2,"name":"Products","item":"https:\/\/homeofwool.com\/header-search-2\/"},{"@type":"ListItem","position":3,"name":"Wool Cat Bed"}]},{"@type":"WebSite","@id":"https:\/\/homeofwool.com\/#website","url":"https:\/\/homeofwool.com\/","name":"Hogar de la lana","description":"","publisher":{"@id":"https:\/\/homeofwool.com\/#organization"},"potentialAction":[{"@type":"SearchAction","target":{"@type":"EntryPoint","urlTemplate":"https:\/\/homeofwool.com\/?s={search_term_string}"},"query-input":{"@type":"PropertyValueSpecification","valueRequired":true,"valueName":"search_term_string"}}],"inLanguage":"es"},{"@type":"Organization","@id":"https:\/\/homeofwool.com\/#organization","name":"Hogar de la lana","url":"https:\/\/homeofwool.com\/","logo":{"@type":"ImageObject","inLanguage":"es","@id":"https:\/\/homeofwool.com\/#\/schema\/logo\/image\/","url":"https:\/\/homeofwool.com\/wp-content\/uploads\/2025\/09\/WhatsApp-Image-2025-12-02-at-16.23.20.jpeg","contentUrl":"https:\/\/homeofwool.com\/wp-content\/uploads\/2025\/09\/WhatsApp-Image-2025-12-02-at-16.23.20.jpeg","width":700,"height":247,"caption":"Home of Wool"},"image":{"@id":"https:\/\/homeofwool.com\/#\/schema\/logo\/image\/"},"sameAs":["https:\/\/facebook.com\/HomeOfWoolOfficial"]}]}},"_links":{"self":[{"href":"https:\/\/homeofwool.com\/es\/wp-json\/wp\/v2\/product\/218142","targetHints":{"allow":["GET"]}}],"collection":[{"href":"https:\/\/homeofwool.com\/es\/wp-json\/wp\/v2\/product"}],"about":[{"href":"https:\/\/homeofwool.com\/es\/wp-json\/wp\/v2\/types\/product"}],"version-history":[{"count":1,"href":"https:\/\/homeofwool.com\/es\/wp-json\/wp\/v2\/product\/218142\/revisions"}],"predecessor-version":[{"id":227338,"href":"https:\/\/homeofwool.com\/es\/wp-json\/wp\/v2\/product\/218142\/revisions\/227338"}],"wp:featuredmedia":[{"embeddable":true,"href":"https:\/\/homeofwool.com\/es\/wp-json\/wp\/v2\/media\/218518"}],"wp:attachment":[{"href":"https:\/\/homeofwool.com\/es\/wp-json\/wp\/v2\/media?parent=218142"}],"wp:term":[{"taxonomy":"product_brand","embeddable":true,"href":"https:\/\/homeofwool.com\/es\/wp-json\/wp\/v2\/product_brand?post=218142"},{"taxonomy":"product_cat","embeddable":true,"href":"https:\/\/homeofwool.com\/es\/wp-json\/wp\/v2\/product_cat?post=218142"},{"taxonomy":"product_tag","embeddable":true,"href":"https:\/\/homeofwool.com\/es\/wp-json\/wp\/v2\/product_tag?post=218142"}],"curies":[{"name":"wp","href":"https:\/\/api.w.org\/{rel}","templated":true}]}}