{"id":217767,"date":"2025-09-02T12:02:33","date_gmt":"2025-09-02T12:02:33","guid":{"rendered":"https:\/\/homeofwool.com\/?post_type=product&#038;p=217767"},"modified":"2026-01-27T13:11:08","modified_gmt":"2026-01-27T13:11:08","slug":"manta-de-merino-para-bebe","status":"publish","type":"product","link":"https:\/\/homeofwool.com\/es\/shop\/baby-merino-blanket\/","title":{"rendered":"Manta para beb\u00e9 de lana merina"},"content":{"rendered":"<p>Esta manta para beb\u00e9 Home of Wool est\u00e1 tejida con maestr\u00eda con lana org\u00e1nica 100% con certificaci\u00f3n OEKO-TEX y es delicada y suave como la lana merina. Es una manta de lana suave para beb\u00e9s que se siente como un c\u00e1lido abrazo.<\/p>\n<p>La lana merina permite que la piel de tu beb\u00e9 respire, por lo que se sentir\u00e1 c\u00f3modo y dormir\u00e1 mejor. Adem\u00e1s, como es hipoalerg\u00e9nica y repele los \u00e1caros del polvo de forma natural, es ideal para los m\u00e1s peque\u00f1os con alergias o piel sensible. No contiene productos qu\u00edmicos ni tintes. Sin sint\u00e9ticos, sin COV. La manta natural para beb\u00e9s en la que puedes confiar.<\/p>\n<p>F\u00e1cil de transportar e incre\u00edblemente acogedora, esta manta de merino org\u00e1nico es ideal para cunas, cochecitos y la vida en movimiento.<\/p>\n<p>Tejida tradicionalmente para garantizar una calidad y durabilidad duraderas, est\u00e1 pensada para convertirse en la manta favorita de tu beb\u00e9. \u00a1Y por qu\u00e9 no en una preciosa reliquia que tu familia atesorar\u00e1 durante generaciones!<\/p>\n<p><strong>TAMA\u00d1O<\/strong>: 150 cm x 100 cm (59 x 39,5 pulgadas)<br \/>\n<strong>MATERIAL<\/strong>: 100% Lana merina (certificada Oeko-Tex)<br \/>\n<strong>PESO<\/strong>: 1,3 libras \/ 0,6 kg<\/p>","protected":false},"excerpt":{"rendered":"<div class=\"ql-block\" data-block-id=\"block-54b5b4ac-847a-4b7d-b222-79f73947fa9e\">Arrop\u00e1 a tu peque\u00f1o con la m\u00e1xima comodidad con nuestra manta para beb\u00e9s de lana merino. Suave para la piel sensible y segura para los m\u00e1s peque\u00f1os. Fabricada con lana merino org\u00e1nica 100%, esta suave manta para beb\u00e9s evita el sobrecalentamiento y mantiene a tu beb\u00e9 abrigado. Perfecta como manta de confort para beb\u00e9s, para siestas tranquilas y abrazos felices.<\/div>\n<div class=\"global-icon-set\">\n<div class=\"global-icon-set__items\">\n<div class=\"global-icon-set__item\">\n<div class=\"global-icon-set__image\">\n                                    <img decoding=\"async\" src=\"https:\/\/homeofwool.com\/wp-content\/uploads\/2025\/09\/handmade-icon-300x300.png\" alt=\"icono hecho a mano\" \/>\n                                <\/div>\n<div class=\"global-icon-set__title\">Hecho a mano<\/div>\n<\/p><\/div>\n<div class=\"global-icon-set__item\">\n<div class=\"global-icon-set__image\">\n                                    <img decoding=\"async\" src=\"https:\/\/homeofwool.com\/wp-content\/uploads\/2025\/09\/VOCs-min-300x300.png\" alt=\"vocs free\" \/>\n                                <\/div>\n<div class=\"global-icon-set__title\">Sin COV<\/div>\n<\/p><\/div>\n<div class=\"global-icon-set__item\">\n<div class=\"global-icon-set__image\">\n                                    <img decoding=\"async\" src=\"https:\/\/homeofwool.com\/wp-content\/uploads\/2025\/09\/FR-min-300x300.png\" alt=\"icono de resistencia al fuego\" \/>\n                                <\/div>\n<div class=\"global-icon-set__title\">Resistente al fuego<\/div>\n<\/p><\/div>\n<div class=\"global-icon-set__item\">\n<div class=\"global-icon-set__image\">\n                                    <img decoding=\"async\" src=\"https:\/\/homeofwool.com\/wp-content\/uploads\/2025\/09\/Hypoallergenic-min-300x300.png\" alt=\"icono hipoalerg\u00e9nico\" \/>\n                                <\/div>\n<div class=\"global-icon-set__title\">Hipoalerg\u00e9nico<\/div>\n<\/p><\/div>\n<div class=\"global-icon-set__item\">\n<div class=\"global-icon-set__image\">\n                                    <img decoding=\"async\" src=\"https:\/\/homeofwool.com\/wp-content\/uploads\/2025\/09\/free-of-synthetics-icon-300x300.png\" alt=\"icono sin sint\u00e9ticos\" \/>\n                                <\/div>\n<div class=\"global-icon-set__title\">Sin sint\u00e9ticos<\/div>\n<\/p><\/div>\n<div class=\"global-icon-set__item\">\n<div class=\"global-icon-set__image\">\n                                    <img decoding=\"async\" src=\"https:\/\/homeofwool.com\/wp-content\/uploads\/2025\/09\/chemical-free-icon-300x300.png\" alt=\"icono sin productos qu\u00edmicos\" \/>\n                                <\/div>\n<div class=\"global-icon-set__title\">Sin productos qu\u00edmicos<\/div>\n<\/p><\/div>\n<div class=\"global-icon-set__item\">\n<div class=\"global-icon-set__image\">\n                                    <img decoding=\"async\" src=\"https:\/\/homeofwool.com\/wp-content\/uploads\/2025\/09\/anti-bacterial-icon-300x300.png\" alt=\"icono antibacteriano\" \/>\n                                <\/div>\n<div class=\"global-icon-set__title\">Antimicrobiano y antibacteriano<\/div>\n<\/p><\/div>\n<div class=\"global-icon-set__item\">\n<div class=\"global-icon-set__image\">\n                                    <img decoding=\"async\" src=\"https:\/\/homeofwool.com\/wp-content\/uploads\/2025\/09\/certified-materials-icon-300x300.png\" alt=\"icono de materiales certificados\" \/>\n                                <\/div>\n<div class=\"global-icon-set__title\">100% Materiales puros certificados<\/div>\n<\/p><\/div>\n<\/p><\/div>\n<\/p><\/div>","protected":false},"featured_media":219339,"template":"","meta":{"_acf_changed":false},"product_brand":[],"product_cat":[557,60],"product_tag":[61,62,63,65,772,773,774,68],"class_list":{"0":"post-217767","1":"product","2":"type-product","3":"status-publish","4":"has-post-thumbnail","6":"product_cat-new","7":"product_cat-blankets-duvets","8":"product_tag-all-natural-wool-blankets","9":"product_tag-chemical-free-wool-blanket","10":"product_tag-handmade-blanket","11":"product_tag-large-wool-blanket","12":"product_tag-merino-travel-blanket","13":"product_tag-merino-wool-blanket","14":"product_tag-organic-merino-wool-blanket","15":"product_tag-throws-for-beds","17":"first","18":"instock","19":"shipping-taxable","20":"purchasable","21":"product-type-variable"},"acf":[],"yoast_head":"<!-- This site is optimized with the Yoast SEO Premium plugin v27.5 (Yoast SEO v27.5) - https:\/\/yoast.com\/product\/yoast-seo-premium-wordpress\/ -->\n<title>Merino Wool Baby Blanket \u2013 Handmade &amp; Personalized | Home of Wool<\/title>\n<meta name=\"description\" content=\"Organic Merino wool baby blanket\u2014soft, breathable, gentle on skin. Prevents overheating, resists allergens, keeps little ones cozy. Perfect comfort blanket for cribs, strollers, snuggles.\" \/>\n<meta name=\"robots\" content=\"index, follow, max-snippet:-1, max-image-preview:large, max-video-preview:-1\" \/>\n<link rel=\"canonical\" href=\"https:\/\/homeofwool.com\/es\/tienda\/manta-de-merino-para-bebe\/\" \/>\n<meta property=\"og:locale\" content=\"es_ES\" \/>\n<meta property=\"og:type\" content=\"article\" \/>\n<meta property=\"og:title\" content=\"Merino Wool Baby Blanket\" \/>\n<meta property=\"og:description\" content=\"Organic Merino wool baby blanket\u2014soft, breathable, gentle on skin. Prevents overheating, resists allergens, keeps little ones cozy. Perfect comfort blanket for cribs, strollers, snuggles.\" \/>\n<meta property=\"og:url\" content=\"https:\/\/homeofwool.com\/es\/tienda\/manta-de-merino-para-bebe\/\" \/>\n<meta property=\"og:site_name\" content=\"Home of Wool\" \/>\n<meta property=\"article:publisher\" content=\"https:\/\/facebook.com\/HomeOfWoolOfficial\" \/>\n<meta property=\"article:modified_time\" content=\"2026-01-27T13:11:08+00:00\" \/>\n<meta property=\"og:image\" content=\"https:\/\/homeofwool.com\/wp-content\/uploads\/2025\/09\/home-of-wool-merino-baby-blanket-1-main.jpg\" \/>\n\t<meta property=\"og:image:width\" content=\"1900\" \/>\n\t<meta property=\"og:image:height\" content=\"1520\" \/>\n\t<meta property=\"og:image:type\" content=\"image\/jpeg\" \/>\n<meta name=\"twitter:card\" content=\"summary_large_image\" \/>\n<meta name=\"twitter:label1\" content=\"Tiempo de lectura\" \/>\n\t<meta name=\"twitter:data1\" content=\"1 minuto\" \/>\n<script type=\"application\/ld+json\" class=\"yoast-schema-graph\">{\"@context\":\"https:\\\/\\\/schema.org\",\"@graph\":[{\"@type\":\"WebPage\",\"@id\":\"https:\\\/\\\/homeofwool.com\\\/nb\\\/butikk\\\/baby-merino-teppe\\\/\",\"url\":\"https:\\\/\\\/homeofwool.com\\\/nb\\\/butikk\\\/baby-merino-teppe\\\/\",\"name\":\"Merino Wool Baby Blanket \u2013 Handmade & Personalized | Home of Wool\",\"isPartOf\":{\"@id\":\"https:\\\/\\\/homeofwool.com\\\/#website\"},\"primaryImageOfPage\":{\"@id\":\"https:\\\/\\\/homeofwool.com\\\/nb\\\/butikk\\\/baby-merino-teppe\\\/#primaryimage\"},\"image\":{\"@id\":\"https:\\\/\\\/homeofwool.com\\\/nb\\\/butikk\\\/baby-merino-teppe\\\/#primaryimage\"},\"thumbnailUrl\":\"https:\\\/\\\/homeofwool.com\\\/wp-content\\\/uploads\\\/2025\\\/09\\\/home-of-wool-merino-baby-blanket-1-main.jpg\",\"datePublished\":\"2025-09-02T12:02:33+00:00\",\"dateModified\":\"2026-01-27T13:11:08+00:00\",\"description\":\"Organic Merino wool baby blanket\u2014soft, breathable, gentle on skin. Prevents overheating, resists allergens, keeps little ones cozy. Perfect comfort blanket for cribs, strollers, snuggles.\",\"breadcrumb\":{\"@id\":\"https:\\\/\\\/homeofwool.com\\\/nb\\\/butikk\\\/baby-merino-teppe\\\/#breadcrumb\"},\"inLanguage\":\"es\",\"potentialAction\":[{\"@type\":\"ReadAction\",\"target\":[\"https:\\\/\\\/homeofwool.com\\\/nb\\\/butikk\\\/baby-merino-teppe\\\/\"]}]},{\"@type\":\"ImageObject\",\"inLanguage\":\"es\",\"@id\":\"https:\\\/\\\/homeofwool.com\\\/nb\\\/butikk\\\/baby-merino-teppe\\\/#primaryimage\",\"url\":\"https:\\\/\\\/homeofwool.com\\\/wp-content\\\/uploads\\\/2025\\\/09\\\/home-of-wool-merino-baby-blanket-1-main.jpg\",\"contentUrl\":\"https:\\\/\\\/homeofwool.com\\\/wp-content\\\/uploads\\\/2025\\\/09\\\/home-of-wool-merino-baby-blanket-1-main.jpg\",\"width\":1900,\"height\":1520,\"caption\":\"home of wool merino baby blanket\"},{\"@type\":\"BreadcrumbList\",\"@id\":\"https:\\\/\\\/homeofwool.com\\\/nb\\\/butikk\\\/baby-merino-teppe\\\/#breadcrumb\",\"itemListElement\":[{\"@type\":\"ListItem\",\"position\":1,\"name\":\"Home\",\"item\":\"https:\\\/\\\/homeofwool.com\\\/\"},{\"@type\":\"ListItem\",\"position\":2,\"name\":\"Products\",\"item\":\"https:\\\/\\\/homeofwool.com\\\/header-search-2\\\/\"},{\"@type\":\"ListItem\",\"position\":3,\"name\":\"Merino Wool Baby Blanket\"}]},{\"@type\":\"WebSite\",\"@id\":\"https:\\\/\\\/homeofwool.com\\\/#website\",\"url\":\"https:\\\/\\\/homeofwool.com\\\/\",\"name\":\"Home of Wool\",\"description\":\"\",\"publisher\":{\"@id\":\"https:\\\/\\\/homeofwool.com\\\/#organization\"},\"potentialAction\":[{\"@type\":\"SearchAction\",\"target\":{\"@type\":\"EntryPoint\",\"urlTemplate\":\"https:\\\/\\\/homeofwool.com\\\/?s={search_term_string}\"},\"query-input\":{\"@type\":\"PropertyValueSpecification\",\"valueRequired\":true,\"valueName\":\"search_term_string\"}}],\"inLanguage\":\"es\"},{\"@type\":\"Organization\",\"@id\":\"https:\\\/\\\/homeofwool.com\\\/#organization\",\"name\":\"Home of Wool\",\"url\":\"https:\\\/\\\/homeofwool.com\\\/\",\"logo\":{\"@type\":\"ImageObject\",\"inLanguage\":\"es\",\"@id\":\"https:\\\/\\\/homeofwool.com\\\/#\\\/schema\\\/logo\\\/image\\\/\",\"url\":\"https:\\\/\\\/homeofwool.com\\\/wp-content\\\/uploads\\\/2025\\\/09\\\/WhatsApp-Image-2025-12-02-at-16.23.20.jpeg\",\"contentUrl\":\"https:\\\/\\\/homeofwool.com\\\/wp-content\\\/uploads\\\/2025\\\/09\\\/WhatsApp-Image-2025-12-02-at-16.23.20.jpeg\",\"width\":700,\"height\":247,\"caption\":\"Home of Wool\"},\"image\":{\"@id\":\"https:\\\/\\\/homeofwool.com\\\/#\\\/schema\\\/logo\\\/image\\\/\"},\"sameAs\":[\"https:\\\/\\\/facebook.com\\\/HomeOfWoolOfficial\"]}]}<\/script>\n<!-- \/ Yoast SEO Premium plugin. -->","yoast_head_json":{"title":"Manta para beb\u00e9 de lana merina \u2013 Hecha a mano y personalizada | Home of Wool","description":"Manta para beb\u00e9 de lana merina org\u00e1nica: suave, transpirable y delicada con la piel. Evita el sobrecalentamiento, resiste los al\u00e9rgenos y mantiene a los m\u00e1s peque\u00f1os abrigados. La manta perfecta para cunas, cochecitos y mimos.","robots":{"index":"index","follow":"follow","max-snippet":"max-snippet:-1","max-image-preview":"max-image-preview:large","max-video-preview":"max-video-preview:-1"},"canonical":"https:\/\/homeofwool.com\/es\/tienda\/manta-de-merino-para-bebe\/","og_locale":"es_ES","og_type":"article","og_title":"Merino Wool Baby Blanket","og_description":"Organic Merino wool baby blanket\u2014soft, breathable, gentle on skin. Prevents overheating, resists allergens, keeps little ones cozy. Perfect comfort blanket for cribs, strollers, snuggles.","og_url":"https:\/\/homeofwool.com\/es\/tienda\/manta-de-merino-para-bebe\/","og_site_name":"Home of Wool","article_publisher":"https:\/\/facebook.com\/HomeOfWoolOfficial","article_modified_time":"2026-01-27T13:11:08+00:00","og_image":[{"width":1900,"height":1520,"url":"https:\/\/homeofwool.com\/wp-content\/uploads\/2025\/09\/home-of-wool-merino-baby-blanket-1-main.jpg","type":"image\/jpeg"}],"twitter_card":"summary_large_image","twitter_misc":{"Tiempo de lectura":"1 minuto"},"schema":{"@context":"https:\/\/schema.org","@graph":[{"@type":"WebPage","@id":"https:\/\/homeofwool.com\/nb\/butikk\/baby-merino-teppe\/","url":"https:\/\/homeofwool.com\/nb\/butikk\/baby-merino-teppe\/","name":"Manta para beb\u00e9 de lana merina \u2013 Hecha a mano y personalizada | Home of Wool","isPartOf":{"@id":"https:\/\/homeofwool.com\/#website"},"primaryImageOfPage":{"@id":"https:\/\/homeofwool.com\/nb\/butikk\/baby-merino-teppe\/#primaryimage"},"image":{"@id":"https:\/\/homeofwool.com\/nb\/butikk\/baby-merino-teppe\/#primaryimage"},"thumbnailUrl":"https:\/\/homeofwool.com\/wp-content\/uploads\/2025\/09\/home-of-wool-merino-baby-blanket-1-main.jpg","datePublished":"2025-09-02T12:02:33+00:00","dateModified":"2026-01-27T13:11:08+00:00","description":"Manta para beb\u00e9 de lana merina org\u00e1nica: suave, transpirable y delicada con la piel. Evita el sobrecalentamiento, resiste los al\u00e9rgenos y mantiene a los m\u00e1s peque\u00f1os abrigados. La manta perfecta para cunas, cochecitos y mimos.","breadcrumb":{"@id":"https:\/\/homeofwool.com\/nb\/butikk\/baby-merino-teppe\/#breadcrumb"},"inLanguage":"es","potentialAction":[{"@type":"ReadAction","target":["https:\/\/homeofwool.com\/nb\/butikk\/baby-merino-teppe\/"]}]},{"@type":"ImageObject","inLanguage":"es","@id":"https:\/\/homeofwool.com\/nb\/butikk\/baby-merino-teppe\/#primaryimage","url":"https:\/\/homeofwool.com\/wp-content\/uploads\/2025\/09\/home-of-wool-merino-baby-blanket-1-main.jpg","contentUrl":"https:\/\/homeofwool.com\/wp-content\/uploads\/2025\/09\/home-of-wool-merino-baby-blanket-1-main.jpg","width":1900,"height":1520,"caption":"home of wool merino baby blanket"},{"@type":"BreadcrumbList","@id":"https:\/\/homeofwool.com\/nb\/butikk\/baby-merino-teppe\/#breadcrumb","itemListElement":[{"@type":"ListItem","position":1,"name":"Home","item":"https:\/\/homeofwool.com\/"},{"@type":"ListItem","position":2,"name":"Products","item":"https:\/\/homeofwool.com\/header-search-2\/"},{"@type":"ListItem","position":3,"name":"Merino Wool Baby Blanket"}]},{"@type":"WebSite","@id":"https:\/\/homeofwool.com\/#website","url":"https:\/\/homeofwool.com\/","name":"Hogar de la lana","description":"","publisher":{"@id":"https:\/\/homeofwool.com\/#organization"},"potentialAction":[{"@type":"SearchAction","target":{"@type":"EntryPoint","urlTemplate":"https:\/\/homeofwool.com\/?s={search_term_string}"},"query-input":{"@type":"PropertyValueSpecification","valueRequired":true,"valueName":"search_term_string"}}],"inLanguage":"es"},{"@type":"Organization","@id":"https:\/\/homeofwool.com\/#organization","name":"Hogar de la lana","url":"https:\/\/homeofwool.com\/","logo":{"@type":"ImageObject","inLanguage":"es","@id":"https:\/\/homeofwool.com\/#\/schema\/logo\/image\/","url":"https:\/\/homeofwool.com\/wp-content\/uploads\/2025\/09\/WhatsApp-Image-2025-12-02-at-16.23.20.jpeg","contentUrl":"https:\/\/homeofwool.com\/wp-content\/uploads\/2025\/09\/WhatsApp-Image-2025-12-02-at-16.23.20.jpeg","width":700,"height":247,"caption":"Home of Wool"},"image":{"@id":"https:\/\/homeofwool.com\/#\/schema\/logo\/image\/"},"sameAs":["https:\/\/facebook.com\/HomeOfWoolOfficial"]}]}},"_links":{"self":[{"href":"https:\/\/homeofwool.com\/es\/wp-json\/wp\/v2\/product\/217767","targetHints":{"allow":["GET"]}}],"collection":[{"href":"https:\/\/homeofwool.com\/es\/wp-json\/wp\/v2\/product"}],"about":[{"href":"https:\/\/homeofwool.com\/es\/wp-json\/wp\/v2\/types\/product"}],"version-history":[{"count":2,"href":"https:\/\/homeofwool.com\/es\/wp-json\/wp\/v2\/product\/217767\/revisions"}],"predecessor-version":[{"id":227673,"href":"https:\/\/homeofwool.com\/es\/wp-json\/wp\/v2\/product\/217767\/revisions\/227673"}],"wp:featuredmedia":[{"embeddable":true,"href":"https:\/\/homeofwool.com\/es\/wp-json\/wp\/v2\/media\/219339"}],"wp:attachment":[{"href":"https:\/\/homeofwool.com\/es\/wp-json\/wp\/v2\/media?parent=217767"}],"wp:term":[{"taxonomy":"product_brand","embeddable":true,"href":"https:\/\/homeofwool.com\/es\/wp-json\/wp\/v2\/product_brand?post=217767"},{"taxonomy":"product_cat","embeddable":true,"href":"https:\/\/homeofwool.com\/es\/wp-json\/wp\/v2\/product_cat?post=217767"},{"taxonomy":"product_tag","embeddable":true,"href":"https:\/\/homeofwool.com\/es\/wp-json\/wp\/v2\/product_tag?post=217767"}],"curies":[{"name":"wp","href":"https:\/\/api.w.org\/{rel}","templated":true}]}}