{"id":217762,"date":"2025-09-02T12:02:32","date_gmt":"2025-09-02T12:02:32","guid":{"rendered":"https:\/\/homeofwool.com\/?post_type=product&#038;p=217762"},"modified":"2026-02-09T13:08:20","modified_gmt":"2026-02-09T13:08:20","slug":"zapatillas-de-ballet-de-lana","status":"publish","type":"product","link":"https:\/\/homeofwool.com\/es\/shop\/wool-ballerina-slippers\/","title":{"rendered":"Bailarinas de lana"},"content":{"rendered":"<p>Estas zapatillas de lana hechas a mano son el tipo de zapatillas con las que querr\u00e1s vivir. Las fabricamos con tejido de lana virgen 100%. Pura, transpirable y libre de toxinas. La lana se adapta a tu cuerpo. Sabe c\u00f3mo mantenerte c\u00f3modo y abrigado. Cuando hace fr\u00edo, retiene suavemente el calor. Cuando hace m\u00e1s calor, deja salir el calor. Es tan transpirable que tus pies se mantienen secos y frescos. Siempre.<\/p>\n<p>Si eres sensible a los productos qu\u00edmicos o simplemente prefieres los productos naturales, estas zapatillas hipoalerg\u00e9nicas son una excelente opci\u00f3n. No contienen ning\u00fan material sint\u00e9tico. Sin pegamentos. Sin productos qu\u00edmicos. Sin toxinas.<\/p>\n<p>Si quieres un poco m\u00e1s de tracci\u00f3n, especialmente en suelos lisos, puedes a\u00f1adir una suela antideslizante. Cada par se fabrica por encargo, por lo que tus zapatillas a medida te quedar\u00e1n perfectamente. Son ligeras y flexibles. Son f\u00e1ciles de llevar en viajes o escapadas de fin de semana.<\/p>\n<p>Biodegradables y maravillosamente c\u00f3modas, estas zapatillas ecol\u00f3gicas son perfectas para relajarse en casa o meterse en el saco de dormir cuando se acampa.<\/p>","protected":false},"excerpt":{"rendered":"<p>Mima tus pies con la comodidad natural de nuestras zapatillas de lana hechas a mano. Fabricadas con lana virgen pura, son suaves, c\u00e1lidas y transpirables a la vez. Cada par est\u00e1 confeccionado a la medida exacta de tu pie, y son lo suficientemente flexibles y suaves como para darte esa agradable sensaci\u00f3n de ir descalzo.<\/p>\n<div class=\"global-icon-set\">\n<div class=\"global-icon-set__items\">\n<div class=\"global-icon-set__item\">\n<div class=\"global-icon-set__image\">\n                                    <img decoding=\"async\" src=\"https:\/\/homeofwool.com\/wp-content\/uploads\/2025\/09\/handmade-icon-300x300.png\" alt=\"icono hecho a mano\" \/>\n                                <\/div>\n<div class=\"global-icon-set__title\">Hecho a mano<\/div>\n<\/p><\/div>\n<div class=\"global-icon-set__item\">\n<div class=\"global-icon-set__image\">\n                                    <img decoding=\"async\" src=\"https:\/\/homeofwool.com\/wp-content\/uploads\/2025\/09\/VOCs-min-300x300.png\" alt=\"vocs free\" \/>\n                                <\/div>\n<div class=\"global-icon-set__title\">Sin COV<\/div>\n<\/p><\/div>\n<div class=\"global-icon-set__item\">\n<div class=\"global-icon-set__image\">\n                                    <img decoding=\"async\" src=\"https:\/\/homeofwool.com\/wp-content\/uploads\/2025\/09\/FR-min-300x300.png\" alt=\"icono de resistencia al fuego\" \/>\n                                <\/div>\n<div class=\"global-icon-set__title\">Resistente al fuego<\/div>\n<\/p><\/div>\n<div class=\"global-icon-set__item\">\n<div class=\"global-icon-set__image\">\n                                    <img decoding=\"async\" src=\"https:\/\/homeofwool.com\/wp-content\/uploads\/2025\/09\/Hypoallergenic-min-300x300.png\" alt=\"icono hipoalerg\u00e9nico\" \/>\n                                <\/div>\n<div class=\"global-icon-set__title\">Hipoalerg\u00e9nico<\/div>\n<\/p><\/div>\n<div class=\"global-icon-set__item\">\n<div class=\"global-icon-set__image\">\n                                    <img decoding=\"async\" src=\"https:\/\/homeofwool.com\/wp-content\/uploads\/2025\/09\/free-of-synthetics-icon-300x300.png\" alt=\"icono sin sint\u00e9ticos\" \/>\n                                <\/div>\n<div class=\"global-icon-set__title\">Sin sint\u00e9ticos<\/div>\n<\/p><\/div>\n<div class=\"global-icon-set__item\">\n<div class=\"global-icon-set__image\">\n                                    <img decoding=\"async\" src=\"https:\/\/homeofwool.com\/wp-content\/uploads\/2025\/09\/chemical-free-icon-300x300.png\" alt=\"icono sin productos qu\u00edmicos\" \/>\n                                <\/div>\n<div class=\"global-icon-set__title\">Sin productos qu\u00edmicos<\/div>\n<\/p><\/div>\n<div class=\"global-icon-set__item\">\n<div class=\"global-icon-set__image\">\n                                    <img decoding=\"async\" src=\"https:\/\/homeofwool.com\/wp-content\/uploads\/2025\/09\/anti-bacterial-icon-300x300.png\" alt=\"icono antibacteriano\" \/>\n                                <\/div>\n<div class=\"global-icon-set__title\">Antimicrobiano y antibacteriano<\/div>\n<\/p><\/div>\n<div class=\"global-icon-set__item\">\n<div class=\"global-icon-set__image\">\n                                    <img decoding=\"async\" src=\"https:\/\/homeofwool.com\/wp-content\/uploads\/2025\/09\/certified-materials-icon-300x300.png\" alt=\"icono de materiales certificados\" \/>\n                                <\/div>\n<div class=\"global-icon-set__title\">100% Materiales puros certificados<\/div>\n<\/p><\/div>\n<\/p><\/div>\n<\/p><\/div>","protected":false},"featured_media":221139,"template":"","meta":{"_acf_changed":false},"product_brand":[],"product_cat":[557,590,174,558],"product_tag":[317,318,319,320,321,322,323,324,325,326,327,149,328,329,330],"class_list":{"0":"post-217762","1":"product","2":"type-product","3":"status-publish","4":"has-post-thumbnail","6":"product_cat-new","7":"product_cat-accessories","8":"product_cat-zero-waste","9":"product_cat-zero-waste-accessories","10":"product_tag-barefoot","11":"product_tag-bivouac","12":"product_tag-booties","13":"product_tag-camping-essentials","14":"product_tag-camping-slippers","15":"product_tag-felted-wool-slippers","16":"product_tag-flat-sole","17":"product_tag-outdoor-sleeping","18":"product_tag-outspan","19":"product_tag-overlanding-gear","20":"product_tag-sheep-wool-slippers","21":"product_tag-steps","22":"product_tag-wide-toe-box","23":"product_tag-wool-socks-no","24":"product_tag-zero-drop","26":"first","27":"instock","28":"shipping-taxable","29":"purchasable","30":"product-type-simple"},"acf":[],"yoast_head":"<!-- This site is optimized with the Yoast SEO Premium plugin v27.3 (Yoast SEO v27.3) - https:\/\/yoast.com\/product\/yoast-seo-premium-wordpress\/ -->\n<title>Ballerina Slippers \u2013 Eco-Friendly Women&#039;s Slippers | Home of Wool<\/title>\n<meta name=\"description\" content=\"Eco-friendly and stylish, the Ballerina Slippers use breathable wool filling. Hypoallergenic and toxin-free, they provide sustainable, comfortable women\u2019s footwear for all-day wear.\" \/>\n<meta name=\"robots\" content=\"index, follow, max-snippet:-1, max-image-preview:large, max-video-preview:-1\" \/>\n<link rel=\"canonical\" href=\"https:\/\/homeofwool.com\/es\/tienda\/zapatillas-de-ballet-de-lana\/\" \/>\n<meta property=\"og:locale\" content=\"es_ES\" \/>\n<meta property=\"og:type\" content=\"article\" \/>\n<meta property=\"og:title\" content=\"Wool Ballerina Slippers\" \/>\n<meta property=\"og:description\" content=\"Eco-friendly and stylish, the Ballerina Slippers use breathable wool filling. Hypoallergenic and toxin-free, they provide sustainable, comfortable women\u2019s footwear for all-day wear.\" \/>\n<meta property=\"og:url\" content=\"https:\/\/homeofwool.com\/es\/tienda\/zapatillas-de-ballet-de-lana\/\" \/>\n<meta property=\"og:site_name\" content=\"Home of Wool\" \/>\n<meta property=\"article:publisher\" content=\"https:\/\/facebook.com\/HomeOfWoolOfficial\" \/>\n<meta property=\"article:modified_time\" content=\"2026-02-09T13:08:20+00:00\" \/>\n<meta property=\"og:image\" content=\"https:\/\/homeofwool.com\/wp-content\/uploads\/2025\/09\/home-of-wool-wool-ballerina-slippers-1-main.jpg\" \/>\n\t<meta property=\"og:image:width\" content=\"2000\" \/>\n\t<meta property=\"og:image:height\" content=\"1600\" \/>\n\t<meta property=\"og:image:type\" content=\"image\/jpeg\" \/>\n<meta name=\"twitter:card\" content=\"summary_large_image\" \/>\n<meta name=\"twitter:label1\" content=\"Tiempo de lectura\" \/>\n\t<meta name=\"twitter:data1\" content=\"1 minuto\" \/>\n<script type=\"application\/ld+json\" class=\"yoast-schema-graph\">{\"@context\":\"https:\\\/\\\/schema.org\",\"@graph\":[{\"@type\":\"WebPage\",\"@id\":\"https:\\\/\\\/homeofwool.com\\\/shop\\\/wool-ballerina-slippers\\\/\",\"url\":\"https:\\\/\\\/homeofwool.com\\\/shop\\\/wool-ballerina-slippers\\\/\",\"name\":\"Ballerina Slippers \u2013 Eco-Friendly Women's Slippers | Home of Wool\",\"isPartOf\":{\"@id\":\"https:\\\/\\\/homeofwool.com\\\/#website\"},\"primaryImageOfPage\":{\"@id\":\"https:\\\/\\\/homeofwool.com\\\/shop\\\/wool-ballerina-slippers\\\/#primaryimage\"},\"image\":{\"@id\":\"https:\\\/\\\/homeofwool.com\\\/shop\\\/wool-ballerina-slippers\\\/#primaryimage\"},\"thumbnailUrl\":\"https:\\\/\\\/homeofwool.com\\\/wp-content\\\/uploads\\\/2025\\\/09\\\/home-of-wool-wool-ballerina-slippers-1-main.jpg\",\"datePublished\":\"2025-09-02T12:02:32+00:00\",\"dateModified\":\"2026-02-09T13:08:20+00:00\",\"description\":\"Eco-friendly and stylish, the Ballerina Slippers use breathable wool filling. Hypoallergenic and toxin-free, they provide sustainable, comfortable women\u2019s footwear for all-day wear.\",\"breadcrumb\":{\"@id\":\"https:\\\/\\\/homeofwool.com\\\/shop\\\/wool-ballerina-slippers\\\/#breadcrumb\"},\"inLanguage\":\"es\",\"potentialAction\":[{\"@type\":\"ReadAction\",\"target\":[\"https:\\\/\\\/homeofwool.com\\\/shop\\\/wool-ballerina-slippers\\\/\"]}]},{\"@type\":\"ImageObject\",\"inLanguage\":\"es\",\"@id\":\"https:\\\/\\\/homeofwool.com\\\/shop\\\/wool-ballerina-slippers\\\/#primaryimage\",\"url\":\"https:\\\/\\\/homeofwool.com\\\/wp-content\\\/uploads\\\/2025\\\/09\\\/home-of-wool-wool-ballerina-slippers-1-main.jpg\",\"contentUrl\":\"https:\\\/\\\/homeofwool.com\\\/wp-content\\\/uploads\\\/2025\\\/09\\\/home-of-wool-wool-ballerina-slippers-1-main.jpg\",\"width\":2000,\"height\":1600,\"caption\":\"wool ballerina slippers being worn by someone\"},{\"@type\":\"BreadcrumbList\",\"@id\":\"https:\\\/\\\/homeofwool.com\\\/shop\\\/wool-ballerina-slippers\\\/#breadcrumb\",\"itemListElement\":[{\"@type\":\"ListItem\",\"position\":1,\"name\":\"Home\",\"item\":\"https:\\\/\\\/homeofwool.com\\\/\"},{\"@type\":\"ListItem\",\"position\":2,\"name\":\"Products\",\"item\":\"https:\\\/\\\/homeofwool.com\\\/header-search-2\\\/\"},{\"@type\":\"ListItem\",\"position\":3,\"name\":\"Wool Ballerina Slippers\"}]},{\"@type\":\"WebSite\",\"@id\":\"https:\\\/\\\/homeofwool.com\\\/#website\",\"url\":\"https:\\\/\\\/homeofwool.com\\\/\",\"name\":\"Home of Wool\",\"description\":\"\",\"publisher\":{\"@id\":\"https:\\\/\\\/homeofwool.com\\\/#organization\"},\"potentialAction\":[{\"@type\":\"SearchAction\",\"target\":{\"@type\":\"EntryPoint\",\"urlTemplate\":\"https:\\\/\\\/homeofwool.com\\\/?s={search_term_string}\"},\"query-input\":{\"@type\":\"PropertyValueSpecification\",\"valueRequired\":true,\"valueName\":\"search_term_string\"}}],\"inLanguage\":\"es\"},{\"@type\":\"Organization\",\"@id\":\"https:\\\/\\\/homeofwool.com\\\/#organization\",\"name\":\"Home of Wool\",\"url\":\"https:\\\/\\\/homeofwool.com\\\/\",\"logo\":{\"@type\":\"ImageObject\",\"inLanguage\":\"es\",\"@id\":\"https:\\\/\\\/homeofwool.com\\\/#\\\/schema\\\/logo\\\/image\\\/\",\"url\":\"https:\\\/\\\/homeofwool.com\\\/wp-content\\\/uploads\\\/2025\\\/09\\\/WhatsApp-Image-2025-12-02-at-16.23.20.jpeg\",\"contentUrl\":\"https:\\\/\\\/homeofwool.com\\\/wp-content\\\/uploads\\\/2025\\\/09\\\/WhatsApp-Image-2025-12-02-at-16.23.20.jpeg\",\"width\":700,\"height\":247,\"caption\":\"Home of Wool\"},\"image\":{\"@id\":\"https:\\\/\\\/homeofwool.com\\\/#\\\/schema\\\/logo\\\/image\\\/\"},\"sameAs\":[\"https:\\\/\\\/facebook.com\\\/HomeOfWoolOfficial\"]}]}<\/script>\n<!-- \/ Yoast SEO Premium plugin. -->","yoast_head_json":{"title":"Zapatillas de bailarina: zapatillas ecol\u00f3gicas para mujer | Home of Wool","description":"Las zapatillas Ballerina, ecol\u00f3gicas y elegantes, utilizan un relleno de lana transpirable. Hipoalerg\u00e9nicas y libres de toxinas, son un calzado sostenible y c\u00f3modo para mujer, ideal para llevar todo el d\u00eda.","robots":{"index":"index","follow":"follow","max-snippet":"max-snippet:-1","max-image-preview":"max-image-preview:large","max-video-preview":"max-video-preview:-1"},"canonical":"https:\/\/homeofwool.com\/es\/tienda\/zapatillas-de-ballet-de-lana\/","og_locale":"es_ES","og_type":"article","og_title":"Wool Ballerina Slippers","og_description":"Eco-friendly and stylish, the Ballerina Slippers use breathable wool filling. Hypoallergenic and toxin-free, they provide sustainable, comfortable women\u2019s footwear for all-day wear.","og_url":"https:\/\/homeofwool.com\/es\/tienda\/zapatillas-de-ballet-de-lana\/","og_site_name":"Home of Wool","article_publisher":"https:\/\/facebook.com\/HomeOfWoolOfficial","article_modified_time":"2026-02-09T13:08:20+00:00","og_image":[{"width":2000,"height":1600,"url":"https:\/\/homeofwool.com\/wp-content\/uploads\/2025\/09\/home-of-wool-wool-ballerina-slippers-1-main.jpg","type":"image\/jpeg"}],"twitter_card":"summary_large_image","twitter_misc":{"Tiempo de lectura":"1 minuto"},"schema":{"@context":"https:\/\/schema.org","@graph":[{"@type":"WebPage","@id":"https:\/\/homeofwool.com\/shop\/wool-ballerina-slippers\/","url":"https:\/\/homeofwool.com\/shop\/wool-ballerina-slippers\/","name":"Zapatillas de bailarina: zapatillas ecol\u00f3gicas para mujer | Home of Wool","isPartOf":{"@id":"https:\/\/homeofwool.com\/#website"},"primaryImageOfPage":{"@id":"https:\/\/homeofwool.com\/shop\/wool-ballerina-slippers\/#primaryimage"},"image":{"@id":"https:\/\/homeofwool.com\/shop\/wool-ballerina-slippers\/#primaryimage"},"thumbnailUrl":"https:\/\/homeofwool.com\/wp-content\/uploads\/2025\/09\/home-of-wool-wool-ballerina-slippers-1-main.jpg","datePublished":"2025-09-02T12:02:32+00:00","dateModified":"2026-02-09T13:08:20+00:00","description":"Las zapatillas Ballerina, ecol\u00f3gicas y elegantes, utilizan un relleno de lana transpirable. Hipoalerg\u00e9nicas y libres de toxinas, son un calzado sostenible y c\u00f3modo para mujer, ideal para llevar todo el d\u00eda.","breadcrumb":{"@id":"https:\/\/homeofwool.com\/shop\/wool-ballerina-slippers\/#breadcrumb"},"inLanguage":"es","potentialAction":[{"@type":"ReadAction","target":["https:\/\/homeofwool.com\/shop\/wool-ballerina-slippers\/"]}]},{"@type":"ImageObject","inLanguage":"es","@id":"https:\/\/homeofwool.com\/shop\/wool-ballerina-slippers\/#primaryimage","url":"https:\/\/homeofwool.com\/wp-content\/uploads\/2025\/09\/home-of-wool-wool-ballerina-slippers-1-main.jpg","contentUrl":"https:\/\/homeofwool.com\/wp-content\/uploads\/2025\/09\/home-of-wool-wool-ballerina-slippers-1-main.jpg","width":2000,"height":1600,"caption":"wool ballerina slippers being worn by someone"},{"@type":"BreadcrumbList","@id":"https:\/\/homeofwool.com\/shop\/wool-ballerina-slippers\/#breadcrumb","itemListElement":[{"@type":"ListItem","position":1,"name":"Home","item":"https:\/\/homeofwool.com\/"},{"@type":"ListItem","position":2,"name":"Products","item":"https:\/\/homeofwool.com\/header-search-2\/"},{"@type":"ListItem","position":3,"name":"Wool Ballerina Slippers"}]},{"@type":"WebSite","@id":"https:\/\/homeofwool.com\/#website","url":"https:\/\/homeofwool.com\/","name":"Hogar de la lana","description":"","publisher":{"@id":"https:\/\/homeofwool.com\/#organization"},"potentialAction":[{"@type":"SearchAction","target":{"@type":"EntryPoint","urlTemplate":"https:\/\/homeofwool.com\/?s={search_term_string}"},"query-input":{"@type":"PropertyValueSpecification","valueRequired":true,"valueName":"search_term_string"}}],"inLanguage":"es"},{"@type":"Organization","@id":"https:\/\/homeofwool.com\/#organization","name":"Hogar de la lana","url":"https:\/\/homeofwool.com\/","logo":{"@type":"ImageObject","inLanguage":"es","@id":"https:\/\/homeofwool.com\/#\/schema\/logo\/image\/","url":"https:\/\/homeofwool.com\/wp-content\/uploads\/2025\/09\/WhatsApp-Image-2025-12-02-at-16.23.20.jpeg","contentUrl":"https:\/\/homeofwool.com\/wp-content\/uploads\/2025\/09\/WhatsApp-Image-2025-12-02-at-16.23.20.jpeg","width":700,"height":247,"caption":"Home of Wool"},"image":{"@id":"https:\/\/homeofwool.com\/#\/schema\/logo\/image\/"},"sameAs":["https:\/\/facebook.com\/HomeOfWoolOfficial"]}]}},"_links":{"self":[{"href":"https:\/\/homeofwool.com\/es\/wp-json\/wp\/v2\/product\/217762","targetHints":{"allow":["GET"]}}],"collection":[{"href":"https:\/\/homeofwool.com\/es\/wp-json\/wp\/v2\/product"}],"about":[{"href":"https:\/\/homeofwool.com\/es\/wp-json\/wp\/v2\/types\/product"}],"version-history":[{"count":1,"href":"https:\/\/homeofwool.com\/es\/wp-json\/wp\/v2\/product\/217762\/revisions"}],"predecessor-version":[{"id":227286,"href":"https:\/\/homeofwool.com\/es\/wp-json\/wp\/v2\/product\/217762\/revisions\/227286"}],"wp:featuredmedia":[{"embeddable":true,"href":"https:\/\/homeofwool.com\/es\/wp-json\/wp\/v2\/media\/221139"}],"wp:attachment":[{"href":"https:\/\/homeofwool.com\/es\/wp-json\/wp\/v2\/media?parent=217762"}],"wp:term":[{"taxonomy":"product_brand","embeddable":true,"href":"https:\/\/homeofwool.com\/es\/wp-json\/wp\/v2\/product_brand?post=217762"},{"taxonomy":"product_cat","embeddable":true,"href":"https:\/\/homeofwool.com\/es\/wp-json\/wp\/v2\/product_cat?post=217762"},{"taxonomy":"product_tag","embeddable":true,"href":"https:\/\/homeofwool.com\/es\/wp-json\/wp\/v2\/product_tag?post=217762"}],"curies":[{"name":"wp","href":"https:\/\/api.w.org\/{rel}","templated":true}]}}