{"id":217747,"date":"2025-09-02T12:02:24","date_gmt":"2025-09-02T12:02:24","guid":{"rendered":"https:\/\/homeofwool.com\/?post_type=product&#038;p=217747"},"modified":"2026-03-26T12:41:18","modified_gmt":"2026-03-26T12:41:18","slug":"venta-de-sillones-redondos-tipo-puf","status":"publish","type":"product","link":"https:\/\/homeofwool.com\/es\/shop\/round-bean-bag-chair-sale\/","title":{"rendered":"Sill\u00f3n puff redondo de lana | REBAJAS"},"content":{"rendered":"<p>Todos nuestros productos est\u00e1n fabricados \u00fanicamente con materiales totalmente naturales, sostenibles, renovables, biodegradables y reciclables, SIN SUSTANCIAS QU\u00cdMICAS (incluidos retardantes de llama, tintes, lej\u00edas, COV, acabados y lana carbonizada) y SIN MATERIALES SINT\u00c9TICOS (incluidos pl\u00e1sticos, l\u00e1tex, vinilo y muelles). Certificados en la categor\u00eda m\u00e1s estricta, para mayor tranquilidad.<\/p>\n<p>Fabricamos productos dise\u00f1ados para durar, con materiales de alta calidad. Sin embargo, para poder disfrutarlos durante el mayor tiempo posible, hay algunas pr\u00e1cticas recomendadas que conviene seguir.<\/p>\n<h3>CARACTER\u00cdSTICAS:<\/h3>\n<ul>\n<li style=\"text-align: left;\"><strong>Tufting a mano<\/strong> con hilo de lino natural para mantener el relleno en su sitio.<\/li>\n<li style=\"text-align: left;\">Metal resistente <strong>cremallera<\/strong> en la parte posterior para que puedas ajustar, a\u00f1adir o quitar lana f\u00e1cilmente si es necesario (cremalleras de pl\u00e1stico bajo pedido)<\/li>\n<li style=\"text-align: left;\">Gratuito <strong>kit de reparaci\u00f3n<\/strong>.<\/li>\n<\/ul>\n<h3>RELLENO:<\/h3>\n<p>12,9 kg (28,5 lb) 100% Restos de guata de lana GOTS<\/p>\n<h3>OPCIONES DE TEJIDO EXTERIOR:<\/h3>\n<p>100% Algod\u00f3n org\u00e1nico (certificado GOTS)<br \/>\n100% Lino, texturizado (certificado Oeko-Tex)<br \/>\n100% Lino (certificado Oeko-Tex)<br \/>\n100% Lana virgen (certificada Oeko-Tex)<\/p>\n<h3>TEJIDO INTERIOR:<\/h3>\n<p>100% Algod\u00f3n org\u00e1nico (certificado GOTS)<\/p>\n<h3>FABRICACI\u00d3N Y ENV\u00cdO:<\/h3>\n<p>Tiempo de fabricaci\u00f3n est\u00e1ndar: 1-2 semanas<br \/>\nPlazo de env\u00edo gratuito:  1-4 semanas<br \/>\nTiempo de env\u00edo urgente: 3-4 d\u00edas<\/p>\n<p>&nbsp;<\/p>\n<p>*Estos son art\u00edculos hechos a mano. Por favor, tenga en cuenta que pueden existir algunas variaciones en las dimensiones. Cualquier variaci\u00f3n en las dimensiones inferior a 5% se considera aceptable.<\/p>\n<p>*Todos los art\u00edculos rellenos de lana est\u00e1n sujetos a cierto grado de compresi\u00f3n. Sin embargo, rellenamos los art\u00edculos con lana de forma compacta para que sean m\u00e1s gruesos de lo anunciado y, durante los primeros meses de uso, se compriman hasta alcanzar aproximadamente el grosor anunciado.<\/p>\n<p>*Las fibras de lana presentan diversos colores naturales y desprenden el olor natural de las ovejas, que desaparecer\u00e1 en un par de meses.<\/p>","protected":false},"excerpt":{"rendered":"<p>Completamente libre de productos qu\u00edmicos, sin emisiones gaseosas y sin COV. Hipoalerg\u00e9nico, apto para personas con sensibilidad a los productos qu\u00edmicos, incluido el s\u00edndrome de sensibilidad qu\u00edmica m\u00faltiple (MCS). Resistente de forma natural a los \u00e1caros del polvo y al moho, antimicrobiano, antibacteriano y resistente al fuego.<\/p>\n<p><strong>TAMA\u00d1O:<\/strong>\u00a0Di\u00e1metro 35\u2033 (89 cm) \u00d7 Altura 25\u2033 (63 cm) (aprox.)<br \/>\n<strong>INSERTAR TELA:<\/strong>\u00a0100% Algod\u00f3n org\u00e1nico<br \/>\n<strong>LANA EN EL INTERIOR:<\/strong>\u00a028,5 libras (12,9 kg)<\/p>\n<div class=\"global-icon-set\">\n<div class=\"global-icon-set__items\">\n<div class=\"global-icon-set__item\">\n<div class=\"global-icon-set__image\">\n                                    <img decoding=\"async\" src=\"https:\/\/homeofwool.com\/wp-content\/uploads\/2025\/09\/VOCs-min-300x300.png\" alt=\"vocs free\" \/>\n                                <\/div>\n<div class=\"global-icon-set__title\">Sin COV<\/div>\n<\/p><\/div>\n<div class=\"global-icon-set__item\">\n<div class=\"global-icon-set__image\">\n                                    <img decoding=\"async\" src=\"https:\/\/homeofwool.com\/wp-content\/uploads\/2025\/09\/FR-min-300x300.png\" alt=\"icono de resistencia al fuego\" \/>\n                                <\/div>\n<div class=\"global-icon-set__title\">Resistente al fuego<\/div>\n<\/p><\/div>\n<div class=\"global-icon-set__item\">\n<div class=\"global-icon-set__image\">\n                                    <img decoding=\"async\" src=\"https:\/\/homeofwool.com\/wp-content\/uploads\/2025\/09\/Hypoallergenic-min-300x300.png\" alt=\"icono hipoalerg\u00e9nico\" \/>\n                                <\/div>\n<div class=\"global-icon-set__title\">Hipoalerg\u00e9nico<\/div>\n<\/p><\/div>\n<div class=\"global-icon-set__item\">\n<div class=\"global-icon-set__image\">\n                                    <img decoding=\"async\" src=\"https:\/\/homeofwool.com\/wp-content\/uploads\/2025\/09\/free-of-synthetics-icon-300x300.png\" alt=\"icono sin sint\u00e9ticos\" \/>\n                                <\/div>\n<div class=\"global-icon-set__title\">Sin sint\u00e9ticos<\/div>\n<\/p><\/div>\n<div class=\"global-icon-set__item\">\n<div class=\"global-icon-set__image\">\n                                    <img decoding=\"async\" src=\"https:\/\/homeofwool.com\/wp-content\/uploads\/2025\/09\/chemical-free-icon-300x300.png\" alt=\"icono sin productos qu\u00edmicos\" \/>\n                                <\/div>\n<div class=\"global-icon-set__title\">Sin productos qu\u00edmicos<\/div>\n<\/p><\/div>\n<div class=\"global-icon-set__item\">\n<div class=\"global-icon-set__image\">\n                                    <img decoding=\"async\" src=\"https:\/\/homeofwool.com\/wp-content\/uploads\/2025\/09\/anti-bacterial-icon-300x300.png\" alt=\"icono antibacteriano\" \/>\n                                <\/div>\n<div class=\"global-icon-set__title\">Antimicrobiano y antibacteriano<\/div>\n<\/p><\/div>\n<\/p><\/div>\n<\/p><\/div>","protected":false},"featured_media":225192,"template":"","meta":{"_acf_changed":false},"product_brand":[],"product_cat":[557,20,174,815],"product_tag":[735,741,212,740],"class_list":{"0":"post-217747","1":"product","2":"type-product","3":"status-publish","4":"has-post-thumbnail","6":"product_cat-new","7":"product_cat-pillows-poufs","8":"product_cat-zero-waste","9":"product_cat-zero-waste-poufs","10":"product_tag-adult-bean-bag","11":"product_tag-bean-bag-chair","12":"product_tag-custom-pouf","13":"product_tag-organic-bean-bag","15":"first","16":"outofstock","17":"sale","18":"shipping-taxable","19":"purchasable","20":"product-type-variable"},"acf":[],"yoast_head":"<!-- This site is optimized with the Yoast SEO Premium plugin v27.4 (Yoast SEO v27.4) - https:\/\/yoast.com\/product\/yoast-seo-premium-wordpress\/ -->\n<title>Round Wool Bean Bag Chair \u2013 ON SALE, Toxin-Free | Home of Wool<\/title>\n<meta name=\"description\" content=\"Shop the Round Wool Bean Bag Chair on sale. Toxin-free, hypoallergenic, resistant to dust mites, mildew, and bacteria. Perfect for chemical sensitivities.\" \/>\n<meta name=\"robots\" content=\"index, follow, max-snippet:-1, max-image-preview:large, max-video-preview:-1\" \/>\n<link rel=\"canonical\" href=\"https:\/\/homeofwool.com\/es\/tienda\/venta-de-sillones-redondos-tipo-puf\/\" \/>\n<meta property=\"og:locale\" content=\"es_ES\" \/>\n<meta property=\"og:type\" content=\"article\" \/>\n<meta property=\"og:title\" content=\"Round Wool Bean Bag Chair | SALE\" \/>\n<meta property=\"og:description\" content=\"Shop the Round Wool Bean Bag Chair on sale. Toxin-free, hypoallergenic, resistant to dust mites, mildew, and bacteria. Perfect for chemical sensitivities.\" \/>\n<meta property=\"og:url\" content=\"https:\/\/homeofwool.com\/es\/tienda\/venta-de-sillones-redondos-tipo-puf\/\" \/>\n<meta property=\"og:site_name\" content=\"Home of Wool\" \/>\n<meta property=\"article:publisher\" content=\"https:\/\/facebook.com\/HomeOfWoolOfficial\" \/>\n<meta property=\"article:modified_time\" content=\"2026-03-26T12:41:18+00:00\" \/>\n<meta property=\"og:image\" content=\"https:\/\/homeofwool.com\/wp-content\/uploads\/2025\/09\/home-of-wool-round-wool-bean-bag-chair-1-main-1.jpg\" \/>\n\t<meta property=\"og:image:width\" content=\"1645\" \/>\n\t<meta property=\"og:image:height\" content=\"1316\" \/>\n\t<meta property=\"og:image:type\" content=\"image\/jpeg\" \/>\n<meta name=\"twitter:card\" content=\"summary_large_image\" \/>\n<meta name=\"twitter:label1\" content=\"Tiempo de lectura\" \/>\n\t<meta name=\"twitter:data1\" content=\"2 minutos\" \/>\n<script type=\"application\/ld+json\" class=\"yoast-schema-graph\">{\"@context\":\"https:\\\/\\\/schema.org\",\"@graph\":[{\"@type\":\"WebPage\",\"@id\":\"https:\\\/\\\/homeofwool.com\\\/shop\\\/round-bean-bag-chair-sale\\\/\",\"url\":\"https:\\\/\\\/homeofwool.com\\\/shop\\\/round-bean-bag-chair-sale\\\/\",\"name\":\"Round Wool Bean Bag Chair \u2013 ON SALE, Toxin-Free | Home of Wool\",\"isPartOf\":{\"@id\":\"https:\\\/\\\/homeofwool.com\\\/#website\"},\"primaryImageOfPage\":{\"@id\":\"https:\\\/\\\/homeofwool.com\\\/shop\\\/round-bean-bag-chair-sale\\\/#primaryimage\"},\"image\":{\"@id\":\"https:\\\/\\\/homeofwool.com\\\/shop\\\/round-bean-bag-chair-sale\\\/#primaryimage\"},\"thumbnailUrl\":\"https:\\\/\\\/homeofwool.com\\\/wp-content\\\/uploads\\\/2025\\\/09\\\/home-of-wool-round-wool-bean-bag-chair-1-main-1.jpg\",\"datePublished\":\"2025-09-02T12:02:24+00:00\",\"dateModified\":\"2026-03-26T12:41:18+00:00\",\"description\":\"Shop the Round Wool Bean Bag Chair on sale. Toxin-free, hypoallergenic, resistant to dust mites, mildew, and bacteria. Perfect for chemical sensitivities.\",\"breadcrumb\":{\"@id\":\"https:\\\/\\\/homeofwool.com\\\/shop\\\/round-bean-bag-chair-sale\\\/#breadcrumb\"},\"inLanguage\":\"es\",\"potentialAction\":[{\"@type\":\"ReadAction\",\"target\":[\"https:\\\/\\\/homeofwool.com\\\/shop\\\/round-bean-bag-chair-sale\\\/\"]}]},{\"@type\":\"ImageObject\",\"inLanguage\":\"es\",\"@id\":\"https:\\\/\\\/homeofwool.com\\\/shop\\\/round-bean-bag-chair-sale\\\/#primaryimage\",\"url\":\"https:\\\/\\\/homeofwool.com\\\/wp-content\\\/uploads\\\/2025\\\/09\\\/home-of-wool-round-wool-bean-bag-chair-1-main-1.jpg\",\"contentUrl\":\"https:\\\/\\\/homeofwool.com\\\/wp-content\\\/uploads\\\/2025\\\/09\\\/home-of-wool-round-wool-bean-bag-chair-1-main-1.jpg\",\"width\":1645,\"height\":1316},{\"@type\":\"BreadcrumbList\",\"@id\":\"https:\\\/\\\/homeofwool.com\\\/shop\\\/round-bean-bag-chair-sale\\\/#breadcrumb\",\"itemListElement\":[{\"@type\":\"ListItem\",\"position\":1,\"name\":\"Home\",\"item\":\"https:\\\/\\\/homeofwool.com\\\/\"},{\"@type\":\"ListItem\",\"position\":2,\"name\":\"Products\",\"item\":\"https:\\\/\\\/homeofwool.com\\\/header-search-2\\\/\"},{\"@type\":\"ListItem\",\"position\":3,\"name\":\"Round Wool Bean Bag Chair | SALE\"}]},{\"@type\":\"WebSite\",\"@id\":\"https:\\\/\\\/homeofwool.com\\\/#website\",\"url\":\"https:\\\/\\\/homeofwool.com\\\/\",\"name\":\"Home of Wool\",\"description\":\"\",\"publisher\":{\"@id\":\"https:\\\/\\\/homeofwool.com\\\/#organization\"},\"potentialAction\":[{\"@type\":\"SearchAction\",\"target\":{\"@type\":\"EntryPoint\",\"urlTemplate\":\"https:\\\/\\\/homeofwool.com\\\/?s={search_term_string}\"},\"query-input\":{\"@type\":\"PropertyValueSpecification\",\"valueRequired\":true,\"valueName\":\"search_term_string\"}}],\"inLanguage\":\"es\"},{\"@type\":\"Organization\",\"@id\":\"https:\\\/\\\/homeofwool.com\\\/#organization\",\"name\":\"Home of Wool\",\"url\":\"https:\\\/\\\/homeofwool.com\\\/\",\"logo\":{\"@type\":\"ImageObject\",\"inLanguage\":\"es\",\"@id\":\"https:\\\/\\\/homeofwool.com\\\/#\\\/schema\\\/logo\\\/image\\\/\",\"url\":\"https:\\\/\\\/homeofwool.com\\\/wp-content\\\/uploads\\\/2025\\\/09\\\/WhatsApp-Image-2025-12-02-at-16.23.20.jpeg\",\"contentUrl\":\"https:\\\/\\\/homeofwool.com\\\/wp-content\\\/uploads\\\/2025\\\/09\\\/WhatsApp-Image-2025-12-02-at-16.23.20.jpeg\",\"width\":700,\"height\":247,\"caption\":\"Home of Wool\"},\"image\":{\"@id\":\"https:\\\/\\\/homeofwool.com\\\/#\\\/schema\\\/logo\\\/image\\\/\"},\"sameAs\":[\"https:\\\/\\\/facebook.com\\\/HomeOfWoolOfficial\"]}]}<\/script>\n<!-- \/ Yoast SEO Premium plugin. -->","yoast_head_json":{"title":"Sill\u00f3n puff redondo de lana \u2013 EN OFERTA, libre de toxinas | Home of Wool","description":"Compra la silla puf redonda de lana en oferta. Libre de toxinas, hipoalerg\u00e9nica, resistente a los \u00e1caros del polvo, el moho y las bacterias. Perfecta para personas con sensibilidad qu\u00edmica.","robots":{"index":"index","follow":"follow","max-snippet":"max-snippet:-1","max-image-preview":"max-image-preview:large","max-video-preview":"max-video-preview:-1"},"canonical":"https:\/\/homeofwool.com\/es\/tienda\/venta-de-sillones-redondos-tipo-puf\/","og_locale":"es_ES","og_type":"article","og_title":"Round Wool Bean Bag Chair | SALE","og_description":"Shop the Round Wool Bean Bag Chair on sale. Toxin-free, hypoallergenic, resistant to dust mites, mildew, and bacteria. Perfect for chemical sensitivities.","og_url":"https:\/\/homeofwool.com\/es\/tienda\/venta-de-sillones-redondos-tipo-puf\/","og_site_name":"Home of Wool","article_publisher":"https:\/\/facebook.com\/HomeOfWoolOfficial","article_modified_time":"2026-03-26T12:41:18+00:00","og_image":[{"width":1645,"height":1316,"url":"https:\/\/homeofwool.com\/wp-content\/uploads\/2025\/09\/home-of-wool-round-wool-bean-bag-chair-1-main-1.jpg","type":"image\/jpeg"}],"twitter_card":"summary_large_image","twitter_misc":{"Tiempo de lectura":"2 minutos"},"schema":{"@context":"https:\/\/schema.org","@graph":[{"@type":"WebPage","@id":"https:\/\/homeofwool.com\/shop\/round-bean-bag-chair-sale\/","url":"https:\/\/homeofwool.com\/shop\/round-bean-bag-chair-sale\/","name":"Sill\u00f3n puff redondo de lana \u2013 EN OFERTA, libre de toxinas | Home of Wool","isPartOf":{"@id":"https:\/\/homeofwool.com\/#website"},"primaryImageOfPage":{"@id":"https:\/\/homeofwool.com\/shop\/round-bean-bag-chair-sale\/#primaryimage"},"image":{"@id":"https:\/\/homeofwool.com\/shop\/round-bean-bag-chair-sale\/#primaryimage"},"thumbnailUrl":"https:\/\/homeofwool.com\/wp-content\/uploads\/2025\/09\/home-of-wool-round-wool-bean-bag-chair-1-main-1.jpg","datePublished":"2025-09-02T12:02:24+00:00","dateModified":"2026-03-26T12:41:18+00:00","description":"Compra la silla puf redonda de lana en oferta. Libre de toxinas, hipoalerg\u00e9nica, resistente a los \u00e1caros del polvo, el moho y las bacterias. Perfecta para personas con sensibilidad qu\u00edmica.","breadcrumb":{"@id":"https:\/\/homeofwool.com\/shop\/round-bean-bag-chair-sale\/#breadcrumb"},"inLanguage":"es","potentialAction":[{"@type":"ReadAction","target":["https:\/\/homeofwool.com\/shop\/round-bean-bag-chair-sale\/"]}]},{"@type":"ImageObject","inLanguage":"es","@id":"https:\/\/homeofwool.com\/shop\/round-bean-bag-chair-sale\/#primaryimage","url":"https:\/\/homeofwool.com\/wp-content\/uploads\/2025\/09\/home-of-wool-round-wool-bean-bag-chair-1-main-1.jpg","contentUrl":"https:\/\/homeofwool.com\/wp-content\/uploads\/2025\/09\/home-of-wool-round-wool-bean-bag-chair-1-main-1.jpg","width":1645,"height":1316},{"@type":"BreadcrumbList","@id":"https:\/\/homeofwool.com\/shop\/round-bean-bag-chair-sale\/#breadcrumb","itemListElement":[{"@type":"ListItem","position":1,"name":"Home","item":"https:\/\/homeofwool.com\/"},{"@type":"ListItem","position":2,"name":"Products","item":"https:\/\/homeofwool.com\/header-search-2\/"},{"@type":"ListItem","position":3,"name":"Round Wool Bean Bag Chair | SALE"}]},{"@type":"WebSite","@id":"https:\/\/homeofwool.com\/#website","url":"https:\/\/homeofwool.com\/","name":"Hogar de la lana","description":"","publisher":{"@id":"https:\/\/homeofwool.com\/#organization"},"potentialAction":[{"@type":"SearchAction","target":{"@type":"EntryPoint","urlTemplate":"https:\/\/homeofwool.com\/?s={search_term_string}"},"query-input":{"@type":"PropertyValueSpecification","valueRequired":true,"valueName":"search_term_string"}}],"inLanguage":"es"},{"@type":"Organization","@id":"https:\/\/homeofwool.com\/#organization","name":"Hogar de la lana","url":"https:\/\/homeofwool.com\/","logo":{"@type":"ImageObject","inLanguage":"es","@id":"https:\/\/homeofwool.com\/#\/schema\/logo\/image\/","url":"https:\/\/homeofwool.com\/wp-content\/uploads\/2025\/09\/WhatsApp-Image-2025-12-02-at-16.23.20.jpeg","contentUrl":"https:\/\/homeofwool.com\/wp-content\/uploads\/2025\/09\/WhatsApp-Image-2025-12-02-at-16.23.20.jpeg","width":700,"height":247,"caption":"Home of Wool"},"image":{"@id":"https:\/\/homeofwool.com\/#\/schema\/logo\/image\/"},"sameAs":["https:\/\/facebook.com\/HomeOfWoolOfficial"]}]}},"_links":{"self":[{"href":"https:\/\/homeofwool.com\/es\/wp-json\/wp\/v2\/product\/217747","targetHints":{"allow":["GET"]}}],"collection":[{"href":"https:\/\/homeofwool.com\/es\/wp-json\/wp\/v2\/product"}],"about":[{"href":"https:\/\/homeofwool.com\/es\/wp-json\/wp\/v2\/types\/product"}],"version-history":[{"count":3,"href":"https:\/\/homeofwool.com\/es\/wp-json\/wp\/v2\/product\/217747\/revisions"}],"predecessor-version":[{"id":229035,"href":"https:\/\/homeofwool.com\/es\/wp-json\/wp\/v2\/product\/217747\/revisions\/229035"}],"wp:featuredmedia":[{"embeddable":true,"href":"https:\/\/homeofwool.com\/es\/wp-json\/wp\/v2\/media\/225192"}],"wp:attachment":[{"href":"https:\/\/homeofwool.com\/es\/wp-json\/wp\/v2\/media?parent=217747"}],"wp:term":[{"taxonomy":"product_brand","embeddable":true,"href":"https:\/\/homeofwool.com\/es\/wp-json\/wp\/v2\/product_brand?post=217747"},{"taxonomy":"product_cat","embeddable":true,"href":"https:\/\/homeofwool.com\/es\/wp-json\/wp\/v2\/product_cat?post=217747"},{"taxonomy":"product_tag","embeddable":true,"href":"https:\/\/homeofwool.com\/es\/wp-json\/wp\/v2\/product_tag?post=217747"}],"curies":[{"name":"wp","href":"https:\/\/api.w.org\/{rel}","templated":true}]}}