{"id":217709,"date":"2025-09-02T12:02:14","date_gmt":"2025-09-02T12:02:14","guid":{"rendered":"https:\/\/homeofwool.com\/?post_type=product&#038;p=217709"},"modified":"2026-02-11T09:20:44","modified_gmt":"2026-02-11T09:20:44","slug":"alfombra-de-canamo","status":"publish","type":"product","link":"https:\/\/homeofwool.com\/es\/shop\/hemp-rug\/","title":{"rendered":"Alfombra de c\u00e1\u00f1amo"},"content":{"rendered":"<p>La alfombra de c\u00e1\u00f1amo Home of Wool es m\u00e1s que un revestimiento para el suelo. Fabricada con fibras de c\u00e1\u00f1amo puro, aporta un toque natural al hogar. Sus tonos terrosos no son tintes, sino que provienen de la propia planta. Son los tonos naturales del c\u00e1\u00f1amo.<\/p>\n<p>Debido a que el c\u00e1\u00f1amo es naturalmente resistente, el tejido crea una alfombra duradera que aguanta perfectamente el uso diario, ya sea en el pasillo, en el sal\u00f3n o debajo de la mesa del comedor. Junto a la cama, hace que los primeros pasos del d\u00eda sean m\u00e1s agradables.<\/p>\n<p>Todas las alfombras ecol\u00f3gicas de c\u00e1\u00f1amo se fabrican por encargo, lo que le permite seleccionar el tama\u00f1o que mejor se adapte a su espacio. La base se adhiere lo suficiente como para que la alfombra no se deslice al caminar sobre ella.<\/p>\n<p>La textura org\u00e1nica le confiere un aspecto relajado, propio de una alfombra boho de c\u00e1\u00f1amo. Con su presencia s\u00f3lida y sus materiales limpios, esta alfombra de c\u00e1\u00f1amo org\u00e1nico a\u00fana comodidad, salud y sostenibilidad en una pieza atemporal.<\/p>","protected":false},"excerpt":{"rendered":"<p>Aporta un toque de encanto natural a tu hogar con esta alfombra de c\u00e1\u00f1amo, elaborada con c\u00e1\u00f1amo sin te\u00f1ir ni blanquear 100%. Una alfombra de c\u00e1\u00f1amo tejida a mano que proporciona una sensaci\u00f3n de estabilidad bajo los pies y a\u00f1ade un toque bohemio a tu espacio.<\/p>\n<div class=\"global-icon-set\">\n<div class=\"global-icon-set__items\">\n<div class=\"global-icon-set__item\">\n<div class=\"global-icon-set__image\">\n                                    <img decoding=\"async\" src=\"https:\/\/homeofwool.com\/wp-content\/uploads\/2025\/09\/VOCs-min-300x300.png\" alt=\"vocs free\" \/>\n                                <\/div>\n<div class=\"global-icon-set__title\">Sin COV<\/div>\n<\/p><\/div>\n<div class=\"global-icon-set__item\">\n<div class=\"global-icon-set__image\">\n                                    <img decoding=\"async\" src=\"https:\/\/homeofwool.com\/wp-content\/uploads\/2025\/09\/free-of-synthetics-icon-300x300.png\" alt=\"icono sin sint\u00e9ticos\" \/>\n                                <\/div>\n<div class=\"global-icon-set__title\">Sin sint\u00e9ticos<\/div>\n<\/p><\/div>\n<div class=\"global-icon-set__item\">\n<div class=\"global-icon-set__image\">\n                                    <img decoding=\"async\" src=\"https:\/\/homeofwool.com\/wp-content\/uploads\/2025\/09\/chemical-free-icon-300x300.png\" alt=\"icono sin productos qu\u00edmicos\" \/>\n                                <\/div>\n<div class=\"global-icon-set__title\">Sin productos qu\u00edmicos<\/div>\n<\/p><\/div>\n<div class=\"global-icon-set__item\">\n<div class=\"global-icon-set__image\">\n                                    <img decoding=\"async\" src=\"https:\/\/homeofwool.com\/wp-content\/uploads\/2025\/09\/certified-materials-icon-300x300.png\" alt=\"icono de materiales certificados\" \/>\n                                <\/div>\n<div class=\"global-icon-set__title\">100% Materiales puros certificados<\/div>\n<\/p><\/div>\n<\/p><\/div>\n<\/p><\/div>","protected":false},"featured_media":219290,"template":"","meta":{"_acf_changed":false},"product_brand":[],"product_cat":[557,331],"product_tag":[801,802,803,804,805,806,807,808,149,809],"class_list":{"0":"post-217709","1":"product","2":"type-product","3":"status-publish","4":"has-post-thumbnail","6":"product_cat-new","7":"product_cat-rugs","8":"product_tag-custom-hemp-rugs","9":"product_tag-extra-large-hemp-rug","10":"product_tag-hemp-area-rug","11":"product_tag-hemp-carpet","12":"product_tag-hemp-jute-rug","13":"product_tag-large-hemp-rug","14":"product_tag-natural-hemp-rug","15":"product_tag-round-hemp-rug","16":"product_tag-steps","17":"product_tag-woven-hemp-rug","19":"first","20":"instock","21":"shipping-taxable","22":"purchasable","23":"product-type-simple"},"acf":[],"yoast_head":"<!-- This site is optimized with the Yoast SEO Premium plugin v27.3 (Yoast SEO v27.3) - https:\/\/yoast.com\/product\/yoast-seo-premium-wordpress\/ -->\n<title>Hemp Rug \u2013 100% Natural, Handmade in Custom Sizes | Home of Wool<\/title>\n<meta name=\"description\" content=\"Grounding and timeless, this handwoven hemp rug is eco-friendly, 100% natural, and undyed. Durable yet stylish, it brings boho charm and rich texture to any living space.\" \/>\n<meta name=\"robots\" content=\"index, follow, max-snippet:-1, max-image-preview:large, max-video-preview:-1\" \/>\n<link rel=\"canonical\" href=\"https:\/\/homeofwool.com\/es\/tienda\/alfombra-de-canamo\/\" \/>\n<meta property=\"og:locale\" content=\"es_ES\" \/>\n<meta property=\"og:type\" content=\"article\" \/>\n<meta property=\"og:title\" content=\"Hemp Rug\" \/>\n<meta property=\"og:description\" content=\"Grounding and timeless, this handwoven hemp rug is eco-friendly, 100% natural, and undyed. Durable yet stylish, it brings boho charm and rich texture to any living space.\" \/>\n<meta property=\"og:url\" content=\"https:\/\/homeofwool.com\/es\/tienda\/alfombra-de-canamo\/\" \/>\n<meta property=\"og:site_name\" content=\"Home of Wool\" \/>\n<meta property=\"article:publisher\" content=\"https:\/\/facebook.com\/HomeOfWoolOfficial\" \/>\n<meta property=\"article:modified_time\" content=\"2026-02-11T09:20:44+00:00\" \/>\n<meta property=\"og:image\" content=\"https:\/\/homeofwool.com\/wp-content\/uploads\/2025\/09\/home-of-wool-hemp-rug-1-main.jpg\" \/>\n\t<meta property=\"og:image:width\" content=\"1041\" \/>\n\t<meta property=\"og:image:height\" content=\"833\" \/>\n\t<meta property=\"og:image:type\" content=\"image\/jpeg\" \/>\n<meta name=\"twitter:card\" content=\"summary_large_image\" \/>\n<meta name=\"twitter:label1\" content=\"Tiempo de lectura\" \/>\n\t<meta name=\"twitter:data1\" content=\"1 minuto\" \/>\n<script type=\"application\/ld+json\" class=\"yoast-schema-graph\">{\"@context\":\"https:\\\/\\\/schema.org\",\"@graph\":[{\"@type\":\"WebPage\",\"@id\":\"https:\\\/\\\/homeofwool.com\\\/shop\\\/hemp-rug\\\/\",\"url\":\"https:\\\/\\\/homeofwool.com\\\/shop\\\/hemp-rug\\\/\",\"name\":\"Hemp Rug \u2013 100% Natural, Handmade in Custom Sizes | Home of Wool\",\"isPartOf\":{\"@id\":\"https:\\\/\\\/homeofwool.com\\\/#website\"},\"primaryImageOfPage\":{\"@id\":\"https:\\\/\\\/homeofwool.com\\\/shop\\\/hemp-rug\\\/#primaryimage\"},\"image\":{\"@id\":\"https:\\\/\\\/homeofwool.com\\\/shop\\\/hemp-rug\\\/#primaryimage\"},\"thumbnailUrl\":\"https:\\\/\\\/homeofwool.com\\\/wp-content\\\/uploads\\\/2025\\\/09\\\/home-of-wool-hemp-rug-1-main.jpg\",\"datePublished\":\"2025-09-02T12:02:14+00:00\",\"dateModified\":\"2026-02-11T09:20:44+00:00\",\"description\":\"Grounding and timeless, this handwoven hemp rug is eco-friendly, 100% natural, and undyed. Durable yet stylish, it brings boho charm and rich texture to any living space.\",\"breadcrumb\":{\"@id\":\"https:\\\/\\\/homeofwool.com\\\/shop\\\/hemp-rug\\\/#breadcrumb\"},\"inLanguage\":\"es\",\"potentialAction\":[{\"@type\":\"ReadAction\",\"target\":[\"https:\\\/\\\/homeofwool.com\\\/shop\\\/hemp-rug\\\/\"]}]},{\"@type\":\"ImageObject\",\"inLanguage\":\"es\",\"@id\":\"https:\\\/\\\/homeofwool.com\\\/shop\\\/hemp-rug\\\/#primaryimage\",\"url\":\"https:\\\/\\\/homeofwool.com\\\/wp-content\\\/uploads\\\/2025\\\/09\\\/home-of-wool-hemp-rug-1-main.jpg\",\"contentUrl\":\"https:\\\/\\\/homeofwool.com\\\/wp-content\\\/uploads\\\/2025\\\/09\\\/home-of-wool-hemp-rug-1-main.jpg\",\"width\":1041,\"height\":833,\"caption\":\"hemp rug flat on the floor\"},{\"@type\":\"BreadcrumbList\",\"@id\":\"https:\\\/\\\/homeofwool.com\\\/shop\\\/hemp-rug\\\/#breadcrumb\",\"itemListElement\":[{\"@type\":\"ListItem\",\"position\":1,\"name\":\"Home\",\"item\":\"https:\\\/\\\/homeofwool.com\\\/\"},{\"@type\":\"ListItem\",\"position\":2,\"name\":\"Products\",\"item\":\"https:\\\/\\\/homeofwool.com\\\/header-search-2\\\/\"},{\"@type\":\"ListItem\",\"position\":3,\"name\":\"Hemp Rug\"}]},{\"@type\":\"WebSite\",\"@id\":\"https:\\\/\\\/homeofwool.com\\\/#website\",\"url\":\"https:\\\/\\\/homeofwool.com\\\/\",\"name\":\"Home of Wool\",\"description\":\"\",\"publisher\":{\"@id\":\"https:\\\/\\\/homeofwool.com\\\/#organization\"},\"potentialAction\":[{\"@type\":\"SearchAction\",\"target\":{\"@type\":\"EntryPoint\",\"urlTemplate\":\"https:\\\/\\\/homeofwool.com\\\/?s={search_term_string}\"},\"query-input\":{\"@type\":\"PropertyValueSpecification\",\"valueRequired\":true,\"valueName\":\"search_term_string\"}}],\"inLanguage\":\"es\"},{\"@type\":\"Organization\",\"@id\":\"https:\\\/\\\/homeofwool.com\\\/#organization\",\"name\":\"Home of Wool\",\"url\":\"https:\\\/\\\/homeofwool.com\\\/\",\"logo\":{\"@type\":\"ImageObject\",\"inLanguage\":\"es\",\"@id\":\"https:\\\/\\\/homeofwool.com\\\/#\\\/schema\\\/logo\\\/image\\\/\",\"url\":\"https:\\\/\\\/homeofwool.com\\\/wp-content\\\/uploads\\\/2025\\\/09\\\/WhatsApp-Image-2025-12-02-at-16.23.20.jpeg\",\"contentUrl\":\"https:\\\/\\\/homeofwool.com\\\/wp-content\\\/uploads\\\/2025\\\/09\\\/WhatsApp-Image-2025-12-02-at-16.23.20.jpeg\",\"width\":700,\"height\":247,\"caption\":\"Home of Wool\"},\"image\":{\"@id\":\"https:\\\/\\\/homeofwool.com\\\/#\\\/schema\\\/logo\\\/image\\\/\"},\"sameAs\":[\"https:\\\/\\\/facebook.com\\\/HomeOfWoolOfficial\"]}]}<\/script>\n<!-- \/ Yoast SEO Premium plugin. -->","yoast_head_json":{"title":"Alfombra de c\u00e1\u00f1amo \u2013 100% Natural, hecha a mano en tama\u00f1os personalizados | Home of Wool","description":"Esta alfombra de c\u00e1\u00f1amo tejida a mano, s\u00f3lida y atemporal, es ecol\u00f3gica, 100 % natural y sin te\u00f1ir. Resistente y elegante, aporta un encanto bohemio y una rica textura a cualquier espacio.","robots":{"index":"index","follow":"follow","max-snippet":"max-snippet:-1","max-image-preview":"max-image-preview:large","max-video-preview":"max-video-preview:-1"},"canonical":"https:\/\/homeofwool.com\/es\/tienda\/alfombra-de-canamo\/","og_locale":"es_ES","og_type":"article","og_title":"Hemp Rug","og_description":"Grounding and timeless, this handwoven hemp rug is eco-friendly, 100% natural, and undyed. Durable yet stylish, it brings boho charm and rich texture to any living space.","og_url":"https:\/\/homeofwool.com\/es\/tienda\/alfombra-de-canamo\/","og_site_name":"Home of Wool","article_publisher":"https:\/\/facebook.com\/HomeOfWoolOfficial","article_modified_time":"2026-02-11T09:20:44+00:00","og_image":[{"width":1041,"height":833,"url":"https:\/\/homeofwool.com\/wp-content\/uploads\/2025\/09\/home-of-wool-hemp-rug-1-main.jpg","type":"image\/jpeg"}],"twitter_card":"summary_large_image","twitter_misc":{"Tiempo de lectura":"1 minuto"},"schema":{"@context":"https:\/\/schema.org","@graph":[{"@type":"WebPage","@id":"https:\/\/homeofwool.com\/shop\/hemp-rug\/","url":"https:\/\/homeofwool.com\/shop\/hemp-rug\/","name":"Alfombra de c\u00e1\u00f1amo \u2013 100% Natural, hecha a mano en tama\u00f1os personalizados | Home of Wool","isPartOf":{"@id":"https:\/\/homeofwool.com\/#website"},"primaryImageOfPage":{"@id":"https:\/\/homeofwool.com\/shop\/hemp-rug\/#primaryimage"},"image":{"@id":"https:\/\/homeofwool.com\/shop\/hemp-rug\/#primaryimage"},"thumbnailUrl":"https:\/\/homeofwool.com\/wp-content\/uploads\/2025\/09\/home-of-wool-hemp-rug-1-main.jpg","datePublished":"2025-09-02T12:02:14+00:00","dateModified":"2026-02-11T09:20:44+00:00","description":"Esta alfombra de c\u00e1\u00f1amo tejida a mano, s\u00f3lida y atemporal, es ecol\u00f3gica, 100 % natural y sin te\u00f1ir. Resistente y elegante, aporta un encanto bohemio y una rica textura a cualquier espacio.","breadcrumb":{"@id":"https:\/\/homeofwool.com\/shop\/hemp-rug\/#breadcrumb"},"inLanguage":"es","potentialAction":[{"@type":"ReadAction","target":["https:\/\/homeofwool.com\/shop\/hemp-rug\/"]}]},{"@type":"ImageObject","inLanguage":"es","@id":"https:\/\/homeofwool.com\/shop\/hemp-rug\/#primaryimage","url":"https:\/\/homeofwool.com\/wp-content\/uploads\/2025\/09\/home-of-wool-hemp-rug-1-main.jpg","contentUrl":"https:\/\/homeofwool.com\/wp-content\/uploads\/2025\/09\/home-of-wool-hemp-rug-1-main.jpg","width":1041,"height":833,"caption":"hemp rug flat on the floor"},{"@type":"BreadcrumbList","@id":"https:\/\/homeofwool.com\/shop\/hemp-rug\/#breadcrumb","itemListElement":[{"@type":"ListItem","position":1,"name":"Home","item":"https:\/\/homeofwool.com\/"},{"@type":"ListItem","position":2,"name":"Products","item":"https:\/\/homeofwool.com\/header-search-2\/"},{"@type":"ListItem","position":3,"name":"Hemp Rug"}]},{"@type":"WebSite","@id":"https:\/\/homeofwool.com\/#website","url":"https:\/\/homeofwool.com\/","name":"Hogar de la lana","description":"","publisher":{"@id":"https:\/\/homeofwool.com\/#organization"},"potentialAction":[{"@type":"SearchAction","target":{"@type":"EntryPoint","urlTemplate":"https:\/\/homeofwool.com\/?s={search_term_string}"},"query-input":{"@type":"PropertyValueSpecification","valueRequired":true,"valueName":"search_term_string"}}],"inLanguage":"es"},{"@type":"Organization","@id":"https:\/\/homeofwool.com\/#organization","name":"Hogar de la lana","url":"https:\/\/homeofwool.com\/","logo":{"@type":"ImageObject","inLanguage":"es","@id":"https:\/\/homeofwool.com\/#\/schema\/logo\/image\/","url":"https:\/\/homeofwool.com\/wp-content\/uploads\/2025\/09\/WhatsApp-Image-2025-12-02-at-16.23.20.jpeg","contentUrl":"https:\/\/homeofwool.com\/wp-content\/uploads\/2025\/09\/WhatsApp-Image-2025-12-02-at-16.23.20.jpeg","width":700,"height":247,"caption":"Home of Wool"},"image":{"@id":"https:\/\/homeofwool.com\/#\/schema\/logo\/image\/"},"sameAs":["https:\/\/facebook.com\/HomeOfWoolOfficial"]}]}},"_links":{"self":[{"href":"https:\/\/homeofwool.com\/es\/wp-json\/wp\/v2\/product\/217709","targetHints":{"allow":["GET"]}}],"collection":[{"href":"https:\/\/homeofwool.com\/es\/wp-json\/wp\/v2\/product"}],"about":[{"href":"https:\/\/homeofwool.com\/es\/wp-json\/wp\/v2\/types\/product"}],"version-history":[{"count":1,"href":"https:\/\/homeofwool.com\/es\/wp-json\/wp\/v2\/product\/217709\/revisions"}],"predecessor-version":[{"id":226687,"href":"https:\/\/homeofwool.com\/es\/wp-json\/wp\/v2\/product\/217709\/revisions\/226687"}],"wp:featuredmedia":[{"embeddable":true,"href":"https:\/\/homeofwool.com\/es\/wp-json\/wp\/v2\/media\/219290"}],"wp:attachment":[{"href":"https:\/\/homeofwool.com\/es\/wp-json\/wp\/v2\/media?parent=217709"}],"wp:term":[{"taxonomy":"product_brand","embeddable":true,"href":"https:\/\/homeofwool.com\/es\/wp-json\/wp\/v2\/product_brand?post=217709"},{"taxonomy":"product_cat","embeddable":true,"href":"https:\/\/homeofwool.com\/es\/wp-json\/wp\/v2\/product_cat?post=217709"},{"taxonomy":"product_tag","embeddable":true,"href":"https:\/\/homeofwool.com\/es\/wp-json\/wp\/v2\/product_tag?post=217709"}],"curies":[{"name":"wp","href":"https:\/\/api.w.org\/{rel}","templated":true}]}}