{"id":217707,"date":"2025-09-02T12:02:14","date_gmt":"2025-09-02T12:02:14","guid":{"rendered":"https:\/\/homeofwool.com\/?post_type=product&#038;p=217707"},"modified":"2026-02-10T16:02:22","modified_gmt":"2026-02-10T16:02:22","slug":"almohada-antirreflujo","status":"publish","type":"product","link":"https:\/\/homeofwool.com\/es\/shop\/anti-reflux-pillow\/","title":{"rendered":"Almohada de lana para reflujo \u00e1cido para beb\u00e9s"},"content":{"rendered":"<p>La almohada de lana para beb\u00e9s con reflujo \u00e1cido es una alternativa totalmente natural a las opciones sint\u00e9ticas. Se trata de un coj\u00edn en forma de cu\u00f1a hecho a mano que ayuda a aliviar los s\u00edntomas de reflujo de su beb\u00e9 al elevar suavemente la parte superior del cuerpo para que adopte una posici\u00f3n m\u00e1s c\u00f3moda y reclinada para dormir. Fabricada con lana y tejidos puros, esta almohada natural para beb\u00e9s no contiene productos qu\u00edmicos, gases ni compuestos org\u00e1nicos vol\u00e1tiles.<\/p>\n<p>Con una suave inclinaci\u00f3n, esta almohada cu\u00f1a para reflujo \u00e1cido favorece la digesti\u00f3n y facilita la respiraci\u00f3n durante el sue\u00f1o. El relleno de lana y el cuidadoso acolchado ayudan a que la almohada mantenga su forma, para que tu beb\u00e9 permanezca ligeramente elevado en el \u00e1ngulo adecuado. Las barandillas laterales opcionales a\u00f1aden un poco de soporte adicional para ayudar a mantener a tu peque\u00f1o c\u00f3modamente en su sitio. Con una variedad de opciones de tejidos naturales para la funda de almohada y accesorios opcionales, este coj\u00edn ofrece un soporte personalizable para el reflujo.<\/p>\n<p>Naturalmente hipoalerg\u00e9nica y antimicrobiana, esta almohada de cu\u00f1a de lana tambi\u00e9n resiste los \u00e1caros del polvo para proporcionar un entorno de descanso m\u00e1s saludable y seguro.<\/p>\n<p>Si buscas un soporte seguro y sostenible para el sue\u00f1o de tu beb\u00e9, esta almohada para reflujo infantil es una opci\u00f3n inteligente y saludable para tu peque\u00f1o.<\/p>\n<p><strong>ANEXO:<\/strong><br \/>\nCremallera de 3 lados en la funda<\/p>\n<p><strong>CARACTER\u00cdSTICAS:<\/strong><\/p>\n<ul>\n<li><strong>Insertar<\/strong> en tejido de algod\u00f3n org\u00e1nico 100%.<\/li>\n<li><strong>Cremallera<\/strong>, que te permite ajustar el volumen de relleno a la altura y firmeza que te resulte m\u00e1s c\u00f3moda.<\/li>\n<\/ul>\n<p><strong>FABRICACI\u00d3N Y ENV\u00cdO:<\/strong><br \/>\nTiempo de fabricaci\u00f3n est\u00e1ndar: 5-7 d\u00edas<br \/>\nPlazo de env\u00edo gratuito:  1-4 semanas<br \/>\nTiempo de env\u00edo urgente: 3-4 d\u00edas<\/p>","protected":false},"excerpt":{"rendered":"<p>Almohada para reflujo infantil pura, suave y transpirable. Una soluci\u00f3n sin productos qu\u00edmicos para aliviar las molestias causadas por el reflujo \u00e1cido. Rellenada con lana y recubierta con tejidos naturales de primera calidad, esta cu\u00f1a personalizable para el reflujo favorece un sue\u00f1o m\u00e1s reparador.<\/p>\n<p><strong>TAMA\u00d1O<\/strong>: 28 x 17 x 7 pulgadas (71 x 43 x 18 cm)<br \/>\n<strong>RELLENO<\/strong>: 4,8 libras (2,2 kg)<br \/>\n<strong>BARANDILLAS LATERALES OPCIONALES<\/strong> con distancia ajustable hasta 10\u2033 (25 cm)<\/p>\n<div class=\"global-icon-set\">\n<div class=\"global-icon-set__items\">\n<div class=\"global-icon-set__item\">\n<div class=\"global-icon-set__image\">\n                                    <img decoding=\"async\" src=\"https:\/\/homeofwool.com\/wp-content\/uploads\/2025\/09\/handmade-icon-300x300.png\" alt=\"icono hecho a mano\" \/>\n                                <\/div>\n<div class=\"global-icon-set__title\">Hecho a mano<\/div>\n<\/p><\/div>\n<div class=\"global-icon-set__item\">\n<div class=\"global-icon-set__image\">\n                                    <img decoding=\"async\" src=\"https:\/\/homeofwool.com\/wp-content\/uploads\/2025\/09\/wicks-moisture-away-300x300.png\" alt=\"evacua la humedad\" \/>\n                                <\/div>\n<div class=\"global-icon-set__title\">Evacua la humedad<\/div>\n<\/p><\/div>\n<div class=\"global-icon-set__item\">\n<div class=\"global-icon-set__image\">\n                                    <img decoding=\"async\" src=\"https:\/\/homeofwool.com\/wp-content\/uploads\/2025\/09\/VOCs-min-300x300.png\" alt=\"vocs free\" \/>\n                                <\/div>\n<div class=\"global-icon-set__title\">Sin COV<\/div>\n<\/p><\/div>\n<div class=\"global-icon-set__item\">\n<div class=\"global-icon-set__image\">\n                                    <img decoding=\"async\" src=\"https:\/\/homeofwool.com\/wp-content\/uploads\/2025\/09\/FR-min-300x300.png\" alt=\"icono de resistencia al fuego\" \/>\n                                <\/div>\n<div class=\"global-icon-set__title\">Resistente al fuego<\/div>\n<\/p><\/div>\n<div class=\"global-icon-set__item\">\n<div class=\"global-icon-set__image\">\n                                    <img decoding=\"async\" src=\"https:\/\/homeofwool.com\/wp-content\/uploads\/2025\/09\/Hypoallergenic-min-300x300.png\" alt=\"icono hipoalerg\u00e9nico\" \/>\n                                <\/div>\n<div class=\"global-icon-set__title\">Hipoalerg\u00e9nico<\/div>\n<\/p><\/div>\n<div class=\"global-icon-set__item\">\n<div class=\"global-icon-set__image\">\n                                    <img decoding=\"async\" src=\"https:\/\/homeofwool.com\/wp-content\/uploads\/2025\/09\/certified-materials-icon-300x300.png\" alt=\"icono de materiales certificados\" \/>\n                                <\/div>\n<div class=\"global-icon-set__title\">100% Materiales puros certificados<\/div>\n<\/p><\/div>\n<div class=\"global-icon-set__item\">\n<div class=\"global-icon-set__image\">\n                                    <img decoding=\"async\" src=\"https:\/\/homeofwool.com\/wp-content\/uploads\/2025\/09\/chemical-free-icon-300x300.png\" alt=\"icono sin productos qu\u00edmicos\" \/>\n                                <\/div>\n<div class=\"global-icon-set__title\">Sin productos qu\u00edmicos<\/div>\n<\/p><\/div>\n<div class=\"global-icon-set__item\">\n<div class=\"global-icon-set__image\">\n                                    <img decoding=\"async\" src=\"https:\/\/homeofwool.com\/wp-content\/uploads\/2025\/09\/anti-bacterial-icon-300x300.png\" alt=\"icono antibacteriano\" \/>\n                                <\/div>\n<div class=\"global-icon-set__title\">Antimicrobiano y antibacteriano<\/div>\n<\/p><\/div>\n<div class=\"global-icon-set__item\">\n<div class=\"global-icon-set__image\">\n                                    <img decoding=\"async\" src=\"https:\/\/homeofwool.com\/wp-content\/uploads\/2025\/09\/certified-materials-icon-300x300.png\" alt=\"icono de materiales certificados\" \/>\n                                <\/div>\n<div class=\"global-icon-set__title\">100% Materiales puros certificados<\/div>\n<\/p><\/div>\n<\/p><\/div>\n<\/p><\/div>","protected":false},"featured_media":218479,"template":"","meta":{"_acf_changed":false},"product_brand":[],"product_cat":[266,557,267],"product_tag":[788,789,790,791,792,665,793,149],"class_list":{"0":"post-217707","1":"product","2":"type-product","3":"status-publish","4":"has-post-thumbnail","6":"product_cat-baby-sleep-products","7":"product_cat-new","8":"product_cat-nursery","9":"product_tag-anti-acid-reflux-pillow","10":"product_tag-anti-reflux-pillow-newborn","11":"product_tag-anti-reflux-wedge","12":"product_tag-anti-reflux-wedge-pillow","13":"product_tag-anti-spit-up-pillow","14":"product_tag-inclined-triangle-pillow","15":"product_tag-pillow-anti-reflux","16":"product_tag-steps","18":"first","19":"instock","20":"shipping-taxable","21":"purchasable","22":"product-type-simple"},"acf":[],"yoast_head":"<!-- This site is optimized with the Yoast SEO Premium plugin v27.3 (Yoast SEO v27.3) - https:\/\/yoast.com\/product\/yoast-seo-premium-wordpress\/ -->\n<title>Acid Reflux Pillow Infant \u2013 Natural Wedge Cushion for Babies | Home of Wool<\/title>\n<meta name=\"description\" content=\"Natural baby reflux pillow made from pure wool and fabrics. Gentle incline eases reflux, aids digestion, and supports restful infant sleep\u2014chemical-free, hypoallergenic, customizable.\" \/>\n<meta name=\"robots\" content=\"index, follow, max-snippet:-1, max-image-preview:large, max-video-preview:-1\" \/>\n<link rel=\"canonical\" href=\"https:\/\/homeofwool.com\/es\/tienda\/almohada-antirreflujo\/\" \/>\n<meta property=\"og:locale\" content=\"es_ES\" \/>\n<meta property=\"og:type\" content=\"article\" \/>\n<meta property=\"og:title\" content=\"Acid Reflux Wool Pillow For Babies\" \/>\n<meta property=\"og:description\" content=\"Natural baby reflux pillow made from pure wool and fabrics. Gentle incline eases reflux, aids digestion, and supports restful infant sleep\u2014chemical-free, hypoallergenic, customizable.\" \/>\n<meta property=\"og:url\" content=\"https:\/\/homeofwool.com\/es\/tienda\/almohada-antirreflujo\/\" \/>\n<meta property=\"og:site_name\" content=\"Home of Wool\" \/>\n<meta property=\"article:publisher\" content=\"https:\/\/facebook.com\/HomeOfWoolOfficial\" \/>\n<meta property=\"article:modified_time\" content=\"2026-02-10T16:02:22+00:00\" \/>\n<meta property=\"og:image\" content=\"https:\/\/homeofwool.com\/wp-content\/uploads\/2025\/09\/home-of-wool-acid-reflux-wool-pillow-for-babies-1-main.jpg\" \/>\n\t<meta property=\"og:image:width\" content=\"1900\" \/>\n\t<meta property=\"og:image:height\" content=\"1520\" \/>\n\t<meta property=\"og:image:type\" content=\"image\/jpeg\" \/>\n<meta name=\"twitter:card\" content=\"summary_large_image\" \/>\n<meta name=\"twitter:label1\" content=\"Tiempo de lectura\" \/>\n\t<meta name=\"twitter:data1\" content=\"2 minutos\" \/>\n<script type=\"application\/ld+json\" class=\"yoast-schema-graph\">{\"@context\":\"https:\\\/\\\/schema.org\",\"@graph\":[{\"@type\":\"WebPage\",\"@id\":\"https:\\\/\\\/homeofwool.com\\\/shop\\\/anti-reflux-pillow\\\/\",\"url\":\"https:\\\/\\\/homeofwool.com\\\/shop\\\/anti-reflux-pillow\\\/\",\"name\":\"Acid Reflux Pillow Infant \u2013 Natural Wedge Cushion for Babies | Home of Wool\",\"isPartOf\":{\"@id\":\"https:\\\/\\\/homeofwool.com\\\/#website\"},\"primaryImageOfPage\":{\"@id\":\"https:\\\/\\\/homeofwool.com\\\/shop\\\/anti-reflux-pillow\\\/#primaryimage\"},\"image\":{\"@id\":\"https:\\\/\\\/homeofwool.com\\\/shop\\\/anti-reflux-pillow\\\/#primaryimage\"},\"thumbnailUrl\":\"https:\\\/\\\/homeofwool.com\\\/wp-content\\\/uploads\\\/2025\\\/09\\\/home-of-wool-acid-reflux-wool-pillow-for-babies-1-main.jpg\",\"datePublished\":\"2025-09-02T12:02:14+00:00\",\"dateModified\":\"2026-02-10T16:02:22+00:00\",\"description\":\"Natural baby reflux pillow made from pure wool and fabrics. Gentle incline eases reflux, aids digestion, and supports restful infant sleep\u2014chemical-free, hypoallergenic, customizable.\",\"breadcrumb\":{\"@id\":\"https:\\\/\\\/homeofwool.com\\\/shop\\\/anti-reflux-pillow\\\/#breadcrumb\"},\"inLanguage\":\"es\",\"potentialAction\":[{\"@type\":\"ReadAction\",\"target\":[\"https:\\\/\\\/homeofwool.com\\\/shop\\\/anti-reflux-pillow\\\/\"]}]},{\"@type\":\"ImageObject\",\"inLanguage\":\"es\",\"@id\":\"https:\\\/\\\/homeofwool.com\\\/shop\\\/anti-reflux-pillow\\\/#primaryimage\",\"url\":\"https:\\\/\\\/homeofwool.com\\\/wp-content\\\/uploads\\\/2025\\\/09\\\/home-of-wool-acid-reflux-wool-pillow-for-babies-1-main.jpg\",\"contentUrl\":\"https:\\\/\\\/homeofwool.com\\\/wp-content\\\/uploads\\\/2025\\\/09\\\/home-of-wool-acid-reflux-wool-pillow-for-babies-1-main.jpg\",\"width\":1900,\"height\":1520,\"caption\":\"acid reflux wool pillow and baby\"},{\"@type\":\"BreadcrumbList\",\"@id\":\"https:\\\/\\\/homeofwool.com\\\/shop\\\/anti-reflux-pillow\\\/#breadcrumb\",\"itemListElement\":[{\"@type\":\"ListItem\",\"position\":1,\"name\":\"Home\",\"item\":\"https:\\\/\\\/homeofwool.com\\\/\"},{\"@type\":\"ListItem\",\"position\":2,\"name\":\"Products\",\"item\":\"https:\\\/\\\/homeofwool.com\\\/header-search-2\\\/\"},{\"@type\":\"ListItem\",\"position\":3,\"name\":\"Acid Reflux Wool Pillow For Babies\"}]},{\"@type\":\"WebSite\",\"@id\":\"https:\\\/\\\/homeofwool.com\\\/#website\",\"url\":\"https:\\\/\\\/homeofwool.com\\\/\",\"name\":\"Home of Wool\",\"description\":\"\",\"publisher\":{\"@id\":\"https:\\\/\\\/homeofwool.com\\\/#organization\"},\"potentialAction\":[{\"@type\":\"SearchAction\",\"target\":{\"@type\":\"EntryPoint\",\"urlTemplate\":\"https:\\\/\\\/homeofwool.com\\\/?s={search_term_string}\"},\"query-input\":{\"@type\":\"PropertyValueSpecification\",\"valueRequired\":true,\"valueName\":\"search_term_string\"}}],\"inLanguage\":\"es\"},{\"@type\":\"Organization\",\"@id\":\"https:\\\/\\\/homeofwool.com\\\/#organization\",\"name\":\"Home of Wool\",\"url\":\"https:\\\/\\\/homeofwool.com\\\/\",\"logo\":{\"@type\":\"ImageObject\",\"inLanguage\":\"es\",\"@id\":\"https:\\\/\\\/homeofwool.com\\\/#\\\/schema\\\/logo\\\/image\\\/\",\"url\":\"https:\\\/\\\/homeofwool.com\\\/wp-content\\\/uploads\\\/2025\\\/09\\\/WhatsApp-Image-2025-12-02-at-16.23.20.jpeg\",\"contentUrl\":\"https:\\\/\\\/homeofwool.com\\\/wp-content\\\/uploads\\\/2025\\\/09\\\/WhatsApp-Image-2025-12-02-at-16.23.20.jpeg\",\"width\":700,\"height\":247,\"caption\":\"Home of Wool\"},\"image\":{\"@id\":\"https:\\\/\\\/homeofwool.com\\\/#\\\/schema\\\/logo\\\/image\\\/\"},\"sameAs\":[\"https:\\\/\\\/facebook.com\\\/HomeOfWoolOfficial\"]}]}<\/script>\n<!-- \/ Yoast SEO Premium plugin. -->","yoast_head_json":{"title":"Almohada para reflujo \u00e1cido para beb\u00e9s: coj\u00edn cu\u00f1a natural para beb\u00e9s | Home of Wool","description":"Almohada natural para el reflujo infantil fabricada con lana pura y tejidos. Su suave inclinaci\u00f3n alivia el reflujo, favorece la digesti\u00f3n y ayuda a que el beb\u00e9 duerma pl\u00e1cidamente. Sin productos qu\u00edmicos, hipoalerg\u00e9nica y personalizable.","robots":{"index":"index","follow":"follow","max-snippet":"max-snippet:-1","max-image-preview":"max-image-preview:large","max-video-preview":"max-video-preview:-1"},"canonical":"https:\/\/homeofwool.com\/es\/tienda\/almohada-antirreflujo\/","og_locale":"es_ES","og_type":"article","og_title":"Acid Reflux Wool Pillow For Babies","og_description":"Natural baby reflux pillow made from pure wool and fabrics. Gentle incline eases reflux, aids digestion, and supports restful infant sleep\u2014chemical-free, hypoallergenic, customizable.","og_url":"https:\/\/homeofwool.com\/es\/tienda\/almohada-antirreflujo\/","og_site_name":"Home of Wool","article_publisher":"https:\/\/facebook.com\/HomeOfWoolOfficial","article_modified_time":"2026-02-10T16:02:22+00:00","og_image":[{"width":1900,"height":1520,"url":"https:\/\/homeofwool.com\/wp-content\/uploads\/2025\/09\/home-of-wool-acid-reflux-wool-pillow-for-babies-1-main.jpg","type":"image\/jpeg"}],"twitter_card":"summary_large_image","twitter_misc":{"Tiempo de lectura":"2 minutos"},"schema":{"@context":"https:\/\/schema.org","@graph":[{"@type":"WebPage","@id":"https:\/\/homeofwool.com\/shop\/anti-reflux-pillow\/","url":"https:\/\/homeofwool.com\/shop\/anti-reflux-pillow\/","name":"Almohada para reflujo \u00e1cido para beb\u00e9s: coj\u00edn cu\u00f1a natural para beb\u00e9s | Home of Wool","isPartOf":{"@id":"https:\/\/homeofwool.com\/#website"},"primaryImageOfPage":{"@id":"https:\/\/homeofwool.com\/shop\/anti-reflux-pillow\/#primaryimage"},"image":{"@id":"https:\/\/homeofwool.com\/shop\/anti-reflux-pillow\/#primaryimage"},"thumbnailUrl":"https:\/\/homeofwool.com\/wp-content\/uploads\/2025\/09\/home-of-wool-acid-reflux-wool-pillow-for-babies-1-main.jpg","datePublished":"2025-09-02T12:02:14+00:00","dateModified":"2026-02-10T16:02:22+00:00","description":"Almohada natural para el reflujo infantil fabricada con lana pura y tejidos. Su suave inclinaci\u00f3n alivia el reflujo, favorece la digesti\u00f3n y ayuda a que el beb\u00e9 duerma pl\u00e1cidamente. Sin productos qu\u00edmicos, hipoalerg\u00e9nica y personalizable.","breadcrumb":{"@id":"https:\/\/homeofwool.com\/shop\/anti-reflux-pillow\/#breadcrumb"},"inLanguage":"es","potentialAction":[{"@type":"ReadAction","target":["https:\/\/homeofwool.com\/shop\/anti-reflux-pillow\/"]}]},{"@type":"ImageObject","inLanguage":"es","@id":"https:\/\/homeofwool.com\/shop\/anti-reflux-pillow\/#primaryimage","url":"https:\/\/homeofwool.com\/wp-content\/uploads\/2025\/09\/home-of-wool-acid-reflux-wool-pillow-for-babies-1-main.jpg","contentUrl":"https:\/\/homeofwool.com\/wp-content\/uploads\/2025\/09\/home-of-wool-acid-reflux-wool-pillow-for-babies-1-main.jpg","width":1900,"height":1520,"caption":"acid reflux wool pillow and baby"},{"@type":"BreadcrumbList","@id":"https:\/\/homeofwool.com\/shop\/anti-reflux-pillow\/#breadcrumb","itemListElement":[{"@type":"ListItem","position":1,"name":"Home","item":"https:\/\/homeofwool.com\/"},{"@type":"ListItem","position":2,"name":"Products","item":"https:\/\/homeofwool.com\/header-search-2\/"},{"@type":"ListItem","position":3,"name":"Acid Reflux Wool Pillow For Babies"}]},{"@type":"WebSite","@id":"https:\/\/homeofwool.com\/#website","url":"https:\/\/homeofwool.com\/","name":"Hogar de la lana","description":"","publisher":{"@id":"https:\/\/homeofwool.com\/#organization"},"potentialAction":[{"@type":"SearchAction","target":{"@type":"EntryPoint","urlTemplate":"https:\/\/homeofwool.com\/?s={search_term_string}"},"query-input":{"@type":"PropertyValueSpecification","valueRequired":true,"valueName":"search_term_string"}}],"inLanguage":"es"},{"@type":"Organization","@id":"https:\/\/homeofwool.com\/#organization","name":"Hogar de la lana","url":"https:\/\/homeofwool.com\/","logo":{"@type":"ImageObject","inLanguage":"es","@id":"https:\/\/homeofwool.com\/#\/schema\/logo\/image\/","url":"https:\/\/homeofwool.com\/wp-content\/uploads\/2025\/09\/WhatsApp-Image-2025-12-02-at-16.23.20.jpeg","contentUrl":"https:\/\/homeofwool.com\/wp-content\/uploads\/2025\/09\/WhatsApp-Image-2025-12-02-at-16.23.20.jpeg","width":700,"height":247,"caption":"Home of Wool"},"image":{"@id":"https:\/\/homeofwool.com\/#\/schema\/logo\/image\/"},"sameAs":["https:\/\/facebook.com\/HomeOfWoolOfficial"]}]}},"_links":{"self":[{"href":"https:\/\/homeofwool.com\/es\/wp-json\/wp\/v2\/product\/217707","targetHints":{"allow":["GET"]}}],"collection":[{"href":"https:\/\/homeofwool.com\/es\/wp-json\/wp\/v2\/product"}],"about":[{"href":"https:\/\/homeofwool.com\/es\/wp-json\/wp\/v2\/types\/product"}],"version-history":[{"count":2,"href":"https:\/\/homeofwool.com\/es\/wp-json\/wp\/v2\/product\/217707\/revisions"}],"predecessor-version":[{"id":226019,"href":"https:\/\/homeofwool.com\/es\/wp-json\/wp\/v2\/product\/217707\/revisions\/226019"}],"wp:featuredmedia":[{"embeddable":true,"href":"https:\/\/homeofwool.com\/es\/wp-json\/wp\/v2\/media\/218479"}],"wp:attachment":[{"href":"https:\/\/homeofwool.com\/es\/wp-json\/wp\/v2\/media?parent=217707"}],"wp:term":[{"taxonomy":"product_brand","embeddable":true,"href":"https:\/\/homeofwool.com\/es\/wp-json\/wp\/v2\/product_brand?post=217707"},{"taxonomy":"product_cat","embeddable":true,"href":"https:\/\/homeofwool.com\/es\/wp-json\/wp\/v2\/product_cat?post=217707"},{"taxonomy":"product_tag","embeddable":true,"href":"https:\/\/homeofwool.com\/es\/wp-json\/wp\/v2\/product_tag?post=217707"}],"curies":[{"name":"wp","href":"https:\/\/api.w.org\/{rel}","templated":true}]}}