{"id":217695,"date":"2025-09-02T12:02:14","date_gmt":"2025-09-02T12:02:14","guid":{"rendered":"https:\/\/homeofwool.com\/?post_type=product&#038;p=217695"},"modified":"2026-02-10T15:46:01","modified_gmt":"2026-02-10T15:46:01","slug":"saco-de-dormir-para-bebe","status":"publish","type":"product","link":"https:\/\/homeofwool.com\/es\/shop\/baby-sleeping-bag\/","title":{"rendered":"Saco de dormir de lana para beb\u00e9s"},"content":{"rendered":"<p>Nuestro saco de dormir de lana para beb\u00e9s est\u00e1 dise\u00f1ado para ser la soluci\u00f3n m\u00e1s acogedora y segura para el descanso de tu beb\u00e9. Este saco de dormir est\u00e1 fabricado con lana virgen pura y cuenta con un cuello de seda de morera. Es suave y agradable al contacto con la piel de tu beb\u00e9. La lana es el tejido natural m\u00e1s inteligente. Mantiene a tu beb\u00e9 abrigado en las noches m\u00e1s fr\u00edas y c\u00f3modo cuando hace calor. Adem\u00e1s, absorbe el exceso de humedad, proporcionando una superficie fresca y agradable para dormir.<\/p>\n<p>El saco de dormir para beb\u00e9s Home of Wool es la opci\u00f3n ideal para los padres que buscan ropa de cama para beb\u00e9s no t\u00f3xica, pr\u00e1ctica y lujosa.<\/p>\n<p>Todas las caracter\u00edsticas est\u00e1n pensadas para mantener a tu beb\u00e9 seguro y hacerte la vida m\u00e1s f\u00e1cil. La cremallera lateral bidireccional permite cambiar al beb\u00e9 por la noche sin esfuerzo, mientras que los botones en los hombros garantizan una colocaci\u00f3n r\u00e1pida. Para los reci\u00e9n nacidos, la talla m\u00e1s peque\u00f1a se abre completamente para mayor comodidad. El tejido tiene una elasticidad natural. Se mueve con las pataditas del beb\u00e9, sin que este sienta ninguna restricci\u00f3n. Sin sint\u00e9ticos ni COV, esta ropa de dormir org\u00e1nica para beb\u00e9s es hipoalerg\u00e9nica y adecuada para beb\u00e9s con sensibilidad.<\/p>\n<p>Este saco de dormir hipoalerg\u00e9nico est\u00e1 disponible en tallas desde reci\u00e9n nacido hasta seis a\u00f1os, para que puedas elegir el m\u00e1s adecuado para tu hijo en cada etapa. El bordado opcional lo hace a\u00fan m\u00e1s personal. Y con \u00e9l se convierte en un precioso regalo para un baby shower.<\/p>","protected":false},"excerpt":{"rendered":"<p>Regale a su peque\u00f1o el confort de nuestro saco de dormir natural para beb\u00e9s. Fabricado con lana virgen pura, este saco de dormir sin productos qu\u00edmicos crea un espacio seguro, transpirable y acogedor para que su beb\u00e9 pueda descansar pl\u00e1cidamente en cualquier \u00e9poca del a\u00f1o.<\/p>\n<div class=\"global-icon-set\">\n<div class=\"global-icon-set__items\">\n<div class=\"global-icon-set__item\">\n<div class=\"global-icon-set__image\">\n                                    <img decoding=\"async\" src=\"https:\/\/homeofwool.com\/wp-content\/uploads\/2025\/09\/handmade-icon-300x300.png\" alt=\"icono hecho a mano\" \/>\n                                <\/div>\n<div class=\"global-icon-set__title\">Hecho a mano<\/div>\n<\/p><\/div>\n<div class=\"global-icon-set__item\">\n<div class=\"global-icon-set__image\">\n                                    <img decoding=\"async\" src=\"https:\/\/homeofwool.com\/wp-content\/uploads\/2025\/09\/VOCs-min-300x300.png\" alt=\"vocs free\" \/>\n                                <\/div>\n<div class=\"global-icon-set__title\">Sin COV<\/div>\n<\/p><\/div>\n<div class=\"global-icon-set__item\">\n<div class=\"global-icon-set__image\">\n                                    <img decoding=\"async\" src=\"https:\/\/homeofwool.com\/wp-content\/uploads\/2025\/09\/FR-min-300x300.png\" alt=\"icono de resistencia al fuego\" \/>\n                                <\/div>\n<div class=\"global-icon-set__title\">Resistente al fuego<\/div>\n<\/p><\/div>\n<div class=\"global-icon-set__item\">\n<div class=\"global-icon-set__image\">\n                                    <img decoding=\"async\" src=\"https:\/\/homeofwool.com\/wp-content\/uploads\/2025\/09\/Hypoallergenic-min-300x300.png\" alt=\"icono hipoalerg\u00e9nico\" \/>\n                                <\/div>\n<div class=\"global-icon-set__title\">Hipoalerg\u00e9nico<\/div>\n<\/p><\/div>\n<div class=\"global-icon-set__item\">\n<div class=\"global-icon-set__image\">\n                                    <img decoding=\"async\" src=\"https:\/\/homeofwool.com\/wp-content\/uploads\/2025\/09\/free-of-synthetics-icon-300x300.png\" alt=\"icono sin sint\u00e9ticos\" \/>\n                                <\/div>\n<div class=\"global-icon-set__title\">Sin sint\u00e9ticos<\/div>\n<\/p><\/div>\n<div class=\"global-icon-set__item\">\n<div class=\"global-icon-set__image\">\n                                    <img decoding=\"async\" src=\"https:\/\/homeofwool.com\/wp-content\/uploads\/2025\/09\/chemical-free-icon-300x300.png\" alt=\"icono sin productos qu\u00edmicos\" \/>\n                                <\/div>\n<div class=\"global-icon-set__title\">Sin productos qu\u00edmicos<\/div>\n<\/p><\/div>\n<div class=\"global-icon-set__item\">\n<div class=\"global-icon-set__image\">\n                                    <img decoding=\"async\" src=\"https:\/\/homeofwool.com\/wp-content\/uploads\/2025\/09\/anti-bacterial-icon-300x300.png\" alt=\"icono antibacteriano\" \/>\n                                <\/div>\n<div class=\"global-icon-set__title\">Antimicrobiano y antibacteriano<\/div>\n<\/p><\/div>\n<div class=\"global-icon-set__item\">\n<div class=\"global-icon-set__image\">\n                                    <img decoding=\"async\" src=\"https:\/\/homeofwool.com\/wp-content\/uploads\/2025\/09\/certified-materials-icon-300x300.png\" alt=\"icono de materiales certificados\" \/>\n                                <\/div>\n<div class=\"global-icon-set__title\">100% Materiales puros certificados<\/div>\n<\/p><\/div>\n<\/p><\/div>\n<\/p><\/div>","protected":false},"featured_media":219610,"template":"","meta":{"_acf_changed":false},"product_brand":[],"product_cat":[266,267],"product_tag":[759,760,123,761,762,763,764,765,766,767,768,149,769,770],"class_list":{"0":"post-217695","1":"product","2":"type-product","3":"status-publish","4":"has-post-thumbnail","6":"product_cat-baby-sleep-products","7":"product_cat-nursery","8":"product_tag-baby-cocoon","9":"product_tag-baby-nightgown","10":"product_tag-baby-shower-gift","11":"product_tag-baby-sleeping-bag","12":"product_tag-baby-sleepsuits","13":"product_tag-grobag","14":"product_tag-infant-sleep-sack","15":"product_tag-natural-sleepwear","16":"product_tag-newborn-sleep-bag","17":"product_tag-organic-bedding","18":"product_tag-snuggle-sack","19":"product_tag-steps","20":"product_tag-swaddle-sack","21":"product_tag-wearable-blanket","23":"first","24":"instock","25":"shipping-taxable","26":"purchasable","27":"product-type-simple"},"acf":[],"yoast_head":"<!-- This site is optimized with the Yoast SEO Premium plugin v27.4 (Yoast SEO v27.4) - https:\/\/yoast.com\/product\/yoast-seo-premium-wordpress\/ -->\n<title>Baby Sleeping Bag \u2013 Organic Wool Sleep Sack | Home of Wool<\/title>\n<meta name=\"description\" content=\"Breathable and hypoallergenic, the Baby Sleeping Bag is crafted with organic wool for toxin-free warmth. Natural, safe, and versatile, it ensures healthy year-round comfort for babies.\" \/>\n<meta name=\"robots\" content=\"index, follow, max-snippet:-1, max-image-preview:large, max-video-preview:-1\" \/>\n<link rel=\"canonical\" href=\"https:\/\/homeofwool.com\/es\/tienda\/saco-de-dormir-para-bebe\/\" \/>\n<meta property=\"og:locale\" content=\"es_ES\" \/>\n<meta property=\"og:type\" content=\"article\" \/>\n<meta property=\"og:title\" content=\"Wool Baby Sleeping Bag\" \/>\n<meta property=\"og:description\" content=\"Breathable and hypoallergenic, the Baby Sleeping Bag is crafted with organic wool for toxin-free warmth. Natural, safe, and versatile, it ensures healthy year-round comfort for babies.\" \/>\n<meta property=\"og:url\" content=\"https:\/\/homeofwool.com\/es\/tienda\/saco-de-dormir-para-bebe\/\" \/>\n<meta property=\"og:site_name\" content=\"Home of Wool\" \/>\n<meta property=\"article:publisher\" content=\"https:\/\/facebook.com\/HomeOfWoolOfficial\" \/>\n<meta property=\"article:modified_time\" content=\"2026-02-10T15:46:01+00:00\" \/>\n<meta property=\"og:image\" content=\"https:\/\/homeofwool.com\/wp-content\/uploads\/2025\/09\/home-of-wool-wool-baby-sleeping-bag-2-en-scaled.jpg\" \/>\n\t<meta property=\"og:image:width\" content=\"2560\" \/>\n\t<meta property=\"og:image:height\" content=\"2048\" \/>\n\t<meta property=\"og:image:type\" content=\"image\/jpeg\" \/>\n<meta name=\"twitter:card\" content=\"summary_large_image\" \/>\n<meta name=\"twitter:label1\" content=\"Tiempo de lectura\" \/>\n\t<meta name=\"twitter:data1\" content=\"2 minutos\" \/>\n<script type=\"application\/ld+json\" class=\"yoast-schema-graph\">{\"@context\":\"https:\\\/\\\/schema.org\",\"@graph\":[{\"@type\":\"WebPage\",\"@id\":\"https:\\\/\\\/homeofwool.com\\\/shop\\\/baby-sleeping-bag\\\/\",\"url\":\"https:\\\/\\\/homeofwool.com\\\/shop\\\/baby-sleeping-bag\\\/\",\"name\":\"Baby Sleeping Bag \u2013 Organic Wool Sleep Sack | Home of Wool\",\"isPartOf\":{\"@id\":\"https:\\\/\\\/homeofwool.com\\\/#website\"},\"primaryImageOfPage\":{\"@id\":\"https:\\\/\\\/homeofwool.com\\\/shop\\\/baby-sleeping-bag\\\/#primaryimage\"},\"image\":{\"@id\":\"https:\\\/\\\/homeofwool.com\\\/shop\\\/baby-sleeping-bag\\\/#primaryimage\"},\"thumbnailUrl\":\"https:\\\/\\\/homeofwool.com\\\/wp-content\\\/uploads\\\/2025\\\/09\\\/home-of-wool-wool-baby-sleeping-bag-2-en-scaled.jpg\",\"datePublished\":\"2025-09-02T12:02:14+00:00\",\"dateModified\":\"2026-02-10T15:46:01+00:00\",\"description\":\"Breathable and hypoallergenic, the Baby Sleeping Bag is crafted with organic wool for toxin-free warmth. Natural, safe, and versatile, it ensures healthy year-round comfort for babies.\",\"breadcrumb\":{\"@id\":\"https:\\\/\\\/homeofwool.com\\\/shop\\\/baby-sleeping-bag\\\/#breadcrumb\"},\"inLanguage\":\"es\",\"potentialAction\":[{\"@type\":\"ReadAction\",\"target\":[\"https:\\\/\\\/homeofwool.com\\\/shop\\\/baby-sleeping-bag\\\/\"]}]},{\"@type\":\"ImageObject\",\"inLanguage\":\"es\",\"@id\":\"https:\\\/\\\/homeofwool.com\\\/shop\\\/baby-sleeping-bag\\\/#primaryimage\",\"url\":\"https:\\\/\\\/homeofwool.com\\\/wp-content\\\/uploads\\\/2025\\\/09\\\/home-of-wool-wool-baby-sleeping-bag-2-en-scaled.jpg\",\"contentUrl\":\"https:\\\/\\\/homeofwool.com\\\/wp-content\\\/uploads\\\/2025\\\/09\\\/home-of-wool-wool-baby-sleeping-bag-2-en-scaled.jpg\",\"width\":2560,\"height\":2048,\"caption\":\"wool baby sleeping bag\"},{\"@type\":\"BreadcrumbList\",\"@id\":\"https:\\\/\\\/homeofwool.com\\\/shop\\\/baby-sleeping-bag\\\/#breadcrumb\",\"itemListElement\":[{\"@type\":\"ListItem\",\"position\":1,\"name\":\"Home\",\"item\":\"https:\\\/\\\/homeofwool.com\\\/\"},{\"@type\":\"ListItem\",\"position\":2,\"name\":\"Products\",\"item\":\"https:\\\/\\\/homeofwool.com\\\/header-search-2\\\/\"},{\"@type\":\"ListItem\",\"position\":3,\"name\":\"Wool Baby Sleeping Bag\"}]},{\"@type\":\"WebSite\",\"@id\":\"https:\\\/\\\/homeofwool.com\\\/#website\",\"url\":\"https:\\\/\\\/homeofwool.com\\\/\",\"name\":\"Home of Wool\",\"description\":\"\",\"publisher\":{\"@id\":\"https:\\\/\\\/homeofwool.com\\\/#organization\"},\"potentialAction\":[{\"@type\":\"SearchAction\",\"target\":{\"@type\":\"EntryPoint\",\"urlTemplate\":\"https:\\\/\\\/homeofwool.com\\\/?s={search_term_string}\"},\"query-input\":{\"@type\":\"PropertyValueSpecification\",\"valueRequired\":true,\"valueName\":\"search_term_string\"}}],\"inLanguage\":\"es\"},{\"@type\":\"Organization\",\"@id\":\"https:\\\/\\\/homeofwool.com\\\/#organization\",\"name\":\"Home of Wool\",\"url\":\"https:\\\/\\\/homeofwool.com\\\/\",\"logo\":{\"@type\":\"ImageObject\",\"inLanguage\":\"es\",\"@id\":\"https:\\\/\\\/homeofwool.com\\\/#\\\/schema\\\/logo\\\/image\\\/\",\"url\":\"https:\\\/\\\/homeofwool.com\\\/wp-content\\\/uploads\\\/2025\\\/09\\\/WhatsApp-Image-2025-12-02-at-16.23.20.jpeg\",\"contentUrl\":\"https:\\\/\\\/homeofwool.com\\\/wp-content\\\/uploads\\\/2025\\\/09\\\/WhatsApp-Image-2025-12-02-at-16.23.20.jpeg\",\"width\":700,\"height\":247,\"caption\":\"Home of Wool\"},\"image\":{\"@id\":\"https:\\\/\\\/homeofwool.com\\\/#\\\/schema\\\/logo\\\/image\\\/\"},\"sameAs\":[\"https:\\\/\\\/facebook.com\\\/HomeOfWoolOfficial\"]}]}<\/script>\n<!-- \/ Yoast SEO Premium plugin. -->","yoast_head_json":{"title":"Saco de dormir para beb\u00e9s \u2013 Saco de dormir de lana org\u00e1nica | Home of Wool","description":"Transpirable e hipoalerg\u00e9nico, el saco de dormir para beb\u00e9s est\u00e1 confeccionado con lana org\u00e1nica para proporcionar calor sin toxinas. Natural, seguro y vers\u00e1til, garantiza el confort y la salud de los beb\u00e9s durante todo el a\u00f1o.","robots":{"index":"index","follow":"follow","max-snippet":"max-snippet:-1","max-image-preview":"max-image-preview:large","max-video-preview":"max-video-preview:-1"},"canonical":"https:\/\/homeofwool.com\/es\/tienda\/saco-de-dormir-para-bebe\/","og_locale":"es_ES","og_type":"article","og_title":"Wool Baby Sleeping Bag","og_description":"Breathable and hypoallergenic, the Baby Sleeping Bag is crafted with organic wool for toxin-free warmth. Natural, safe, and versatile, it ensures healthy year-round comfort for babies.","og_url":"https:\/\/homeofwool.com\/es\/tienda\/saco-de-dormir-para-bebe\/","og_site_name":"Home of Wool","article_publisher":"https:\/\/facebook.com\/HomeOfWoolOfficial","article_modified_time":"2026-02-10T15:46:01+00:00","og_image":[{"width":2560,"height":2048,"url":"https:\/\/homeofwool.com\/wp-content\/uploads\/2025\/09\/home-of-wool-wool-baby-sleeping-bag-2-en-scaled.jpg","type":"image\/jpeg"}],"twitter_card":"summary_large_image","twitter_misc":{"Tiempo de lectura":"2 minutos"},"schema":{"@context":"https:\/\/schema.org","@graph":[{"@type":"WebPage","@id":"https:\/\/homeofwool.com\/shop\/baby-sleeping-bag\/","url":"https:\/\/homeofwool.com\/shop\/baby-sleeping-bag\/","name":"Saco de dormir para beb\u00e9s \u2013 Saco de dormir de lana org\u00e1nica | Home of Wool","isPartOf":{"@id":"https:\/\/homeofwool.com\/#website"},"primaryImageOfPage":{"@id":"https:\/\/homeofwool.com\/shop\/baby-sleeping-bag\/#primaryimage"},"image":{"@id":"https:\/\/homeofwool.com\/shop\/baby-sleeping-bag\/#primaryimage"},"thumbnailUrl":"https:\/\/homeofwool.com\/wp-content\/uploads\/2025\/09\/home-of-wool-wool-baby-sleeping-bag-2-en-scaled.jpg","datePublished":"2025-09-02T12:02:14+00:00","dateModified":"2026-02-10T15:46:01+00:00","description":"Transpirable e hipoalerg\u00e9nico, el saco de dormir para beb\u00e9s est\u00e1 confeccionado con lana org\u00e1nica para proporcionar calor sin toxinas. Natural, seguro y vers\u00e1til, garantiza el confort y la salud de los beb\u00e9s durante todo el a\u00f1o.","breadcrumb":{"@id":"https:\/\/homeofwool.com\/shop\/baby-sleeping-bag\/#breadcrumb"},"inLanguage":"es","potentialAction":[{"@type":"ReadAction","target":["https:\/\/homeofwool.com\/shop\/baby-sleeping-bag\/"]}]},{"@type":"ImageObject","inLanguage":"es","@id":"https:\/\/homeofwool.com\/shop\/baby-sleeping-bag\/#primaryimage","url":"https:\/\/homeofwool.com\/wp-content\/uploads\/2025\/09\/home-of-wool-wool-baby-sleeping-bag-2-en-scaled.jpg","contentUrl":"https:\/\/homeofwool.com\/wp-content\/uploads\/2025\/09\/home-of-wool-wool-baby-sleeping-bag-2-en-scaled.jpg","width":2560,"height":2048,"caption":"wool baby sleeping bag"},{"@type":"BreadcrumbList","@id":"https:\/\/homeofwool.com\/shop\/baby-sleeping-bag\/#breadcrumb","itemListElement":[{"@type":"ListItem","position":1,"name":"Home","item":"https:\/\/homeofwool.com\/"},{"@type":"ListItem","position":2,"name":"Products","item":"https:\/\/homeofwool.com\/header-search-2\/"},{"@type":"ListItem","position":3,"name":"Wool Baby Sleeping Bag"}]},{"@type":"WebSite","@id":"https:\/\/homeofwool.com\/#website","url":"https:\/\/homeofwool.com\/","name":"Hogar de la lana","description":"","publisher":{"@id":"https:\/\/homeofwool.com\/#organization"},"potentialAction":[{"@type":"SearchAction","target":{"@type":"EntryPoint","urlTemplate":"https:\/\/homeofwool.com\/?s={search_term_string}"},"query-input":{"@type":"PropertyValueSpecification","valueRequired":true,"valueName":"search_term_string"}}],"inLanguage":"es"},{"@type":"Organization","@id":"https:\/\/homeofwool.com\/#organization","name":"Hogar de la lana","url":"https:\/\/homeofwool.com\/","logo":{"@type":"ImageObject","inLanguage":"es","@id":"https:\/\/homeofwool.com\/#\/schema\/logo\/image\/","url":"https:\/\/homeofwool.com\/wp-content\/uploads\/2025\/09\/WhatsApp-Image-2025-12-02-at-16.23.20.jpeg","contentUrl":"https:\/\/homeofwool.com\/wp-content\/uploads\/2025\/09\/WhatsApp-Image-2025-12-02-at-16.23.20.jpeg","width":700,"height":247,"caption":"Home of Wool"},"image":{"@id":"https:\/\/homeofwool.com\/#\/schema\/logo\/image\/"},"sameAs":["https:\/\/facebook.com\/HomeOfWoolOfficial"]}]}},"_links":{"self":[{"href":"https:\/\/homeofwool.com\/es\/wp-json\/wp\/v2\/product\/217695","targetHints":{"allow":["GET"]}}],"collection":[{"href":"https:\/\/homeofwool.com\/es\/wp-json\/wp\/v2\/product"}],"about":[{"href":"https:\/\/homeofwool.com\/es\/wp-json\/wp\/v2\/types\/product"}],"version-history":[{"count":2,"href":"https:\/\/homeofwool.com\/es\/wp-json\/wp\/v2\/product\/217695\/revisions"}],"predecessor-version":[{"id":225966,"href":"https:\/\/homeofwool.com\/es\/wp-json\/wp\/v2\/product\/217695\/revisions\/225966"}],"wp:featuredmedia":[{"embeddable":true,"href":"https:\/\/homeofwool.com\/es\/wp-json\/wp\/v2\/media\/219610"}],"wp:attachment":[{"href":"https:\/\/homeofwool.com\/es\/wp-json\/wp\/v2\/media?parent=217695"}],"wp:term":[{"taxonomy":"product_brand","embeddable":true,"href":"https:\/\/homeofwool.com\/es\/wp-json\/wp\/v2\/product_brand?post=217695"},{"taxonomy":"product_cat","embeddable":true,"href":"https:\/\/homeofwool.com\/es\/wp-json\/wp\/v2\/product_cat?post=217695"},{"taxonomy":"product_tag","embeddable":true,"href":"https:\/\/homeofwool.com\/es\/wp-json\/wp\/v2\/product_tag?post=217695"}],"curies":[{"name":"wp","href":"https:\/\/api.w.org\/{rel}","templated":true}]}}