{"id":217682,"date":"2025-09-02T12:02:06","date_gmt":"2025-09-02T12:02:06","guid":{"rendered":"https:\/\/homeofwool.com\/?post_type=product&#038;p=217682"},"modified":"2026-04-09T11:36:08","modified_gmt":"2026-04-09T11:36:08","slug":"tumbona-para-bebes","status":"publish","type":"product","link":"https:\/\/homeofwool.com\/es\/shop\/baby-lounger\/","title":{"rendered":"Tumbona de lana para beb\u00e9s"},"content":{"rendered":"<p>Esta almohada de lana para dormir con tu beb\u00e9 est\u00e1 dise\u00f1ada para que tu reci\u00e9n nacido descanse tranquilo y protegido a tu lado. Colocada sobre tu colch\u00f3n, forma un nido de apoyo, con los bordes elevados rellenos de lana que rodean suavemente a tu beb\u00e9 para mantenerlo seguro y protegido. La almohada permite la cercan\u00eda para dormir juntos, al tiempo que mantiene unos l\u00edmites claros.<\/p>\n<p>Fabricada con lana hipoalerg\u00e9nica y tejidos naturales, la hamaca para beb\u00e9s no contiene materiales sint\u00e9ticos ni productos qu\u00edmicos. La lana permite que el aire circule y elimina la humedad. Esto significa que tu beb\u00e9 estar\u00e1 c\u00f3modo y nunca pasar\u00e1 calor. \u00bfNo es ese el tipo de sue\u00f1o que deseas para tu peque\u00f1o? Para ti, esto se traduce en noches m\u00e1s tranquilas, un espacio m\u00e1s saludable y la tranquilidad de saber que tu beb\u00e9 duerme en un nido totalmente natural.<\/p>\n<p>Entre los detalles pr\u00e1cticos se incluyen una cremallera ajustable para regular el relleno de lana, una opci\u00f3n con funda extra\u00edble para facilitar la limpieza y la posibilidad de a\u00f1adir bordados. Tambi\u00e9n se puede adquirir un colch\u00f3n adicional para convertirlo en un colch\u00f3n para beb\u00e9s. Es m\u00e1s que un simple coj\u00edn. Consid\u00e9relo un elemento esencial y sostenible para la habitaci\u00f3n infantil que proporciona un sue\u00f1o seguro, cercano y reparador a toda la familia.<\/p>\n<p>Siga siempre las recomendaciones de seguridad para dormir con su beb\u00e9: mantenga alejadas las almohadas y mantas, y aseg\u00farese de que la superficie sea firme y plana.<\/p>\n<h4>DIMENSIONES:<\/h4>\n<p>Total - 31\u2033 Largo x 18\u2033 Ancho ( 79 cm x 46 cm)<br \/>\nSuperficie de la hamaca - 23\u2033 x 8\u2033 (59 cm x 20 cm) (es decir, la distancia entre los contornos altos).<\/p>","protected":false},"excerpt":{"rendered":"<p>La hamaca para beb\u00e9s ofrece un lugar seguro y transpirable para descansar cerca de ti. Dise\u00f1ada cuidadosamente para dormir juntos, mantiene a tu reci\u00e9n nacido seguro y c\u00f3modo, al tiempo que facilita la alimentaci\u00f3n nocturna y el v\u00ednculo afectivo. Todo ello sin toxinas ni emisiones gaseosas.<\/p>\n<div class=\"global-icon-set\">\n<div class=\"global-icon-set__items\">\n<div class=\"global-icon-set__item\">\n<div class=\"global-icon-set__image\">\n                                    <img decoding=\"async\" src=\"https:\/\/homeofwool.com\/wp-content\/uploads\/2025\/09\/handmade-icon-300x300.png\" alt=\"icono hecho a mano\" \/>\n                                <\/div>\n<div class=\"global-icon-set__title\">Hecho a mano<\/div>\n<\/p><\/div>\n<div class=\"global-icon-set__item\">\n<div class=\"global-icon-set__image\">\n                                    <img decoding=\"async\" src=\"https:\/\/homeofwool.com\/wp-content\/uploads\/2025\/09\/VOCs-min-300x300.png\" alt=\"vocs free\" \/>\n                                <\/div>\n<div class=\"global-icon-set__title\">Sin COV<\/div>\n<\/p><\/div>\n<div class=\"global-icon-set__item\">\n<div class=\"global-icon-set__image\">\n                                    <img decoding=\"async\" src=\"https:\/\/homeofwool.com\/wp-content\/uploads\/2025\/09\/FR-min-300x300.png\" alt=\"icono de resistencia al fuego\" \/>\n                                <\/div>\n<div class=\"global-icon-set__title\">Resistente al fuego<\/div>\n<\/p><\/div>\n<div class=\"global-icon-set__item\">\n<div class=\"global-icon-set__image\">\n                                    <img decoding=\"async\" src=\"https:\/\/homeofwool.com\/wp-content\/uploads\/2025\/09\/Hypoallergenic-min-300x300.png\" alt=\"icono hipoalerg\u00e9nico\" \/>\n                                <\/div>\n<div class=\"global-icon-set__title\">Hipoalerg\u00e9nico<\/div>\n<\/p><\/div>\n<div class=\"global-icon-set__item\">\n<div class=\"global-icon-set__image\">\n                                    <img decoding=\"async\" src=\"https:\/\/homeofwool.com\/wp-content\/uploads\/2025\/09\/free-of-synthetics-icon-300x300.png\" alt=\"icono sin sint\u00e9ticos\" \/>\n                                <\/div>\n<div class=\"global-icon-set__title\">Sin sint\u00e9ticos<\/div>\n<\/p><\/div>\n<div class=\"global-icon-set__item\">\n<div class=\"global-icon-set__image\">\n                                    <img decoding=\"async\" src=\"https:\/\/homeofwool.com\/wp-content\/uploads\/2025\/09\/chemical-free-icon-300x300.png\" alt=\"icono sin productos qu\u00edmicos\" \/>\n                                <\/div>\n<div class=\"global-icon-set__title\">Sin productos qu\u00edmicos<\/div>\n<\/p><\/div>\n<div class=\"global-icon-set__item\">\n<div class=\"global-icon-set__image\">\n                                    <img decoding=\"async\" src=\"https:\/\/homeofwool.com\/wp-content\/uploads\/2025\/09\/anti-bacterial-icon-300x300.png\" alt=\"icono antibacteriano\" \/>\n                                <\/div>\n<div class=\"global-icon-set__title\">Antimicrobiano y antibacteriano<\/div>\n<\/p><\/div>\n<div class=\"global-icon-set__item\">\n<div class=\"global-icon-set__image\">\n                                    <img decoding=\"async\" src=\"https:\/\/homeofwool.com\/wp-content\/uploads\/2025\/09\/certified-materials-icon-300x300.png\" alt=\"icono de materiales certificados\" \/>\n                                <\/div>\n<div class=\"global-icon-set__title\">100% Materiales puros certificados<\/div>\n<\/p><\/div>\n<\/p><\/div>\n<\/p><\/div>","protected":false},"featured_media":223140,"template":"","meta":{"_acf_changed":false},"product_brand":[],"product_cat":[266,267],"product_tag":[697,698,699,700,701,702,703,704,705,733,706,734,149,707],"class_list":{"0":"post-217682","1":"product","2":"type-product","3":"status-publish","4":"has-post-thumbnail","6":"product_cat-baby-sleep-products","7":"product_cat-nursery","8":"product_tag-baby-pod","9":"product_tag-baby-sleeping-pillow","10":"product_tag-bed-sharing-cushion","11":"product_tag-bespoke-co-sleeper","12":"product_tag-co-sleeping-pillow","13":"product_tag-co-sleeping-pod","14":"product_tag-cosleeper-travel-bed","15":"product_tag-eco-baby-bedding","16":"product_tag-infant-co-sleeper","17":"product_tag-infant-lounger","18":"product_tag-portable-baby-nest","19":"product_tag-snuggle-nest","20":"product_tag-steps","21":"product_tag-washable-slipcover","23":"first","24":"instock","25":"shipping-taxable","26":"purchasable","27":"product-type-simple"},"acf":[],"yoast_head":"<!-- This site is optimized with the Yoast SEO Premium plugin v27.4 (Yoast SEO v27.4) - https:\/\/yoast.com\/product\/yoast-seo-premium-wordpress\/ -->\n<title>Baby Lounger \u2013 Co-sleeping Pillow | Home of Wool<\/title>\n<meta name=\"description\" content=\"The Baby Lounger creates breathable comfort with wool filling. Hypoallergenic and toxin-free, it provides safe, sustainable, and natural support for infants during co-sleeping or naps.\" \/>\n<meta name=\"robots\" content=\"index, follow, max-snippet:-1, max-image-preview:large, max-video-preview:-1\" \/>\n<link rel=\"canonical\" href=\"https:\/\/homeofwool.com\/es\/tienda\/tumbona-para-bebes\/\" \/>\n<meta property=\"og:locale\" content=\"es_ES\" \/>\n<meta property=\"og:type\" content=\"article\" \/>\n<meta property=\"og:title\" content=\"Wool Baby Lounger\" \/>\n<meta property=\"og:description\" content=\"The Baby Lounger creates breathable comfort with wool filling. Hypoallergenic and toxin-free, it provides safe, sustainable, and natural support for infants during co-sleeping or naps.\" \/>\n<meta property=\"og:url\" content=\"https:\/\/homeofwool.com\/es\/tienda\/tumbona-para-bebes\/\" \/>\n<meta property=\"og:site_name\" content=\"Home of Wool\" \/>\n<meta property=\"article:publisher\" content=\"https:\/\/facebook.com\/HomeOfWoolOfficial\" \/>\n<meta property=\"article:modified_time\" content=\"2026-04-09T11:36:08+00:00\" \/>\n<meta property=\"og:image\" content=\"https:\/\/homeofwool.com\/wp-content\/uploads\/2025\/09\/home-of-wool-wool-baby-lounger-MAIN.jpg\" \/>\n\t<meta property=\"og:image:width\" content=\"1600\" \/>\n\t<meta property=\"og:image:height\" content=\"1280\" \/>\n\t<meta property=\"og:image:type\" content=\"image\/jpeg\" \/>\n<meta name=\"twitter:card\" content=\"summary_large_image\" \/>\n<meta name=\"twitter:label1\" content=\"Tiempo de lectura\" \/>\n\t<meta name=\"twitter:data1\" content=\"2 minutos\" \/>\n<script type=\"application\/ld+json\" class=\"yoast-schema-graph\">{\"@context\":\"https:\\\/\\\/schema.org\",\"@graph\":[{\"@type\":\"WebPage\",\"@id\":\"https:\\\/\\\/homeofwool.com\\\/shop\\\/baby-lounger\\\/\",\"url\":\"https:\\\/\\\/homeofwool.com\\\/shop\\\/baby-lounger\\\/\",\"name\":\"Baby Lounger \u2013 Co-sleeping Pillow | Home of Wool\",\"isPartOf\":{\"@id\":\"https:\\\/\\\/homeofwool.com\\\/#website\"},\"primaryImageOfPage\":{\"@id\":\"https:\\\/\\\/homeofwool.com\\\/shop\\\/baby-lounger\\\/#primaryimage\"},\"image\":{\"@id\":\"https:\\\/\\\/homeofwool.com\\\/shop\\\/baby-lounger\\\/#primaryimage\"},\"thumbnailUrl\":\"https:\\\/\\\/homeofwool.com\\\/wp-content\\\/uploads\\\/2025\\\/09\\\/home-of-wool-wool-baby-lounger-MAIN.jpg\",\"datePublished\":\"2025-09-02T12:02:06+00:00\",\"dateModified\":\"2026-04-09T11:36:08+00:00\",\"description\":\"The Baby Lounger creates breathable comfort with wool filling. Hypoallergenic and toxin-free, it provides safe, sustainable, and natural support for infants during co-sleeping or naps.\",\"breadcrumb\":{\"@id\":\"https:\\\/\\\/homeofwool.com\\\/shop\\\/baby-lounger\\\/#breadcrumb\"},\"inLanguage\":\"es\",\"potentialAction\":[{\"@type\":\"ReadAction\",\"target\":[\"https:\\\/\\\/homeofwool.com\\\/shop\\\/baby-lounger\\\/\"]}]},{\"@type\":\"ImageObject\",\"inLanguage\":\"es\",\"@id\":\"https:\\\/\\\/homeofwool.com\\\/shop\\\/baby-lounger\\\/#primaryimage\",\"url\":\"https:\\\/\\\/homeofwool.com\\\/wp-content\\\/uploads\\\/2025\\\/09\\\/home-of-wool-wool-baby-lounger-MAIN.jpg\",\"contentUrl\":\"https:\\\/\\\/homeofwool.com\\\/wp-content\\\/uploads\\\/2025\\\/09\\\/home-of-wool-wool-baby-lounger-MAIN.jpg\",\"width\":1600,\"height\":1280,\"caption\":\"Baby wool lounger with a baby sleeping in it\"},{\"@type\":\"BreadcrumbList\",\"@id\":\"https:\\\/\\\/homeofwool.com\\\/shop\\\/baby-lounger\\\/#breadcrumb\",\"itemListElement\":[{\"@type\":\"ListItem\",\"position\":1,\"name\":\"Home\",\"item\":\"https:\\\/\\\/homeofwool.com\\\/\"},{\"@type\":\"ListItem\",\"position\":2,\"name\":\"Products\",\"item\":\"https:\\\/\\\/homeofwool.com\\\/header-search-2\\\/\"},{\"@type\":\"ListItem\",\"position\":3,\"name\":\"Wool Baby Lounger\"}]},{\"@type\":\"WebSite\",\"@id\":\"https:\\\/\\\/homeofwool.com\\\/#website\",\"url\":\"https:\\\/\\\/homeofwool.com\\\/\",\"name\":\"Home of Wool\",\"description\":\"\",\"publisher\":{\"@id\":\"https:\\\/\\\/homeofwool.com\\\/#organization\"},\"potentialAction\":[{\"@type\":\"SearchAction\",\"target\":{\"@type\":\"EntryPoint\",\"urlTemplate\":\"https:\\\/\\\/homeofwool.com\\\/?s={search_term_string}\"},\"query-input\":{\"@type\":\"PropertyValueSpecification\",\"valueRequired\":true,\"valueName\":\"search_term_string\"}}],\"inLanguage\":\"es\"},{\"@type\":\"Organization\",\"@id\":\"https:\\\/\\\/homeofwool.com\\\/#organization\",\"name\":\"Home of Wool\",\"url\":\"https:\\\/\\\/homeofwool.com\\\/\",\"logo\":{\"@type\":\"ImageObject\",\"inLanguage\":\"es\",\"@id\":\"https:\\\/\\\/homeofwool.com\\\/#\\\/schema\\\/logo\\\/image\\\/\",\"url\":\"https:\\\/\\\/homeofwool.com\\\/wp-content\\\/uploads\\\/2025\\\/09\\\/WhatsApp-Image-2025-12-02-at-16.23.20.jpeg\",\"contentUrl\":\"https:\\\/\\\/homeofwool.com\\\/wp-content\\\/uploads\\\/2025\\\/09\\\/WhatsApp-Image-2025-12-02-at-16.23.20.jpeg\",\"width\":700,\"height\":247,\"caption\":\"Home of Wool\"},\"image\":{\"@id\":\"https:\\\/\\\/homeofwool.com\\\/#\\\/schema\\\/logo\\\/image\\\/\"},\"sameAs\":[\"https:\\\/\\\/facebook.com\\\/HomeOfWoolOfficial\"]}]}<\/script>\n<!-- \/ Yoast SEO Premium plugin. -->","yoast_head_json":{"title":"Hamaca para beb\u00e9s \u2013 Almohada para dormir juntos | Home of Wool","description":"La hamaca para beb\u00e9s Baby Lounger ofrece una comodidad transpirable gracias a su relleno de lana. Hipoalerg\u00e9nica y libre de toxinas, proporciona un soporte seguro, sostenible y natural para los beb\u00e9s durante el colecho o las siestas.","robots":{"index":"index","follow":"follow","max-snippet":"max-snippet:-1","max-image-preview":"max-image-preview:large","max-video-preview":"max-video-preview:-1"},"canonical":"https:\/\/homeofwool.com\/es\/tienda\/tumbona-para-bebes\/","og_locale":"es_ES","og_type":"article","og_title":"Wool Baby Lounger","og_description":"The Baby Lounger creates breathable comfort with wool filling. Hypoallergenic and toxin-free, it provides safe, sustainable, and natural support for infants during co-sleeping or naps.","og_url":"https:\/\/homeofwool.com\/es\/tienda\/tumbona-para-bebes\/","og_site_name":"Home of Wool","article_publisher":"https:\/\/facebook.com\/HomeOfWoolOfficial","article_modified_time":"2026-04-09T11:36:08+00:00","og_image":[{"width":1600,"height":1280,"url":"https:\/\/homeofwool.com\/wp-content\/uploads\/2025\/09\/home-of-wool-wool-baby-lounger-MAIN.jpg","type":"image\/jpeg"}],"twitter_card":"summary_large_image","twitter_misc":{"Tiempo de lectura":"2 minutos"},"schema":{"@context":"https:\/\/schema.org","@graph":[{"@type":"WebPage","@id":"https:\/\/homeofwool.com\/shop\/baby-lounger\/","url":"https:\/\/homeofwool.com\/shop\/baby-lounger\/","name":"Hamaca para beb\u00e9s \u2013 Almohada para dormir juntos | Home of Wool","isPartOf":{"@id":"https:\/\/homeofwool.com\/#website"},"primaryImageOfPage":{"@id":"https:\/\/homeofwool.com\/shop\/baby-lounger\/#primaryimage"},"image":{"@id":"https:\/\/homeofwool.com\/shop\/baby-lounger\/#primaryimage"},"thumbnailUrl":"https:\/\/homeofwool.com\/wp-content\/uploads\/2025\/09\/home-of-wool-wool-baby-lounger-MAIN.jpg","datePublished":"2025-09-02T12:02:06+00:00","dateModified":"2026-04-09T11:36:08+00:00","description":"La hamaca para beb\u00e9s Baby Lounger ofrece una comodidad transpirable gracias a su relleno de lana. Hipoalerg\u00e9nica y libre de toxinas, proporciona un soporte seguro, sostenible y natural para los beb\u00e9s durante el colecho o las siestas.","breadcrumb":{"@id":"https:\/\/homeofwool.com\/shop\/baby-lounger\/#breadcrumb"},"inLanguage":"es","potentialAction":[{"@type":"ReadAction","target":["https:\/\/homeofwool.com\/shop\/baby-lounger\/"]}]},{"@type":"ImageObject","inLanguage":"es","@id":"https:\/\/homeofwool.com\/shop\/baby-lounger\/#primaryimage","url":"https:\/\/homeofwool.com\/wp-content\/uploads\/2025\/09\/home-of-wool-wool-baby-lounger-MAIN.jpg","contentUrl":"https:\/\/homeofwool.com\/wp-content\/uploads\/2025\/09\/home-of-wool-wool-baby-lounger-MAIN.jpg","width":1600,"height":1280,"caption":"Baby wool lounger with a baby sleeping in it"},{"@type":"BreadcrumbList","@id":"https:\/\/homeofwool.com\/shop\/baby-lounger\/#breadcrumb","itemListElement":[{"@type":"ListItem","position":1,"name":"Home","item":"https:\/\/homeofwool.com\/"},{"@type":"ListItem","position":2,"name":"Products","item":"https:\/\/homeofwool.com\/header-search-2\/"},{"@type":"ListItem","position":3,"name":"Wool Baby Lounger"}]},{"@type":"WebSite","@id":"https:\/\/homeofwool.com\/#website","url":"https:\/\/homeofwool.com\/","name":"Hogar de la lana","description":"","publisher":{"@id":"https:\/\/homeofwool.com\/#organization"},"potentialAction":[{"@type":"SearchAction","target":{"@type":"EntryPoint","urlTemplate":"https:\/\/homeofwool.com\/?s={search_term_string}"},"query-input":{"@type":"PropertyValueSpecification","valueRequired":true,"valueName":"search_term_string"}}],"inLanguage":"es"},{"@type":"Organization","@id":"https:\/\/homeofwool.com\/#organization","name":"Hogar de la lana","url":"https:\/\/homeofwool.com\/","logo":{"@type":"ImageObject","inLanguage":"es","@id":"https:\/\/homeofwool.com\/#\/schema\/logo\/image\/","url":"https:\/\/homeofwool.com\/wp-content\/uploads\/2025\/09\/WhatsApp-Image-2025-12-02-at-16.23.20.jpeg","contentUrl":"https:\/\/homeofwool.com\/wp-content\/uploads\/2025\/09\/WhatsApp-Image-2025-12-02-at-16.23.20.jpeg","width":700,"height":247,"caption":"Home of Wool"},"image":{"@id":"https:\/\/homeofwool.com\/#\/schema\/logo\/image\/"},"sameAs":["https:\/\/facebook.com\/HomeOfWoolOfficial"]}]}},"_links":{"self":[{"href":"https:\/\/homeofwool.com\/es\/wp-json\/wp\/v2\/product\/217682","targetHints":{"allow":["GET"]}}],"collection":[{"href":"https:\/\/homeofwool.com\/es\/wp-json\/wp\/v2\/product"}],"about":[{"href":"https:\/\/homeofwool.com\/es\/wp-json\/wp\/v2\/types\/product"}],"version-history":[{"count":3,"href":"https:\/\/homeofwool.com\/es\/wp-json\/wp\/v2\/product\/217682\/revisions"}],"predecessor-version":[{"id":226362,"href":"https:\/\/homeofwool.com\/es\/wp-json\/wp\/v2\/product\/217682\/revisions\/226362"}],"wp:featuredmedia":[{"embeddable":true,"href":"https:\/\/homeofwool.com\/es\/wp-json\/wp\/v2\/media\/223140"}],"wp:attachment":[{"href":"https:\/\/homeofwool.com\/es\/wp-json\/wp\/v2\/media?parent=217682"}],"wp:term":[{"taxonomy":"product_brand","embeddable":true,"href":"https:\/\/homeofwool.com\/es\/wp-json\/wp\/v2\/product_brand?post=217682"},{"taxonomy":"product_cat","embeddable":true,"href":"https:\/\/homeofwool.com\/es\/wp-json\/wp\/v2\/product_cat?post=217682"},{"taxonomy":"product_tag","embeddable":true,"href":"https:\/\/homeofwool.com\/es\/wp-json\/wp\/v2\/product_tag?post=217682"}],"curies":[{"name":"wp","href":"https:\/\/api.w.org\/{rel}","templated":true}]}}