{"id":217680,"date":"2025-09-02T12:02:06","date_gmt":"2025-09-02T12:02:06","guid":{"rendered":"https:\/\/homeofwool.com\/?post_type=product&#038;p=217680"},"modified":"2026-02-11T09:55:51","modified_gmt":"2026-02-11T09:55:51","slug":"colchon-para-moises-halo","status":"publish","type":"product","link":"https:\/\/homeofwool.com\/es\/shop\/halo-bassinet-mattress\/","title":{"rendered":"Colch\u00f3n de lana HALO para mois\u00e9s"},"content":{"rendered":"<p>Fabricado con esmero, nuestro colch\u00f3n Halo Bassinest relleno de lana combina comodidad, seguridad y dise\u00f1o sostenible. Cada colch\u00f3n Bassinest est\u00e1 hecho a mano con capas de lana pura, lo que proporciona una superficie para dormir naturalmente resistente al fuego sin necesidad de utilizar productos qu\u00edmicos. Sin materiales sint\u00e9ticos ni pegamentos.<\/p>\n<p>La lana ayuda a tu beb\u00e9 a estar c\u00f3modo en cualquier \u00e9poca del a\u00f1o, manteni\u00e9ndolo abrigado cuando hace fr\u00edo y fresco cuando hace calor. Su naturaleza aireada tambi\u00e9n mantiene el colch\u00f3n fresco. La lana evita que los \u00e1caros del polvo o el moho se acumulen.<\/p>\n<p>Con un acolchado poco profundo que proporciona una superficie lisa y plana y una sensaci\u00f3n de firmeza y suavidad, este colch\u00f3n para mois\u00e9s combina seguridad y comodidad duradera. Hay dos tama\u00f1os disponibles que se adaptan perfectamente a las versiones giratoria y doble del mois\u00e9s.<\/p>\n<p>Cuando ya no se utilice la cuna, el colch\u00f3n se puede seguir utilizando como peque\u00f1o coj\u00edn para el suelo o el banco, d\u00e1ndole una segunda vida en su hogar. El colch\u00f3n Halo de Home of Wool, un aut\u00e9ntico ejemplo de lujo sostenible, est\u00e1 dise\u00f1ado para cuidar tanto de su hijo como del entorno de su hogar.<\/p>","protected":false},"excerpt":{"rendered":"<p>Crea un espacio para dormir tranquilo y libre de toxinas con nuestro colch\u00f3n Halo relleno de lana. Dise\u00f1ado para la cama Halo Bassinest, este colch\u00f3n para cuna, naturalmente transpirable, mantiene a tu peque\u00f1o c\u00f3modo y seguro en cualquier \u00e9poca del a\u00f1o. Fabricado sin toxinas ni emisiones gaseosas, ayuda a mantener el espacio para dormir de tu beb\u00e9 fresco y seguro.<\/p>\n<p><strong>OPCIONES DE TAMA\u00d1O<\/strong>:<br \/>\n<strong>Giratorio<\/strong>: 30 x 18 x 2 pulgadas (76,2 x 45,7 x 5 cm) con forma de reloj de arena<br \/>\n<strong>Gemelo<\/strong>: 85 x 56 x 5 cm (33,5\u2033 x 22 x 2\u2033) forma de reloj de arena<\/p>\n<div class=\"global-icon-set\">\n<div class=\"global-icon-set__items\">\n<div class=\"global-icon-set__item\">\n<div class=\"global-icon-set__image\">\n                                    <img decoding=\"async\" src=\"https:\/\/homeofwool.com\/wp-content\/uploads\/2025\/09\/handmade-icon-300x300.png\" alt=\"icono hecho a mano\" \/>\n                                <\/div>\n<div class=\"global-icon-set__title\">Hecho a mano<\/div>\n<\/p><\/div>\n<div class=\"global-icon-set__item\">\n<div class=\"global-icon-set__image\">\n                                    <img decoding=\"async\" src=\"https:\/\/homeofwool.com\/wp-content\/uploads\/2025\/09\/Exceptionally-Supportive-min-300x300.png\" alt=\"icono excepcionalmente solidario\" \/>\n                                <\/div>\n<div class=\"global-icon-set__title\">Excepcionalmente solidario<\/div>\n<\/p><\/div>\n<div class=\"global-icon-set__item\">\n<div class=\"global-icon-set__image\">\n                                    <img decoding=\"async\" src=\"https:\/\/homeofwool.com\/wp-content\/uploads\/2025\/09\/wicks-moisture-away-300x300.png\" alt=\"evacua la humedad\" \/>\n                                <\/div>\n<div class=\"global-icon-set__title\">Evacua la humedad<\/div>\n<\/p><\/div>\n<div class=\"global-icon-set__item\">\n<div class=\"global-icon-set__image\">\n                                    <img decoding=\"async\" src=\"https:\/\/homeofwool.com\/wp-content\/uploads\/2025\/09\/VOCs-min-300x300.png\" alt=\"vocs free\" \/>\n                                <\/div>\n<div class=\"global-icon-set__title\">Sin COV<\/div>\n<\/p><\/div>\n<div class=\"global-icon-set__item\">\n<div class=\"global-icon-set__image\">\n                                    <img decoding=\"async\" src=\"https:\/\/homeofwool.com\/wp-content\/uploads\/2025\/09\/FR-min-300x300.png\" alt=\"icono de resistencia al fuego\" \/>\n                                <\/div>\n<div class=\"global-icon-set__title\">Resistente al fuego<\/div>\n<\/p><\/div>\n<div class=\"global-icon-set__item\">\n<div class=\"global-icon-set__image\">\n                                    <img decoding=\"async\" src=\"https:\/\/homeofwool.com\/wp-content\/uploads\/2025\/09\/Hypoallergenic-min-300x300.png\" alt=\"icono hipoalerg\u00e9nico\" \/>\n                                <\/div>\n<div class=\"global-icon-set__title\">Hipoalerg\u00e9nico<\/div>\n<\/p><\/div>\n<div class=\"global-icon-set__item\">\n<div class=\"global-icon-set__image\">\n                                    <img decoding=\"async\" src=\"https:\/\/homeofwool.com\/wp-content\/uploads\/2025\/09\/free-of-synthetics-icon-300x300.png\" alt=\"icono sin sint\u00e9ticos\" \/>\n                                <\/div>\n<div class=\"global-icon-set__title\">Sin sint\u00e9ticos<\/div>\n<\/p><\/div>\n<div class=\"global-icon-set__item\">\n<div class=\"global-icon-set__image\">\n                                    <img decoding=\"async\" src=\"https:\/\/homeofwool.com\/wp-content\/uploads\/2025\/09\/chemical-free-icon-300x300.png\" alt=\"icono sin productos qu\u00edmicos\" \/>\n                                <\/div>\n<div class=\"global-icon-set__title\">Sin productos qu\u00edmicos<\/div>\n<\/p><\/div>\n<div class=\"global-icon-set__item\">\n<div class=\"global-icon-set__image\">\n                                    <img decoding=\"async\" src=\"https:\/\/homeofwool.com\/wp-content\/uploads\/2025\/09\/anti-bacterial-icon-300x300.png\" alt=\"icono antibacteriano\" \/>\n                                <\/div>\n<div class=\"global-icon-set__title\">Antimicrobiano y antibacteriano<\/div>\n<\/p><\/div>\n<div class=\"global-icon-set__item\">\n<div class=\"global-icon-set__image\">\n                                    <img decoding=\"async\" src=\"https:\/\/homeofwool.com\/wp-content\/uploads\/2025\/09\/certified-materials-icon-300x300.png\" alt=\"icono de materiales certificados\" \/>\n                                <\/div>\n<div class=\"global-icon-set__title\">100% Materiales puros certificados<\/div>\n<\/p><\/div>\n<\/p><\/div>\n<\/p><\/div>","protected":false},"featured_media":226050,"template":"","meta":{"_acf_changed":false},"product_brand":[],"product_cat":[266,459],"product_tag":[718,719,720,704,721,722,723,724,725,195,149,726],"class_list":{"0":"post-217680","1":"product","2":"type-product","3":"status-publish","4":"has-post-thumbnail","6":"product_cat-baby-sleep-products","7":"product_cat-mattresses-toppers","8":"product_tag-arms-reach","9":"product_tag-co-sleeper","10":"product_tag-cradle-mattress","11":"product_tag-eco-baby-bedding","12":"product_tag-halo-bassinest-mattress","13":"product_tag-halo-bassinest-mattress-pad","14":"product_tag-halo-breathable-crib-mattress","15":"product_tag-mini-crib-pad","16":"product_tag-newborn-mattress","17":"product_tag-organic-mattress","18":"product_tag-steps","19":"product_tag-swivel-sleeper","21":"first","22":"instock","23":"shipping-taxable","24":"purchasable","25":"product-type-simple"},"acf":[],"yoast_head":"<!-- This site is optimized with the Yoast SEO Premium plugin v27.3 (Yoast SEO v27.3) - https:\/\/yoast.com\/product\/yoast-seo-premium-wordpress\/ -->\n<title>HALO Bassinet Mattress \u2013 Organic, Breathable &amp; Custom | Home of Wool<\/title>\n<meta name=\"description\" content=\"Organic wool bassinet mattress pad, handmade, chemical-free, and flame-resistant. Breathable and hypoallergenic, it keeps newborns cozy and healthy in every season.\" \/>\n<meta name=\"robots\" content=\"index, follow, max-snippet:-1, max-image-preview:large, max-video-preview:-1\" \/>\n<link rel=\"canonical\" href=\"https:\/\/homeofwool.com\/es\/tienda\/colchon-para-moises-halo\/\" \/>\n<meta property=\"og:locale\" content=\"es_ES\" \/>\n<meta property=\"og:type\" content=\"article\" \/>\n<meta property=\"og:title\" content=\"Wool HALO Bassinet Mattress\" \/>\n<meta property=\"og:description\" content=\"Organic wool bassinet mattress pad, handmade, chemical-free, and flame-resistant. Breathable and hypoallergenic, it keeps newborns cozy and healthy in every season.\" \/>\n<meta property=\"og:url\" content=\"https:\/\/homeofwool.com\/es\/tienda\/colchon-para-moises-halo\/\" \/>\n<meta property=\"og:site_name\" content=\"Home of Wool\" \/>\n<meta property=\"article:publisher\" content=\"https:\/\/facebook.com\/HomeOfWoolOfficial\" \/>\n<meta property=\"article:modified_time\" content=\"2026-02-11T09:55:51+00:00\" \/>\n<meta property=\"og:image\" content=\"https:\/\/homeofwool.com\/wp-content\/uploads\/2025\/09\/home-of-wool-wool-halo-bassinest-mattress-1-main-1.jpg\" \/>\n\t<meta property=\"og:image:width\" content=\"1920\" \/>\n\t<meta property=\"og:image:height\" content=\"1536\" \/>\n\t<meta property=\"og:image:type\" content=\"image\/jpeg\" \/>\n<meta name=\"twitter:card\" content=\"summary_large_image\" \/>\n<meta name=\"twitter:label1\" content=\"Tiempo de lectura\" \/>\n\t<meta name=\"twitter:data1\" content=\"1 minuto\" \/>\n<script type=\"application\/ld+json\" class=\"yoast-schema-graph\">{\"@context\":\"https:\\\/\\\/schema.org\",\"@graph\":[{\"@type\":\"WebPage\",\"@id\":\"https:\\\/\\\/homeofwool.com\\\/shop\\\/halo-bassinet-mattress\\\/\",\"url\":\"https:\\\/\\\/homeofwool.com\\\/shop\\\/halo-bassinet-mattress\\\/\",\"name\":\"HALO Bassinet Mattress \u2013 Organic, Breathable & Custom | Home of Wool\",\"isPartOf\":{\"@id\":\"https:\\\/\\\/homeofwool.com\\\/#website\"},\"primaryImageOfPage\":{\"@id\":\"https:\\\/\\\/homeofwool.com\\\/shop\\\/halo-bassinet-mattress\\\/#primaryimage\"},\"image\":{\"@id\":\"https:\\\/\\\/homeofwool.com\\\/shop\\\/halo-bassinet-mattress\\\/#primaryimage\"},\"thumbnailUrl\":\"https:\\\/\\\/homeofwool.com\\\/wp-content\\\/uploads\\\/2025\\\/09\\\/home-of-wool-wool-halo-bassinest-mattress-1-main-1.jpg\",\"datePublished\":\"2025-09-02T12:02:06+00:00\",\"dateModified\":\"2026-02-11T09:55:51+00:00\",\"description\":\"Organic wool bassinet mattress pad, handmade, chemical-free, and flame-resistant. Breathable and hypoallergenic, it keeps newborns cozy and healthy in every season.\",\"breadcrumb\":{\"@id\":\"https:\\\/\\\/homeofwool.com\\\/shop\\\/halo-bassinet-mattress\\\/#breadcrumb\"},\"inLanguage\":\"es\",\"potentialAction\":[{\"@type\":\"ReadAction\",\"target\":[\"https:\\\/\\\/homeofwool.com\\\/shop\\\/halo-bassinet-mattress\\\/\"]}]},{\"@type\":\"ImageObject\",\"inLanguage\":\"es\",\"@id\":\"https:\\\/\\\/homeofwool.com\\\/shop\\\/halo-bassinet-mattress\\\/#primaryimage\",\"url\":\"https:\\\/\\\/homeofwool.com\\\/wp-content\\\/uploads\\\/2025\\\/09\\\/home-of-wool-wool-halo-bassinest-mattress-1-main-1.jpg\",\"contentUrl\":\"https:\\\/\\\/homeofwool.com\\\/wp-content\\\/uploads\\\/2025\\\/09\\\/home-of-wool-wool-halo-bassinest-mattress-1-main-1.jpg\",\"width\":1920,\"height\":1536,\"caption\":\"wool halo bassinet mattress\"},{\"@type\":\"BreadcrumbList\",\"@id\":\"https:\\\/\\\/homeofwool.com\\\/shop\\\/halo-bassinet-mattress\\\/#breadcrumb\",\"itemListElement\":[{\"@type\":\"ListItem\",\"position\":1,\"name\":\"Home\",\"item\":\"https:\\\/\\\/homeofwool.com\\\/\"},{\"@type\":\"ListItem\",\"position\":2,\"name\":\"Products\",\"item\":\"https:\\\/\\\/homeofwool.com\\\/header-search-2\\\/\"},{\"@type\":\"ListItem\",\"position\":3,\"name\":\"Wool HALO Bassinet Mattress\"}]},{\"@type\":\"WebSite\",\"@id\":\"https:\\\/\\\/homeofwool.com\\\/#website\",\"url\":\"https:\\\/\\\/homeofwool.com\\\/\",\"name\":\"Home of Wool\",\"description\":\"\",\"publisher\":{\"@id\":\"https:\\\/\\\/homeofwool.com\\\/#organization\"},\"potentialAction\":[{\"@type\":\"SearchAction\",\"target\":{\"@type\":\"EntryPoint\",\"urlTemplate\":\"https:\\\/\\\/homeofwool.com\\\/?s={search_term_string}\"},\"query-input\":{\"@type\":\"PropertyValueSpecification\",\"valueRequired\":true,\"valueName\":\"search_term_string\"}}],\"inLanguage\":\"es\"},{\"@type\":\"Organization\",\"@id\":\"https:\\\/\\\/homeofwool.com\\\/#organization\",\"name\":\"Home of Wool\",\"url\":\"https:\\\/\\\/homeofwool.com\\\/\",\"logo\":{\"@type\":\"ImageObject\",\"inLanguage\":\"es\",\"@id\":\"https:\\\/\\\/homeofwool.com\\\/#\\\/schema\\\/logo\\\/image\\\/\",\"url\":\"https:\\\/\\\/homeofwool.com\\\/wp-content\\\/uploads\\\/2025\\\/09\\\/WhatsApp-Image-2025-12-02-at-16.23.20.jpeg\",\"contentUrl\":\"https:\\\/\\\/homeofwool.com\\\/wp-content\\\/uploads\\\/2025\\\/09\\\/WhatsApp-Image-2025-12-02-at-16.23.20.jpeg\",\"width\":700,\"height\":247,\"caption\":\"Home of Wool\"},\"image\":{\"@id\":\"https:\\\/\\\/homeofwool.com\\\/#\\\/schema\\\/logo\\\/image\\\/\"},\"sameAs\":[\"https:\\\/\\\/facebook.com\\\/HomeOfWoolOfficial\"]}]}<\/script>\n<!-- \/ Yoast SEO Premium plugin. -->","yoast_head_json":{"title":"Colch\u00f3n para mois\u00e9s HALO: org\u00e1nico, transpirable y personalizado | Home of Wool","description":"Colch\u00f3n de lana org\u00e1nica para mois\u00e9s, hecho a mano, sin productos qu\u00edmicos y resistente al fuego. Transpirable e hipoalerg\u00e9nico, mantiene a los reci\u00e9n nacidos c\u00f3modos y saludables en cualquier \u00e9poca del a\u00f1o.","robots":{"index":"index","follow":"follow","max-snippet":"max-snippet:-1","max-image-preview":"max-image-preview:large","max-video-preview":"max-video-preview:-1"},"canonical":"https:\/\/homeofwool.com\/es\/tienda\/colchon-para-moises-halo\/","og_locale":"es_ES","og_type":"article","og_title":"Wool HALO Bassinet Mattress","og_description":"Organic wool bassinet mattress pad, handmade, chemical-free, and flame-resistant. Breathable and hypoallergenic, it keeps newborns cozy and healthy in every season.","og_url":"https:\/\/homeofwool.com\/es\/tienda\/colchon-para-moises-halo\/","og_site_name":"Home of Wool","article_publisher":"https:\/\/facebook.com\/HomeOfWoolOfficial","article_modified_time":"2026-02-11T09:55:51+00:00","og_image":[{"width":1920,"height":1536,"url":"https:\/\/homeofwool.com\/wp-content\/uploads\/2025\/09\/home-of-wool-wool-halo-bassinest-mattress-1-main-1.jpg","type":"image\/jpeg"}],"twitter_card":"summary_large_image","twitter_misc":{"Tiempo de lectura":"1 minuto"},"schema":{"@context":"https:\/\/schema.org","@graph":[{"@type":"WebPage","@id":"https:\/\/homeofwool.com\/shop\/halo-bassinet-mattress\/","url":"https:\/\/homeofwool.com\/shop\/halo-bassinet-mattress\/","name":"Colch\u00f3n para mois\u00e9s HALO: org\u00e1nico, transpirable y personalizado | Home of Wool","isPartOf":{"@id":"https:\/\/homeofwool.com\/#website"},"primaryImageOfPage":{"@id":"https:\/\/homeofwool.com\/shop\/halo-bassinet-mattress\/#primaryimage"},"image":{"@id":"https:\/\/homeofwool.com\/shop\/halo-bassinet-mattress\/#primaryimage"},"thumbnailUrl":"https:\/\/homeofwool.com\/wp-content\/uploads\/2025\/09\/home-of-wool-wool-halo-bassinest-mattress-1-main-1.jpg","datePublished":"2025-09-02T12:02:06+00:00","dateModified":"2026-02-11T09:55:51+00:00","description":"Colch\u00f3n de lana org\u00e1nica para mois\u00e9s, hecho a mano, sin productos qu\u00edmicos y resistente al fuego. Transpirable e hipoalerg\u00e9nico, mantiene a los reci\u00e9n nacidos c\u00f3modos y saludables en cualquier \u00e9poca del a\u00f1o.","breadcrumb":{"@id":"https:\/\/homeofwool.com\/shop\/halo-bassinet-mattress\/#breadcrumb"},"inLanguage":"es","potentialAction":[{"@type":"ReadAction","target":["https:\/\/homeofwool.com\/shop\/halo-bassinet-mattress\/"]}]},{"@type":"ImageObject","inLanguage":"es","@id":"https:\/\/homeofwool.com\/shop\/halo-bassinet-mattress\/#primaryimage","url":"https:\/\/homeofwool.com\/wp-content\/uploads\/2025\/09\/home-of-wool-wool-halo-bassinest-mattress-1-main-1.jpg","contentUrl":"https:\/\/homeofwool.com\/wp-content\/uploads\/2025\/09\/home-of-wool-wool-halo-bassinest-mattress-1-main-1.jpg","width":1920,"height":1536,"caption":"wool halo bassinet mattress"},{"@type":"BreadcrumbList","@id":"https:\/\/homeofwool.com\/shop\/halo-bassinet-mattress\/#breadcrumb","itemListElement":[{"@type":"ListItem","position":1,"name":"Home","item":"https:\/\/homeofwool.com\/"},{"@type":"ListItem","position":2,"name":"Products","item":"https:\/\/homeofwool.com\/header-search-2\/"},{"@type":"ListItem","position":3,"name":"Wool HALO Bassinet Mattress"}]},{"@type":"WebSite","@id":"https:\/\/homeofwool.com\/#website","url":"https:\/\/homeofwool.com\/","name":"Hogar de la lana","description":"","publisher":{"@id":"https:\/\/homeofwool.com\/#organization"},"potentialAction":[{"@type":"SearchAction","target":{"@type":"EntryPoint","urlTemplate":"https:\/\/homeofwool.com\/?s={search_term_string}"},"query-input":{"@type":"PropertyValueSpecification","valueRequired":true,"valueName":"search_term_string"}}],"inLanguage":"es"},{"@type":"Organization","@id":"https:\/\/homeofwool.com\/#organization","name":"Hogar de la lana","url":"https:\/\/homeofwool.com\/","logo":{"@type":"ImageObject","inLanguage":"es","@id":"https:\/\/homeofwool.com\/#\/schema\/logo\/image\/","url":"https:\/\/homeofwool.com\/wp-content\/uploads\/2025\/09\/WhatsApp-Image-2025-12-02-at-16.23.20.jpeg","contentUrl":"https:\/\/homeofwool.com\/wp-content\/uploads\/2025\/09\/WhatsApp-Image-2025-12-02-at-16.23.20.jpeg","width":700,"height":247,"caption":"Home of Wool"},"image":{"@id":"https:\/\/homeofwool.com\/#\/schema\/logo\/image\/"},"sameAs":["https:\/\/facebook.com\/HomeOfWoolOfficial"]}]}},"_links":{"self":[{"href":"https:\/\/homeofwool.com\/es\/wp-json\/wp\/v2\/product\/217680","targetHints":{"allow":["GET"]}}],"collection":[{"href":"https:\/\/homeofwool.com\/es\/wp-json\/wp\/v2\/product"}],"about":[{"href":"https:\/\/homeofwool.com\/es\/wp-json\/wp\/v2\/types\/product"}],"version-history":[{"count":2,"href":"https:\/\/homeofwool.com\/es\/wp-json\/wp\/v2\/product\/217680\/revisions"}],"predecessor-version":[{"id":226060,"href":"https:\/\/homeofwool.com\/es\/wp-json\/wp\/v2\/product\/217680\/revisions\/226060"}],"wp:featuredmedia":[{"embeddable":true,"href":"https:\/\/homeofwool.com\/es\/wp-json\/wp\/v2\/media\/226050"}],"wp:attachment":[{"href":"https:\/\/homeofwool.com\/es\/wp-json\/wp\/v2\/media?parent=217680"}],"wp:term":[{"taxonomy":"product_brand","embeddable":true,"href":"https:\/\/homeofwool.com\/es\/wp-json\/wp\/v2\/product_brand?post=217680"},{"taxonomy":"product_cat","embeddable":true,"href":"https:\/\/homeofwool.com\/es\/wp-json\/wp\/v2\/product_cat?post=217680"},{"taxonomy":"product_tag","embeddable":true,"href":"https:\/\/homeofwool.com\/es\/wp-json\/wp\/v2\/product_tag?post=217680"}],"curies":[{"name":"wp","href":"https:\/\/api.w.org\/{rel}","templated":true}]}}