{"id":217678,"date":"2025-09-02T12:02:06","date_gmt":"2025-09-02T12:02:06","guid":{"rendered":"https:\/\/homeofwool.com\/?post_type=product&#038;p=217678"},"modified":"2026-04-14T13:42:38","modified_gmt":"2026-04-14T13:42:38","slug":"almohada-de-lactancia-2","status":"publish","type":"product","link":"https:\/\/homeofwool.com\/es\/shop\/nursing-pillow\/","title":{"rendered":"Almohada de lactancia de lana"},"content":{"rendered":"<p>Alimentar a un reci\u00e9n nacido requiere m\u00e1s tiempo y paciencia de lo que podr\u00edas imaginar. No es de extra\u00f1ar que la comodidad sea uno de los elementos imprescindibles para que las horas de lactancia sean m\u00e1s f\u00e1ciles y agradables. Nuestra almohada de lactancia artesanal en forma de U est\u00e1 dise\u00f1ada para aliviar la tensi\u00f3n en los brazos, los hombros y la espalda. De esta manera, podr\u00e1s concentrarte en lo que m\u00e1s importa.<\/p>\n<p>Con forma de U suave, la almohada se adapta perfectamente a tu cuerpo y ayuda a tu beb\u00e9 a mantenerse en una posici\u00f3n natural para mamar, proporcionando el apoyo necesario para la lactancia materna. El relleno de lana proporciona una elevaci\u00f3n constante, lo que ayuda a colocar al beb\u00e9 en una posici\u00f3n que facilita el agarre. La lana te mantiene c\u00f3moda y seca. Adem\u00e1s, nunca da demasiado calor.<\/p>\n<p>A\u00f1ade una funda o funda de almohada extra\u00edble para facilitar su cuidado. Tambi\u00e9n puedes incluir un bordado personalizado, lo que convierte la almohada en un regalo muy especial y un bonito recuerdo.<\/p>\n<p>Verdaderamente vers\u00e1til, esta almohada de lactancia puede seguir sirviendo como un c\u00f3modo apoyo para que tu beb\u00e9 pase tiempo boca abajo y practique sentarse con ayuda. Completamente libre de materiales sint\u00e9ticos, crea un entorno seguro y libre de productos qu\u00edmicos para tu peque\u00f1o.<\/p>\n<p>TAMA\u00d1O: 60 cm (23,6\u2033) x 48 cm (18,9\u2033)<\/p>","protected":false},"excerpt":{"rendered":"<p>Alimentar a un beb\u00e9 requiere tiempo y paciencia, y la comodidad es fundamental durante los tres primeros meses. Ayuda a que esos momentos sean m\u00e1s f\u00e1ciles y agradables para ambos. Fabricado con relleno de lana pura y tejidos org\u00e1nicos, el coj\u00edn de lactancia Home of Wool ofrece un espacio naturalmente seguro e hipoalerg\u00e9nico para la cercan\u00eda, la comodidad y el v\u00ednculo afectivo.<\/p>\n<div class=\"global-icon-set\">\n<div class=\"global-icon-set__items\">\n<div class=\"global-icon-set__item\">\n<div class=\"global-icon-set__image\">\n                                    <img decoding=\"async\" src=\"https:\/\/homeofwool.com\/wp-content\/uploads\/2025\/09\/handmade-icon-300x300.png\" alt=\"icono hecho a mano\" \/>\n                                <\/div>\n<div class=\"global-icon-set__title\">Hecho a mano<\/div>\n<\/p><\/div>\n<div class=\"global-icon-set__item\">\n<div class=\"global-icon-set__image\">\n                                    <img decoding=\"async\" src=\"https:\/\/homeofwool.com\/wp-content\/uploads\/2025\/09\/VOCs-min-300x300.png\" alt=\"vocs free\" \/>\n                                <\/div>\n<div class=\"global-icon-set__title\">Sin COV<\/div>\n<\/p><\/div>\n<div class=\"global-icon-set__item\">\n<div class=\"global-icon-set__image\">\n                                    <img decoding=\"async\" src=\"https:\/\/homeofwool.com\/wp-content\/uploads\/2025\/09\/FR-min-300x300.png\" alt=\"icono de resistencia al fuego\" \/>\n                                <\/div>\n<div class=\"global-icon-set__title\">Resistente al fuego<\/div>\n<\/p><\/div>\n<div class=\"global-icon-set__item\">\n<div class=\"global-icon-set__image\">\n                                    <img decoding=\"async\" src=\"https:\/\/homeofwool.com\/wp-content\/uploads\/2025\/09\/Hypoallergenic-min-300x300.png\" alt=\"icono hipoalerg\u00e9nico\" \/>\n                                <\/div>\n<div class=\"global-icon-set__title\">Hipoalerg\u00e9nico<\/div>\n<\/p><\/div>\n<div class=\"global-icon-set__item\">\n<div class=\"global-icon-set__image\">\n                                    <img decoding=\"async\" src=\"https:\/\/homeofwool.com\/wp-content\/uploads\/2025\/09\/free-of-synthetics-icon-300x300.png\" alt=\"icono sin sint\u00e9ticos\" \/>\n                                <\/div>\n<div class=\"global-icon-set__title\">Sin sint\u00e9ticos<\/div>\n<\/p><\/div>\n<div class=\"global-icon-set__item\">\n<div class=\"global-icon-set__image\">\n                                    <img decoding=\"async\" src=\"https:\/\/homeofwool.com\/wp-content\/uploads\/2025\/09\/chemical-free-icon-300x300.png\" alt=\"icono sin productos qu\u00edmicos\" \/>\n                                <\/div>\n<div class=\"global-icon-set__title\">Sin productos qu\u00edmicos<\/div>\n<\/p><\/div>\n<div class=\"global-icon-set__item\">\n<div class=\"global-icon-set__image\">\n                                    <img decoding=\"async\" src=\"https:\/\/homeofwool.com\/wp-content\/uploads\/2025\/09\/anti-bacterial-icon-300x300.png\" alt=\"icono antibacteriano\" \/>\n                                <\/div>\n<div class=\"global-icon-set__title\">Antimicrobiano y antibacteriano<\/div>\n<\/p><\/div>\n<div class=\"global-icon-set__item\">\n<div class=\"global-icon-set__image\">\n                                    <img decoding=\"async\" src=\"https:\/\/homeofwool.com\/wp-content\/uploads\/2025\/09\/certified-materials-icon-300x300.png\" alt=\"icono de materiales certificados\" \/>\n                                <\/div>\n<div class=\"global-icon-set__title\">100% Materiales puros certificados<\/div>\n<\/p><\/div>\n<\/p><\/div>\n<\/p><\/div>","protected":false},"featured_media":219747,"template":"","meta":{"_acf_changed":false},"product_brand":[],"product_cat":[1366,267],"product_tag":[123,708,709,710,711,704,712,713,714,468,715,716,717,149],"class_list":{"0":"post-217678","1":"product","2":"type-product","3":"status-publish","4":"has-post-thumbnail","6":"product_cat-womens-day","7":"product_cat-nursery","8":"product_tag-baby-shower-gift","9":"product_tag-boppy-pillow","10":"product_tag-boppy-zippered-cover","11":"product_tag-breast-feeding","12":"product_tag-breastfeeding-pillow","13":"product_tag-eco-baby-bedding","14":"product_tag-feeding-pillow","15":"product_tag-new-mom-gift","16":"product_tag-newborn-lounger","17":"product_tag-non-toxic-nursery","18":"product_tag-nursing-pillow","19":"product_tag-organic-nursing","20":"product_tag-sheep-wool-filling","21":"product_tag-steps","23":"first","24":"instock","25":"shipping-taxable","26":"purchasable","27":"product-type-simple"},"acf":[],"yoast_head":"<!-- This site is optimized with the Yoast SEO Premium plugin v27.5 (Yoast SEO v27.5) - https:\/\/yoast.com\/product\/yoast-seo-premium-wordpress\/ -->\n<title>Wool Nursing Pillow \u2013 Safe Breastfeeding Support | Home of Wool<\/title>\n<meta name=\"description\" content=\"Breathable and ergonomic, the Wool Nursing Pillow provides toxin-free comfort. Hypoallergenic and supportive, it ensures safe and sustainable breastfeeding support every day.\" \/>\n<meta name=\"robots\" content=\"index, follow, max-snippet:-1, max-image-preview:large, max-video-preview:-1\" \/>\n<link rel=\"canonical\" href=\"https:\/\/homeofwool.com\/es\/tienda\/almohada-de-lactancia-2\/\" \/>\n<meta property=\"og:locale\" content=\"es_ES\" \/>\n<meta property=\"og:type\" content=\"article\" \/>\n<meta property=\"og:title\" content=\"Wool Nursing Pillow\" \/>\n<meta property=\"og:description\" content=\"Breathable and ergonomic, the Wool Nursing Pillow provides toxin-free comfort. Hypoallergenic and supportive, it ensures safe and sustainable breastfeeding support every day.\" \/>\n<meta property=\"og:url\" content=\"https:\/\/homeofwool.com\/es\/tienda\/almohada-de-lactancia-2\/\" \/>\n<meta property=\"og:site_name\" content=\"Home of Wool\" \/>\n<meta property=\"article:publisher\" content=\"https:\/\/facebook.com\/HomeOfWoolOfficial\" \/>\n<meta property=\"article:modified_time\" content=\"2026-04-14T13:42:38+00:00\" \/>\n<meta property=\"og:image\" content=\"https:\/\/homeofwool.com\/wp-content\/uploads\/2025\/09\/home-of-wool-wool-nursing-pillow-1-main.jpg\" \/>\n\t<meta property=\"og:image:width\" content=\"1707\" \/>\n\t<meta property=\"og:image:height\" content=\"1560\" \/>\n\t<meta property=\"og:image:type\" content=\"image\/jpeg\" \/>\n<meta name=\"twitter:card\" content=\"summary_large_image\" \/>\n<meta name=\"twitter:label1\" content=\"Tiempo de lectura\" \/>\n\t<meta name=\"twitter:data1\" content=\"1 minuto\" \/>\n<script type=\"application\/ld+json\" class=\"yoast-schema-graph\">{\"@context\":\"https:\\\/\\\/schema.org\",\"@graph\":[{\"@type\":\"WebPage\",\"@id\":\"https:\\\/\\\/homeofwool.com\\\/shop\\\/nursing-pillow\\\/\",\"url\":\"https:\\\/\\\/homeofwool.com\\\/shop\\\/nursing-pillow\\\/\",\"name\":\"Wool Nursing Pillow \u2013 Safe Breastfeeding Support | Home of Wool\",\"isPartOf\":{\"@id\":\"https:\\\/\\\/homeofwool.com\\\/#website\"},\"primaryImageOfPage\":{\"@id\":\"https:\\\/\\\/homeofwool.com\\\/shop\\\/nursing-pillow\\\/#primaryimage\"},\"image\":{\"@id\":\"https:\\\/\\\/homeofwool.com\\\/shop\\\/nursing-pillow\\\/#primaryimage\"},\"thumbnailUrl\":\"https:\\\/\\\/homeofwool.com\\\/wp-content\\\/uploads\\\/2025\\\/09\\\/home-of-wool-wool-nursing-pillow-1-main.jpg\",\"datePublished\":\"2025-09-02T12:02:06+00:00\",\"dateModified\":\"2026-04-14T13:42:38+00:00\",\"description\":\"Breathable and ergonomic, the Wool Nursing Pillow provides toxin-free comfort. Hypoallergenic and supportive, it ensures safe and sustainable breastfeeding support every day.\",\"breadcrumb\":{\"@id\":\"https:\\\/\\\/homeofwool.com\\\/shop\\\/nursing-pillow\\\/#breadcrumb\"},\"inLanguage\":\"es\",\"potentialAction\":[{\"@type\":\"ReadAction\",\"target\":[\"https:\\\/\\\/homeofwool.com\\\/shop\\\/nursing-pillow\\\/\"]}]},{\"@type\":\"ImageObject\",\"inLanguage\":\"es\",\"@id\":\"https:\\\/\\\/homeofwool.com\\\/shop\\\/nursing-pillow\\\/#primaryimage\",\"url\":\"https:\\\/\\\/homeofwool.com\\\/wp-content\\\/uploads\\\/2025\\\/09\\\/home-of-wool-wool-nursing-pillow-1-main.jpg\",\"contentUrl\":\"https:\\\/\\\/homeofwool.com\\\/wp-content\\\/uploads\\\/2025\\\/09\\\/home-of-wool-wool-nursing-pillow-1-main.jpg\",\"width\":1707,\"height\":1560,\"caption\":\"home of wool nursing pillow being used by mother and baby\"},{\"@type\":\"BreadcrumbList\",\"@id\":\"https:\\\/\\\/homeofwool.com\\\/shop\\\/nursing-pillow\\\/#breadcrumb\",\"itemListElement\":[{\"@type\":\"ListItem\",\"position\":1,\"name\":\"Home\",\"item\":\"https:\\\/\\\/homeofwool.com\\\/\"},{\"@type\":\"ListItem\",\"position\":2,\"name\":\"Products\",\"item\":\"https:\\\/\\\/homeofwool.com\\\/header-search-2\\\/\"},{\"@type\":\"ListItem\",\"position\":3,\"name\":\"Wool Nursing Pillow\"}]},{\"@type\":\"WebSite\",\"@id\":\"https:\\\/\\\/homeofwool.com\\\/#website\",\"url\":\"https:\\\/\\\/homeofwool.com\\\/\",\"name\":\"Home of Wool\",\"description\":\"\",\"publisher\":{\"@id\":\"https:\\\/\\\/homeofwool.com\\\/#organization\"},\"potentialAction\":[{\"@type\":\"SearchAction\",\"target\":{\"@type\":\"EntryPoint\",\"urlTemplate\":\"https:\\\/\\\/homeofwool.com\\\/?s={search_term_string}\"},\"query-input\":{\"@type\":\"PropertyValueSpecification\",\"valueRequired\":true,\"valueName\":\"search_term_string\"}}],\"inLanguage\":\"es\"},{\"@type\":\"Organization\",\"@id\":\"https:\\\/\\\/homeofwool.com\\\/#organization\",\"name\":\"Home of Wool\",\"url\":\"https:\\\/\\\/homeofwool.com\\\/\",\"logo\":{\"@type\":\"ImageObject\",\"inLanguage\":\"es\",\"@id\":\"https:\\\/\\\/homeofwool.com\\\/#\\\/schema\\\/logo\\\/image\\\/\",\"url\":\"https:\\\/\\\/homeofwool.com\\\/wp-content\\\/uploads\\\/2025\\\/09\\\/WhatsApp-Image-2025-12-02-at-16.23.20.jpeg\",\"contentUrl\":\"https:\\\/\\\/homeofwool.com\\\/wp-content\\\/uploads\\\/2025\\\/09\\\/WhatsApp-Image-2025-12-02-at-16.23.20.jpeg\",\"width\":700,\"height\":247,\"caption\":\"Home of Wool\"},\"image\":{\"@id\":\"https:\\\/\\\/homeofwool.com\\\/#\\\/schema\\\/logo\\\/image\\\/\"},\"sameAs\":[\"https:\\\/\\\/facebook.com\\\/HomeOfWoolOfficial\"]}]}<\/script>\n<!-- \/ Yoast SEO Premium plugin. -->","yoast_head_json":{"title":"Almohada de lactancia de lana: apoyo seguro para la lactancia materna | Home of Wool","description":"Transpirable y ergon\u00f3mica, la almohada de lactancia de lana proporciona comodidad sin toxinas. Hipoalerg\u00e9nica y con buen soporte, garantiza una lactancia materna segura y sostenible todos los d\u00edas.","robots":{"index":"index","follow":"follow","max-snippet":"max-snippet:-1","max-image-preview":"max-image-preview:large","max-video-preview":"max-video-preview:-1"},"canonical":"https:\/\/homeofwool.com\/es\/tienda\/almohada-de-lactancia-2\/","og_locale":"es_ES","og_type":"article","og_title":"Wool Nursing Pillow","og_description":"Breathable and ergonomic, the Wool Nursing Pillow provides toxin-free comfort. Hypoallergenic and supportive, it ensures safe and sustainable breastfeeding support every day.","og_url":"https:\/\/homeofwool.com\/es\/tienda\/almohada-de-lactancia-2\/","og_site_name":"Home of Wool","article_publisher":"https:\/\/facebook.com\/HomeOfWoolOfficial","article_modified_time":"2026-04-14T13:42:38+00:00","og_image":[{"width":1707,"height":1560,"url":"https:\/\/homeofwool.com\/wp-content\/uploads\/2025\/09\/home-of-wool-wool-nursing-pillow-1-main.jpg","type":"image\/jpeg"}],"twitter_card":"summary_large_image","twitter_misc":{"Tiempo de lectura":"1 minuto"},"schema":{"@context":"https:\/\/schema.org","@graph":[{"@type":"WebPage","@id":"https:\/\/homeofwool.com\/shop\/nursing-pillow\/","url":"https:\/\/homeofwool.com\/shop\/nursing-pillow\/","name":"Almohada de lactancia de lana: apoyo seguro para la lactancia materna | Home of Wool","isPartOf":{"@id":"https:\/\/homeofwool.com\/#website"},"primaryImageOfPage":{"@id":"https:\/\/homeofwool.com\/shop\/nursing-pillow\/#primaryimage"},"image":{"@id":"https:\/\/homeofwool.com\/shop\/nursing-pillow\/#primaryimage"},"thumbnailUrl":"https:\/\/homeofwool.com\/wp-content\/uploads\/2025\/09\/home-of-wool-wool-nursing-pillow-1-main.jpg","datePublished":"2025-09-02T12:02:06+00:00","dateModified":"2026-04-14T13:42:38+00:00","description":"Transpirable y ergon\u00f3mica, la almohada de lactancia de lana proporciona comodidad sin toxinas. Hipoalerg\u00e9nica y con buen soporte, garantiza una lactancia materna segura y sostenible todos los d\u00edas.","breadcrumb":{"@id":"https:\/\/homeofwool.com\/shop\/nursing-pillow\/#breadcrumb"},"inLanguage":"es","potentialAction":[{"@type":"ReadAction","target":["https:\/\/homeofwool.com\/shop\/nursing-pillow\/"]}]},{"@type":"ImageObject","inLanguage":"es","@id":"https:\/\/homeofwool.com\/shop\/nursing-pillow\/#primaryimage","url":"https:\/\/homeofwool.com\/wp-content\/uploads\/2025\/09\/home-of-wool-wool-nursing-pillow-1-main.jpg","contentUrl":"https:\/\/homeofwool.com\/wp-content\/uploads\/2025\/09\/home-of-wool-wool-nursing-pillow-1-main.jpg","width":1707,"height":1560,"caption":"home of wool nursing pillow being used by mother and baby"},{"@type":"BreadcrumbList","@id":"https:\/\/homeofwool.com\/shop\/nursing-pillow\/#breadcrumb","itemListElement":[{"@type":"ListItem","position":1,"name":"Home","item":"https:\/\/homeofwool.com\/"},{"@type":"ListItem","position":2,"name":"Products","item":"https:\/\/homeofwool.com\/header-search-2\/"},{"@type":"ListItem","position":3,"name":"Wool Nursing Pillow"}]},{"@type":"WebSite","@id":"https:\/\/homeofwool.com\/#website","url":"https:\/\/homeofwool.com\/","name":"Hogar de la lana","description":"","publisher":{"@id":"https:\/\/homeofwool.com\/#organization"},"potentialAction":[{"@type":"SearchAction","target":{"@type":"EntryPoint","urlTemplate":"https:\/\/homeofwool.com\/?s={search_term_string}"},"query-input":{"@type":"PropertyValueSpecification","valueRequired":true,"valueName":"search_term_string"}}],"inLanguage":"es"},{"@type":"Organization","@id":"https:\/\/homeofwool.com\/#organization","name":"Hogar de la lana","url":"https:\/\/homeofwool.com\/","logo":{"@type":"ImageObject","inLanguage":"es","@id":"https:\/\/homeofwool.com\/#\/schema\/logo\/image\/","url":"https:\/\/homeofwool.com\/wp-content\/uploads\/2025\/09\/WhatsApp-Image-2025-12-02-at-16.23.20.jpeg","contentUrl":"https:\/\/homeofwool.com\/wp-content\/uploads\/2025\/09\/WhatsApp-Image-2025-12-02-at-16.23.20.jpeg","width":700,"height":247,"caption":"Home of Wool"},"image":{"@id":"https:\/\/homeofwool.com\/#\/schema\/logo\/image\/"},"sameAs":["https:\/\/facebook.com\/HomeOfWoolOfficial"]}]}},"_links":{"self":[{"href":"https:\/\/homeofwool.com\/es\/wp-json\/wp\/v2\/product\/217678","targetHints":{"allow":["GET"]}}],"collection":[{"href":"https:\/\/homeofwool.com\/es\/wp-json\/wp\/v2\/product"}],"about":[{"href":"https:\/\/homeofwool.com\/es\/wp-json\/wp\/v2\/types\/product"}],"version-history":[{"count":2,"href":"https:\/\/homeofwool.com\/es\/wp-json\/wp\/v2\/product\/217678\/revisions"}],"predecessor-version":[{"id":226062,"href":"https:\/\/homeofwool.com\/es\/wp-json\/wp\/v2\/product\/217678\/revisions\/226062"}],"wp:featuredmedia":[{"embeddable":true,"href":"https:\/\/homeofwool.com\/es\/wp-json\/wp\/v2\/media\/219747"}],"wp:attachment":[{"href":"https:\/\/homeofwool.com\/es\/wp-json\/wp\/v2\/media?parent=217678"}],"wp:term":[{"taxonomy":"product_brand","embeddable":true,"href":"https:\/\/homeofwool.com\/es\/wp-json\/wp\/v2\/product_brand?post=217678"},{"taxonomy":"product_cat","embeddable":true,"href":"https:\/\/homeofwool.com\/es\/wp-json\/wp\/v2\/product_cat?post=217678"},{"taxonomy":"product_tag","embeddable":true,"href":"https:\/\/homeofwool.com\/es\/wp-json\/wp\/v2\/product_tag?post=217678"}],"curies":[{"name":"wp","href":"https:\/\/api.w.org\/{rel}","templated":true}]}}