{"id":217671,"date":"2025-09-02T12:02:05","date_gmt":"2025-09-02T12:02:05","guid":{"rendered":"https:\/\/homeofwool.com\/?post_type=product&#038;p=217671"},"modified":"2026-04-03T12:01:00","modified_gmt":"2026-04-03T12:01:00","slug":"colchon-stokke","status":"publish","type":"product","link":"https:\/\/homeofwool.com\/es\/shop\/stokke-mattress\/","title":{"rendered":"Colch\u00f3n ovalado para cuna \u2013 Para Stokke Sleepi"},"content":{"rendered":"<p>Para que tu beb\u00e9 est\u00e9 c\u00f3modo durante toda la noche, no debe pasar calor, ni sudar por la humedad, ni tener las manitas o los piececitos fr\u00edos. Eso es precisamente lo que mejor hace la lana. Este colch\u00f3n de lana para cuna est\u00e1 dise\u00f1ado para adaptarse a la forma ovalada de la cuna Stokke Sleepi y est\u00e1 fabricado exclusivamente con relleno de lana pura, fijado con un acolchado de lino natural. No contiene productos qu\u00edmicos. Sin retardantes de llama y sin COV. Solo materiales limpios y seguros en los que puedes confiar. Relleno de lana y tejidos org\u00e1nicos de primera calidad.<\/p>\n<p>La capacidad natural de la lana para regular la temperatura hace que tu beb\u00e9 se mantenga c\u00f3modamente abrigado cuando hace fr\u00edo y no pase calor cuando la habitaci\u00f3n est\u00e1 m\u00e1s c\u00e1lida. Tambi\u00e9n controla la humedad para que la superficie donde duerme est\u00e9 seca y fresca. Como es hipoalerg\u00e9nica, resistente a los \u00e1caros del polvo y antibacteriana, es especialmente tranquilizadora para las familias que sufren alergias o sensibilidad cut\u00e1nea.<\/p>\n<p>El colch\u00f3n tiene capiton\u00e9s poco profundos para mantener la superficie lisa y segura. Viene con cremalleras en los laterales para que puedas ajustar el relleno si es necesario. Cuando tu beb\u00e9 crezca y ya no quepa en la cuna, el colch\u00f3n se puede reutilizar como coj\u00edn de suelo en la habitaci\u00f3n de tus hijos. Para completar la configuraci\u00f3n de la cuna, puedes a\u00f1adir una funda extra\u00edble opcional, un protector de lana o s\u00e1banas ajustables con tu colch\u00f3n.<\/p>","protected":false},"excerpt":{"rendered":"<p>Este colch\u00f3n ovalado de lana para cuna est\u00e1 dise\u00f1ado para adaptarse a tu Stokke Sleepi y proporcionar a tu beb\u00e9 un lugar limpio y seguro donde descansar. Sin productos qu\u00edmicos ni sint\u00e9ticos, es suave para la piel sensible y regula la temperatura de forma natural, lo que ayuda a tu peque\u00f1o a mantenerse c\u00f3modo durante todo el a\u00f1o. Este colch\u00f3n ayuda a tu beb\u00e9 a descansar pl\u00e1cidamente, sin sobrecalentamiento, sudores nocturnos h\u00famedos o manitas y piececitos fr\u00edos.<\/p>\n<div class=\"global-icon-set\">\n<div class=\"global-icon-set__items\">\n<div class=\"global-icon-set__item\">\n<div class=\"global-icon-set__image\">\n                                    <img decoding=\"async\" src=\"https:\/\/homeofwool.com\/wp-content\/uploads\/2025\/09\/handmade-icon-300x300.png\" alt=\"icono hecho a mano\" \/>\n                                <\/div>\n<div class=\"global-icon-set__title\">Hecho a mano<\/div>\n<\/p><\/div>\n<div class=\"global-icon-set__item\">\n<div class=\"global-icon-set__image\">\n                                    <img decoding=\"async\" src=\"https:\/\/homeofwool.com\/wp-content\/uploads\/2025\/09\/Exceptionally-Supportive-min-300x300.png\" alt=\"icono excepcionalmente solidario\" \/>\n                                <\/div>\n<div class=\"global-icon-set__title\">Excepcionalmente solidario<\/div>\n<\/p><\/div>\n<div class=\"global-icon-set__item\">\n<div class=\"global-icon-set__image\">\n                                    <img decoding=\"async\" src=\"https:\/\/homeofwool.com\/wp-content\/uploads\/2025\/09\/wicks-moisture-away-300x300.png\" alt=\"evacua la humedad\" \/>\n                                <\/div>\n<div class=\"global-icon-set__title\">Evacua la humedad<\/div>\n<\/p><\/div>\n<div class=\"global-icon-set__item\">\n<div class=\"global-icon-set__image\">\n                                    <img decoding=\"async\" src=\"https:\/\/homeofwool.com\/wp-content\/uploads\/2025\/09\/VOCs-min-300x300.png\" alt=\"vocs free\" \/>\n                                <\/div>\n<div class=\"global-icon-set__title\">Sin COV<\/div>\n<\/p><\/div>\n<div class=\"global-icon-set__item\">\n<div class=\"global-icon-set__image\">\n                                    <img decoding=\"async\" src=\"https:\/\/homeofwool.com\/wp-content\/uploads\/2025\/09\/FR-min-300x300.png\" alt=\"icono de resistencia al fuego\" \/>\n                                <\/div>\n<div class=\"global-icon-set__title\">Resistente al fuego<\/div>\n<\/p><\/div>\n<div class=\"global-icon-set__item\">\n<div class=\"global-icon-set__image\">\n                                    <img decoding=\"async\" src=\"https:\/\/homeofwool.com\/wp-content\/uploads\/2025\/09\/Hypoallergenic-min-300x300.png\" alt=\"icono hipoalerg\u00e9nico\" \/>\n                                <\/div>\n<div class=\"global-icon-set__title\">Hipoalerg\u00e9nico<\/div>\n<\/p><\/div>\n<div class=\"global-icon-set__item\">\n<div class=\"global-icon-set__image\">\n                                    <img decoding=\"async\" src=\"https:\/\/homeofwool.com\/wp-content\/uploads\/2025\/09\/free-of-synthetics-icon-300x300.png\" alt=\"icono sin sint\u00e9ticos\" \/>\n                                <\/div>\n<div class=\"global-icon-set__title\">Sin sint\u00e9ticos<\/div>\n<\/p><\/div>\n<div class=\"global-icon-set__item\">\n<div class=\"global-icon-set__image\">\n                                    <img decoding=\"async\" src=\"https:\/\/homeofwool.com\/wp-content\/uploads\/2025\/09\/chemical-free-icon-300x300.png\" alt=\"icono sin productos qu\u00edmicos\" \/>\n                                <\/div>\n<div class=\"global-icon-set__title\">Sin productos qu\u00edmicos<\/div>\n<\/p><\/div>\n<div class=\"global-icon-set__item\">\n<div class=\"global-icon-set__image\">\n                                    <img decoding=\"async\" src=\"https:\/\/homeofwool.com\/wp-content\/uploads\/2025\/09\/anti-bacterial-icon-300x300.png\" alt=\"icono antibacteriano\" \/>\n                                <\/div>\n<div class=\"global-icon-set__title\">Antimicrobiano y antibacteriano<\/div>\n<\/p><\/div>\n<div class=\"global-icon-set__item\">\n<div class=\"global-icon-set__image\">\n                                    <img decoding=\"async\" src=\"https:\/\/homeofwool.com\/wp-content\/uploads\/2025\/09\/certified-materials-icon-300x300.png\" alt=\"icono de materiales certificados\" \/>\n                                <\/div>\n<div class=\"global-icon-set__title\">100% Materiales puros certificados<\/div>\n<\/p><\/div>\n<\/p><\/div>\n<\/p><\/div>","protected":false},"featured_media":218606,"template":"","meta":{"_acf_changed":false},"product_brand":[],"product_cat":[459],"product_tag":[461,467,468,195,470,149,471,472,473,474,475],"class_list":{"0":"post-217671","1":"product","2":"type-product","3":"status-publish","4":"has-post-thumbnail","6":"product_cat-mattresses-toppers","7":"product_tag-baby-mattress","8":"product_tag-newborn-baby-pad","9":"product_tag-non-toxic-nursery","10":"product_tag-organic-mattress","11":"product_tag-oval-toddler-futon","12":"product_tag-steps","13":"product_tag-stokke-crib-mattress","14":"product_tag-stokke-sleepi-bed","15":"product_tag-stokke-sleepi-junior","16":"product_tag-stokke-sleepi-mattress","17":"product_tag-stokke-sleepi-mini","19":"first","20":"instock","21":"shipping-taxable","22":"purchasable","23":"product-type-simple"},"acf":[],"yoast_head":"<!-- This site is optimized with the Yoast SEO Premium plugin v27.3 (Yoast SEO v27.3) - https:\/\/yoast.com\/product\/yoast-seo-premium-wordpress\/ -->\n<title>Oval Crib Mattress \u2013 For Stokke Sleepi | Home of Wool<\/title>\n<meta name=\"description\" content=\"Breathable and hypoallergenic, the Oval Crib Mattress for Stokke Sleepi provides toxin-free comfort with organic wool filling, offering natural support for safe, restful baby sleep.\" \/>\n<meta name=\"robots\" content=\"index, follow, max-snippet:-1, max-image-preview:large, max-video-preview:-1\" \/>\n<link rel=\"canonical\" href=\"https:\/\/homeofwool.com\/es\/tienda\/colchon-stokke\/\" \/>\n<meta property=\"og:locale\" content=\"es_ES\" \/>\n<meta property=\"og:type\" content=\"article\" \/>\n<meta property=\"og:title\" content=\"Oval Crib Mattress \u2013 For Stokke Sleepi\" \/>\n<meta property=\"og:description\" content=\"Breathable and hypoallergenic, the Oval Crib Mattress for Stokke Sleepi provides toxin-free comfort with organic wool filling, offering natural support for safe, restful baby sleep.\" \/>\n<meta property=\"og:url\" content=\"https:\/\/homeofwool.com\/es\/tienda\/colchon-stokke\/\" \/>\n<meta property=\"og:site_name\" content=\"Home of Wool\" \/>\n<meta property=\"article:publisher\" content=\"https:\/\/facebook.com\/HomeOfWoolOfficial\" \/>\n<meta property=\"article:modified_time\" content=\"2026-04-03T12:01:00+00:00\" \/>\n<meta property=\"og:image\" content=\"https:\/\/homeofwool.com\/wp-content\/uploads\/2025\/09\/home-of-wool-stokke-mattress-1-main.jpg\" \/>\n\t<meta property=\"og:image:width\" content=\"2000\" \/>\n\t<meta property=\"og:image:height\" content=\"1600\" \/>\n\t<meta property=\"og:image:type\" content=\"image\/jpeg\" \/>\n<meta name=\"twitter:card\" content=\"summary_large_image\" \/>\n<meta name=\"twitter:label1\" content=\"Tiempo de lectura\" \/>\n\t<meta name=\"twitter:data1\" content=\"2 minutos\" \/>\n<script type=\"application\/ld+json\" class=\"yoast-schema-graph\">{\"@context\":\"https:\\\/\\\/schema.org\",\"@graph\":[{\"@type\":\"WebPage\",\"@id\":\"https:\\\/\\\/homeofwool.com\\\/shop\\\/stokke-mattress\\\/\",\"url\":\"https:\\\/\\\/homeofwool.com\\\/shop\\\/stokke-mattress\\\/\",\"name\":\"Oval Crib Mattress \u2013 For Stokke Sleepi | Home of Wool\",\"isPartOf\":{\"@id\":\"https:\\\/\\\/homeofwool.com\\\/#website\"},\"primaryImageOfPage\":{\"@id\":\"https:\\\/\\\/homeofwool.com\\\/shop\\\/stokke-mattress\\\/#primaryimage\"},\"image\":{\"@id\":\"https:\\\/\\\/homeofwool.com\\\/shop\\\/stokke-mattress\\\/#primaryimage\"},\"thumbnailUrl\":\"https:\\\/\\\/homeofwool.com\\\/wp-content\\\/uploads\\\/2025\\\/09\\\/home-of-wool-stokke-mattress-1-main.jpg\",\"datePublished\":\"2025-09-02T12:02:05+00:00\",\"dateModified\":\"2026-04-03T12:01:00+00:00\",\"description\":\"Breathable and hypoallergenic, the Oval Crib Mattress for Stokke Sleepi provides toxin-free comfort with organic wool filling, offering natural support for safe, restful baby sleep.\",\"breadcrumb\":{\"@id\":\"https:\\\/\\\/homeofwool.com\\\/shop\\\/stokke-mattress\\\/#breadcrumb\"},\"inLanguage\":\"es\",\"potentialAction\":[{\"@type\":\"ReadAction\",\"target\":[\"https:\\\/\\\/homeofwool.com\\\/shop\\\/stokke-mattress\\\/\"]}]},{\"@type\":\"ImageObject\",\"inLanguage\":\"es\",\"@id\":\"https:\\\/\\\/homeofwool.com\\\/shop\\\/stokke-mattress\\\/#primaryimage\",\"url\":\"https:\\\/\\\/homeofwool.com\\\/wp-content\\\/uploads\\\/2025\\\/09\\\/home-of-wool-stokke-mattress-1-main.jpg\",\"contentUrl\":\"https:\\\/\\\/homeofwool.com\\\/wp-content\\\/uploads\\\/2025\\\/09\\\/home-of-wool-stokke-mattress-1-main.jpg\",\"width\":2000,\"height\":1600,\"caption\":\"home of wool mattress for stokke sleepi crib\"},{\"@type\":\"BreadcrumbList\",\"@id\":\"https:\\\/\\\/homeofwool.com\\\/shop\\\/stokke-mattress\\\/#breadcrumb\",\"itemListElement\":[{\"@type\":\"ListItem\",\"position\":1,\"name\":\"Home\",\"item\":\"https:\\\/\\\/homeofwool.com\\\/\"},{\"@type\":\"ListItem\",\"position\":2,\"name\":\"Products\",\"item\":\"https:\\\/\\\/homeofwool.com\\\/header-search-2\\\/\"},{\"@type\":\"ListItem\",\"position\":3,\"name\":\"Oval Crib Mattress \u2013 For Stokke Sleepi\"}]},{\"@type\":\"WebSite\",\"@id\":\"https:\\\/\\\/homeofwool.com\\\/#website\",\"url\":\"https:\\\/\\\/homeofwool.com\\\/\",\"name\":\"Home of Wool\",\"description\":\"\",\"publisher\":{\"@id\":\"https:\\\/\\\/homeofwool.com\\\/#organization\"},\"potentialAction\":[{\"@type\":\"SearchAction\",\"target\":{\"@type\":\"EntryPoint\",\"urlTemplate\":\"https:\\\/\\\/homeofwool.com\\\/?s={search_term_string}\"},\"query-input\":{\"@type\":\"PropertyValueSpecification\",\"valueRequired\":true,\"valueName\":\"search_term_string\"}}],\"inLanguage\":\"es\"},{\"@type\":\"Organization\",\"@id\":\"https:\\\/\\\/homeofwool.com\\\/#organization\",\"name\":\"Home of Wool\",\"url\":\"https:\\\/\\\/homeofwool.com\\\/\",\"logo\":{\"@type\":\"ImageObject\",\"inLanguage\":\"es\",\"@id\":\"https:\\\/\\\/homeofwool.com\\\/#\\\/schema\\\/logo\\\/image\\\/\",\"url\":\"https:\\\/\\\/homeofwool.com\\\/wp-content\\\/uploads\\\/2025\\\/09\\\/WhatsApp-Image-2025-12-02-at-16.23.20.jpeg\",\"contentUrl\":\"https:\\\/\\\/homeofwool.com\\\/wp-content\\\/uploads\\\/2025\\\/09\\\/WhatsApp-Image-2025-12-02-at-16.23.20.jpeg\",\"width\":700,\"height\":247,\"caption\":\"Home of Wool\"},\"image\":{\"@id\":\"https:\\\/\\\/homeofwool.com\\\/#\\\/schema\\\/logo\\\/image\\\/\"},\"sameAs\":[\"https:\\\/\\\/facebook.com\\\/HomeOfWoolOfficial\"]}]}<\/script>\n<!-- \/ Yoast SEO Premium plugin. -->","yoast_head_json":{"title":"Colch\u00f3n ovalado para cuna \u2013 Para Stokke Sleepi | Home of Wool","description":"Transpirable e hipoalerg\u00e9nico, el colch\u00f3n ovalado para cuna Stokke Sleepi proporciona comodidad sin toxinas gracias a su relleno de lana org\u00e1nica, que ofrece un soporte natural para que el beb\u00e9 duerma de forma segura y tranquila.","robots":{"index":"index","follow":"follow","max-snippet":"max-snippet:-1","max-image-preview":"max-image-preview:large","max-video-preview":"max-video-preview:-1"},"canonical":"https:\/\/homeofwool.com\/es\/tienda\/colchon-stokke\/","og_locale":"es_ES","og_type":"article","og_title":"Oval Crib Mattress \u2013 For Stokke Sleepi","og_description":"Breathable and hypoallergenic, the Oval Crib Mattress for Stokke Sleepi provides toxin-free comfort with organic wool filling, offering natural support for safe, restful baby sleep.","og_url":"https:\/\/homeofwool.com\/es\/tienda\/colchon-stokke\/","og_site_name":"Home of Wool","article_publisher":"https:\/\/facebook.com\/HomeOfWoolOfficial","article_modified_time":"2026-04-03T12:01:00+00:00","og_image":[{"width":2000,"height":1600,"url":"https:\/\/homeofwool.com\/wp-content\/uploads\/2025\/09\/home-of-wool-stokke-mattress-1-main.jpg","type":"image\/jpeg"}],"twitter_card":"summary_large_image","twitter_misc":{"Tiempo de lectura":"2 minutos"},"schema":{"@context":"https:\/\/schema.org","@graph":[{"@type":"WebPage","@id":"https:\/\/homeofwool.com\/shop\/stokke-mattress\/","url":"https:\/\/homeofwool.com\/shop\/stokke-mattress\/","name":"Colch\u00f3n ovalado para cuna \u2013 Para Stokke Sleepi | Home of Wool","isPartOf":{"@id":"https:\/\/homeofwool.com\/#website"},"primaryImageOfPage":{"@id":"https:\/\/homeofwool.com\/shop\/stokke-mattress\/#primaryimage"},"image":{"@id":"https:\/\/homeofwool.com\/shop\/stokke-mattress\/#primaryimage"},"thumbnailUrl":"https:\/\/homeofwool.com\/wp-content\/uploads\/2025\/09\/home-of-wool-stokke-mattress-1-main.jpg","datePublished":"2025-09-02T12:02:05+00:00","dateModified":"2026-04-03T12:01:00+00:00","description":"Transpirable e hipoalerg\u00e9nico, el colch\u00f3n ovalado para cuna Stokke Sleepi proporciona comodidad sin toxinas gracias a su relleno de lana org\u00e1nica, que ofrece un soporte natural para que el beb\u00e9 duerma de forma segura y tranquila.","breadcrumb":{"@id":"https:\/\/homeofwool.com\/shop\/stokke-mattress\/#breadcrumb"},"inLanguage":"es","potentialAction":[{"@type":"ReadAction","target":["https:\/\/homeofwool.com\/shop\/stokke-mattress\/"]}]},{"@type":"ImageObject","inLanguage":"es","@id":"https:\/\/homeofwool.com\/shop\/stokke-mattress\/#primaryimage","url":"https:\/\/homeofwool.com\/wp-content\/uploads\/2025\/09\/home-of-wool-stokke-mattress-1-main.jpg","contentUrl":"https:\/\/homeofwool.com\/wp-content\/uploads\/2025\/09\/home-of-wool-stokke-mattress-1-main.jpg","width":2000,"height":1600,"caption":"home of wool mattress for stokke sleepi crib"},{"@type":"BreadcrumbList","@id":"https:\/\/homeofwool.com\/shop\/stokke-mattress\/#breadcrumb","itemListElement":[{"@type":"ListItem","position":1,"name":"Home","item":"https:\/\/homeofwool.com\/"},{"@type":"ListItem","position":2,"name":"Products","item":"https:\/\/homeofwool.com\/header-search-2\/"},{"@type":"ListItem","position":3,"name":"Oval Crib Mattress \u2013 For Stokke Sleepi"}]},{"@type":"WebSite","@id":"https:\/\/homeofwool.com\/#website","url":"https:\/\/homeofwool.com\/","name":"Hogar de la lana","description":"","publisher":{"@id":"https:\/\/homeofwool.com\/#organization"},"potentialAction":[{"@type":"SearchAction","target":{"@type":"EntryPoint","urlTemplate":"https:\/\/homeofwool.com\/?s={search_term_string}"},"query-input":{"@type":"PropertyValueSpecification","valueRequired":true,"valueName":"search_term_string"}}],"inLanguage":"es"},{"@type":"Organization","@id":"https:\/\/homeofwool.com\/#organization","name":"Hogar de la lana","url":"https:\/\/homeofwool.com\/","logo":{"@type":"ImageObject","inLanguage":"es","@id":"https:\/\/homeofwool.com\/#\/schema\/logo\/image\/","url":"https:\/\/homeofwool.com\/wp-content\/uploads\/2025\/09\/WhatsApp-Image-2025-12-02-at-16.23.20.jpeg","contentUrl":"https:\/\/homeofwool.com\/wp-content\/uploads\/2025\/09\/WhatsApp-Image-2025-12-02-at-16.23.20.jpeg","width":700,"height":247,"caption":"Home of Wool"},"image":{"@id":"https:\/\/homeofwool.com\/#\/schema\/logo\/image\/"},"sameAs":["https:\/\/facebook.com\/HomeOfWoolOfficial"]}]}},"_links":{"self":[{"href":"https:\/\/homeofwool.com\/es\/wp-json\/wp\/v2\/product\/217671","targetHints":{"allow":["GET"]}}],"collection":[{"href":"https:\/\/homeofwool.com\/es\/wp-json\/wp\/v2\/product"}],"about":[{"href":"https:\/\/homeofwool.com\/es\/wp-json\/wp\/v2\/types\/product"}],"version-history":[{"count":2,"href":"https:\/\/homeofwool.com\/es\/wp-json\/wp\/v2\/product\/217671\/revisions"}],"predecessor-version":[{"id":226295,"href":"https:\/\/homeofwool.com\/es\/wp-json\/wp\/v2\/product\/217671\/revisions\/226295"}],"wp:featuredmedia":[{"embeddable":true,"href":"https:\/\/homeofwool.com\/es\/wp-json\/wp\/v2\/media\/218606"}],"wp:attachment":[{"href":"https:\/\/homeofwool.com\/es\/wp-json\/wp\/v2\/media?parent=217671"}],"wp:term":[{"taxonomy":"product_brand","embeddable":true,"href":"https:\/\/homeofwool.com\/es\/wp-json\/wp\/v2\/product_brand?post=217671"},{"taxonomy":"product_cat","embeddable":true,"href":"https:\/\/homeofwool.com\/es\/wp-json\/wp\/v2\/product_cat?post=217671"},{"taxonomy":"product_tag","embeddable":true,"href":"https:\/\/homeofwool.com\/es\/wp-json\/wp\/v2\/product_tag?post=217671"}],"curies":[{"name":"wp","href":"https:\/\/api.w.org\/{rel}","templated":true}]}}