{"id":217665,"date":"2025-09-02T12:02:05","date_gmt":"2025-09-02T12:02:05","guid":{"rendered":"https:\/\/homeofwool.com\/?post_type=product&#038;p=217665"},"modified":"2026-04-01T10:09:42","modified_gmt":"2026-04-01T10:09:42","slug":"almohada-de-cuna-de-lana","status":"publish","type":"product","link":"https:\/\/homeofwool.com\/es\/shop\/wool-wedge-pillow\/","title":{"rendered":"Almohada de lana con cu\u00f1a"},"content":{"rendered":"<p>Nuestra almohada de cu\u00f1a de lana est\u00e1 dise\u00f1ada para proporcionar una postura saludable y una comodidad vers\u00e1til. Tanto si necesita elevar la parte superior del cuerpo como si necesita levantar ligeramente las piernas, esta almohada le ayudar\u00e1 a conseguirlo. El relleno de lana ofrece un soporte \u00f3ptimo y fresco para un sue\u00f1o reparador. Muchas personas la encuentran especialmente \u00fatil como almohada de apoyo para las piernas o almohada para aliviar las piernas inquietas, ya que reduce la fatiga y alivia la tensi\u00f3n despu\u00e9s de largos d\u00edas de pie o de viaje.<\/p>\n<p>Transpirable y con capacidad para regular la temperatura, esta almohada de lana pura te mantiene fresco cuando hace calor y c\u00e1lido cuando no lo hace. En otras palabras, la lana crea una superficie fresca y agradable para que disfrutes del sue\u00f1o. Sus propiedades reguladoras de la humedad te permiten disfrutar de un apoyo para las piernas cansadas sin pasar calor ni sentir humedad. Totalmente libre de productos qu\u00edmicos, esta almohada de apoyo hecha a mano est\u00e1 dise\u00f1ada para aquellos que valoran la sostenibilidad y la comodidad sencilla. Ya sea como almohada ortop\u00e9dica de lana o como almohada ergon\u00f3mica para las piernas, te proporciona una mejor alineaci\u00f3n y un alivio natural.<\/p>\n<p>Hay fundas de almohada y protectores opcionales disponibles para facilitar el cuidado.<\/p>","protected":false},"excerpt":{"rendered":"<p>La almohada cu\u00f1a de lana ofrece una elevaci\u00f3n suave y un apoyo vers\u00e1til, ya sea debajo de la cabeza y la espalda o debajo de las piernas. Hecha a mano con lana pura y tejidos org\u00e1nicos, es una opci\u00f3n de apoyo para las piernas no t\u00f3xica que alivia la presi\u00f3n y calma la inquietud. Aporta un poco de comodidad natural a tu sue\u00f1o.<\/p>","protected":false},"featured_media":219502,"template":"","meta":{"_acf_changed":false},"product_brand":[],"product_cat":[316,254],"product_tag":[664,444,445,665,666,447,448,450,149,452],"class_list":{"0":"post-217665","1":"product","2":"type-product","3":"status-publish","4":"has-post-thumbnail","6":"product_cat-mothers-day","7":"product_cat-pillows-pillowcases","8":"product_tag-acid-reflux-pillow","9":"product_tag-all-natural-pillow","10":"product_tag-bed-pillow","11":"product_tag-inclined-triangle-pillow","12":"product_tag-leg-wedge-pillow","13":"product_tag-organic-pillow","14":"product_tag-pillow-inserts","15":"product_tag-sleep-pillow","16":"product_tag-steps","17":"product_tag-wool-pillow","19":"first","20":"instock","21":"shipping-taxable","22":"purchasable","23":"product-type-simple"},"acf":[],"yoast_head":"<!-- This site is optimized with the Yoast SEO Premium plugin v27.3 (Yoast SEO v27.3) - https:\/\/yoast.com\/product\/yoast-seo-premium-wordpress\/ -->\n<title>Wedge Pillow \u2013 Natural Orthopedic Wool Pillow | Home of Wool<\/title>\n<meta name=\"description\" content=\"Orthopedic support comes naturally with the Wedge Pillow, filled with breathable wool for pressure relief. Hypoallergenic and toxin-free, it eases discomfort while supporting restful sleep.\" \/>\n<meta name=\"robots\" content=\"index, follow, max-snippet:-1, max-image-preview:large, max-video-preview:-1\" \/>\n<link rel=\"canonical\" href=\"https:\/\/homeofwool.com\/es\/tienda\/almohada-de-cuna-de-lana\/\" \/>\n<meta property=\"og:locale\" content=\"es_ES\" \/>\n<meta property=\"og:type\" content=\"article\" \/>\n<meta property=\"og:title\" content=\"Wool Wedge Pillow\" \/>\n<meta property=\"og:description\" content=\"Orthopedic support comes naturally with the Wedge Pillow, filled with breathable wool for pressure relief. Hypoallergenic and toxin-free, it eases discomfort while supporting restful sleep.\" \/>\n<meta property=\"og:url\" content=\"https:\/\/homeofwool.com\/es\/tienda\/almohada-de-cuna-de-lana\/\" \/>\n<meta property=\"og:site_name\" content=\"Home of Wool\" \/>\n<meta property=\"article:publisher\" content=\"https:\/\/facebook.com\/HomeOfWoolOfficial\" \/>\n<meta property=\"article:modified_time\" content=\"2026-04-01T10:09:42+00:00\" \/>\n<meta property=\"og:image\" content=\"https:\/\/homeofwool.com\/wp-content\/uploads\/2025\/09\/home-of-wool-wool-wedge-pillow-1-.jpg\" \/>\n\t<meta property=\"og:image:width\" content=\"2000\" \/>\n\t<meta property=\"og:image:height\" content=\"1600\" \/>\n\t<meta property=\"og:image:type\" content=\"image\/jpeg\" \/>\n<meta name=\"twitter:card\" content=\"summary_large_image\" \/>\n<meta name=\"twitter:label1\" content=\"Tiempo de lectura\" \/>\n\t<meta name=\"twitter:data1\" content=\"1 minuto\" \/>\n<script type=\"application\/ld+json\" class=\"yoast-schema-graph\">{\"@context\":\"https:\\\/\\\/schema.org\",\"@graph\":[{\"@type\":\"WebPage\",\"@id\":\"https:\\\/\\\/homeofwool.com\\\/shop\\\/wool-wedge-pillow\\\/\",\"url\":\"https:\\\/\\\/homeofwool.com\\\/shop\\\/wool-wedge-pillow\\\/\",\"name\":\"Wedge Pillow \u2013 Natural Orthopedic Wool Pillow | Home of Wool\",\"isPartOf\":{\"@id\":\"https:\\\/\\\/homeofwool.com\\\/#website\"},\"primaryImageOfPage\":{\"@id\":\"https:\\\/\\\/homeofwool.com\\\/shop\\\/wool-wedge-pillow\\\/#primaryimage\"},\"image\":{\"@id\":\"https:\\\/\\\/homeofwool.com\\\/shop\\\/wool-wedge-pillow\\\/#primaryimage\"},\"thumbnailUrl\":\"https:\\\/\\\/homeofwool.com\\\/wp-content\\\/uploads\\\/2025\\\/09\\\/home-of-wool-wool-wedge-pillow-1-.jpg\",\"datePublished\":\"2025-09-02T12:02:05+00:00\",\"dateModified\":\"2026-04-01T10:09:42+00:00\",\"description\":\"Orthopedic support comes naturally with the Wedge Pillow, filled with breathable wool for pressure relief. Hypoallergenic and toxin-free, it eases discomfort while supporting restful sleep.\",\"breadcrumb\":{\"@id\":\"https:\\\/\\\/homeofwool.com\\\/shop\\\/wool-wedge-pillow\\\/#breadcrumb\"},\"inLanguage\":\"es\",\"potentialAction\":[{\"@type\":\"ReadAction\",\"target\":[\"https:\\\/\\\/homeofwool.com\\\/shop\\\/wool-wedge-pillow\\\/\"]}]},{\"@type\":\"ImageObject\",\"inLanguage\":\"es\",\"@id\":\"https:\\\/\\\/homeofwool.com\\\/shop\\\/wool-wedge-pillow\\\/#primaryimage\",\"url\":\"https:\\\/\\\/homeofwool.com\\\/wp-content\\\/uploads\\\/2025\\\/09\\\/home-of-wool-wool-wedge-pillow-1-.jpg\",\"contentUrl\":\"https:\\\/\\\/homeofwool.com\\\/wp-content\\\/uploads\\\/2025\\\/09\\\/home-of-wool-wool-wedge-pillow-1-.jpg\",\"width\":2000,\"height\":1600,\"caption\":\"wool wedge pillow\"},{\"@type\":\"BreadcrumbList\",\"@id\":\"https:\\\/\\\/homeofwool.com\\\/shop\\\/wool-wedge-pillow\\\/#breadcrumb\",\"itemListElement\":[{\"@type\":\"ListItem\",\"position\":1,\"name\":\"Home\",\"item\":\"https:\\\/\\\/homeofwool.com\\\/\"},{\"@type\":\"ListItem\",\"position\":2,\"name\":\"Products\",\"item\":\"https:\\\/\\\/homeofwool.com\\\/header-search-2\\\/\"},{\"@type\":\"ListItem\",\"position\":3,\"name\":\"Wool Wedge Pillow\"}]},{\"@type\":\"WebSite\",\"@id\":\"https:\\\/\\\/homeofwool.com\\\/#website\",\"url\":\"https:\\\/\\\/homeofwool.com\\\/\",\"name\":\"Home of Wool\",\"description\":\"\",\"publisher\":{\"@id\":\"https:\\\/\\\/homeofwool.com\\\/#organization\"},\"potentialAction\":[{\"@type\":\"SearchAction\",\"target\":{\"@type\":\"EntryPoint\",\"urlTemplate\":\"https:\\\/\\\/homeofwool.com\\\/?s={search_term_string}\"},\"query-input\":{\"@type\":\"PropertyValueSpecification\",\"valueRequired\":true,\"valueName\":\"search_term_string\"}}],\"inLanguage\":\"es\"},{\"@type\":\"Organization\",\"@id\":\"https:\\\/\\\/homeofwool.com\\\/#organization\",\"name\":\"Home of Wool\",\"url\":\"https:\\\/\\\/homeofwool.com\\\/\",\"logo\":{\"@type\":\"ImageObject\",\"inLanguage\":\"es\",\"@id\":\"https:\\\/\\\/homeofwool.com\\\/#\\\/schema\\\/logo\\\/image\\\/\",\"url\":\"https:\\\/\\\/homeofwool.com\\\/wp-content\\\/uploads\\\/2025\\\/09\\\/WhatsApp-Image-2025-12-02-at-16.23.20.jpeg\",\"contentUrl\":\"https:\\\/\\\/homeofwool.com\\\/wp-content\\\/uploads\\\/2025\\\/09\\\/WhatsApp-Image-2025-12-02-at-16.23.20.jpeg\",\"width\":700,\"height\":247,\"caption\":\"Home of Wool\"},\"image\":{\"@id\":\"https:\\\/\\\/homeofwool.com\\\/#\\\/schema\\\/logo\\\/image\\\/\"},\"sameAs\":[\"https:\\\/\\\/facebook.com\\\/HomeOfWoolOfficial\"]}]}<\/script>\n<!-- \/ Yoast SEO Premium plugin. -->","yoast_head_json":{"title":"Almohada cu\u00f1a \u2013 Almohada ortop\u00e9dica de lana natural | Home of Wool","description":"El soporte ortop\u00e9dico viene de forma natural con la almohada Wedge Pillow, rellena de lana transpirable para aliviar la presi\u00f3n. Hipoalerg\u00e9nica y libre de toxinas, alivia las molestias y favorece un sue\u00f1o reparador.","robots":{"index":"index","follow":"follow","max-snippet":"max-snippet:-1","max-image-preview":"max-image-preview:large","max-video-preview":"max-video-preview:-1"},"canonical":"https:\/\/homeofwool.com\/es\/tienda\/almohada-de-cuna-de-lana\/","og_locale":"es_ES","og_type":"article","og_title":"Wool Wedge Pillow","og_description":"Orthopedic support comes naturally with the Wedge Pillow, filled with breathable wool for pressure relief. Hypoallergenic and toxin-free, it eases discomfort while supporting restful sleep.","og_url":"https:\/\/homeofwool.com\/es\/tienda\/almohada-de-cuna-de-lana\/","og_site_name":"Home of Wool","article_publisher":"https:\/\/facebook.com\/HomeOfWoolOfficial","article_modified_time":"2026-04-01T10:09:42+00:00","og_image":[{"width":2000,"height":1600,"url":"https:\/\/homeofwool.com\/wp-content\/uploads\/2025\/09\/home-of-wool-wool-wedge-pillow-1-.jpg","type":"image\/jpeg"}],"twitter_card":"summary_large_image","twitter_misc":{"Tiempo de lectura":"1 minuto"},"schema":{"@context":"https:\/\/schema.org","@graph":[{"@type":"WebPage","@id":"https:\/\/homeofwool.com\/shop\/wool-wedge-pillow\/","url":"https:\/\/homeofwool.com\/shop\/wool-wedge-pillow\/","name":"Almohada cu\u00f1a \u2013 Almohada ortop\u00e9dica de lana natural | Home of Wool","isPartOf":{"@id":"https:\/\/homeofwool.com\/#website"},"primaryImageOfPage":{"@id":"https:\/\/homeofwool.com\/shop\/wool-wedge-pillow\/#primaryimage"},"image":{"@id":"https:\/\/homeofwool.com\/shop\/wool-wedge-pillow\/#primaryimage"},"thumbnailUrl":"https:\/\/homeofwool.com\/wp-content\/uploads\/2025\/09\/home-of-wool-wool-wedge-pillow-1-.jpg","datePublished":"2025-09-02T12:02:05+00:00","dateModified":"2026-04-01T10:09:42+00:00","description":"El soporte ortop\u00e9dico viene de forma natural con la almohada Wedge Pillow, rellena de lana transpirable para aliviar la presi\u00f3n. Hipoalerg\u00e9nica y libre de toxinas, alivia las molestias y favorece un sue\u00f1o reparador.","breadcrumb":{"@id":"https:\/\/homeofwool.com\/shop\/wool-wedge-pillow\/#breadcrumb"},"inLanguage":"es","potentialAction":[{"@type":"ReadAction","target":["https:\/\/homeofwool.com\/shop\/wool-wedge-pillow\/"]}]},{"@type":"ImageObject","inLanguage":"es","@id":"https:\/\/homeofwool.com\/shop\/wool-wedge-pillow\/#primaryimage","url":"https:\/\/homeofwool.com\/wp-content\/uploads\/2025\/09\/home-of-wool-wool-wedge-pillow-1-.jpg","contentUrl":"https:\/\/homeofwool.com\/wp-content\/uploads\/2025\/09\/home-of-wool-wool-wedge-pillow-1-.jpg","width":2000,"height":1600,"caption":"wool wedge pillow"},{"@type":"BreadcrumbList","@id":"https:\/\/homeofwool.com\/shop\/wool-wedge-pillow\/#breadcrumb","itemListElement":[{"@type":"ListItem","position":1,"name":"Home","item":"https:\/\/homeofwool.com\/"},{"@type":"ListItem","position":2,"name":"Products","item":"https:\/\/homeofwool.com\/header-search-2\/"},{"@type":"ListItem","position":3,"name":"Wool Wedge Pillow"}]},{"@type":"WebSite","@id":"https:\/\/homeofwool.com\/#website","url":"https:\/\/homeofwool.com\/","name":"Hogar de la lana","description":"","publisher":{"@id":"https:\/\/homeofwool.com\/#organization"},"potentialAction":[{"@type":"SearchAction","target":{"@type":"EntryPoint","urlTemplate":"https:\/\/homeofwool.com\/?s={search_term_string}"},"query-input":{"@type":"PropertyValueSpecification","valueRequired":true,"valueName":"search_term_string"}}],"inLanguage":"es"},{"@type":"Organization","@id":"https:\/\/homeofwool.com\/#organization","name":"Hogar de la lana","url":"https:\/\/homeofwool.com\/","logo":{"@type":"ImageObject","inLanguage":"es","@id":"https:\/\/homeofwool.com\/#\/schema\/logo\/image\/","url":"https:\/\/homeofwool.com\/wp-content\/uploads\/2025\/09\/WhatsApp-Image-2025-12-02-at-16.23.20.jpeg","contentUrl":"https:\/\/homeofwool.com\/wp-content\/uploads\/2025\/09\/WhatsApp-Image-2025-12-02-at-16.23.20.jpeg","width":700,"height":247,"caption":"Home of Wool"},"image":{"@id":"https:\/\/homeofwool.com\/#\/schema\/logo\/image\/"},"sameAs":["https:\/\/facebook.com\/HomeOfWoolOfficial"]}]}},"_links":{"self":[{"href":"https:\/\/homeofwool.com\/es\/wp-json\/wp\/v2\/product\/217665","targetHints":{"allow":["GET"]}}],"collection":[{"href":"https:\/\/homeofwool.com\/es\/wp-json\/wp\/v2\/product"}],"about":[{"href":"https:\/\/homeofwool.com\/es\/wp-json\/wp\/v2\/types\/product"}],"version-history":[{"count":2,"href":"https:\/\/homeofwool.com\/es\/wp-json\/wp\/v2\/product\/217665\/revisions"}],"predecessor-version":[{"id":226097,"href":"https:\/\/homeofwool.com\/es\/wp-json\/wp\/v2\/product\/217665\/revisions\/226097"}],"wp:featuredmedia":[{"embeddable":true,"href":"https:\/\/homeofwool.com\/es\/wp-json\/wp\/v2\/media\/219502"}],"wp:attachment":[{"href":"https:\/\/homeofwool.com\/es\/wp-json\/wp\/v2\/media?parent=217665"}],"wp:term":[{"taxonomy":"product_brand","embeddable":true,"href":"https:\/\/homeofwool.com\/es\/wp-json\/wp\/v2\/product_brand?post=217665"},{"taxonomy":"product_cat","embeddable":true,"href":"https:\/\/homeofwool.com\/es\/wp-json\/wp\/v2\/product_cat?post=217665"},{"taxonomy":"product_tag","embeddable":true,"href":"https:\/\/homeofwool.com\/es\/wp-json\/wp\/v2\/product_tag?post=217665"}],"curies":[{"name":"wp","href":"https:\/\/api.w.org\/{rel}","templated":true}]}}