{"id":217660,"date":"2025-09-02T12:02:05","date_gmt":"2025-09-02T12:02:05","guid":{"rendered":"https:\/\/homeofwool.com\/?post_type=product&#038;p=217660"},"modified":"2026-02-11T09:55:53","modified_gmt":"2026-02-11T09:55:53","slug":"almohada-de-lana-con-lados-planos","status":"publish","type":"product","link":"https:\/\/homeofwool.com\/es\/shop\/wool-pillow-flat-sides\/","title":{"rendered":"Almohada de lana con lados planos"},"content":{"rendered":"<p>La almohada adecuada debe ayudar a tu cuerpo a liberar la tensi\u00f3n para que puedas despertarte sinti\u00e9ndote renovado. Esta almohada natural para dormir est\u00e1 rellena de lana org\u00e1nica pura que amortigua sin colapsar, proporcionando una comodidad constante tanto para quienes duermen de lado como para quienes duermen boca arriba. Los exclusivos lados planos le dan estructura a la almohada, ayud\u00e1ndola a mantenerse en su lugar durante toda la noche. Si duermes de lado, la almohada mantiene la cabeza y el cuello alineados. Si duermes boca arriba, te proporciona un apoyo constante sin que te hundas demasiado. Los bordes planos mantienen la altura constante para una comodidad duradera.<\/p>\n<p>La estructura de las fibras de lana equilibra el calor y la circulaci\u00f3n del aire, por lo que no pasar\u00e1s calor. Tambi\u00e9n controlan la humedad para mantener la almohada fresca y limpia noche tras noche. Sin productos qu\u00edmicos, COV ni emisiones gaseosas, es una almohada segura e hipoalerg\u00e9nica para personas con sensibilidad.<\/p>\n<p>La cremallera del relleno te permite ajustar el grosor a\u00f1adiendo o quitando relleno. Hay protectores y fundas de almohada opcionales disponibles. Esta almohada de lana org\u00e1nica es totalmente sostenible, biodegradable y est\u00e1 fabricada respetando tanto el bienestar como el planeta. Si necesitas ayuda para elegir la almohada adecuada para ti, <a class=\"ql-link\" href=\"https:\/\/homeofwool.com\/es\/guia-para-durmientes-sobre-como-elegir-la-almohada-adecuada\/\" target=\"_blank\" rel=\"noopener noreferrer\">Lea nuestra gu\u00eda.<\/a><\/p>","protected":false},"excerpt":{"rendered":"<p>Nuestra almohada de lana con lados planos est\u00e1 dise\u00f1ada para ofrecer estabilidad, equilibrio y transpirabilidad. Los bordes planos mantienen la almohada estable, lo que la hace ideal para dormir de lado o boca arriba, a la vez que mantiene tus noches frescas, secas y naturalmente c\u00f3modas.<\/p>\n<div class=\"global-icon-set\">\n<div class=\"global-icon-set__items\">\n<div class=\"global-icon-set__item\">\n<div class=\"global-icon-set__image\">\n                                    <img decoding=\"async\" src=\"https:\/\/homeofwool.com\/wp-content\/uploads\/2025\/09\/handmade-icon-300x300.png\" alt=\"icono hecho a mano\" \/>\n                                <\/div>\n<div class=\"global-icon-set__title\">Hecho a mano<\/div>\n<\/p><\/div>\n<div class=\"global-icon-set__item\">\n<div class=\"global-icon-set__image\">\n                                    <img decoding=\"async\" src=\"https:\/\/homeofwool.com\/wp-content\/uploads\/2025\/09\/Exceptionally-Supportive-min-300x300.png\" alt=\"icono excepcionalmente solidario\" \/>\n                                <\/div>\n<div class=\"global-icon-set__title\">Excepcionalmente solidario<\/div>\n<\/p><\/div>\n<div class=\"global-icon-set__item\">\n<div class=\"global-icon-set__image\">\n                                    <img decoding=\"async\" src=\"https:\/\/homeofwool.com\/wp-content\/uploads\/2025\/09\/wicks-moisture-away-300x300.png\" alt=\"evacua la humedad\" \/>\n                                <\/div>\n<div class=\"global-icon-set__title\">Evacua la humedad<\/div>\n<\/p><\/div>\n<div class=\"global-icon-set__item\">\n<div class=\"global-icon-set__image\">\n                                    <img decoding=\"async\" src=\"https:\/\/homeofwool.com\/wp-content\/uploads\/2025\/09\/VOCs-min-300x300.png\" alt=\"vocs free\" \/>\n                                <\/div>\n<div class=\"global-icon-set__title\">Sin COV<\/div>\n<\/p><\/div>\n<div class=\"global-icon-set__item\">\n<div class=\"global-icon-set__image\">\n                                    <img decoding=\"async\" src=\"https:\/\/homeofwool.com\/wp-content\/uploads\/2025\/09\/FR-min-300x300.png\" alt=\"icono de resistencia al fuego\" \/>\n                                <\/div>\n<div class=\"global-icon-set__title\">Resistente al fuego<\/div>\n<\/p><\/div>\n<div class=\"global-icon-set__item\">\n<div class=\"global-icon-set__image\">\n                                    <img decoding=\"async\" src=\"https:\/\/homeofwool.com\/wp-content\/uploads\/2025\/09\/Hypoallergenic-min-300x300.png\" alt=\"icono hipoalerg\u00e9nico\" \/>\n                                <\/div>\n<div class=\"global-icon-set__title\">Hipoalerg\u00e9nico<\/div>\n<\/p><\/div>\n<div class=\"global-icon-set__item\">\n<div class=\"global-icon-set__image\">\n                                    <img decoding=\"async\" src=\"https:\/\/homeofwool.com\/wp-content\/uploads\/2025\/09\/free-of-synthetics-icon-300x300.png\" alt=\"icono sin sint\u00e9ticos\" \/>\n                                <\/div>\n<div class=\"global-icon-set__title\">Sin sint\u00e9ticos<\/div>\n<\/p><\/div>\n<div class=\"global-icon-set__item\">\n<div class=\"global-icon-set__image\">\n                                    <img decoding=\"async\" src=\"https:\/\/homeofwool.com\/wp-content\/uploads\/2025\/09\/chemical-free-icon-300x300.png\" alt=\"icono sin productos qu\u00edmicos\" \/>\n                                <\/div>\n<div class=\"global-icon-set__title\">Sin productos qu\u00edmicos<\/div>\n<\/p><\/div>\n<div class=\"global-icon-set__item\">\n<div class=\"global-icon-set__image\">\n                                    <img decoding=\"async\" src=\"https:\/\/homeofwool.com\/wp-content\/uploads\/2025\/09\/anti-bacterial-icon-300x300.png\" alt=\"icono antibacteriano\" \/>\n                                <\/div>\n<div class=\"global-icon-set__title\">Antimicrobiano y antibacteriano<\/div>\n<\/p><\/div>\n<div class=\"global-icon-set__item\">\n<div class=\"global-icon-set__image\">\n                                    <img decoding=\"async\" src=\"https:\/\/homeofwool.com\/wp-content\/uploads\/2025\/09\/certified-materials-icon-300x300.png\" alt=\"icono de materiales certificados\" \/>\n                                <\/div>\n<div class=\"global-icon-set__title\">100% Materiales puros certificados<\/div>\n<\/p><\/div>\n<\/p><\/div>\n<\/p><\/div>","protected":false},"featured_media":219533,"template":"","meta":{"_acf_changed":false},"product_brand":[],"product_cat":[316,254],"product_tag":[444,646,592,447,647,149,452],"class_list":{"0":"post-217660","1":"product","2":"type-product","3":"status-publish","4":"has-post-thumbnail","6":"product_cat-mothers-day","7":"product_cat-pillows-pillowcases","8":"product_tag-all-natural-pillow","9":"product_tag-back-sleeper-pillow","10":"product_tag-best-ergonomic-pillow-for-side-sleepers","11":"product_tag-organic-pillow","12":"product_tag-pillow-with-flat-sides","13":"product_tag-steps","14":"product_tag-wool-pillow","16":"first","17":"instock","18":"shipping-taxable","19":"purchasable","20":"product-type-simple"},"acf":[],"yoast_head":"<!-- This site is optimized with the Yoast SEO Premium plugin v27.3 (Yoast SEO v27.3) - https:\/\/yoast.com\/product\/yoast-seo-premium-wordpress\/ -->\n<title>Wool Pillow with Flat Sides \u2013 Hypoallergenic &amp; Supportive Comfort | Home of Wool<\/title>\n<meta name=\"description\" content=\"The Wool Pillow with Flat Sides provides breathable support with organic wool filling. Hypoallergenic and toxin-free, it ensures safe, ergonomic comfort for restful, healthy alignment.\" \/>\n<meta name=\"robots\" content=\"index, follow, max-snippet:-1, max-image-preview:large, max-video-preview:-1\" \/>\n<link rel=\"canonical\" href=\"https:\/\/homeofwool.com\/es\/tienda\/almohada-de-lana-con-lados-planos\/\" \/>\n<meta property=\"og:locale\" content=\"es_ES\" \/>\n<meta property=\"og:type\" content=\"article\" \/>\n<meta property=\"og:title\" content=\"Wool Pillow with Flat Sides\" \/>\n<meta property=\"og:description\" content=\"The Wool Pillow with Flat Sides provides breathable support with organic wool filling. Hypoallergenic and toxin-free, it ensures safe, ergonomic comfort for restful, healthy alignment.\" \/>\n<meta property=\"og:url\" content=\"https:\/\/homeofwool.com\/es\/tienda\/almohada-de-lana-con-lados-planos\/\" \/>\n<meta property=\"og:site_name\" content=\"Home of Wool\" \/>\n<meta property=\"article:publisher\" content=\"https:\/\/facebook.com\/HomeOfWoolOfficial\" \/>\n<meta property=\"article:modified_time\" content=\"2026-02-11T09:55:53+00:00\" \/>\n<meta property=\"og:image\" content=\"https:\/\/homeofwool.com\/wp-content\/uploads\/2025\/09\/home-of-wool-wool-pillow-with-flat-sides-2-web.jpg\" \/>\n\t<meta property=\"og:image:width\" content=\"2000\" \/>\n\t<meta property=\"og:image:height\" content=\"1600\" \/>\n\t<meta property=\"og:image:type\" content=\"image\/jpeg\" \/>\n<meta name=\"twitter:card\" content=\"summary_large_image\" \/>\n<meta name=\"twitter:label1\" content=\"Tiempo de lectura\" \/>\n\t<meta name=\"twitter:data1\" content=\"2 minutos\" \/>\n<script type=\"application\/ld+json\" class=\"yoast-schema-graph\">{\"@context\":\"https:\\\/\\\/schema.org\",\"@graph\":[{\"@type\":\"WebPage\",\"@id\":\"https:\\\/\\\/homeofwool.com\\\/es\\\/tienda\\\/almohada-de-lana-con-lados-planos\\\/\",\"url\":\"https:\\\/\\\/homeofwool.com\\\/es\\\/tienda\\\/almohada-de-lana-con-lados-planos\\\/\",\"name\":\"Wool Pillow with Flat Sides \u2013 Hypoallergenic & Supportive Comfort | Home of Wool\",\"isPartOf\":{\"@id\":\"https:\\\/\\\/homeofwool.com\\\/#website\"},\"primaryImageOfPage\":{\"@id\":\"https:\\\/\\\/homeofwool.com\\\/es\\\/tienda\\\/almohada-de-lana-con-lados-planos\\\/#primaryimage\"},\"image\":{\"@id\":\"https:\\\/\\\/homeofwool.com\\\/es\\\/tienda\\\/almohada-de-lana-con-lados-planos\\\/#primaryimage\"},\"thumbnailUrl\":\"https:\\\/\\\/homeofwool.com\\\/wp-content\\\/uploads\\\/2025\\\/09\\\/home-of-wool-wool-pillow-with-flat-sides-2-web.jpg\",\"datePublished\":\"2025-09-02T12:02:05+00:00\",\"dateModified\":\"2026-02-11T09:55:53+00:00\",\"description\":\"The Wool Pillow with Flat Sides provides breathable support with organic wool filling. Hypoallergenic and toxin-free, it ensures safe, ergonomic comfort for restful, healthy alignment.\",\"breadcrumb\":{\"@id\":\"https:\\\/\\\/homeofwool.com\\\/es\\\/tienda\\\/almohada-de-lana-con-lados-planos\\\/#breadcrumb\"},\"inLanguage\":\"es\",\"potentialAction\":[{\"@type\":\"ReadAction\",\"target\":[\"https:\\\/\\\/homeofwool.com\\\/es\\\/tienda\\\/almohada-de-lana-con-lados-planos\\\/\"]}]},{\"@type\":\"ImageObject\",\"inLanguage\":\"es\",\"@id\":\"https:\\\/\\\/homeofwool.com\\\/es\\\/tienda\\\/almohada-de-lana-con-lados-planos\\\/#primaryimage\",\"url\":\"https:\\\/\\\/homeofwool.com\\\/wp-content\\\/uploads\\\/2025\\\/09\\\/home-of-wool-wool-pillow-with-flat-sides-2-web.jpg\",\"contentUrl\":\"https:\\\/\\\/homeofwool.com\\\/wp-content\\\/uploads\\\/2025\\\/09\\\/home-of-wool-wool-pillow-with-flat-sides-2-web.jpg\",\"width\":2000,\"height\":1600,\"caption\":\"wool pillow with flat sides\"},{\"@type\":\"BreadcrumbList\",\"@id\":\"https:\\\/\\\/homeofwool.com\\\/es\\\/tienda\\\/almohada-de-lana-con-lados-planos\\\/#breadcrumb\",\"itemListElement\":[{\"@type\":\"ListItem\",\"position\":1,\"name\":\"Home\",\"item\":\"https:\\\/\\\/homeofwool.com\\\/\"},{\"@type\":\"ListItem\",\"position\":2,\"name\":\"Products\",\"item\":\"https:\\\/\\\/homeofwool.com\\\/header-search-2\\\/\"},{\"@type\":\"ListItem\",\"position\":3,\"name\":\"Wool Pillow with Flat Sides\"}]},{\"@type\":\"WebSite\",\"@id\":\"https:\\\/\\\/homeofwool.com\\\/#website\",\"url\":\"https:\\\/\\\/homeofwool.com\\\/\",\"name\":\"Home of Wool\",\"description\":\"\",\"publisher\":{\"@id\":\"https:\\\/\\\/homeofwool.com\\\/#organization\"},\"potentialAction\":[{\"@type\":\"SearchAction\",\"target\":{\"@type\":\"EntryPoint\",\"urlTemplate\":\"https:\\\/\\\/homeofwool.com\\\/?s={search_term_string}\"},\"query-input\":{\"@type\":\"PropertyValueSpecification\",\"valueRequired\":true,\"valueName\":\"search_term_string\"}}],\"inLanguage\":\"es\"},{\"@type\":\"Organization\",\"@id\":\"https:\\\/\\\/homeofwool.com\\\/#organization\",\"name\":\"Home of Wool\",\"url\":\"https:\\\/\\\/homeofwool.com\\\/\",\"logo\":{\"@type\":\"ImageObject\",\"inLanguage\":\"es\",\"@id\":\"https:\\\/\\\/homeofwool.com\\\/#\\\/schema\\\/logo\\\/image\\\/\",\"url\":\"https:\\\/\\\/homeofwool.com\\\/wp-content\\\/uploads\\\/2025\\\/09\\\/WhatsApp-Image-2025-12-02-at-16.23.20.jpeg\",\"contentUrl\":\"https:\\\/\\\/homeofwool.com\\\/wp-content\\\/uploads\\\/2025\\\/09\\\/WhatsApp-Image-2025-12-02-at-16.23.20.jpeg\",\"width\":700,\"height\":247,\"caption\":\"Home of Wool\"},\"image\":{\"@id\":\"https:\\\/\\\/homeofwool.com\\\/#\\\/schema\\\/logo\\\/image\\\/\"},\"sameAs\":[\"https:\\\/\\\/facebook.com\\\/HomeOfWoolOfficial\"]}]}<\/script>\n<!-- \/ Yoast SEO Premium plugin. -->","yoast_head_json":{"title":"Almohada de lana con lados planos: hipoalerg\u00e9nica y c\u00f3moda, con buen soporte | Home of Wool","description":"La almohada de lana con lados planos proporciona un soporte transpirable con relleno de lana org\u00e1nica. Hipoalerg\u00e9nica y libre de toxinas, garantiza una comodidad segura y ergon\u00f3mica para una alineaci\u00f3n relajante y saludable.","robots":{"index":"index","follow":"follow","max-snippet":"max-snippet:-1","max-image-preview":"max-image-preview:large","max-video-preview":"max-video-preview:-1"},"canonical":"https:\/\/homeofwool.com\/es\/tienda\/almohada-de-lana-con-lados-planos\/","og_locale":"es_ES","og_type":"article","og_title":"Wool Pillow with Flat Sides","og_description":"The Wool Pillow with Flat Sides provides breathable support with organic wool filling. Hypoallergenic and toxin-free, it ensures safe, ergonomic comfort for restful, healthy alignment.","og_url":"https:\/\/homeofwool.com\/es\/tienda\/almohada-de-lana-con-lados-planos\/","og_site_name":"Home of Wool","article_publisher":"https:\/\/facebook.com\/HomeOfWoolOfficial","article_modified_time":"2026-02-11T09:55:53+00:00","og_image":[{"width":2000,"height":1600,"url":"https:\/\/homeofwool.com\/wp-content\/uploads\/2025\/09\/home-of-wool-wool-pillow-with-flat-sides-2-web.jpg","type":"image\/jpeg"}],"twitter_card":"summary_large_image","twitter_misc":{"Tiempo de lectura":"2 minutos"},"schema":{"@context":"https:\/\/schema.org","@graph":[{"@type":"WebPage","@id":"https:\/\/homeofwool.com\/es\/tienda\/almohada-de-lana-con-lados-planos\/","url":"https:\/\/homeofwool.com\/es\/tienda\/almohada-de-lana-con-lados-planos\/","name":"Almohada de lana con lados planos: hipoalerg\u00e9nica y c\u00f3moda, con buen soporte | Home of Wool","isPartOf":{"@id":"https:\/\/homeofwool.com\/#website"},"primaryImageOfPage":{"@id":"https:\/\/homeofwool.com\/es\/tienda\/almohada-de-lana-con-lados-planos\/#primaryimage"},"image":{"@id":"https:\/\/homeofwool.com\/es\/tienda\/almohada-de-lana-con-lados-planos\/#primaryimage"},"thumbnailUrl":"https:\/\/homeofwool.com\/wp-content\/uploads\/2025\/09\/home-of-wool-wool-pillow-with-flat-sides-2-web.jpg","datePublished":"2025-09-02T12:02:05+00:00","dateModified":"2026-02-11T09:55:53+00:00","description":"La almohada de lana con lados planos proporciona un soporte transpirable con relleno de lana org\u00e1nica. Hipoalerg\u00e9nica y libre de toxinas, garantiza una comodidad segura y ergon\u00f3mica para una alineaci\u00f3n relajante y saludable.","breadcrumb":{"@id":"https:\/\/homeofwool.com\/es\/tienda\/almohada-de-lana-con-lados-planos\/#breadcrumb"},"inLanguage":"es","potentialAction":[{"@type":"ReadAction","target":["https:\/\/homeofwool.com\/es\/tienda\/almohada-de-lana-con-lados-planos\/"]}]},{"@type":"ImageObject","inLanguage":"es","@id":"https:\/\/homeofwool.com\/es\/tienda\/almohada-de-lana-con-lados-planos\/#primaryimage","url":"https:\/\/homeofwool.com\/wp-content\/uploads\/2025\/09\/home-of-wool-wool-pillow-with-flat-sides-2-web.jpg","contentUrl":"https:\/\/homeofwool.com\/wp-content\/uploads\/2025\/09\/home-of-wool-wool-pillow-with-flat-sides-2-web.jpg","width":2000,"height":1600,"caption":"wool pillow with flat sides"},{"@type":"BreadcrumbList","@id":"https:\/\/homeofwool.com\/es\/tienda\/almohada-de-lana-con-lados-planos\/#breadcrumb","itemListElement":[{"@type":"ListItem","position":1,"name":"Home","item":"https:\/\/homeofwool.com\/"},{"@type":"ListItem","position":2,"name":"Products","item":"https:\/\/homeofwool.com\/header-search-2\/"},{"@type":"ListItem","position":3,"name":"Wool Pillow with Flat Sides"}]},{"@type":"WebSite","@id":"https:\/\/homeofwool.com\/#website","url":"https:\/\/homeofwool.com\/","name":"Hogar de la lana","description":"","publisher":{"@id":"https:\/\/homeofwool.com\/#organization"},"potentialAction":[{"@type":"SearchAction","target":{"@type":"EntryPoint","urlTemplate":"https:\/\/homeofwool.com\/?s={search_term_string}"},"query-input":{"@type":"PropertyValueSpecification","valueRequired":true,"valueName":"search_term_string"}}],"inLanguage":"es"},{"@type":"Organization","@id":"https:\/\/homeofwool.com\/#organization","name":"Hogar de la lana","url":"https:\/\/homeofwool.com\/","logo":{"@type":"ImageObject","inLanguage":"es","@id":"https:\/\/homeofwool.com\/#\/schema\/logo\/image\/","url":"https:\/\/homeofwool.com\/wp-content\/uploads\/2025\/09\/WhatsApp-Image-2025-12-02-at-16.23.20.jpeg","contentUrl":"https:\/\/homeofwool.com\/wp-content\/uploads\/2025\/09\/WhatsApp-Image-2025-12-02-at-16.23.20.jpeg","width":700,"height":247,"caption":"Home of Wool"},"image":{"@id":"https:\/\/homeofwool.com\/#\/schema\/logo\/image\/"},"sameAs":["https:\/\/facebook.com\/HomeOfWoolOfficial"]}]}},"_links":{"self":[{"href":"https:\/\/homeofwool.com\/es\/wp-json\/wp\/v2\/product\/217660","targetHints":{"allow":["GET"]}}],"collection":[{"href":"https:\/\/homeofwool.com\/es\/wp-json\/wp\/v2\/product"}],"about":[{"href":"https:\/\/homeofwool.com\/es\/wp-json\/wp\/v2\/types\/product"}],"version-history":[{"count":2,"href":"https:\/\/homeofwool.com\/es\/wp-json\/wp\/v2\/product\/217660\/revisions"}],"predecessor-version":[{"id":226094,"href":"https:\/\/homeofwool.com\/es\/wp-json\/wp\/v2\/product\/217660\/revisions\/226094"}],"wp:featuredmedia":[{"embeddable":true,"href":"https:\/\/homeofwool.com\/es\/wp-json\/wp\/v2\/media\/219533"}],"wp:attachment":[{"href":"https:\/\/homeofwool.com\/es\/wp-json\/wp\/v2\/media?parent=217660"}],"wp:term":[{"taxonomy":"product_brand","embeddable":true,"href":"https:\/\/homeofwool.com\/es\/wp-json\/wp\/v2\/product_brand?post=217660"},{"taxonomy":"product_cat","embeddable":true,"href":"https:\/\/homeofwool.com\/es\/wp-json\/wp\/v2\/product_cat?post=217660"},{"taxonomy":"product_tag","embeddable":true,"href":"https:\/\/homeofwool.com\/es\/wp-json\/wp\/v2\/product_tag?post=217660"}],"curies":[{"name":"wp","href":"https:\/\/api.w.org\/{rel}","templated":true}]}}