{"id":217657,"date":"2025-09-02T12:02:05","date_gmt":"2025-09-02T12:02:05","guid":{"rendered":"https:\/\/homeofwool.com\/?post_type=product&#038;p=217657"},"modified":"2026-03-31T07:22:15","modified_gmt":"2026-03-31T07:22:15","slug":"manta-pesada","status":"publish","type":"product","link":"https:\/\/homeofwool.com\/es\/shop\/heavy-blanket\/","title":{"rendered":"Manta gruesa de lana"},"content":{"rendered":"<p>Cuando tocas esta pesada manta de lana, parece real. Puedes sentir las peque\u00f1as ondas de las fibras bajo tu mano, vivas y enraizadas. Algunas personas notan c\u00f3mo la superficie les despierta un poco la piel... se siente saludable, casi como un suave cepillado. La lana limpia desprende un suave aroma cuando es nueva: natural, terroso y c\u00e1lido. Se desvanece despu\u00e9s de la primera semana, dejando tras de s\u00ed s\u00f3lo un tranquilo confort y una sensaci\u00f3n de calma.<\/p>\n<p>La manta de lana pesada descansa alrededor de tu cuerpo con un peso silencioso. Te mantiene caliente cuando hace fr\u00edo y deja pasar el aire cuando no. Sin revestimientos, sin tratamientos, sin nada t\u00f3xico a\u00f1adido.<\/p>\n<p>Es una de esas mantas para cama que se convierten en parte de tu espacio, o una manta de lana que te sigue del sof\u00e1 al porche. Parece sencilla, pero se siente viva en tus manos. Tal vez por eso la gente la conserva durante a\u00f1os... se siente bien debajo de ella.<\/p>\n<p>La manta est\u00e1 disponible en tres tama\u00f1os:<\/p>\n<p><strong>Peque\u00f1o:<\/strong> 43 x 63\u2033 (110 \u0445 160 cm), 1,3 kg (2,9 lb)<br \/>\n<strong>Medio:<\/strong> 150 x 220 cm (59 x 83\u2033), 2,6 kg (5,7 lb)<br \/>\n<strong>Grande:<\/strong> 200 x 220 cm (79 x 87\u2033), 3,3 kg (7,3 lb)<\/p>","protected":false},"excerpt":{"rendered":"<p>Esta manta de lana gruesa transmite calma y estabilidad. Se siente cruda y natural al tacto. El tipo de textura que s\u00f3lo se obtiene de la lana pura. No perfectamente lisa, sino natural. Un trozo de naturaleza que te ayuda a conciliar el sue\u00f1o m\u00e1s r\u00e1pido y a dormir m\u00e1s profundamente y sin interrupciones.<\/p>\n<p>&nbsp;<\/p>\n<div class=\"global-icon-set\">\n<div class=\"global-icon-set__items\">\n<div class=\"global-icon-set__item\">\n<div class=\"global-icon-set__image\">\n                                    <img decoding=\"async\" src=\"https:\/\/homeofwool.com\/wp-content\/uploads\/2025\/09\/wicks-moisture-away-300x300.png\" alt=\"evacua la humedad\" \/>\n                                <\/div>\n<div class=\"global-icon-set__title\">Evacua la humedad<\/div>\n<\/p><\/div>\n<div class=\"global-icon-set__item\">\n<div class=\"global-icon-set__image\">\n                                    <img decoding=\"async\" src=\"https:\/\/homeofwool.com\/wp-content\/uploads\/2025\/09\/VOCs-min-300x300.png\" alt=\"vocs free\" \/>\n                                <\/div>\n<div class=\"global-icon-set__title\">Sin COV<\/div>\n<\/p><\/div>\n<div class=\"global-icon-set__item\">\n<div class=\"global-icon-set__image\">\n                                    <img decoding=\"async\" src=\"https:\/\/homeofwool.com\/wp-content\/uploads\/2025\/09\/FR-min-300x300.png\" alt=\"icono de resistencia al fuego\" \/>\n                                <\/div>\n<div class=\"global-icon-set__title\">Resistente al fuego<\/div>\n<\/p><\/div>\n<div class=\"global-icon-set__item\">\n<div class=\"global-icon-set__image\">\n                                    <img decoding=\"async\" src=\"https:\/\/homeofwool.com\/wp-content\/uploads\/2025\/09\/Hypoallergenic-min-300x300.png\" alt=\"icono hipoalerg\u00e9nico\" \/>\n                                <\/div>\n<div class=\"global-icon-set__title\">Hipoalerg\u00e9nico<\/div>\n<\/p><\/div>\n<div class=\"global-icon-set__item\">\n<div class=\"global-icon-set__image\">\n                                    <img decoding=\"async\" src=\"https:\/\/homeofwool.com\/wp-content\/uploads\/2025\/09\/free-of-synthetics-icon-300x300.png\" alt=\"icono sin sint\u00e9ticos\" \/>\n                                <\/div>\n<div class=\"global-icon-set__title\">Sin sint\u00e9ticos<\/div>\n<\/p><\/div>\n<div class=\"global-icon-set__item\">\n<div class=\"global-icon-set__image\">\n                                    <img decoding=\"async\" src=\"https:\/\/homeofwool.com\/wp-content\/uploads\/2025\/09\/chemical-free-icon-300x300.png\" alt=\"icono sin productos qu\u00edmicos\" \/>\n                                <\/div>\n<div class=\"global-icon-set__title\">Sin productos qu\u00edmicos<\/div>\n<\/p><\/div>\n<div class=\"global-icon-set__item\">\n<div class=\"global-icon-set__image\">\n                                    <img decoding=\"async\" src=\"https:\/\/homeofwool.com\/wp-content\/uploads\/2025\/09\/anti-bacterial-icon-300x300.png\" alt=\"icono antibacteriano\" \/>\n                                <\/div>\n<div class=\"global-icon-set__title\">Antimicrobiano y antibacteriano<\/div>\n<\/p><\/div>\n<div class=\"global-icon-set__item\">\n<div class=\"global-icon-set__image\">\n                                    <img decoding=\"async\" src=\"https:\/\/homeofwool.com\/wp-content\/uploads\/2025\/09\/certified-materials-icon-300x300.png\" alt=\"icono de materiales certificados\" \/>\n                                <\/div>\n<div class=\"global-icon-set__title\">100% Materiales puros certificados<\/div>\n<\/p><\/div>\n<\/p><\/div>\n<\/p><\/div>","protected":false},"featured_media":221187,"template":"","meta":{"_acf_changed":false},"product_brand":[],"product_cat":[60],"product_tag":[],"class_list":{"0":"post-217657","1":"product","2":"type-product","3":"status-publish","4":"has-post-thumbnail","6":"product_cat-blankets-duvets","8":"first","9":"outofstock","10":"shipping-taxable","11":"purchasable","12":"product-type-variable"},"acf":[],"yoast_head":"<!-- This site is optimized with the Yoast SEO Premium plugin v27.3 (Yoast SEO v27.3) - https:\/\/yoast.com\/product\/yoast-seo-premium-wordpress\/ -->\n<title>Heavy Wool Blanket \u2013 Glamping &amp; Outdoor Adventures | Home of Wool<\/title>\n<meta name=\"description\" content=\"Eco-friendly and warm, the Heavy Wool Blanket is made with breathable wool. Hypoallergenic and toxin-free, it delivers safe, sustainable comfort as a throw or bed blanket.\" \/>\n<meta name=\"robots\" content=\"index, follow, max-snippet:-1, max-image-preview:large, max-video-preview:-1\" \/>\n<link rel=\"canonical\" href=\"https:\/\/homeofwool.com\/es\/tienda\/manta-pesada\/\" \/>\n<meta property=\"og:locale\" content=\"es_ES\" \/>\n<meta property=\"og:type\" content=\"article\" \/>\n<meta property=\"og:title\" content=\"Heavy Wool Blanket\" \/>\n<meta property=\"og:description\" content=\"Eco-friendly and warm, the Heavy Wool Blanket is made with breathable wool. Hypoallergenic and toxin-free, it delivers safe, sustainable comfort as a throw or bed blanket.\" \/>\n<meta property=\"og:url\" content=\"https:\/\/homeofwool.com\/es\/tienda\/manta-pesada\/\" \/>\n<meta property=\"og:site_name\" content=\"Home of Wool\" \/>\n<meta property=\"article:publisher\" content=\"https:\/\/facebook.com\/HomeOfWoolOfficial\" \/>\n<meta property=\"article:modified_time\" content=\"2026-03-31T07:22:15+00:00\" \/>\n<meta property=\"og:image\" content=\"https:\/\/homeofwool.com\/wp-content\/uploads\/2025\/09\/home-of-wool-heavy-wool-blanket-blanket-1-sizes-available-\u0441\u043c\u0435\u043d\u044f\u043c\u0435-\u043f\u044a\u0440\u0432\u0430\u0442\u0430-\u0441\u043d\u0438\u043c\u043a\u0430-\u0432\u044a\u0432-\u0432\u0441\u0438\u0447\u043a\u0438-\u043c\u0430\u0433\u0430\u0437\u0438\u043d\u0438.jpg\" \/>\n\t<meta property=\"og:image:width\" content=\"2400\" \/>\n\t<meta property=\"og:image:height\" content=\"1920\" \/>\n\t<meta property=\"og:image:type\" content=\"image\/jpeg\" \/>\n<meta name=\"twitter:card\" content=\"summary_large_image\" \/>\n<meta name=\"twitter:label1\" content=\"Tiempo de lectura\" \/>\n\t<meta name=\"twitter:data1\" content=\"2 minutos\" \/>\n<script type=\"application\/ld+json\" class=\"yoast-schema-graph\">{\"@context\":\"https:\\\/\\\/schema.org\",\"@graph\":[{\"@type\":\"WebPage\",\"@id\":\"https:\\\/\\\/homeofwool.com\\\/shop\\\/heavy-blanket\\\/\",\"url\":\"https:\\\/\\\/homeofwool.com\\\/shop\\\/heavy-blanket\\\/\",\"name\":\"Heavy Wool Blanket \u2013 Glamping & Outdoor Adventures | Home of Wool\",\"isPartOf\":{\"@id\":\"https:\\\/\\\/homeofwool.com\\\/#website\"},\"primaryImageOfPage\":{\"@id\":\"https:\\\/\\\/homeofwool.com\\\/shop\\\/heavy-blanket\\\/#primaryimage\"},\"image\":{\"@id\":\"https:\\\/\\\/homeofwool.com\\\/shop\\\/heavy-blanket\\\/#primaryimage\"},\"thumbnailUrl\":\"https:\\\/\\\/homeofwool.com\\\/wp-content\\\/uploads\\\/2025\\\/09\\\/home-of-wool-heavy-wool-blanket-blanket-1-sizes-available-\u0441\u043c\u0435\u043d\u044f\u043c\u0435-\u043f\u044a\u0440\u0432\u0430\u0442\u0430-\u0441\u043d\u0438\u043c\u043a\u0430-\u0432\u044a\u0432-\u0432\u0441\u0438\u0447\u043a\u0438-\u043c\u0430\u0433\u0430\u0437\u0438\u043d\u0438.jpg\",\"datePublished\":\"2025-09-02T12:02:05+00:00\",\"dateModified\":\"2026-03-31T07:22:15+00:00\",\"description\":\"Eco-friendly and warm, the Heavy Wool Blanket is made with breathable wool. Hypoallergenic and toxin-free, it delivers safe, sustainable comfort as a throw or bed blanket.\",\"breadcrumb\":{\"@id\":\"https:\\\/\\\/homeofwool.com\\\/shop\\\/heavy-blanket\\\/#breadcrumb\"},\"inLanguage\":\"es\",\"potentialAction\":[{\"@type\":\"ReadAction\",\"target\":[\"https:\\\/\\\/homeofwool.com\\\/shop\\\/heavy-blanket\\\/\"]}]},{\"@type\":\"ImageObject\",\"inLanguage\":\"es\",\"@id\":\"https:\\\/\\\/homeofwool.com\\\/shop\\\/heavy-blanket\\\/#primaryimage\",\"url\":\"https:\\\/\\\/homeofwool.com\\\/wp-content\\\/uploads\\\/2025\\\/09\\\/home-of-wool-heavy-wool-blanket-blanket-1-sizes-available-\u0441\u043c\u0435\u043d\u044f\u043c\u0435-\u043f\u044a\u0440\u0432\u0430\u0442\u0430-\u0441\u043d\u0438\u043c\u043a\u0430-\u0432\u044a\u0432-\u0432\u0441\u0438\u0447\u043a\u0438-\u043c\u0430\u0433\u0430\u0437\u0438\u043d\u0438.jpg\",\"contentUrl\":\"https:\\\/\\\/homeofwool.com\\\/wp-content\\\/uploads\\\/2025\\\/09\\\/home-of-wool-heavy-wool-blanket-blanket-1-sizes-available-\u0441\u043c\u0435\u043d\u044f\u043c\u0435-\u043f\u044a\u0440\u0432\u0430\u0442\u0430-\u0441\u043d\u0438\u043c\u043a\u0430-\u0432\u044a\u0432-\u0432\u0441\u0438\u0447\u043a\u0438-\u043c\u0430\u0433\u0430\u0437\u0438\u043d\u0438.jpg\",\"width\":2400,\"height\":1920,\"caption\":\"wool heavy blanket folded over\"},{\"@type\":\"BreadcrumbList\",\"@id\":\"https:\\\/\\\/homeofwool.com\\\/shop\\\/heavy-blanket\\\/#breadcrumb\",\"itemListElement\":[{\"@type\":\"ListItem\",\"position\":1,\"name\":\"Home\",\"item\":\"https:\\\/\\\/homeofwool.com\\\/\"},{\"@type\":\"ListItem\",\"position\":2,\"name\":\"Products\",\"item\":\"https:\\\/\\\/homeofwool.com\\\/header-search-2\\\/\"},{\"@type\":\"ListItem\",\"position\":3,\"name\":\"Heavy Wool Blanket\"}]},{\"@type\":\"WebSite\",\"@id\":\"https:\\\/\\\/homeofwool.com\\\/#website\",\"url\":\"https:\\\/\\\/homeofwool.com\\\/\",\"name\":\"Home of Wool\",\"description\":\"\",\"publisher\":{\"@id\":\"https:\\\/\\\/homeofwool.com\\\/#organization\"},\"potentialAction\":[{\"@type\":\"SearchAction\",\"target\":{\"@type\":\"EntryPoint\",\"urlTemplate\":\"https:\\\/\\\/homeofwool.com\\\/?s={search_term_string}\"},\"query-input\":{\"@type\":\"PropertyValueSpecification\",\"valueRequired\":true,\"valueName\":\"search_term_string\"}}],\"inLanguage\":\"es\"},{\"@type\":\"Organization\",\"@id\":\"https:\\\/\\\/homeofwool.com\\\/#organization\",\"name\":\"Home of Wool\",\"url\":\"https:\\\/\\\/homeofwool.com\\\/\",\"logo\":{\"@type\":\"ImageObject\",\"inLanguage\":\"es\",\"@id\":\"https:\\\/\\\/homeofwool.com\\\/#\\\/schema\\\/logo\\\/image\\\/\",\"url\":\"https:\\\/\\\/homeofwool.com\\\/wp-content\\\/uploads\\\/2025\\\/09\\\/WhatsApp-Image-2025-12-02-at-16.23.20.jpeg\",\"contentUrl\":\"https:\\\/\\\/homeofwool.com\\\/wp-content\\\/uploads\\\/2025\\\/09\\\/WhatsApp-Image-2025-12-02-at-16.23.20.jpeg\",\"width\":700,\"height\":247,\"caption\":\"Home of Wool\"},\"image\":{\"@id\":\"https:\\\/\\\/homeofwool.com\\\/#\\\/schema\\\/logo\\\/image\\\/\"},\"sameAs\":[\"https:\\\/\\\/facebook.com\\\/HomeOfWoolOfficial\"]}]}<\/script>\n<!-- \/ Yoast SEO Premium plugin. -->","yoast_head_json":{"title":"Manta de lana gruesa - Glamping &amp; Outdoor Adventures | Home of Wool","description":"Ecol\u00f3gica y c\u00e1lida, la manta Heavy Wool Blanket est\u00e1 fabricada con lana transpirable. Hipoalerg\u00e9nica y libre de toxinas, ofrece un confort seguro y sostenible como manta o cubrecama.","robots":{"index":"index","follow":"follow","max-snippet":"max-snippet:-1","max-image-preview":"max-image-preview:large","max-video-preview":"max-video-preview:-1"},"canonical":"https:\/\/homeofwool.com\/es\/tienda\/manta-pesada\/","og_locale":"es_ES","og_type":"article","og_title":"Heavy Wool Blanket","og_description":"Eco-friendly and warm, the Heavy Wool Blanket is made with breathable wool. Hypoallergenic and toxin-free, it delivers safe, sustainable comfort as a throw or bed blanket.","og_url":"https:\/\/homeofwool.com\/es\/tienda\/manta-pesada\/","og_site_name":"Home of Wool","article_publisher":"https:\/\/facebook.com\/HomeOfWoolOfficial","article_modified_time":"2026-03-31T07:22:15+00:00","og_image":[{"width":2400,"height":1920,"url":"https:\/\/homeofwool.com\/wp-content\/uploads\/2025\/09\/home-of-wool-heavy-wool-blanket-blanket-1-sizes-available-\u0441\u043c\u0435\u043d\u044f\u043c\u0435-\u043f\u044a\u0440\u0432\u0430\u0442\u0430-\u0441\u043d\u0438\u043c\u043a\u0430-\u0432\u044a\u0432-\u0432\u0441\u0438\u0447\u043a\u0438-\u043c\u0430\u0433\u0430\u0437\u0438\u043d\u0438.jpg","type":"image\/jpeg"}],"twitter_card":"summary_large_image","twitter_misc":{"Tiempo de lectura":"2 minutos"},"schema":{"@context":"https:\/\/schema.org","@graph":[{"@type":"WebPage","@id":"https:\/\/homeofwool.com\/shop\/heavy-blanket\/","url":"https:\/\/homeofwool.com\/shop\/heavy-blanket\/","name":"Manta de lana gruesa - Glamping &amp; Outdoor Adventures | Home of Wool","isPartOf":{"@id":"https:\/\/homeofwool.com\/#website"},"primaryImageOfPage":{"@id":"https:\/\/homeofwool.com\/shop\/heavy-blanket\/#primaryimage"},"image":{"@id":"https:\/\/homeofwool.com\/shop\/heavy-blanket\/#primaryimage"},"thumbnailUrl":"https:\/\/homeofwool.com\/wp-content\/uploads\/2025\/09\/home-of-wool-heavy-wool-blanket-blanket-1-sizes-available-\u0441\u043c\u0435\u043d\u044f\u043c\u0435-\u043f\u044a\u0440\u0432\u0430\u0442\u0430-\u0441\u043d\u0438\u043c\u043a\u0430-\u0432\u044a\u0432-\u0432\u0441\u0438\u0447\u043a\u0438-\u043c\u0430\u0433\u0430\u0437\u0438\u043d\u0438.jpg","datePublished":"2025-09-02T12:02:05+00:00","dateModified":"2026-03-31T07:22:15+00:00","description":"Ecol\u00f3gica y c\u00e1lida, la manta Heavy Wool Blanket est\u00e1 fabricada con lana transpirable. Hipoalerg\u00e9nica y libre de toxinas, ofrece un confort seguro y sostenible como manta o cubrecama.","breadcrumb":{"@id":"https:\/\/homeofwool.com\/shop\/heavy-blanket\/#breadcrumb"},"inLanguage":"es","potentialAction":[{"@type":"ReadAction","target":["https:\/\/homeofwool.com\/shop\/heavy-blanket\/"]}]},{"@type":"ImageObject","inLanguage":"es","@id":"https:\/\/homeofwool.com\/shop\/heavy-blanket\/#primaryimage","url":"https:\/\/homeofwool.com\/wp-content\/uploads\/2025\/09\/home-of-wool-heavy-wool-blanket-blanket-1-sizes-available-\u0441\u043c\u0435\u043d\u044f\u043c\u0435-\u043f\u044a\u0440\u0432\u0430\u0442\u0430-\u0441\u043d\u0438\u043c\u043a\u0430-\u0432\u044a\u0432-\u0432\u0441\u0438\u0447\u043a\u0438-\u043c\u0430\u0433\u0430\u0437\u0438\u043d\u0438.jpg","contentUrl":"https:\/\/homeofwool.com\/wp-content\/uploads\/2025\/09\/home-of-wool-heavy-wool-blanket-blanket-1-sizes-available-\u0441\u043c\u0435\u043d\u044f\u043c\u0435-\u043f\u044a\u0440\u0432\u0430\u0442\u0430-\u0441\u043d\u0438\u043c\u043a\u0430-\u0432\u044a\u0432-\u0432\u0441\u0438\u0447\u043a\u0438-\u043c\u0430\u0433\u0430\u0437\u0438\u043d\u0438.jpg","width":2400,"height":1920,"caption":"wool heavy blanket folded over"},{"@type":"BreadcrumbList","@id":"https:\/\/homeofwool.com\/shop\/heavy-blanket\/#breadcrumb","itemListElement":[{"@type":"ListItem","position":1,"name":"Home","item":"https:\/\/homeofwool.com\/"},{"@type":"ListItem","position":2,"name":"Products","item":"https:\/\/homeofwool.com\/header-search-2\/"},{"@type":"ListItem","position":3,"name":"Heavy Wool Blanket"}]},{"@type":"WebSite","@id":"https:\/\/homeofwool.com\/#website","url":"https:\/\/homeofwool.com\/","name":"Hogar de la lana","description":"","publisher":{"@id":"https:\/\/homeofwool.com\/#organization"},"potentialAction":[{"@type":"SearchAction","target":{"@type":"EntryPoint","urlTemplate":"https:\/\/homeofwool.com\/?s={search_term_string}"},"query-input":{"@type":"PropertyValueSpecification","valueRequired":true,"valueName":"search_term_string"}}],"inLanguage":"es"},{"@type":"Organization","@id":"https:\/\/homeofwool.com\/#organization","name":"Hogar de la lana","url":"https:\/\/homeofwool.com\/","logo":{"@type":"ImageObject","inLanguage":"es","@id":"https:\/\/homeofwool.com\/#\/schema\/logo\/image\/","url":"https:\/\/homeofwool.com\/wp-content\/uploads\/2025\/09\/WhatsApp-Image-2025-12-02-at-16.23.20.jpeg","contentUrl":"https:\/\/homeofwool.com\/wp-content\/uploads\/2025\/09\/WhatsApp-Image-2025-12-02-at-16.23.20.jpeg","width":700,"height":247,"caption":"Home of Wool"},"image":{"@id":"https:\/\/homeofwool.com\/#\/schema\/logo\/image\/"},"sameAs":["https:\/\/facebook.com\/HomeOfWoolOfficial"]}]}},"_links":{"self":[{"href":"https:\/\/homeofwool.com\/es\/wp-json\/wp\/v2\/product\/217657","targetHints":{"allow":["GET"]}}],"collection":[{"href":"https:\/\/homeofwool.com\/es\/wp-json\/wp\/v2\/product"}],"about":[{"href":"https:\/\/homeofwool.com\/es\/wp-json\/wp\/v2\/types\/product"}],"version-history":[{"count":1,"href":"https:\/\/homeofwool.com\/es\/wp-json\/wp\/v2\/product\/217657\/revisions"}],"predecessor-version":[{"id":226311,"href":"https:\/\/homeofwool.com\/es\/wp-json\/wp\/v2\/product\/217657\/revisions\/226311"}],"wp:featuredmedia":[{"embeddable":true,"href":"https:\/\/homeofwool.com\/es\/wp-json\/wp\/v2\/media\/221187"}],"wp:attachment":[{"href":"https:\/\/homeofwool.com\/es\/wp-json\/wp\/v2\/media?parent=217657"}],"wp:term":[{"taxonomy":"product_brand","embeddable":true,"href":"https:\/\/homeofwool.com\/es\/wp-json\/wp\/v2\/product_brand?post=217657"},{"taxonomy":"product_cat","embeddable":true,"href":"https:\/\/homeofwool.com\/es\/wp-json\/wp\/v2\/product_cat?post=217657"},{"taxonomy":"product_tag","embeddable":true,"href":"https:\/\/homeofwool.com\/es\/wp-json\/wp\/v2\/product_tag?post=217657"}],"curies":[{"name":"wp","href":"https:\/\/api.w.org\/{rel}","templated":true}]}}