{"id":217642,"date":"2025-09-02T12:01:59","date_gmt":"2025-09-02T12:01:59","guid":{"rendered":"https:\/\/homeofwool.com\/?post_type=product&#038;p=217642"},"modified":"2026-04-03T09:16:43","modified_gmt":"2026-04-03T09:16:43","slug":"almohada-ergonomica","status":"publish","type":"product","link":"https:\/\/homeofwool.com\/es\/shop\/ergonomic-pillow\/","title":{"rendered":"Almohada ergon\u00f3mica de lana"},"content":{"rendered":"<p>La almohada adecuada puede transformar tu descanso, y la almohada ergon\u00f3mica Home of Wool est\u00e1 dise\u00f1ada precisamente para eso. Con una forma que se adapta a las curvas naturales del cuello, la cabeza y los hombros, ofrece un soporte duradero para aliviar el dolor de cuello y ayuda a alinear la columna vertebral para una postura m\u00e1s saludable al dormir. La lana del interior tiene una elasticidad natural, por lo que, en lugar de hundirse demasiado, te proporciona un soporte estable donde lo necesitas. La lana ayuda a mantener la cabeza y el cuello a una temperatura constante. Da una sensaci\u00f3n de calidez y comodidad cuando la habitaci\u00f3n est\u00e1 fr\u00eda, pero tambi\u00e9n deja pasar el aire para que la almohada nunca se caliente. Es como encontrar siempre el lado fresco de la almohada.<\/p>\n<p>Cada detalle ha sido cuidadosamente dise\u00f1ado pensando en su comodidad. La almohada est\u00e1 disponible en dos opciones de grosor. Puede elegir el perfil que mejor se adapte a las curvas de su cuerpo. Una cremallera permite realizar peque\u00f1os ajustes en el relleno de lana. El tufting a mano mantiene la lana distribuida de manera uniforme, lo que garantiza que la almohada conserve su forma con el paso del tiempo. Puede adquirir fundas y protectores opcionales, eligiendo entre nuestra selecci\u00f3n de tejidos de primera calidad.<\/p>\n<p>Con este acabado, la almohada es una invitaci\u00f3n a disfrutar de un sue\u00f1o m\u00e1s saludable y sin dolor noche tras noche.<\/p>","protected":false},"excerpt":{"rendered":"<p>Encuentre comodidad y alineaci\u00f3n naturales con nuestra almohada ergon\u00f3mica, dise\u00f1ada para proporcionar un suave apoyo que alivia el dolor de cuello y permite dormir sin molestias. La almohada se adapta a la curva natural del cuello y los hombros. La lana del interior es naturalmente el\u00e1stica y proporciona el apoyo justo sin aplastarse. Por eso parece que se amolda a usted, ofreci\u00e9ndole apoyo exactamente donde lo necesita.<\/p>\n<div class=\"global-icon-set\">\n<div class=\"global-icon-set__items\">\n<div class=\"global-icon-set__item\">\n<div class=\"global-icon-set__image\">\n                                    <img decoding=\"async\" src=\"https:\/\/homeofwool.com\/wp-content\/uploads\/2025\/09\/handmade-icon-300x300.png\" alt=\"icono hecho a mano\" \/>\n                                <\/div>\n<div class=\"global-icon-set__title\">Hecho a mano<\/div>\n<\/p><\/div>\n<div class=\"global-icon-set__item\">\n<div class=\"global-icon-set__image\">\n                                    <img decoding=\"async\" src=\"https:\/\/homeofwool.com\/wp-content\/uploads\/2025\/09\/Exceptionally-Supportive-min-300x300.png\" alt=\"icono excepcionalmente solidario\" \/>\n                                <\/div>\n<div class=\"global-icon-set__title\">Excepcionalmente solidario<\/div>\n<\/p><\/div>\n<div class=\"global-icon-set__item\">\n<div class=\"global-icon-set__image\">\n                                    <img decoding=\"async\" src=\"https:\/\/homeofwool.com\/wp-content\/uploads\/2025\/09\/Isolates-Motion-Transfer-min-300x300.png\" alt=\"aisla la transferencia de movimiento\" \/>\n                                <\/div>\n<div class=\"global-icon-set__title\">A\u00edsla la transferencia de movimiento<\/div>\n<\/p><\/div>\n<div class=\"global-icon-set__item\">\n<div class=\"global-icon-set__image\">\n                                    <img decoding=\"async\" src=\"https:\/\/homeofwool.com\/wp-content\/uploads\/2025\/09\/VOCs-min-300x300.png\" alt=\"vocs free\" \/>\n                                <\/div>\n<div class=\"global-icon-set__title\">Sin COV<\/div>\n<\/p><\/div>\n<div class=\"global-icon-set__item\">\n<div class=\"global-icon-set__image\">\n                                    <img decoding=\"async\" src=\"https:\/\/homeofwool.com\/wp-content\/uploads\/2025\/09\/FR-min-300x300.png\" alt=\"icono de resistencia al fuego\" \/>\n                                <\/div>\n<div class=\"global-icon-set__title\">Resistente al fuego<\/div>\n<\/p><\/div>\n<div class=\"global-icon-set__item\">\n<div class=\"global-icon-set__image\">\n                                    <img decoding=\"async\" src=\"https:\/\/homeofwool.com\/wp-content\/uploads\/2025\/09\/Hypoallergenic-min-300x300.png\" alt=\"icono hipoalerg\u00e9nico\" \/>\n                                <\/div>\n<div class=\"global-icon-set__title\">Hipoalerg\u00e9nico<\/div>\n<\/p><\/div>\n<div class=\"global-icon-set__item\">\n<div class=\"global-icon-set__image\">\n                                    <img decoding=\"async\" src=\"https:\/\/homeofwool.com\/wp-content\/uploads\/2025\/09\/free-of-synthetics-icon-300x300.png\" alt=\"icono sin sint\u00e9ticos\" \/>\n                                <\/div>\n<div class=\"global-icon-set__title\">Sin sint\u00e9ticos<\/div>\n<\/p><\/div>\n<div class=\"global-icon-set__item\">\n<div class=\"global-icon-set__image\">\n                                    <img decoding=\"async\" src=\"https:\/\/homeofwool.com\/wp-content\/uploads\/2025\/09\/chemical-free-icon-300x300.png\" alt=\"icono sin productos qu\u00edmicos\" \/>\n                                <\/div>\n<div class=\"global-icon-set__title\">Sin productos qu\u00edmicos<\/div>\n<\/p><\/div>\n<div class=\"global-icon-set__item\">\n<div class=\"global-icon-set__image\">\n                                    <img decoding=\"async\" src=\"https:\/\/homeofwool.com\/wp-content\/uploads\/2025\/09\/anti-bacterial-icon-300x300.png\" alt=\"icono antibacteriano\" \/>\n                                <\/div>\n<div class=\"global-icon-set__title\">Antimicrobiano y antibacteriano<\/div>\n<\/p><\/div>\n<div class=\"global-icon-set__item\">\n<div class=\"global-icon-set__image\">\n                                    <img decoding=\"async\" src=\"https:\/\/homeofwool.com\/wp-content\/uploads\/2025\/09\/certified-materials-icon-300x300.png\" alt=\"icono de materiales certificados\" \/>\n                                <\/div>\n<div class=\"global-icon-set__title\">100% Materiales puros certificados<\/div>\n<\/p><\/div>\n<\/p><\/div>\n<\/p><\/div>","protected":false},"featured_media":219347,"template":"","meta":{"_acf_changed":false},"product_brand":[],"product_cat":[316,254],"product_tag":[592,593,594,595,596,597,598,599,600,601,149,602],"class_list":{"0":"post-217642","1":"product","2":"type-product","3":"status-publish","4":"has-post-thumbnail","6":"product_cat-mothers-day","7":"product_cat-pillows-pillowcases","8":"product_tag-best-ergonomic-pillow-for-side-sleepers","9":"product_tag-contour-pillow","10":"product_tag-ergonomic-memory-foam-pillow","11":"product_tag-ergonomic-neck-pillow","12":"product_tag-ergonomic-pillow-for-back-sleepers","13":"product_tag-ergonomic-pillow-for-neck-pain","14":"product_tag-ergonomic-side-sleeper-pillow","15":"product_tag-ergonomic-sleeping-pillow","16":"product_tag-ergonomic-travel-pillow","17":"product_tag-neck-pain-relief","18":"product_tag-steps","19":"product_tag-xtreme-comforts-pillow","21":"first","22":"instock","23":"shipping-taxable","24":"purchasable","25":"product-type-simple"},"acf":[],"yoast_head":"<!-- This site is optimized with the Yoast SEO Premium plugin v27.3 (Yoast SEO v27.3) - https:\/\/yoast.com\/product\/yoast-seo-premium-wordpress\/ -->\n<title>Ergonomic Pillow \u2013 Optimal Support for Neck Pain Relief | Home of Wool<\/title>\n<meta name=\"description\" content=\"The Ergonomic Pillow offers breathable wool filling for supportive comfort. Hypoallergenic and toxin-free, it helps relieve neck pain naturally for safe, restful, and restorative sleep.\" \/>\n<meta name=\"robots\" content=\"index, follow, max-snippet:-1, max-image-preview:large, max-video-preview:-1\" \/>\n<link rel=\"canonical\" href=\"https:\/\/homeofwool.com\/es\/tienda\/almohada-ergonomica\/\" \/>\n<meta property=\"og:locale\" content=\"es_ES\" \/>\n<meta property=\"og:type\" content=\"article\" \/>\n<meta property=\"og:title\" content=\"Wool Ergonomic Pillow\" \/>\n<meta property=\"og:description\" content=\"The Ergonomic Pillow offers breathable wool filling for supportive comfort. Hypoallergenic and toxin-free, it helps relieve neck pain naturally for safe, restful, and restorative sleep.\" \/>\n<meta property=\"og:url\" content=\"https:\/\/homeofwool.com\/es\/tienda\/almohada-ergonomica\/\" \/>\n<meta property=\"og:site_name\" content=\"Home of Wool\" \/>\n<meta property=\"article:publisher\" content=\"https:\/\/facebook.com\/HomeOfWoolOfficial\" \/>\n<meta property=\"article:modified_time\" content=\"2026-04-03T09:16:43+00:00\" \/>\n<meta property=\"og:image\" content=\"https:\/\/homeofwool.com\/wp-content\/uploads\/2025\/09\/home-of-wool-wool-ergonomic-pillow-1-main.jpg\" \/>\n\t<meta property=\"og:image:width\" content=\"2000\" \/>\n\t<meta property=\"og:image:height\" content=\"1600\" \/>\n\t<meta property=\"og:image:type\" content=\"image\/jpeg\" \/>\n<meta name=\"twitter:card\" content=\"summary_large_image\" \/>\n<meta name=\"twitter:label1\" content=\"Tiempo de lectura\" \/>\n\t<meta name=\"twitter:data1\" content=\"2 minutos\" \/>\n<script type=\"application\/ld+json\" class=\"yoast-schema-graph\">{\"@context\":\"https:\\\/\\\/schema.org\",\"@graph\":[{\"@type\":\"WebPage\",\"@id\":\"https:\\\/\\\/homeofwool.com\\\/shop\\\/ergonomic-pillow\\\/\",\"url\":\"https:\\\/\\\/homeofwool.com\\\/shop\\\/ergonomic-pillow\\\/\",\"name\":\"Ergonomic Pillow \u2013 Optimal Support for Neck Pain Relief | Home of Wool\",\"isPartOf\":{\"@id\":\"https:\\\/\\\/homeofwool.com\\\/#website\"},\"primaryImageOfPage\":{\"@id\":\"https:\\\/\\\/homeofwool.com\\\/shop\\\/ergonomic-pillow\\\/#primaryimage\"},\"image\":{\"@id\":\"https:\\\/\\\/homeofwool.com\\\/shop\\\/ergonomic-pillow\\\/#primaryimage\"},\"thumbnailUrl\":\"https:\\\/\\\/homeofwool.com\\\/wp-content\\\/uploads\\\/2025\\\/09\\\/home-of-wool-wool-ergonomic-pillow-1-main.jpg\",\"datePublished\":\"2025-09-02T12:01:59+00:00\",\"dateModified\":\"2026-04-03T09:16:43+00:00\",\"description\":\"The Ergonomic Pillow offers breathable wool filling for supportive comfort. Hypoallergenic and toxin-free, it helps relieve neck pain naturally for safe, restful, and restorative sleep.\",\"breadcrumb\":{\"@id\":\"https:\\\/\\\/homeofwool.com\\\/shop\\\/ergonomic-pillow\\\/#breadcrumb\"},\"inLanguage\":\"es\",\"potentialAction\":[{\"@type\":\"ReadAction\",\"target\":[\"https:\\\/\\\/homeofwool.com\\\/shop\\\/ergonomic-pillow\\\/\"]}]},{\"@type\":\"ImageObject\",\"inLanguage\":\"es\",\"@id\":\"https:\\\/\\\/homeofwool.com\\\/shop\\\/ergonomic-pillow\\\/#primaryimage\",\"url\":\"https:\\\/\\\/homeofwool.com\\\/wp-content\\\/uploads\\\/2025\\\/09\\\/home-of-wool-wool-ergonomic-pillow-1-main.jpg\",\"contentUrl\":\"https:\\\/\\\/homeofwool.com\\\/wp-content\\\/uploads\\\/2025\\\/09\\\/home-of-wool-wool-ergonomic-pillow-1-main.jpg\",\"width\":2000,\"height\":1600,\"caption\":\"wool ergonomic pillow with a person sleeping on it, on a wool mattress\"},{\"@type\":\"BreadcrumbList\",\"@id\":\"https:\\\/\\\/homeofwool.com\\\/shop\\\/ergonomic-pillow\\\/#breadcrumb\",\"itemListElement\":[{\"@type\":\"ListItem\",\"position\":1,\"name\":\"Home\",\"item\":\"https:\\\/\\\/homeofwool.com\\\/\"},{\"@type\":\"ListItem\",\"position\":2,\"name\":\"Products\",\"item\":\"https:\\\/\\\/homeofwool.com\\\/header-search-2\\\/\"},{\"@type\":\"ListItem\",\"position\":3,\"name\":\"Wool Ergonomic Pillow\"}]},{\"@type\":\"WebSite\",\"@id\":\"https:\\\/\\\/homeofwool.com\\\/#website\",\"url\":\"https:\\\/\\\/homeofwool.com\\\/\",\"name\":\"Home of Wool\",\"description\":\"\",\"publisher\":{\"@id\":\"https:\\\/\\\/homeofwool.com\\\/#organization\"},\"potentialAction\":[{\"@type\":\"SearchAction\",\"target\":{\"@type\":\"EntryPoint\",\"urlTemplate\":\"https:\\\/\\\/homeofwool.com\\\/?s={search_term_string}\"},\"query-input\":{\"@type\":\"PropertyValueSpecification\",\"valueRequired\":true,\"valueName\":\"search_term_string\"}}],\"inLanguage\":\"es\"},{\"@type\":\"Organization\",\"@id\":\"https:\\\/\\\/homeofwool.com\\\/#organization\",\"name\":\"Home of Wool\",\"url\":\"https:\\\/\\\/homeofwool.com\\\/\",\"logo\":{\"@type\":\"ImageObject\",\"inLanguage\":\"es\",\"@id\":\"https:\\\/\\\/homeofwool.com\\\/#\\\/schema\\\/logo\\\/image\\\/\",\"url\":\"https:\\\/\\\/homeofwool.com\\\/wp-content\\\/uploads\\\/2025\\\/09\\\/WhatsApp-Image-2025-12-02-at-16.23.20.jpeg\",\"contentUrl\":\"https:\\\/\\\/homeofwool.com\\\/wp-content\\\/uploads\\\/2025\\\/09\\\/WhatsApp-Image-2025-12-02-at-16.23.20.jpeg\",\"width\":700,\"height\":247,\"caption\":\"Home of Wool\"},\"image\":{\"@id\":\"https:\\\/\\\/homeofwool.com\\\/#\\\/schema\\\/logo\\\/image\\\/\"},\"sameAs\":[\"https:\\\/\\\/facebook.com\\\/HomeOfWoolOfficial\"]}]}<\/script>\n<!-- \/ Yoast SEO Premium plugin. -->","yoast_head_json":{"title":"Almohada ergon\u00f3mica: soporte \u00f3ptimo para aliviar el dolor de cuello | Home of Wool","description":"La almohada ergon\u00f3mica ofrece un relleno de lana transpirable para una comodidad y un soporte \u00f3ptimos. Hipoalerg\u00e9nica y libre de toxinas, ayuda a aliviar el dolor de cuello de forma natural para un sue\u00f1o seguro, reparador y restaurador.","robots":{"index":"index","follow":"follow","max-snippet":"max-snippet:-1","max-image-preview":"max-image-preview:large","max-video-preview":"max-video-preview:-1"},"canonical":"https:\/\/homeofwool.com\/es\/tienda\/almohada-ergonomica\/","og_locale":"es_ES","og_type":"article","og_title":"Wool Ergonomic Pillow","og_description":"The Ergonomic Pillow offers breathable wool filling for supportive comfort. Hypoallergenic and toxin-free, it helps relieve neck pain naturally for safe, restful, and restorative sleep.","og_url":"https:\/\/homeofwool.com\/es\/tienda\/almohada-ergonomica\/","og_site_name":"Home of Wool","article_publisher":"https:\/\/facebook.com\/HomeOfWoolOfficial","article_modified_time":"2026-04-03T09:16:43+00:00","og_image":[{"width":2000,"height":1600,"url":"https:\/\/homeofwool.com\/wp-content\/uploads\/2025\/09\/home-of-wool-wool-ergonomic-pillow-1-main.jpg","type":"image\/jpeg"}],"twitter_card":"summary_large_image","twitter_misc":{"Tiempo de lectura":"2 minutos"},"schema":{"@context":"https:\/\/schema.org","@graph":[{"@type":"WebPage","@id":"https:\/\/homeofwool.com\/shop\/ergonomic-pillow\/","url":"https:\/\/homeofwool.com\/shop\/ergonomic-pillow\/","name":"Almohada ergon\u00f3mica: soporte \u00f3ptimo para aliviar el dolor de cuello | Home of Wool","isPartOf":{"@id":"https:\/\/homeofwool.com\/#website"},"primaryImageOfPage":{"@id":"https:\/\/homeofwool.com\/shop\/ergonomic-pillow\/#primaryimage"},"image":{"@id":"https:\/\/homeofwool.com\/shop\/ergonomic-pillow\/#primaryimage"},"thumbnailUrl":"https:\/\/homeofwool.com\/wp-content\/uploads\/2025\/09\/home-of-wool-wool-ergonomic-pillow-1-main.jpg","datePublished":"2025-09-02T12:01:59+00:00","dateModified":"2026-04-03T09:16:43+00:00","description":"La almohada ergon\u00f3mica ofrece un relleno de lana transpirable para una comodidad y un soporte \u00f3ptimos. Hipoalerg\u00e9nica y libre de toxinas, ayuda a aliviar el dolor de cuello de forma natural para un sue\u00f1o seguro, reparador y restaurador.","breadcrumb":{"@id":"https:\/\/homeofwool.com\/shop\/ergonomic-pillow\/#breadcrumb"},"inLanguage":"es","potentialAction":[{"@type":"ReadAction","target":["https:\/\/homeofwool.com\/shop\/ergonomic-pillow\/"]}]},{"@type":"ImageObject","inLanguage":"es","@id":"https:\/\/homeofwool.com\/shop\/ergonomic-pillow\/#primaryimage","url":"https:\/\/homeofwool.com\/wp-content\/uploads\/2025\/09\/home-of-wool-wool-ergonomic-pillow-1-main.jpg","contentUrl":"https:\/\/homeofwool.com\/wp-content\/uploads\/2025\/09\/home-of-wool-wool-ergonomic-pillow-1-main.jpg","width":2000,"height":1600,"caption":"wool ergonomic pillow with a person sleeping on it, on a wool mattress"},{"@type":"BreadcrumbList","@id":"https:\/\/homeofwool.com\/shop\/ergonomic-pillow\/#breadcrumb","itemListElement":[{"@type":"ListItem","position":1,"name":"Home","item":"https:\/\/homeofwool.com\/"},{"@type":"ListItem","position":2,"name":"Products","item":"https:\/\/homeofwool.com\/header-search-2\/"},{"@type":"ListItem","position":3,"name":"Wool Ergonomic Pillow"}]},{"@type":"WebSite","@id":"https:\/\/homeofwool.com\/#website","url":"https:\/\/homeofwool.com\/","name":"Hogar de la lana","description":"","publisher":{"@id":"https:\/\/homeofwool.com\/#organization"},"potentialAction":[{"@type":"SearchAction","target":{"@type":"EntryPoint","urlTemplate":"https:\/\/homeofwool.com\/?s={search_term_string}"},"query-input":{"@type":"PropertyValueSpecification","valueRequired":true,"valueName":"search_term_string"}}],"inLanguage":"es"},{"@type":"Organization","@id":"https:\/\/homeofwool.com\/#organization","name":"Hogar de la lana","url":"https:\/\/homeofwool.com\/","logo":{"@type":"ImageObject","inLanguage":"es","@id":"https:\/\/homeofwool.com\/#\/schema\/logo\/image\/","url":"https:\/\/homeofwool.com\/wp-content\/uploads\/2025\/09\/WhatsApp-Image-2025-12-02-at-16.23.20.jpeg","contentUrl":"https:\/\/homeofwool.com\/wp-content\/uploads\/2025\/09\/WhatsApp-Image-2025-12-02-at-16.23.20.jpeg","width":700,"height":247,"caption":"Home of Wool"},"image":{"@id":"https:\/\/homeofwool.com\/#\/schema\/logo\/image\/"},"sameAs":["https:\/\/facebook.com\/HomeOfWoolOfficial"]}]}},"_links":{"self":[{"href":"https:\/\/homeofwool.com\/es\/wp-json\/wp\/v2\/product\/217642","targetHints":{"allow":["GET"]}}],"collection":[{"href":"https:\/\/homeofwool.com\/es\/wp-json\/wp\/v2\/product"}],"about":[{"href":"https:\/\/homeofwool.com\/es\/wp-json\/wp\/v2\/types\/product"}],"version-history":[{"count":2,"href":"https:\/\/homeofwool.com\/es\/wp-json\/wp\/v2\/product\/217642\/revisions"}],"predecessor-version":[{"id":229219,"href":"https:\/\/homeofwool.com\/es\/wp-json\/wp\/v2\/product\/217642\/revisions\/229219"}],"wp:featuredmedia":[{"embeddable":true,"href":"https:\/\/homeofwool.com\/es\/wp-json\/wp\/v2\/media\/219347"}],"wp:attachment":[{"href":"https:\/\/homeofwool.com\/es\/wp-json\/wp\/v2\/media?parent=217642"}],"wp:term":[{"taxonomy":"product_brand","embeddable":true,"href":"https:\/\/homeofwool.com\/es\/wp-json\/wp\/v2\/product_brand?post=217642"},{"taxonomy":"product_cat","embeddable":true,"href":"https:\/\/homeofwool.com\/es\/wp-json\/wp\/v2\/product_cat?post=217642"},{"taxonomy":"product_tag","embeddable":true,"href":"https:\/\/homeofwool.com\/es\/wp-json\/wp\/v2\/product_tag?post=217642"}],"curies":[{"name":"wp","href":"https:\/\/api.w.org\/{rel}","templated":true}]}}