{"id":217630,"date":"2025-09-02T12:01:58","date_gmt":"2025-09-02T12:01:58","guid":{"rendered":"https:\/\/homeofwool.com\/?post_type=product&#038;p=217630"},"modified":"2026-02-11T10:11:59","modified_gmt":"2026-02-11T10:11:59","slug":"colchon-de-lana-dividido","status":"publish","type":"product","link":"https:\/\/homeofwool.com\/es\/shop\/split-wool-mattress\/","title":{"rendered":"Colch\u00f3n de lana dividido"},"content":{"rendered":"<p>Encontrar el colch\u00f3n adecuado para una pareja no siempre es f\u00e1cil. Por eso, el colch\u00f3n de lana dividido Home of Wool se ha dise\u00f1ado pensando en la flexibilidad. Puedes elegir dos colchones individuales con diferentes grados de firmeza o grosor y unirlos con una cremallera resistente para crear un colch\u00f3n doble. De esta forma, cada miembro de la pareja descansa con su propio nivel de comodidad, pero sigue compartiendo una cama sin separaciones.<\/p>\n<p>El relleno de lana se adapta a tu cuerpo y te ayuda a mantener una postura saludable. Soporta tu espalda para que mantengas una alineaci\u00f3n correcta durante toda la noche. La lana permite que el aire circule libremente, lo que significa que estar\u00e1s abrigado en invierno y fresco en verano. Sin sobrecalentamiento, sin despertarse sudado. Y como absorbe el movimiento, este colch\u00f3n para parejas permite que uno de los dos se d\u00e9 la vuelta sin despertar al otro. El colch\u00f3n de lana dividido Home of Wool tambi\u00e9n es hipoalerg\u00e9nico, por lo que es una opci\u00f3n segura si tienes alergias o sensibilidades.<\/p>\n<p>Dado que cada lado del colch\u00f3n de lana dividido Home of Wool se puede personalizar de forma diferente, es posible que tambi\u00e9n tengas que adaptar el somier de tu cama. Cuando las parejas eligen diferentes grosores, un somier personalizado mantendr\u00e1 ambos colchones nivelados en la parte superior para que se unan perfectamente con la cremallera. Es la mejor manera de disfrutar de la flexibilidad de este colch\u00f3n para parejas, manteniendo una superficie de descanso uniforme. Si no le importa una peque\u00f1a diferencia de altura, tambi\u00e9n puede pedir los colchones sin cremallera. Los adaptaremos al tama\u00f1o de su somier y los ajustaremos a su comodidad, para que sigan encajando perfectamente.<\/p>\n<p>Cada colch\u00f3n est\u00e1 sujeto con resistentes hilos de lino y lazos de lana que mantienen el relleno en su sitio, para que la lana no se desplace con el paso del tiempo. Las resistentes asas laterales facilitan su volteo y desplazamiento cuando es necesario. Un kit de reparaci\u00f3n gratuito prolonga a\u00fan m\u00e1s su vida \u00fatil. Tambi\u00e9n puede solicitar muestras de nuestros tejidos naturales y relleno de lana antes de tomar una decisi\u00f3n definitiva.<\/p>\n<p>\u00bfNecesitas ayuda para elegir tu lado del colch\u00f3n? <a href=\"https:\/\/homeofwool.com\/es\/guide-to-choosing-your-wool-mattress\/\" target=\"_blank\" rel=\"noopener noreferrer\">Lea nuestra gu\u00eda<\/a> para todas las opciones.<\/p>","protected":false},"excerpt":{"rendered":"<p>Para aquellas parejas que no se ponen de acuerdo en la elecci\u00f3n de un colch\u00f3n, este colch\u00f3n de lana hecho a mano facilita compartir la cama sin renunciar a la comodidad personal. Cada miembro de la pareja puede disfrutar de su propio nivel de firmeza y, a continuaci\u00f3n, unir los colchones a la perfecci\u00f3n para crear una cama compartida con regulaci\u00f3n natural de la temperatura y comodidad hipoalerg\u00e9nica.<\/p>\n<div class=\"global-icon-set\">\n<div class=\"global-icon-set__items\">\n<div class=\"global-icon-set__item\">\n<div class=\"global-icon-set__image\">\n                                    <img decoding=\"async\" src=\"https:\/\/homeofwool.com\/wp-content\/uploads\/2025\/09\/handmade-icon-300x300.png\" alt=\"icono hecho a mano\" \/>\n                                <\/div>\n<div class=\"global-icon-set__title\">Hecho a mano<\/div>\n<\/p><\/div>\n<div class=\"global-icon-set__item\">\n<div class=\"global-icon-set__image\">\n                                    <img decoding=\"async\" src=\"https:\/\/homeofwool.com\/wp-content\/uploads\/2025\/09\/Isolates-Motion-Transfer-min-300x300.png\" alt=\"aisla la transferencia de movimiento\" \/>\n                                <\/div>\n<div class=\"global-icon-set__title\">A\u00edsla la transferencia de movimiento<\/div>\n<\/p><\/div>\n<div class=\"global-icon-set__item\">\n<div class=\"global-icon-set__image\">\n                                    <img decoding=\"async\" src=\"https:\/\/homeofwool.com\/wp-content\/uploads\/2025\/09\/Exceptionally-Supportive-min-300x300.png\" alt=\"icono excepcionalmente solidario\" \/>\n                                <\/div>\n<div class=\"global-icon-set__title\">Excepcionalmente solidario<\/div>\n<\/p><\/div>\n<div class=\"global-icon-set__item\">\n<div class=\"global-icon-set__image\">\n                                    <img decoding=\"async\" src=\"https:\/\/homeofwool.com\/wp-content\/uploads\/2025\/09\/wicks-moisture-away-300x300.png\" alt=\"evacua la humedad\" \/>\n                                <\/div>\n<div class=\"global-icon-set__title\">Evacua la humedad<\/div>\n<\/p><\/div>\n<div class=\"global-icon-set__item\">\n<div class=\"global-icon-set__image\">\n                                    <img decoding=\"async\" src=\"https:\/\/homeofwool.com\/wp-content\/uploads\/2025\/09\/VOCs-min-300x300.png\" alt=\"vocs free\" \/>\n                                <\/div>\n<div class=\"global-icon-set__title\">Sin COV<\/div>\n<\/p><\/div>\n<div class=\"global-icon-set__item\">\n<div class=\"global-icon-set__image\">\n                                    <img decoding=\"async\" src=\"https:\/\/homeofwool.com\/wp-content\/uploads\/2025\/09\/FR-min-300x300.png\" alt=\"icono de resistencia al fuego\" \/>\n                                <\/div>\n<div class=\"global-icon-set__title\">Resistente al fuego<\/div>\n<\/p><\/div>\n<div class=\"global-icon-set__item\">\n<div class=\"global-icon-set__image\">\n                                    <img decoding=\"async\" src=\"https:\/\/homeofwool.com\/wp-content\/uploads\/2025\/09\/Hypoallergenic-min-300x300.png\" alt=\"icono hipoalerg\u00e9nico\" \/>\n                                <\/div>\n<div class=\"global-icon-set__title\">Hipoalerg\u00e9nico<\/div>\n<\/p><\/div>\n<div class=\"global-icon-set__item\">\n<div class=\"global-icon-set__image\">\n                                    <img decoding=\"async\" src=\"https:\/\/homeofwool.com\/wp-content\/uploads\/2025\/09\/free-of-synthetics-icon-300x300.png\" alt=\"icono sin sint\u00e9ticos\" \/>\n                                <\/div>\n<div class=\"global-icon-set__title\">Sin sint\u00e9ticos<\/div>\n<\/p><\/div>\n<div class=\"global-icon-set__item\">\n<div class=\"global-icon-set__image\">\n                                    <img decoding=\"async\" src=\"https:\/\/homeofwool.com\/wp-content\/uploads\/2025\/09\/chemical-free-icon-300x300.png\" alt=\"icono sin productos qu\u00edmicos\" \/>\n                                <\/div>\n<div class=\"global-icon-set__title\">Sin productos qu\u00edmicos<\/div>\n<\/p><\/div>\n<div class=\"global-icon-set__item\">\n<div class=\"global-icon-set__image\">\n                                    <img decoding=\"async\" src=\"https:\/\/homeofwool.com\/wp-content\/uploads\/2025\/09\/anti-bacterial-icon-300x300.png\" alt=\"icono antibacteriano\" \/>\n                                <\/div>\n<div class=\"global-icon-set__title\">Antimicrobiano y antibacteriano<\/div>\n<\/p><\/div>\n<div class=\"global-icon-set__item\">\n<div class=\"global-icon-set__image\">\n                                    <img decoding=\"async\" src=\"https:\/\/homeofwool.com\/wp-content\/uploads\/2025\/09\/certified-materials-icon-300x300.png\" alt=\"icono de materiales certificados\" \/>\n                                <\/div>\n<div class=\"global-icon-set__title\">100% Materiales puros certificados<\/div>\n<\/p><\/div>\n<\/p><\/div>\n<\/p><\/div>","protected":false},"featured_media":221124,"template":"","meta":{"_acf_changed":false},"product_brand":[],"product_cat":[252],"product_tag":[549,175,176,177,385,386,181,182,183,52,184,185,186,187,188,191,192,193,194,195,387,197,550,149,203],"class_list":{"0":"post-217630","1":"product","2":"type-product","3":"status-publish","4":"has-post-thumbnail","6":"product_cat-mattresses","7":"product_tag-2-piece-mattress","8":"product_tag-affordable-natural-mattress","9":"product_tag-all-natural-futon","10":"product_tag-artisanal-mattress","11":"product_tag-co-sleeping","12":"product_tag-family-bed","13":"product_tag-firm-mattress","14":"product_tag-floor-bed-mattress","15":"product_tag-french-antique-bed","16":"product_tag-french-mattress","17":"product_tag-full-size-mattress-set","18":"product_tag-handmade-mattress","19":"product_tag-hard-mattress","20":"product_tag-hypoallergenic-bed","21":"product_tag-low-voc-mattress","22":"product_tag-mattress-sets","23":"product_tag-mattress-without-flame-retardant","24":"product_tag-natural-mattress","25":"product_tag-organic-foldable-bed","26":"product_tag-organic-mattress","27":"product_tag-overlanding","28":"product_tag-safe-mattresses","29":"product_tag-split-king-mattress","30":"product_tag-steps","31":"product_tag-wool-mattress","33":"first","34":"instock","35":"shipping-taxable","36":"purchasable","37":"product-type-simple"},"acf":[],"yoast_head":"<!-- This site is optimized with the Yoast SEO Premium plugin v27.4 (Yoast SEO v27.4) - https:\/\/yoast.com\/product\/yoast-seo-premium-wordpress\/ -->\n<title>Split Wool Mattress \u2013 The Mattress Every Couple Needs | Home of Wool<\/title>\n<meta name=\"description\" content=\"Customizable and breathable, the Split Wool Mattress uses organic wool filling. Hypoallergenic and toxin-free, it delivers sustainable, safe, and supportive comfort for couples.\" \/>\n<meta name=\"robots\" content=\"index, follow, max-snippet:-1, max-image-preview:large, max-video-preview:-1\" \/>\n<link rel=\"canonical\" href=\"https:\/\/homeofwool.com\/es\/tienda\/colchon-de-lana-dividido\/\" \/>\n<meta property=\"og:locale\" content=\"es_ES\" \/>\n<meta property=\"og:type\" content=\"article\" \/>\n<meta property=\"og:title\" content=\"Split Wool Mattress\" \/>\n<meta property=\"og:description\" content=\"Customizable and breathable, the Split Wool Mattress uses organic wool filling. Hypoallergenic and toxin-free, it delivers sustainable, safe, and supportive comfort for couples.\" \/>\n<meta property=\"og:url\" content=\"https:\/\/homeofwool.com\/es\/tienda\/colchon-de-lana-dividido\/\" \/>\n<meta property=\"og:site_name\" content=\"Home of Wool\" \/>\n<meta property=\"article:publisher\" content=\"https:\/\/facebook.com\/HomeOfWoolOfficial\" \/>\n<meta property=\"article:modified_time\" content=\"2026-02-11T10:11:59+00:00\" \/>\n<meta property=\"og:image\" content=\"https:\/\/homeofwool.com\/wp-content\/uploads\/2025\/09\/home-of-wool-split-wool-mattress-1-main.jpg\" \/>\n\t<meta property=\"og:image:width\" content=\"1920\" \/>\n\t<meta property=\"og:image:height\" content=\"1536\" \/>\n\t<meta property=\"og:image:type\" content=\"image\/jpeg\" \/>\n<meta name=\"twitter:card\" content=\"summary_large_image\" \/>\n<meta name=\"twitter:label1\" content=\"Tiempo de lectura\" \/>\n\t<meta name=\"twitter:data1\" content=\"2 minutos\" \/>\n<script type=\"application\/ld+json\" class=\"yoast-schema-graph\">{\"@context\":\"https:\\\/\\\/schema.org\",\"@graph\":[{\"@type\":\"WebPage\",\"@id\":\"https:\\\/\\\/homeofwool.com\\\/shop\\\/split-wool-mattress\\\/\",\"url\":\"https:\\\/\\\/homeofwool.com\\\/shop\\\/split-wool-mattress\\\/\",\"name\":\"Split Wool Mattress \u2013 The Mattress Every Couple Needs | Home of Wool\",\"isPartOf\":{\"@id\":\"https:\\\/\\\/homeofwool.com\\\/#website\"},\"primaryImageOfPage\":{\"@id\":\"https:\\\/\\\/homeofwool.com\\\/shop\\\/split-wool-mattress\\\/#primaryimage\"},\"image\":{\"@id\":\"https:\\\/\\\/homeofwool.com\\\/shop\\\/split-wool-mattress\\\/#primaryimage\"},\"thumbnailUrl\":\"https:\\\/\\\/homeofwool.com\\\/wp-content\\\/uploads\\\/2025\\\/09\\\/home-of-wool-split-wool-mattress-1-main.jpg\",\"datePublished\":\"2025-09-02T12:01:58+00:00\",\"dateModified\":\"2026-02-11T10:11:59+00:00\",\"description\":\"Customizable and breathable, the Split Wool Mattress uses organic wool filling. Hypoallergenic and toxin-free, it delivers sustainable, safe, and supportive comfort for couples.\",\"breadcrumb\":{\"@id\":\"https:\\\/\\\/homeofwool.com\\\/shop\\\/split-wool-mattress\\\/#breadcrumb\"},\"inLanguage\":\"es\",\"potentialAction\":[{\"@type\":\"ReadAction\",\"target\":[\"https:\\\/\\\/homeofwool.com\\\/shop\\\/split-wool-mattress\\\/\"]}]},{\"@type\":\"ImageObject\",\"inLanguage\":\"es\",\"@id\":\"https:\\\/\\\/homeofwool.com\\\/shop\\\/split-wool-mattress\\\/#primaryimage\",\"url\":\"https:\\\/\\\/homeofwool.com\\\/wp-content\\\/uploads\\\/2025\\\/09\\\/home-of-wool-split-wool-mattress-1-main.jpg\",\"contentUrl\":\"https:\\\/\\\/homeofwool.com\\\/wp-content\\\/uploads\\\/2025\\\/09\\\/home-of-wool-split-wool-mattress-1-main.jpg\",\"width\":1920,\"height\":1536,\"caption\":\"Wool split mattress full view showing both pieces zipped together\"},{\"@type\":\"BreadcrumbList\",\"@id\":\"https:\\\/\\\/homeofwool.com\\\/shop\\\/split-wool-mattress\\\/#breadcrumb\",\"itemListElement\":[{\"@type\":\"ListItem\",\"position\":1,\"name\":\"Home\",\"item\":\"https:\\\/\\\/homeofwool.com\\\/\"},{\"@type\":\"ListItem\",\"position\":2,\"name\":\"Products\",\"item\":\"https:\\\/\\\/homeofwool.com\\\/header-search-2\\\/\"},{\"@type\":\"ListItem\",\"position\":3,\"name\":\"Split Wool Mattress\"}]},{\"@type\":\"WebSite\",\"@id\":\"https:\\\/\\\/homeofwool.com\\\/#website\",\"url\":\"https:\\\/\\\/homeofwool.com\\\/\",\"name\":\"Home of Wool\",\"description\":\"\",\"publisher\":{\"@id\":\"https:\\\/\\\/homeofwool.com\\\/#organization\"},\"potentialAction\":[{\"@type\":\"SearchAction\",\"target\":{\"@type\":\"EntryPoint\",\"urlTemplate\":\"https:\\\/\\\/homeofwool.com\\\/?s={search_term_string}\"},\"query-input\":{\"@type\":\"PropertyValueSpecification\",\"valueRequired\":true,\"valueName\":\"search_term_string\"}}],\"inLanguage\":\"es\"},{\"@type\":\"Organization\",\"@id\":\"https:\\\/\\\/homeofwool.com\\\/#organization\",\"name\":\"Home of Wool\",\"url\":\"https:\\\/\\\/homeofwool.com\\\/\",\"logo\":{\"@type\":\"ImageObject\",\"inLanguage\":\"es\",\"@id\":\"https:\\\/\\\/homeofwool.com\\\/#\\\/schema\\\/logo\\\/image\\\/\",\"url\":\"https:\\\/\\\/homeofwool.com\\\/wp-content\\\/uploads\\\/2025\\\/09\\\/WhatsApp-Image-2025-12-02-at-16.23.20.jpeg\",\"contentUrl\":\"https:\\\/\\\/homeofwool.com\\\/wp-content\\\/uploads\\\/2025\\\/09\\\/WhatsApp-Image-2025-12-02-at-16.23.20.jpeg\",\"width\":700,\"height\":247,\"caption\":\"Home of Wool\"},\"image\":{\"@id\":\"https:\\\/\\\/homeofwool.com\\\/#\\\/schema\\\/logo\\\/image\\\/\"},\"sameAs\":[\"https:\\\/\\\/facebook.com\\\/HomeOfWoolOfficial\"]}]}<\/script>\n<!-- \/ Yoast SEO Premium plugin. -->","yoast_head_json":{"title":"Colch\u00f3n de lana dividido: el colch\u00f3n que toda pareja necesita | Home of Wool","description":"Personalizable y transpirable, el colch\u00f3n Split Wool utiliza relleno de lana org\u00e1nica. Hipoalerg\u00e9nico y libre de toxinas, ofrece un confort sostenible, seguro y con buen soporte para parejas.","robots":{"index":"index","follow":"follow","max-snippet":"max-snippet:-1","max-image-preview":"max-image-preview:large","max-video-preview":"max-video-preview:-1"},"canonical":"https:\/\/homeofwool.com\/es\/tienda\/colchon-de-lana-dividido\/","og_locale":"es_ES","og_type":"article","og_title":"Split Wool Mattress","og_description":"Customizable and breathable, the Split Wool Mattress uses organic wool filling. Hypoallergenic and toxin-free, it delivers sustainable, safe, and supportive comfort for couples.","og_url":"https:\/\/homeofwool.com\/es\/tienda\/colchon-de-lana-dividido\/","og_site_name":"Home of Wool","article_publisher":"https:\/\/facebook.com\/HomeOfWoolOfficial","article_modified_time":"2026-02-11T10:11:59+00:00","og_image":[{"width":1920,"height":1536,"url":"https:\/\/homeofwool.com\/wp-content\/uploads\/2025\/09\/home-of-wool-split-wool-mattress-1-main.jpg","type":"image\/jpeg"}],"twitter_card":"summary_large_image","twitter_misc":{"Tiempo de lectura":"2 minutos"},"schema":{"@context":"https:\/\/schema.org","@graph":[{"@type":"WebPage","@id":"https:\/\/homeofwool.com\/shop\/split-wool-mattress\/","url":"https:\/\/homeofwool.com\/shop\/split-wool-mattress\/","name":"Colch\u00f3n de lana dividido: el colch\u00f3n que toda pareja necesita | Home of Wool","isPartOf":{"@id":"https:\/\/homeofwool.com\/#website"},"primaryImageOfPage":{"@id":"https:\/\/homeofwool.com\/shop\/split-wool-mattress\/#primaryimage"},"image":{"@id":"https:\/\/homeofwool.com\/shop\/split-wool-mattress\/#primaryimage"},"thumbnailUrl":"https:\/\/homeofwool.com\/wp-content\/uploads\/2025\/09\/home-of-wool-split-wool-mattress-1-main.jpg","datePublished":"2025-09-02T12:01:58+00:00","dateModified":"2026-02-11T10:11:59+00:00","description":"Personalizable y transpirable, el colch\u00f3n Split Wool utiliza relleno de lana org\u00e1nica. Hipoalerg\u00e9nico y libre de toxinas, ofrece un confort sostenible, seguro y con buen soporte para parejas.","breadcrumb":{"@id":"https:\/\/homeofwool.com\/shop\/split-wool-mattress\/#breadcrumb"},"inLanguage":"es","potentialAction":[{"@type":"ReadAction","target":["https:\/\/homeofwool.com\/shop\/split-wool-mattress\/"]}]},{"@type":"ImageObject","inLanguage":"es","@id":"https:\/\/homeofwool.com\/shop\/split-wool-mattress\/#primaryimage","url":"https:\/\/homeofwool.com\/wp-content\/uploads\/2025\/09\/home-of-wool-split-wool-mattress-1-main.jpg","contentUrl":"https:\/\/homeofwool.com\/wp-content\/uploads\/2025\/09\/home-of-wool-split-wool-mattress-1-main.jpg","width":1920,"height":1536,"caption":"Wool split mattress full view showing both pieces zipped together"},{"@type":"BreadcrumbList","@id":"https:\/\/homeofwool.com\/shop\/split-wool-mattress\/#breadcrumb","itemListElement":[{"@type":"ListItem","position":1,"name":"Home","item":"https:\/\/homeofwool.com\/"},{"@type":"ListItem","position":2,"name":"Products","item":"https:\/\/homeofwool.com\/header-search-2\/"},{"@type":"ListItem","position":3,"name":"Split Wool Mattress"}]},{"@type":"WebSite","@id":"https:\/\/homeofwool.com\/#website","url":"https:\/\/homeofwool.com\/","name":"Hogar de la lana","description":"","publisher":{"@id":"https:\/\/homeofwool.com\/#organization"},"potentialAction":[{"@type":"SearchAction","target":{"@type":"EntryPoint","urlTemplate":"https:\/\/homeofwool.com\/?s={search_term_string}"},"query-input":{"@type":"PropertyValueSpecification","valueRequired":true,"valueName":"search_term_string"}}],"inLanguage":"es"},{"@type":"Organization","@id":"https:\/\/homeofwool.com\/#organization","name":"Hogar de la lana","url":"https:\/\/homeofwool.com\/","logo":{"@type":"ImageObject","inLanguage":"es","@id":"https:\/\/homeofwool.com\/#\/schema\/logo\/image\/","url":"https:\/\/homeofwool.com\/wp-content\/uploads\/2025\/09\/WhatsApp-Image-2025-12-02-at-16.23.20.jpeg","contentUrl":"https:\/\/homeofwool.com\/wp-content\/uploads\/2025\/09\/WhatsApp-Image-2025-12-02-at-16.23.20.jpeg","width":700,"height":247,"caption":"Home of Wool"},"image":{"@id":"https:\/\/homeofwool.com\/#\/schema\/logo\/image\/"},"sameAs":["https:\/\/facebook.com\/HomeOfWoolOfficial"]}]}},"_links":{"self":[{"href":"https:\/\/homeofwool.com\/es\/wp-json\/wp\/v2\/product\/217630","targetHints":{"allow":["GET"]}}],"collection":[{"href":"https:\/\/homeofwool.com\/es\/wp-json\/wp\/v2\/product"}],"about":[{"href":"https:\/\/homeofwool.com\/es\/wp-json\/wp\/v2\/types\/product"}],"version-history":[{"count":1,"href":"https:\/\/homeofwool.com\/es\/wp-json\/wp\/v2\/product\/217630\/revisions"}],"predecessor-version":[{"id":226706,"href":"https:\/\/homeofwool.com\/es\/wp-json\/wp\/v2\/product\/217630\/revisions\/226706"}],"wp:featuredmedia":[{"embeddable":true,"href":"https:\/\/homeofwool.com\/es\/wp-json\/wp\/v2\/media\/221124"}],"wp:attachment":[{"href":"https:\/\/homeofwool.com\/es\/wp-json\/wp\/v2\/media?parent=217630"}],"wp:term":[{"taxonomy":"product_brand","embeddable":true,"href":"https:\/\/homeofwool.com\/es\/wp-json\/wp\/v2\/product_brand?post=217630"},{"taxonomy":"product_cat","embeddable":true,"href":"https:\/\/homeofwool.com\/es\/wp-json\/wp\/v2\/product_cat?post=217630"},{"taxonomy":"product_tag","embeddable":true,"href":"https:\/\/homeofwool.com\/es\/wp-json\/wp\/v2\/product_tag?post=217630"}],"curies":[{"name":"wp","href":"https:\/\/api.w.org\/{rel}","templated":true}]}}