{"id":217619,"date":"2025-09-02T12:01:44","date_gmt":"2025-09-02T12:01:44","guid":{"rendered":"https:\/\/homeofwool.com\/?post_type=product&#038;p=217619"},"modified":"2026-02-11T10:12:00","modified_gmt":"2026-02-11T10:12:00","slug":"cama-redonda-para-perro","status":"publish","type":"product","link":"https:\/\/homeofwool.com\/es\/shop\/round-dog-bed\/","title":{"rendered":"Cama redonda de lana para perros"},"content":{"rendered":"<p>A algunos perros les gusta estirarse, pero a la mayor\u00eda les encanta acurrucarse en un c\u00edrculo acogedor. Esta cama redonda para perros est\u00e1 dise\u00f1ada precisamente para eso. El relleno de lana crea una base de apoyo que se adapta a la forma de tu perro y ayuda a aliviar la presi\u00f3n sobre las articulaciones. Dado que la lana regula la temperatura de forma natural, esta cama sirve como cama refrescante para perros en verano y como refugio c\u00e1lido cuando llega el fr\u00edo.<\/p>\n<p>Los laterales elevados act\u00faan como un nido suave, lo que proporciona a tu perro una sensaci\u00f3n de seguridad mientras descansa. El coj\u00edn o almohada central para perros, de 5-8 cm de grosor, se puede ajustar f\u00e1cilmente gracias a las cremalleras que permiten a\u00f1adir o quitar relleno. La funda exterior est\u00e1 fabricada con tejidos naturales duraderos y se puede quitar f\u00e1cilmente para lavarla. En el interior, el relleno de lana est\u00e1 recubierto por un tejido transpirable repelente al agua y a las manchas. Esto ayuda a proteger el relleno de lana y mantiene la cama fresca durante m\u00e1s tiempo.<\/p>\n<p>Cada cama se fabrica por encargo utilizando \u00fanicamente materiales naturales. Puede solicitar su cama para perro en un tama\u00f1o personalizado. Tambi\u00e9n puede pedir primero una muestra de tela y lana para sentir las texturas de primera mano. De esta manera, el resultado ser\u00e1 una cama \u00fanica hecha para su \u00fanico y querido amigo peludo.<\/p>","protected":false},"excerpt":{"rendered":"<p>Esta cama redonda para perros est\u00e1 dise\u00f1ada para aquellos perros a los que les encanta acurrucarse y sentirse protegidos. Rellenada con lana pura, ofrece la combinaci\u00f3n perfecta de suavidad y soporte. Las fibras naturales mantienen a tu mascota c\u00f3moda y fresca. Sin sobrecalentamiento ni acumulaci\u00f3n de humedad. Cada cama se fabrica por encargo, adaptada al tama\u00f1o y la comodidad de tu perro para un ajuste verdaderamente personalizado.<\/p>\n<div class=\"global-icon-set\">\n<div class=\"global-icon-set__items\">\n<div class=\"global-icon-set__item\">\n<div class=\"global-icon-set__image\">\n                                    <img decoding=\"async\" src=\"https:\/\/homeofwool.com\/wp-content\/uploads\/2025\/09\/handmade-icon-300x300.png\" alt=\"icono hecho a mano\" \/>\n                                <\/div>\n<div class=\"global-icon-set__title\">Hecho a mano<\/div>\n<\/p><\/div>\n<div class=\"global-icon-set__item\">\n<div class=\"global-icon-set__image\">\n                                    <img decoding=\"async\" src=\"https:\/\/homeofwool.com\/wp-content\/uploads\/2025\/09\/VOCs-min-300x300.png\" alt=\"vocs free\" \/>\n                                <\/div>\n<div class=\"global-icon-set__title\">Sin COV<\/div>\n<\/p><\/div>\n<div class=\"global-icon-set__item\">\n<div class=\"global-icon-set__image\">\n                                    <img decoding=\"async\" src=\"https:\/\/homeofwool.com\/wp-content\/uploads\/2025\/09\/FR-min-300x300.png\" alt=\"icono de resistencia al fuego\" \/>\n                                <\/div>\n<div class=\"global-icon-set__title\">Resistente al fuego<\/div>\n<\/p><\/div>\n<div class=\"global-icon-set__item\">\n<div class=\"global-icon-set__image\">\n                                    <img decoding=\"async\" src=\"https:\/\/homeofwool.com\/wp-content\/uploads\/2025\/09\/Hypoallergenic-min-300x300.png\" alt=\"icono hipoalerg\u00e9nico\" \/>\n                                <\/div>\n<div class=\"global-icon-set__title\">Hipoalerg\u00e9nico<\/div>\n<\/p><\/div>\n<div class=\"global-icon-set__item\">\n<div class=\"global-icon-set__image\">\n                                    <img decoding=\"async\" src=\"https:\/\/homeofwool.com\/wp-content\/uploads\/2025\/09\/free-of-synthetics-icon-300x300.png\" alt=\"icono sin sint\u00e9ticos\" \/>\n                                <\/div>\n<div class=\"global-icon-set__title\">Sin sint\u00e9ticos<\/div>\n<\/p><\/div>\n<div class=\"global-icon-set__item\">\n<div class=\"global-icon-set__image\">\n                                    <img decoding=\"async\" src=\"https:\/\/homeofwool.com\/wp-content\/uploads\/2025\/09\/chemical-free-icon-300x300.png\" alt=\"icono sin productos qu\u00edmicos\" \/>\n                                <\/div>\n<div class=\"global-icon-set__title\">Sin productos qu\u00edmicos<\/div>\n<\/p><\/div>\n<div class=\"global-icon-set__item\">\n<div class=\"global-icon-set__image\">\n                                    <img decoding=\"async\" src=\"https:\/\/homeofwool.com\/wp-content\/uploads\/2025\/09\/anti-bacterial-icon-300x300.png\" alt=\"icono antibacteriano\" \/>\n                                <\/div>\n<div class=\"global-icon-set__title\">Antimicrobiano y antibacteriano<\/div>\n<\/p><\/div>\n<div class=\"global-icon-set__item\">\n<div class=\"global-icon-set__image\">\n                                    <img decoding=\"async\" src=\"https:\/\/homeofwool.com\/wp-content\/uploads\/2025\/09\/certified-materials-icon-300x300.png\" alt=\"icono de materiales certificados\" \/>\n                                <\/div>\n<div class=\"global-icon-set__title\">100% Materiales puros certificados<\/div>\n<\/p><\/div>\n<\/p><\/div>\n<\/p><\/div>","protected":false},"featured_media":218580,"template":"","meta":{"_acf_changed":false},"product_brand":[],"product_cat":[154],"product_tag":[339,156,158,340,159,341,162,164,149,342],"class_list":{"0":"post-217619","1":"product","2":"type-product","3":"status-publish","4":"has-post-thumbnail","6":"product_cat-pet-beds","7":"product_tag-cat-beds","8":"product_tag-custom-pet-bed","9":"product_tag-kitten-bed","10":"product_tag-large-dog-beds","11":"product_tag-luxury-dog-beds","12":"product_tag-organic-pet-bedding","13":"product_tag-puppy-mattress","14":"product_tag-small-dog-beds","15":"product_tag-steps","16":"product_tag-xl-xxl-dog-bed","18":"first","19":"instock","20":"shipping-taxable","21":"purchasable","22":"product-type-simple"},"acf":[],"yoast_head":"<!-- This site is optimized with the Yoast SEO Premium plugin v27.3 (Yoast SEO v27.3) - https:\/\/yoast.com\/product\/yoast-seo-premium-wordpress\/ -->\n<title>Round Dog Bed \u2013 Cooling Dog Bed | Home of Wool<\/title>\n<meta name=\"description\" content=\"The Round Dog Bed combines breathable wool filling with toxin-free comfort. Hypoallergenic and natural, it provides sustainable, cooling rest for pets all year.\" \/>\n<meta name=\"robots\" content=\"index, follow, max-snippet:-1, max-image-preview:large, max-video-preview:-1\" \/>\n<link rel=\"canonical\" href=\"https:\/\/homeofwool.com\/es\/tienda\/cama-redonda-para-perro\/\" \/>\n<meta property=\"og:locale\" content=\"es_ES\" \/>\n<meta property=\"og:type\" content=\"article\" \/>\n<meta property=\"og:title\" content=\"Round Wool Dog Bed\" \/>\n<meta property=\"og:description\" content=\"The Round Dog Bed combines breathable wool filling with toxin-free comfort. Hypoallergenic and natural, it provides sustainable, cooling rest for pets all year.\" \/>\n<meta property=\"og:url\" content=\"https:\/\/homeofwool.com\/es\/tienda\/cama-redonda-para-perro\/\" \/>\n<meta property=\"og:site_name\" content=\"Home of Wool\" \/>\n<meta property=\"article:publisher\" content=\"https:\/\/facebook.com\/HomeOfWoolOfficial\" \/>\n<meta property=\"article:modified_time\" content=\"2026-02-11T10:12:00+00:00\" \/>\n<meta property=\"og:image\" content=\"https:\/\/homeofwool.com\/wp-content\/uploads\/2025\/09\/home-of-wool-round-wool-dog-bed-1.main_.jpg\" \/>\n\t<meta property=\"og:image:width\" content=\"1900\" \/>\n\t<meta property=\"og:image:height\" content=\"1520\" \/>\n\t<meta property=\"og:image:type\" content=\"image\/jpeg\" \/>\n<meta name=\"twitter:card\" content=\"summary_large_image\" \/>\n<meta name=\"twitter:label1\" content=\"Tiempo de lectura\" \/>\n\t<meta name=\"twitter:data1\" content=\"2 minutos\" \/>\n<script type=\"application\/ld+json\" class=\"yoast-schema-graph\">{\"@context\":\"https:\\\/\\\/schema.org\",\"@graph\":[{\"@type\":\"WebPage\",\"@id\":\"https:\\\/\\\/homeofwool.com\\\/it\\\/negozio\\\/lettino-rotondo-per-cani\\\/\",\"url\":\"https:\\\/\\\/homeofwool.com\\\/it\\\/negozio\\\/lettino-rotondo-per-cani\\\/\",\"name\":\"Round Dog Bed \u2013 Cooling Dog Bed | Home of Wool\",\"isPartOf\":{\"@id\":\"https:\\\/\\\/homeofwool.com\\\/#website\"},\"primaryImageOfPage\":{\"@id\":\"https:\\\/\\\/homeofwool.com\\\/it\\\/negozio\\\/lettino-rotondo-per-cani\\\/#primaryimage\"},\"image\":{\"@id\":\"https:\\\/\\\/homeofwool.com\\\/it\\\/negozio\\\/lettino-rotondo-per-cani\\\/#primaryimage\"},\"thumbnailUrl\":\"https:\\\/\\\/homeofwool.com\\\/wp-content\\\/uploads\\\/2025\\\/09\\\/home-of-wool-round-wool-dog-bed-1.main_.jpg\",\"datePublished\":\"2025-09-02T12:01:44+00:00\",\"dateModified\":\"2026-02-11T10:12:00+00:00\",\"description\":\"The Round Dog Bed combines breathable wool filling with toxin-free comfort. Hypoallergenic and natural, it provides sustainable, cooling rest for pets all year.\",\"breadcrumb\":{\"@id\":\"https:\\\/\\\/homeofwool.com\\\/it\\\/negozio\\\/lettino-rotondo-per-cani\\\/#breadcrumb\"},\"inLanguage\":\"es\",\"potentialAction\":[{\"@type\":\"ReadAction\",\"target\":[\"https:\\\/\\\/homeofwool.com\\\/it\\\/negozio\\\/lettino-rotondo-per-cani\\\/\"]}]},{\"@type\":\"ImageObject\",\"inLanguage\":\"es\",\"@id\":\"https:\\\/\\\/homeofwool.com\\\/it\\\/negozio\\\/lettino-rotondo-per-cani\\\/#primaryimage\",\"url\":\"https:\\\/\\\/homeofwool.com\\\/wp-content\\\/uploads\\\/2025\\\/09\\\/home-of-wool-round-wool-dog-bed-1.main_.jpg\",\"contentUrl\":\"https:\\\/\\\/homeofwool.com\\\/wp-content\\\/uploads\\\/2025\\\/09\\\/home-of-wool-round-wool-dog-bed-1.main_.jpg\",\"width\":1900,\"height\":1520,\"caption\":\"round wool dog bed with a dog lying in it\"},{\"@type\":\"BreadcrumbList\",\"@id\":\"https:\\\/\\\/homeofwool.com\\\/it\\\/negozio\\\/lettino-rotondo-per-cani\\\/#breadcrumb\",\"itemListElement\":[{\"@type\":\"ListItem\",\"position\":1,\"name\":\"Home\",\"item\":\"https:\\\/\\\/homeofwool.com\\\/\"},{\"@type\":\"ListItem\",\"position\":2,\"name\":\"Products\",\"item\":\"https:\\\/\\\/homeofwool.com\\\/header-search-2\\\/\"},{\"@type\":\"ListItem\",\"position\":3,\"name\":\"Round Wool Dog Bed\"}]},{\"@type\":\"WebSite\",\"@id\":\"https:\\\/\\\/homeofwool.com\\\/#website\",\"url\":\"https:\\\/\\\/homeofwool.com\\\/\",\"name\":\"Home of Wool\",\"description\":\"\",\"publisher\":{\"@id\":\"https:\\\/\\\/homeofwool.com\\\/#organization\"},\"potentialAction\":[{\"@type\":\"SearchAction\",\"target\":{\"@type\":\"EntryPoint\",\"urlTemplate\":\"https:\\\/\\\/homeofwool.com\\\/?s={search_term_string}\"},\"query-input\":{\"@type\":\"PropertyValueSpecification\",\"valueRequired\":true,\"valueName\":\"search_term_string\"}}],\"inLanguage\":\"es\"},{\"@type\":\"Organization\",\"@id\":\"https:\\\/\\\/homeofwool.com\\\/#organization\",\"name\":\"Home of Wool\",\"url\":\"https:\\\/\\\/homeofwool.com\\\/\",\"logo\":{\"@type\":\"ImageObject\",\"inLanguage\":\"es\",\"@id\":\"https:\\\/\\\/homeofwool.com\\\/#\\\/schema\\\/logo\\\/image\\\/\",\"url\":\"https:\\\/\\\/homeofwool.com\\\/wp-content\\\/uploads\\\/2025\\\/09\\\/WhatsApp-Image-2025-12-02-at-16.23.20.jpeg\",\"contentUrl\":\"https:\\\/\\\/homeofwool.com\\\/wp-content\\\/uploads\\\/2025\\\/09\\\/WhatsApp-Image-2025-12-02-at-16.23.20.jpeg\",\"width\":700,\"height\":247,\"caption\":\"Home of Wool\"},\"image\":{\"@id\":\"https:\\\/\\\/homeofwool.com\\\/#\\\/schema\\\/logo\\\/image\\\/\"},\"sameAs\":[\"https:\\\/\\\/facebook.com\\\/HomeOfWoolOfficial\"]}]}<\/script>\n<!-- \/ Yoast SEO Premium plugin. -->","yoast_head_json":{"title":"Cama redonda para perros \u2013 Cama refrescante para perros | Home of Wool","description":"La cama redonda para perros combina un relleno de lana transpirable con una comodidad libre de toxinas. Hipoalerg\u00e9nica y natural, proporciona un descanso sostenible y refrescante a las mascotas durante todo el a\u00f1o.","robots":{"index":"index","follow":"follow","max-snippet":"max-snippet:-1","max-image-preview":"max-image-preview:large","max-video-preview":"max-video-preview:-1"},"canonical":"https:\/\/homeofwool.com\/es\/tienda\/cama-redonda-para-perro\/","og_locale":"es_ES","og_type":"article","og_title":"Round Wool Dog Bed","og_description":"The Round Dog Bed combines breathable wool filling with toxin-free comfort. Hypoallergenic and natural, it provides sustainable, cooling rest for pets all year.","og_url":"https:\/\/homeofwool.com\/es\/tienda\/cama-redonda-para-perro\/","og_site_name":"Home of Wool","article_publisher":"https:\/\/facebook.com\/HomeOfWoolOfficial","article_modified_time":"2026-02-11T10:12:00+00:00","og_image":[{"width":1900,"height":1520,"url":"https:\/\/homeofwool.com\/wp-content\/uploads\/2025\/09\/home-of-wool-round-wool-dog-bed-1.main_.jpg","type":"image\/jpeg"}],"twitter_card":"summary_large_image","twitter_misc":{"Tiempo de lectura":"2 minutos"},"schema":{"@context":"https:\/\/schema.org","@graph":[{"@type":"WebPage","@id":"https:\/\/homeofwool.com\/it\/negozio\/lettino-rotondo-per-cani\/","url":"https:\/\/homeofwool.com\/it\/negozio\/lettino-rotondo-per-cani\/","name":"Cama redonda para perros \u2013 Cama refrescante para perros | Home of Wool","isPartOf":{"@id":"https:\/\/homeofwool.com\/#website"},"primaryImageOfPage":{"@id":"https:\/\/homeofwool.com\/it\/negozio\/lettino-rotondo-per-cani\/#primaryimage"},"image":{"@id":"https:\/\/homeofwool.com\/it\/negozio\/lettino-rotondo-per-cani\/#primaryimage"},"thumbnailUrl":"https:\/\/homeofwool.com\/wp-content\/uploads\/2025\/09\/home-of-wool-round-wool-dog-bed-1.main_.jpg","datePublished":"2025-09-02T12:01:44+00:00","dateModified":"2026-02-11T10:12:00+00:00","description":"La cama redonda para perros combina un relleno de lana transpirable con una comodidad libre de toxinas. Hipoalerg\u00e9nica y natural, proporciona un descanso sostenible y refrescante a las mascotas durante todo el a\u00f1o.","breadcrumb":{"@id":"https:\/\/homeofwool.com\/it\/negozio\/lettino-rotondo-per-cani\/#breadcrumb"},"inLanguage":"es","potentialAction":[{"@type":"ReadAction","target":["https:\/\/homeofwool.com\/it\/negozio\/lettino-rotondo-per-cani\/"]}]},{"@type":"ImageObject","inLanguage":"es","@id":"https:\/\/homeofwool.com\/it\/negozio\/lettino-rotondo-per-cani\/#primaryimage","url":"https:\/\/homeofwool.com\/wp-content\/uploads\/2025\/09\/home-of-wool-round-wool-dog-bed-1.main_.jpg","contentUrl":"https:\/\/homeofwool.com\/wp-content\/uploads\/2025\/09\/home-of-wool-round-wool-dog-bed-1.main_.jpg","width":1900,"height":1520,"caption":"round wool dog bed with a dog lying in it"},{"@type":"BreadcrumbList","@id":"https:\/\/homeofwool.com\/it\/negozio\/lettino-rotondo-per-cani\/#breadcrumb","itemListElement":[{"@type":"ListItem","position":1,"name":"Home","item":"https:\/\/homeofwool.com\/"},{"@type":"ListItem","position":2,"name":"Products","item":"https:\/\/homeofwool.com\/header-search-2\/"},{"@type":"ListItem","position":3,"name":"Round Wool Dog Bed"}]},{"@type":"WebSite","@id":"https:\/\/homeofwool.com\/#website","url":"https:\/\/homeofwool.com\/","name":"Hogar de la lana","description":"","publisher":{"@id":"https:\/\/homeofwool.com\/#organization"},"potentialAction":[{"@type":"SearchAction","target":{"@type":"EntryPoint","urlTemplate":"https:\/\/homeofwool.com\/?s={search_term_string}"},"query-input":{"@type":"PropertyValueSpecification","valueRequired":true,"valueName":"search_term_string"}}],"inLanguage":"es"},{"@type":"Organization","@id":"https:\/\/homeofwool.com\/#organization","name":"Hogar de la lana","url":"https:\/\/homeofwool.com\/","logo":{"@type":"ImageObject","inLanguage":"es","@id":"https:\/\/homeofwool.com\/#\/schema\/logo\/image\/","url":"https:\/\/homeofwool.com\/wp-content\/uploads\/2025\/09\/WhatsApp-Image-2025-12-02-at-16.23.20.jpeg","contentUrl":"https:\/\/homeofwool.com\/wp-content\/uploads\/2025\/09\/WhatsApp-Image-2025-12-02-at-16.23.20.jpeg","width":700,"height":247,"caption":"Home of Wool"},"image":{"@id":"https:\/\/homeofwool.com\/#\/schema\/logo\/image\/"},"sameAs":["https:\/\/facebook.com\/HomeOfWoolOfficial"]}]}},"_links":{"self":[{"href":"https:\/\/homeofwool.com\/es\/wp-json\/wp\/v2\/product\/217619","targetHints":{"allow":["GET"]}}],"collection":[{"href":"https:\/\/homeofwool.com\/es\/wp-json\/wp\/v2\/product"}],"about":[{"href":"https:\/\/homeofwool.com\/es\/wp-json\/wp\/v2\/types\/product"}],"version-history":[{"count":1,"href":"https:\/\/homeofwool.com\/es\/wp-json\/wp\/v2\/product\/217619\/revisions"}],"predecessor-version":[{"id":226709,"href":"https:\/\/homeofwool.com\/es\/wp-json\/wp\/v2\/product\/217619\/revisions\/226709"}],"wp:featuredmedia":[{"embeddable":true,"href":"https:\/\/homeofwool.com\/es\/wp-json\/wp\/v2\/media\/218580"}],"wp:attachment":[{"href":"https:\/\/homeofwool.com\/es\/wp-json\/wp\/v2\/media?parent=217619"}],"wp:term":[{"taxonomy":"product_brand","embeddable":true,"href":"https:\/\/homeofwool.com\/es\/wp-json\/wp\/v2\/product_brand?post=217619"},{"taxonomy":"product_cat","embeddable":true,"href":"https:\/\/homeofwool.com\/es\/wp-json\/wp\/v2\/product_cat?post=217619"},{"taxonomy":"product_tag","embeddable":true,"href":"https:\/\/homeofwool.com\/es\/wp-json\/wp\/v2\/product_tag?post=217619"}],"curies":[{"name":"wp","href":"https:\/\/api.w.org\/{rel}","templated":true}]}}