{"id":217618,"date":"2025-09-02T12:01:44","date_gmt":"2025-09-02T12:01:44","guid":{"rendered":"https:\/\/homeofwool.com\/?post_type=product&#038;p=217618"},"modified":"2026-02-11T10:47:49","modified_gmt":"2026-02-11T10:47:49","slug":"cama-para-perro","status":"publish","type":"product","link":"https:\/\/homeofwool.com\/es\/shop\/dog-bed\/","title":{"rendered":"Cama de lana para perros"},"content":{"rendered":"<p>Esta cama para perros combina la comodidad atemporal de la lana con un dise\u00f1o pr\u00e1ctico. Cada cama est\u00e1 rellena de lana pura sin tratar. La lana es un regulador de temperatura natural, por lo que esta cama para perros es fresca en climas c\u00e1lidos y mantiene a tu mascota c\u00f3moda y abrigada cuando hace fr\u00edo. La lana absorbe la humedad y resiste los olores, creando un entorno limpio y fresco para tu mascota. Si tu perro es sensible o propenso a las alergias, te alegrar\u00e1 saber que esta almohada para perros es naturalmente hipoalerg\u00e9nica y est\u00e1 fabricada sin productos qu\u00edmicos nocivos.<\/p>\n<p>La funda exterior es resistente y duradera, y se puede quitar y lavar f\u00e1cilmente cuando sea necesario. En el interior, el forro ayuda a resistir las manchas y la humedad. Para mantener el relleno fresco, airearlo al sol de vez en cuando.<\/p>\n<p>El dise\u00f1o cuenta con tablas elevadas rellenas de lana, lo que crea un marco suave pero resistente que envuelve suavemente a su perro para darle una sensaci\u00f3n de comodidad y seguridad. Un coj\u00edn de apoyo para perros, de unos 10 cm de grosor, en el centro proporciona una comodidad equilibrada para las articulaciones y los puntos de presi\u00f3n, lo que ayuda a su mascota a relajarse profundamente y descansar bien. Cada cama se fabrica bajo pedido, por lo que podemos adaptarla perfectamente al tama\u00f1o de su perro. Tambi\u00e9n puede a\u00f1adir bordados para personalizarla a\u00fan m\u00e1s.<\/p>","protected":false},"excerpt":{"rendered":"<p>Ofrezca a su perro un lugar naturalmente lujoso para descansar con nuestra cama para perros hecha a mano. Rellenada con lana pura, ofrece un suave apoyo y act\u00faa como una cama refrescante para perros en verano y un refugio acogedor en invierno. Suave, transpirable y no t\u00f3xica, esta es la comodidad Home of Wool que le encantar\u00e1 a su mascota.<\/p>\n<div class=\"global-icon-set\">\n<div class=\"global-icon-set__items\">\n<div class=\"global-icon-set__item\">\n<div class=\"global-icon-set__image\">\n                                    <img decoding=\"async\" src=\"https:\/\/homeofwool.com\/wp-content\/uploads\/2025\/09\/handmade-icon-300x300.png\" alt=\"icono hecho a mano\" \/>\n                                <\/div>\n<div class=\"global-icon-set__title\">Hecho a mano<\/div>\n<\/p><\/div>\n<div class=\"global-icon-set__item\">\n<div class=\"global-icon-set__image\">\n                                    <img decoding=\"async\" src=\"https:\/\/homeofwool.com\/wp-content\/uploads\/2025\/09\/VOCs-min-300x300.png\" alt=\"vocs free\" \/>\n                                <\/div>\n<div class=\"global-icon-set__title\">Sin COV<\/div>\n<\/p><\/div>\n<div class=\"global-icon-set__item\">\n<div class=\"global-icon-set__image\">\n                                    <img decoding=\"async\" src=\"https:\/\/homeofwool.com\/wp-content\/uploads\/2025\/09\/FR-min-300x300.png\" alt=\"icono de resistencia al fuego\" \/>\n                                <\/div>\n<div class=\"global-icon-set__title\">Resistente al fuego<\/div>\n<\/p><\/div>\n<div class=\"global-icon-set__item\">\n<div class=\"global-icon-set__image\">\n                                    <img decoding=\"async\" src=\"https:\/\/homeofwool.com\/wp-content\/uploads\/2025\/09\/Hypoallergenic-min-300x300.png\" alt=\"icono hipoalerg\u00e9nico\" \/>\n                                <\/div>\n<div class=\"global-icon-set__title\">Hipoalerg\u00e9nico<\/div>\n<\/p><\/div>\n<div class=\"global-icon-set__item\">\n<div class=\"global-icon-set__image\">\n                                    <img decoding=\"async\" src=\"https:\/\/homeofwool.com\/wp-content\/uploads\/2025\/09\/free-of-synthetics-icon-300x300.png\" alt=\"icono sin sint\u00e9ticos\" \/>\n                                <\/div>\n<div class=\"global-icon-set__title\">Sin sint\u00e9ticos<\/div>\n<\/p><\/div>\n<div class=\"global-icon-set__item\">\n<div class=\"global-icon-set__image\">\n                                    <img decoding=\"async\" src=\"https:\/\/homeofwool.com\/wp-content\/uploads\/2025\/09\/chemical-free-icon-300x300.png\" alt=\"icono sin productos qu\u00edmicos\" \/>\n                                <\/div>\n<div class=\"global-icon-set__title\">Sin productos qu\u00edmicos<\/div>\n<\/p><\/div>\n<div class=\"global-icon-set__item\">\n<div class=\"global-icon-set__image\">\n                                    <img decoding=\"async\" src=\"https:\/\/homeofwool.com\/wp-content\/uploads\/2025\/09\/anti-bacterial-icon-300x300.png\" alt=\"icono antibacteriano\" \/>\n                                <\/div>\n<div class=\"global-icon-set__title\">Antimicrobiano y antibacteriano<\/div>\n<\/p><\/div>\n<div class=\"global-icon-set__item\">\n<div class=\"global-icon-set__image\">\n                                    <img decoding=\"async\" src=\"https:\/\/homeofwool.com\/wp-content\/uploads\/2025\/09\/certified-materials-icon-300x300.png\" alt=\"icono de materiales certificados\" \/>\n                                <\/div>\n<div class=\"global-icon-set__title\">100% Materiales puros certificados<\/div>\n<\/p><\/div>\n<\/p><\/div>\n<\/p><\/div>","protected":false},"featured_media":218587,"template":"","meta":{"_acf_changed":false},"product_brand":[],"product_cat":[154],"product_tag":[339,156,158,340,159,341,162,164,149,342],"class_list":{"0":"post-217618","1":"product","2":"type-product","3":"status-publish","4":"has-post-thumbnail","6":"product_cat-pet-beds","7":"product_tag-cat-beds","8":"product_tag-custom-pet-bed","9":"product_tag-kitten-bed","10":"product_tag-large-dog-beds","11":"product_tag-luxury-dog-beds","12":"product_tag-organic-pet-bedding","13":"product_tag-puppy-mattress","14":"product_tag-small-dog-beds","15":"product_tag-steps","16":"product_tag-xl-xxl-dog-bed","18":"first","19":"instock","20":"shipping-taxable","21":"purchasable","22":"product-type-simple"},"acf":[],"yoast_head":"<!-- This site is optimized with the Yoast SEO Premium plugin v27.3 (Yoast SEO v27.3) - https:\/\/yoast.com\/product\/yoast-seo-premium-wordpress\/ -->\n<title>Dog Bed \u2013 Cooling Dog Bed | Home of Wool<\/title>\n<meta name=\"description\" content=\"Breathable and eco-friendly, the Dog Bed is filled with wool for cooling comfort. Hypoallergenic and toxin-free, it provides sustainable, safe rest for pets in every season.\" \/>\n<meta name=\"robots\" content=\"index, follow, max-snippet:-1, max-image-preview:large, max-video-preview:-1\" \/>\n<link rel=\"canonical\" href=\"https:\/\/homeofwool.com\/es\/tienda\/cama-para-perro\/\" \/>\n<meta property=\"og:locale\" content=\"es_ES\" \/>\n<meta property=\"og:type\" content=\"article\" \/>\n<meta property=\"og:title\" content=\"Wool Dog Bed\" \/>\n<meta property=\"og:description\" content=\"Breathable and eco-friendly, the Dog Bed is filled with wool for cooling comfort. Hypoallergenic and toxin-free, it provides sustainable, safe rest for pets in every season.\" \/>\n<meta property=\"og:url\" content=\"https:\/\/homeofwool.com\/es\/tienda\/cama-para-perro\/\" \/>\n<meta property=\"og:site_name\" content=\"Home of Wool\" \/>\n<meta property=\"article:publisher\" content=\"https:\/\/facebook.com\/HomeOfWoolOfficial\" \/>\n<meta property=\"article:modified_time\" content=\"2026-02-11T10:47:49+00:00\" \/>\n<meta property=\"og:image\" content=\"https:\/\/homeofwool.com\/wp-content\/uploads\/2025\/09\/home-of-wool-wool-dog-bed-1-main.jpg\" \/>\n\t<meta property=\"og:image:width\" content=\"1900\" \/>\n\t<meta property=\"og:image:height\" content=\"1520\" \/>\n\t<meta property=\"og:image:type\" content=\"image\/jpeg\" \/>\n<meta name=\"twitter:card\" content=\"summary_large_image\" \/>\n<meta name=\"twitter:label1\" content=\"Tiempo de lectura\" \/>\n\t<meta name=\"twitter:data1\" content=\"2 minutos\" \/>\n<script type=\"application\/ld+json\" class=\"yoast-schema-graph\">{\"@context\":\"https:\\\/\\\/schema.org\",\"@graph\":[{\"@type\":\"WebPage\",\"@id\":\"https:\\\/\\\/homeofwool.com\\\/da\\\/butik\\\/hundeseng\\\/\",\"url\":\"https:\\\/\\\/homeofwool.com\\\/da\\\/butik\\\/hundeseng\\\/\",\"name\":\"Dog Bed \u2013 Cooling Dog Bed | Home of Wool\",\"isPartOf\":{\"@id\":\"https:\\\/\\\/homeofwool.com\\\/#website\"},\"primaryImageOfPage\":{\"@id\":\"https:\\\/\\\/homeofwool.com\\\/da\\\/butik\\\/hundeseng\\\/#primaryimage\"},\"image\":{\"@id\":\"https:\\\/\\\/homeofwool.com\\\/da\\\/butik\\\/hundeseng\\\/#primaryimage\"},\"thumbnailUrl\":\"https:\\\/\\\/homeofwool.com\\\/wp-content\\\/uploads\\\/2025\\\/09\\\/home-of-wool-wool-dog-bed-1-main.jpg\",\"datePublished\":\"2025-09-02T12:01:44+00:00\",\"dateModified\":\"2026-02-11T10:47:49+00:00\",\"description\":\"Breathable and eco-friendly, the Dog Bed is filled with wool for cooling comfort. Hypoallergenic and toxin-free, it provides sustainable, safe rest for pets in every season.\",\"breadcrumb\":{\"@id\":\"https:\\\/\\\/homeofwool.com\\\/da\\\/butik\\\/hundeseng\\\/#breadcrumb\"},\"inLanguage\":\"es\",\"potentialAction\":[{\"@type\":\"ReadAction\",\"target\":[\"https:\\\/\\\/homeofwool.com\\\/da\\\/butik\\\/hundeseng\\\/\"]}]},{\"@type\":\"ImageObject\",\"inLanguage\":\"es\",\"@id\":\"https:\\\/\\\/homeofwool.com\\\/da\\\/butik\\\/hundeseng\\\/#primaryimage\",\"url\":\"https:\\\/\\\/homeofwool.com\\\/wp-content\\\/uploads\\\/2025\\\/09\\\/home-of-wool-wool-dog-bed-1-main.jpg\",\"contentUrl\":\"https:\\\/\\\/homeofwool.com\\\/wp-content\\\/uploads\\\/2025\\\/09\\\/home-of-wool-wool-dog-bed-1-main.jpg\",\"width\":1900,\"height\":1520,\"caption\":\"wool dog bed with two dogs in it\"},{\"@type\":\"BreadcrumbList\",\"@id\":\"https:\\\/\\\/homeofwool.com\\\/da\\\/butik\\\/hundeseng\\\/#breadcrumb\",\"itemListElement\":[{\"@type\":\"ListItem\",\"position\":1,\"name\":\"Home\",\"item\":\"https:\\\/\\\/homeofwool.com\\\/\"},{\"@type\":\"ListItem\",\"position\":2,\"name\":\"Products\",\"item\":\"https:\\\/\\\/homeofwool.com\\\/header-search-2\\\/\"},{\"@type\":\"ListItem\",\"position\":3,\"name\":\"Wool Dog Bed\"}]},{\"@type\":\"WebSite\",\"@id\":\"https:\\\/\\\/homeofwool.com\\\/#website\",\"url\":\"https:\\\/\\\/homeofwool.com\\\/\",\"name\":\"Home of Wool\",\"description\":\"\",\"publisher\":{\"@id\":\"https:\\\/\\\/homeofwool.com\\\/#organization\"},\"potentialAction\":[{\"@type\":\"SearchAction\",\"target\":{\"@type\":\"EntryPoint\",\"urlTemplate\":\"https:\\\/\\\/homeofwool.com\\\/?s={search_term_string}\"},\"query-input\":{\"@type\":\"PropertyValueSpecification\",\"valueRequired\":true,\"valueName\":\"search_term_string\"}}],\"inLanguage\":\"es\"},{\"@type\":\"Organization\",\"@id\":\"https:\\\/\\\/homeofwool.com\\\/#organization\",\"name\":\"Home of Wool\",\"url\":\"https:\\\/\\\/homeofwool.com\\\/\",\"logo\":{\"@type\":\"ImageObject\",\"inLanguage\":\"es\",\"@id\":\"https:\\\/\\\/homeofwool.com\\\/#\\\/schema\\\/logo\\\/image\\\/\",\"url\":\"https:\\\/\\\/homeofwool.com\\\/wp-content\\\/uploads\\\/2025\\\/09\\\/WhatsApp-Image-2025-12-02-at-16.23.20.jpeg\",\"contentUrl\":\"https:\\\/\\\/homeofwool.com\\\/wp-content\\\/uploads\\\/2025\\\/09\\\/WhatsApp-Image-2025-12-02-at-16.23.20.jpeg\",\"width\":700,\"height\":247,\"caption\":\"Home of Wool\"},\"image\":{\"@id\":\"https:\\\/\\\/homeofwool.com\\\/#\\\/schema\\\/logo\\\/image\\\/\"},\"sameAs\":[\"https:\\\/\\\/facebook.com\\\/HomeOfWoolOfficial\"]}]}<\/script>\n<!-- \/ Yoast SEO Premium plugin. -->","yoast_head_json":{"title":"Cama para perros \u2013 Cama refrescante para perros | Home of Wool","description":"Transpirable y ecol\u00f3gica, la cama para perros est\u00e1 rellena de lana para proporcionar una comodidad refrescante. Hipoalerg\u00e9nica y libre de toxinas, ofrece un descanso sostenible y seguro para las mascotas en cualquier \u00e9poca del a\u00f1o.","robots":{"index":"index","follow":"follow","max-snippet":"max-snippet:-1","max-image-preview":"max-image-preview:large","max-video-preview":"max-video-preview:-1"},"canonical":"https:\/\/homeofwool.com\/es\/tienda\/cama-para-perro\/","og_locale":"es_ES","og_type":"article","og_title":"Wool Dog Bed","og_description":"Breathable and eco-friendly, the Dog Bed is filled with wool for cooling comfort. Hypoallergenic and toxin-free, it provides sustainable, safe rest for pets in every season.","og_url":"https:\/\/homeofwool.com\/es\/tienda\/cama-para-perro\/","og_site_name":"Home of Wool","article_publisher":"https:\/\/facebook.com\/HomeOfWoolOfficial","article_modified_time":"2026-02-11T10:47:49+00:00","og_image":[{"width":1900,"height":1520,"url":"https:\/\/homeofwool.com\/wp-content\/uploads\/2025\/09\/home-of-wool-wool-dog-bed-1-main.jpg","type":"image\/jpeg"}],"twitter_card":"summary_large_image","twitter_misc":{"Tiempo de lectura":"2 minutos"},"schema":{"@context":"https:\/\/schema.org","@graph":[{"@type":"WebPage","@id":"https:\/\/homeofwool.com\/da\/butik\/hundeseng\/","url":"https:\/\/homeofwool.com\/da\/butik\/hundeseng\/","name":"Cama para perros \u2013 Cama refrescante para perros | Home of Wool","isPartOf":{"@id":"https:\/\/homeofwool.com\/#website"},"primaryImageOfPage":{"@id":"https:\/\/homeofwool.com\/da\/butik\/hundeseng\/#primaryimage"},"image":{"@id":"https:\/\/homeofwool.com\/da\/butik\/hundeseng\/#primaryimage"},"thumbnailUrl":"https:\/\/homeofwool.com\/wp-content\/uploads\/2025\/09\/home-of-wool-wool-dog-bed-1-main.jpg","datePublished":"2025-09-02T12:01:44+00:00","dateModified":"2026-02-11T10:47:49+00:00","description":"Transpirable y ecol\u00f3gica, la cama para perros est\u00e1 rellena de lana para proporcionar una comodidad refrescante. Hipoalerg\u00e9nica y libre de toxinas, ofrece un descanso sostenible y seguro para las mascotas en cualquier \u00e9poca del a\u00f1o.","breadcrumb":{"@id":"https:\/\/homeofwool.com\/da\/butik\/hundeseng\/#breadcrumb"},"inLanguage":"es","potentialAction":[{"@type":"ReadAction","target":["https:\/\/homeofwool.com\/da\/butik\/hundeseng\/"]}]},{"@type":"ImageObject","inLanguage":"es","@id":"https:\/\/homeofwool.com\/da\/butik\/hundeseng\/#primaryimage","url":"https:\/\/homeofwool.com\/wp-content\/uploads\/2025\/09\/home-of-wool-wool-dog-bed-1-main.jpg","contentUrl":"https:\/\/homeofwool.com\/wp-content\/uploads\/2025\/09\/home-of-wool-wool-dog-bed-1-main.jpg","width":1900,"height":1520,"caption":"wool dog bed with two dogs in it"},{"@type":"BreadcrumbList","@id":"https:\/\/homeofwool.com\/da\/butik\/hundeseng\/#breadcrumb","itemListElement":[{"@type":"ListItem","position":1,"name":"Home","item":"https:\/\/homeofwool.com\/"},{"@type":"ListItem","position":2,"name":"Products","item":"https:\/\/homeofwool.com\/header-search-2\/"},{"@type":"ListItem","position":3,"name":"Wool Dog Bed"}]},{"@type":"WebSite","@id":"https:\/\/homeofwool.com\/#website","url":"https:\/\/homeofwool.com\/","name":"Hogar de la lana","description":"","publisher":{"@id":"https:\/\/homeofwool.com\/#organization"},"potentialAction":[{"@type":"SearchAction","target":{"@type":"EntryPoint","urlTemplate":"https:\/\/homeofwool.com\/?s={search_term_string}"},"query-input":{"@type":"PropertyValueSpecification","valueRequired":true,"valueName":"search_term_string"}}],"inLanguage":"es"},{"@type":"Organization","@id":"https:\/\/homeofwool.com\/#organization","name":"Hogar de la lana","url":"https:\/\/homeofwool.com\/","logo":{"@type":"ImageObject","inLanguage":"es","@id":"https:\/\/homeofwool.com\/#\/schema\/logo\/image\/","url":"https:\/\/homeofwool.com\/wp-content\/uploads\/2025\/09\/WhatsApp-Image-2025-12-02-at-16.23.20.jpeg","contentUrl":"https:\/\/homeofwool.com\/wp-content\/uploads\/2025\/09\/WhatsApp-Image-2025-12-02-at-16.23.20.jpeg","width":700,"height":247,"caption":"Home of Wool"},"image":{"@id":"https:\/\/homeofwool.com\/#\/schema\/logo\/image\/"},"sameAs":["https:\/\/facebook.com\/HomeOfWoolOfficial"]}]}},"_links":{"self":[{"href":"https:\/\/homeofwool.com\/es\/wp-json\/wp\/v2\/product\/217618","targetHints":{"allow":["GET"]}}],"collection":[{"href":"https:\/\/homeofwool.com\/es\/wp-json\/wp\/v2\/product"}],"about":[{"href":"https:\/\/homeofwool.com\/es\/wp-json\/wp\/v2\/types\/product"}],"version-history":[{"count":1,"href":"https:\/\/homeofwool.com\/es\/wp-json\/wp\/v2\/product\/217618\/revisions"}],"predecessor-version":[{"id":226708,"href":"https:\/\/homeofwool.com\/es\/wp-json\/wp\/v2\/product\/217618\/revisions\/226708"}],"wp:featuredmedia":[{"embeddable":true,"href":"https:\/\/homeofwool.com\/es\/wp-json\/wp\/v2\/media\/218587"}],"wp:attachment":[{"href":"https:\/\/homeofwool.com\/es\/wp-json\/wp\/v2\/media?parent=217618"}],"wp:term":[{"taxonomy":"product_brand","embeddable":true,"href":"https:\/\/homeofwool.com\/es\/wp-json\/wp\/v2\/product_brand?post=217618"},{"taxonomy":"product_cat","embeddable":true,"href":"https:\/\/homeofwool.com\/es\/wp-json\/wp\/v2\/product_cat?post=217618"},{"taxonomy":"product_tag","embeddable":true,"href":"https:\/\/homeofwool.com\/es\/wp-json\/wp\/v2\/product_tag?post=217618"}],"curies":[{"name":"wp","href":"https:\/\/api.w.org\/{rel}","templated":true}]}}