{"id":217591,"date":"2025-09-02T12:01:16","date_gmt":"2025-09-02T12:01:16","guid":{"rendered":"https:\/\/homeofwool.com\/?post_type=product&#038;p=217591"},"modified":"2026-01-21T12:20:48","modified_gmt":"2026-01-21T12:20:48","slug":"muestra-de-edredon","status":"publish","type":"product","link":"https:\/\/homeofwool.com\/es\/shop\/duvet-sample\/","title":{"rendered":"Muestra de relleno de edred\u00f3n de lana"},"content":{"rendered":"<p>Elegir la ropa de cama adecuada es algo muy personal, por eso hemos creado la muestra de relleno para edred\u00f3n. Este cuadrado de 40 x 40 cm te permite tocar, ver y dormir con la calidad de nuestros edredones de lana hechos a mano. Relleno de guata de lana pura y acolchado a mano para mayor durabilidad, cuenta con el mismo cuidado artesanal por los detalles que nuestros edredones de tama\u00f1o completo.<\/p>\n<p>La lana mantiene tu cuerpo a la temperatura adecuada. Cuando la habitaci\u00f3n est\u00e1 caliente, te ayuda a mantenerte fresco y c\u00f3modo. Cuando hace fr\u00edo, te mantiene abrigado sin pasar calor. Por eso los edredones de lana siempre son perfectos. Te ayudan a dormir m\u00e1s profundamente, sin que el calor ni la humedad te interrumpan el sue\u00f1o.<\/p>\n<p>Otra cosa que gusta a la gente de la lana es que es ideal para las personas con sue\u00f1o sensible. Si usted o alguien de su familia padece alergias o asma, es una opci\u00f3n segura por varias razones. En primer lugar, a los \u00e1caros del polvo y al moho no les gusta vivir en ella. En segundo lugar, la lana no necesita ning\u00fan tratamiento qu\u00edmico para mantenerse fresca y maravillosa. En tercer lugar, al ser completamente natural, la ropa de cama de lana no contiene COV. Es la mejor soluci\u00f3n natural para dormir.<\/p>\n<p>Biodegradable y fabricada con materiales renovables, esta peque\u00f1a muestra de edred\u00f3n encarna nuestra filosof\u00eda de lujo sostenible. Si est\u00e1 pensando en invertir en un sue\u00f1o m\u00e1s saludable, esta muestra le permite probarlo antes de comprometerse, lo que le garantiza que se sentir\u00e1 seguro al incorporar ropa de cama de lana natural a su hogar. Y, fiel a su car\u00e1cter pr\u00e1ctico, puede seguir utiliz\u00e1ndose mucho despu\u00e9s de la prueba: sirve como edred\u00f3n para mu\u00f1ecas, c\u00f3modo coj\u00edn para sillas, pr\u00e1ctica alfombrilla para mascotas o incluso como peque\u00f1o coj\u00edn de viaje.<\/p>","protected":false},"excerpt":{"rendered":"<p>\u00bfTienes curiosidad por conocer la ropa de cama de lana? Nuestra muestra de relleno para edred\u00f3n te permite experimentar la comodidad de la lana natural antes de invertir en un edred\u00f3n de tama\u00f1o completo. Es la forma perfecta de probarlo antes de decidirte. No dudes en sentir la transpirabilidad y la pureza del lujo sostenible en tu hogar. Da el primer paso para mejorar tu descanso. Nos lo agradecer\u00e1s m\u00e1s adelante.<\/p>","protected":false},"featured_media":218635,"template":"","meta":{"_acf_changed":false},"product_brand":[],"product_cat":[253,60],"product_tag":[428,429,430,431,432,433,434],"class_list":{"0":"post-217591","1":"product","2":"type-product","3":"status-publish","4":"has-post-thumbnail","6":"product_cat-product-samples","7":"product_cat-blankets-duvets","8":"product_tag-custom-comforter","9":"product_tag-down-alternative-comforter","10":"product_tag-duvet-insert","11":"product_tag-duvet-insert-king","12":"product_tag-duvet-insert-queen","13":"product_tag-quilt-covers","14":"product_tag-quilted-comforter","16":"first","17":"instock","18":"shipping-taxable","19":"purchasable","20":"product-type-variable"},"acf":[],"yoast_head":"<!-- This site is optimized with the Yoast SEO Premium plugin v27.3 (Yoast SEO v27.3) - https:\/\/yoast.com\/product\/yoast-seo-premium-wordpress\/ -->\n<title>Wool Duvet Insert Sample \u2013 Try Before Buying | Home of Wool<\/title>\n<meta name=\"description\" content=\"Pure and natural, the Wool Duvet Insert Sample lets you experience breathable wool comfort before you buy. Hypoallergenic and toxin-free, it\u2019s an easy way to test sustainable bedding.\" \/>\n<meta name=\"robots\" content=\"index, follow, max-snippet:-1, max-image-preview:large, max-video-preview:-1\" \/>\n<link rel=\"canonical\" href=\"https:\/\/homeofwool.com\/es\/tienda\/muestra-de-edredon\/\" \/>\n<meta property=\"og:locale\" content=\"es_ES\" \/>\n<meta property=\"og:type\" content=\"article\" \/>\n<meta property=\"og:title\" content=\"Wool Duvet Insert Sample\" \/>\n<meta property=\"og:description\" content=\"Pure and natural, the Wool Duvet Insert Sample lets you experience breathable wool comfort before you buy. Hypoallergenic and toxin-free, it\u2019s an easy way to test sustainable bedding.\" \/>\n<meta property=\"og:url\" content=\"https:\/\/homeofwool.com\/es\/tienda\/muestra-de-edredon\/\" \/>\n<meta property=\"og:site_name\" content=\"Home of Wool\" \/>\n<meta property=\"article:publisher\" content=\"https:\/\/facebook.com\/HomeOfWoolOfficial\" \/>\n<meta property=\"article:modified_time\" content=\"2026-01-21T12:20:48+00:00\" \/>\n<meta property=\"og:image\" content=\"https:\/\/homeofwool.com\/wp-content\/uploads\/2025\/09\/home-of-wool-wool-duvet-insert-sample-1-main.jpg\" \/>\n\t<meta property=\"og:image:width\" content=\"1900\" \/>\n\t<meta property=\"og:image:height\" content=\"1520\" \/>\n\t<meta property=\"og:image:type\" content=\"image\/jpeg\" \/>\n<meta name=\"twitter:card\" content=\"summary_large_image\" \/>\n<meta name=\"twitter:label1\" content=\"Tiempo de lectura\" \/>\n\t<meta name=\"twitter:data1\" content=\"2 minutos\" \/>\n<script type=\"application\/ld+json\" class=\"yoast-schema-graph\">{\"@context\":\"https:\\\/\\\/schema.org\",\"@graph\":[{\"@type\":\"WebPage\",\"@id\":\"https:\\\/\\\/homeofwool.com\\\/shop\\\/duvet-sample\\\/\",\"url\":\"https:\\\/\\\/homeofwool.com\\\/shop\\\/duvet-sample\\\/\",\"name\":\"Wool Duvet Insert Sample \u2013 Try Before Buying | Home of Wool\",\"isPartOf\":{\"@id\":\"https:\\\/\\\/homeofwool.com\\\/#website\"},\"primaryImageOfPage\":{\"@id\":\"https:\\\/\\\/homeofwool.com\\\/shop\\\/duvet-sample\\\/#primaryimage\"},\"image\":{\"@id\":\"https:\\\/\\\/homeofwool.com\\\/shop\\\/duvet-sample\\\/#primaryimage\"},\"thumbnailUrl\":\"https:\\\/\\\/homeofwool.com\\\/wp-content\\\/uploads\\\/2025\\\/09\\\/home-of-wool-wool-duvet-insert-sample-1-main.jpg\",\"datePublished\":\"2025-09-02T12:01:16+00:00\",\"dateModified\":\"2026-01-21T12:20:48+00:00\",\"description\":\"Pure and natural, the Wool Duvet Insert Sample lets you experience breathable wool comfort before you buy. Hypoallergenic and toxin-free, it\u2019s an easy way to test sustainable bedding.\",\"breadcrumb\":{\"@id\":\"https:\\\/\\\/homeofwool.com\\\/shop\\\/duvet-sample\\\/#breadcrumb\"},\"inLanguage\":\"es\",\"potentialAction\":[{\"@type\":\"ReadAction\",\"target\":[\"https:\\\/\\\/homeofwool.com\\\/shop\\\/duvet-sample\\\/\"]}]},{\"@type\":\"ImageObject\",\"inLanguage\":\"es\",\"@id\":\"https:\\\/\\\/homeofwool.com\\\/shop\\\/duvet-sample\\\/#primaryimage\",\"url\":\"https:\\\/\\\/homeofwool.com\\\/wp-content\\\/uploads\\\/2025\\\/09\\\/home-of-wool-wool-duvet-insert-sample-1-main.jpg\",\"contentUrl\":\"https:\\\/\\\/homeofwool.com\\\/wp-content\\\/uploads\\\/2025\\\/09\\\/home-of-wool-wool-duvet-insert-sample-1-main.jpg\",\"width\":1900,\"height\":1520,\"caption\":\"wool duvet insert sample with home of wool tag\"},{\"@type\":\"BreadcrumbList\",\"@id\":\"https:\\\/\\\/homeofwool.com\\\/shop\\\/duvet-sample\\\/#breadcrumb\",\"itemListElement\":[{\"@type\":\"ListItem\",\"position\":1,\"name\":\"Home\",\"item\":\"https:\\\/\\\/homeofwool.com\\\/\"},{\"@type\":\"ListItem\",\"position\":2,\"name\":\"Products\",\"item\":\"https:\\\/\\\/homeofwool.com\\\/header-search-2\\\/\"},{\"@type\":\"ListItem\",\"position\":3,\"name\":\"Wool Duvet Insert Sample\"}]},{\"@type\":\"WebSite\",\"@id\":\"https:\\\/\\\/homeofwool.com\\\/#website\",\"url\":\"https:\\\/\\\/homeofwool.com\\\/\",\"name\":\"Home of Wool\",\"description\":\"\",\"publisher\":{\"@id\":\"https:\\\/\\\/homeofwool.com\\\/#organization\"},\"potentialAction\":[{\"@type\":\"SearchAction\",\"target\":{\"@type\":\"EntryPoint\",\"urlTemplate\":\"https:\\\/\\\/homeofwool.com\\\/?s={search_term_string}\"},\"query-input\":{\"@type\":\"PropertyValueSpecification\",\"valueRequired\":true,\"valueName\":\"search_term_string\"}}],\"inLanguage\":\"es\"},{\"@type\":\"Organization\",\"@id\":\"https:\\\/\\\/homeofwool.com\\\/#organization\",\"name\":\"Home of Wool\",\"url\":\"https:\\\/\\\/homeofwool.com\\\/\",\"logo\":{\"@type\":\"ImageObject\",\"inLanguage\":\"es\",\"@id\":\"https:\\\/\\\/homeofwool.com\\\/#\\\/schema\\\/logo\\\/image\\\/\",\"url\":\"https:\\\/\\\/homeofwool.com\\\/wp-content\\\/uploads\\\/2025\\\/09\\\/WhatsApp-Image-2025-12-02-at-16.23.20.jpeg\",\"contentUrl\":\"https:\\\/\\\/homeofwool.com\\\/wp-content\\\/uploads\\\/2025\\\/09\\\/WhatsApp-Image-2025-12-02-at-16.23.20.jpeg\",\"width\":700,\"height\":247,\"caption\":\"Home of Wool\"},\"image\":{\"@id\":\"https:\\\/\\\/homeofwool.com\\\/#\\\/schema\\\/logo\\\/image\\\/\"},\"sameAs\":[\"https:\\\/\\\/facebook.com\\\/HomeOfWoolOfficial\"]}]}<\/script>\n<!-- \/ Yoast SEO Premium plugin. -->","yoast_head_json":{"title":"Muestra de relleno de edred\u00f3n de lana: pru\u00e9balo antes de comprarlo | Home of Wool","description":"Pura y natural, la muestra de relleno de edred\u00f3n de lana te permite experimentar la comodidad transpirable de la lana antes de comprarla. Hipoalerg\u00e9nica y libre de toxinas, es una forma f\u00e1cil de probar ropa de cama sostenible.","robots":{"index":"index","follow":"follow","max-snippet":"max-snippet:-1","max-image-preview":"max-image-preview:large","max-video-preview":"max-video-preview:-1"},"canonical":"https:\/\/homeofwool.com\/es\/tienda\/muestra-de-edredon\/","og_locale":"es_ES","og_type":"article","og_title":"Wool Duvet Insert Sample","og_description":"Pure and natural, the Wool Duvet Insert Sample lets you experience breathable wool comfort before you buy. Hypoallergenic and toxin-free, it\u2019s an easy way to test sustainable bedding.","og_url":"https:\/\/homeofwool.com\/es\/tienda\/muestra-de-edredon\/","og_site_name":"Home of Wool","article_publisher":"https:\/\/facebook.com\/HomeOfWoolOfficial","article_modified_time":"2026-01-21T12:20:48+00:00","og_image":[{"width":1900,"height":1520,"url":"https:\/\/homeofwool.com\/wp-content\/uploads\/2025\/09\/home-of-wool-wool-duvet-insert-sample-1-main.jpg","type":"image\/jpeg"}],"twitter_card":"summary_large_image","twitter_misc":{"Tiempo de lectura":"2 minutos"},"schema":{"@context":"https:\/\/schema.org","@graph":[{"@type":"WebPage","@id":"https:\/\/homeofwool.com\/shop\/duvet-sample\/","url":"https:\/\/homeofwool.com\/shop\/duvet-sample\/","name":"Muestra de relleno de edred\u00f3n de lana: pru\u00e9balo antes de comprarlo | Home of Wool","isPartOf":{"@id":"https:\/\/homeofwool.com\/#website"},"primaryImageOfPage":{"@id":"https:\/\/homeofwool.com\/shop\/duvet-sample\/#primaryimage"},"image":{"@id":"https:\/\/homeofwool.com\/shop\/duvet-sample\/#primaryimage"},"thumbnailUrl":"https:\/\/homeofwool.com\/wp-content\/uploads\/2025\/09\/home-of-wool-wool-duvet-insert-sample-1-main.jpg","datePublished":"2025-09-02T12:01:16+00:00","dateModified":"2026-01-21T12:20:48+00:00","description":"Pura y natural, la muestra de relleno de edred\u00f3n de lana te permite experimentar la comodidad transpirable de la lana antes de comprarla. Hipoalerg\u00e9nica y libre de toxinas, es una forma f\u00e1cil de probar ropa de cama sostenible.","breadcrumb":{"@id":"https:\/\/homeofwool.com\/shop\/duvet-sample\/#breadcrumb"},"inLanguage":"es","potentialAction":[{"@type":"ReadAction","target":["https:\/\/homeofwool.com\/shop\/duvet-sample\/"]}]},{"@type":"ImageObject","inLanguage":"es","@id":"https:\/\/homeofwool.com\/shop\/duvet-sample\/#primaryimage","url":"https:\/\/homeofwool.com\/wp-content\/uploads\/2025\/09\/home-of-wool-wool-duvet-insert-sample-1-main.jpg","contentUrl":"https:\/\/homeofwool.com\/wp-content\/uploads\/2025\/09\/home-of-wool-wool-duvet-insert-sample-1-main.jpg","width":1900,"height":1520,"caption":"wool duvet insert sample with home of wool tag"},{"@type":"BreadcrumbList","@id":"https:\/\/homeofwool.com\/shop\/duvet-sample\/#breadcrumb","itemListElement":[{"@type":"ListItem","position":1,"name":"Home","item":"https:\/\/homeofwool.com\/"},{"@type":"ListItem","position":2,"name":"Products","item":"https:\/\/homeofwool.com\/header-search-2\/"},{"@type":"ListItem","position":3,"name":"Wool Duvet Insert Sample"}]},{"@type":"WebSite","@id":"https:\/\/homeofwool.com\/#website","url":"https:\/\/homeofwool.com\/","name":"Hogar de la lana","description":"","publisher":{"@id":"https:\/\/homeofwool.com\/#organization"},"potentialAction":[{"@type":"SearchAction","target":{"@type":"EntryPoint","urlTemplate":"https:\/\/homeofwool.com\/?s={search_term_string}"},"query-input":{"@type":"PropertyValueSpecification","valueRequired":true,"valueName":"search_term_string"}}],"inLanguage":"es"},{"@type":"Organization","@id":"https:\/\/homeofwool.com\/#organization","name":"Hogar de la lana","url":"https:\/\/homeofwool.com\/","logo":{"@type":"ImageObject","inLanguage":"es","@id":"https:\/\/homeofwool.com\/#\/schema\/logo\/image\/","url":"https:\/\/homeofwool.com\/wp-content\/uploads\/2025\/09\/WhatsApp-Image-2025-12-02-at-16.23.20.jpeg","contentUrl":"https:\/\/homeofwool.com\/wp-content\/uploads\/2025\/09\/WhatsApp-Image-2025-12-02-at-16.23.20.jpeg","width":700,"height":247,"caption":"Home of Wool"},"image":{"@id":"https:\/\/homeofwool.com\/#\/schema\/logo\/image\/"},"sameAs":["https:\/\/facebook.com\/HomeOfWoolOfficial"]}]}},"_links":{"self":[{"href":"https:\/\/homeofwool.com\/es\/wp-json\/wp\/v2\/product\/217591","targetHints":{"allow":["GET"]}}],"collection":[{"href":"https:\/\/homeofwool.com\/es\/wp-json\/wp\/v2\/product"}],"about":[{"href":"https:\/\/homeofwool.com\/es\/wp-json\/wp\/v2\/types\/product"}],"version-history":[{"count":1,"href":"https:\/\/homeofwool.com\/es\/wp-json\/wp\/v2\/product\/217591\/revisions"}],"predecessor-version":[{"id":227506,"href":"https:\/\/homeofwool.com\/es\/wp-json\/wp\/v2\/product\/217591\/revisions\/227506"}],"wp:featuredmedia":[{"embeddable":true,"href":"https:\/\/homeofwool.com\/es\/wp-json\/wp\/v2\/media\/218635"}],"wp:attachment":[{"href":"https:\/\/homeofwool.com\/es\/wp-json\/wp\/v2\/media?parent=217591"}],"wp:term":[{"taxonomy":"product_brand","embeddable":true,"href":"https:\/\/homeofwool.com\/es\/wp-json\/wp\/v2\/product_brand?post=217591"},{"taxonomy":"product_cat","embeddable":true,"href":"https:\/\/homeofwool.com\/es\/wp-json\/wp\/v2\/product_cat?post=217591"},{"taxonomy":"product_tag","embeddable":true,"href":"https:\/\/homeofwool.com\/es\/wp-json\/wp\/v2\/product_tag?post=217591"}],"curies":[{"name":"wp","href":"https:\/\/api.w.org\/{rel}","templated":true}]}}