{"id":217586,"date":"2025-09-02T12:01:16","date_gmt":"2025-09-02T12:01:16","guid":{"rendered":"https:\/\/homeofwool.com\/?post_type=product&#038;p=217586"},"modified":"2026-03-13T12:17:05","modified_gmt":"2026-03-13T12:17:05","slug":"cojin-triangular-con-capitone-para-cabecero","status":"publish","type":"product","link":"https:\/\/homeofwool.com\/es\/shop\/triangular-tufted-headboard-cushion\/","title":{"rendered":"Coj\u00edn de respaldo triangular"},"content":{"rendered":"<p>La comodidad debe ser algo natural, y eso es precisamente lo que ofrece este coj\u00edn triangular con relleno. La forma angular de este coj\u00edn con relleno hace que sentarse en la cama o en un div\u00e1n resulte f\u00e1cil y natural. Te proporciona un apoyo firme sin deslizarse ni hundirse, como suelen hacer las almohadas normales. Por el contrario, mantiene su forma y hace que recostarse resulte realmente c\u00f3modo.<\/p>\n<p>El relleno est\u00e1 generosamente relleno de lana transpirable y luego se tufting a mano junto con la funda con hilo de lino natural para mantener el relleno distribuido uniformemente. La lana es naturalmente hipoalerg\u00e9nica y ayuda a regular la temperatura, por lo que te mantienes c\u00f3modo en todas las estaciones. Si padeces de alergias o sensibilidad en la piel, la lana marca una diferencia notable. Resiste los \u00e1caros del polvo y el moho, por lo que puedes recostarte sabiendo que tu coj\u00edn es seguro y naturalmente limpio.<\/p>\n<p>Los peque\u00f1os ribetes y una sola fila de borlas a\u00f1aden refinamiento sin resultar recargados. Cada coj\u00edn triangular del cabecero se fabrica por encargo, por lo que puede solicitar un coj\u00edn trasero personalizado que se adapte perfectamente a su espacio y estilo.<\/p>","protected":false},"excerpt":{"rendered":"<p>Este coj\u00edn con respaldo acolchado, que querr\u00e1s usar todos los d\u00edas, combina un relleno de lana natural con tejidos org\u00e1nicos para ofrecerte la m\u00e1xima comodidad en tu hogar. Su forma triangular proporciona un apoyo firme, mientras que los copetes cosidos a mano con botones forrados de tela o lazos de hilo de lana a\u00f1aden una elegancia discreta a tu espacio.<\/p>\n<div class=\"global-icon-set\">\n<div class=\"global-icon-set__items\">\n<div class=\"global-icon-set__item\">\n<div class=\"global-icon-set__image\">\n                                    <img decoding=\"async\" src=\"https:\/\/homeofwool.com\/wp-content\/uploads\/2025\/09\/handmade-icon-300x300.png\" alt=\"icono hecho a mano\" \/>\n                                <\/div>\n<div class=\"global-icon-set__title\">Hecho a mano<\/div>\n<\/p><\/div>\n<div class=\"global-icon-set__item\">\n<div class=\"global-icon-set__image\">\n                                    <img decoding=\"async\" src=\"https:\/\/homeofwool.com\/wp-content\/uploads\/2025\/09\/VOCs-min-300x300.png\" alt=\"vocs free\" \/>\n                                <\/div>\n<div class=\"global-icon-set__title\">Sin COV<\/div>\n<\/p><\/div>\n<div class=\"global-icon-set__item\">\n<div class=\"global-icon-set__image\">\n                                    <img decoding=\"async\" src=\"https:\/\/homeofwool.com\/wp-content\/uploads\/2025\/09\/FR-min-300x300.png\" alt=\"icono de resistencia al fuego\" \/>\n                                <\/div>\n<div class=\"global-icon-set__title\">Resistente al fuego<\/div>\n<\/p><\/div>\n<div class=\"global-icon-set__item\">\n<div class=\"global-icon-set__image\">\n                                    <img decoding=\"async\" src=\"https:\/\/homeofwool.com\/wp-content\/uploads\/2025\/09\/Hypoallergenic-min-300x300.png\" alt=\"icono hipoalerg\u00e9nico\" \/>\n                                <\/div>\n<div class=\"global-icon-set__title\">Hipoalerg\u00e9nico<\/div>\n<\/p><\/div>\n<div class=\"global-icon-set__item\">\n<div class=\"global-icon-set__image\">\n                                    <img decoding=\"async\" src=\"https:\/\/homeofwool.com\/wp-content\/uploads\/2025\/09\/free-of-synthetics-icon-300x300.png\" alt=\"icono sin sint\u00e9ticos\" \/>\n                                <\/div>\n<div class=\"global-icon-set__title\">Sin sint\u00e9ticos<\/div>\n<\/p><\/div>\n<div class=\"global-icon-set__item\">\n<div class=\"global-icon-set__image\">\n                                    <img decoding=\"async\" src=\"https:\/\/homeofwool.com\/wp-content\/uploads\/2025\/09\/chemical-free-icon-300x300.png\" alt=\"icono sin productos qu\u00edmicos\" \/>\n                                <\/div>\n<div class=\"global-icon-set__title\">Sin productos qu\u00edmicos<\/div>\n<\/p><\/div>\n<div class=\"global-icon-set__item\">\n<div class=\"global-icon-set__image\">\n                                    <img decoding=\"async\" src=\"https:\/\/homeofwool.com\/wp-content\/uploads\/2025\/09\/anti-bacterial-icon-300x300.png\" alt=\"icono antibacteriano\" \/>\n                                <\/div>\n<div class=\"global-icon-set__title\">Antimicrobiano y antibacteriano<\/div>\n<\/p><\/div>\n<div class=\"global-icon-set__item\">\n<div class=\"global-icon-set__image\">\n                                    <img decoding=\"async\" src=\"https:\/\/homeofwool.com\/wp-content\/uploads\/2025\/09\/certified-materials-icon-300x300.png\" alt=\"icono de materiales certificados\" \/>\n                                <\/div>\n<div class=\"global-icon-set__title\">100% Materiales puros certificados<\/div>\n<\/p><\/div>\n<\/p><\/div>\n<\/p><\/div>","protected":false},"featured_media":220858,"template":"","meta":{"_acf_changed":false},"product_brand":[],"product_cat":[30,396],"product_tag":[149],"class_list":{"0":"post-217586","1":"product","2":"type-product","3":"status-publish","4":"has-post-thumbnail","6":"product_cat-cushions","7":"product_cat-headboard-cushions","8":"product_tag-steps","10":"first","11":"instock","12":"shipping-taxable","13":"purchasable","14":"product-type-simple"},"acf":[],"yoast_head":"<!-- This site is optimized with the Yoast SEO Premium plugin v27.3 (Yoast SEO v27.3) - https:\/\/yoast.com\/product\/yoast-seo-premium-wordpress\/ -->\n<title>Triangular Tufted Back Cushion \u2013 Custom Back Pillow | Home of Wool<\/title>\n<meta name=\"description\" content=\"Customizable and durable, the Triangular Tufted Back Cushion blends breathable wool filling with toxin-free design. Hypoallergenic and natural, it offers lasting comfort and style.\" \/>\n<meta name=\"robots\" content=\"index, follow, max-snippet:-1, max-image-preview:large, max-video-preview:-1\" \/>\n<link rel=\"canonical\" href=\"https:\/\/homeofwool.com\/es\/tienda\/cojin-triangular-con-capitone-para-cabecero\/\" \/>\n<meta property=\"og:locale\" content=\"es_ES\" \/>\n<meta property=\"og:type\" content=\"article\" \/>\n<meta property=\"og:title\" content=\"Triangular Tufted Back Cushion\" \/>\n<meta property=\"og:description\" content=\"Customizable and durable, the Triangular Tufted Back Cushion blends breathable wool filling with toxin-free design. Hypoallergenic and natural, it offers lasting comfort and style.\" \/>\n<meta property=\"og:url\" content=\"https:\/\/homeofwool.com\/es\/tienda\/cojin-triangular-con-capitone-para-cabecero\/\" \/>\n<meta property=\"og:site_name\" content=\"Home of Wool\" \/>\n<meta property=\"article:publisher\" content=\"https:\/\/facebook.com\/HomeOfWoolOfficial\" \/>\n<meta property=\"article:modified_time\" content=\"2026-03-13T12:17:05+00:00\" \/>\n<meta property=\"og:image\" content=\"https:\/\/homeofwool.com\/wp-content\/uploads\/2025\/09\/home-of-wool-triangular-back-cushion-1-main-1.jpg\" \/>\n\t<meta property=\"og:image:width\" content=\"1600\" \/>\n\t<meta property=\"og:image:height\" content=\"2000\" \/>\n\t<meta property=\"og:image:type\" content=\"image\/jpeg\" \/>\n<meta name=\"twitter:card\" content=\"summary_large_image\" \/>\n<meta name=\"twitter:label1\" content=\"Tiempo de lectura\" \/>\n\t<meta name=\"twitter:data1\" content=\"1 minuto\" \/>\n<script type=\"application\/ld+json\" class=\"yoast-schema-graph\">{\"@context\":\"https:\\\/\\\/schema.org\",\"@graph\":[{\"@type\":\"WebPage\",\"@id\":\"https:\\\/\\\/homeofwool.com\\\/shop\\\/triangular-tufted-headboard-cushion\\\/\",\"url\":\"https:\\\/\\\/homeofwool.com\\\/shop\\\/triangular-tufted-headboard-cushion\\\/\",\"name\":\"Triangular Tufted Back Cushion \u2013 Custom Back Pillow | Home of Wool\",\"isPartOf\":{\"@id\":\"https:\\\/\\\/homeofwool.com\\\/#website\"},\"primaryImageOfPage\":{\"@id\":\"https:\\\/\\\/homeofwool.com\\\/shop\\\/triangular-tufted-headboard-cushion\\\/#primaryimage\"},\"image\":{\"@id\":\"https:\\\/\\\/homeofwool.com\\\/shop\\\/triangular-tufted-headboard-cushion\\\/#primaryimage\"},\"thumbnailUrl\":\"https:\\\/\\\/homeofwool.com\\\/wp-content\\\/uploads\\\/2025\\\/09\\\/home-of-wool-triangular-back-cushion-1-main-1.jpg\",\"datePublished\":\"2025-09-02T12:01:16+00:00\",\"dateModified\":\"2026-03-13T12:17:05+00:00\",\"description\":\"Customizable and durable, the Triangular Tufted Back Cushion blends breathable wool filling with toxin-free design. Hypoallergenic and natural, it offers lasting comfort and style.\",\"breadcrumb\":{\"@id\":\"https:\\\/\\\/homeofwool.com\\\/shop\\\/triangular-tufted-headboard-cushion\\\/#breadcrumb\"},\"inLanguage\":\"es\",\"potentialAction\":[{\"@type\":\"ReadAction\",\"target\":[\"https:\\\/\\\/homeofwool.com\\\/shop\\\/triangular-tufted-headboard-cushion\\\/\"]}]},{\"@type\":\"ImageObject\",\"inLanguage\":\"es\",\"@id\":\"https:\\\/\\\/homeofwool.com\\\/shop\\\/triangular-tufted-headboard-cushion\\\/#primaryimage\",\"url\":\"https:\\\/\\\/homeofwool.com\\\/wp-content\\\/uploads\\\/2025\\\/09\\\/home-of-wool-triangular-back-cushion-1-main-1.jpg\",\"contentUrl\":\"https:\\\/\\\/homeofwool.com\\\/wp-content\\\/uploads\\\/2025\\\/09\\\/home-of-wool-triangular-back-cushion-1-main-1.jpg\",\"width\":1600,\"height\":2000,\"caption\":\"wool triangular tufted back cushion\"},{\"@type\":\"BreadcrumbList\",\"@id\":\"https:\\\/\\\/homeofwool.com\\\/shop\\\/triangular-tufted-headboard-cushion\\\/#breadcrumb\",\"itemListElement\":[{\"@type\":\"ListItem\",\"position\":1,\"name\":\"Home\",\"item\":\"https:\\\/\\\/homeofwool.com\\\/\"},{\"@type\":\"ListItem\",\"position\":2,\"name\":\"Products\",\"item\":\"https:\\\/\\\/homeofwool.com\\\/header-search-2\\\/\"},{\"@type\":\"ListItem\",\"position\":3,\"name\":\"Triangular Tufted Back Cushion\"}]},{\"@type\":\"WebSite\",\"@id\":\"https:\\\/\\\/homeofwool.com\\\/#website\",\"url\":\"https:\\\/\\\/homeofwool.com\\\/\",\"name\":\"Home of Wool\",\"description\":\"\",\"publisher\":{\"@id\":\"https:\\\/\\\/homeofwool.com\\\/#organization\"},\"potentialAction\":[{\"@type\":\"SearchAction\",\"target\":{\"@type\":\"EntryPoint\",\"urlTemplate\":\"https:\\\/\\\/homeofwool.com\\\/?s={search_term_string}\"},\"query-input\":{\"@type\":\"PropertyValueSpecification\",\"valueRequired\":true,\"valueName\":\"search_term_string\"}}],\"inLanguage\":\"es\"},{\"@type\":\"Organization\",\"@id\":\"https:\\\/\\\/homeofwool.com\\\/#organization\",\"name\":\"Home of Wool\",\"url\":\"https:\\\/\\\/homeofwool.com\\\/\",\"logo\":{\"@type\":\"ImageObject\",\"inLanguage\":\"es\",\"@id\":\"https:\\\/\\\/homeofwool.com\\\/#\\\/schema\\\/logo\\\/image\\\/\",\"url\":\"https:\\\/\\\/homeofwool.com\\\/wp-content\\\/uploads\\\/2025\\\/09\\\/WhatsApp-Image-2025-12-02-at-16.23.20.jpeg\",\"contentUrl\":\"https:\\\/\\\/homeofwool.com\\\/wp-content\\\/uploads\\\/2025\\\/09\\\/WhatsApp-Image-2025-12-02-at-16.23.20.jpeg\",\"width\":700,\"height\":247,\"caption\":\"Home of Wool\"},\"image\":{\"@id\":\"https:\\\/\\\/homeofwool.com\\\/#\\\/schema\\\/logo\\\/image\\\/\"},\"sameAs\":[\"https:\\\/\\\/facebook.com\\\/HomeOfWoolOfficial\"]}]}<\/script>\n<!-- \/ Yoast SEO Premium plugin. -->","yoast_head_json":{"title":"Coj\u00edn triangular con relleno para respaldo \u2013 Coj\u00edn personalizado para respaldo | Home of Wool","description":"Personalizable y duradero, el coj\u00edn triangular con relleno de lana combina un relleno transpirable con un dise\u00f1o libre de toxinas. Hipoalerg\u00e9nico y natural, ofrece comodidad y estilo duraderos.","robots":{"index":"index","follow":"follow","max-snippet":"max-snippet:-1","max-image-preview":"max-image-preview:large","max-video-preview":"max-video-preview:-1"},"canonical":"https:\/\/homeofwool.com\/es\/tienda\/cojin-triangular-con-capitone-para-cabecero\/","og_locale":"es_ES","og_type":"article","og_title":"Triangular Tufted Back Cushion","og_description":"Customizable and durable, the Triangular Tufted Back Cushion blends breathable wool filling with toxin-free design. Hypoallergenic and natural, it offers lasting comfort and style.","og_url":"https:\/\/homeofwool.com\/es\/tienda\/cojin-triangular-con-capitone-para-cabecero\/","og_site_name":"Home of Wool","article_publisher":"https:\/\/facebook.com\/HomeOfWoolOfficial","article_modified_time":"2026-03-13T12:17:05+00:00","og_image":[{"width":1600,"height":2000,"url":"https:\/\/homeofwool.com\/wp-content\/uploads\/2025\/09\/home-of-wool-triangular-back-cushion-1-main-1.jpg","type":"image\/jpeg"}],"twitter_card":"summary_large_image","twitter_misc":{"Tiempo de lectura":"1 minuto"},"schema":{"@context":"https:\/\/schema.org","@graph":[{"@type":"WebPage","@id":"https:\/\/homeofwool.com\/shop\/triangular-tufted-headboard-cushion\/","url":"https:\/\/homeofwool.com\/shop\/triangular-tufted-headboard-cushion\/","name":"Coj\u00edn triangular con relleno para respaldo \u2013 Coj\u00edn personalizado para respaldo | Home of Wool","isPartOf":{"@id":"https:\/\/homeofwool.com\/#website"},"primaryImageOfPage":{"@id":"https:\/\/homeofwool.com\/shop\/triangular-tufted-headboard-cushion\/#primaryimage"},"image":{"@id":"https:\/\/homeofwool.com\/shop\/triangular-tufted-headboard-cushion\/#primaryimage"},"thumbnailUrl":"https:\/\/homeofwool.com\/wp-content\/uploads\/2025\/09\/home-of-wool-triangular-back-cushion-1-main-1.jpg","datePublished":"2025-09-02T12:01:16+00:00","dateModified":"2026-03-13T12:17:05+00:00","description":"Personalizable y duradero, el coj\u00edn triangular con relleno de lana combina un relleno transpirable con un dise\u00f1o libre de toxinas. Hipoalerg\u00e9nico y natural, ofrece comodidad y estilo duraderos.","breadcrumb":{"@id":"https:\/\/homeofwool.com\/shop\/triangular-tufted-headboard-cushion\/#breadcrumb"},"inLanguage":"es","potentialAction":[{"@type":"ReadAction","target":["https:\/\/homeofwool.com\/shop\/triangular-tufted-headboard-cushion\/"]}]},{"@type":"ImageObject","inLanguage":"es","@id":"https:\/\/homeofwool.com\/shop\/triangular-tufted-headboard-cushion\/#primaryimage","url":"https:\/\/homeofwool.com\/wp-content\/uploads\/2025\/09\/home-of-wool-triangular-back-cushion-1-main-1.jpg","contentUrl":"https:\/\/homeofwool.com\/wp-content\/uploads\/2025\/09\/home-of-wool-triangular-back-cushion-1-main-1.jpg","width":1600,"height":2000,"caption":"wool triangular tufted back cushion"},{"@type":"BreadcrumbList","@id":"https:\/\/homeofwool.com\/shop\/triangular-tufted-headboard-cushion\/#breadcrumb","itemListElement":[{"@type":"ListItem","position":1,"name":"Home","item":"https:\/\/homeofwool.com\/"},{"@type":"ListItem","position":2,"name":"Products","item":"https:\/\/homeofwool.com\/header-search-2\/"},{"@type":"ListItem","position":3,"name":"Triangular Tufted Back Cushion"}]},{"@type":"WebSite","@id":"https:\/\/homeofwool.com\/#website","url":"https:\/\/homeofwool.com\/","name":"Hogar de la lana","description":"","publisher":{"@id":"https:\/\/homeofwool.com\/#organization"},"potentialAction":[{"@type":"SearchAction","target":{"@type":"EntryPoint","urlTemplate":"https:\/\/homeofwool.com\/?s={search_term_string}"},"query-input":{"@type":"PropertyValueSpecification","valueRequired":true,"valueName":"search_term_string"}}],"inLanguage":"es"},{"@type":"Organization","@id":"https:\/\/homeofwool.com\/#organization","name":"Hogar de la lana","url":"https:\/\/homeofwool.com\/","logo":{"@type":"ImageObject","inLanguage":"es","@id":"https:\/\/homeofwool.com\/#\/schema\/logo\/image\/","url":"https:\/\/homeofwool.com\/wp-content\/uploads\/2025\/09\/WhatsApp-Image-2025-12-02-at-16.23.20.jpeg","contentUrl":"https:\/\/homeofwool.com\/wp-content\/uploads\/2025\/09\/WhatsApp-Image-2025-12-02-at-16.23.20.jpeg","width":700,"height":247,"caption":"Home of Wool"},"image":{"@id":"https:\/\/homeofwool.com\/#\/schema\/logo\/image\/"},"sameAs":["https:\/\/facebook.com\/HomeOfWoolOfficial"]}]}},"_links":{"self":[{"href":"https:\/\/homeofwool.com\/es\/wp-json\/wp\/v2\/product\/217586","targetHints":{"allow":["GET"]}}],"collection":[{"href":"https:\/\/homeofwool.com\/es\/wp-json\/wp\/v2\/product"}],"about":[{"href":"https:\/\/homeofwool.com\/es\/wp-json\/wp\/v2\/types\/product"}],"version-history":[{"count":2,"href":"https:\/\/homeofwool.com\/es\/wp-json\/wp\/v2\/product\/217586\/revisions"}],"predecessor-version":[{"id":228867,"href":"https:\/\/homeofwool.com\/es\/wp-json\/wp\/v2\/product\/217586\/revisions\/228867"}],"wp:featuredmedia":[{"embeddable":true,"href":"https:\/\/homeofwool.com\/es\/wp-json\/wp\/v2\/media\/220858"}],"wp:attachment":[{"href":"https:\/\/homeofwool.com\/es\/wp-json\/wp\/v2\/media?parent=217586"}],"wp:term":[{"taxonomy":"product_brand","embeddable":true,"href":"https:\/\/homeofwool.com\/es\/wp-json\/wp\/v2\/product_brand?post=217586"},{"taxonomy":"product_cat","embeddable":true,"href":"https:\/\/homeofwool.com\/es\/wp-json\/wp\/v2\/product_cat?post=217586"},{"taxonomy":"product_tag","embeddable":true,"href":"https:\/\/homeofwool.com\/es\/wp-json\/wp\/v2\/product_tag?post=217586"}],"curies":[{"name":"wp","href":"https:\/\/api.w.org\/{rel}","templated":true}]}}