{"id":217585,"date":"2025-09-02T12:01:16","date_gmt":"2025-09-02T12:01:16","guid":{"rendered":"https:\/\/homeofwool.com\/?post_type=product&#038;p=217585"},"modified":"2026-03-10T08:45:32","modified_gmt":"2026-03-10T08:45:32","slug":"cojin-de-cabecero-sin-capitone","status":"publish","type":"product","link":"https:\/\/homeofwool.com\/es\/shop\/non-tufted-headboard-cushion\/","title":{"rendered":"Coj\u00edn para cabecero con funda extra\u00edble"},"content":{"rendered":"<p>Este cabecero artesanal ofrece una alternativa m\u00e1s suave y saludable que los cabeceros est\u00e1ndar. Relleno de lana pura y recubierto con tela de algod\u00f3n org\u00e1nico, lino o lana, a elegir, proporciona una comodidad transpirable en cualquier \u00e9poca del a\u00f1o. El relleno de lana es hipoalerg\u00e9nico y resistente a los \u00e1caros del polvo y las bacterias. Adem\u00e1s, no contiene productos qu\u00edmicos. La opci\u00f3n m\u00e1s segura para las personas con sue\u00f1o sensible. Cada almohada para cabecero es totalmente personalizada, dise\u00f1ada para adaptarse al tama\u00f1o de su cama y a sus preferencias de fijaci\u00f3n.<\/p>\n<p>Las opciones de fijaci\u00f3n te ofrecen flexibilidad para cualquier dise\u00f1o de dormitorio:<\/p>\n<p><strong>Bolsillo<\/strong>: F\u00e1cil de colocar sobre cabeceros rectangulares. A la hora de elegir la altura del coj\u00edn, lo mejor es colocarlo sobre el colch\u00f3n y medir la distancia desde el colch\u00f3n hasta la parte superior del cabecero.<\/p>\n<p><strong>Corbatas<\/strong>: F\u00e1cil de atar a una barra en la pared o a un cabecero con un dise\u00f1o de barra horizontal en la parte superior. Pares de lazos de 20 cm (8 pulgadas) de largo, colocados a una distancia de 15-20 cm (6-8 pulgadas). Los ganchos no est\u00e1n incluidos.<\/p>\n<p><strong>Varilla<\/strong>: Ideal para camas sin cabecero. Solo tienes que instalar 2 ganchos (para camas individuales) o 4 (para camas dobles) en la pared. Nosotros proporcionamos la barra y t\u00fa los ganchos, ya que estos dependen del tipo de pared que tengas. Los ganchos deben ser aptos para una barra de 12 mm (1\/2\u201d) de di\u00e1metro.<\/p>\n<p><strong>Pesta\u00f1as peque\u00f1as<\/strong>: F\u00e1cil de colocar en cualquier tipo de barra, de cualquier di\u00e1metro. Varilla no incluida.<\/p>\n<p><strong>Pesta\u00f1as grandes<\/strong>: F\u00e1cil de colocar en cualquier tipo de barra, de cualquier di\u00e1metro. Varilla no incluida.<\/p>\n<p>La funda lavable y extra\u00edble a\u00f1ade comodidad y facilidad de cuidado. Fabricado sin materiales sint\u00e9ticos ni retardantes de llama, este cabecero acolchado combina comodidad, funcionalidad y sostenibilidad.<\/p>","protected":false},"excerpt":{"rendered":"<p>El cabecero artesanal est\u00e1 dise\u00f1ado para aportar comodidad natural y un soporte transpirable a tu cama. Fabricado con tejidos org\u00e1nicos y relleno de lana pura, sirve como un suave cabecero acolchado con una funda extra\u00edble para facilitar su cuidado. Cada pieza se confecciona a medida seg\u00fan el tama\u00f1o y la configuraci\u00f3n de tu cama.<\/p>\n<div class=\"global-icon-set\">\n<div class=\"global-icon-set__items\">\n<div class=\"global-icon-set__item\">\n<div class=\"global-icon-set__image\">\n                                    <img decoding=\"async\" src=\"https:\/\/homeofwool.com\/wp-content\/uploads\/2025\/09\/handmade-icon-300x300.png\" alt=\"icono hecho a mano\" \/>\n                                <\/div>\n<div class=\"global-icon-set__title\">Hecho a mano<\/div>\n<\/p><\/div>\n<div class=\"global-icon-set__item\">\n<div class=\"global-icon-set__image\">\n                                    <img decoding=\"async\" src=\"https:\/\/homeofwool.com\/wp-content\/uploads\/2025\/09\/VOCs-min-300x300.png\" alt=\"vocs free\" \/>\n                                <\/div>\n<div class=\"global-icon-set__title\">Sin COV<\/div>\n<\/p><\/div>\n<div class=\"global-icon-set__item\">\n<div class=\"global-icon-set__image\">\n                                    <img decoding=\"async\" src=\"https:\/\/homeofwool.com\/wp-content\/uploads\/2025\/09\/FR-min-300x300.png\" alt=\"icono de resistencia al fuego\" \/>\n                                <\/div>\n<div class=\"global-icon-set__title\">Resistente al fuego<\/div>\n<\/p><\/div>\n<div class=\"global-icon-set__item\">\n<div class=\"global-icon-set__image\">\n                                    <img decoding=\"async\" src=\"https:\/\/homeofwool.com\/wp-content\/uploads\/2025\/09\/Hypoallergenic-min-300x300.png\" alt=\"icono hipoalerg\u00e9nico\" \/>\n                                <\/div>\n<div class=\"global-icon-set__title\">Hipoalerg\u00e9nico<\/div>\n<\/p><\/div>\n<div class=\"global-icon-set__item\">\n<div class=\"global-icon-set__image\">\n                                    <img decoding=\"async\" src=\"https:\/\/homeofwool.com\/wp-content\/uploads\/2025\/09\/free-of-synthetics-icon-300x300.png\" alt=\"icono sin sint\u00e9ticos\" \/>\n                                <\/div>\n<div class=\"global-icon-set__title\">Sin sint\u00e9ticos<\/div>\n<\/p><\/div>\n<div class=\"global-icon-set__item\">\n<div class=\"global-icon-set__image\">\n                                    <img decoding=\"async\" src=\"https:\/\/homeofwool.com\/wp-content\/uploads\/2025\/09\/chemical-free-icon-300x300.png\" alt=\"icono sin productos qu\u00edmicos\" \/>\n                                <\/div>\n<div class=\"global-icon-set__title\">Sin productos qu\u00edmicos<\/div>\n<\/p><\/div>\n<div class=\"global-icon-set__item\">\n<div class=\"global-icon-set__image\">\n                                    <img decoding=\"async\" src=\"https:\/\/homeofwool.com\/wp-content\/uploads\/2025\/09\/anti-bacterial-icon-300x300.png\" alt=\"icono antibacteriano\" \/>\n                                <\/div>\n<div class=\"global-icon-set__title\">Antimicrobiano y antibacteriano<\/div>\n<\/p><\/div>\n<div class=\"global-icon-set__item\">\n<div class=\"global-icon-set__image\">\n                                    <img decoding=\"async\" src=\"https:\/\/homeofwool.com\/wp-content\/uploads\/2025\/09\/certified-materials-icon-300x300.png\" alt=\"icono de materiales certificados\" \/>\n                                <\/div>\n<div class=\"global-icon-set__title\">100% Materiales puros certificados<\/div>\n<\/p><\/div>\n<\/p><\/div>\n<\/p><\/div>","protected":false},"featured_media":219731,"template":"","meta":{"_acf_changed":false},"product_brand":[],"product_cat":[30,396],"product_tag":[397,398,399,400,401,405,402,403,149],"class_list":{"0":"post-217585","1":"product","2":"type-product","3":"status-publish","4":"has-post-thumbnail","6":"product_cat-cushions","7":"product_cat-headboard-cushions","8":"product_tag-bed-headrest-pillow","9":"product_tag-buttoned-headboard","10":"product_tag-cushions-for-headboards","11":"product_tag-headboard-cover","12":"product_tag-headboard-cushion-design","13":"product_tag-headboard-cushion-for-wall","14":"product_tag-headboard-cushion-wall-pillow","15":"product_tag-headboard-cushion-with-ties","16":"product_tag-steps","18":"first","19":"instock","20":"shipping-taxable","21":"purchasable","22":"product-type-simple"},"acf":[],"yoast_head":"<!-- This site is optimized with the Yoast SEO Premium plugin v27.4 (Yoast SEO v27.4) - https:\/\/yoast.com\/product\/yoast-seo-premium-wordpress\/ -->\n<title>Headboard Pillow &amp; Cover \u2013 Custom Cushion Headboard | Home of Wool<\/title>\n<meta name=\"description\" content=\"Supportive and stylish, the Headboard Pillow &amp; Cover uses breathable wool filling. Hypoallergenic and toxin-free, it delivers sustainable, customizable comfort for bedroom design.\" \/>\n<meta name=\"robots\" content=\"index, follow, max-snippet:-1, max-image-preview:large, max-video-preview:-1\" \/>\n<link rel=\"canonical\" href=\"https:\/\/homeofwool.com\/es\/tienda\/cojin-de-cabecero-sin-capitone\/\" \/>\n<meta property=\"og:locale\" content=\"es_ES\" \/>\n<meta property=\"og:type\" content=\"article\" \/>\n<meta property=\"og:title\" content=\"Headboard Pillow with Removable Cover\" \/>\n<meta property=\"og:description\" content=\"Supportive and stylish, the Headboard Pillow &amp; Cover uses breathable wool filling. Hypoallergenic and toxin-free, it delivers sustainable, customizable comfort for bedroom design.\" \/>\n<meta property=\"og:url\" content=\"https:\/\/homeofwool.com\/es\/tienda\/cojin-de-cabecero-sin-capitone\/\" \/>\n<meta property=\"og:site_name\" content=\"Home of Wool\" \/>\n<meta property=\"article:publisher\" content=\"https:\/\/facebook.com\/HomeOfWoolOfficial\" \/>\n<meta property=\"article:modified_time\" content=\"2026-03-10T08:45:32+00:00\" \/>\n<meta property=\"og:image\" content=\"https:\/\/homeofwool.com\/wp-content\/uploads\/2025\/09\/home-of-wool-headboard-pillow-with-removable-cover-1-main.jpg\" \/>\n\t<meta property=\"og:image:width\" content=\"2000\" \/>\n\t<meta property=\"og:image:height\" content=\"1600\" \/>\n\t<meta property=\"og:image:type\" content=\"image\/jpeg\" \/>\n<meta name=\"twitter:card\" content=\"summary_large_image\" \/>\n<meta name=\"twitter:label1\" content=\"Tiempo de lectura\" \/>\n\t<meta name=\"twitter:data1\" content=\"2 minutos\" \/>\n<script type=\"application\/ld+json\" class=\"yoast-schema-graph\">{\"@context\":\"https:\\\/\\\/schema.org\",\"@graph\":[{\"@type\":\"WebPage\",\"@id\":\"https:\\\/\\\/homeofwool.com\\\/shop\\\/non-tufted-headboard-cushion\\\/\",\"url\":\"https:\\\/\\\/homeofwool.com\\\/shop\\\/non-tufted-headboard-cushion\\\/\",\"name\":\"Headboard Pillow & Cover \u2013 Custom Cushion Headboard | Home of Wool\",\"isPartOf\":{\"@id\":\"https:\\\/\\\/homeofwool.com\\\/#website\"},\"primaryImageOfPage\":{\"@id\":\"https:\\\/\\\/homeofwool.com\\\/shop\\\/non-tufted-headboard-cushion\\\/#primaryimage\"},\"image\":{\"@id\":\"https:\\\/\\\/homeofwool.com\\\/shop\\\/non-tufted-headboard-cushion\\\/#primaryimage\"},\"thumbnailUrl\":\"https:\\\/\\\/homeofwool.com\\\/wp-content\\\/uploads\\\/2025\\\/09\\\/home-of-wool-headboard-pillow-with-removable-cover-1-main.jpg\",\"datePublished\":\"2025-09-02T12:01:16+00:00\",\"dateModified\":\"2026-03-10T08:45:32+00:00\",\"description\":\"Supportive and stylish, the Headboard Pillow & Cover uses breathable wool filling. Hypoallergenic and toxin-free, it delivers sustainable, customizable comfort for bedroom design.\",\"breadcrumb\":{\"@id\":\"https:\\\/\\\/homeofwool.com\\\/shop\\\/non-tufted-headboard-cushion\\\/#breadcrumb\"},\"inLanguage\":\"es\",\"potentialAction\":[{\"@type\":\"ReadAction\",\"target\":[\"https:\\\/\\\/homeofwool.com\\\/shop\\\/non-tufted-headboard-cushion\\\/\"]}]},{\"@type\":\"ImageObject\",\"inLanguage\":\"es\",\"@id\":\"https:\\\/\\\/homeofwool.com\\\/shop\\\/non-tufted-headboard-cushion\\\/#primaryimage\",\"url\":\"https:\\\/\\\/homeofwool.com\\\/wp-content\\\/uploads\\\/2025\\\/09\\\/home-of-wool-headboard-pillow-with-removable-cover-1-main.jpg\",\"contentUrl\":\"https:\\\/\\\/homeofwool.com\\\/wp-content\\\/uploads\\\/2025\\\/09\\\/home-of-wool-headboard-pillow-with-removable-cover-1-main.jpg\",\"width\":2000,\"height\":1600,\"caption\":\"home of wool headboard cushion in a stylish bedroom\"},{\"@type\":\"BreadcrumbList\",\"@id\":\"https:\\\/\\\/homeofwool.com\\\/shop\\\/non-tufted-headboard-cushion\\\/#breadcrumb\",\"itemListElement\":[{\"@type\":\"ListItem\",\"position\":1,\"name\":\"Home\",\"item\":\"https:\\\/\\\/homeofwool.com\\\/\"},{\"@type\":\"ListItem\",\"position\":2,\"name\":\"Products\",\"item\":\"https:\\\/\\\/homeofwool.com\\\/header-search-2\\\/\"},{\"@type\":\"ListItem\",\"position\":3,\"name\":\"Headboard Pillow with Removable Cover\"}]},{\"@type\":\"WebSite\",\"@id\":\"https:\\\/\\\/homeofwool.com\\\/#website\",\"url\":\"https:\\\/\\\/homeofwool.com\\\/\",\"name\":\"Home of Wool\",\"description\":\"\",\"publisher\":{\"@id\":\"https:\\\/\\\/homeofwool.com\\\/#organization\"},\"potentialAction\":[{\"@type\":\"SearchAction\",\"target\":{\"@type\":\"EntryPoint\",\"urlTemplate\":\"https:\\\/\\\/homeofwool.com\\\/?s={search_term_string}\"},\"query-input\":{\"@type\":\"PropertyValueSpecification\",\"valueRequired\":true,\"valueName\":\"search_term_string\"}}],\"inLanguage\":\"es\"},{\"@type\":\"Organization\",\"@id\":\"https:\\\/\\\/homeofwool.com\\\/#organization\",\"name\":\"Home of Wool\",\"url\":\"https:\\\/\\\/homeofwool.com\\\/\",\"logo\":{\"@type\":\"ImageObject\",\"inLanguage\":\"es\",\"@id\":\"https:\\\/\\\/homeofwool.com\\\/#\\\/schema\\\/logo\\\/image\\\/\",\"url\":\"https:\\\/\\\/homeofwool.com\\\/wp-content\\\/uploads\\\/2025\\\/09\\\/WhatsApp-Image-2025-12-02-at-16.23.20.jpeg\",\"contentUrl\":\"https:\\\/\\\/homeofwool.com\\\/wp-content\\\/uploads\\\/2025\\\/09\\\/WhatsApp-Image-2025-12-02-at-16.23.20.jpeg\",\"width\":700,\"height\":247,\"caption\":\"Home of Wool\"},\"image\":{\"@id\":\"https:\\\/\\\/homeofwool.com\\\/#\\\/schema\\\/logo\\\/image\\\/\"},\"sameAs\":[\"https:\\\/\\\/facebook.com\\\/HomeOfWoolOfficial\"]}]}<\/script>\n<!-- \/ Yoast SEO Premium plugin. -->","yoast_head_json":{"title":"Coj\u00edn y funda para cabecero \u2013 Cabecero con coj\u00edn personalizado | Home of Wool","description":"La almohada y funda para cabecero, c\u00f3moda y elegante, utiliza un relleno de lana transpirable. Hipoalerg\u00e9nica y libre de toxinas, ofrece una comodidad sostenible y personalizable para el dise\u00f1o del dormitorio.","robots":{"index":"index","follow":"follow","max-snippet":"max-snippet:-1","max-image-preview":"max-image-preview:large","max-video-preview":"max-video-preview:-1"},"canonical":"https:\/\/homeofwool.com\/es\/tienda\/cojin-de-cabecero-sin-capitone\/","og_locale":"es_ES","og_type":"article","og_title":"Headboard Pillow with Removable Cover","og_description":"Supportive and stylish, the Headboard Pillow & Cover uses breathable wool filling. Hypoallergenic and toxin-free, it delivers sustainable, customizable comfort for bedroom design.","og_url":"https:\/\/homeofwool.com\/es\/tienda\/cojin-de-cabecero-sin-capitone\/","og_site_name":"Home of Wool","article_publisher":"https:\/\/facebook.com\/HomeOfWoolOfficial","article_modified_time":"2026-03-10T08:45:32+00:00","og_image":[{"width":2000,"height":1600,"url":"https:\/\/homeofwool.com\/wp-content\/uploads\/2025\/09\/home-of-wool-headboard-pillow-with-removable-cover-1-main.jpg","type":"image\/jpeg"}],"twitter_card":"summary_large_image","twitter_misc":{"Tiempo de lectura":"2 minutos"},"schema":{"@context":"https:\/\/schema.org","@graph":[{"@type":"WebPage","@id":"https:\/\/homeofwool.com\/shop\/non-tufted-headboard-cushion\/","url":"https:\/\/homeofwool.com\/shop\/non-tufted-headboard-cushion\/","name":"Coj\u00edn y funda para cabecero \u2013 Cabecero con coj\u00edn personalizado | Home of Wool","isPartOf":{"@id":"https:\/\/homeofwool.com\/#website"},"primaryImageOfPage":{"@id":"https:\/\/homeofwool.com\/shop\/non-tufted-headboard-cushion\/#primaryimage"},"image":{"@id":"https:\/\/homeofwool.com\/shop\/non-tufted-headboard-cushion\/#primaryimage"},"thumbnailUrl":"https:\/\/homeofwool.com\/wp-content\/uploads\/2025\/09\/home-of-wool-headboard-pillow-with-removable-cover-1-main.jpg","datePublished":"2025-09-02T12:01:16+00:00","dateModified":"2026-03-10T08:45:32+00:00","description":"La almohada y funda para cabecero, c\u00f3moda y elegante, utiliza un relleno de lana transpirable. Hipoalerg\u00e9nica y libre de toxinas, ofrece una comodidad sostenible y personalizable para el dise\u00f1o del dormitorio.","breadcrumb":{"@id":"https:\/\/homeofwool.com\/shop\/non-tufted-headboard-cushion\/#breadcrumb"},"inLanguage":"es","potentialAction":[{"@type":"ReadAction","target":["https:\/\/homeofwool.com\/shop\/non-tufted-headboard-cushion\/"]}]},{"@type":"ImageObject","inLanguage":"es","@id":"https:\/\/homeofwool.com\/shop\/non-tufted-headboard-cushion\/#primaryimage","url":"https:\/\/homeofwool.com\/wp-content\/uploads\/2025\/09\/home-of-wool-headboard-pillow-with-removable-cover-1-main.jpg","contentUrl":"https:\/\/homeofwool.com\/wp-content\/uploads\/2025\/09\/home-of-wool-headboard-pillow-with-removable-cover-1-main.jpg","width":2000,"height":1600,"caption":"home of wool headboard cushion in a stylish bedroom"},{"@type":"BreadcrumbList","@id":"https:\/\/homeofwool.com\/shop\/non-tufted-headboard-cushion\/#breadcrumb","itemListElement":[{"@type":"ListItem","position":1,"name":"Home","item":"https:\/\/homeofwool.com\/"},{"@type":"ListItem","position":2,"name":"Products","item":"https:\/\/homeofwool.com\/header-search-2\/"},{"@type":"ListItem","position":3,"name":"Headboard Pillow with Removable Cover"}]},{"@type":"WebSite","@id":"https:\/\/homeofwool.com\/#website","url":"https:\/\/homeofwool.com\/","name":"Hogar de la lana","description":"","publisher":{"@id":"https:\/\/homeofwool.com\/#organization"},"potentialAction":[{"@type":"SearchAction","target":{"@type":"EntryPoint","urlTemplate":"https:\/\/homeofwool.com\/?s={search_term_string}"},"query-input":{"@type":"PropertyValueSpecification","valueRequired":true,"valueName":"search_term_string"}}],"inLanguage":"es"},{"@type":"Organization","@id":"https:\/\/homeofwool.com\/#organization","name":"Hogar de la lana","url":"https:\/\/homeofwool.com\/","logo":{"@type":"ImageObject","inLanguage":"es","@id":"https:\/\/homeofwool.com\/#\/schema\/logo\/image\/","url":"https:\/\/homeofwool.com\/wp-content\/uploads\/2025\/09\/WhatsApp-Image-2025-12-02-at-16.23.20.jpeg","contentUrl":"https:\/\/homeofwool.com\/wp-content\/uploads\/2025\/09\/WhatsApp-Image-2025-12-02-at-16.23.20.jpeg","width":700,"height":247,"caption":"Home of Wool"},"image":{"@id":"https:\/\/homeofwool.com\/#\/schema\/logo\/image\/"},"sameAs":["https:\/\/facebook.com\/HomeOfWoolOfficial"]}]}},"_links":{"self":[{"href":"https:\/\/homeofwool.com\/es\/wp-json\/wp\/v2\/product\/217585","targetHints":{"allow":["GET"]}}],"collection":[{"href":"https:\/\/homeofwool.com\/es\/wp-json\/wp\/v2\/product"}],"about":[{"href":"https:\/\/homeofwool.com\/es\/wp-json\/wp\/v2\/types\/product"}],"version-history":[{"count":1,"href":"https:\/\/homeofwool.com\/es\/wp-json\/wp\/v2\/product\/217585\/revisions"}],"predecessor-version":[{"id":226710,"href":"https:\/\/homeofwool.com\/es\/wp-json\/wp\/v2\/product\/217585\/revisions\/226710"}],"wp:featuredmedia":[{"embeddable":true,"href":"https:\/\/homeofwool.com\/es\/wp-json\/wp\/v2\/media\/219731"}],"wp:attachment":[{"href":"https:\/\/homeofwool.com\/es\/wp-json\/wp\/v2\/media?parent=217585"}],"wp:term":[{"taxonomy":"product_brand","embeddable":true,"href":"https:\/\/homeofwool.com\/es\/wp-json\/wp\/v2\/product_brand?post=217585"},{"taxonomy":"product_cat","embeddable":true,"href":"https:\/\/homeofwool.com\/es\/wp-json\/wp\/v2\/product_cat?post=217585"},{"taxonomy":"product_tag","embeddable":true,"href":"https:\/\/homeofwool.com\/es\/wp-json\/wp\/v2\/product_tag?post=217585"}],"curies":[{"name":"wp","href":"https:\/\/api.w.org\/{rel}","templated":true}]}}