{"id":217583,"date":"2025-09-02T12:01:16","date_gmt":"2025-09-02T12:01:16","guid":{"rendered":"https:\/\/homeofwool.com\/?post_type=product&#038;p=217583"},"modified":"2026-03-24T08:57:34","modified_gmt":"2026-03-24T08:57:34","slug":"cubierta-de-colchon-de-lana","status":"publish","type":"product","link":"https:\/\/homeofwool.com\/es\/shop\/wool-mattress-topper\/","title":{"rendered":"Cubrecolch\u00f3n de lana"},"content":{"rendered":"<p>Piense en este sobrecolch\u00f3n de lana como la pieza que falta entre su colch\u00f3n y el sue\u00f1o profundo y reparador que ha estado buscando. La lana a\u00f1ade una amortiguaci\u00f3n \u00f3ptima a su cama. Ayuda a aliviar la presi\u00f3n de sus hombros y caderas para que pueda descansar m\u00e1s c\u00f3modamente.<\/p>\n<p>Con la lana, tu cuerpo encuentra su propio equilibrio t\u00e9rmico. El resultado es un microclima estable durante el sue\u00f1o, en el que puedes descansar profundamente sin sufrir cambios bruscos de calor o fr\u00edo. Y si te preocupan las sensibilidades, te encantar\u00e1 saber que es completamente natural, hipoalerg\u00e9nica y libre de productos qu\u00edmicos. Tambi\u00e9n es transpirable y naturalmente resistente a los \u00e1caros del polvo y al moho, por lo que tu sue\u00f1o se mantiene limpio y fresco.<\/p>\n<p>Los detalles pr\u00e1cticos lo hacen a\u00fan mejor. Las correas el\u00e1sticas evitan que se mueva y el relleno de lana se puede ajustar mediante cremalleras laterales. Para facilitar su cuidado, se le puede a\u00f1adir un protector de lana lavable.<\/p>\n<p>Utilizamos \u00fanicamente materiales renovables y naturales, por lo que tu comodidad nunca se consigue a expensas de tu salud o del medio ambiente.<\/p>","protected":false},"excerpt":{"rendered":"<p>Si hay una mejora que tu cama se merece, es un cubrecolch\u00f3n de lana. A\u00f1ade la comodidad que le puede faltar a tu colch\u00f3n, proporcion\u00e1ndote una cama m\u00e1s acogedora y relajante. Naturalmente hipoalerg\u00e9nico, transpirable y protegido con un protector de lana lavable opcional, es comodidad y tranquilidad en uno.<\/p>\n<div class=\"global-icon-set\">\n<div class=\"global-icon-set__items\">\n<div class=\"global-icon-set__item\">\n<div class=\"global-icon-set__image\">\n                                    <img decoding=\"async\" src=\"https:\/\/homeofwool.com\/wp-content\/uploads\/2025\/09\/handmade-icon-300x300.png\" alt=\"icono hecho a mano\" \/>\n                                <\/div>\n<div class=\"global-icon-set__title\">Hecho a mano<\/div>\n<\/p><\/div>\n<div class=\"global-icon-set__item\">\n<div class=\"global-icon-set__image\">\n                                    <img decoding=\"async\" src=\"https:\/\/homeofwool.com\/wp-content\/uploads\/2025\/09\/Isolates-Motion-Transfer-min-300x300.png\" alt=\"aisla la transferencia de movimiento\" \/>\n                                <\/div>\n<div class=\"global-icon-set__title\">A\u00edsla la transferencia de movimiento<\/div>\n<\/p><\/div>\n<div class=\"global-icon-set__item\">\n<div class=\"global-icon-set__image\">\n                                    <img decoding=\"async\" src=\"https:\/\/homeofwool.com\/wp-content\/uploads\/2025\/09\/Exceptionally-Supportive-min-300x300.png\" alt=\"icono excepcionalmente solidario\" \/>\n                                <\/div>\n<div class=\"global-icon-set__title\">Excepcionalmente solidario<\/div>\n<\/p><\/div>\n<div class=\"global-icon-set__item\">\n<div class=\"global-icon-set__image\">\n                                    <img decoding=\"async\" src=\"https:\/\/homeofwool.com\/wp-content\/uploads\/2025\/09\/wicks-moisture-away-300x300.png\" alt=\"evacua la humedad\" \/>\n                                <\/div>\n<div class=\"global-icon-set__title\">Evacua la humedad<\/div>\n<\/p><\/div>\n<div class=\"global-icon-set__item\">\n<div class=\"global-icon-set__image\">\n                                    <img decoding=\"async\" src=\"https:\/\/homeofwool.com\/wp-content\/uploads\/2025\/09\/VOCs-min-300x300.png\" alt=\"vocs free\" \/>\n                                <\/div>\n<div class=\"global-icon-set__title\">Sin COV<\/div>\n<\/p><\/div>\n<div class=\"global-icon-set__item\">\n<div class=\"global-icon-set__image\">\n                                    <img decoding=\"async\" src=\"https:\/\/homeofwool.com\/wp-content\/uploads\/2025\/09\/FR-min-300x300.png\" alt=\"icono de resistencia al fuego\" \/>\n                                <\/div>\n<div class=\"global-icon-set__title\">Resistente al fuego<\/div>\n<\/p><\/div>\n<div class=\"global-icon-set__item\">\n<div class=\"global-icon-set__image\">\n                                    <img decoding=\"async\" src=\"https:\/\/homeofwool.com\/wp-content\/uploads\/2025\/09\/Hypoallergenic-min-300x300.png\" alt=\"icono hipoalerg\u00e9nico\" \/>\n                                <\/div>\n<div class=\"global-icon-set__title\">Hipoalerg\u00e9nico<\/div>\n<\/p><\/div>\n<div class=\"global-icon-set__item\">\n<div class=\"global-icon-set__image\">\n                                    <img decoding=\"async\" src=\"https:\/\/homeofwool.com\/wp-content\/uploads\/2025\/09\/free-of-synthetics-icon-300x300.png\" alt=\"icono sin sint\u00e9ticos\" \/>\n                                <\/div>\n<div class=\"global-icon-set__title\">Sin sint\u00e9ticos<\/div>\n<\/p><\/div>\n<div class=\"global-icon-set__item\">\n<div class=\"global-icon-set__image\">\n                                    <img decoding=\"async\" src=\"https:\/\/homeofwool.com\/wp-content\/uploads\/2025\/09\/chemical-free-icon-300x300.png\" alt=\"icono sin productos qu\u00edmicos\" \/>\n                                <\/div>\n<div class=\"global-icon-set__title\">Sin productos qu\u00edmicos<\/div>\n<\/p><\/div>\n<div class=\"global-icon-set__item\">\n<div class=\"global-icon-set__image\">\n                                    <img decoding=\"async\" src=\"https:\/\/homeofwool.com\/wp-content\/uploads\/2025\/09\/anti-bacterial-icon-300x300.png\" alt=\"icono antibacteriano\" \/>\n                                <\/div>\n<div class=\"global-icon-set__title\">Antimicrobiano y antibacteriano<\/div>\n<\/p><\/div>\n<div class=\"global-icon-set__item\">\n<div class=\"global-icon-set__image\">\n                                    <img decoding=\"async\" src=\"https:\/\/homeofwool.com\/wp-content\/uploads\/2025\/09\/certified-materials-icon-300x300.png\" alt=\"icono de materiales certificados\" \/>\n                                <\/div>\n<div class=\"global-icon-set__title\">100% Materiales puros certificados<\/div>\n<\/p><\/div>\n<\/p><\/div>\n<\/p><\/div>","protected":false},"featured_media":229000,"template":"","meta":{"_acf_changed":false},"product_brand":[],"product_cat":[388],"product_tag":[1371,389,385,386,390,391,392,393,394,195,149,395],"class_list":{"0":"post-217583","1":"product","2":"type-product","3":"status-publish","4":"has-post-thumbnail","6":"product_cat-toppers","7":"product_tag-20off","8":"product_tag-bed-toppers","9":"product_tag-co-sleeping","10":"product_tag-family-bed","11":"product_tag-firm-mattress-topper","12":"product_tag-mattress-pad","13":"product_tag-mattress-topper","14":"product_tag-natural-topper","15":"product_tag-non-toxic-topper","16":"product_tag-organic-mattress","17":"product_tag-steps","18":"product_tag-top-mattress","20":"first","21":"instock","22":"shipping-taxable","23":"purchasable","24":"product-type-simple"},"acf":[],"yoast_head":"<!-- This site is optimized with the Yoast SEO Premium plugin v27.3 (Yoast SEO v27.3) - https:\/\/yoast.com\/product\/yoast-seo-premium-wordpress\/ -->\n<title>Wool Mattress Topper \u2013 Cloud-like Softness &amp; Optimal Support | Home of Wool<\/title>\n<meta name=\"description\" content=\"Soft and supportive, the Wool Mattress Topper uses breathable wool filling. Hypoallergenic and toxin-free, it provides natural, sustainable rest with cloud-like comfort every night.\" \/>\n<meta name=\"robots\" content=\"index, follow, max-snippet:-1, max-image-preview:large, max-video-preview:-1\" \/>\n<link rel=\"canonical\" href=\"https:\/\/homeofwool.com\/es\/tienda\/cubierta-de-colchon-de-lana\/\" \/>\n<meta property=\"og:locale\" content=\"es_ES\" \/>\n<meta property=\"og:type\" content=\"article\" \/>\n<meta property=\"og:title\" content=\"Wool Mattress Topper\" \/>\n<meta property=\"og:description\" content=\"Soft and supportive, the Wool Mattress Topper uses breathable wool filling. Hypoallergenic and toxin-free, it provides natural, sustainable rest with cloud-like comfort every night.\" \/>\n<meta property=\"og:url\" content=\"https:\/\/homeofwool.com\/es\/tienda\/cubierta-de-colchon-de-lana\/\" \/>\n<meta property=\"og:site_name\" content=\"Home of Wool\" \/>\n<meta property=\"article:publisher\" content=\"https:\/\/facebook.com\/HomeOfWoolOfficial\" \/>\n<meta property=\"article:modified_time\" content=\"2026-03-24T08:57:34+00:00\" \/>\n<meta property=\"og:image\" content=\"https:\/\/homeofwool.com\/wp-content\/uploads\/2025\/09\/home-of-wool-wool-mattress-topper-main.jpg\" \/>\n\t<meta property=\"og:image:width\" content=\"1920\" \/>\n\t<meta property=\"og:image:height\" content=\"1536\" \/>\n\t<meta property=\"og:image:type\" content=\"image\/jpeg\" \/>\n<meta name=\"twitter:card\" content=\"summary_large_image\" \/>\n<meta name=\"twitter:label1\" content=\"Tiempo de lectura\" \/>\n\t<meta name=\"twitter:data1\" content=\"1 minuto\" \/>\n<script type=\"application\/ld+json\" class=\"yoast-schema-graph\">{\"@context\":\"https:\\\/\\\/schema.org\",\"@graph\":[{\"@type\":\"WebPage\",\"@id\":\"https:\\\/\\\/homeofwool.com\\\/shop\\\/wool-mattress-topper\\\/\",\"url\":\"https:\\\/\\\/homeofwool.com\\\/shop\\\/wool-mattress-topper\\\/\",\"name\":\"Wool Mattress Topper \u2013 Cloud-like Softness & Optimal Support | Home of Wool\",\"isPartOf\":{\"@id\":\"https:\\\/\\\/homeofwool.com\\\/#website\"},\"primaryImageOfPage\":{\"@id\":\"https:\\\/\\\/homeofwool.com\\\/shop\\\/wool-mattress-topper\\\/#primaryimage\"},\"image\":{\"@id\":\"https:\\\/\\\/homeofwool.com\\\/shop\\\/wool-mattress-topper\\\/#primaryimage\"},\"thumbnailUrl\":\"https:\\\/\\\/homeofwool.com\\\/wp-content\\\/uploads\\\/2025\\\/09\\\/home-of-wool-wool-mattress-topper-main.jpg\",\"datePublished\":\"2025-09-02T12:01:16+00:00\",\"dateModified\":\"2026-03-24T08:57:34+00:00\",\"description\":\"Soft and supportive, the Wool Mattress Topper uses breathable wool filling. Hypoallergenic and toxin-free, it provides natural, sustainable rest with cloud-like comfort every night.\",\"breadcrumb\":{\"@id\":\"https:\\\/\\\/homeofwool.com\\\/shop\\\/wool-mattress-topper\\\/#breadcrumb\"},\"inLanguage\":\"es\",\"potentialAction\":[{\"@type\":\"ReadAction\",\"target\":[\"https:\\\/\\\/homeofwool.com\\\/shop\\\/wool-mattress-topper\\\/\"]}]},{\"@type\":\"ImageObject\",\"inLanguage\":\"es\",\"@id\":\"https:\\\/\\\/homeofwool.com\\\/shop\\\/wool-mattress-topper\\\/#primaryimage\",\"url\":\"https:\\\/\\\/homeofwool.com\\\/wp-content\\\/uploads\\\/2025\\\/09\\\/home-of-wool-wool-mattress-topper-main.jpg\",\"contentUrl\":\"https:\\\/\\\/homeofwool.com\\\/wp-content\\\/uploads\\\/2025\\\/09\\\/home-of-wool-wool-mattress-topper-main.jpg\",\"width\":1920,\"height\":1536,\"caption\":\"home of wool mattress topper close up in 100% virgin wool fabric\"},{\"@type\":\"BreadcrumbList\",\"@id\":\"https:\\\/\\\/homeofwool.com\\\/shop\\\/wool-mattress-topper\\\/#breadcrumb\",\"itemListElement\":[{\"@type\":\"ListItem\",\"position\":1,\"name\":\"Home\",\"item\":\"https:\\\/\\\/homeofwool.com\\\/\"},{\"@type\":\"ListItem\",\"position\":2,\"name\":\"Products\",\"item\":\"https:\\\/\\\/homeofwool.com\\\/header-search-2\\\/\"},{\"@type\":\"ListItem\",\"position\":3,\"name\":\"Wool Mattress Topper\"}]},{\"@type\":\"WebSite\",\"@id\":\"https:\\\/\\\/homeofwool.com\\\/#website\",\"url\":\"https:\\\/\\\/homeofwool.com\\\/\",\"name\":\"Home of Wool\",\"description\":\"\",\"publisher\":{\"@id\":\"https:\\\/\\\/homeofwool.com\\\/#organization\"},\"potentialAction\":[{\"@type\":\"SearchAction\",\"target\":{\"@type\":\"EntryPoint\",\"urlTemplate\":\"https:\\\/\\\/homeofwool.com\\\/?s={search_term_string}\"},\"query-input\":{\"@type\":\"PropertyValueSpecification\",\"valueRequired\":true,\"valueName\":\"search_term_string\"}}],\"inLanguage\":\"es\"},{\"@type\":\"Organization\",\"@id\":\"https:\\\/\\\/homeofwool.com\\\/#organization\",\"name\":\"Home of Wool\",\"url\":\"https:\\\/\\\/homeofwool.com\\\/\",\"logo\":{\"@type\":\"ImageObject\",\"inLanguage\":\"es\",\"@id\":\"https:\\\/\\\/homeofwool.com\\\/#\\\/schema\\\/logo\\\/image\\\/\",\"url\":\"https:\\\/\\\/homeofwool.com\\\/wp-content\\\/uploads\\\/2025\\\/09\\\/WhatsApp-Image-2025-12-02-at-16.23.20.jpeg\",\"contentUrl\":\"https:\\\/\\\/homeofwool.com\\\/wp-content\\\/uploads\\\/2025\\\/09\\\/WhatsApp-Image-2025-12-02-at-16.23.20.jpeg\",\"width\":700,\"height\":247,\"caption\":\"Home of Wool\"},\"image\":{\"@id\":\"https:\\\/\\\/homeofwool.com\\\/#\\\/schema\\\/logo\\\/image\\\/\"},\"sameAs\":[\"https:\\\/\\\/facebook.com\\\/HomeOfWoolOfficial\"]}]}<\/script>\n<!-- \/ Yoast SEO Premium plugin. -->","yoast_head_json":{"title":"Cubrecolch\u00f3n de lana - Suavidad como una nube y soporte \u00f3ptimo | Home of Wool","description":"Suave y confortable, el sobrecolch\u00f3n de lana utiliza un relleno de lana transpirable. Hipoalerg\u00e9nico y libre de toxinas, proporciona un descanso natural y sostenible con un confort como una nube cada noche.","robots":{"index":"index","follow":"follow","max-snippet":"max-snippet:-1","max-image-preview":"max-image-preview:large","max-video-preview":"max-video-preview:-1"},"canonical":"https:\/\/homeofwool.com\/es\/tienda\/cubierta-de-colchon-de-lana\/","og_locale":"es_ES","og_type":"article","og_title":"Wool Mattress Topper","og_description":"Soft and supportive, the Wool Mattress Topper uses breathable wool filling. Hypoallergenic and toxin-free, it provides natural, sustainable rest with cloud-like comfort every night.","og_url":"https:\/\/homeofwool.com\/es\/tienda\/cubierta-de-colchon-de-lana\/","og_site_name":"Home of Wool","article_publisher":"https:\/\/facebook.com\/HomeOfWoolOfficial","article_modified_time":"2026-03-24T08:57:34+00:00","og_image":[{"width":1920,"height":1536,"url":"https:\/\/homeofwool.com\/wp-content\/uploads\/2025\/09\/home-of-wool-wool-mattress-topper-main.jpg","type":"image\/jpeg"}],"twitter_card":"summary_large_image","twitter_misc":{"Tiempo de lectura":"1 minuto"},"schema":{"@context":"https:\/\/schema.org","@graph":[{"@type":"WebPage","@id":"https:\/\/homeofwool.com\/shop\/wool-mattress-topper\/","url":"https:\/\/homeofwool.com\/shop\/wool-mattress-topper\/","name":"Cubrecolch\u00f3n de lana - Suavidad como una nube y soporte \u00f3ptimo | Home of Wool","isPartOf":{"@id":"https:\/\/homeofwool.com\/#website"},"primaryImageOfPage":{"@id":"https:\/\/homeofwool.com\/shop\/wool-mattress-topper\/#primaryimage"},"image":{"@id":"https:\/\/homeofwool.com\/shop\/wool-mattress-topper\/#primaryimage"},"thumbnailUrl":"https:\/\/homeofwool.com\/wp-content\/uploads\/2025\/09\/home-of-wool-wool-mattress-topper-main.jpg","datePublished":"2025-09-02T12:01:16+00:00","dateModified":"2026-03-24T08:57:34+00:00","description":"Suave y confortable, el sobrecolch\u00f3n de lana utiliza un relleno de lana transpirable. Hipoalerg\u00e9nico y libre de toxinas, proporciona un descanso natural y sostenible con un confort como una nube cada noche.","breadcrumb":{"@id":"https:\/\/homeofwool.com\/shop\/wool-mattress-topper\/#breadcrumb"},"inLanguage":"es","potentialAction":[{"@type":"ReadAction","target":["https:\/\/homeofwool.com\/shop\/wool-mattress-topper\/"]}]},{"@type":"ImageObject","inLanguage":"es","@id":"https:\/\/homeofwool.com\/shop\/wool-mattress-topper\/#primaryimage","url":"https:\/\/homeofwool.com\/wp-content\/uploads\/2025\/09\/home-of-wool-wool-mattress-topper-main.jpg","contentUrl":"https:\/\/homeofwool.com\/wp-content\/uploads\/2025\/09\/home-of-wool-wool-mattress-topper-main.jpg","width":1920,"height":1536,"caption":"home of wool mattress topper close up in 100% virgin wool fabric"},{"@type":"BreadcrumbList","@id":"https:\/\/homeofwool.com\/shop\/wool-mattress-topper\/#breadcrumb","itemListElement":[{"@type":"ListItem","position":1,"name":"Home","item":"https:\/\/homeofwool.com\/"},{"@type":"ListItem","position":2,"name":"Products","item":"https:\/\/homeofwool.com\/header-search-2\/"},{"@type":"ListItem","position":3,"name":"Wool Mattress Topper"}]},{"@type":"WebSite","@id":"https:\/\/homeofwool.com\/#website","url":"https:\/\/homeofwool.com\/","name":"Hogar de la lana","description":"","publisher":{"@id":"https:\/\/homeofwool.com\/#organization"},"potentialAction":[{"@type":"SearchAction","target":{"@type":"EntryPoint","urlTemplate":"https:\/\/homeofwool.com\/?s={search_term_string}"},"query-input":{"@type":"PropertyValueSpecification","valueRequired":true,"valueName":"search_term_string"}}],"inLanguage":"es"},{"@type":"Organization","@id":"https:\/\/homeofwool.com\/#organization","name":"Hogar de la lana","url":"https:\/\/homeofwool.com\/","logo":{"@type":"ImageObject","inLanguage":"es","@id":"https:\/\/homeofwool.com\/#\/schema\/logo\/image\/","url":"https:\/\/homeofwool.com\/wp-content\/uploads\/2025\/09\/WhatsApp-Image-2025-12-02-at-16.23.20.jpeg","contentUrl":"https:\/\/homeofwool.com\/wp-content\/uploads\/2025\/09\/WhatsApp-Image-2025-12-02-at-16.23.20.jpeg","width":700,"height":247,"caption":"Home of Wool"},"image":{"@id":"https:\/\/homeofwool.com\/#\/schema\/logo\/image\/"},"sameAs":["https:\/\/facebook.com\/HomeOfWoolOfficial"]}]}},"_links":{"self":[{"href":"https:\/\/homeofwool.com\/es\/wp-json\/wp\/v2\/product\/217583","targetHints":{"allow":["GET"]}}],"collection":[{"href":"https:\/\/homeofwool.com\/es\/wp-json\/wp\/v2\/product"}],"about":[{"href":"https:\/\/homeofwool.com\/es\/wp-json\/wp\/v2\/types\/product"}],"version-history":[{"count":3,"href":"https:\/\/homeofwool.com\/es\/wp-json\/wp\/v2\/product\/217583\/revisions"}],"predecessor-version":[{"id":229002,"href":"https:\/\/homeofwool.com\/es\/wp-json\/wp\/v2\/product\/217583\/revisions\/229002"}],"wp:featuredmedia":[{"embeddable":true,"href":"https:\/\/homeofwool.com\/es\/wp-json\/wp\/v2\/media\/229000"}],"wp:attachment":[{"href":"https:\/\/homeofwool.com\/es\/wp-json\/wp\/v2\/media?parent=217583"}],"wp:term":[{"taxonomy":"product_brand","embeddable":true,"href":"https:\/\/homeofwool.com\/es\/wp-json\/wp\/v2\/product_brand?post=217583"},{"taxonomy":"product_cat","embeddable":true,"href":"https:\/\/homeofwool.com\/es\/wp-json\/wp\/v2\/product_cat?post=217583"},{"taxonomy":"product_tag","embeddable":true,"href":"https:\/\/homeofwool.com\/es\/wp-json\/wp\/v2\/product_tag?post=217583"}],"curies":[{"name":"wp","href":"https:\/\/api.w.org\/{rel}","templated":true}]}}