{"id":217582,"date":"2025-09-02T12:01:16","date_gmt":"2025-09-02T12:01:16","guid":{"rendered":"https:\/\/homeofwool.com\/?post_type=product&#038;p=217582"},"modified":"2026-03-24T11:28:45","modified_gmt":"2026-03-24T11:28:45","slug":"relleno-de-lana-para-edredon","status":"publish","type":"product","link":"https:\/\/homeofwool.com\/es\/shop\/wool-duvet-insert\/","title":{"rendered":"Funda n\u00f3rdica de lana"},"content":{"rendered":"<p>Nuestro relleno de lana para edredones est\u00e1 dise\u00f1ado para proporcionar un sue\u00f1o m\u00e1s saludable y reparador. Mientras descansas, la lana se adapta a tus necesidades. Retiene el calor cuando el aire es fresco y lo libera antes de que se acumule, lo que resulta \u00fatil si sufres sudores nocturnos.<\/p>\n<p>Cada relleno est\u00e1 libre de sint\u00e9ticos y toxinas. Al no desprender gases, la lana es una excelente opci\u00f3n para cualquier persona que padezca alergias. La transpirabilidad de la lana y su capacidad para resistir los \u00e1caros del polvo y las bacterias hacen que tu ropa de cama se mantenga limpia y fresca.<\/p>\n<p>Cada edred\u00f3n se fabrica por encargo. Puedes personalizar completamente el tama\u00f1o y el tejido. Incluso puedes elegir el grosor que prefieras. Elige entre rellenos de verano, invierno o extra c\u00e1lidos para satisfacer tus necesidades. Si no est\u00e1s seguro de cu\u00e1l es la mejor opci\u00f3n, consulta nuestra\u00a0<a class=\"ql-link\" href=\"https:\/\/homeofwool.com\/es\/elegir-el-edredon-de-lana-perfecto-esta-temporada\/\" target=\"_blank\" rel=\"noopener noreferrer\">Gu\u00eda para rellenos de edredones de lana<\/a> para pedir ayuda.<\/p>\n<p>El relleno est\u00e1 acolchado a mano para mantener la lana uniformemente en su sitio. Se pueden a\u00f1adir lazos opcionales en las esquinas para fijar el relleno a la funda n\u00f3rdica y conseguir un ajuste perfecto. Elige entre tejidos naturales como el algod\u00f3n, el lino o la seda para conseguir el acabado que m\u00e1s te guste. \u00bfA\u00fan no est\u00e1s seguro? Puedes comprar muestras de rellenos de lana para fundas n\u00f3rdicas y as\u00ed hacerte una idea antes de hacer tu pedido.<\/p>","protected":false},"excerpt":{"rendered":"<p>Disfrute de una comodidad constante con un edred\u00f3n de lana que nunca da demasiado calor ni demasiado fr\u00edo. Con la lana, su cuerpo se mantiene a una temperatura \u00f3ptima para dormir c\u00f3modamente. A diferencia de los edredones sint\u00e9ticos o de plum\u00f3n, que le dan calor y luego fr\u00edo y perturban su sue\u00f1o, la lana mantiene la temperatura ideal durante toda la noche.<\/p>\n<div class=\"global-icon-set\">\n<div class=\"global-icon-set__items\">\n<div class=\"global-icon-set__item\">\n<div class=\"global-icon-set__image\">\n                                    <img decoding=\"async\" src=\"https:\/\/homeofwool.com\/wp-content\/uploads\/2025\/09\/handmade-icon-300x300.png\" alt=\"icono hecho a mano\" \/>\n                                <\/div>\n<div class=\"global-icon-set__title\">Hecho a mano<\/div>\n<\/p><\/div>\n<div class=\"global-icon-set__item\">\n<div class=\"global-icon-set__image\">\n                                    <img decoding=\"async\" src=\"https:\/\/homeofwool.com\/wp-content\/uploads\/2025\/09\/VOCs-min-300x300.png\" alt=\"vocs free\" \/>\n                                <\/div>\n<div class=\"global-icon-set__title\">Sin COV<\/div>\n<\/p><\/div>\n<div class=\"global-icon-set__item\">\n<div class=\"global-icon-set__image\">\n                                    <img decoding=\"async\" src=\"https:\/\/homeofwool.com\/wp-content\/uploads\/2025\/09\/FR-min-300x300.png\" alt=\"icono de resistencia al fuego\" \/>\n                                <\/div>\n<div class=\"global-icon-set__title\">Resistente al fuego<\/div>\n<\/p><\/div>\n<div class=\"global-icon-set__item\">\n<div class=\"global-icon-set__image\">\n                                    <img decoding=\"async\" src=\"https:\/\/homeofwool.com\/wp-content\/uploads\/2025\/09\/Hypoallergenic-min-300x300.png\" alt=\"icono hipoalerg\u00e9nico\" \/>\n                                <\/div>\n<div class=\"global-icon-set__title\">Hipoalerg\u00e9nico<\/div>\n<\/p><\/div>\n<div class=\"global-icon-set__item\">\n<div class=\"global-icon-set__image\">\n                                    <img decoding=\"async\" src=\"https:\/\/homeofwool.com\/wp-content\/uploads\/2025\/09\/free-of-synthetics-icon-300x300.png\" alt=\"icono sin sint\u00e9ticos\" \/>\n                                <\/div>\n<div class=\"global-icon-set__title\">Sin sint\u00e9ticos<\/div>\n<\/p><\/div>\n<div class=\"global-icon-set__item\">\n<div class=\"global-icon-set__image\">\n                                    <img decoding=\"async\" src=\"https:\/\/homeofwool.com\/wp-content\/uploads\/2025\/09\/chemical-free-icon-300x300.png\" alt=\"icono sin productos qu\u00edmicos\" \/>\n                                <\/div>\n<div class=\"global-icon-set__title\">Sin productos qu\u00edmicos<\/div>\n<\/p><\/div>\n<div class=\"global-icon-set__item\">\n<div class=\"global-icon-set__image\">\n                                    <img decoding=\"async\" src=\"https:\/\/homeofwool.com\/wp-content\/uploads\/2025\/09\/anti-bacterial-icon-300x300.png\" alt=\"icono antibacteriano\" \/>\n                                <\/div>\n<div class=\"global-icon-set__title\">Antimicrobiano y antibacteriano<\/div>\n<\/p><\/div>\n<div class=\"global-icon-set__item\">\n<div class=\"global-icon-set__image\">\n                                    <img decoding=\"async\" src=\"https:\/\/homeofwool.com\/wp-content\/uploads\/2025\/09\/certified-materials-icon-300x300.png\" alt=\"icono de materiales certificados\" \/>\n                                <\/div>\n<div class=\"global-icon-set__title\">100% Materiales puros certificados<\/div>\n<\/p><\/div>\n<\/p><\/div>\n<\/p><\/div>","protected":false},"featured_media":223541,"template":"","meta":{"_acf_changed":false},"product_brand":[],"product_cat":[266,1366,60,267],"product_tag":[428,429,430,431,432,433,434,149],"class_list":{"0":"post-217582","1":"product","2":"type-product","3":"status-publish","4":"has-post-thumbnail","6":"product_cat-baby-sleep-products","7":"product_cat-womens-day","8":"product_cat-blankets-duvets","9":"product_cat-nursery","10":"product_tag-custom-comforter","11":"product_tag-down-alternative-comforter","12":"product_tag-duvet-insert","13":"product_tag-duvet-insert-king","14":"product_tag-duvet-insert-queen","15":"product_tag-quilt-covers","16":"product_tag-quilted-comforter","17":"product_tag-steps","19":"first","20":"instock","21":"shipping-taxable","22":"purchasable","23":"product-type-simple"},"acf":[],"yoast_head":"<!-- This site is optimized with the Yoast SEO Premium plugin v27.3 (Yoast SEO v27.3) - https:\/\/yoast.com\/product\/yoast-seo-premium-wordpress\/ -->\n<title>Duvet Insert \u2013 Natural Comfort for Restful Sleep | Home of Wool<\/title>\n<meta name=\"description\" content=\"Breathable and organic, the Duvet Insert is filled with wool for toxin-free comfort. Hypoallergenic and natural, it delivers sustainable, restful sleep and safe all-season warmth.\" \/>\n<meta name=\"robots\" content=\"index, follow, max-snippet:-1, max-image-preview:large, max-video-preview:-1\" \/>\n<link rel=\"canonical\" href=\"https:\/\/homeofwool.com\/es\/tienda\/relleno-de-lana-para-edredon\/\" \/>\n<meta property=\"og:locale\" content=\"es_ES\" \/>\n<meta property=\"og:type\" content=\"article\" \/>\n<meta property=\"og:title\" content=\"Wool Duvet Insert\" \/>\n<meta property=\"og:description\" content=\"Breathable and organic, the Duvet Insert is filled with wool for toxin-free comfort. Hypoallergenic and natural, it delivers sustainable, restful sleep and safe all-season warmth.\" \/>\n<meta property=\"og:url\" content=\"https:\/\/homeofwool.com\/es\/tienda\/relleno-de-lana-para-edredon\/\" \/>\n<meta property=\"og:site_name\" content=\"Home of Wool\" \/>\n<meta property=\"article:publisher\" content=\"https:\/\/facebook.com\/HomeOfWoolOfficial\" \/>\n<meta property=\"article:modified_time\" content=\"2026-03-24T11:28:45+00:00\" \/>\n<meta property=\"og:image\" content=\"https:\/\/homeofwool.com\/wp-content\/uploads\/2025\/09\/home-of-wool-wool-duvet-insert-5.jpg\" \/>\n\t<meta property=\"og:image:width\" content=\"1900\" \/>\n\t<meta property=\"og:image:height\" content=\"1520\" \/>\n\t<meta property=\"og:image:type\" content=\"image\/jpeg\" \/>\n<meta name=\"twitter:card\" content=\"summary_large_image\" \/>\n<meta name=\"twitter:label1\" content=\"Tiempo de lectura\" \/>\n\t<meta name=\"twitter:data1\" content=\"2 minutos\" \/>\n<script type=\"application\/ld+json\" class=\"yoast-schema-graph\">{\"@context\":\"https:\\\/\\\/schema.org\",\"@graph\":[{\"@type\":\"WebPage\",\"@id\":\"https:\\\/\\\/homeofwool.com\\\/shop\\\/wool-duvet-insert\\\/\",\"url\":\"https:\\\/\\\/homeofwool.com\\\/shop\\\/wool-duvet-insert\\\/\",\"name\":\"Duvet Insert \u2013 Natural Comfort for Restful Sleep | Home of Wool\",\"isPartOf\":{\"@id\":\"https:\\\/\\\/homeofwool.com\\\/#website\"},\"primaryImageOfPage\":{\"@id\":\"https:\\\/\\\/homeofwool.com\\\/shop\\\/wool-duvet-insert\\\/#primaryimage\"},\"image\":{\"@id\":\"https:\\\/\\\/homeofwool.com\\\/shop\\\/wool-duvet-insert\\\/#primaryimage\"},\"thumbnailUrl\":\"https:\\\/\\\/homeofwool.com\\\/wp-content\\\/uploads\\\/2025\\\/09\\\/home-of-wool-wool-duvet-insert-5.jpg\",\"datePublished\":\"2025-09-02T12:01:16+00:00\",\"dateModified\":\"2026-03-24T11:28:45+00:00\",\"description\":\"Breathable and organic, the Duvet Insert is filled with wool for toxin-free comfort. Hypoallergenic and natural, it delivers sustainable, restful sleep and safe all-season warmth.\",\"breadcrumb\":{\"@id\":\"https:\\\/\\\/homeofwool.com\\\/shop\\\/wool-duvet-insert\\\/#breadcrumb\"},\"inLanguage\":\"es\",\"potentialAction\":[{\"@type\":\"ReadAction\",\"target\":[\"https:\\\/\\\/homeofwool.com\\\/shop\\\/wool-duvet-insert\\\/\"]}]},{\"@type\":\"ImageObject\",\"inLanguage\":\"es\",\"@id\":\"https:\\\/\\\/homeofwool.com\\\/shop\\\/wool-duvet-insert\\\/#primaryimage\",\"url\":\"https:\\\/\\\/homeofwool.com\\\/wp-content\\\/uploads\\\/2025\\\/09\\\/home-of-wool-wool-duvet-insert-5.jpg\",\"contentUrl\":\"https:\\\/\\\/homeofwool.com\\\/wp-content\\\/uploads\\\/2025\\\/09\\\/home-of-wool-wool-duvet-insert-5.jpg\",\"width\":1900,\"height\":1520,\"caption\":\"wool duvet insert folded and on a bench\"},{\"@type\":\"BreadcrumbList\",\"@id\":\"https:\\\/\\\/homeofwool.com\\\/shop\\\/wool-duvet-insert\\\/#breadcrumb\",\"itemListElement\":[{\"@type\":\"ListItem\",\"position\":1,\"name\":\"Home\",\"item\":\"https:\\\/\\\/homeofwool.com\\\/\"},{\"@type\":\"ListItem\",\"position\":2,\"name\":\"Products\",\"item\":\"https:\\\/\\\/homeofwool.com\\\/header-search-2\\\/\"},{\"@type\":\"ListItem\",\"position\":3,\"name\":\"Wool Duvet Insert\"}]},{\"@type\":\"WebSite\",\"@id\":\"https:\\\/\\\/homeofwool.com\\\/#website\",\"url\":\"https:\\\/\\\/homeofwool.com\\\/\",\"name\":\"Home of Wool\",\"description\":\"\",\"publisher\":{\"@id\":\"https:\\\/\\\/homeofwool.com\\\/#organization\"},\"potentialAction\":[{\"@type\":\"SearchAction\",\"target\":{\"@type\":\"EntryPoint\",\"urlTemplate\":\"https:\\\/\\\/homeofwool.com\\\/?s={search_term_string}\"},\"query-input\":{\"@type\":\"PropertyValueSpecification\",\"valueRequired\":true,\"valueName\":\"search_term_string\"}}],\"inLanguage\":\"es\"},{\"@type\":\"Organization\",\"@id\":\"https:\\\/\\\/homeofwool.com\\\/#organization\",\"name\":\"Home of Wool\",\"url\":\"https:\\\/\\\/homeofwool.com\\\/\",\"logo\":{\"@type\":\"ImageObject\",\"inLanguage\":\"es\",\"@id\":\"https:\\\/\\\/homeofwool.com\\\/#\\\/schema\\\/logo\\\/image\\\/\",\"url\":\"https:\\\/\\\/homeofwool.com\\\/wp-content\\\/uploads\\\/2025\\\/09\\\/WhatsApp-Image-2025-12-02-at-16.23.20.jpeg\",\"contentUrl\":\"https:\\\/\\\/homeofwool.com\\\/wp-content\\\/uploads\\\/2025\\\/09\\\/WhatsApp-Image-2025-12-02-at-16.23.20.jpeg\",\"width\":700,\"height\":247,\"caption\":\"Home of Wool\"},\"image\":{\"@id\":\"https:\\\/\\\/homeofwool.com\\\/#\\\/schema\\\/logo\\\/image\\\/\"},\"sameAs\":[\"https:\\\/\\\/facebook.com\\\/HomeOfWoolOfficial\"]}]}<\/script>\n<!-- \/ Yoast SEO Premium plugin. -->","yoast_head_json":{"title":"Relleno n\u00f3rdico: comodidad natural para un sue\u00f1o reparador | Home of Wool","description":"Transpirable y org\u00e1nico, el relleno n\u00f3rdico est\u00e1 relleno de lana para ofrecer un confort libre de toxinas. Hipoalerg\u00e9nico y natural, proporciona un sue\u00f1o reparador y sostenible, as\u00ed como una calidez segura durante todas las estaciones.","robots":{"index":"index","follow":"follow","max-snippet":"max-snippet:-1","max-image-preview":"max-image-preview:large","max-video-preview":"max-video-preview:-1"},"canonical":"https:\/\/homeofwool.com\/es\/tienda\/relleno-de-lana-para-edredon\/","og_locale":"es_ES","og_type":"article","og_title":"Wool Duvet Insert","og_description":"Breathable and organic, the Duvet Insert is filled with wool for toxin-free comfort. Hypoallergenic and natural, it delivers sustainable, restful sleep and safe all-season warmth.","og_url":"https:\/\/homeofwool.com\/es\/tienda\/relleno-de-lana-para-edredon\/","og_site_name":"Home of Wool","article_publisher":"https:\/\/facebook.com\/HomeOfWoolOfficial","article_modified_time":"2026-03-24T11:28:45+00:00","og_image":[{"width":1900,"height":1520,"url":"https:\/\/homeofwool.com\/wp-content\/uploads\/2025\/09\/home-of-wool-wool-duvet-insert-5.jpg","type":"image\/jpeg"}],"twitter_card":"summary_large_image","twitter_misc":{"Tiempo de lectura":"2 minutos"},"schema":{"@context":"https:\/\/schema.org","@graph":[{"@type":"WebPage","@id":"https:\/\/homeofwool.com\/shop\/wool-duvet-insert\/","url":"https:\/\/homeofwool.com\/shop\/wool-duvet-insert\/","name":"Relleno n\u00f3rdico: comodidad natural para un sue\u00f1o reparador | Home of Wool","isPartOf":{"@id":"https:\/\/homeofwool.com\/#website"},"primaryImageOfPage":{"@id":"https:\/\/homeofwool.com\/shop\/wool-duvet-insert\/#primaryimage"},"image":{"@id":"https:\/\/homeofwool.com\/shop\/wool-duvet-insert\/#primaryimage"},"thumbnailUrl":"https:\/\/homeofwool.com\/wp-content\/uploads\/2025\/09\/home-of-wool-wool-duvet-insert-5.jpg","datePublished":"2025-09-02T12:01:16+00:00","dateModified":"2026-03-24T11:28:45+00:00","description":"Transpirable y org\u00e1nico, el relleno n\u00f3rdico est\u00e1 relleno de lana para ofrecer un confort libre de toxinas. Hipoalerg\u00e9nico y natural, proporciona un sue\u00f1o reparador y sostenible, as\u00ed como una calidez segura durante todas las estaciones.","breadcrumb":{"@id":"https:\/\/homeofwool.com\/shop\/wool-duvet-insert\/#breadcrumb"},"inLanguage":"es","potentialAction":[{"@type":"ReadAction","target":["https:\/\/homeofwool.com\/shop\/wool-duvet-insert\/"]}]},{"@type":"ImageObject","inLanguage":"es","@id":"https:\/\/homeofwool.com\/shop\/wool-duvet-insert\/#primaryimage","url":"https:\/\/homeofwool.com\/wp-content\/uploads\/2025\/09\/home-of-wool-wool-duvet-insert-5.jpg","contentUrl":"https:\/\/homeofwool.com\/wp-content\/uploads\/2025\/09\/home-of-wool-wool-duvet-insert-5.jpg","width":1900,"height":1520,"caption":"wool duvet insert folded and on a bench"},{"@type":"BreadcrumbList","@id":"https:\/\/homeofwool.com\/shop\/wool-duvet-insert\/#breadcrumb","itemListElement":[{"@type":"ListItem","position":1,"name":"Home","item":"https:\/\/homeofwool.com\/"},{"@type":"ListItem","position":2,"name":"Products","item":"https:\/\/homeofwool.com\/header-search-2\/"},{"@type":"ListItem","position":3,"name":"Wool Duvet Insert"}]},{"@type":"WebSite","@id":"https:\/\/homeofwool.com\/#website","url":"https:\/\/homeofwool.com\/","name":"Hogar de la lana","description":"","publisher":{"@id":"https:\/\/homeofwool.com\/#organization"},"potentialAction":[{"@type":"SearchAction","target":{"@type":"EntryPoint","urlTemplate":"https:\/\/homeofwool.com\/?s={search_term_string}"},"query-input":{"@type":"PropertyValueSpecification","valueRequired":true,"valueName":"search_term_string"}}],"inLanguage":"es"},{"@type":"Organization","@id":"https:\/\/homeofwool.com\/#organization","name":"Hogar de la lana","url":"https:\/\/homeofwool.com\/","logo":{"@type":"ImageObject","inLanguage":"es","@id":"https:\/\/homeofwool.com\/#\/schema\/logo\/image\/","url":"https:\/\/homeofwool.com\/wp-content\/uploads\/2025\/09\/WhatsApp-Image-2025-12-02-at-16.23.20.jpeg","contentUrl":"https:\/\/homeofwool.com\/wp-content\/uploads\/2025\/09\/WhatsApp-Image-2025-12-02-at-16.23.20.jpeg","width":700,"height":247,"caption":"Home of Wool"},"image":{"@id":"https:\/\/homeofwool.com\/#\/schema\/logo\/image\/"},"sameAs":["https:\/\/facebook.com\/HomeOfWoolOfficial"]}]}},"_links":{"self":[{"href":"https:\/\/homeofwool.com\/es\/wp-json\/wp\/v2\/product\/217582","targetHints":{"allow":["GET"]}}],"collection":[{"href":"https:\/\/homeofwool.com\/es\/wp-json\/wp\/v2\/product"}],"about":[{"href":"https:\/\/homeofwool.com\/es\/wp-json\/wp\/v2\/types\/product"}],"version-history":[{"count":3,"href":"https:\/\/homeofwool.com\/es\/wp-json\/wp\/v2\/product\/217582\/revisions"}],"predecessor-version":[{"id":228682,"href":"https:\/\/homeofwool.com\/es\/wp-json\/wp\/v2\/product\/217582\/revisions\/228682"}],"wp:featuredmedia":[{"embeddable":true,"href":"https:\/\/homeofwool.com\/es\/wp-json\/wp\/v2\/media\/223541"}],"wp:attachment":[{"href":"https:\/\/homeofwool.com\/es\/wp-json\/wp\/v2\/media?parent=217582"}],"wp:term":[{"taxonomy":"product_brand","embeddable":true,"href":"https:\/\/homeofwool.com\/es\/wp-json\/wp\/v2\/product_brand?post=217582"},{"taxonomy":"product_cat","embeddable":true,"href":"https:\/\/homeofwool.com\/es\/wp-json\/wp\/v2\/product_cat?post=217582"},{"taxonomy":"product_tag","embeddable":true,"href":"https:\/\/homeofwool.com\/es\/wp-json\/wp\/v2\/product_tag?post=217582"}],"curies":[{"name":"wp","href":"https:\/\/api.w.org\/{rel}","templated":true}]}}