{"id":217563,"date":"2025-09-02T12:00:58","date_gmt":"2025-09-02T12:00:58","guid":{"rendered":"https:\/\/homeofwool.com\/?post_type=product&#038;p=217563"},"modified":"2026-02-11T10:48:04","modified_gmt":"2026-02-11T10:48:04","slug":"cojin-de-asiento-acolchado","status":"publish","type":"product","link":"https:\/\/homeofwool.com\/es\/shop\/tufted-seat-cushion\/","title":{"rendered":"Coj\u00edn de lana acolchado"},"content":{"rendered":"<p>La mayor\u00eda de los cojines prefabricados son demasiado peque\u00f1os, demasiado grandes o simplemente no tienen la forma adecuada. El coj\u00edn de lana con capiton\u00e9 resuelve ese problema al ser totalmente personalizable. Tanto si necesita un simple rect\u00e1ngulo como un trapecio para un rinc\u00f3n, podr\u00e1 conseguir el ajuste perfecto. Si necesita un dise\u00f1o empotrado para un banco integrado, tambi\u00e9n lo tenemos cubierto. Cada coj\u00edn se fabrica por encargo con la intenci\u00f3n de que se ajuste a sus necesidades. Usted elige la tela, el ribete y el patr\u00f3n de capiton\u00e9. Incluso puede decidir el acabado de los capitones. Los detalles son importantes y, dado que utilizar\u00e1 el coj\u00edn durante muchos a\u00f1os, es importante para nosotros acertar con ellos.<\/p>\n<p>El coj\u00edn est\u00e1 relleno de lana pura, un material que nuestros clientes valoran por su transpirabilidad y comodidad. La lana ofrece un apoyo \u00f3ptimo y es muy c\u00f3moda para sentarse. Es una alternativa m\u00e1s saludable que la espuma sint\u00e9tica. Al ser un coj\u00edn hipoalerg\u00e9nico, es resistente a los \u00e1caros del polvo y seguro para las personas con asma o sensibilidad. Adem\u00e1s, es un coj\u00edn totalmente libre de productos qu\u00edmicos, lo que garantiza la tranquilidad de todos los hogares. El tufting a mano mantiene la lana uniformemente en su sitio y contribuye al car\u00e1cter atemporal y artesanal de este moderno coj\u00edn de lana.<\/p>\n<p>El cuidado es sencillo. Se recomienda limpiar las manchas. Al limpiar las manchas, puede deslizar un peque\u00f1o pa\u00f1o impermeable por dentro a trav\u00e9s de la cremallera para proteger el relleno. Para refrescar el coj\u00edn, col\u00f3quelo al sol y al aire libre durante una o dos horas dos veces al a\u00f1o. Con una rotaci\u00f3n ocasional, su coj\u00edn de lana mantendr\u00e1 su forma, comodidad y belleza durante muchos a\u00f1os, lo que lo convertir\u00e1 en una pieza duradera de la decoraci\u00f3n ecol\u00f3gica de su hogar.<\/p>","protected":false},"excerpt":{"rendered":"<p>Los cojines est\u00e1ndar rara vez se ajustan perfectamente. Por eso nuestro coj\u00edn de lana con capiton\u00e9 es totalmente personalizable. T\u00fa eliges el tama\u00f1o, la forma, el tejido y los detalles del capiton\u00e9 para tu coj\u00edn de silla o banco natural. Est\u00e1 hecho exactamente para tu espacio. Con lana pura en su interior, es suave y ofrece un buen apoyo, al tiempo que aporta un toque refinado de decoraci\u00f3n ecol\u00f3gica a tu espacio. Sin productos qu\u00edmicos. Sin sint\u00e9ticos. Cero COV. Solo lana pura y tejidos naturales.<\/p>","protected":false},"featured_media":223635,"template":"","meta":{"_acf_changed":false},"product_brand":[],"product_cat":[30],"product_tag":[149],"class_list":{"0":"post-217563","1":"product","2":"type-product","3":"status-publish","4":"has-post-thumbnail","6":"product_cat-cushions","7":"product_tag-steps","9":"first","10":"instock","11":"shipping-taxable","12":"purchasable","13":"product-type-simple"},"acf":[],"yoast_head":"<!-- This site is optimized with the Yoast SEO Premium plugin v27.4 (Yoast SEO v27.4) - https:\/\/yoast.com\/product\/yoast-seo-premium-wordpress\/ -->\n<title>Wool Seat Cushion \u2013 Modern, Breathable &amp; Handmade | Home of Wool<\/title>\n<meta name=\"description\" content=\"Crafted with organic wool, the Wool Seat Cushion offers breathable, modern comfort. Toxin-free and hypoallergenic, it provides safe support and natural style for everyday seating.\" \/>\n<meta name=\"robots\" content=\"index, follow, max-snippet:-1, max-image-preview:large, max-video-preview:-1\" \/>\n<link rel=\"canonical\" href=\"https:\/\/homeofwool.com\/es\/tienda\/cojin-de-asiento-acolchado\/\" \/>\n<meta property=\"og:locale\" content=\"es_ES\" \/>\n<meta property=\"og:type\" content=\"article\" \/>\n<meta property=\"og:title\" content=\"Tufted Wool Seat Cushion\" \/>\n<meta property=\"og:description\" content=\"Crafted with organic wool, the Wool Seat Cushion offers breathable, modern comfort. Toxin-free and hypoallergenic, it provides safe support and natural style for everyday seating.\" \/>\n<meta property=\"og:url\" content=\"https:\/\/homeofwool.com\/es\/tienda\/cojin-de-asiento-acolchado\/\" \/>\n<meta property=\"og:site_name\" content=\"Home of Wool\" \/>\n<meta property=\"article:publisher\" content=\"https:\/\/facebook.com\/HomeOfWoolOfficial\" \/>\n<meta property=\"article:modified_time\" content=\"2026-02-11T10:48:04+00:00\" \/>\n<meta property=\"og:image\" content=\"https:\/\/homeofwool.com\/wp-content\/uploads\/2025\/09\/home-of-wool-tufted-seat-cushion-1-main-1.jpg\" \/>\n\t<meta property=\"og:image:width\" content=\"1333\" \/>\n\t<meta property=\"og:image:height\" content=\"1066\" \/>\n\t<meta property=\"og:image:type\" content=\"image\/jpeg\" \/>\n<meta name=\"twitter:card\" content=\"summary_large_image\" \/>\n<meta name=\"twitter:label1\" content=\"Tiempo de lectura\" \/>\n\t<meta name=\"twitter:data1\" content=\"2 minutos\" \/>\n<script type=\"application\/ld+json\" class=\"yoast-schema-graph\">{\"@context\":\"https:\\\/\\\/schema.org\",\"@graph\":[{\"@type\":\"WebPage\",\"@id\":\"https:\\\/\\\/homeofwool.com\\\/shop\\\/tufted-seat-cushion\\\/\",\"url\":\"https:\\\/\\\/homeofwool.com\\\/shop\\\/tufted-seat-cushion\\\/\",\"name\":\"Wool Seat Cushion \u2013 Modern, Breathable & Handmade | Home of Wool\",\"isPartOf\":{\"@id\":\"https:\\\/\\\/homeofwool.com\\\/#website\"},\"primaryImageOfPage\":{\"@id\":\"https:\\\/\\\/homeofwool.com\\\/shop\\\/tufted-seat-cushion\\\/#primaryimage\"},\"image\":{\"@id\":\"https:\\\/\\\/homeofwool.com\\\/shop\\\/tufted-seat-cushion\\\/#primaryimage\"},\"thumbnailUrl\":\"https:\\\/\\\/homeofwool.com\\\/wp-content\\\/uploads\\\/2025\\\/09\\\/home-of-wool-tufted-seat-cushion-1-main-1.jpg\",\"datePublished\":\"2025-09-02T12:00:58+00:00\",\"dateModified\":\"2026-02-11T10:48:04+00:00\",\"description\":\"Crafted with organic wool, the Wool Seat Cushion offers breathable, modern comfort. Toxin-free and hypoallergenic, it provides safe support and natural style for everyday seating.\",\"breadcrumb\":{\"@id\":\"https:\\\/\\\/homeofwool.com\\\/shop\\\/tufted-seat-cushion\\\/#breadcrumb\"},\"inLanguage\":\"es\",\"potentialAction\":[{\"@type\":\"ReadAction\",\"target\":[\"https:\\\/\\\/homeofwool.com\\\/shop\\\/tufted-seat-cushion\\\/\"]}]},{\"@type\":\"ImageObject\",\"inLanguage\":\"es\",\"@id\":\"https:\\\/\\\/homeofwool.com\\\/shop\\\/tufted-seat-cushion\\\/#primaryimage\",\"url\":\"https:\\\/\\\/homeofwool.com\\\/wp-content\\\/uploads\\\/2025\\\/09\\\/home-of-wool-tufted-seat-cushion-1-main-1.jpg\",\"contentUrl\":\"https:\\\/\\\/homeofwool.com\\\/wp-content\\\/uploads\\\/2025\\\/09\\\/home-of-wool-tufted-seat-cushion-1-main-1.jpg\",\"width\":1333,\"height\":1066,\"caption\":\"wool tufted seat cushion on a bed\"},{\"@type\":\"BreadcrumbList\",\"@id\":\"https:\\\/\\\/homeofwool.com\\\/shop\\\/tufted-seat-cushion\\\/#breadcrumb\",\"itemListElement\":[{\"@type\":\"ListItem\",\"position\":1,\"name\":\"Home\",\"item\":\"https:\\\/\\\/homeofwool.com\\\/\"},{\"@type\":\"ListItem\",\"position\":2,\"name\":\"Products\",\"item\":\"https:\\\/\\\/homeofwool.com\\\/header-search-2\\\/\"},{\"@type\":\"ListItem\",\"position\":3,\"name\":\"Tufted Wool Seat Cushion\"}]},{\"@type\":\"WebSite\",\"@id\":\"https:\\\/\\\/homeofwool.com\\\/#website\",\"url\":\"https:\\\/\\\/homeofwool.com\\\/\",\"name\":\"Home of Wool\",\"description\":\"\",\"publisher\":{\"@id\":\"https:\\\/\\\/homeofwool.com\\\/#organization\"},\"potentialAction\":[{\"@type\":\"SearchAction\",\"target\":{\"@type\":\"EntryPoint\",\"urlTemplate\":\"https:\\\/\\\/homeofwool.com\\\/?s={search_term_string}\"},\"query-input\":{\"@type\":\"PropertyValueSpecification\",\"valueRequired\":true,\"valueName\":\"search_term_string\"}}],\"inLanguage\":\"es\"},{\"@type\":\"Organization\",\"@id\":\"https:\\\/\\\/homeofwool.com\\\/#organization\",\"name\":\"Home of Wool\",\"url\":\"https:\\\/\\\/homeofwool.com\\\/\",\"logo\":{\"@type\":\"ImageObject\",\"inLanguage\":\"es\",\"@id\":\"https:\\\/\\\/homeofwool.com\\\/#\\\/schema\\\/logo\\\/image\\\/\",\"url\":\"https:\\\/\\\/homeofwool.com\\\/wp-content\\\/uploads\\\/2025\\\/09\\\/WhatsApp-Image-2025-12-02-at-16.23.20.jpeg\",\"contentUrl\":\"https:\\\/\\\/homeofwool.com\\\/wp-content\\\/uploads\\\/2025\\\/09\\\/WhatsApp-Image-2025-12-02-at-16.23.20.jpeg\",\"width\":700,\"height\":247,\"caption\":\"Home of Wool\"},\"image\":{\"@id\":\"https:\\\/\\\/homeofwool.com\\\/#\\\/schema\\\/logo\\\/image\\\/\"},\"sameAs\":[\"https:\\\/\\\/facebook.com\\\/HomeOfWoolOfficial\"]}]}<\/script>\n<!-- \/ Yoast SEO Premium plugin. -->","yoast_head_json":{"title":"Coj\u00edn de lana para asiento: moderno, transpirable y hecho a mano | Home of Wool","description":"Fabricado con lana org\u00e1nica, el coj\u00edn de lana para asiento ofrece comodidad transpirable y moderna. Libre de toxinas e hipoalerg\u00e9nico, proporciona un apoyo seguro y un estilo natural para sentarse a diario.","robots":{"index":"index","follow":"follow","max-snippet":"max-snippet:-1","max-image-preview":"max-image-preview:large","max-video-preview":"max-video-preview:-1"},"canonical":"https:\/\/homeofwool.com\/es\/tienda\/cojin-de-asiento-acolchado\/","og_locale":"es_ES","og_type":"article","og_title":"Tufted Wool Seat Cushion","og_description":"Crafted with organic wool, the Wool Seat Cushion offers breathable, modern comfort. Toxin-free and hypoallergenic, it provides safe support and natural style for everyday seating.","og_url":"https:\/\/homeofwool.com\/es\/tienda\/cojin-de-asiento-acolchado\/","og_site_name":"Home of Wool","article_publisher":"https:\/\/facebook.com\/HomeOfWoolOfficial","article_modified_time":"2026-02-11T10:48:04+00:00","og_image":[{"width":1333,"height":1066,"url":"https:\/\/homeofwool.com\/wp-content\/uploads\/2025\/09\/home-of-wool-tufted-seat-cushion-1-main-1.jpg","type":"image\/jpeg"}],"twitter_card":"summary_large_image","twitter_misc":{"Tiempo de lectura":"2 minutos"},"schema":{"@context":"https:\/\/schema.org","@graph":[{"@type":"WebPage","@id":"https:\/\/homeofwool.com\/shop\/tufted-seat-cushion\/","url":"https:\/\/homeofwool.com\/shop\/tufted-seat-cushion\/","name":"Coj\u00edn de lana para asiento: moderno, transpirable y hecho a mano | Home of Wool","isPartOf":{"@id":"https:\/\/homeofwool.com\/#website"},"primaryImageOfPage":{"@id":"https:\/\/homeofwool.com\/shop\/tufted-seat-cushion\/#primaryimage"},"image":{"@id":"https:\/\/homeofwool.com\/shop\/tufted-seat-cushion\/#primaryimage"},"thumbnailUrl":"https:\/\/homeofwool.com\/wp-content\/uploads\/2025\/09\/home-of-wool-tufted-seat-cushion-1-main-1.jpg","datePublished":"2025-09-02T12:00:58+00:00","dateModified":"2026-02-11T10:48:04+00:00","description":"Fabricado con lana org\u00e1nica, el coj\u00edn de lana para asiento ofrece comodidad transpirable y moderna. Libre de toxinas e hipoalerg\u00e9nico, proporciona un apoyo seguro y un estilo natural para sentarse a diario.","breadcrumb":{"@id":"https:\/\/homeofwool.com\/shop\/tufted-seat-cushion\/#breadcrumb"},"inLanguage":"es","potentialAction":[{"@type":"ReadAction","target":["https:\/\/homeofwool.com\/shop\/tufted-seat-cushion\/"]}]},{"@type":"ImageObject","inLanguage":"es","@id":"https:\/\/homeofwool.com\/shop\/tufted-seat-cushion\/#primaryimage","url":"https:\/\/homeofwool.com\/wp-content\/uploads\/2025\/09\/home-of-wool-tufted-seat-cushion-1-main-1.jpg","contentUrl":"https:\/\/homeofwool.com\/wp-content\/uploads\/2025\/09\/home-of-wool-tufted-seat-cushion-1-main-1.jpg","width":1333,"height":1066,"caption":"wool tufted seat cushion on a bed"},{"@type":"BreadcrumbList","@id":"https:\/\/homeofwool.com\/shop\/tufted-seat-cushion\/#breadcrumb","itemListElement":[{"@type":"ListItem","position":1,"name":"Home","item":"https:\/\/homeofwool.com\/"},{"@type":"ListItem","position":2,"name":"Products","item":"https:\/\/homeofwool.com\/header-search-2\/"},{"@type":"ListItem","position":3,"name":"Tufted Wool Seat Cushion"}]},{"@type":"WebSite","@id":"https:\/\/homeofwool.com\/#website","url":"https:\/\/homeofwool.com\/","name":"Hogar de la lana","description":"","publisher":{"@id":"https:\/\/homeofwool.com\/#organization"},"potentialAction":[{"@type":"SearchAction","target":{"@type":"EntryPoint","urlTemplate":"https:\/\/homeofwool.com\/?s={search_term_string}"},"query-input":{"@type":"PropertyValueSpecification","valueRequired":true,"valueName":"search_term_string"}}],"inLanguage":"es"},{"@type":"Organization","@id":"https:\/\/homeofwool.com\/#organization","name":"Hogar de la lana","url":"https:\/\/homeofwool.com\/","logo":{"@type":"ImageObject","inLanguage":"es","@id":"https:\/\/homeofwool.com\/#\/schema\/logo\/image\/","url":"https:\/\/homeofwool.com\/wp-content\/uploads\/2025\/09\/WhatsApp-Image-2025-12-02-at-16.23.20.jpeg","contentUrl":"https:\/\/homeofwool.com\/wp-content\/uploads\/2025\/09\/WhatsApp-Image-2025-12-02-at-16.23.20.jpeg","width":700,"height":247,"caption":"Home of Wool"},"image":{"@id":"https:\/\/homeofwool.com\/#\/schema\/logo\/image\/"},"sameAs":["https:\/\/facebook.com\/HomeOfWoolOfficial"]}]}},"_links":{"self":[{"href":"https:\/\/homeofwool.com\/es\/wp-json\/wp\/v2\/product\/217563","targetHints":{"allow":["GET"]}}],"collection":[{"href":"https:\/\/homeofwool.com\/es\/wp-json\/wp\/v2\/product"}],"about":[{"href":"https:\/\/homeofwool.com\/es\/wp-json\/wp\/v2\/types\/product"}],"version-history":[{"count":1,"href":"https:\/\/homeofwool.com\/es\/wp-json\/wp\/v2\/product\/217563\/revisions"}],"predecessor-version":[{"id":226723,"href":"https:\/\/homeofwool.com\/es\/wp-json\/wp\/v2\/product\/217563\/revisions\/226723"}],"wp:featuredmedia":[{"embeddable":true,"href":"https:\/\/homeofwool.com\/es\/wp-json\/wp\/v2\/media\/223635"}],"wp:attachment":[{"href":"https:\/\/homeofwool.com\/es\/wp-json\/wp\/v2\/media?parent=217563"}],"wp:term":[{"taxonomy":"product_brand","embeddable":true,"href":"https:\/\/homeofwool.com\/es\/wp-json\/wp\/v2\/product_brand?post=217563"},{"taxonomy":"product_cat","embeddable":true,"href":"https:\/\/homeofwool.com\/es\/wp-json\/wp\/v2\/product_cat?post=217563"},{"taxonomy":"product_tag","embeddable":true,"href":"https:\/\/homeofwool.com\/es\/wp-json\/wp\/v2\/product_tag?post=217563"}],"curies":[{"name":"wp","href":"https:\/\/api.w.org\/{rel}","templated":true}]}}