{"id":217559,"date":"2025-09-02T12:00:57","date_gmt":"2025-09-02T12:00:57","guid":{"rendered":"https:\/\/homeofwool.com\/?post_type=product&#038;p=217559"},"modified":"2026-02-11T13:01:38","modified_gmt":"2026-02-11T13:01:38","slug":"alfombra-tejida-plana","status":"publish","type":"product","link":"https:\/\/homeofwool.com\/es\/shop\/flatwoven-rug\/","title":{"rendered":"Alfombra de lana tejida plana"},"content":{"rendered":"<p>La alfombra tejida plana Home of Wool est\u00e1 hecha a mano por encargo, utilizando \u00fanicamente lana pura en sus tonos naturales crema, gris y marr\u00f3n. Sin tintes ni tratamientos, las fibras permanecen sin te\u00f1ir y completamente libres de productos qu\u00edmicos. Es una opci\u00f3n ideal para cualquiera que desee crear un entorno seguro e hipoalerg\u00e9nico para su familia.<\/p>\n<p>La lana resiste de forma natural los \u00e1caros del polvo y las bacterias, lo que hace que tu hogar sea m\u00e1s saludable. Incluso puede absorber los COV que provienen de los muebles o los acabados, lo que ayuda a que el aire se sienta m\u00e1s limpio y fresco. M\u00e1s all\u00e1 de estos beneficios para el bienestar, una alfombra de lana a\u00f1ade una comodidad que se nota cada d\u00eda. Calienta el suelo y proporciona una sensaci\u00f3n suave y acolchada bajo los pies.<\/p>","protected":false},"excerpt":{"rendered":"<p>Aporte belleza atemporal y limpieza a su hogar con nuestra alfombra tejida plana, elaborada con lana pura sin te\u00f1ir. Esta alfombra de lana personalizable y hecha a mano es suave, hipoalerg\u00e9nica y totalmente libre de productos qu\u00edmicos. Tanto si necesita un tono crema suave para alegrar un rinc\u00f3n acogedor como un marr\u00f3n c\u00e1lido para dar estabilidad a su sal\u00f3n, esta alfombra de lana ofrece cuatro preciosas opciones de colores naturales. Incluso puede elegir una variedad a rayas para a\u00f1adir car\u00e1cter a la habitaci\u00f3n. Los tonos naturales de la lana hacen que sea f\u00e1cil encontrar el tono perfecto.<\/p>\n<div class=\"global-icon-set\">\n<div class=\"global-icon-set__items\">\n<div class=\"global-icon-set__item\">\n<div class=\"global-icon-set__image\">\n                                    <img decoding=\"async\" src=\"https:\/\/homeofwool.com\/wp-content\/uploads\/2025\/09\/VOCs-min-300x300.png\" alt=\"vocs free\" \/>\n                                <\/div>\n<div class=\"global-icon-set__title\">Sin COV<\/div>\n<\/p><\/div>\n<div class=\"global-icon-set__item\">\n<div class=\"global-icon-set__image\">\n                                    <img decoding=\"async\" src=\"https:\/\/homeofwool.com\/wp-content\/uploads\/2025\/09\/FR-min-300x300.png\" alt=\"icono de resistencia al fuego\" \/>\n                                <\/div>\n<div class=\"global-icon-set__title\">Resistente al fuego<\/div>\n<\/p><\/div>\n<div class=\"global-icon-set__item\">\n<div class=\"global-icon-set__image\">\n                                    <img decoding=\"async\" src=\"https:\/\/homeofwool.com\/wp-content\/uploads\/2025\/09\/Hypoallergenic-min-300x300.png\" alt=\"icono hipoalerg\u00e9nico\" \/>\n                                <\/div>\n<div class=\"global-icon-set__title\">Hipoalerg\u00e9nico<\/div>\n<\/p><\/div>\n<div class=\"global-icon-set__item\">\n<div class=\"global-icon-set__image\">\n                                    <img decoding=\"async\" src=\"https:\/\/homeofwool.com\/wp-content\/uploads\/2025\/09\/free-of-synthetics-icon-300x300.png\" alt=\"icono sin sint\u00e9ticos\" \/>\n                                <\/div>\n<div class=\"global-icon-set__title\">Sin sint\u00e9ticos<\/div>\n<\/p><\/div>\n<div class=\"global-icon-set__item\">\n<div class=\"global-icon-set__image\">\n                                    <img decoding=\"async\" src=\"https:\/\/homeofwool.com\/wp-content\/uploads\/2025\/09\/chemical-free-icon-300x300.png\" alt=\"icono sin productos qu\u00edmicos\" \/>\n                                <\/div>\n<div class=\"global-icon-set__title\">Sin productos qu\u00edmicos<\/div>\n<\/p><\/div>\n<div class=\"global-icon-set__item\">\n<div class=\"global-icon-set__image\">\n                                    <img decoding=\"async\" src=\"https:\/\/homeofwool.com\/wp-content\/uploads\/2025\/09\/anti-bacterial-icon-300x300.png\" alt=\"icono antibacteriano\" \/>\n                                <\/div>\n<div class=\"global-icon-set__title\">Antimicrobiano y antibacteriano<\/div>\n<\/p><\/div>\n<div class=\"global-icon-set__item\">\n<div class=\"global-icon-set__image\">\n                                    <img decoding=\"async\" src=\"https:\/\/homeofwool.com\/wp-content\/uploads\/2025\/09\/certified-materials-icon-300x300.png\" alt=\"icono de materiales certificados\" \/>\n                                <\/div>\n<div class=\"global-icon-set__title\">100% Materiales puros certificados<\/div>\n<\/p><\/div>\n<\/p><\/div>\n<\/p><\/div>","protected":false},"featured_media":219656,"template":"","meta":{"_acf_changed":false},"product_brand":[],"product_cat":[331],"product_tag":[332,545,334,335,336,337,149,338,546],"class_list":{"0":"post-217559","1":"product","2":"type-product","3":"status-publish","4":"has-post-thumbnail","6":"product_cat-rugs","7":"product_tag-boho-rug","8":"product_tag-carpet-pad","9":"product_tag-flat-weave-rug","10":"product_tag-flatwoven-rug","11":"product_tag-large-wool-rug","12":"product_tag-modern-rug","13":"product_tag-steps","14":"product_tag-wool-kilim","15":"product_tag-woven-wool-rugs","17":"first","18":"instock","19":"shipping-taxable","20":"purchasable","21":"product-type-simple"},"acf":[],"yoast_head":"<!-- This site is optimized with the Yoast SEO Premium plugin v27.4 (Yoast SEO v27.4) - https:\/\/yoast.com\/product\/yoast-seo-premium-wordpress\/ -->\n<title>Flat Woven Wool Rug \u2013 Handcrafted, Undyed, Chemical-Free | Home of Wool<\/title>\n<meta name=\"description\" content=\"Portable and handmade, the Foldable Wool Mattress features breathable organic wool filling. Toxin-free and supportive, it delivers sustainable comfort for travel, guests, or daily use.\" \/>\n<meta name=\"robots\" content=\"index, follow, max-snippet:-1, max-image-preview:large, max-video-preview:-1\" \/>\n<link rel=\"canonical\" href=\"https:\/\/homeofwool.com\/es\/tienda\/alfombra-tejida-plana\/\" \/>\n<meta property=\"og:locale\" content=\"es_ES\" \/>\n<meta property=\"og:type\" content=\"article\" \/>\n<meta property=\"og:title\" content=\"Flat Woven Wool Rug\" \/>\n<meta property=\"og:description\" content=\"Portable and handmade, the Foldable Wool Mattress features breathable organic wool filling. Toxin-free and supportive, it delivers sustainable comfort for travel, guests, or daily use.\" \/>\n<meta property=\"og:url\" content=\"https:\/\/homeofwool.com\/es\/tienda\/alfombra-tejida-plana\/\" \/>\n<meta property=\"og:site_name\" content=\"Home of Wool\" \/>\n<meta property=\"article:publisher\" content=\"https:\/\/facebook.com\/HomeOfWoolOfficial\" \/>\n<meta property=\"article:modified_time\" content=\"2026-02-11T13:01:38+00:00\" \/>\n<meta property=\"og:image\" content=\"https:\/\/homeofwool.com\/wp-content\/uploads\/2025\/09\/home-of-wool-flat-woven-wool-rug-1-main.jpg\" \/>\n\t<meta property=\"og:image:width\" content=\"2400\" \/>\n\t<meta property=\"og:image:height\" content=\"1920\" \/>\n\t<meta property=\"og:image:type\" content=\"image\/jpeg\" \/>\n<meta name=\"twitter:card\" content=\"summary_large_image\" \/>\n<meta name=\"twitter:label1\" content=\"Tiempo de lectura\" \/>\n\t<meta name=\"twitter:data1\" content=\"1 minuto\" \/>\n<script type=\"application\/ld+json\" class=\"yoast-schema-graph\">{\"@context\":\"https:\\\/\\\/schema.org\",\"@graph\":[{\"@type\":\"WebPage\",\"@id\":\"https:\\\/\\\/homeofwool.com\\\/shop\\\/flatwoven-rug\\\/\",\"url\":\"https:\\\/\\\/homeofwool.com\\\/shop\\\/flatwoven-rug\\\/\",\"name\":\"Flat Woven Wool Rug \u2013 Handcrafted, Undyed, Chemical-Free | Home of Wool\",\"isPartOf\":{\"@id\":\"https:\\\/\\\/homeofwool.com\\\/#website\"},\"primaryImageOfPage\":{\"@id\":\"https:\\\/\\\/homeofwool.com\\\/shop\\\/flatwoven-rug\\\/#primaryimage\"},\"image\":{\"@id\":\"https:\\\/\\\/homeofwool.com\\\/shop\\\/flatwoven-rug\\\/#primaryimage\"},\"thumbnailUrl\":\"https:\\\/\\\/homeofwool.com\\\/wp-content\\\/uploads\\\/2025\\\/09\\\/home-of-wool-flat-woven-wool-rug-1-main.jpg\",\"datePublished\":\"2025-09-02T12:00:57+00:00\",\"dateModified\":\"2026-02-11T13:01:38+00:00\",\"description\":\"Portable and handmade, the Foldable Wool Mattress features breathable organic wool filling. Toxin-free and supportive, it delivers sustainable comfort for travel, guests, or daily use.\",\"breadcrumb\":{\"@id\":\"https:\\\/\\\/homeofwool.com\\\/shop\\\/flatwoven-rug\\\/#breadcrumb\"},\"inLanguage\":\"es\",\"potentialAction\":[{\"@type\":\"ReadAction\",\"target\":[\"https:\\\/\\\/homeofwool.com\\\/shop\\\/flatwoven-rug\\\/\"]}]},{\"@type\":\"ImageObject\",\"inLanguage\":\"es\",\"@id\":\"https:\\\/\\\/homeofwool.com\\\/shop\\\/flatwoven-rug\\\/#primaryimage\",\"url\":\"https:\\\/\\\/homeofwool.com\\\/wp-content\\\/uploads\\\/2025\\\/09\\\/home-of-wool-flat-woven-wool-rug-1-main.jpg\",\"contentUrl\":\"https:\\\/\\\/homeofwool.com\\\/wp-content\\\/uploads\\\/2025\\\/09\\\/home-of-wool-flat-woven-wool-rug-1-main.jpg\",\"width\":2400,\"height\":1920,\"caption\":\"flat woven wool rug\"},{\"@type\":\"BreadcrumbList\",\"@id\":\"https:\\\/\\\/homeofwool.com\\\/shop\\\/flatwoven-rug\\\/#breadcrumb\",\"itemListElement\":[{\"@type\":\"ListItem\",\"position\":1,\"name\":\"Home\",\"item\":\"https:\\\/\\\/homeofwool.com\\\/\"},{\"@type\":\"ListItem\",\"position\":2,\"name\":\"Products\",\"item\":\"https:\\\/\\\/homeofwool.com\\\/header-search-2\\\/\"},{\"@type\":\"ListItem\",\"position\":3,\"name\":\"Flat Woven Wool Rug\"}]},{\"@type\":\"WebSite\",\"@id\":\"https:\\\/\\\/homeofwool.com\\\/#website\",\"url\":\"https:\\\/\\\/homeofwool.com\\\/\",\"name\":\"Home of Wool\",\"description\":\"\",\"publisher\":{\"@id\":\"https:\\\/\\\/homeofwool.com\\\/#organization\"},\"potentialAction\":[{\"@type\":\"SearchAction\",\"target\":{\"@type\":\"EntryPoint\",\"urlTemplate\":\"https:\\\/\\\/homeofwool.com\\\/?s={search_term_string}\"},\"query-input\":{\"@type\":\"PropertyValueSpecification\",\"valueRequired\":true,\"valueName\":\"search_term_string\"}}],\"inLanguage\":\"es\"},{\"@type\":\"Organization\",\"@id\":\"https:\\\/\\\/homeofwool.com\\\/#organization\",\"name\":\"Home of Wool\",\"url\":\"https:\\\/\\\/homeofwool.com\\\/\",\"logo\":{\"@type\":\"ImageObject\",\"inLanguage\":\"es\",\"@id\":\"https:\\\/\\\/homeofwool.com\\\/#\\\/schema\\\/logo\\\/image\\\/\",\"url\":\"https:\\\/\\\/homeofwool.com\\\/wp-content\\\/uploads\\\/2025\\\/09\\\/WhatsApp-Image-2025-12-02-at-16.23.20.jpeg\",\"contentUrl\":\"https:\\\/\\\/homeofwool.com\\\/wp-content\\\/uploads\\\/2025\\\/09\\\/WhatsApp-Image-2025-12-02-at-16.23.20.jpeg\",\"width\":700,\"height\":247,\"caption\":\"Home of Wool\"},\"image\":{\"@id\":\"https:\\\/\\\/homeofwool.com\\\/#\\\/schema\\\/logo\\\/image\\\/\"},\"sameAs\":[\"https:\\\/\\\/facebook.com\\\/HomeOfWoolOfficial\"]}]}<\/script>\n<!-- \/ Yoast SEO Premium plugin. -->","yoast_head_json":{"title":"Alfombra de lana tejida plana: hecha a mano, sin te\u00f1ir, sin productos qu\u00edmicos | Home of Wool","description":"Port\u00e1til y hecho a mano, el colch\u00f3n plegable de lana cuenta con un relleno de lana org\u00e1nica transpirable. Libre de toxinas y con buen soporte, ofrece comodidad sostenible para viajes, invitados o uso diario.","robots":{"index":"index","follow":"follow","max-snippet":"max-snippet:-1","max-image-preview":"max-image-preview:large","max-video-preview":"max-video-preview:-1"},"canonical":"https:\/\/homeofwool.com\/es\/tienda\/alfombra-tejida-plana\/","og_locale":"es_ES","og_type":"article","og_title":"Flat Woven Wool Rug","og_description":"Portable and handmade, the Foldable Wool Mattress features breathable organic wool filling. Toxin-free and supportive, it delivers sustainable comfort for travel, guests, or daily use.","og_url":"https:\/\/homeofwool.com\/es\/tienda\/alfombra-tejida-plana\/","og_site_name":"Home of Wool","article_publisher":"https:\/\/facebook.com\/HomeOfWoolOfficial","article_modified_time":"2026-02-11T13:01:38+00:00","og_image":[{"width":2400,"height":1920,"url":"https:\/\/homeofwool.com\/wp-content\/uploads\/2025\/09\/home-of-wool-flat-woven-wool-rug-1-main.jpg","type":"image\/jpeg"}],"twitter_card":"summary_large_image","twitter_misc":{"Tiempo de lectura":"1 minuto"},"schema":{"@context":"https:\/\/schema.org","@graph":[{"@type":"WebPage","@id":"https:\/\/homeofwool.com\/shop\/flatwoven-rug\/","url":"https:\/\/homeofwool.com\/shop\/flatwoven-rug\/","name":"Alfombra de lana tejida plana: hecha a mano, sin te\u00f1ir, sin productos qu\u00edmicos | Home of Wool","isPartOf":{"@id":"https:\/\/homeofwool.com\/#website"},"primaryImageOfPage":{"@id":"https:\/\/homeofwool.com\/shop\/flatwoven-rug\/#primaryimage"},"image":{"@id":"https:\/\/homeofwool.com\/shop\/flatwoven-rug\/#primaryimage"},"thumbnailUrl":"https:\/\/homeofwool.com\/wp-content\/uploads\/2025\/09\/home-of-wool-flat-woven-wool-rug-1-main.jpg","datePublished":"2025-09-02T12:00:57+00:00","dateModified":"2026-02-11T13:01:38+00:00","description":"Port\u00e1til y hecho a mano, el colch\u00f3n plegable de lana cuenta con un relleno de lana org\u00e1nica transpirable. Libre de toxinas y con buen soporte, ofrece comodidad sostenible para viajes, invitados o uso diario.","breadcrumb":{"@id":"https:\/\/homeofwool.com\/shop\/flatwoven-rug\/#breadcrumb"},"inLanguage":"es","potentialAction":[{"@type":"ReadAction","target":["https:\/\/homeofwool.com\/shop\/flatwoven-rug\/"]}]},{"@type":"ImageObject","inLanguage":"es","@id":"https:\/\/homeofwool.com\/shop\/flatwoven-rug\/#primaryimage","url":"https:\/\/homeofwool.com\/wp-content\/uploads\/2025\/09\/home-of-wool-flat-woven-wool-rug-1-main.jpg","contentUrl":"https:\/\/homeofwool.com\/wp-content\/uploads\/2025\/09\/home-of-wool-flat-woven-wool-rug-1-main.jpg","width":2400,"height":1920,"caption":"flat woven wool rug"},{"@type":"BreadcrumbList","@id":"https:\/\/homeofwool.com\/shop\/flatwoven-rug\/#breadcrumb","itemListElement":[{"@type":"ListItem","position":1,"name":"Home","item":"https:\/\/homeofwool.com\/"},{"@type":"ListItem","position":2,"name":"Products","item":"https:\/\/homeofwool.com\/header-search-2\/"},{"@type":"ListItem","position":3,"name":"Flat Woven Wool Rug"}]},{"@type":"WebSite","@id":"https:\/\/homeofwool.com\/#website","url":"https:\/\/homeofwool.com\/","name":"Hogar de la lana","description":"","publisher":{"@id":"https:\/\/homeofwool.com\/#organization"},"potentialAction":[{"@type":"SearchAction","target":{"@type":"EntryPoint","urlTemplate":"https:\/\/homeofwool.com\/?s={search_term_string}"},"query-input":{"@type":"PropertyValueSpecification","valueRequired":true,"valueName":"search_term_string"}}],"inLanguage":"es"},{"@type":"Organization","@id":"https:\/\/homeofwool.com\/#organization","name":"Hogar de la lana","url":"https:\/\/homeofwool.com\/","logo":{"@type":"ImageObject","inLanguage":"es","@id":"https:\/\/homeofwool.com\/#\/schema\/logo\/image\/","url":"https:\/\/homeofwool.com\/wp-content\/uploads\/2025\/09\/WhatsApp-Image-2025-12-02-at-16.23.20.jpeg","contentUrl":"https:\/\/homeofwool.com\/wp-content\/uploads\/2025\/09\/WhatsApp-Image-2025-12-02-at-16.23.20.jpeg","width":700,"height":247,"caption":"Home of Wool"},"image":{"@id":"https:\/\/homeofwool.com\/#\/schema\/logo\/image\/"},"sameAs":["https:\/\/facebook.com\/HomeOfWoolOfficial"]}]}},"_links":{"self":[{"href":"https:\/\/homeofwool.com\/es\/wp-json\/wp\/v2\/product\/217559","targetHints":{"allow":["GET"]}}],"collection":[{"href":"https:\/\/homeofwool.com\/es\/wp-json\/wp\/v2\/product"}],"about":[{"href":"https:\/\/homeofwool.com\/es\/wp-json\/wp\/v2\/types\/product"}],"version-history":[{"count":2,"href":"https:\/\/homeofwool.com\/es\/wp-json\/wp\/v2\/product\/217559\/revisions"}],"predecessor-version":[{"id":227788,"href":"https:\/\/homeofwool.com\/es\/wp-json\/wp\/v2\/product\/217559\/revisions\/227788"}],"wp:featuredmedia":[{"embeddable":true,"href":"https:\/\/homeofwool.com\/es\/wp-json\/wp\/v2\/media\/219656"}],"wp:attachment":[{"href":"https:\/\/homeofwool.com\/es\/wp-json\/wp\/v2\/media?parent=217559"}],"wp:term":[{"taxonomy":"product_brand","embeddable":true,"href":"https:\/\/homeofwool.com\/es\/wp-json\/wp\/v2\/product_brand?post=217559"},{"taxonomy":"product_cat","embeddable":true,"href":"https:\/\/homeofwool.com\/es\/wp-json\/wp\/v2\/product_cat?post=217559"},{"taxonomy":"product_tag","embeddable":true,"href":"https:\/\/homeofwool.com\/es\/wp-json\/wp\/v2\/product_tag?post=217559"}],"curies":[{"name":"wp","href":"https:\/\/api.w.org\/{rel}","templated":true}]}}