{"id":217548,"date":"2025-09-02T12:00:57","date_gmt":"2025-09-02T12:00:57","guid":{"rendered":"https:\/\/homeofwool.com\/?post_type=product&#038;p=217548"},"modified":"2026-02-11T10:35:53","modified_gmt":"2026-02-11T10:35:53","slug":"otomana-redonda","status":"publish","type":"product","link":"https:\/\/homeofwool.com\/es\/shop\/round-ottoman\/","title":{"rendered":"Coj\u00edn redondo de lana para otomana"},"content":{"rendered":"<p>El coj\u00edn otomano natural Home of Wool est\u00e1 dise\u00f1ado para ser bonito y pr\u00e1ctico, aportando un toque vers\u00e1til a cualquier estancia. Lo rellenamos con lana pura y lo recubrimos con tejidos org\u00e1nicos de su elecci\u00f3n. Sin productos qu\u00edmicos ni sint\u00e9ticos. Un coj\u00edn sin COV que favorece un entorno dom\u00e9stico limpio y su salud. La lana resiste de forma natural los \u00e1caros del polvo y las bacterias. Por eso es una excelente opci\u00f3n para las personas al\u00e9rgicas.<\/p>\n<p>Suave pero con un soporte \u00f3ptimo, este coj\u00edn de lana org\u00e1nica se adapta f\u00e1cilmente a tu estilo de vida. Col\u00f3calo en el sal\u00f3n como un coj\u00edn vers\u00e1til para tener asientos adicionales cuando lleguen invitados, \u00fasalo como un c\u00f3modo y acogedor coj\u00edn otomano para descansar los pies o col\u00f3calo como un coj\u00edn redondo en el suelo para meditar y leer. Gracias a su relleno de lana transpirable, te ayuda a mantenerte c\u00f3modo sin pasar calor.<\/p>\n<p>La funda extra\u00edble y lavable facilita mucho su cuidado. Las discretas cremalleras te permiten ajustar el relleno a tu firmeza preferida. Hemos a\u00f1adido unas asas resistentes para que puedas moverlo f\u00e1cilmente all\u00e1 donde lo necesites. Este coj\u00edn ecol\u00f3gico es tan funcional como elegante, una pieza que atesorar\u00e1s durante muchos a\u00f1os.<\/p>","protected":false},"excerpt":{"rendered":"<p>A\u00f1ade calidez y comodidad a tu espacio con este coj\u00edn otomano redondo de lana, elaborado a mano con los materiales naturales m\u00e1s puros. Tanto si lo utilizas como coj\u00edn redondo para el suelo, asiento o c\u00f3modo coj\u00edn otomano, aportar\u00e1 belleza org\u00e1nica y un estilo de vida saludable a tu hogar.<\/p>\n<div class=\"global-icon-set\">\n<div class=\"global-icon-set__items\">\n<div class=\"global-icon-set__item\">\n<div class=\"global-icon-set__image\">\n                                    <img decoding=\"async\" src=\"https:\/\/homeofwool.com\/wp-content\/uploads\/2025\/09\/handmade-icon-300x300.png\" alt=\"icono hecho a mano\" \/>\n                                <\/div>\n<div class=\"global-icon-set__title\">Hecho a mano<\/div>\n<\/p><\/div>\n<div class=\"global-icon-set__item\">\n<div class=\"global-icon-set__image\">\n                                    <img decoding=\"async\" src=\"https:\/\/homeofwool.com\/wp-content\/uploads\/2025\/09\/VOCs-min-300x300.png\" alt=\"vocs free\" \/>\n                                <\/div>\n<div class=\"global-icon-set__title\">Sin COV<\/div>\n<\/p><\/div>\n<div class=\"global-icon-set__item\">\n<div class=\"global-icon-set__image\">\n                                    <img decoding=\"async\" src=\"https:\/\/homeofwool.com\/wp-content\/uploads\/2025\/09\/FR-min-300x300.png\" alt=\"icono de resistencia al fuego\" \/>\n                                <\/div>\n<div class=\"global-icon-set__title\">Resistente al fuego<\/div>\n<\/p><\/div>\n<div class=\"global-icon-set__item\">\n<div class=\"global-icon-set__image\">\n                                    <img decoding=\"async\" src=\"https:\/\/homeofwool.com\/wp-content\/uploads\/2025\/09\/Hypoallergenic-min-300x300.png\" alt=\"icono hipoalerg\u00e9nico\" \/>\n                                <\/div>\n<div class=\"global-icon-set__title\">Hipoalerg\u00e9nico<\/div>\n<\/p><\/div>\n<div class=\"global-icon-set__item\">\n<div class=\"global-icon-set__image\">\n                                    <img decoding=\"async\" src=\"https:\/\/homeofwool.com\/wp-content\/uploads\/2025\/09\/free-of-synthetics-icon-300x300.png\" alt=\"icono sin sint\u00e9ticos\" \/>\n                                <\/div>\n<div class=\"global-icon-set__title\">Sin sint\u00e9ticos<\/div>\n<\/p><\/div>\n<div class=\"global-icon-set__item\">\n<div class=\"global-icon-set__image\">\n                                    <img decoding=\"async\" src=\"https:\/\/homeofwool.com\/wp-content\/uploads\/2025\/09\/anti-bacterial-icon-300x300.png\" alt=\"icono antibacteriano\" \/>\n                                <\/div>\n<div class=\"global-icon-set__title\">Antimicrobiano y antibacteriano<\/div>\n<\/p><\/div>\n<div class=\"global-icon-set__item\">\n<div class=\"global-icon-set__image\">\n                                    <img decoding=\"async\" src=\"https:\/\/homeofwool.com\/wp-content\/uploads\/2025\/09\/certified-materials-icon-300x300.png\" alt=\"icono de materiales certificados\" \/>\n                                <\/div>\n<div class=\"global-icon-set__title\">100% Materiales puros certificados<\/div>\n<\/p><\/div>\n<div class=\"global-icon-set__item\">\n<div class=\"global-icon-set__image\">\n                                    <img decoding=\"async\" src=\"https:\/\/homeofwool.com\/wp-content\/uploads\/2025\/09\/chemical-free-icon-300x300.png\" alt=\"icono sin productos qu\u00edmicos\" \/>\n                                <\/div>\n<div class=\"global-icon-set__title\">Sin productos qu\u00edmicos<\/div>\n<\/p><\/div>\n<\/p><\/div>\n<\/p><\/div>","protected":false},"featured_media":226804,"template":"","meta":{"_acf_changed":false},"product_brand":[],"product_cat":[1342,20],"product_tag":[212,213,214,215,216,217,218,219,220,221,149],"class_list":{"0":"post-217548","1":"product","2":"type-product","3":"status-publish","4":"has-post-thumbnail","6":"product_cat-garden","7":"product_cat-pillows-poufs","8":"product_tag-custom-pouf","9":"product_tag-floor-pillow","10":"product_tag-foot-stool","11":"product_tag-handmade-cushion","12":"product_tag-living-room-stool","13":"product_tag-ottoman-chair","14":"product_tag-ottoman-pouf","15":"product_tag-ottoman-seat","16":"product_tag-patio-chair-cushions","17":"product_tag-pouf-ottoman","18":"product_tag-steps","20":"first","21":"instock","22":"shipping-taxable","23":"purchasable","24":"product-type-simple"},"acf":[],"yoast_head":"<!-- This site is optimized with the Yoast SEO Premium plugin v27.3 (Yoast SEO v27.3) - https:\/\/yoast.com\/product\/yoast-seo-premium-wordpress\/ -->\n<title>Round Ottoman \u2013 Tufted Floor Cushion | Home of Wool<\/title>\n<meta name=\"description\" content=\"The Round Ottoman features hand-tufted wool filling for breathable, durable comfort. Hypoallergenic and toxin-free, it brings timeless natural style into sustainable, modern living spaces.\" \/>\n<meta name=\"robots\" content=\"index, follow, max-snippet:-1, max-image-preview:large, max-video-preview:-1\" \/>\n<link rel=\"canonical\" href=\"https:\/\/homeofwool.com\/es\/tienda\/otomana-redonda\/\" \/>\n<meta property=\"og:locale\" content=\"es_ES\" \/>\n<meta property=\"og:type\" content=\"article\" \/>\n<meta property=\"og:title\" content=\"Wool Round Ottoman Cushion\" \/>\n<meta property=\"og:description\" content=\"The Round Ottoman features hand-tufted wool filling for breathable, durable comfort. Hypoallergenic and toxin-free, it brings timeless natural style into sustainable, modern living spaces.\" \/>\n<meta property=\"og:url\" content=\"https:\/\/homeofwool.com\/es\/tienda\/otomana-redonda\/\" \/>\n<meta property=\"og:site_name\" content=\"Home of Wool\" \/>\n<meta property=\"article:publisher\" content=\"https:\/\/facebook.com\/HomeOfWoolOfficial\" \/>\n<meta property=\"article:modified_time\" content=\"2026-02-11T10:35:53+00:00\" \/>\n<meta property=\"og:image\" content=\"https:\/\/homeofwool.com\/wp-content\/uploads\/2025\/09\/home-of-wool-wool-round-ottoman-cushion-1-mainn.jpg\" \/>\n\t<meta property=\"og:image:width\" content=\"1080\" \/>\n\t<meta property=\"og:image:height\" content=\"864\" \/>\n\t<meta property=\"og:image:type\" content=\"image\/jpeg\" \/>\n<meta name=\"twitter:card\" content=\"summary_large_image\" \/>\n<meta name=\"twitter:label1\" content=\"Tiempo de lectura\" \/>\n\t<meta name=\"twitter:data1\" content=\"2 minutos\" \/>\n<script type=\"application\/ld+json\" class=\"yoast-schema-graph\">{\"@context\":\"https:\\\/\\\/schema.org\",\"@graph\":[{\"@type\":\"WebPage\",\"@id\":\"https:\\\/\\\/homeofwool.com\\\/shop\\\/round-ottoman\\\/\",\"url\":\"https:\\\/\\\/homeofwool.com\\\/shop\\\/round-ottoman\\\/\",\"name\":\"Round Ottoman \u2013 Tufted Floor Cushion | Home of Wool\",\"isPartOf\":{\"@id\":\"https:\\\/\\\/homeofwool.com\\\/#website\"},\"primaryImageOfPage\":{\"@id\":\"https:\\\/\\\/homeofwool.com\\\/shop\\\/round-ottoman\\\/#primaryimage\"},\"image\":{\"@id\":\"https:\\\/\\\/homeofwool.com\\\/shop\\\/round-ottoman\\\/#primaryimage\"},\"thumbnailUrl\":\"https:\\\/\\\/homeofwool.com\\\/wp-content\\\/uploads\\\/2025\\\/09\\\/home-of-wool-wool-round-ottoman-cushion-1-mainn.jpg\",\"datePublished\":\"2025-09-02T12:00:57+00:00\",\"dateModified\":\"2026-02-11T10:35:53+00:00\",\"description\":\"The Round Ottoman features hand-tufted wool filling for breathable, durable comfort. Hypoallergenic and toxin-free, it brings timeless natural style into sustainable, modern living spaces.\",\"breadcrumb\":{\"@id\":\"https:\\\/\\\/homeofwool.com\\\/shop\\\/round-ottoman\\\/#breadcrumb\"},\"inLanguage\":\"es\",\"potentialAction\":[{\"@type\":\"ReadAction\",\"target\":[\"https:\\\/\\\/homeofwool.com\\\/shop\\\/round-ottoman\\\/\"]}]},{\"@type\":\"ImageObject\",\"inLanguage\":\"es\",\"@id\":\"https:\\\/\\\/homeofwool.com\\\/shop\\\/round-ottoman\\\/#primaryimage\",\"url\":\"https:\\\/\\\/homeofwool.com\\\/wp-content\\\/uploads\\\/2025\\\/09\\\/home-of-wool-wool-round-ottoman-cushion-1-mainn.jpg\",\"contentUrl\":\"https:\\\/\\\/homeofwool.com\\\/wp-content\\\/uploads\\\/2025\\\/09\\\/home-of-wool-wool-round-ottoman-cushion-1-mainn.jpg\",\"width\":1080,\"height\":864,\"caption\":\"wool ottoman cushion\"},{\"@type\":\"BreadcrumbList\",\"@id\":\"https:\\\/\\\/homeofwool.com\\\/shop\\\/round-ottoman\\\/#breadcrumb\",\"itemListElement\":[{\"@type\":\"ListItem\",\"position\":1,\"name\":\"Home\",\"item\":\"https:\\\/\\\/homeofwool.com\\\/\"},{\"@type\":\"ListItem\",\"position\":2,\"name\":\"Products\",\"item\":\"https:\\\/\\\/homeofwool.com\\\/header-search-2\\\/\"},{\"@type\":\"ListItem\",\"position\":3,\"name\":\"Wool Round Ottoman Cushion\"}]},{\"@type\":\"WebSite\",\"@id\":\"https:\\\/\\\/homeofwool.com\\\/#website\",\"url\":\"https:\\\/\\\/homeofwool.com\\\/\",\"name\":\"Home of Wool\",\"description\":\"\",\"publisher\":{\"@id\":\"https:\\\/\\\/homeofwool.com\\\/#organization\"},\"potentialAction\":[{\"@type\":\"SearchAction\",\"target\":{\"@type\":\"EntryPoint\",\"urlTemplate\":\"https:\\\/\\\/homeofwool.com\\\/?s={search_term_string}\"},\"query-input\":{\"@type\":\"PropertyValueSpecification\",\"valueRequired\":true,\"valueName\":\"search_term_string\"}}],\"inLanguage\":\"es\"},{\"@type\":\"Organization\",\"@id\":\"https:\\\/\\\/homeofwool.com\\\/#organization\",\"name\":\"Home of Wool\",\"url\":\"https:\\\/\\\/homeofwool.com\\\/\",\"logo\":{\"@type\":\"ImageObject\",\"inLanguage\":\"es\",\"@id\":\"https:\\\/\\\/homeofwool.com\\\/#\\\/schema\\\/logo\\\/image\\\/\",\"url\":\"https:\\\/\\\/homeofwool.com\\\/wp-content\\\/uploads\\\/2025\\\/09\\\/WhatsApp-Image-2025-12-02-at-16.23.20.jpeg\",\"contentUrl\":\"https:\\\/\\\/homeofwool.com\\\/wp-content\\\/uploads\\\/2025\\\/09\\\/WhatsApp-Image-2025-12-02-at-16.23.20.jpeg\",\"width\":700,\"height\":247,\"caption\":\"Home of Wool\"},\"image\":{\"@id\":\"https:\\\/\\\/homeofwool.com\\\/#\\\/schema\\\/logo\\\/image\\\/\"},\"sameAs\":[\"https:\\\/\\\/facebook.com\\\/HomeOfWoolOfficial\"]}]}<\/script>\n<!-- \/ Yoast SEO Premium plugin. -->","yoast_head_json":{"title":"Puf redondo \u2013 Coj\u00edn de suelo con capiton\u00e9 | Home of Wool","description":"La otomana redonda cuenta con un relleno de lana tufting a mano que ofrece comodidad transpirable y duradera. Hipoalerg\u00e9nica y libre de toxinas, aporta un estilo natural atemporal a los espacios habitables modernos y sostenibles.","robots":{"index":"index","follow":"follow","max-snippet":"max-snippet:-1","max-image-preview":"max-image-preview:large","max-video-preview":"max-video-preview:-1"},"canonical":"https:\/\/homeofwool.com\/es\/tienda\/otomana-redonda\/","og_locale":"es_ES","og_type":"article","og_title":"Wool Round Ottoman Cushion","og_description":"The Round Ottoman features hand-tufted wool filling for breathable, durable comfort. Hypoallergenic and toxin-free, it brings timeless natural style into sustainable, modern living spaces.","og_url":"https:\/\/homeofwool.com\/es\/tienda\/otomana-redonda\/","og_site_name":"Home of Wool","article_publisher":"https:\/\/facebook.com\/HomeOfWoolOfficial","article_modified_time":"2026-02-11T10:35:53+00:00","og_image":[{"width":1080,"height":864,"url":"https:\/\/homeofwool.com\/wp-content\/uploads\/2025\/09\/home-of-wool-wool-round-ottoman-cushion-1-mainn.jpg","type":"image\/jpeg"}],"twitter_card":"summary_large_image","twitter_misc":{"Tiempo de lectura":"2 minutos"},"schema":{"@context":"https:\/\/schema.org","@graph":[{"@type":"WebPage","@id":"https:\/\/homeofwool.com\/shop\/round-ottoman\/","url":"https:\/\/homeofwool.com\/shop\/round-ottoman\/","name":"Puf redondo \u2013 Coj\u00edn de suelo con capiton\u00e9 | Home of Wool","isPartOf":{"@id":"https:\/\/homeofwool.com\/#website"},"primaryImageOfPage":{"@id":"https:\/\/homeofwool.com\/shop\/round-ottoman\/#primaryimage"},"image":{"@id":"https:\/\/homeofwool.com\/shop\/round-ottoman\/#primaryimage"},"thumbnailUrl":"https:\/\/homeofwool.com\/wp-content\/uploads\/2025\/09\/home-of-wool-wool-round-ottoman-cushion-1-mainn.jpg","datePublished":"2025-09-02T12:00:57+00:00","dateModified":"2026-02-11T10:35:53+00:00","description":"La otomana redonda cuenta con un relleno de lana tufting a mano que ofrece comodidad transpirable y duradera. Hipoalerg\u00e9nica y libre de toxinas, aporta un estilo natural atemporal a los espacios habitables modernos y sostenibles.","breadcrumb":{"@id":"https:\/\/homeofwool.com\/shop\/round-ottoman\/#breadcrumb"},"inLanguage":"es","potentialAction":[{"@type":"ReadAction","target":["https:\/\/homeofwool.com\/shop\/round-ottoman\/"]}]},{"@type":"ImageObject","inLanguage":"es","@id":"https:\/\/homeofwool.com\/shop\/round-ottoman\/#primaryimage","url":"https:\/\/homeofwool.com\/wp-content\/uploads\/2025\/09\/home-of-wool-wool-round-ottoman-cushion-1-mainn.jpg","contentUrl":"https:\/\/homeofwool.com\/wp-content\/uploads\/2025\/09\/home-of-wool-wool-round-ottoman-cushion-1-mainn.jpg","width":1080,"height":864,"caption":"wool ottoman cushion"},{"@type":"BreadcrumbList","@id":"https:\/\/homeofwool.com\/shop\/round-ottoman\/#breadcrumb","itemListElement":[{"@type":"ListItem","position":1,"name":"Home","item":"https:\/\/homeofwool.com\/"},{"@type":"ListItem","position":2,"name":"Products","item":"https:\/\/homeofwool.com\/header-search-2\/"},{"@type":"ListItem","position":3,"name":"Wool Round Ottoman Cushion"}]},{"@type":"WebSite","@id":"https:\/\/homeofwool.com\/#website","url":"https:\/\/homeofwool.com\/","name":"Hogar de la lana","description":"","publisher":{"@id":"https:\/\/homeofwool.com\/#organization"},"potentialAction":[{"@type":"SearchAction","target":{"@type":"EntryPoint","urlTemplate":"https:\/\/homeofwool.com\/?s={search_term_string}"},"query-input":{"@type":"PropertyValueSpecification","valueRequired":true,"valueName":"search_term_string"}}],"inLanguage":"es"},{"@type":"Organization","@id":"https:\/\/homeofwool.com\/#organization","name":"Hogar de la lana","url":"https:\/\/homeofwool.com\/","logo":{"@type":"ImageObject","inLanguage":"es","@id":"https:\/\/homeofwool.com\/#\/schema\/logo\/image\/","url":"https:\/\/homeofwool.com\/wp-content\/uploads\/2025\/09\/WhatsApp-Image-2025-12-02-at-16.23.20.jpeg","contentUrl":"https:\/\/homeofwool.com\/wp-content\/uploads\/2025\/09\/WhatsApp-Image-2025-12-02-at-16.23.20.jpeg","width":700,"height":247,"caption":"Home of Wool"},"image":{"@id":"https:\/\/homeofwool.com\/#\/schema\/logo\/image\/"},"sameAs":["https:\/\/facebook.com\/HomeOfWoolOfficial"]}]}},"_links":{"self":[{"href":"https:\/\/homeofwool.com\/es\/wp-json\/wp\/v2\/product\/217548","targetHints":{"allow":["GET"]}}],"collection":[{"href":"https:\/\/homeofwool.com\/es\/wp-json\/wp\/v2\/product"}],"about":[{"href":"https:\/\/homeofwool.com\/es\/wp-json\/wp\/v2\/types\/product"}],"version-history":[{"count":2,"href":"https:\/\/homeofwool.com\/es\/wp-json\/wp\/v2\/product\/217548\/revisions"}],"predecessor-version":[{"id":226805,"href":"https:\/\/homeofwool.com\/es\/wp-json\/wp\/v2\/product\/217548\/revisions\/226805"}],"wp:featuredmedia":[{"embeddable":true,"href":"https:\/\/homeofwool.com\/es\/wp-json\/wp\/v2\/media\/226804"}],"wp:attachment":[{"href":"https:\/\/homeofwool.com\/es\/wp-json\/wp\/v2\/media?parent=217548"}],"wp:term":[{"taxonomy":"product_brand","embeddable":true,"href":"https:\/\/homeofwool.com\/es\/wp-json\/wp\/v2\/product_brand?post=217548"},{"taxonomy":"product_cat","embeddable":true,"href":"https:\/\/homeofwool.com\/es\/wp-json\/wp\/v2\/product_cat?post=217548"},{"taxonomy":"product_tag","embeddable":true,"href":"https:\/\/homeofwool.com\/es\/wp-json\/wp\/v2\/product_tag?post=217548"}],"curies":[{"name":"wp","href":"https:\/\/api.w.org\/{rel}","templated":true}]}}