{"id":217543,"date":"2025-09-02T12:00:57","date_gmt":"2025-09-02T12:00:57","guid":{"rendered":"https:\/\/homeofwool.com\/?post_type=product&#038;p=217543"},"modified":"2026-04-03T11:53:12","modified_gmt":"2026-04-03T11:53:12","slug":"colchon-de-lana-para-cuna","status":"publish","type":"product","link":"https:\/\/homeofwool.com\/es\/shop\/crib-wool-mattress\/","title":{"rendered":"Colch\u00f3n de cuna de lana"},"content":{"rendered":"<p>Todos los padres quieren que la cuna de su beb\u00e9 sea un lugar c\u00f3modo y seguro. Este colch\u00f3n natural para beb\u00e9s est\u00e1 fabricado con lana pura, lo que proporciona a tu peque\u00f1o una superficie para dormir suave, con buen soporte y naturalmente transpirable. La lana se adapta a las estaciones. Mantiene a tu beb\u00e9 abrigado cuando hace fr\u00edo y c\u00f3modamente fresco cuando hace calor. As\u00ed es como tu beb\u00e9 duerme profundamente todo el a\u00f1o con la lana.<\/p>\n<p>Este colch\u00f3n org\u00e1nico para beb\u00e9s est\u00e1 fabricado con lana pura y otros materiales naturales, sin sint\u00e9ticos, pegamentos ni retardantes de llama. La resistencia natural al fuego de la lana mantiene a tu beb\u00e9 a salvo. Libre de sustancias qu\u00edmicas nocivas, este colch\u00f3n para cuna sin productos qu\u00edmicos tambi\u00e9n ayuda a mantener alejados a los \u00e1caros del polvo, evita la aparici\u00f3n de moho y se mantiene fresco sin desprender gases ni compuestos org\u00e1nicos vol\u00e1tiles. Suave e hipoalerg\u00e9nico, es ideal para beb\u00e9s con alergias o piel sensible.<\/p>\n<p>Cosemos a mano cada colch\u00f3n con hilo de lino natural para que la lana se mantenga distribuida uniformemente en el interior. Las resistentes cremalleras laterales te permiten ajustar, a\u00f1adir o quitar lana para conseguir la sensaci\u00f3n perfecta. Ofrecemos tama\u00f1os est\u00e1ndar para cunas, o podemos crear un colch\u00f3n para beb\u00e9 personalizado solo para ti. Los extras opcionales incluyen una funda extra\u00edble para facilitar el lavado, un protector de lana y s\u00e1banas ajustables. Son excelentes complementos, especialmente para tama\u00f1os personalizados.<\/p>\n<p>Cuando tu beb\u00e9 pase a una cama m\u00e1s grande, el colch\u00f3n puede tener una segunda vida como coj\u00edn para el rinc\u00f3n de lectura o como coj\u00edn para el suelo. Fabricado con cuidado, una s\u00f3lida artesan\u00eda y materiales naturales de primera calidad, este colch\u00f3n transpirable para cuna seguir\u00e1 siendo \u00fatil para tu familia mucho despu\u00e9s de que tu hijo deje de usar la cuna.<\/p>","protected":false},"excerpt":{"rendered":"<p>La primera cama de tu beb\u00e9 debe ser tan segura y c\u00f3moda como tus brazos. Nuestro colch\u00f3n de lana para cuna est\u00e1 fabricado a mano con materiales naturales de primera calidad para garantizar un sue\u00f1o saludable y reparador. Este colch\u00f3n para cuna no t\u00f3xico est\u00e1 fabricado con lana pura sin productos qu\u00edmicos, pegamentos ni sint\u00e9ticos, lo que proporciona a su beb\u00e9 un apoyo suave durante todas las estaciones del a\u00f1o. Al ser naturalmente transpirable y estar fabricado para pieles sensibles, es un colch\u00f3n hipoalerg\u00e9nico que se puede personalizar para adaptarse perfectamente a la habitaci\u00f3n de su beb\u00e9.<\/p>\n<div class=\"global-icon-set\">\n<div class=\"global-icon-set__items\">\n<div class=\"global-icon-set__item\">\n<div class=\"global-icon-set__image\">\n                                    <img decoding=\"async\" src=\"https:\/\/homeofwool.com\/wp-content\/uploads\/2025\/09\/handmade-icon-300x300.png\" alt=\"icono hecho a mano\" \/>\n                                <\/div>\n<div class=\"global-icon-set__title\">Hecho a mano<\/div>\n<\/p><\/div>\n<div class=\"global-icon-set__item\">\n<div class=\"global-icon-set__image\">\n                                    <img decoding=\"async\" src=\"https:\/\/homeofwool.com\/wp-content\/uploads\/2025\/09\/Exceptionally-Supportive-min-300x300.png\" alt=\"icono excepcionalmente solidario\" \/>\n                                <\/div>\n<div class=\"global-icon-set__title\">Excepcionalmente solidario<\/div>\n<\/p><\/div>\n<div class=\"global-icon-set__item\">\n<div class=\"global-icon-set__image\">\n                                    <img decoding=\"async\" src=\"https:\/\/homeofwool.com\/wp-content\/uploads\/2025\/09\/wicks-moisture-away-300x300.png\" alt=\"evacua la humedad\" \/>\n                                <\/div>\n<div class=\"global-icon-set__title\">Evacua la humedad<\/div>\n<\/p><\/div>\n<div class=\"global-icon-set__item\">\n<div class=\"global-icon-set__image\">\n                                    <img decoding=\"async\" src=\"https:\/\/homeofwool.com\/wp-content\/uploads\/2025\/09\/VOCs-min-300x300.png\" alt=\"vocs free\" \/>\n                                <\/div>\n<div class=\"global-icon-set__title\">Sin COV<\/div>\n<\/p><\/div>\n<div class=\"global-icon-set__item\">\n<div class=\"global-icon-set__image\">\n                                    <img decoding=\"async\" src=\"https:\/\/homeofwool.com\/wp-content\/uploads\/2025\/09\/FR-min-300x300.png\" alt=\"icono de resistencia al fuego\" \/>\n                                <\/div>\n<div class=\"global-icon-set__title\">Resistente al fuego<\/div>\n<\/p><\/div>\n<div class=\"global-icon-set__item\">\n<div class=\"global-icon-set__image\">\n                                    <img decoding=\"async\" src=\"https:\/\/homeofwool.com\/wp-content\/uploads\/2025\/09\/Hypoallergenic-min-300x300.png\" alt=\"icono hipoalerg\u00e9nico\" \/>\n                                <\/div>\n<div class=\"global-icon-set__title\">Hipoalerg\u00e9nico<\/div>\n<\/p><\/div>\n<div class=\"global-icon-set__item\">\n<div class=\"global-icon-set__image\">\n                                    <img decoding=\"async\" src=\"https:\/\/homeofwool.com\/wp-content\/uploads\/2025\/09\/free-of-synthetics-icon-300x300.png\" alt=\"icono sin sint\u00e9ticos\" \/>\n                                <\/div>\n<div class=\"global-icon-set__title\">Sin sint\u00e9ticos<\/div>\n<\/p><\/div>\n<div class=\"global-icon-set__item\">\n<div class=\"global-icon-set__image\">\n                                    <img decoding=\"async\" src=\"https:\/\/homeofwool.com\/wp-content\/uploads\/2025\/09\/chemical-free-icon-300x300.png\" alt=\"icono sin productos qu\u00edmicos\" \/>\n                                <\/div>\n<div class=\"global-icon-set__title\">Sin productos qu\u00edmicos<\/div>\n<\/p><\/div>\n<div class=\"global-icon-set__item\">\n<div class=\"global-icon-set__image\">\n                                    <img decoding=\"async\" src=\"https:\/\/homeofwool.com\/wp-content\/uploads\/2025\/09\/anti-bacterial-icon-300x300.png\" alt=\"icono antibacteriano\" \/>\n                                <\/div>\n<div class=\"global-icon-set__title\">Antimicrobiano y antibacteriano<\/div>\n<\/p><\/div>\n<div class=\"global-icon-set__item\">\n<div class=\"global-icon-set__image\">\n                                    <img decoding=\"async\" src=\"https:\/\/homeofwool.com\/wp-content\/uploads\/2025\/09\/certified-materials-icon-300x300.png\" alt=\"icono de materiales certificados\" \/>\n                                <\/div>\n<div class=\"global-icon-set__title\">100% Materiales puros certificados<\/div>\n<\/p><\/div>\n<\/p><\/div>\n<\/p><\/div>","protected":false},"featured_media":226486,"template":"","meta":{"_acf_changed":false},"product_brand":[],"product_cat":[459],"product_tag":[460,461,462,463,464,465,193,466,467,468,469,195,470,149,471,472,473,474,475,476],"class_list":{"0":"post-217543","1":"product","2":"type-product","3":"status-publish","4":"has-post-thumbnail","6":"product_cat-mattresses-toppers","7":"product_tag-baby-bedding","8":"product_tag-baby-mattress","9":"product_tag-cot-mattress","10":"product_tag-ikea-kura-slakt","11":"product_tag-ikea-sniglar-bed","12":"product_tag-mini-crib-mattress","13":"product_tag-natural-mattress","14":"product_tag-natural-nursery","15":"product_tag-newborn-baby-pad","16":"product_tag-non-toxic-nursery","17":"product_tag-organic-baby-cot","18":"product_tag-organic-mattress","19":"product_tag-oval-toddler-futon","20":"product_tag-steps","21":"product_tag-stokke-crib-mattress","22":"product_tag-stokke-sleepi-bed","23":"product_tag-stokke-sleepi-junior","24":"product_tag-stokke-sleepi-mattress","25":"product_tag-stokke-sleepi-mini","26":"product_tag-toddler-mattress","28":"first","29":"instock","30":"shipping-taxable","31":"purchasable","32":"product-type-simple"},"acf":[],"yoast_head":"<!-- This site is optimized with the Yoast SEO Premium plugin v27.3 (Yoast SEO v27.3) - https:\/\/yoast.com\/product\/yoast-seo-premium-wordpress\/ -->\n<title>Organic Crib Mattress \u2013 Natural &amp; Breathable Baby Mattress | Home of Wool<\/title>\n<meta name=\"description\" content=\"Breathable, hypoallergenic, and chemical-free, the Wool Crib Mattress offers natural comfort and support. Pure wool provides safe, customizable sleep for babies year-round.\" \/>\n<meta name=\"robots\" content=\"index, follow, max-snippet:-1, max-image-preview:large, max-video-preview:-1\" \/>\n<link rel=\"canonical\" href=\"https:\/\/homeofwool.com\/es\/tienda\/colchon-de-lana-para-cuna\/\" \/>\n<meta property=\"og:locale\" content=\"es_ES\" \/>\n<meta property=\"og:type\" content=\"article\" \/>\n<meta property=\"og:title\" content=\"Wool Crib Mattress\" \/>\n<meta property=\"og:description\" content=\"Breathable, hypoallergenic, and chemical-free, the Wool Crib Mattress offers natural comfort and support. Pure wool provides safe, customizable sleep for babies year-round.\" \/>\n<meta property=\"og:url\" content=\"https:\/\/homeofwool.com\/es\/tienda\/colchon-de-lana-para-cuna\/\" \/>\n<meta property=\"og:site_name\" content=\"Home of Wool\" \/>\n<meta property=\"article:publisher\" content=\"https:\/\/facebook.com\/HomeOfWoolOfficial\" \/>\n<meta property=\"article:modified_time\" content=\"2026-04-03T11:53:12+00:00\" \/>\n<meta property=\"og:image\" content=\"https:\/\/homeofwool.com\/wp-content\/uploads\/2025\/09\/home-of-wool-crib-mattress-mainn.jpg\" \/>\n\t<meta property=\"og:image:width\" content=\"1920\" \/>\n\t<meta property=\"og:image:height\" content=\"1536\" \/>\n\t<meta property=\"og:image:type\" content=\"image\/jpeg\" \/>\n<meta name=\"twitter:card\" content=\"summary_large_image\" \/>\n<meta name=\"twitter:label1\" content=\"Tiempo de lectura\" \/>\n\t<meta name=\"twitter:data1\" content=\"2 minutos\" \/>\n<script type=\"application\/ld+json\" class=\"yoast-schema-graph\">{\"@context\":\"https:\\\/\\\/schema.org\",\"@graph\":[{\"@type\":\"WebPage\",\"@id\":\"https:\\\/\\\/homeofwool.com\\\/shop\\\/crib-wool-mattress\\\/\",\"url\":\"https:\\\/\\\/homeofwool.com\\\/shop\\\/crib-wool-mattress\\\/\",\"name\":\"Organic Crib Mattress \u2013 Natural & Breathable Baby Mattress | Home of Wool\",\"isPartOf\":{\"@id\":\"https:\\\/\\\/homeofwool.com\\\/#website\"},\"primaryImageOfPage\":{\"@id\":\"https:\\\/\\\/homeofwool.com\\\/shop\\\/crib-wool-mattress\\\/#primaryimage\"},\"image\":{\"@id\":\"https:\\\/\\\/homeofwool.com\\\/shop\\\/crib-wool-mattress\\\/#primaryimage\"},\"thumbnailUrl\":\"https:\\\/\\\/homeofwool.com\\\/wp-content\\\/uploads\\\/2025\\\/09\\\/home-of-wool-crib-mattress-mainn.jpg\",\"datePublished\":\"2025-09-02T12:00:57+00:00\",\"dateModified\":\"2026-04-03T11:53:12+00:00\",\"description\":\"Breathable, hypoallergenic, and chemical-free, the Wool Crib Mattress offers natural comfort and support. Pure wool provides safe, customizable sleep for babies year-round.\",\"breadcrumb\":{\"@id\":\"https:\\\/\\\/homeofwool.com\\\/shop\\\/crib-wool-mattress\\\/#breadcrumb\"},\"inLanguage\":\"es\",\"potentialAction\":[{\"@type\":\"ReadAction\",\"target\":[\"https:\\\/\\\/homeofwool.com\\\/shop\\\/crib-wool-mattress\\\/\"]}]},{\"@type\":\"ImageObject\",\"inLanguage\":\"es\",\"@id\":\"https:\\\/\\\/homeofwool.com\\\/shop\\\/crib-wool-mattress\\\/#primaryimage\",\"url\":\"https:\\\/\\\/homeofwool.com\\\/wp-content\\\/uploads\\\/2025\\\/09\\\/home-of-wool-crib-mattress-mainn.jpg\",\"contentUrl\":\"https:\\\/\\\/homeofwool.com\\\/wp-content\\\/uploads\\\/2025\\\/09\\\/home-of-wool-crib-mattress-mainn.jpg\",\"width\":1920,\"height\":1536,\"caption\":\"wool crib mattress for babies and kids\"},{\"@type\":\"BreadcrumbList\",\"@id\":\"https:\\\/\\\/homeofwool.com\\\/shop\\\/crib-wool-mattress\\\/#breadcrumb\",\"itemListElement\":[{\"@type\":\"ListItem\",\"position\":1,\"name\":\"Home\",\"item\":\"https:\\\/\\\/homeofwool.com\\\/\"},{\"@type\":\"ListItem\",\"position\":2,\"name\":\"Products\",\"item\":\"https:\\\/\\\/homeofwool.com\\\/header-search-2\\\/\"},{\"@type\":\"ListItem\",\"position\":3,\"name\":\"Wool Crib Mattress\"}]},{\"@type\":\"WebSite\",\"@id\":\"https:\\\/\\\/homeofwool.com\\\/#website\",\"url\":\"https:\\\/\\\/homeofwool.com\\\/\",\"name\":\"Home of Wool\",\"description\":\"\",\"publisher\":{\"@id\":\"https:\\\/\\\/homeofwool.com\\\/#organization\"},\"potentialAction\":[{\"@type\":\"SearchAction\",\"target\":{\"@type\":\"EntryPoint\",\"urlTemplate\":\"https:\\\/\\\/homeofwool.com\\\/?s={search_term_string}\"},\"query-input\":{\"@type\":\"PropertyValueSpecification\",\"valueRequired\":true,\"valueName\":\"search_term_string\"}}],\"inLanguage\":\"es\"},{\"@type\":\"Organization\",\"@id\":\"https:\\\/\\\/homeofwool.com\\\/#organization\",\"name\":\"Home of Wool\",\"url\":\"https:\\\/\\\/homeofwool.com\\\/\",\"logo\":{\"@type\":\"ImageObject\",\"inLanguage\":\"es\",\"@id\":\"https:\\\/\\\/homeofwool.com\\\/#\\\/schema\\\/logo\\\/image\\\/\",\"url\":\"https:\\\/\\\/homeofwool.com\\\/wp-content\\\/uploads\\\/2025\\\/09\\\/WhatsApp-Image-2025-12-02-at-16.23.20.jpeg\",\"contentUrl\":\"https:\\\/\\\/homeofwool.com\\\/wp-content\\\/uploads\\\/2025\\\/09\\\/WhatsApp-Image-2025-12-02-at-16.23.20.jpeg\",\"width\":700,\"height\":247,\"caption\":\"Home of Wool\"},\"image\":{\"@id\":\"https:\\\/\\\/homeofwool.com\\\/#\\\/schema\\\/logo\\\/image\\\/\"},\"sameAs\":[\"https:\\\/\\\/facebook.com\\\/HomeOfWoolOfficial\"]}]}<\/script>\n<!-- \/ Yoast SEO Premium plugin. -->","yoast_head_json":{"title":"Colch\u00f3n org\u00e1nico para cuna: colch\u00f3n natural y transpirable para beb\u00e9s | Home of Wool","description":"Transpirable, hipoalerg\u00e9nico y libre de productos qu\u00edmicos, el colch\u00f3n de lana para cuna ofrece comodidad y soporte naturales. La lana pura proporciona un sue\u00f1o seguro y personalizable para los beb\u00e9s durante todo el a\u00f1o.","robots":{"index":"index","follow":"follow","max-snippet":"max-snippet:-1","max-image-preview":"max-image-preview:large","max-video-preview":"max-video-preview:-1"},"canonical":"https:\/\/homeofwool.com\/es\/tienda\/colchon-de-lana-para-cuna\/","og_locale":"es_ES","og_type":"article","og_title":"Wool Crib Mattress","og_description":"Breathable, hypoallergenic, and chemical-free, the Wool Crib Mattress offers natural comfort and support. Pure wool provides safe, customizable sleep for babies year-round.","og_url":"https:\/\/homeofwool.com\/es\/tienda\/colchon-de-lana-para-cuna\/","og_site_name":"Home of Wool","article_publisher":"https:\/\/facebook.com\/HomeOfWoolOfficial","article_modified_time":"2026-04-03T11:53:12+00:00","og_image":[{"width":1920,"height":1536,"url":"https:\/\/homeofwool.com\/wp-content\/uploads\/2025\/09\/home-of-wool-crib-mattress-mainn.jpg","type":"image\/jpeg"}],"twitter_card":"summary_large_image","twitter_misc":{"Tiempo de lectura":"2 minutos"},"schema":{"@context":"https:\/\/schema.org","@graph":[{"@type":"WebPage","@id":"https:\/\/homeofwool.com\/shop\/crib-wool-mattress\/","url":"https:\/\/homeofwool.com\/shop\/crib-wool-mattress\/","name":"Colch\u00f3n org\u00e1nico para cuna: colch\u00f3n natural y transpirable para beb\u00e9s | Home of Wool","isPartOf":{"@id":"https:\/\/homeofwool.com\/#website"},"primaryImageOfPage":{"@id":"https:\/\/homeofwool.com\/shop\/crib-wool-mattress\/#primaryimage"},"image":{"@id":"https:\/\/homeofwool.com\/shop\/crib-wool-mattress\/#primaryimage"},"thumbnailUrl":"https:\/\/homeofwool.com\/wp-content\/uploads\/2025\/09\/home-of-wool-crib-mattress-mainn.jpg","datePublished":"2025-09-02T12:00:57+00:00","dateModified":"2026-04-03T11:53:12+00:00","description":"Transpirable, hipoalerg\u00e9nico y libre de productos qu\u00edmicos, el colch\u00f3n de lana para cuna ofrece comodidad y soporte naturales. La lana pura proporciona un sue\u00f1o seguro y personalizable para los beb\u00e9s durante todo el a\u00f1o.","breadcrumb":{"@id":"https:\/\/homeofwool.com\/shop\/crib-wool-mattress\/#breadcrumb"},"inLanguage":"es","potentialAction":[{"@type":"ReadAction","target":["https:\/\/homeofwool.com\/shop\/crib-wool-mattress\/"]}]},{"@type":"ImageObject","inLanguage":"es","@id":"https:\/\/homeofwool.com\/shop\/crib-wool-mattress\/#primaryimage","url":"https:\/\/homeofwool.com\/wp-content\/uploads\/2025\/09\/home-of-wool-crib-mattress-mainn.jpg","contentUrl":"https:\/\/homeofwool.com\/wp-content\/uploads\/2025\/09\/home-of-wool-crib-mattress-mainn.jpg","width":1920,"height":1536,"caption":"wool crib mattress for babies and kids"},{"@type":"BreadcrumbList","@id":"https:\/\/homeofwool.com\/shop\/crib-wool-mattress\/#breadcrumb","itemListElement":[{"@type":"ListItem","position":1,"name":"Home","item":"https:\/\/homeofwool.com\/"},{"@type":"ListItem","position":2,"name":"Products","item":"https:\/\/homeofwool.com\/header-search-2\/"},{"@type":"ListItem","position":3,"name":"Wool Crib Mattress"}]},{"@type":"WebSite","@id":"https:\/\/homeofwool.com\/#website","url":"https:\/\/homeofwool.com\/","name":"Hogar de la lana","description":"","publisher":{"@id":"https:\/\/homeofwool.com\/#organization"},"potentialAction":[{"@type":"SearchAction","target":{"@type":"EntryPoint","urlTemplate":"https:\/\/homeofwool.com\/?s={search_term_string}"},"query-input":{"@type":"PropertyValueSpecification","valueRequired":true,"valueName":"search_term_string"}}],"inLanguage":"es"},{"@type":"Organization","@id":"https:\/\/homeofwool.com\/#organization","name":"Hogar de la lana","url":"https:\/\/homeofwool.com\/","logo":{"@type":"ImageObject","inLanguage":"es","@id":"https:\/\/homeofwool.com\/#\/schema\/logo\/image\/","url":"https:\/\/homeofwool.com\/wp-content\/uploads\/2025\/09\/WhatsApp-Image-2025-12-02-at-16.23.20.jpeg","contentUrl":"https:\/\/homeofwool.com\/wp-content\/uploads\/2025\/09\/WhatsApp-Image-2025-12-02-at-16.23.20.jpeg","width":700,"height":247,"caption":"Home of Wool"},"image":{"@id":"https:\/\/homeofwool.com\/#\/schema\/logo\/image\/"},"sameAs":["https:\/\/facebook.com\/HomeOfWoolOfficial"]}]}},"_links":{"self":[{"href":"https:\/\/homeofwool.com\/es\/wp-json\/wp\/v2\/product\/217543","targetHints":{"allow":["GET"]}}],"collection":[{"href":"https:\/\/homeofwool.com\/es\/wp-json\/wp\/v2\/product"}],"about":[{"href":"https:\/\/homeofwool.com\/es\/wp-json\/wp\/v2\/types\/product"}],"version-history":[{"count":2,"href":"https:\/\/homeofwool.com\/es\/wp-json\/wp\/v2\/product\/217543\/revisions"}],"predecessor-version":[{"id":226483,"href":"https:\/\/homeofwool.com\/es\/wp-json\/wp\/v2\/product\/217543\/revisions\/226483"}],"wp:featuredmedia":[{"embeddable":true,"href":"https:\/\/homeofwool.com\/es\/wp-json\/wp\/v2\/media\/226486"}],"wp:attachment":[{"href":"https:\/\/homeofwool.com\/es\/wp-json\/wp\/v2\/media?parent=217543"}],"wp:term":[{"taxonomy":"product_brand","embeddable":true,"href":"https:\/\/homeofwool.com\/es\/wp-json\/wp\/v2\/product_brand?post=217543"},{"taxonomy":"product_cat","embeddable":true,"href":"https:\/\/homeofwool.com\/es\/wp-json\/wp\/v2\/product_cat?post=217543"},{"taxonomy":"product_tag","embeddable":true,"href":"https:\/\/homeofwool.com\/es\/wp-json\/wp\/v2\/product_tag?post=217543"}],"curies":[{"name":"wp","href":"https:\/\/api.w.org\/{rel}","templated":true}]}}