{"id":217541,"date":"2025-09-02T12:00:57","date_gmt":"2025-09-02T12:00:57","guid":{"rendered":"https:\/\/homeofwool.com\/?post_type=product&#038;p=217541"},"modified":"2026-02-09T13:01:56","modified_gmt":"2026-02-09T13:01:56","slug":"hilo-de-lino-blanco","status":"publish","type":"product","link":"https:\/\/homeofwool.com\/es\/shop\/linen-thread-white\/","title":{"rendered":"Hilo de lino \u2013 Blanco"},"content":{"rendered":"<p>Fabricado en Hungr\u00eda a partir de hilo de lino semih\u00famedo, este hilo de lino blanco ofrece una calidad y una integridad excepcionales para tejer, coser y otras manualidades textiles. El lino es naturalmente duradero, con fibras que son 30% m\u00e1s resistentes que el algod\u00f3n, por lo que tus piezas terminadas duran m\u00e1s y se conservan en perfecto estado con el paso del tiempo. Este hilo absorbe la humedad y resiste la suciedad. Es una opci\u00f3n segura para las personas con sensibilidad.<\/p>\n<p>Cada carrete se fabrica cuidadosamente con lino europeo trazable y cuenta con prestigiosas certificaciones:<\/p>\n<ul>\n<li>Norma OEKO-TEX\u00ae 100<\/li>\n<li>Lino Europeo\u00ae<\/li>\n<li>GOTS\u00ae<\/li>\n<li>Maestros del Lino\u00ae<\/li>\n<\/ul>\n<p>Las certificaciones confirman que el hilo es limpio y procede de fuentes responsables. El lino es resistente y duradero. El cultivo del lino tambi\u00e9n tiene un impacto menor en el medio ambiente que muchos otros cultivos. Es una excelente opci\u00f3n para todos tus proyectos de tejido y costura.<\/p>","protected":false},"excerpt":{"rendered":"<p>Este hilo de lino blanco est\u00e1 elaborado con hilo de lino hilado a medio humedecer, lo que le confiere una estructura fina pero resistente para tejer, coser y realizar proyectos artesanales. No tiene recubrimientos qu\u00edmicos. Certificado en todas las etapas, es una opci\u00f3n fiable para tejer o coser.<\/p>\n<p><strong>Hacer tiempo<\/strong>: 1-3 d\u00edas<br \/>\n<strong>Tiempo de env\u00edo<\/strong>: 1-4 semanas<\/p>\n<div class=\"global-icon-set\">\n<div class=\"global-icon-set__items\">\n<div class=\"global-icon-set__item\">\n<div class=\"global-icon-set__image\">\n                                    <img decoding=\"async\" src=\"https:\/\/homeofwool.com\/wp-content\/uploads\/2025\/09\/VOCs-min-300x300.png\" alt=\"vocs free\" \/>\n                                <\/div>\n<div class=\"global-icon-set__title\">Sin COV<\/div>\n<\/p><\/div>\n<div class=\"global-icon-set__item\">\n<div class=\"global-icon-set__image\">\n                                    <img decoding=\"async\" src=\"https:\/\/homeofwool.com\/wp-content\/uploads\/2025\/09\/free-of-synthetics-icon-300x300.png\" alt=\"icono sin sint\u00e9ticos\" \/>\n                                <\/div>\n<div class=\"global-icon-set__title\">Sin sint\u00e9ticos<\/div>\n<\/p><\/div>\n<div class=\"global-icon-set__item\">\n<div class=\"global-icon-set__image\">\n                                    <img decoding=\"async\" src=\"https:\/\/homeofwool.com\/wp-content\/uploads\/2025\/09\/chemical-free-icon-300x300.png\" alt=\"icono sin productos qu\u00edmicos\" \/>\n                                <\/div>\n<div class=\"global-icon-set__title\">Sin productos qu\u00edmicos<\/div>\n<\/p><\/div>\n<\/p><\/div>\n<\/p><\/div>","protected":false},"featured_media":223036,"template":"","meta":{"_acf_changed":false},"product_brand":[],"product_cat":[25],"product_tag":[1370],"class_list":{"0":"post-217541","1":"product","2":"type-product","3":"status-publish","4":"has-post-thumbnail","6":"product_cat-wool-fabrics-batting","7":"product_tag-nosteps","9":"first","10":"instock","11":"shipping-taxable","12":"purchasable","13":"product-type-simple"},"acf":[],"yoast_head":"<!-- This site is optimized with the Yoast SEO Premium plugin v27.3 (Yoast SEO v27.3) - https:\/\/yoast.com\/product\/yoast-seo-premium-wordpress\/ -->\n<title>White Linen Thread \u2013 All Natural &amp; Durable | Home of Wool<\/title>\n<meta name=\"description\" content=\"Strong and natural, the White Linen Thread is breathable and eco-friendly. Durable and toxin-free, it\u2019s a reliable choice for upholstery, bedding, and sustainable, long-lasting DIY projects.\" \/>\n<meta name=\"robots\" content=\"index, follow, max-snippet:-1, max-image-preview:large, max-video-preview:-1\" \/>\n<link rel=\"canonical\" href=\"https:\/\/homeofwool.com\/es\/tienda\/hilo-de-lino-blanco\/\" \/>\n<meta property=\"og:locale\" content=\"es_ES\" \/>\n<meta property=\"og:type\" content=\"article\" \/>\n<meta property=\"og:title\" content=\"Linen Thread \u2013 White\" \/>\n<meta property=\"og:description\" content=\"Strong and natural, the White Linen Thread is breathable and eco-friendly. Durable and toxin-free, it\u2019s a reliable choice for upholstery, bedding, and sustainable, long-lasting DIY projects.\" \/>\n<meta property=\"og:url\" content=\"https:\/\/homeofwool.com\/es\/tienda\/hilo-de-lino-blanco\/\" \/>\n<meta property=\"og:site_name\" content=\"Home of Wool\" \/>\n<meta property=\"article:publisher\" content=\"https:\/\/facebook.com\/HomeOfWoolOfficial\" \/>\n<meta property=\"article:modified_time\" content=\"2026-02-09T13:01:56+00:00\" \/>\n<meta property=\"og:image\" content=\"https:\/\/homeofwool.com\/wp-content\/uploads\/2025\/09\/home-of-wool-linen-thread-\u2013-white-img_8397.jpg\" \/>\n\t<meta property=\"og:image:width\" content=\"2000\" \/>\n\t<meta property=\"og:image:height\" content=\"1600\" \/>\n\t<meta property=\"og:image:type\" content=\"image\/jpeg\" \/>\n<meta name=\"twitter:card\" content=\"summary_large_image\" \/>\n<meta name=\"twitter:label1\" content=\"Tiempo de lectura\" \/>\n\t<meta name=\"twitter:data1\" content=\"1 minuto\" \/>\n<script type=\"application\/ld+json\" class=\"yoast-schema-graph\">{\"@context\":\"https:\\\/\\\/schema.org\",\"@graph\":[{\"@type\":\"WebPage\",\"@id\":\"https:\\\/\\\/homeofwool.com\\\/it\\\/negozio\\\/filo-di-lino-bianco\\\/\",\"url\":\"https:\\\/\\\/homeofwool.com\\\/it\\\/negozio\\\/filo-di-lino-bianco\\\/\",\"name\":\"White Linen Thread \u2013 All Natural & Durable | Home of Wool\",\"isPartOf\":{\"@id\":\"https:\\\/\\\/homeofwool.com\\\/#website\"},\"primaryImageOfPage\":{\"@id\":\"https:\\\/\\\/homeofwool.com\\\/it\\\/negozio\\\/filo-di-lino-bianco\\\/#primaryimage\"},\"image\":{\"@id\":\"https:\\\/\\\/homeofwool.com\\\/it\\\/negozio\\\/filo-di-lino-bianco\\\/#primaryimage\"},\"thumbnailUrl\":\"https:\\\/\\\/homeofwool.com\\\/wp-content\\\/uploads\\\/2025\\\/09\\\/home-of-wool-linen-thread-\u2013-white-img_8397.jpg\",\"datePublished\":\"2025-09-02T12:00:57+00:00\",\"dateModified\":\"2026-02-09T13:01:56+00:00\",\"description\":\"Strong and natural, the White Linen Thread is breathable and eco-friendly. Durable and toxin-free, it\u2019s a reliable choice for upholstery, bedding, and sustainable, long-lasting DIY projects.\",\"breadcrumb\":{\"@id\":\"https:\\\/\\\/homeofwool.com\\\/it\\\/negozio\\\/filo-di-lino-bianco\\\/#breadcrumb\"},\"inLanguage\":\"es\",\"potentialAction\":[{\"@type\":\"ReadAction\",\"target\":[\"https:\\\/\\\/homeofwool.com\\\/it\\\/negozio\\\/filo-di-lino-bianco\\\/\"]}]},{\"@type\":\"ImageObject\",\"inLanguage\":\"es\",\"@id\":\"https:\\\/\\\/homeofwool.com\\\/it\\\/negozio\\\/filo-di-lino-bianco\\\/#primaryimage\",\"url\":\"https:\\\/\\\/homeofwool.com\\\/wp-content\\\/uploads\\\/2025\\\/09\\\/home-of-wool-linen-thread-\u2013-white-img_8397.jpg\",\"contentUrl\":\"https:\\\/\\\/homeofwool.com\\\/wp-content\\\/uploads\\\/2025\\\/09\\\/home-of-wool-linen-thread-\u2013-white-img_8397.jpg\",\"width\":2000,\"height\":1600,\"caption\":\"linen thread roll\"},{\"@type\":\"BreadcrumbList\",\"@id\":\"https:\\\/\\\/homeofwool.com\\\/it\\\/negozio\\\/filo-di-lino-bianco\\\/#breadcrumb\",\"itemListElement\":[{\"@type\":\"ListItem\",\"position\":1,\"name\":\"Home\",\"item\":\"https:\\\/\\\/homeofwool.com\\\/\"},{\"@type\":\"ListItem\",\"position\":2,\"name\":\"Products\",\"item\":\"https:\\\/\\\/homeofwool.com\\\/header-search-2\\\/\"},{\"@type\":\"ListItem\",\"position\":3,\"name\":\"Linen Thread \u2013 White\"}]},{\"@type\":\"WebSite\",\"@id\":\"https:\\\/\\\/homeofwool.com\\\/#website\",\"url\":\"https:\\\/\\\/homeofwool.com\\\/\",\"name\":\"Home of Wool\",\"description\":\"\",\"publisher\":{\"@id\":\"https:\\\/\\\/homeofwool.com\\\/#organization\"},\"potentialAction\":[{\"@type\":\"SearchAction\",\"target\":{\"@type\":\"EntryPoint\",\"urlTemplate\":\"https:\\\/\\\/homeofwool.com\\\/?s={search_term_string}\"},\"query-input\":{\"@type\":\"PropertyValueSpecification\",\"valueRequired\":true,\"valueName\":\"search_term_string\"}}],\"inLanguage\":\"es\"},{\"@type\":\"Organization\",\"@id\":\"https:\\\/\\\/homeofwool.com\\\/#organization\",\"name\":\"Home of Wool\",\"url\":\"https:\\\/\\\/homeofwool.com\\\/\",\"logo\":{\"@type\":\"ImageObject\",\"inLanguage\":\"es\",\"@id\":\"https:\\\/\\\/homeofwool.com\\\/#\\\/schema\\\/logo\\\/image\\\/\",\"url\":\"https:\\\/\\\/homeofwool.com\\\/wp-content\\\/uploads\\\/2025\\\/09\\\/WhatsApp-Image-2025-12-02-at-16.23.20.jpeg\",\"contentUrl\":\"https:\\\/\\\/homeofwool.com\\\/wp-content\\\/uploads\\\/2025\\\/09\\\/WhatsApp-Image-2025-12-02-at-16.23.20.jpeg\",\"width\":700,\"height\":247,\"caption\":\"Home of Wool\"},\"image\":{\"@id\":\"https:\\\/\\\/homeofwool.com\\\/#\\\/schema\\\/logo\\\/image\\\/\"},\"sameAs\":[\"https:\\\/\\\/facebook.com\\\/HomeOfWoolOfficial\"]}]}<\/script>\n<!-- \/ Yoast SEO Premium plugin. -->","yoast_head_json":{"title":"Hilo de lino blanco: totalmente natural y duradero | Home of Wool","description":"Resistente y natural, el hilo de lino blanco es transpirable y ecol\u00f3gico. Duradero y libre de toxinas, es una opci\u00f3n fiable para tapicer\u00edas, ropa de cama y proyectos de bricolaje sostenibles y duraderos.","robots":{"index":"index","follow":"follow","max-snippet":"max-snippet:-1","max-image-preview":"max-image-preview:large","max-video-preview":"max-video-preview:-1"},"canonical":"https:\/\/homeofwool.com\/es\/tienda\/hilo-de-lino-blanco\/","og_locale":"es_ES","og_type":"article","og_title":"Linen Thread \u2013 White","og_description":"Strong and natural, the White Linen Thread is breathable and eco-friendly. Durable and toxin-free, it\u2019s a reliable choice for upholstery, bedding, and sustainable, long-lasting DIY projects.","og_url":"https:\/\/homeofwool.com\/es\/tienda\/hilo-de-lino-blanco\/","og_site_name":"Home of Wool","article_publisher":"https:\/\/facebook.com\/HomeOfWoolOfficial","article_modified_time":"2026-02-09T13:01:56+00:00","og_image":[{"width":2000,"height":1600,"url":"https:\/\/homeofwool.com\/wp-content\/uploads\/2025\/09\/home-of-wool-linen-thread-\u2013-white-img_8397.jpg","type":"image\/jpeg"}],"twitter_card":"summary_large_image","twitter_misc":{"Tiempo de lectura":"1 minuto"},"schema":{"@context":"https:\/\/schema.org","@graph":[{"@type":"WebPage","@id":"https:\/\/homeofwool.com\/it\/negozio\/filo-di-lino-bianco\/","url":"https:\/\/homeofwool.com\/it\/negozio\/filo-di-lino-bianco\/","name":"Hilo de lino blanco: totalmente natural y duradero | Home of Wool","isPartOf":{"@id":"https:\/\/homeofwool.com\/#website"},"primaryImageOfPage":{"@id":"https:\/\/homeofwool.com\/it\/negozio\/filo-di-lino-bianco\/#primaryimage"},"image":{"@id":"https:\/\/homeofwool.com\/it\/negozio\/filo-di-lino-bianco\/#primaryimage"},"thumbnailUrl":"https:\/\/homeofwool.com\/wp-content\/uploads\/2025\/09\/home-of-wool-linen-thread-\u2013-white-img_8397.jpg","datePublished":"2025-09-02T12:00:57+00:00","dateModified":"2026-02-09T13:01:56+00:00","description":"Resistente y natural, el hilo de lino blanco es transpirable y ecol\u00f3gico. Duradero y libre de toxinas, es una opci\u00f3n fiable para tapicer\u00edas, ropa de cama y proyectos de bricolaje sostenibles y duraderos.","breadcrumb":{"@id":"https:\/\/homeofwool.com\/it\/negozio\/filo-di-lino-bianco\/#breadcrumb"},"inLanguage":"es","potentialAction":[{"@type":"ReadAction","target":["https:\/\/homeofwool.com\/it\/negozio\/filo-di-lino-bianco\/"]}]},{"@type":"ImageObject","inLanguage":"es","@id":"https:\/\/homeofwool.com\/it\/negozio\/filo-di-lino-bianco\/#primaryimage","url":"https:\/\/homeofwool.com\/wp-content\/uploads\/2025\/09\/home-of-wool-linen-thread-\u2013-white-img_8397.jpg","contentUrl":"https:\/\/homeofwool.com\/wp-content\/uploads\/2025\/09\/home-of-wool-linen-thread-\u2013-white-img_8397.jpg","width":2000,"height":1600,"caption":"linen thread roll"},{"@type":"BreadcrumbList","@id":"https:\/\/homeofwool.com\/it\/negozio\/filo-di-lino-bianco\/#breadcrumb","itemListElement":[{"@type":"ListItem","position":1,"name":"Home","item":"https:\/\/homeofwool.com\/"},{"@type":"ListItem","position":2,"name":"Products","item":"https:\/\/homeofwool.com\/header-search-2\/"},{"@type":"ListItem","position":3,"name":"Linen Thread \u2013 White"}]},{"@type":"WebSite","@id":"https:\/\/homeofwool.com\/#website","url":"https:\/\/homeofwool.com\/","name":"Hogar de la lana","description":"","publisher":{"@id":"https:\/\/homeofwool.com\/#organization"},"potentialAction":[{"@type":"SearchAction","target":{"@type":"EntryPoint","urlTemplate":"https:\/\/homeofwool.com\/?s={search_term_string}"},"query-input":{"@type":"PropertyValueSpecification","valueRequired":true,"valueName":"search_term_string"}}],"inLanguage":"es"},{"@type":"Organization","@id":"https:\/\/homeofwool.com\/#organization","name":"Hogar de la lana","url":"https:\/\/homeofwool.com\/","logo":{"@type":"ImageObject","inLanguage":"es","@id":"https:\/\/homeofwool.com\/#\/schema\/logo\/image\/","url":"https:\/\/homeofwool.com\/wp-content\/uploads\/2025\/09\/WhatsApp-Image-2025-12-02-at-16.23.20.jpeg","contentUrl":"https:\/\/homeofwool.com\/wp-content\/uploads\/2025\/09\/WhatsApp-Image-2025-12-02-at-16.23.20.jpeg","width":700,"height":247,"caption":"Home of Wool"},"image":{"@id":"https:\/\/homeofwool.com\/#\/schema\/logo\/image\/"},"sameAs":["https:\/\/facebook.com\/HomeOfWoolOfficial"]}]}},"_links":{"self":[{"href":"https:\/\/homeofwool.com\/es\/wp-json\/wp\/v2\/product\/217541","targetHints":{"allow":["GET"]}}],"collection":[{"href":"https:\/\/homeofwool.com\/es\/wp-json\/wp\/v2\/product"}],"about":[{"href":"https:\/\/homeofwool.com\/es\/wp-json\/wp\/v2\/types\/product"}],"version-history":[{"count":1,"href":"https:\/\/homeofwool.com\/es\/wp-json\/wp\/v2\/product\/217541\/revisions"}],"predecessor-version":[{"id":227858,"href":"https:\/\/homeofwool.com\/es\/wp-json\/wp\/v2\/product\/217541\/revisions\/227858"}],"wp:featuredmedia":[{"embeddable":true,"href":"https:\/\/homeofwool.com\/es\/wp-json\/wp\/v2\/media\/223036"}],"wp:attachment":[{"href":"https:\/\/homeofwool.com\/es\/wp-json\/wp\/v2\/media?parent=217541"}],"wp:term":[{"taxonomy":"product_brand","embeddable":true,"href":"https:\/\/homeofwool.com\/es\/wp-json\/wp\/v2\/product_brand?post=217541"},{"taxonomy":"product_cat","embeddable":true,"href":"https:\/\/homeofwool.com\/es\/wp-json\/wp\/v2\/product_cat?post=217541"},{"taxonomy":"product_tag","embeddable":true,"href":"https:\/\/homeofwool.com\/es\/wp-json\/wp\/v2\/product_tag?post=217541"}],"curies":[{"name":"wp","href":"https:\/\/api.w.org\/{rel}","templated":true}]}}