{"id":217538,"date":"2025-09-02T12:00:56","date_gmt":"2025-09-02T12:00:56","guid":{"rendered":"https:\/\/homeofwool.com\/?post_type=product&#038;p=217538"},"modified":"2026-02-09T13:01:53","modified_gmt":"2026-02-09T13:01:53","slug":"caja-de-telas-montessori","status":"publish","type":"product","link":"https:\/\/homeofwool.com\/es\/shop\/montessori-fabrics-box\/","title":{"rendered":"Caja de telas Montessori"},"content":{"rendered":"<div data-elementor-type=\"product-post\" data-elementor-id=\"217538\" class=\"elementor elementor-217538\" data-elementor-post-type=\"product\">\n\t\t\t\t<div class=\"elementor-element elementor-element-438d2479 e-flex e-con-boxed e-con e-parent\" data-id=\"438d2479\" data-element_type=\"container\" data-e-type=\"container\">\n\t\t\t\t\t<div class=\"e-con-inner\">\n\t\t\t\t<div class=\"elementor-element elementor-element-6e6f3a81 elementor-widget elementor-widget-text-editor\" data-id=\"6e6f3a81\" data-element_type=\"widget\" data-e-type=\"widget\" data-widget_type=\"text-editor.default\">\n\t\t\t\t\t\t\t\t\t<p>La Dra. Maria Montessori dise\u00f1\u00f3 y desarroll\u00f3 los materiales sensoriales para ayudar a los ni\u00f1os a desarrollar y refinar sus cinco sentidos: el sentido del gusto, el sentido del olfato, el sentido del tacto, el sentido del o\u00eddo y el sentido de la vista.<p>En las aulas y hogares Montessori de todo el mundo, se anima a los ni\u00f1os a aprender con las manos, tocando, sintiendo y haciendo.<p>La caja de telas Montessori est\u00e1 dise\u00f1ada para desarrollar y refinar el sentido del tacto de los ni\u00f1os mientras intentan emparejar las telas de dos en dos cuando un adulto les muestra c\u00f3mo hacerlo. Al principio, con los ojos abiertos y, despu\u00e9s, con los ojos vendados.<p>Nuestra caja de telas Home of Wool contiene 6 pares de telas totalmente naturales, sin te\u00f1ir y sin blanquear (9 x 9 cm \/ 3,5 x 3,5 pulgadas) en una caja de cart\u00f3n:<p>100% Algod\u00f3n org\u00e1nico<p>100% Lino<p>62% Lino 38% Algod\u00f3n<p>100% Lana virgen<p>Seda de morera<p>Relleno de lana<p>Todas estas telas tienen una textura muy espec\u00edfica y estamos seguros de que tanto los ni\u00f1os como los padres descubrir\u00e1n muchas cosas a trav\u00e9s de ese material.<p>Cuando tus hijos est\u00e9n preparados para ello, tambi\u00e9n puedes ense\u00f1arles los nombres de los tejidos, ampliando as\u00ed su vocabulario, mientras les cuentas c\u00f3mo se crearon estos tejidos.<p>La historia de la creaci\u00f3n de la seda de morera ser\u00eda especialmente interesante. Incluso podr\u00edas ir m\u00e1s all\u00e1 y cuidar de un gusano de seda durante un tiempo y presenciar su metamorfosis: \u00a1alimentarlo con hojas de morera, ver c\u00f3mo se transforma en capullo y, despu\u00e9s, en mariposa!<p>\u00a1Hay tantas historias detr\u00e1s de cada uno de nuestros tejidos que a tu hijo le encantar\u00eda conocer!<p>Tiempo de preparaci\u00f3n: 1-3 d\u00edas<br \/>Plazo de env\u00edo: 1-4 semanas<br \/>Env\u00edenos un mensaje para solicitar env\u00edo urgente.\t\t\t\t\t\t\t\t<\/div>\n\t\t\t\t\t<\/div>\n\t\t\t\t<\/div>\n\t\t\t\t<\/div>","protected":false},"excerpt":{"rendered":"<p>Esta caja de telas Montessori es una forma sencilla y bonita de estimular el sentido del tacto de tu hijo a trav\u00e9s del juego. Con muestras de telas naturales cuidadosamente seleccionadas para ni\u00f1os, despierta la curiosidad, refuerza la conciencia sensorial y crea momentos de descubrimiento llenos de alegr\u00eda.<\/p>\n<div class=\"global-icon-set\">\n<div class=\"global-icon-set__items\">\n<div class=\"global-icon-set__item\">\n<div class=\"global-icon-set__image\">\n                                    <img decoding=\"async\" src=\"https:\/\/homeofwool.com\/wp-content\/uploads\/2025\/09\/handmade-icon-300x300.png\" alt=\"icono hecho a mano\" \/>\n                                <\/div>\n<div class=\"global-icon-set__title\">Hecho a mano<\/div>\n<\/p><\/div>\n<div class=\"global-icon-set__item\">\n<div class=\"global-icon-set__image\">\n                                    <img decoding=\"async\" src=\"https:\/\/homeofwool.com\/wp-content\/uploads\/2025\/09\/VOCs-min-300x300.png\" alt=\"vocs free\" \/>\n                                <\/div>\n<div class=\"global-icon-set__title\">Sin COV<\/div>\n<\/p><\/div>\n<div class=\"global-icon-set__item\">\n<div class=\"global-icon-set__image\">\n                                    <img decoding=\"async\" src=\"https:\/\/homeofwool.com\/wp-content\/uploads\/2025\/09\/Hypoallergenic-min-300x300.png\" alt=\"icono hipoalerg\u00e9nico\" \/>\n                                <\/div>\n<div class=\"global-icon-set__title\">Hipoalerg\u00e9nico<\/div>\n<\/p><\/div>\n<div class=\"global-icon-set__item\">\n<div class=\"global-icon-set__image\">\n                                    <img decoding=\"async\" src=\"https:\/\/homeofwool.com\/wp-content\/uploads\/2025\/09\/free-of-synthetics-icon-300x300.png\" alt=\"icono sin sint\u00e9ticos\" \/>\n                                <\/div>\n<div class=\"global-icon-set__title\">Sin sint\u00e9ticos<\/div>\n<\/p><\/div>\n<div class=\"global-icon-set__item\">\n<div class=\"global-icon-set__image\">\n                                    <img decoding=\"async\" src=\"https:\/\/homeofwool.com\/wp-content\/uploads\/2025\/09\/chemical-free-icon-300x300.png\" alt=\"icono sin productos qu\u00edmicos\" \/>\n                                <\/div>\n<div class=\"global-icon-set__title\">Sin productos qu\u00edmicos<\/div>\n<\/p><\/div>\n<div class=\"global-icon-set__item\">\n<div class=\"global-icon-set__image\">\n                                    <img decoding=\"async\" src=\"https:\/\/homeofwool.com\/wp-content\/uploads\/2025\/09\/certified-materials-icon-300x300.png\" alt=\"icono de materiales certificados\" \/>\n                                <\/div>\n<div class=\"global-icon-set__title\">100% Materiales puros certificados<\/div>\n<\/p><\/div>\n<\/p><\/div>\n<\/p><\/div>","protected":false},"featured_media":225363,"template":"","meta":{"_acf_changed":false},"product_brand":[],"product_cat":[265],"product_tag":[1370],"class_list":{"0":"post-217538","1":"product","2":"type-product","3":"status-publish","4":"has-post-thumbnail","6":"product_cat-playtime","7":"product_tag-nosteps","9":"first","10":"instock","11":"shipping-taxable","12":"purchasable","13":"product-type-simple"},"acf":[],"yoast_head":"<!-- This site is optimized with the Yoast SEO Premium plugin v27.4 (Yoast SEO v27.4) - https:\/\/yoast.com\/product\/yoast-seo-premium-wordpress\/ -->\n<title>Montessori Fabrics Box \u2013 Natural &amp; Educational for Kids | Home of Wool<\/title>\n<meta name=\"description\" content=\"Discover the Montessori Fabrics Box with authentic cotton, linen, wool, and silk. A natural sensory kit for tactile learning and mindful play.\" \/>\n<meta name=\"robots\" content=\"index, follow, max-snippet:-1, max-image-preview:large, max-video-preview:-1\" \/>\n<link rel=\"canonical\" href=\"https:\/\/homeofwool.com\/es\/tienda\/caja-de-telas-montessori\/\" \/>\n<meta property=\"og:locale\" content=\"es_ES\" \/>\n<meta property=\"og:type\" content=\"article\" \/>\n<meta property=\"og:title\" content=\"Montessori Fabrics Box\" \/>\n<meta property=\"og:description\" content=\"Discover the Montessori Fabrics Box with authentic cotton, linen, wool, and silk. A natural sensory kit for tactile learning and mindful play.\" \/>\n<meta property=\"og:url\" content=\"https:\/\/homeofwool.com\/es\/tienda\/caja-de-telas-montessori\/\" \/>\n<meta property=\"og:site_name\" content=\"Home of Wool\" \/>\n<meta property=\"article:publisher\" content=\"https:\/\/facebook.com\/HomeOfWoolOfficial\" \/>\n<meta property=\"article:modified_time\" content=\"2026-02-09T13:01:53+00:00\" \/>\n<meta property=\"og:image\" content=\"https:\/\/homeofwool.com\/wp-content\/uploads\/2025\/09\/home-of-wool-montessori-fabrics-box-1-main.jpg\" \/>\n\t<meta property=\"og:image:width\" content=\"1900\" \/>\n\t<meta property=\"og:image:height\" content=\"1520\" \/>\n\t<meta property=\"og:image:type\" content=\"image\/jpeg\" \/>\n<meta name=\"twitter:card\" content=\"summary_large_image\" \/>\n<meta name=\"twitter:label1\" content=\"Tiempo de lectura\" \/>\n\t<meta name=\"twitter:data1\" content=\"2 minutos\" \/>\n<script type=\"application\/ld+json\" class=\"yoast-schema-graph\">{\"@context\":\"https:\\\/\\\/schema.org\",\"@graph\":[{\"@type\":\"WebPage\",\"@id\":\"https:\\\/\\\/homeofwool.com\\\/shop\\\/montessori-fabrics-box\\\/\",\"url\":\"https:\\\/\\\/homeofwool.com\\\/shop\\\/montessori-fabrics-box\\\/\",\"name\":\"Montessori Fabrics Box \u2013 Natural & Educational for Kids | Home of Wool\",\"isPartOf\":{\"@id\":\"https:\\\/\\\/homeofwool.com\\\/#website\"},\"primaryImageOfPage\":{\"@id\":\"https:\\\/\\\/homeofwool.com\\\/shop\\\/montessori-fabrics-box\\\/#primaryimage\"},\"image\":{\"@id\":\"https:\\\/\\\/homeofwool.com\\\/shop\\\/montessori-fabrics-box\\\/#primaryimage\"},\"thumbnailUrl\":\"https:\\\/\\\/homeofwool.com\\\/wp-content\\\/uploads\\\/2025\\\/09\\\/home-of-wool-montessori-fabrics-box-1-main.jpg\",\"datePublished\":\"2025-09-02T12:00:56+00:00\",\"dateModified\":\"2026-02-09T13:01:53+00:00\",\"description\":\"Discover the Montessori Fabrics Box with authentic cotton, linen, wool, and silk. A natural sensory kit for tactile learning and mindful play.\",\"breadcrumb\":{\"@id\":\"https:\\\/\\\/homeofwool.com\\\/shop\\\/montessori-fabrics-box\\\/#breadcrumb\"},\"inLanguage\":\"es\",\"potentialAction\":[{\"@type\":\"ReadAction\",\"target\":[\"https:\\\/\\\/homeofwool.com\\\/shop\\\/montessori-fabrics-box\\\/\"]}]},{\"@type\":\"ImageObject\",\"inLanguage\":\"es\",\"@id\":\"https:\\\/\\\/homeofwool.com\\\/shop\\\/montessori-fabrics-box\\\/#primaryimage\",\"url\":\"https:\\\/\\\/homeofwool.com\\\/wp-content\\\/uploads\\\/2025\\\/09\\\/home-of-wool-montessori-fabrics-box-1-main.jpg\",\"contentUrl\":\"https:\\\/\\\/homeofwool.com\\\/wp-content\\\/uploads\\\/2025\\\/09\\\/home-of-wool-montessori-fabrics-box-1-main.jpg\",\"width\":1900,\"height\":1520,\"caption\":\"Montessori fabrics box with fabrics laid out\"},{\"@type\":\"BreadcrumbList\",\"@id\":\"https:\\\/\\\/homeofwool.com\\\/shop\\\/montessori-fabrics-box\\\/#breadcrumb\",\"itemListElement\":[{\"@type\":\"ListItem\",\"position\":1,\"name\":\"Home\",\"item\":\"https:\\\/\\\/homeofwool.com\\\/\"},{\"@type\":\"ListItem\",\"position\":2,\"name\":\"Products\",\"item\":\"https:\\\/\\\/homeofwool.com\\\/header-search-2\\\/\"},{\"@type\":\"ListItem\",\"position\":3,\"name\":\"Montessori Fabrics Box\"}]},{\"@type\":\"WebSite\",\"@id\":\"https:\\\/\\\/homeofwool.com\\\/#website\",\"url\":\"https:\\\/\\\/homeofwool.com\\\/\",\"name\":\"Home of Wool\",\"description\":\"\",\"publisher\":{\"@id\":\"https:\\\/\\\/homeofwool.com\\\/#organization\"},\"potentialAction\":[{\"@type\":\"SearchAction\",\"target\":{\"@type\":\"EntryPoint\",\"urlTemplate\":\"https:\\\/\\\/homeofwool.com\\\/?s={search_term_string}\"},\"query-input\":{\"@type\":\"PropertyValueSpecification\",\"valueRequired\":true,\"valueName\":\"search_term_string\"}}],\"inLanguage\":\"es\"},{\"@type\":\"Organization\",\"@id\":\"https:\\\/\\\/homeofwool.com\\\/#organization\",\"name\":\"Home of Wool\",\"url\":\"https:\\\/\\\/homeofwool.com\\\/\",\"logo\":{\"@type\":\"ImageObject\",\"inLanguage\":\"es\",\"@id\":\"https:\\\/\\\/homeofwool.com\\\/#\\\/schema\\\/logo\\\/image\\\/\",\"url\":\"https:\\\/\\\/homeofwool.com\\\/wp-content\\\/uploads\\\/2025\\\/09\\\/WhatsApp-Image-2025-12-02-at-16.23.20.jpeg\",\"contentUrl\":\"https:\\\/\\\/homeofwool.com\\\/wp-content\\\/uploads\\\/2025\\\/09\\\/WhatsApp-Image-2025-12-02-at-16.23.20.jpeg\",\"width\":700,\"height\":247,\"caption\":\"Home of Wool\"},\"image\":{\"@id\":\"https:\\\/\\\/homeofwool.com\\\/#\\\/schema\\\/logo\\\/image\\\/\"},\"sameAs\":[\"https:\\\/\\\/facebook.com\\\/HomeOfWoolOfficial\"]}]}<\/script>\n<!-- \/ Yoast SEO Premium plugin. -->","yoast_head_json":{"title":"Caja de telas Montessori: natural y educativa para ni\u00f1os | Home of Wool","description":"Descubre la caja de telas Montessori con algod\u00f3n, lino, lana y seda aut\u00e9nticos. Un kit sensorial natural para el aprendizaje t\u00e1ctil y el juego consciente.","robots":{"index":"index","follow":"follow","max-snippet":"max-snippet:-1","max-image-preview":"max-image-preview:large","max-video-preview":"max-video-preview:-1"},"canonical":"https:\/\/homeofwool.com\/es\/tienda\/caja-de-telas-montessori\/","og_locale":"es_ES","og_type":"article","og_title":"Montessori Fabrics Box","og_description":"Discover the Montessori Fabrics Box with authentic cotton, linen, wool, and silk. A natural sensory kit for tactile learning and mindful play.","og_url":"https:\/\/homeofwool.com\/es\/tienda\/caja-de-telas-montessori\/","og_site_name":"Home of Wool","article_publisher":"https:\/\/facebook.com\/HomeOfWoolOfficial","article_modified_time":"2026-02-09T13:01:53+00:00","og_image":[{"width":1900,"height":1520,"url":"https:\/\/homeofwool.com\/wp-content\/uploads\/2025\/09\/home-of-wool-montessori-fabrics-box-1-main.jpg","type":"image\/jpeg"}],"twitter_card":"summary_large_image","twitter_misc":{"Tiempo de lectura":"2 minutos"},"schema":{"@context":"https:\/\/schema.org","@graph":[{"@type":"WebPage","@id":"https:\/\/homeofwool.com\/shop\/montessori-fabrics-box\/","url":"https:\/\/homeofwool.com\/shop\/montessori-fabrics-box\/","name":"Caja de telas Montessori: natural y educativa para ni\u00f1os | Home of Wool","isPartOf":{"@id":"https:\/\/homeofwool.com\/#website"},"primaryImageOfPage":{"@id":"https:\/\/homeofwool.com\/shop\/montessori-fabrics-box\/#primaryimage"},"image":{"@id":"https:\/\/homeofwool.com\/shop\/montessori-fabrics-box\/#primaryimage"},"thumbnailUrl":"https:\/\/homeofwool.com\/wp-content\/uploads\/2025\/09\/home-of-wool-montessori-fabrics-box-1-main.jpg","datePublished":"2025-09-02T12:00:56+00:00","dateModified":"2026-02-09T13:01:53+00:00","description":"Descubre la caja de telas Montessori con algod\u00f3n, lino, lana y seda aut\u00e9nticos. Un kit sensorial natural para el aprendizaje t\u00e1ctil y el juego consciente.","breadcrumb":{"@id":"https:\/\/homeofwool.com\/shop\/montessori-fabrics-box\/#breadcrumb"},"inLanguage":"es","potentialAction":[{"@type":"ReadAction","target":["https:\/\/homeofwool.com\/shop\/montessori-fabrics-box\/"]}]},{"@type":"ImageObject","inLanguage":"es","@id":"https:\/\/homeofwool.com\/shop\/montessori-fabrics-box\/#primaryimage","url":"https:\/\/homeofwool.com\/wp-content\/uploads\/2025\/09\/home-of-wool-montessori-fabrics-box-1-main.jpg","contentUrl":"https:\/\/homeofwool.com\/wp-content\/uploads\/2025\/09\/home-of-wool-montessori-fabrics-box-1-main.jpg","width":1900,"height":1520,"caption":"Montessori fabrics box with fabrics laid out"},{"@type":"BreadcrumbList","@id":"https:\/\/homeofwool.com\/shop\/montessori-fabrics-box\/#breadcrumb","itemListElement":[{"@type":"ListItem","position":1,"name":"Home","item":"https:\/\/homeofwool.com\/"},{"@type":"ListItem","position":2,"name":"Products","item":"https:\/\/homeofwool.com\/header-search-2\/"},{"@type":"ListItem","position":3,"name":"Montessori Fabrics Box"}]},{"@type":"WebSite","@id":"https:\/\/homeofwool.com\/#website","url":"https:\/\/homeofwool.com\/","name":"Hogar de la lana","description":"","publisher":{"@id":"https:\/\/homeofwool.com\/#organization"},"potentialAction":[{"@type":"SearchAction","target":{"@type":"EntryPoint","urlTemplate":"https:\/\/homeofwool.com\/?s={search_term_string}"},"query-input":{"@type":"PropertyValueSpecification","valueRequired":true,"valueName":"search_term_string"}}],"inLanguage":"es"},{"@type":"Organization","@id":"https:\/\/homeofwool.com\/#organization","name":"Hogar de la lana","url":"https:\/\/homeofwool.com\/","logo":{"@type":"ImageObject","inLanguage":"es","@id":"https:\/\/homeofwool.com\/#\/schema\/logo\/image\/","url":"https:\/\/homeofwool.com\/wp-content\/uploads\/2025\/09\/WhatsApp-Image-2025-12-02-at-16.23.20.jpeg","contentUrl":"https:\/\/homeofwool.com\/wp-content\/uploads\/2025\/09\/WhatsApp-Image-2025-12-02-at-16.23.20.jpeg","width":700,"height":247,"caption":"Home of Wool"},"image":{"@id":"https:\/\/homeofwool.com\/#\/schema\/logo\/image\/"},"sameAs":["https:\/\/facebook.com\/HomeOfWoolOfficial"]}]}},"_links":{"self":[{"href":"https:\/\/homeofwool.com\/es\/wp-json\/wp\/v2\/product\/217538","targetHints":{"allow":["GET"]}}],"collection":[{"href":"https:\/\/homeofwool.com\/es\/wp-json\/wp\/v2\/product"}],"about":[{"href":"https:\/\/homeofwool.com\/es\/wp-json\/wp\/v2\/types\/product"}],"version-history":[{"count":1,"href":"https:\/\/homeofwool.com\/es\/wp-json\/wp\/v2\/product\/217538\/revisions"}],"predecessor-version":[{"id":227861,"href":"https:\/\/homeofwool.com\/es\/wp-json\/wp\/v2\/product\/217538\/revisions\/227861"}],"wp:featuredmedia":[{"embeddable":true,"href":"https:\/\/homeofwool.com\/es\/wp-json\/wp\/v2\/media\/225363"}],"wp:attachment":[{"href":"https:\/\/homeofwool.com\/es\/wp-json\/wp\/v2\/media?parent=217538"}],"wp:term":[{"taxonomy":"product_brand","embeddable":true,"href":"https:\/\/homeofwool.com\/es\/wp-json\/wp\/v2\/product_brand?post=217538"},{"taxonomy":"product_cat","embeddable":true,"href":"https:\/\/homeofwool.com\/es\/wp-json\/wp\/v2\/product_cat?post=217538"},{"taxonomy":"product_tag","embeddable":true,"href":"https:\/\/homeofwool.com\/es\/wp-json\/wp\/v2\/product_tag?post=217538"}],"curies":[{"name":"wp","href":"https:\/\/api.w.org\/{rel}","templated":true}]}}