{"id":217533,"date":"2025-09-02T12:00:56","date_gmt":"2025-09-02T12:00:56","guid":{"rendered":"https:\/\/homeofwool.com\/?post_type=product&#038;p=217533"},"modified":"2026-01-26T14:39:25","modified_gmt":"2026-01-26T14:39:25","slug":"muestra-de-colchon","status":"publish","type":"product","link":"https:\/\/homeofwool.com\/es\/shop\/mattress-sample\/","title":{"rendered":"Muestra de colch\u00f3n con protector"},"content":{"rendered":"<p>Elegir el colch\u00f3n adecuado es algo personal, y queremos que te sientas seguro con tu elecci\u00f3n. Con nuestra muestra de colch\u00f3n, podr\u00e1s experimentar el aspecto, el tacto y la artesan\u00eda de nuestros colchones rellenos de lana en tu propia casa antes de invertir en el tama\u00f1o completo.<\/p>\n<p>Cada muestra mide 40 x 40 cm e incluye los mismos materiales sostenibles y detalles artesanales que el producto acabado. Para completar su prueba, el paquete incluye una muestra protectora, lo que le garantiza tranquilidad en cuanto al cuidado y mantenimiento diarios. <span class=\"ql-badge ql-badge-green\">La muestra de colch\u00f3n incluye todos los acabados de bordes disponibles y est\u00e1 confeccionada con dos de las tres opciones de tejido, algod\u00f3n y lino, para que pueda verlas y sentirlas antes de tomar una decisi\u00f3n. La opci\u00f3n de lana se presenta a trav\u00e9s de la muestra de protector, lo que le permite experimentar su textura y calidad de primera mano.<\/span><\/p>\n<p>Muchos clientes tambi\u00e9n consideran que la muestra es pr\u00e1ctica m\u00e1s all\u00e1 de las pruebas. Funciona muy bien como un peque\u00f1o coj\u00edn para el suelo o incluso como una c\u00f3moda cama para una querida mascota.<\/p>\n<p>Cuando decidas comprar tu primer colch\u00f3n de lana, te reembolsaremos el coste \u00edntegro de una muestra, lo que te permitir\u00e1 decidir sin ning\u00fan riesgo. Ten en cuenta que el reembolso solo es v\u00e1lido para colchones normales y no se aplica a los productos de nuestra misi\u00f3n \u00abZero Waste\u00bb.<\/p>","protected":false},"excerpt":{"rendered":"<p>Prueba la comodidad de nuestros colchones de lana natural antes de decidirte. Esta muestra de colch\u00f3n viene con una muestra gratuita de protector, para que puedas probarlo antes de comprarlo con confianza.<\/p>\n<p>Elige la opci\u00f3n que m\u00e1s te guste y te reembolsaremos el precio de una muestra por cliente, siempre que compres tu primer colch\u00f3n con nosotros.*<br \/>\n<strong>Tama\u00f1o<\/strong>: 40 x 40 cm (15,7\u2033 x 15,7\u2033)<br \/>\n<strong>Hacer tiempo<\/strong>: 1 semana<br \/>\n<strong>Tiempo de env\u00edo<\/strong>: 1-4 semanas \/ 3 d\u00edas<\/p>\n<p>*V\u00e1lido solo para colchones est\u00e1ndar y de dos plazas, sin incluir la campa\u00f1a Zero Waste.<\/p>","protected":false},"featured_media":226221,"template":"","meta":{"_acf_changed":false},"product_brand":[],"product_cat":[253,252],"product_tag":[175,192,193,195,203],"class_list":{"0":"post-217533","1":"product","2":"type-product","3":"status-publish","4":"has-post-thumbnail","6":"product_cat-product-samples","7":"product_cat-mattresses","8":"product_tag-affordable-natural-mattress","9":"product_tag-mattress-without-flame-retardant","10":"product_tag-natural-mattress","11":"product_tag-organic-mattress","12":"product_tag-wool-mattress","14":"first","15":"instock","16":"shipping-taxable","17":"purchasable","18":"product-type-variable"},"acf":[],"yoast_head":"<!-- This site is optimized with the Yoast SEO Premium plugin v27.3 (Yoast SEO v27.3) - https:\/\/yoast.com\/product\/yoast-seo-premium-wordpress\/ -->\n<title>Wool Mattress Sample with Protector Sample \u2013 Try Before Buying | Home of Wool<\/title>\n<meta name=\"description\" content=\"The Wool Mattress Sample with Protector Sample lets you test breathable wool comfort. Hypoallergenic and toxin-free, it provides safe organic sleep before choosing the full mattress.\" \/>\n<meta name=\"robots\" content=\"index, follow, max-snippet:-1, max-image-preview:large, max-video-preview:-1\" \/>\n<link rel=\"canonical\" href=\"https:\/\/homeofwool.com\/es\/tienda\/muestra-de-colchon\/\" \/>\n<meta property=\"og:locale\" content=\"es_ES\" \/>\n<meta property=\"og:type\" content=\"article\" \/>\n<meta property=\"og:title\" content=\"Mattress Sample with Protector Sample\" \/>\n<meta property=\"og:description\" content=\"The Wool Mattress Sample with Protector Sample lets you test breathable wool comfort. Hypoallergenic and toxin-free, it provides safe organic sleep before choosing the full mattress.\" \/>\n<meta property=\"og:url\" content=\"https:\/\/homeofwool.com\/es\/tienda\/muestra-de-colchon\/\" \/>\n<meta property=\"og:site_name\" content=\"Home of Wool\" \/>\n<meta property=\"article:publisher\" content=\"https:\/\/facebook.com\/HomeOfWoolOfficial\" \/>\n<meta property=\"article:modified_time\" content=\"2026-01-26T14:39:25+00:00\" \/>\n<meta property=\"og:image\" content=\"https:\/\/homeofwool.com\/wp-content\/uploads\/2025\/09\/home-of-wool-mattress-sample-with-protector-sample-11.jpg\" \/>\n\t<meta property=\"og:image:width\" content=\"1920\" \/>\n\t<meta property=\"og:image:height\" content=\"1536\" \/>\n\t<meta property=\"og:image:type\" content=\"image\/jpeg\" \/>\n<meta name=\"twitter:card\" content=\"summary_large_image\" \/>\n<meta name=\"twitter:label1\" content=\"Tiempo de lectura\" \/>\n\t<meta name=\"twitter:data1\" content=\"1 minuto\" \/>\n<script type=\"application\/ld+json\" class=\"yoast-schema-graph\">{\"@context\":\"https:\\\/\\\/schema.org\",\"@graph\":[{\"@type\":\"WebPage\",\"@id\":\"https:\\\/\\\/homeofwool.com\\\/shop\\\/mattress-sample\\\/\",\"url\":\"https:\\\/\\\/homeofwool.com\\\/shop\\\/mattress-sample\\\/\",\"name\":\"Wool Mattress Sample with Protector Sample \u2013 Try Before Buying | Home of Wool\",\"isPartOf\":{\"@id\":\"https:\\\/\\\/homeofwool.com\\\/#website\"},\"primaryImageOfPage\":{\"@id\":\"https:\\\/\\\/homeofwool.com\\\/shop\\\/mattress-sample\\\/#primaryimage\"},\"image\":{\"@id\":\"https:\\\/\\\/homeofwool.com\\\/shop\\\/mattress-sample\\\/#primaryimage\"},\"thumbnailUrl\":\"https:\\\/\\\/homeofwool.com\\\/wp-content\\\/uploads\\\/2025\\\/09\\\/home-of-wool-mattress-sample-with-protector-sample-11.jpg\",\"datePublished\":\"2025-09-02T12:00:56+00:00\",\"dateModified\":\"2026-01-26T14:39:25+00:00\",\"description\":\"The Wool Mattress Sample with Protector Sample lets you test breathable wool comfort. Hypoallergenic and toxin-free, it provides safe organic sleep before choosing the full mattress.\",\"breadcrumb\":{\"@id\":\"https:\\\/\\\/homeofwool.com\\\/shop\\\/mattress-sample\\\/#breadcrumb\"},\"inLanguage\":\"es\",\"potentialAction\":[{\"@type\":\"ReadAction\",\"target\":[\"https:\\\/\\\/homeofwool.com\\\/shop\\\/mattress-sample\\\/\"]}]},{\"@type\":\"ImageObject\",\"inLanguage\":\"es\",\"@id\":\"https:\\\/\\\/homeofwool.com\\\/shop\\\/mattress-sample\\\/#primaryimage\",\"url\":\"https:\\\/\\\/homeofwool.com\\\/wp-content\\\/uploads\\\/2025\\\/09\\\/home-of-wool-mattress-sample-with-protector-sample-11.jpg\",\"contentUrl\":\"https:\\\/\\\/homeofwool.com\\\/wp-content\\\/uploads\\\/2025\\\/09\\\/home-of-wool-mattress-sample-with-protector-sample-11.jpg\",\"width\":1920,\"height\":1536,\"caption\":\"wool mattress sample full view\"},{\"@type\":\"BreadcrumbList\",\"@id\":\"https:\\\/\\\/homeofwool.com\\\/shop\\\/mattress-sample\\\/#breadcrumb\",\"itemListElement\":[{\"@type\":\"ListItem\",\"position\":1,\"name\":\"Home\",\"item\":\"https:\\\/\\\/homeofwool.com\\\/\"},{\"@type\":\"ListItem\",\"position\":2,\"name\":\"Products\",\"item\":\"https:\\\/\\\/homeofwool.com\\\/header-search-2\\\/\"},{\"@type\":\"ListItem\",\"position\":3,\"name\":\"Mattress Sample with Protector Sample\"}]},{\"@type\":\"WebSite\",\"@id\":\"https:\\\/\\\/homeofwool.com\\\/#website\",\"url\":\"https:\\\/\\\/homeofwool.com\\\/\",\"name\":\"Home of Wool\",\"description\":\"\",\"publisher\":{\"@id\":\"https:\\\/\\\/homeofwool.com\\\/#organization\"},\"potentialAction\":[{\"@type\":\"SearchAction\",\"target\":{\"@type\":\"EntryPoint\",\"urlTemplate\":\"https:\\\/\\\/homeofwool.com\\\/?s={search_term_string}\"},\"query-input\":{\"@type\":\"PropertyValueSpecification\",\"valueRequired\":true,\"valueName\":\"search_term_string\"}}],\"inLanguage\":\"es\"},{\"@type\":\"Organization\",\"@id\":\"https:\\\/\\\/homeofwool.com\\\/#organization\",\"name\":\"Home of Wool\",\"url\":\"https:\\\/\\\/homeofwool.com\\\/\",\"logo\":{\"@type\":\"ImageObject\",\"inLanguage\":\"es\",\"@id\":\"https:\\\/\\\/homeofwool.com\\\/#\\\/schema\\\/logo\\\/image\\\/\",\"url\":\"https:\\\/\\\/homeofwool.com\\\/wp-content\\\/uploads\\\/2025\\\/09\\\/WhatsApp-Image-2025-12-02-at-16.23.20.jpeg\",\"contentUrl\":\"https:\\\/\\\/homeofwool.com\\\/wp-content\\\/uploads\\\/2025\\\/09\\\/WhatsApp-Image-2025-12-02-at-16.23.20.jpeg\",\"width\":700,\"height\":247,\"caption\":\"Home of Wool\"},\"image\":{\"@id\":\"https:\\\/\\\/homeofwool.com\\\/#\\\/schema\\\/logo\\\/image\\\/\"},\"sameAs\":[\"https:\\\/\\\/facebook.com\\\/HomeOfWoolOfficial\"]}]}<\/script>\n<!-- \/ Yoast SEO Premium plugin. -->","yoast_head_json":{"title":"Muestra de colch\u00f3n de lana con protector: pru\u00e9belo antes de comprarlo | Home of Wool","description":"La muestra de colch\u00f3n de lana con protector le permite probar la comodidad transpirable de la lana. Hipoalerg\u00e9nico y libre de toxinas, proporciona un sue\u00f1o org\u00e1nico y seguro antes de elegir el colch\u00f3n completo.","robots":{"index":"index","follow":"follow","max-snippet":"max-snippet:-1","max-image-preview":"max-image-preview:large","max-video-preview":"max-video-preview:-1"},"canonical":"https:\/\/homeofwool.com\/es\/tienda\/muestra-de-colchon\/","og_locale":"es_ES","og_type":"article","og_title":"Mattress Sample with Protector Sample","og_description":"The Wool Mattress Sample with Protector Sample lets you test breathable wool comfort. Hypoallergenic and toxin-free, it provides safe organic sleep before choosing the full mattress.","og_url":"https:\/\/homeofwool.com\/es\/tienda\/muestra-de-colchon\/","og_site_name":"Home of Wool","article_publisher":"https:\/\/facebook.com\/HomeOfWoolOfficial","article_modified_time":"2026-01-26T14:39:25+00:00","og_image":[{"width":1920,"height":1536,"url":"https:\/\/homeofwool.com\/wp-content\/uploads\/2025\/09\/home-of-wool-mattress-sample-with-protector-sample-11.jpg","type":"image\/jpeg"}],"twitter_card":"summary_large_image","twitter_misc":{"Tiempo de lectura":"1 minuto"},"schema":{"@context":"https:\/\/schema.org","@graph":[{"@type":"WebPage","@id":"https:\/\/homeofwool.com\/shop\/mattress-sample\/","url":"https:\/\/homeofwool.com\/shop\/mattress-sample\/","name":"Muestra de colch\u00f3n de lana con protector: pru\u00e9belo antes de comprarlo | Home of Wool","isPartOf":{"@id":"https:\/\/homeofwool.com\/#website"},"primaryImageOfPage":{"@id":"https:\/\/homeofwool.com\/shop\/mattress-sample\/#primaryimage"},"image":{"@id":"https:\/\/homeofwool.com\/shop\/mattress-sample\/#primaryimage"},"thumbnailUrl":"https:\/\/homeofwool.com\/wp-content\/uploads\/2025\/09\/home-of-wool-mattress-sample-with-protector-sample-11.jpg","datePublished":"2025-09-02T12:00:56+00:00","dateModified":"2026-01-26T14:39:25+00:00","description":"La muestra de colch\u00f3n de lana con protector le permite probar la comodidad transpirable de la lana. Hipoalerg\u00e9nico y libre de toxinas, proporciona un sue\u00f1o org\u00e1nico y seguro antes de elegir el colch\u00f3n completo.","breadcrumb":{"@id":"https:\/\/homeofwool.com\/shop\/mattress-sample\/#breadcrumb"},"inLanguage":"es","potentialAction":[{"@type":"ReadAction","target":["https:\/\/homeofwool.com\/shop\/mattress-sample\/"]}]},{"@type":"ImageObject","inLanguage":"es","@id":"https:\/\/homeofwool.com\/shop\/mattress-sample\/#primaryimage","url":"https:\/\/homeofwool.com\/wp-content\/uploads\/2025\/09\/home-of-wool-mattress-sample-with-protector-sample-11.jpg","contentUrl":"https:\/\/homeofwool.com\/wp-content\/uploads\/2025\/09\/home-of-wool-mattress-sample-with-protector-sample-11.jpg","width":1920,"height":1536,"caption":"wool mattress sample full view"},{"@type":"BreadcrumbList","@id":"https:\/\/homeofwool.com\/shop\/mattress-sample\/#breadcrumb","itemListElement":[{"@type":"ListItem","position":1,"name":"Home","item":"https:\/\/homeofwool.com\/"},{"@type":"ListItem","position":2,"name":"Products","item":"https:\/\/homeofwool.com\/header-search-2\/"},{"@type":"ListItem","position":3,"name":"Mattress Sample with Protector Sample"}]},{"@type":"WebSite","@id":"https:\/\/homeofwool.com\/#website","url":"https:\/\/homeofwool.com\/","name":"Hogar de la lana","description":"","publisher":{"@id":"https:\/\/homeofwool.com\/#organization"},"potentialAction":[{"@type":"SearchAction","target":{"@type":"EntryPoint","urlTemplate":"https:\/\/homeofwool.com\/?s={search_term_string}"},"query-input":{"@type":"PropertyValueSpecification","valueRequired":true,"valueName":"search_term_string"}}],"inLanguage":"es"},{"@type":"Organization","@id":"https:\/\/homeofwool.com\/#organization","name":"Hogar de la lana","url":"https:\/\/homeofwool.com\/","logo":{"@type":"ImageObject","inLanguage":"es","@id":"https:\/\/homeofwool.com\/#\/schema\/logo\/image\/","url":"https:\/\/homeofwool.com\/wp-content\/uploads\/2025\/09\/WhatsApp-Image-2025-12-02-at-16.23.20.jpeg","contentUrl":"https:\/\/homeofwool.com\/wp-content\/uploads\/2025\/09\/WhatsApp-Image-2025-12-02-at-16.23.20.jpeg","width":700,"height":247,"caption":"Home of Wool"},"image":{"@id":"https:\/\/homeofwool.com\/#\/schema\/logo\/image\/"},"sameAs":["https:\/\/facebook.com\/HomeOfWoolOfficial"]}]}},"_links":{"self":[{"href":"https:\/\/homeofwool.com\/es\/wp-json\/wp\/v2\/product\/217533","targetHints":{"allow":["GET"]}}],"collection":[{"href":"https:\/\/homeofwool.com\/es\/wp-json\/wp\/v2\/product"}],"about":[{"href":"https:\/\/homeofwool.com\/es\/wp-json\/wp\/v2\/types\/product"}],"version-history":[{"count":3,"href":"https:\/\/homeofwool.com\/es\/wp-json\/wp\/v2\/product\/217533\/revisions"}],"predecessor-version":[{"id":227647,"href":"https:\/\/homeofwool.com\/es\/wp-json\/wp\/v2\/product\/217533\/revisions\/227647"}],"wp:featuredmedia":[{"embeddable":true,"href":"https:\/\/homeofwool.com\/es\/wp-json\/wp\/v2\/media\/226221"}],"wp:attachment":[{"href":"https:\/\/homeofwool.com\/es\/wp-json\/wp\/v2\/media?parent=217533"}],"wp:term":[{"taxonomy":"product_brand","embeddable":true,"href":"https:\/\/homeofwool.com\/es\/wp-json\/wp\/v2\/product_brand?post=217533"},{"taxonomy":"product_cat","embeddable":true,"href":"https:\/\/homeofwool.com\/es\/wp-json\/wp\/v2\/product_cat?post=217533"},{"taxonomy":"product_tag","embeddable":true,"href":"https:\/\/homeofwool.com\/es\/wp-json\/wp\/v2\/product_tag?post=217533"}],"curies":[{"name":"wp","href":"https:\/\/api.w.org\/{rel}","templated":true}]}}