{"id":217531,"date":"2025-09-02T12:00:56","date_gmt":"2025-09-02T12:00:56","guid":{"rendered":"https:\/\/homeofwool.com\/?post_type=product&#038;p=217531"},"modified":"2026-02-11T10:35:39","modified_gmt":"2026-02-11T10:35:39","slug":"sabana-bajera-natural","status":"publish","type":"product","link":"https:\/\/homeofwool.com\/es\/shop\/natural-fitted-sheet\/","title":{"rendered":"S\u00e1bana bajera"},"content":{"rendered":"<p>Disfruta del sue\u00f1o en su forma m\u00e1s pura con nuestra s\u00e1bana ajustable, fabricada \u00fanicamente con fibras naturales y sostenibles. Sin recubrimientos qu\u00edmicos ni tintes. El resultado es una s\u00e1bana suave y segura. Y eso es as\u00ed incluso para las personas sensibles que padecen alergias o asma. Al ser una s\u00e1bana org\u00e1nica, es totalmente biodegradable y contribuye a crear un ambiente libre de toxinas en el dormitorio.<\/p>\n<p>Cada tejido tiene su propia forma de hacer que el sue\u00f1o sea m\u00e1s c\u00f3modo. La lana te mantiene c\u00f3modo y equilibrado a lo largo de todas las estaciones. El lino y la seda son ligeros y transpirables. Aportan un toque de frescura y suavidad que se nota al instante. La seda tambi\u00e9n es muy apreciada por lo suave y nutritiva que es para la piel y el cabello.<\/p>\n<p>Naturalmente resistente a los \u00e1caros del polvo y al moho, esta s\u00e1bana ajustable favorece un descanso profundo al tiempo que cuida de su salud. Si desea ver nuestras opciones de tejidos, tenemos muestras disponibles.<\/p>","protected":false},"excerpt":{"rendered":"<p>Esta s\u00e1bana ajustable hecha a mano est\u00e1 fabricada con los mejores tejidos naturales, combinando sostenibilidad y comodidad. Es una aut\u00e9ntica s\u00e1bana org\u00e1nica que favorece un sue\u00f1o m\u00e1s saludable al mantener tu cama libre de sint\u00e9ticos y productos qu\u00edmicos. Tambi\u00e9n te ayuda a dormir mejor al mantenerte fresco y sin sudor. Tanto si necesitas un tama\u00f1o est\u00e1ndar como uno a medida, se considera la mejor s\u00e1bana ajustable para personas concienciadas con el medio ambiente que valoran la comodidad y la sostenibilidad.<\/p>\n<div class=\"global-icon-set\">\n<div class=\"global-icon-set__items\">\n<div class=\"global-icon-set__item\">\n<div class=\"global-icon-set__image\">\n                                    <img decoding=\"async\" src=\"https:\/\/homeofwool.com\/wp-content\/uploads\/2025\/09\/handmade-icon-300x300.png\" alt=\"icono hecho a mano\" \/>\n                                <\/div>\n<div class=\"global-icon-set__title\">Hecho a mano<\/div>\n<\/p><\/div>\n<div class=\"global-icon-set__item\">\n<div class=\"global-icon-set__image\">\n                                    <img decoding=\"async\" src=\"https:\/\/homeofwool.com\/wp-content\/uploads\/2025\/09\/wicks-moisture-away-300x300.png\" alt=\"evacua la humedad\" \/>\n                                <\/div>\n<div class=\"global-icon-set__title\">Evacua la humedad<\/div>\n<\/p><\/div>\n<div class=\"global-icon-set__item\">\n<div class=\"global-icon-set__image\">\n                                    <img decoding=\"async\" src=\"https:\/\/homeofwool.com\/wp-content\/uploads\/2025\/09\/VOCs-min-300x300.png\" alt=\"vocs free\" \/>\n                                <\/div>\n<div class=\"global-icon-set__title\">Sin COV<\/div>\n<\/p><\/div>\n<div class=\"global-icon-set__item\">\n<div class=\"global-icon-set__image\">\n                                    <img decoding=\"async\" src=\"https:\/\/homeofwool.com\/wp-content\/uploads\/2025\/09\/FR-min-300x300.png\" alt=\"icono de resistencia al fuego\" \/>\n                                <\/div>\n<div class=\"global-icon-set__title\">Resistente al fuego<\/div>\n<\/p><\/div>\n<div class=\"global-icon-set__item\">\n<div class=\"global-icon-set__image\">\n                                    <img decoding=\"async\" src=\"https:\/\/homeofwool.com\/wp-content\/uploads\/2025\/09\/Hypoallergenic-min-300x300.png\" alt=\"icono hipoalerg\u00e9nico\" \/>\n                                <\/div>\n<div class=\"global-icon-set__title\">Hipoalerg\u00e9nico<\/div>\n<\/p><\/div>\n<div class=\"global-icon-set__item\">\n<div class=\"global-icon-set__image\">\n                                    <img decoding=\"async\" src=\"https:\/\/homeofwool.com\/wp-content\/uploads\/2025\/09\/free-of-synthetics-icon-300x300.png\" alt=\"icono sin sint\u00e9ticos\" \/>\n                                <\/div>\n<div class=\"global-icon-set__title\">Sin sint\u00e9ticos<\/div>\n<\/p><\/div>\n<div class=\"global-icon-set__item\">\n<div class=\"global-icon-set__image\">\n                                    <img decoding=\"async\" src=\"https:\/\/homeofwool.com\/wp-content\/uploads\/2025\/09\/chemical-free-icon-300x300.png\" alt=\"icono sin productos qu\u00edmicos\" \/>\n                                <\/div>\n<div class=\"global-icon-set__title\">Sin productos qu\u00edmicos<\/div>\n<\/p><\/div>\n<div class=\"global-icon-set__item\">\n<div class=\"global-icon-set__image\">\n                                    <img decoding=\"async\" src=\"https:\/\/homeofwool.com\/wp-content\/uploads\/2025\/09\/anti-bacterial-icon-300x300.png\" alt=\"icono antibacteriano\" \/>\n                                <\/div>\n<div class=\"global-icon-set__title\">Antimicrobiano y antibacteriano<\/div>\n<\/p><\/div>\n<div class=\"global-icon-set__item\">\n<div class=\"global-icon-set__image\">\n                                    <img decoding=\"async\" src=\"https:\/\/homeofwool.com\/wp-content\/uploads\/2025\/09\/certified-materials-icon-300x300.png\" alt=\"icono de materiales certificados\" \/>\n                                <\/div>\n<div class=\"global-icon-set__title\">100% Materiales puros certificados<\/div>\n<\/p><\/div>\n<\/p><\/div>\n<\/p><\/div>","protected":false},"featured_media":221099,"template":"","meta":{"_acf_changed":false},"product_brand":[],"product_cat":[406],"product_tag":[412,413,414,415,416,417,418,419,420,149,421],"class_list":{"0":"post-217531","1":"product","2":"type-product","3":"status-publish","4":"has-post-thumbnail","6":"product_cat-protectors-covers-sheets","7":"product_tag-crib-sheets","8":"product_tag-custom-sheets","9":"product_tag-deep-pocket-sheets","10":"product_tag-extra-deep-sheet","11":"product_tag-fitted-bed-sheets","12":"product_tag-flat-sheet","13":"product_tag-linen-sheets","14":"product_tag-queen-sheets","15":"product_tag-sheets-pillowcases","16":"product_tag-steps","17":"product_tag-stokke-sheets","19":"first","20":"instock","21":"shipping-taxable","22":"purchasable","23":"product-type-simple"},"acf":[],"yoast_head":"<!-- This site is optimized with the Yoast SEO Premium plugin v27.3 (Yoast SEO v27.3) - https:\/\/yoast.com\/product\/yoast-seo-premium-wordpress\/ -->\n<title>Fitted Sheet \u2013 Organic, Hypoallergenic &amp; Handmade | Home of Wool<\/title>\n<meta name=\"description\" content=\"Handcrafted organic fitted sheet is soft, breathable, and chemical-free. It keeps beds cool, sweat-free, and safe for sensitive sleepers while being eco-friendly.\" \/>\n<meta name=\"robots\" content=\"index, follow, max-snippet:-1, max-image-preview:large, max-video-preview:-1\" \/>\n<link rel=\"canonical\" href=\"https:\/\/homeofwool.com\/es\/tienda\/sabana-bajera-natural\/\" \/>\n<meta property=\"og:locale\" content=\"es_ES\" \/>\n<meta property=\"og:type\" content=\"article\" \/>\n<meta property=\"og:title\" content=\"Fitted Sheet\" \/>\n<meta property=\"og:description\" content=\"Handcrafted organic fitted sheet is soft, breathable, and chemical-free. It keeps beds cool, sweat-free, and safe for sensitive sleepers while being eco-friendly.\" \/>\n<meta property=\"og:url\" content=\"https:\/\/homeofwool.com\/es\/tienda\/sabana-bajera-natural\/\" \/>\n<meta property=\"og:site_name\" content=\"Home of Wool\" \/>\n<meta property=\"article:publisher\" content=\"https:\/\/facebook.com\/HomeOfWoolOfficial\" \/>\n<meta property=\"article:modified_time\" content=\"2026-02-11T10:35:39+00:00\" \/>\n<meta property=\"og:image\" content=\"https:\/\/homeofwool.com\/wp-content\/uploads\/2025\/09\/home-of-wool-fitted-sheet-5.jpg\" \/>\n\t<meta property=\"og:image:width\" content=\"1900\" \/>\n\t<meta property=\"og:image:height\" content=\"1520\" \/>\n\t<meta property=\"og:image:type\" content=\"image\/jpeg\" \/>\n<meta name=\"twitter:card\" content=\"summary_large_image\" \/>\n<meta name=\"twitter:label1\" content=\"Tiempo de lectura\" \/>\n\t<meta name=\"twitter:data1\" content=\"1 minuto\" \/>\n<script type=\"application\/ld+json\" class=\"yoast-schema-graph\">{\"@context\":\"https:\\\/\\\/schema.org\",\"@graph\":[{\"@type\":\"WebPage\",\"@id\":\"https:\\\/\\\/homeofwool.com\\\/sv\\\/butik\\\/naturligt-lakan\\\/\",\"url\":\"https:\\\/\\\/homeofwool.com\\\/sv\\\/butik\\\/naturligt-lakan\\\/\",\"name\":\"Fitted Sheet \u2013 Organic, Hypoallergenic & Handmade | Home of Wool\",\"isPartOf\":{\"@id\":\"https:\\\/\\\/homeofwool.com\\\/#website\"},\"primaryImageOfPage\":{\"@id\":\"https:\\\/\\\/homeofwool.com\\\/sv\\\/butik\\\/naturligt-lakan\\\/#primaryimage\"},\"image\":{\"@id\":\"https:\\\/\\\/homeofwool.com\\\/sv\\\/butik\\\/naturligt-lakan\\\/#primaryimage\"},\"thumbnailUrl\":\"https:\\\/\\\/homeofwool.com\\\/wp-content\\\/uploads\\\/2025\\\/09\\\/home-of-wool-fitted-sheet-5.jpg\",\"datePublished\":\"2025-09-02T12:00:56+00:00\",\"dateModified\":\"2026-02-11T10:35:39+00:00\",\"description\":\"Handcrafted organic fitted sheet is soft, breathable, and chemical-free. It keeps beds cool, sweat-free, and safe for sensitive sleepers while being eco-friendly.\",\"breadcrumb\":{\"@id\":\"https:\\\/\\\/homeofwool.com\\\/sv\\\/butik\\\/naturligt-lakan\\\/#breadcrumb\"},\"inLanguage\":\"es\",\"potentialAction\":[{\"@type\":\"ReadAction\",\"target\":[\"https:\\\/\\\/homeofwool.com\\\/sv\\\/butik\\\/naturligt-lakan\\\/\"]}]},{\"@type\":\"ImageObject\",\"inLanguage\":\"es\",\"@id\":\"https:\\\/\\\/homeofwool.com\\\/sv\\\/butik\\\/naturligt-lakan\\\/#primaryimage\",\"url\":\"https:\\\/\\\/homeofwool.com\\\/wp-content\\\/uploads\\\/2025\\\/09\\\/home-of-wool-fitted-sheet-5.jpg\",\"contentUrl\":\"https:\\\/\\\/homeofwool.com\\\/wp-content\\\/uploads\\\/2025\\\/09\\\/home-of-wool-fitted-sheet-5.jpg\",\"width\":1900,\"height\":1520,\"caption\":\"fitted sheet from 100% virgin wool around a mattress view from bottom\"},{\"@type\":\"BreadcrumbList\",\"@id\":\"https:\\\/\\\/homeofwool.com\\\/sv\\\/butik\\\/naturligt-lakan\\\/#breadcrumb\",\"itemListElement\":[{\"@type\":\"ListItem\",\"position\":1,\"name\":\"Home\",\"item\":\"https:\\\/\\\/homeofwool.com\\\/\"},{\"@type\":\"ListItem\",\"position\":2,\"name\":\"Products\",\"item\":\"https:\\\/\\\/homeofwool.com\\\/header-search-2\\\/\"},{\"@type\":\"ListItem\",\"position\":3,\"name\":\"Fitted Sheet\"}]},{\"@type\":\"WebSite\",\"@id\":\"https:\\\/\\\/homeofwool.com\\\/#website\",\"url\":\"https:\\\/\\\/homeofwool.com\\\/\",\"name\":\"Home of Wool\",\"description\":\"\",\"publisher\":{\"@id\":\"https:\\\/\\\/homeofwool.com\\\/#organization\"},\"potentialAction\":[{\"@type\":\"SearchAction\",\"target\":{\"@type\":\"EntryPoint\",\"urlTemplate\":\"https:\\\/\\\/homeofwool.com\\\/?s={search_term_string}\"},\"query-input\":{\"@type\":\"PropertyValueSpecification\",\"valueRequired\":true,\"valueName\":\"search_term_string\"}}],\"inLanguage\":\"es\"},{\"@type\":\"Organization\",\"@id\":\"https:\\\/\\\/homeofwool.com\\\/#organization\",\"name\":\"Home of Wool\",\"url\":\"https:\\\/\\\/homeofwool.com\\\/\",\"logo\":{\"@type\":\"ImageObject\",\"inLanguage\":\"es\",\"@id\":\"https:\\\/\\\/homeofwool.com\\\/#\\\/schema\\\/logo\\\/image\\\/\",\"url\":\"https:\\\/\\\/homeofwool.com\\\/wp-content\\\/uploads\\\/2025\\\/09\\\/WhatsApp-Image-2025-12-02-at-16.23.20.jpeg\",\"contentUrl\":\"https:\\\/\\\/homeofwool.com\\\/wp-content\\\/uploads\\\/2025\\\/09\\\/WhatsApp-Image-2025-12-02-at-16.23.20.jpeg\",\"width\":700,\"height\":247,\"caption\":\"Home of Wool\"},\"image\":{\"@id\":\"https:\\\/\\\/homeofwool.com\\\/#\\\/schema\\\/logo\\\/image\\\/\"},\"sameAs\":[\"https:\\\/\\\/facebook.com\\\/HomeOfWoolOfficial\"]}]}<\/script>\n<!-- \/ Yoast SEO Premium plugin. -->","yoast_head_json":{"title":"S\u00e1bana ajustable: org\u00e1nica, hipoalerg\u00e9nica y hecha a mano | Home of Wool","description":"La s\u00e1bana bajera org\u00e1nica hecha a mano es suave, transpirable y libre de productos qu\u00edmicos. Mantiene las camas frescas, sin sudor y seguras para las personas con sue\u00f1o sensible, a la vez que es respetuosa con el medio ambiente.","robots":{"index":"index","follow":"follow","max-snippet":"max-snippet:-1","max-image-preview":"max-image-preview:large","max-video-preview":"max-video-preview:-1"},"canonical":"https:\/\/homeofwool.com\/es\/tienda\/sabana-bajera-natural\/","og_locale":"es_ES","og_type":"article","og_title":"Fitted Sheet","og_description":"Handcrafted organic fitted sheet is soft, breathable, and chemical-free. It keeps beds cool, sweat-free, and safe for sensitive sleepers while being eco-friendly.","og_url":"https:\/\/homeofwool.com\/es\/tienda\/sabana-bajera-natural\/","og_site_name":"Home of Wool","article_publisher":"https:\/\/facebook.com\/HomeOfWoolOfficial","article_modified_time":"2026-02-11T10:35:39+00:00","og_image":[{"width":1900,"height":1520,"url":"https:\/\/homeofwool.com\/wp-content\/uploads\/2025\/09\/home-of-wool-fitted-sheet-5.jpg","type":"image\/jpeg"}],"twitter_card":"summary_large_image","twitter_misc":{"Tiempo de lectura":"1 minuto"},"schema":{"@context":"https:\/\/schema.org","@graph":[{"@type":"WebPage","@id":"https:\/\/homeofwool.com\/sv\/butik\/naturligt-lakan\/","url":"https:\/\/homeofwool.com\/sv\/butik\/naturligt-lakan\/","name":"S\u00e1bana ajustable: org\u00e1nica, hipoalerg\u00e9nica y hecha a mano | Home of Wool","isPartOf":{"@id":"https:\/\/homeofwool.com\/#website"},"primaryImageOfPage":{"@id":"https:\/\/homeofwool.com\/sv\/butik\/naturligt-lakan\/#primaryimage"},"image":{"@id":"https:\/\/homeofwool.com\/sv\/butik\/naturligt-lakan\/#primaryimage"},"thumbnailUrl":"https:\/\/homeofwool.com\/wp-content\/uploads\/2025\/09\/home-of-wool-fitted-sheet-5.jpg","datePublished":"2025-09-02T12:00:56+00:00","dateModified":"2026-02-11T10:35:39+00:00","description":"La s\u00e1bana bajera org\u00e1nica hecha a mano es suave, transpirable y libre de productos qu\u00edmicos. Mantiene las camas frescas, sin sudor y seguras para las personas con sue\u00f1o sensible, a la vez que es respetuosa con el medio ambiente.","breadcrumb":{"@id":"https:\/\/homeofwool.com\/sv\/butik\/naturligt-lakan\/#breadcrumb"},"inLanguage":"es","potentialAction":[{"@type":"ReadAction","target":["https:\/\/homeofwool.com\/sv\/butik\/naturligt-lakan\/"]}]},{"@type":"ImageObject","inLanguage":"es","@id":"https:\/\/homeofwool.com\/sv\/butik\/naturligt-lakan\/#primaryimage","url":"https:\/\/homeofwool.com\/wp-content\/uploads\/2025\/09\/home-of-wool-fitted-sheet-5.jpg","contentUrl":"https:\/\/homeofwool.com\/wp-content\/uploads\/2025\/09\/home-of-wool-fitted-sheet-5.jpg","width":1900,"height":1520,"caption":"fitted sheet from 100% virgin wool around a mattress view from bottom"},{"@type":"BreadcrumbList","@id":"https:\/\/homeofwool.com\/sv\/butik\/naturligt-lakan\/#breadcrumb","itemListElement":[{"@type":"ListItem","position":1,"name":"Home","item":"https:\/\/homeofwool.com\/"},{"@type":"ListItem","position":2,"name":"Products","item":"https:\/\/homeofwool.com\/header-search-2\/"},{"@type":"ListItem","position":3,"name":"Fitted Sheet"}]},{"@type":"WebSite","@id":"https:\/\/homeofwool.com\/#website","url":"https:\/\/homeofwool.com\/","name":"Hogar de la lana","description":"","publisher":{"@id":"https:\/\/homeofwool.com\/#organization"},"potentialAction":[{"@type":"SearchAction","target":{"@type":"EntryPoint","urlTemplate":"https:\/\/homeofwool.com\/?s={search_term_string}"},"query-input":{"@type":"PropertyValueSpecification","valueRequired":true,"valueName":"search_term_string"}}],"inLanguage":"es"},{"@type":"Organization","@id":"https:\/\/homeofwool.com\/#organization","name":"Hogar de la lana","url":"https:\/\/homeofwool.com\/","logo":{"@type":"ImageObject","inLanguage":"es","@id":"https:\/\/homeofwool.com\/#\/schema\/logo\/image\/","url":"https:\/\/homeofwool.com\/wp-content\/uploads\/2025\/09\/WhatsApp-Image-2025-12-02-at-16.23.20.jpeg","contentUrl":"https:\/\/homeofwool.com\/wp-content\/uploads\/2025\/09\/WhatsApp-Image-2025-12-02-at-16.23.20.jpeg","width":700,"height":247,"caption":"Home of Wool"},"image":{"@id":"https:\/\/homeofwool.com\/#\/schema\/logo\/image\/"},"sameAs":["https:\/\/facebook.com\/HomeOfWoolOfficial"]}]}},"_links":{"self":[{"href":"https:\/\/homeofwool.com\/es\/wp-json\/wp\/v2\/product\/217531","targetHints":{"allow":["GET"]}}],"collection":[{"href":"https:\/\/homeofwool.com\/es\/wp-json\/wp\/v2\/product"}],"about":[{"href":"https:\/\/homeofwool.com\/es\/wp-json\/wp\/v2\/types\/product"}],"version-history":[{"count":2,"href":"https:\/\/homeofwool.com\/es\/wp-json\/wp\/v2\/product\/217531\/revisions"}],"predecessor-version":[{"id":227670,"href":"https:\/\/homeofwool.com\/es\/wp-json\/wp\/v2\/product\/217531\/revisions\/227670"}],"wp:featuredmedia":[{"embeddable":true,"href":"https:\/\/homeofwool.com\/es\/wp-json\/wp\/v2\/media\/221099"}],"wp:attachment":[{"href":"https:\/\/homeofwool.com\/es\/wp-json\/wp\/v2\/media?parent=217531"}],"wp:term":[{"taxonomy":"product_brand","embeddable":true,"href":"https:\/\/homeofwool.com\/es\/wp-json\/wp\/v2\/product_brand?post=217531"},{"taxonomy":"product_cat","embeddable":true,"href":"https:\/\/homeofwool.com\/es\/wp-json\/wp\/v2\/product_cat?post=217531"},{"taxonomy":"product_tag","embeddable":true,"href":"https:\/\/homeofwool.com\/es\/wp-json\/wp\/v2\/product_tag?post=217531"}],"curies":[{"name":"wp","href":"https:\/\/api.w.org\/{rel}","templated":true}]}}