{"id":217521,"date":"2025-09-02T12:00:51","date_gmt":"2025-09-02T12:00:51","guid":{"rendered":"https:\/\/homeofwool.com\/?post_type=product&#038;p=217521"},"modified":"2026-02-11T10:35:35","modified_gmt":"2026-02-11T10:35:35","slug":"almohada-para-embarazadas-en-forma-de-u","status":"publish","type":"product","link":"https:\/\/homeofwool.com\/es\/shop\/u-shaped-pregnancy-pillow\/","title":{"rendered":"Almohada de lana para embarazadas (en forma de U)"},"content":{"rendered":"<p>A medida que avanza el embarazo, encontrar una posici\u00f3n c\u00f3moda por la noche puede resultar complicado. Las almohadas adicionales que se colocan aqu\u00ed y all\u00e1 a menudo se desplazan y nunca parecen proporcionar el apoyo suficiente. Por eso hemos dise\u00f1ado esta almohada ergon\u00f3mica para embarazadas con forma de U completa que se adapta a todo el cuerpo. Proporciona apoyo para todo el cuerpo durante el embarazo, amortiguando la barriga, estabilizando la espalda y manteniendo las piernas alineadas para facilitar la circulaci\u00f3n. Muchas madres tambi\u00e9n encuentran que ayuda a aliviar los calambres en las piernas. Suave pero resistente, se puede apoyar como un peque\u00f1o sof\u00e1 en la cama. La posici\u00f3n vertical es especialmente \u00fatil en las \u00faltimas semanas del tercer trimestre, cuando puede ayudar a aliviar el reflujo.<\/p>\n<p>Esta almohada org\u00e1nica para embarazadas est\u00e1 rellena de lana pura que mantiene la transpirabilidad y regula la temperatura, para que est\u00e9s c\u00f3moda sin pasar calor. El relleno cuenta con una cremallera que te permite ajustarlo a tu gusto. La funda extra\u00edble facilita su cuidado.<\/p>\n<p>Con unas dimensiones de 88,9 x 129,5 cm, esta almohada de maternidad natural ofrece espacio para estirarse, pero tambi\u00e9n se puede colocar en forma de nido, lo que facilita las posiciones de descanso erguidas. Se trata de una almohada para embarazadas verdaderamente hipoalerg\u00e9nica que le proporciona una comodidad segura ahora y un uso duradero mucho despu\u00e9s del embarazo.<\/p>","protected":false},"excerpt":{"rendered":"<p>El embarazo puede hacer que el sue\u00f1o reparador parezca inalcanzable, y una almohada adecuada puede marcar la diferencia. Nuestra almohada para embarazadas en forma de U te envuelve con un suave apoyo que alivia la presi\u00f3n sobre el vientre, la espalda y las piernas. Una ayuda segura para dormir durante el embarazo que alivia los calambres en las piernas y el reflujo, para que finalmente puedas sumergirte en un descanso profundo. El tipo de sue\u00f1o confortable para mujeres embarazadas que se siente verdaderamente reconfortante.<\/p>\n<div class=\"global-icon-set\">\n<div class=\"global-icon-set__items\">\n<div class=\"global-icon-set__item\">\n<div class=\"global-icon-set__image\">\n                                    <img decoding=\"async\" src=\"https:\/\/homeofwool.com\/wp-content\/uploads\/2025\/09\/handmade-icon-300x300.png\" alt=\"icono hecho a mano\" \/>\n                                <\/div>\n<div class=\"global-icon-set__title\">Hecho a mano<\/div>\n<\/p><\/div>\n<div class=\"global-icon-set__item\">\n<div class=\"global-icon-set__image\">\n                                    <img decoding=\"async\" src=\"https:\/\/homeofwool.com\/wp-content\/uploads\/2025\/09\/wicks-moisture-away-300x300.png\" alt=\"evacua la humedad\" \/>\n                                <\/div>\n<div class=\"global-icon-set__title\">Evacua la humedad<\/div>\n<\/p><\/div>\n<div class=\"global-icon-set__item\">\n<div class=\"global-icon-set__image\">\n                                    <img decoding=\"async\" src=\"https:\/\/homeofwool.com\/wp-content\/uploads\/2025\/09\/Hypoallergenic-min-300x300.png\" alt=\"icono hipoalerg\u00e9nico\" \/>\n                                <\/div>\n<div class=\"global-icon-set__title\">Hipoalerg\u00e9nico<\/div>\n<\/p><\/div>\n<div class=\"global-icon-set__item\">\n<div class=\"global-icon-set__image\">\n                                    <img decoding=\"async\" src=\"https:\/\/homeofwool.com\/wp-content\/uploads\/2025\/09\/FR-min-300x300.png\" alt=\"icono de resistencia al fuego\" \/>\n                                <\/div>\n<div class=\"global-icon-set__title\">Resistente al fuego<\/div>\n<\/p><\/div>\n<div class=\"global-icon-set__item\">\n<div class=\"global-icon-set__image\">\n                                    <img decoding=\"async\" src=\"https:\/\/homeofwool.com\/wp-content\/uploads\/2025\/09\/free-of-synthetics-icon-300x300.png\" alt=\"icono sin sint\u00e9ticos\" \/>\n                                <\/div>\n<div class=\"global-icon-set__title\">Sin sint\u00e9ticos<\/div>\n<\/p><\/div>\n<div class=\"global-icon-set__item\">\n<div class=\"global-icon-set__image\">\n                                    <img decoding=\"async\" src=\"https:\/\/homeofwool.com\/wp-content\/uploads\/2025\/09\/chemical-free-icon-300x300.png\" alt=\"icono sin productos qu\u00edmicos\" \/>\n                                <\/div>\n<div class=\"global-icon-set__title\">Sin productos qu\u00edmicos<\/div>\n<\/p><\/div>\n<div class=\"global-icon-set__item\">\n<div class=\"global-icon-set__image\">\n                                    <img decoding=\"async\" src=\"https:\/\/homeofwool.com\/wp-content\/uploads\/2025\/09\/anti-bacterial-icon-300x300.png\" alt=\"icono antibacteriano\" \/>\n                                <\/div>\n<div class=\"global-icon-set__title\">Antimicrobiano y antibacteriano<\/div>\n<\/p><\/div>\n<div class=\"global-icon-set__item\">\n<div class=\"global-icon-set__image\">\n                                    <img decoding=\"async\" src=\"https:\/\/homeofwool.com\/wp-content\/uploads\/2025\/09\/certified-materials-icon-300x300.png\" alt=\"icono de materiales certificados\" \/>\n                                <\/div>\n<div class=\"global-icon-set__title\">100% Materiales puros certificados<\/div>\n<\/p><\/div>\n<\/p><\/div>\n<\/p><\/div>","protected":false},"featured_media":226537,"template":"","meta":{"_acf_changed":false},"product_brand":[],"product_cat":[264,143],"product_tag":[150,146,147,148,151,149,152,153],"class_list":{"0":"post-217521","1":"product","2":"type-product","3":"status-publish","4":"has-post-thumbnail","6":"product_cat-kids","7":"product_cat-moms-pregnancy-pillows","8":"product_tag-full-body-pillow","9":"product_tag-maternity-pillow","10":"product_tag-natural-wool-bedding","11":"product_tag-pregnancy-support-pillow","12":"product_tag-snoogle-pillow","13":"product_tag-steps","14":"product_tag-u-shaped-body-pillow","15":"product_tag-u-shaped-pillow","17":"first","18":"instock","19":"shipping-taxable","20":"purchasable","21":"product-type-simple"},"acf":[],"yoast_head":"<!-- This site is optimized with the Yoast SEO Premium plugin v27.3 (Yoast SEO v27.3) - https:\/\/yoast.com\/product\/yoast-seo-premium-wordpress\/ -->\n<title>U-shaped Pregnancy Pillow \u2013 Hypoallergenic Maternity Pillow | Home of Wool<\/title>\n<meta name=\"description\" content=\"The U-Shaped Pregnancy Pillow surrounds the body with breathable wool comfort. Hypoallergenic and toxin-free, it delivers safe, supportive, and restful sleep for mothers-to-be.\" \/>\n<meta name=\"robots\" content=\"index, follow, max-snippet:-1, max-image-preview:large, max-video-preview:-1\" \/>\n<link rel=\"canonical\" href=\"https:\/\/homeofwool.com\/es\/tienda\/almohada-para-embarazadas-en-forma-de-u\/\" \/>\n<meta property=\"og:locale\" content=\"es_ES\" \/>\n<meta property=\"og:type\" content=\"article\" \/>\n<meta property=\"og:title\" content=\"Wool Pregnancy Pillow (U-shaped)\" \/>\n<meta property=\"og:description\" content=\"The U-Shaped Pregnancy Pillow surrounds the body with breathable wool comfort. Hypoallergenic and toxin-free, it delivers safe, supportive, and restful sleep for mothers-to-be.\" \/>\n<meta property=\"og:url\" content=\"https:\/\/homeofwool.com\/es\/tienda\/almohada-para-embarazadas-en-forma-de-u\/\" \/>\n<meta property=\"og:site_name\" content=\"Home of Wool\" \/>\n<meta property=\"article:publisher\" content=\"https:\/\/facebook.com\/HomeOfWoolOfficial\" \/>\n<meta property=\"article:modified_time\" content=\"2026-02-11T10:35:35+00:00\" \/>\n<meta property=\"og:image\" content=\"https:\/\/homeofwool.com\/wp-content\/uploads\/2025\/09\/home-of-wool-wool-pregnancy-pillow-u-shaped-2.jpg.jpg\" \/>\n\t<meta property=\"og:image:width\" content=\"1754\" \/>\n\t<meta property=\"og:image:height\" content=\"1403\" \/>\n\t<meta property=\"og:image:type\" content=\"image\/jpeg\" \/>\n<meta name=\"twitter:card\" content=\"summary_large_image\" \/>\n<meta name=\"twitter:label1\" content=\"Tiempo de lectura\" \/>\n\t<meta name=\"twitter:data1\" content=\"2 minutos\" \/>\n<script type=\"application\/ld+json\" class=\"yoast-schema-graph\">{\"@context\":\"https:\\\/\\\/schema.org\",\"@graph\":[{\"@type\":\"WebPage\",\"@id\":\"https:\\\/\\\/homeofwool.com\\\/shop\\\/u-shaped-pregnancy-pillow\\\/\",\"url\":\"https:\\\/\\\/homeofwool.com\\\/shop\\\/u-shaped-pregnancy-pillow\\\/\",\"name\":\"U-shaped Pregnancy Pillow \u2013 Hypoallergenic Maternity Pillow | Home of Wool\",\"isPartOf\":{\"@id\":\"https:\\\/\\\/homeofwool.com\\\/#website\"},\"primaryImageOfPage\":{\"@id\":\"https:\\\/\\\/homeofwool.com\\\/shop\\\/u-shaped-pregnancy-pillow\\\/#primaryimage\"},\"image\":{\"@id\":\"https:\\\/\\\/homeofwool.com\\\/shop\\\/u-shaped-pregnancy-pillow\\\/#primaryimage\"},\"thumbnailUrl\":\"https:\\\/\\\/homeofwool.com\\\/wp-content\\\/uploads\\\/2025\\\/09\\\/home-of-wool-wool-pregnancy-pillow-u-shaped-2.jpg.jpg\",\"datePublished\":\"2025-09-02T12:00:51+00:00\",\"dateModified\":\"2026-02-11T10:35:35+00:00\",\"description\":\"The U-Shaped Pregnancy Pillow surrounds the body with breathable wool comfort. Hypoallergenic and toxin-free, it delivers safe, supportive, and restful sleep for mothers-to-be.\",\"breadcrumb\":{\"@id\":\"https:\\\/\\\/homeofwool.com\\\/shop\\\/u-shaped-pregnancy-pillow\\\/#breadcrumb\"},\"inLanguage\":\"es\",\"potentialAction\":[{\"@type\":\"ReadAction\",\"target\":[\"https:\\\/\\\/homeofwool.com\\\/shop\\\/u-shaped-pregnancy-pillow\\\/\"]}]},{\"@type\":\"ImageObject\",\"inLanguage\":\"es\",\"@id\":\"https:\\\/\\\/homeofwool.com\\\/shop\\\/u-shaped-pregnancy-pillow\\\/#primaryimage\",\"url\":\"https:\\\/\\\/homeofwool.com\\\/wp-content\\\/uploads\\\/2025\\\/09\\\/home-of-wool-wool-pregnancy-pillow-u-shaped-2.jpg.jpg\",\"contentUrl\":\"https:\\\/\\\/homeofwool.com\\\/wp-content\\\/uploads\\\/2025\\\/09\\\/home-of-wool-wool-pregnancy-pillow-u-shaped-2.jpg.jpg\",\"width\":1754,\"height\":1403,\"caption\":\"home-of-wool-wool-pregnancy-pillow-u-shaped-1-main.jpg\"},{\"@type\":\"BreadcrumbList\",\"@id\":\"https:\\\/\\\/homeofwool.com\\\/shop\\\/u-shaped-pregnancy-pillow\\\/#breadcrumb\",\"itemListElement\":[{\"@type\":\"ListItem\",\"position\":1,\"name\":\"Home\",\"item\":\"https:\\\/\\\/homeofwool.com\\\/\"},{\"@type\":\"ListItem\",\"position\":2,\"name\":\"Products\",\"item\":\"https:\\\/\\\/homeofwool.com\\\/header-search-2\\\/\"},{\"@type\":\"ListItem\",\"position\":3,\"name\":\"Wool Pregnancy Pillow (U-shaped)\"}]},{\"@type\":\"WebSite\",\"@id\":\"https:\\\/\\\/homeofwool.com\\\/#website\",\"url\":\"https:\\\/\\\/homeofwool.com\\\/\",\"name\":\"Home of Wool\",\"description\":\"\",\"publisher\":{\"@id\":\"https:\\\/\\\/homeofwool.com\\\/#organization\"},\"potentialAction\":[{\"@type\":\"SearchAction\",\"target\":{\"@type\":\"EntryPoint\",\"urlTemplate\":\"https:\\\/\\\/homeofwool.com\\\/?s={search_term_string}\"},\"query-input\":{\"@type\":\"PropertyValueSpecification\",\"valueRequired\":true,\"valueName\":\"search_term_string\"}}],\"inLanguage\":\"es\"},{\"@type\":\"Organization\",\"@id\":\"https:\\\/\\\/homeofwool.com\\\/#organization\",\"name\":\"Home of Wool\",\"url\":\"https:\\\/\\\/homeofwool.com\\\/\",\"logo\":{\"@type\":\"ImageObject\",\"inLanguage\":\"es\",\"@id\":\"https:\\\/\\\/homeofwool.com\\\/#\\\/schema\\\/logo\\\/image\\\/\",\"url\":\"https:\\\/\\\/homeofwool.com\\\/wp-content\\\/uploads\\\/2025\\\/09\\\/WhatsApp-Image-2025-12-02-at-16.23.20.jpeg\",\"contentUrl\":\"https:\\\/\\\/homeofwool.com\\\/wp-content\\\/uploads\\\/2025\\\/09\\\/WhatsApp-Image-2025-12-02-at-16.23.20.jpeg\",\"width\":700,\"height\":247,\"caption\":\"Home of Wool\"},\"image\":{\"@id\":\"https:\\\/\\\/homeofwool.com\\\/#\\\/schema\\\/logo\\\/image\\\/\"},\"sameAs\":[\"https:\\\/\\\/facebook.com\\\/HomeOfWoolOfficial\"]}]}<\/script>\n<!-- \/ Yoast SEO Premium plugin. -->","yoast_head_json":{"title":"Almohada para embarazadas en forma de U \u2013 Almohada hipoalerg\u00e9nica para maternidad | Home of Wool","description":"La almohada para embarazadas en forma de U envuelve el cuerpo con la comodidad de la lana transpirable. Hipoalerg\u00e9nica y libre de toxinas, proporciona un sue\u00f1o seguro, reparador y con buen soporte a las futuras mam\u00e1s.","robots":{"index":"index","follow":"follow","max-snippet":"max-snippet:-1","max-image-preview":"max-image-preview:large","max-video-preview":"max-video-preview:-1"},"canonical":"https:\/\/homeofwool.com\/es\/tienda\/almohada-para-embarazadas-en-forma-de-u\/","og_locale":"es_ES","og_type":"article","og_title":"Wool Pregnancy Pillow (U-shaped)","og_description":"The U-Shaped Pregnancy Pillow surrounds the body with breathable wool comfort. Hypoallergenic and toxin-free, it delivers safe, supportive, and restful sleep for mothers-to-be.","og_url":"https:\/\/homeofwool.com\/es\/tienda\/almohada-para-embarazadas-en-forma-de-u\/","og_site_name":"Home of Wool","article_publisher":"https:\/\/facebook.com\/HomeOfWoolOfficial","article_modified_time":"2026-02-11T10:35:35+00:00","og_image":[{"width":1754,"height":1403,"url":"https:\/\/homeofwool.com\/wp-content\/uploads\/2025\/09\/home-of-wool-wool-pregnancy-pillow-u-shaped-2.jpg.jpg","type":"image\/jpeg"}],"twitter_card":"summary_large_image","twitter_misc":{"Tiempo de lectura":"2 minutos"},"schema":{"@context":"https:\/\/schema.org","@graph":[{"@type":"WebPage","@id":"https:\/\/homeofwool.com\/shop\/u-shaped-pregnancy-pillow\/","url":"https:\/\/homeofwool.com\/shop\/u-shaped-pregnancy-pillow\/","name":"Almohada para embarazadas en forma de U \u2013 Almohada hipoalerg\u00e9nica para maternidad | Home of Wool","isPartOf":{"@id":"https:\/\/homeofwool.com\/#website"},"primaryImageOfPage":{"@id":"https:\/\/homeofwool.com\/shop\/u-shaped-pregnancy-pillow\/#primaryimage"},"image":{"@id":"https:\/\/homeofwool.com\/shop\/u-shaped-pregnancy-pillow\/#primaryimage"},"thumbnailUrl":"https:\/\/homeofwool.com\/wp-content\/uploads\/2025\/09\/home-of-wool-wool-pregnancy-pillow-u-shaped-2.jpg.jpg","datePublished":"2025-09-02T12:00:51+00:00","dateModified":"2026-02-11T10:35:35+00:00","description":"La almohada para embarazadas en forma de U envuelve el cuerpo con la comodidad de la lana transpirable. Hipoalerg\u00e9nica y libre de toxinas, proporciona un sue\u00f1o seguro, reparador y con buen soporte a las futuras mam\u00e1s.","breadcrumb":{"@id":"https:\/\/homeofwool.com\/shop\/u-shaped-pregnancy-pillow\/#breadcrumb"},"inLanguage":"es","potentialAction":[{"@type":"ReadAction","target":["https:\/\/homeofwool.com\/shop\/u-shaped-pregnancy-pillow\/"]}]},{"@type":"ImageObject","inLanguage":"es","@id":"https:\/\/homeofwool.com\/shop\/u-shaped-pregnancy-pillow\/#primaryimage","url":"https:\/\/homeofwool.com\/wp-content\/uploads\/2025\/09\/home-of-wool-wool-pregnancy-pillow-u-shaped-2.jpg.jpg","contentUrl":"https:\/\/homeofwool.com\/wp-content\/uploads\/2025\/09\/home-of-wool-wool-pregnancy-pillow-u-shaped-2.jpg.jpg","width":1754,"height":1403,"caption":"home-of-wool-wool-pregnancy-pillow-u-shaped-1-main.jpg"},{"@type":"BreadcrumbList","@id":"https:\/\/homeofwool.com\/shop\/u-shaped-pregnancy-pillow\/#breadcrumb","itemListElement":[{"@type":"ListItem","position":1,"name":"Home","item":"https:\/\/homeofwool.com\/"},{"@type":"ListItem","position":2,"name":"Products","item":"https:\/\/homeofwool.com\/header-search-2\/"},{"@type":"ListItem","position":3,"name":"Wool Pregnancy Pillow (U-shaped)"}]},{"@type":"WebSite","@id":"https:\/\/homeofwool.com\/#website","url":"https:\/\/homeofwool.com\/","name":"Hogar de la lana","description":"","publisher":{"@id":"https:\/\/homeofwool.com\/#organization"},"potentialAction":[{"@type":"SearchAction","target":{"@type":"EntryPoint","urlTemplate":"https:\/\/homeofwool.com\/?s={search_term_string}"},"query-input":{"@type":"PropertyValueSpecification","valueRequired":true,"valueName":"search_term_string"}}],"inLanguage":"es"},{"@type":"Organization","@id":"https:\/\/homeofwool.com\/#organization","name":"Hogar de la lana","url":"https:\/\/homeofwool.com\/","logo":{"@type":"ImageObject","inLanguage":"es","@id":"https:\/\/homeofwool.com\/#\/schema\/logo\/image\/","url":"https:\/\/homeofwool.com\/wp-content\/uploads\/2025\/09\/WhatsApp-Image-2025-12-02-at-16.23.20.jpeg","contentUrl":"https:\/\/homeofwool.com\/wp-content\/uploads\/2025\/09\/WhatsApp-Image-2025-12-02-at-16.23.20.jpeg","width":700,"height":247,"caption":"Home of Wool"},"image":{"@id":"https:\/\/homeofwool.com\/#\/schema\/logo\/image\/"},"sameAs":["https:\/\/facebook.com\/HomeOfWoolOfficial"]}]}},"_links":{"self":[{"href":"https:\/\/homeofwool.com\/es\/wp-json\/wp\/v2\/product\/217521","targetHints":{"allow":["GET"]}}],"collection":[{"href":"https:\/\/homeofwool.com\/es\/wp-json\/wp\/v2\/product"}],"about":[{"href":"https:\/\/homeofwool.com\/es\/wp-json\/wp\/v2\/types\/product"}],"version-history":[{"count":2,"href":"https:\/\/homeofwool.com\/es\/wp-json\/wp\/v2\/product\/217521\/revisions"}],"predecessor-version":[{"id":226509,"href":"https:\/\/homeofwool.com\/es\/wp-json\/wp\/v2\/product\/217521\/revisions\/226509"}],"wp:featuredmedia":[{"embeddable":true,"href":"https:\/\/homeofwool.com\/es\/wp-json\/wp\/v2\/media\/226537"}],"wp:attachment":[{"href":"https:\/\/homeofwool.com\/es\/wp-json\/wp\/v2\/media?parent=217521"}],"wp:term":[{"taxonomy":"product_brand","embeddable":true,"href":"https:\/\/homeofwool.com\/es\/wp-json\/wp\/v2\/product_brand?post=217521"},{"taxonomy":"product_cat","embeddable":true,"href":"https:\/\/homeofwool.com\/es\/wp-json\/wp\/v2\/product_cat?post=217521"},{"taxonomy":"product_tag","embeddable":true,"href":"https:\/\/homeofwool.com\/es\/wp-json\/wp\/v2\/product_tag?post=217521"}],"curies":[{"name":"wp","href":"https:\/\/api.w.org\/{rel}","templated":true}]}}