{"id":217520,"date":"2025-09-02T12:00:51","date_gmt":"2025-09-02T12:00:51","guid":{"rendered":"https:\/\/homeofwool.com\/?post_type=product&#038;p=217520"},"modified":"2026-02-11T10:35:36","modified_gmt":"2026-02-11T10:35:36","slug":"almohada-corporal","status":"publish","type":"product","link":"https:\/\/homeofwool.com\/es\/shop\/body-pillow\/","title":{"rendered":"Almohada corporal de lana"},"content":{"rendered":"<p>Suave pero firme, esta almohada corporal de lana es la pieza ideal para cuando quieres sentirte completamente a gusto. Ya sea como almohada corporal para quienes duermen de lado, como compa\u00f1era de confianza durante el embarazo o como almohada larga para abrazar, proporciona comodidad donde tu cuerpo m\u00e1s la necesita. Las fibras de lana se adaptan a tu forma, brindando apoyo donde m\u00e1s lo necesitas y facilitando que te despiertes renovado.<\/p>\n<p>La lana regula la temperatura para crear un entorno \u00f3ptimo para dormir. Te mantiene fresco cuando la habitaci\u00f3n est\u00e1 c\u00e1lida y acogedor cuando hace m\u00e1s fr\u00edo. Tambi\u00e9n absorbe la humedad y se mantiene fresco noche tras noche. Sin sint\u00e9ticos ni productos qu\u00edmicos, esta almohada no t\u00f3xica es una opci\u00f3n segura para las personas al\u00e9rgicas. Sus cualidades hipoalerg\u00e9nicas garantizan un aire m\u00e1s limpio y un espacio de descanso m\u00e1s tranquilo.<\/p>\n<p>Cada almohada est\u00e1 hecha a mano con mucho cuidado. Cuenta con una discreta cremallera para que puedas ajustar el relleno a tu gusto. Si lo deseas, puedes solicitar muestras para ver los tejidos y el relleno antes de elegir.<\/p>","protected":false},"excerpt":{"rendered":"<p>La almohada corporal de lana est\u00e1 dise\u00f1ada para personas que duermen de lado, mujeres embarazadas o cualquiera que desee un abrazo suave y reconfortante por la noche. Rellenada a mano con lana pura, ofrece una alineaci\u00f3n natural y una alternativa de almohada mullida m\u00e1s saludable, no t\u00f3xica e hipoalerg\u00e9nica.<\/p>","protected":false},"featured_media":226501,"template":"","meta":{"_acf_changed":false},"product_brand":[],"product_cat":[316,264,254,143],"product_tag":[453,454,144,455,456,457,458,146,148,149],"class_list":{"0":"post-217520","1":"product","2":"type-product","3":"status-publish","4":"has-post-thumbnail","6":"product_cat-mothers-day","7":"product_cat-kids","8":"product_cat-pillows-pillowcases","9":"product_cat-moms-pregnancy-pillows","10":"product_tag-best-body-pillow","11":"product_tag-best-body-pillow-for-pregnancy","12":"product_tag-body-pillow","13":"product_tag-body-pillow-benefits","14":"product_tag-body-pillow-covers","15":"product_tag-custom-body-pillow","16":"product_tag-full-length-pregnancy-pillow","17":"product_tag-maternity-pillow","18":"product_tag-pregnancy-support-pillow","19":"product_tag-steps","21":"first","22":"instock","23":"shipping-taxable","24":"purchasable","25":"product-type-simple"},"acf":[],"yoast_head":"<!-- This site is optimized with the Yoast SEO Premium plugin v27.3 (Yoast SEO v27.3) - https:\/\/yoast.com\/product\/yoast-seo-premium-wordpress\/ -->\n<title>Body Pillow \u2013 Hypoallergenic &amp; Non-toxic Cuddle Pillow | Home of Wool<\/title>\n<meta name=\"description\" content=\"Soft and hypoallergenic, the Body Pillow is filled with breathable wool. Toxin-free and supportive, it offers sustainable cuddle comfort while promoting restful alignment and natural sleep.\" \/>\n<meta name=\"robots\" content=\"index, follow, max-snippet:-1, max-image-preview:large, max-video-preview:-1\" \/>\n<link rel=\"canonical\" href=\"https:\/\/homeofwool.com\/es\/tienda\/almohada-corporal\/\" \/>\n<meta property=\"og:locale\" content=\"es_ES\" \/>\n<meta property=\"og:type\" content=\"article\" \/>\n<meta property=\"og:title\" content=\"Wool Body Pillow\" \/>\n<meta property=\"og:description\" content=\"Soft and hypoallergenic, the Body Pillow is filled with breathable wool. Toxin-free and supportive, it offers sustainable cuddle comfort while promoting restful alignment and natural sleep.\" \/>\n<meta property=\"og:url\" content=\"https:\/\/homeofwool.com\/es\/tienda\/almohada-corporal\/\" \/>\n<meta property=\"og:site_name\" content=\"Home of Wool\" \/>\n<meta property=\"article:publisher\" content=\"https:\/\/facebook.com\/HomeOfWoolOfficial\" \/>\n<meta property=\"article:modified_time\" content=\"2026-02-11T10:35:36+00:00\" \/>\n<meta property=\"og:image\" content=\"https:\/\/homeofwool.com\/wp-content\/uploads\/2025\/09\/home-of-wool-wool-body-pillow-11.jpg\" \/>\n\t<meta property=\"og:image:width\" content=\"1900\" \/>\n\t<meta property=\"og:image:height\" content=\"1520\" \/>\n\t<meta property=\"og:image:type\" content=\"image\/jpeg\" \/>\n<meta name=\"twitter:card\" content=\"summary_large_image\" \/>\n<meta name=\"twitter:label1\" content=\"Tiempo de lectura\" \/>\n\t<meta name=\"twitter:data1\" content=\"1 minuto\" \/>\n<script type=\"application\/ld+json\" class=\"yoast-schema-graph\">{\"@context\":\"https:\\\/\\\/schema.org\",\"@graph\":[{\"@type\":\"WebPage\",\"@id\":\"https:\\\/\\\/homeofwool.com\\\/shop\\\/body-pillow\\\/\",\"url\":\"https:\\\/\\\/homeofwool.com\\\/shop\\\/body-pillow\\\/\",\"name\":\"Body Pillow \u2013 Hypoallergenic & Non-toxic Cuddle Pillow | Home of Wool\",\"isPartOf\":{\"@id\":\"https:\\\/\\\/homeofwool.com\\\/#website\"},\"primaryImageOfPage\":{\"@id\":\"https:\\\/\\\/homeofwool.com\\\/shop\\\/body-pillow\\\/#primaryimage\"},\"image\":{\"@id\":\"https:\\\/\\\/homeofwool.com\\\/shop\\\/body-pillow\\\/#primaryimage\"},\"thumbnailUrl\":\"https:\\\/\\\/homeofwool.com\\\/wp-content\\\/uploads\\\/2025\\\/09\\\/home-of-wool-wool-body-pillow-11.jpg\",\"datePublished\":\"2025-09-02T12:00:51+00:00\",\"dateModified\":\"2026-02-11T10:35:36+00:00\",\"description\":\"Soft and hypoallergenic, the Body Pillow is filled with breathable wool. Toxin-free and supportive, it offers sustainable cuddle comfort while promoting restful alignment and natural sleep.\",\"breadcrumb\":{\"@id\":\"https:\\\/\\\/homeofwool.com\\\/shop\\\/body-pillow\\\/#breadcrumb\"},\"inLanguage\":\"es\",\"potentialAction\":[{\"@type\":\"ReadAction\",\"target\":[\"https:\\\/\\\/homeofwool.com\\\/shop\\\/body-pillow\\\/\"]}]},{\"@type\":\"ImageObject\",\"inLanguage\":\"es\",\"@id\":\"https:\\\/\\\/homeofwool.com\\\/shop\\\/body-pillow\\\/#primaryimage\",\"url\":\"https:\\\/\\\/homeofwool.com\\\/wp-content\\\/uploads\\\/2025\\\/09\\\/home-of-wool-wool-body-pillow-11.jpg\",\"contentUrl\":\"https:\\\/\\\/homeofwool.com\\\/wp-content\\\/uploads\\\/2025\\\/09\\\/home-of-wool-wool-body-pillow-11.jpg\",\"width\":1900,\"height\":1520,\"caption\":\"Wool body pillow\"},{\"@type\":\"BreadcrumbList\",\"@id\":\"https:\\\/\\\/homeofwool.com\\\/shop\\\/body-pillow\\\/#breadcrumb\",\"itemListElement\":[{\"@type\":\"ListItem\",\"position\":1,\"name\":\"Home\",\"item\":\"https:\\\/\\\/homeofwool.com\\\/\"},{\"@type\":\"ListItem\",\"position\":2,\"name\":\"Products\",\"item\":\"https:\\\/\\\/homeofwool.com\\\/header-search-2\\\/\"},{\"@type\":\"ListItem\",\"position\":3,\"name\":\"Wool Body Pillow\"}]},{\"@type\":\"WebSite\",\"@id\":\"https:\\\/\\\/homeofwool.com\\\/#website\",\"url\":\"https:\\\/\\\/homeofwool.com\\\/\",\"name\":\"Home of Wool\",\"description\":\"\",\"publisher\":{\"@id\":\"https:\\\/\\\/homeofwool.com\\\/#organization\"},\"potentialAction\":[{\"@type\":\"SearchAction\",\"target\":{\"@type\":\"EntryPoint\",\"urlTemplate\":\"https:\\\/\\\/homeofwool.com\\\/?s={search_term_string}\"},\"query-input\":{\"@type\":\"PropertyValueSpecification\",\"valueRequired\":true,\"valueName\":\"search_term_string\"}}],\"inLanguage\":\"es\"},{\"@type\":\"Organization\",\"@id\":\"https:\\\/\\\/homeofwool.com\\\/#organization\",\"name\":\"Home of Wool\",\"url\":\"https:\\\/\\\/homeofwool.com\\\/\",\"logo\":{\"@type\":\"ImageObject\",\"inLanguage\":\"es\",\"@id\":\"https:\\\/\\\/homeofwool.com\\\/#\\\/schema\\\/logo\\\/image\\\/\",\"url\":\"https:\\\/\\\/homeofwool.com\\\/wp-content\\\/uploads\\\/2025\\\/09\\\/WhatsApp-Image-2025-12-02-at-16.23.20.jpeg\",\"contentUrl\":\"https:\\\/\\\/homeofwool.com\\\/wp-content\\\/uploads\\\/2025\\\/09\\\/WhatsApp-Image-2025-12-02-at-16.23.20.jpeg\",\"width\":700,\"height\":247,\"caption\":\"Home of Wool\"},\"image\":{\"@id\":\"https:\\\/\\\/homeofwool.com\\\/#\\\/schema\\\/logo\\\/image\\\/\"},\"sameAs\":[\"https:\\\/\\\/facebook.com\\\/HomeOfWoolOfficial\"]}]}<\/script>\n<!-- \/ Yoast SEO Premium plugin. -->","yoast_head_json":{"title":"Almohada corporal: almohada hipoalerg\u00e9nica y no t\u00f3xica | Home of Wool","description":"Suave e hipoalerg\u00e9nica, la almohada corporal est\u00e1 rellena de lana transpirable. Libre de toxinas y con gran capacidad de soporte, ofrece una comodidad sostenible al abrazarla, al tiempo que favorece una alineaci\u00f3n relajante y un sue\u00f1o natural.","robots":{"index":"index","follow":"follow","max-snippet":"max-snippet:-1","max-image-preview":"max-image-preview:large","max-video-preview":"max-video-preview:-1"},"canonical":"https:\/\/homeofwool.com\/es\/tienda\/almohada-corporal\/","og_locale":"es_ES","og_type":"article","og_title":"Wool Body Pillow","og_description":"Soft and hypoallergenic, the Body Pillow is filled with breathable wool. Toxin-free and supportive, it offers sustainable cuddle comfort while promoting restful alignment and natural sleep.","og_url":"https:\/\/homeofwool.com\/es\/tienda\/almohada-corporal\/","og_site_name":"Home of Wool","article_publisher":"https:\/\/facebook.com\/HomeOfWoolOfficial","article_modified_time":"2026-02-11T10:35:36+00:00","og_image":[{"width":1900,"height":1520,"url":"https:\/\/homeofwool.com\/wp-content\/uploads\/2025\/09\/home-of-wool-wool-body-pillow-11.jpg","type":"image\/jpeg"}],"twitter_card":"summary_large_image","twitter_misc":{"Tiempo de lectura":"1 minuto"},"schema":{"@context":"https:\/\/schema.org","@graph":[{"@type":"WebPage","@id":"https:\/\/homeofwool.com\/shop\/body-pillow\/","url":"https:\/\/homeofwool.com\/shop\/body-pillow\/","name":"Almohada corporal: almohada hipoalerg\u00e9nica y no t\u00f3xica | Home of Wool","isPartOf":{"@id":"https:\/\/homeofwool.com\/#website"},"primaryImageOfPage":{"@id":"https:\/\/homeofwool.com\/shop\/body-pillow\/#primaryimage"},"image":{"@id":"https:\/\/homeofwool.com\/shop\/body-pillow\/#primaryimage"},"thumbnailUrl":"https:\/\/homeofwool.com\/wp-content\/uploads\/2025\/09\/home-of-wool-wool-body-pillow-11.jpg","datePublished":"2025-09-02T12:00:51+00:00","dateModified":"2026-02-11T10:35:36+00:00","description":"Suave e hipoalerg\u00e9nica, la almohada corporal est\u00e1 rellena de lana transpirable. Libre de toxinas y con gran capacidad de soporte, ofrece una comodidad sostenible al abrazarla, al tiempo que favorece una alineaci\u00f3n relajante y un sue\u00f1o natural.","breadcrumb":{"@id":"https:\/\/homeofwool.com\/shop\/body-pillow\/#breadcrumb"},"inLanguage":"es","potentialAction":[{"@type":"ReadAction","target":["https:\/\/homeofwool.com\/shop\/body-pillow\/"]}]},{"@type":"ImageObject","inLanguage":"es","@id":"https:\/\/homeofwool.com\/shop\/body-pillow\/#primaryimage","url":"https:\/\/homeofwool.com\/wp-content\/uploads\/2025\/09\/home-of-wool-wool-body-pillow-11.jpg","contentUrl":"https:\/\/homeofwool.com\/wp-content\/uploads\/2025\/09\/home-of-wool-wool-body-pillow-11.jpg","width":1900,"height":1520,"caption":"Wool body pillow"},{"@type":"BreadcrumbList","@id":"https:\/\/homeofwool.com\/shop\/body-pillow\/#breadcrumb","itemListElement":[{"@type":"ListItem","position":1,"name":"Home","item":"https:\/\/homeofwool.com\/"},{"@type":"ListItem","position":2,"name":"Products","item":"https:\/\/homeofwool.com\/header-search-2\/"},{"@type":"ListItem","position":3,"name":"Wool Body Pillow"}]},{"@type":"WebSite","@id":"https:\/\/homeofwool.com\/#website","url":"https:\/\/homeofwool.com\/","name":"Hogar de la lana","description":"","publisher":{"@id":"https:\/\/homeofwool.com\/#organization"},"potentialAction":[{"@type":"SearchAction","target":{"@type":"EntryPoint","urlTemplate":"https:\/\/homeofwool.com\/?s={search_term_string}"},"query-input":{"@type":"PropertyValueSpecification","valueRequired":true,"valueName":"search_term_string"}}],"inLanguage":"es"},{"@type":"Organization","@id":"https:\/\/homeofwool.com\/#organization","name":"Hogar de la lana","url":"https:\/\/homeofwool.com\/","logo":{"@type":"ImageObject","inLanguage":"es","@id":"https:\/\/homeofwool.com\/#\/schema\/logo\/image\/","url":"https:\/\/homeofwool.com\/wp-content\/uploads\/2025\/09\/WhatsApp-Image-2025-12-02-at-16.23.20.jpeg","contentUrl":"https:\/\/homeofwool.com\/wp-content\/uploads\/2025\/09\/WhatsApp-Image-2025-12-02-at-16.23.20.jpeg","width":700,"height":247,"caption":"Home of Wool"},"image":{"@id":"https:\/\/homeofwool.com\/#\/schema\/logo\/image\/"},"sameAs":["https:\/\/facebook.com\/HomeOfWoolOfficial"]}]}},"_links":{"self":[{"href":"https:\/\/homeofwool.com\/es\/wp-json\/wp\/v2\/product\/217520","targetHints":{"allow":["GET"]}}],"collection":[{"href":"https:\/\/homeofwool.com\/es\/wp-json\/wp\/v2\/product"}],"about":[{"href":"https:\/\/homeofwool.com\/es\/wp-json\/wp\/v2\/types\/product"}],"version-history":[{"count":1,"href":"https:\/\/homeofwool.com\/es\/wp-json\/wp\/v2\/product\/217520\/revisions"}],"predecessor-version":[{"id":226507,"href":"https:\/\/homeofwool.com\/es\/wp-json\/wp\/v2\/product\/217520\/revisions\/226507"}],"wp:featuredmedia":[{"embeddable":true,"href":"https:\/\/homeofwool.com\/es\/wp-json\/wp\/v2\/media\/226501"}],"wp:attachment":[{"href":"https:\/\/homeofwool.com\/es\/wp-json\/wp\/v2\/media?parent=217520"}],"wp:term":[{"taxonomy":"product_brand","embeddable":true,"href":"https:\/\/homeofwool.com\/es\/wp-json\/wp\/v2\/product_brand?post=217520"},{"taxonomy":"product_cat","embeddable":true,"href":"https:\/\/homeofwool.com\/es\/wp-json\/wp\/v2\/product_cat?post=217520"},{"taxonomy":"product_tag","embeddable":true,"href":"https:\/\/homeofwool.com\/es\/wp-json\/wp\/v2\/product_tag?post=217520"}],"curies":[{"name":"wp","href":"https:\/\/api.w.org\/{rel}","templated":true}]}}