{"id":217516,"date":"2025-09-02T12:00:51","date_gmt":"2025-09-02T12:00:51","guid":{"rendered":"https:\/\/homeofwool.com\/?post_type=product&#038;p=217516"},"modified":"2026-03-27T08:54:15","modified_gmt":"2026-03-27T08:54:15","slug":"muestras-de-bateo","status":"publish","type":"product","link":"https:\/\/homeofwool.com\/es\/shop\/batting-samples\/","title":{"rendered":"Muestras de guata de lana"},"content":{"rendered":"<p>Si eres aficionado al patchwork, al bricolaje o simplemente alguien que valora los materiales de calidad para manualidades, las muestras de guata de lana son la forma perfecta de probar nuestra lana de primera calidad con certificaci\u00f3n GOTS antes de realizar un pedido m\u00e1s grande. Cada pieza de 10 x 10 cm es guata de lana pura. Sin productos qu\u00edmicos ni tintes. Es segura para personas con alergias.<\/p>\n<p>Nuestra lana es transpirable y regula la temperatura de forma natural. Tiene una elasticidad que funciona a la perfecci\u00f3n en muchos proyectos. Desde colchas y tapicer\u00eda hasta manualidades, aislamiento y mucho m\u00e1s.<\/p>\n<p>Ofrecemos tres opciones de peso, para que puedas elegir el grosor y la densidad que mejor se adapten a tu proyecto:<\/p>\n<ol>\n<li>250 gr.\/m\u00b2 (7,37 oz\/yd\u00b2)<br \/>\nEspesor: 0,8 cm (3\/10\u2033)<\/li>\n<li>500 gr.\/m\u00b2 (14,75 oz\/yd\u00b2)<br \/>\nGrosor: 1,6 cm (6\/10\u2033)<\/li>\n<li><del datetime=\"2025-11-21T06:30:29+00:00\">900 g\/m\u00b2 (1,774 lb\/yd\u00b2)<br \/>\nGrosor: 1,5 cm (6\/10\u2033)<\/del> <em>Actualmente no disponible<\/em><\/li>\n<\/ol>\n<p>La estructura natural de la lana proporciona una excelente resistencia y durabilidad. Pero tambi\u00e9n es completamente biodegradable y respetuosa con el medio ambiente.<\/p>\n<p>Tanto si est\u00e1 probando el tacto de una colcha hecha a mano como si est\u00e1 eligiendo un relleno de fibra natural para tapicer\u00eda, nuestra muestra de guata de lana le ofrece una muestra tangible y t\u00e1ctil de la calidad que dar\u00e1 vida a sus creaciones.<\/p>","protected":false},"excerpt":{"rendered":"<p>Nuestras muestras de guata de lana te permiten sentir la diferencia de la lana aut\u00e9nticamente pura y con certificaci\u00f3n GOTS antes de empezar tu pr\u00f3ximo proyecto. Perfectas para quilters, aficionados al bricolaje o cualquier persona que busque relleno de fibra natural, todas las muestras est\u00e1n libres de productos qu\u00edmicos y son ideales para usuarios sensibles.<\/p>\n<div class=\"global-icon-set\">\n<div class=\"global-icon-set__items\">\n<div class=\"global-icon-set__item\">\n<div class=\"global-icon-set__image\">\n                                    <img decoding=\"async\" src=\"https:\/\/homeofwool.com\/wp-content\/uploads\/2025\/09\/VOCs-min-300x300.png\" alt=\"vocs free\" \/>\n                                <\/div>\n<div class=\"global-icon-set__title\">Sin COV<\/div>\n<\/p><\/div>\n<div class=\"global-icon-set__item\">\n<div class=\"global-icon-set__image\">\n                                    <img decoding=\"async\" src=\"https:\/\/homeofwool.com\/wp-content\/uploads\/2025\/09\/FR-min-300x300.png\" alt=\"icono de resistencia al fuego\" \/>\n                                <\/div>\n<div class=\"global-icon-set__title\">Resistente al fuego<\/div>\n<\/p><\/div>\n<div class=\"global-icon-set__item\">\n<div class=\"global-icon-set__image\">\n                                    <img decoding=\"async\" src=\"https:\/\/homeofwool.com\/wp-content\/uploads\/2025\/09\/Hypoallergenic-min-300x300.png\" alt=\"icono hipoalerg\u00e9nico\" \/>\n                                <\/div>\n<div class=\"global-icon-set__title\">Hipoalerg\u00e9nico<\/div>\n<\/p><\/div>\n<div class=\"global-icon-set__item\">\n<div class=\"global-icon-set__image\">\n                                    <img decoding=\"async\" src=\"https:\/\/homeofwool.com\/wp-content\/uploads\/2025\/09\/free-of-synthetics-icon-300x300.png\" alt=\"icono sin sint\u00e9ticos\" \/>\n                                <\/div>\n<div class=\"global-icon-set__title\">Sin sint\u00e9ticos<\/div>\n<\/p><\/div>\n<div class=\"global-icon-set__item\">\n<div class=\"global-icon-set__image\">\n                                    <img decoding=\"async\" src=\"https:\/\/homeofwool.com\/wp-content\/uploads\/2025\/09\/chemical-free-icon-300x300.png\" alt=\"icono sin productos qu\u00edmicos\" \/>\n                                <\/div>\n<div class=\"global-icon-set__title\">Sin productos qu\u00edmicos<\/div>\n<\/p><\/div>\n<div class=\"global-icon-set__item\">\n<div class=\"global-icon-set__image\">\n                                    <img decoding=\"async\" src=\"https:\/\/homeofwool.com\/wp-content\/uploads\/2025\/09\/anti-bacterial-icon-300x300.png\" alt=\"icono antibacteriano\" \/>\n                                <\/div>\n<div class=\"global-icon-set__title\">Antimicrobiano y antibacteriano<\/div>\n<\/p><\/div>\n<\/p><\/div>\n<\/p><\/div>","protected":false},"featured_media":219260,"template":"","meta":{"_acf_changed":false},"product_brand":[],"product_cat":[253,25],"product_tag":[74,111,112,113,1370,114,115,116,117,118,119,120,121],"class_list":{"0":"post-217516","1":"product","2":"type-product","3":"status-publish","4":"has-post-thumbnail","6":"product_cat-product-samples","7":"product_cat-wool-fabrics-batting","8":"product_tag-crafts-supplies","9":"product_tag-diy-supplies","10":"product_tag-felted-wool-projects","11":"product_tag-non-toxic-stuffing","12":"product_tag-nosteps","13":"product_tag-organic-wool-batting","14":"product_tag-pure-wool-batting","15":"product_tag-quilting","16":"product_tag-quilting-supplies","17":"product_tag-stuffed-toys-filling","18":"product_tag-upholstery-batting","19":"product_tag-wadded-cushions","20":"product_tag-wool-batt-insulation","22":"first","23":"instock","24":"shipping-taxable","25":"purchasable","26":"product-type-simple"},"acf":[],"yoast_head":"<!-- This site is optimized with the Yoast SEO Premium plugin v27.3 (Yoast SEO v27.3) - https:\/\/yoast.com\/product\/yoast-seo-premium-wordpress\/ -->\n<title>100% Wool Batting Samples \u2013 Natural Fiber Stuffing | Home of Wool<\/title>\n<meta name=\"description\" content=\"Pure, breathable, and chemical-free, the Wool Batting Samples let you feel GOTS-certified wool before your project. Ideal for quilting, DIY, or natural fiber stuffing with sensitive-skin safety.\" \/>\n<meta name=\"robots\" content=\"index, follow, max-snippet:-1, max-image-preview:large, max-video-preview:-1\" \/>\n<link rel=\"canonical\" href=\"https:\/\/homeofwool.com\/es\/tienda\/muestras-de-bateo\/\" \/>\n<meta property=\"og:locale\" content=\"es_ES\" \/>\n<meta property=\"og:type\" content=\"article\" \/>\n<meta property=\"og:title\" content=\"Wool Batting Samples\" \/>\n<meta property=\"og:description\" content=\"Pure, breathable, and chemical-free, the Wool Batting Samples let you feel GOTS-certified wool before your project. Ideal for quilting, DIY, or natural fiber stuffing with sensitive-skin safety.\" \/>\n<meta property=\"og:url\" content=\"https:\/\/homeofwool.com\/es\/tienda\/muestras-de-bateo\/\" \/>\n<meta property=\"og:site_name\" content=\"Home of Wool\" \/>\n<meta property=\"article:publisher\" content=\"https:\/\/facebook.com\/HomeOfWoolOfficial\" \/>\n<meta property=\"article:modified_time\" content=\"2026-03-27T08:54:15+00:00\" \/>\n<meta property=\"og:image\" content=\"https:\/\/homeofwool.com\/wp-content\/uploads\/2025\/09\/home-of-wool-batting-sample-1-main.jpg\" \/>\n\t<meta property=\"og:image:width\" content=\"1520\" \/>\n\t<meta property=\"og:image:height\" content=\"1900\" \/>\n\t<meta property=\"og:image:type\" content=\"image\/jpeg\" \/>\n<meta name=\"twitter:card\" content=\"summary_large_image\" \/>\n<meta name=\"twitter:label1\" content=\"Tiempo de lectura\" \/>\n\t<meta name=\"twitter:data1\" content=\"2 minutos\" \/>\n<script type=\"application\/ld+json\" class=\"yoast-schema-graph\">{\"@context\":\"https:\\\/\\\/schema.org\",\"@graph\":[{\"@type\":\"WebPage\",\"@id\":\"https:\\\/\\\/homeofwool.com\\\/shop\\\/batting-samples\\\/\",\"url\":\"https:\\\/\\\/homeofwool.com\\\/shop\\\/batting-samples\\\/\",\"name\":\"100% Wool Batting Samples \u2013 Natural Fiber Stuffing | Home of Wool\",\"isPartOf\":{\"@id\":\"https:\\\/\\\/homeofwool.com\\\/#website\"},\"primaryImageOfPage\":{\"@id\":\"https:\\\/\\\/homeofwool.com\\\/shop\\\/batting-samples\\\/#primaryimage\"},\"image\":{\"@id\":\"https:\\\/\\\/homeofwool.com\\\/shop\\\/batting-samples\\\/#primaryimage\"},\"thumbnailUrl\":\"https:\\\/\\\/homeofwool.com\\\/wp-content\\\/uploads\\\/2025\\\/09\\\/home-of-wool-batting-sample-1-main.jpg\",\"datePublished\":\"2025-09-02T12:00:51+00:00\",\"dateModified\":\"2026-03-27T08:54:15+00:00\",\"description\":\"Pure, breathable, and chemical-free, the Wool Batting Samples let you feel GOTS-certified wool before your project. Ideal for quilting, DIY, or natural fiber stuffing with sensitive-skin safety.\",\"breadcrumb\":{\"@id\":\"https:\\\/\\\/homeofwool.com\\\/shop\\\/batting-samples\\\/#breadcrumb\"},\"inLanguage\":\"es\",\"potentialAction\":[{\"@type\":\"ReadAction\",\"target\":[\"https:\\\/\\\/homeofwool.com\\\/shop\\\/batting-samples\\\/\"]}]},{\"@type\":\"ImageObject\",\"inLanguage\":\"es\",\"@id\":\"https:\\\/\\\/homeofwool.com\\\/shop\\\/batting-samples\\\/#primaryimage\",\"url\":\"https:\\\/\\\/homeofwool.com\\\/wp-content\\\/uploads\\\/2025\\\/09\\\/home-of-wool-batting-sample-1-main.jpg\",\"contentUrl\":\"https:\\\/\\\/homeofwool.com\\\/wp-content\\\/uploads\\\/2025\\\/09\\\/home-of-wool-batting-sample-1-main.jpg\",\"width\":1520,\"height\":1900,\"caption\":\"home of wool batting samples\"},{\"@type\":\"BreadcrumbList\",\"@id\":\"https:\\\/\\\/homeofwool.com\\\/shop\\\/batting-samples\\\/#breadcrumb\",\"itemListElement\":[{\"@type\":\"ListItem\",\"position\":1,\"name\":\"Home\",\"item\":\"https:\\\/\\\/homeofwool.com\\\/\"},{\"@type\":\"ListItem\",\"position\":2,\"name\":\"Products\",\"item\":\"https:\\\/\\\/homeofwool.com\\\/header-search-2\\\/\"},{\"@type\":\"ListItem\",\"position\":3,\"name\":\"Wool Batting Samples\"}]},{\"@type\":\"WebSite\",\"@id\":\"https:\\\/\\\/homeofwool.com\\\/#website\",\"url\":\"https:\\\/\\\/homeofwool.com\\\/\",\"name\":\"Home of Wool\",\"description\":\"\",\"publisher\":{\"@id\":\"https:\\\/\\\/homeofwool.com\\\/#organization\"},\"potentialAction\":[{\"@type\":\"SearchAction\",\"target\":{\"@type\":\"EntryPoint\",\"urlTemplate\":\"https:\\\/\\\/homeofwool.com\\\/?s={search_term_string}\"},\"query-input\":{\"@type\":\"PropertyValueSpecification\",\"valueRequired\":true,\"valueName\":\"search_term_string\"}}],\"inLanguage\":\"es\"},{\"@type\":\"Organization\",\"@id\":\"https:\\\/\\\/homeofwool.com\\\/#organization\",\"name\":\"Home of Wool\",\"url\":\"https:\\\/\\\/homeofwool.com\\\/\",\"logo\":{\"@type\":\"ImageObject\",\"inLanguage\":\"es\",\"@id\":\"https:\\\/\\\/homeofwool.com\\\/#\\\/schema\\\/logo\\\/image\\\/\",\"url\":\"https:\\\/\\\/homeofwool.com\\\/wp-content\\\/uploads\\\/2025\\\/09\\\/WhatsApp-Image-2025-12-02-at-16.23.20.jpeg\",\"contentUrl\":\"https:\\\/\\\/homeofwool.com\\\/wp-content\\\/uploads\\\/2025\\\/09\\\/WhatsApp-Image-2025-12-02-at-16.23.20.jpeg\",\"width\":700,\"height\":247,\"caption\":\"Home of Wool\"},\"image\":{\"@id\":\"https:\\\/\\\/homeofwool.com\\\/#\\\/schema\\\/logo\\\/image\\\/\"},\"sameAs\":[\"https:\\\/\\\/facebook.com\\\/HomeOfWoolOfficial\"]}]}<\/script>\n<!-- \/ Yoast SEO Premium plugin. -->","yoast_head_json":{"title":"Muestras de guata de lana 100% \u2013 Relleno de fibra natural | Home of Wool","description":"Puras, transpirables y libres de productos qu\u00edmicos, las muestras de guata de lana te permiten sentir la lana con certificaci\u00f3n GOTS antes de comenzar tu proyecto. Ideales para acolchar, manualidades o relleno de fibras naturales, aptas para pieles sensibles.","robots":{"index":"index","follow":"follow","max-snippet":"max-snippet:-1","max-image-preview":"max-image-preview:large","max-video-preview":"max-video-preview:-1"},"canonical":"https:\/\/homeofwool.com\/es\/tienda\/muestras-de-bateo\/","og_locale":"es_ES","og_type":"article","og_title":"Wool Batting Samples","og_description":"Pure, breathable, and chemical-free, the Wool Batting Samples let you feel GOTS-certified wool before your project. Ideal for quilting, DIY, or natural fiber stuffing with sensitive-skin safety.","og_url":"https:\/\/homeofwool.com\/es\/tienda\/muestras-de-bateo\/","og_site_name":"Home of Wool","article_publisher":"https:\/\/facebook.com\/HomeOfWoolOfficial","article_modified_time":"2026-03-27T08:54:15+00:00","og_image":[{"width":1520,"height":1900,"url":"https:\/\/homeofwool.com\/wp-content\/uploads\/2025\/09\/home-of-wool-batting-sample-1-main.jpg","type":"image\/jpeg"}],"twitter_card":"summary_large_image","twitter_misc":{"Tiempo de lectura":"2 minutos"},"schema":{"@context":"https:\/\/schema.org","@graph":[{"@type":"WebPage","@id":"https:\/\/homeofwool.com\/shop\/batting-samples\/","url":"https:\/\/homeofwool.com\/shop\/batting-samples\/","name":"Muestras de guata de lana 100% \u2013 Relleno de fibra natural | Home of Wool","isPartOf":{"@id":"https:\/\/homeofwool.com\/#website"},"primaryImageOfPage":{"@id":"https:\/\/homeofwool.com\/shop\/batting-samples\/#primaryimage"},"image":{"@id":"https:\/\/homeofwool.com\/shop\/batting-samples\/#primaryimage"},"thumbnailUrl":"https:\/\/homeofwool.com\/wp-content\/uploads\/2025\/09\/home-of-wool-batting-sample-1-main.jpg","datePublished":"2025-09-02T12:00:51+00:00","dateModified":"2026-03-27T08:54:15+00:00","description":"Puras, transpirables y libres de productos qu\u00edmicos, las muestras de guata de lana te permiten sentir la lana con certificaci\u00f3n GOTS antes de comenzar tu proyecto. Ideales para acolchar, manualidades o relleno de fibras naturales, aptas para pieles sensibles.","breadcrumb":{"@id":"https:\/\/homeofwool.com\/shop\/batting-samples\/#breadcrumb"},"inLanguage":"es","potentialAction":[{"@type":"ReadAction","target":["https:\/\/homeofwool.com\/shop\/batting-samples\/"]}]},{"@type":"ImageObject","inLanguage":"es","@id":"https:\/\/homeofwool.com\/shop\/batting-samples\/#primaryimage","url":"https:\/\/homeofwool.com\/wp-content\/uploads\/2025\/09\/home-of-wool-batting-sample-1-main.jpg","contentUrl":"https:\/\/homeofwool.com\/wp-content\/uploads\/2025\/09\/home-of-wool-batting-sample-1-main.jpg","width":1520,"height":1900,"caption":"home of wool batting samples"},{"@type":"BreadcrumbList","@id":"https:\/\/homeofwool.com\/shop\/batting-samples\/#breadcrumb","itemListElement":[{"@type":"ListItem","position":1,"name":"Home","item":"https:\/\/homeofwool.com\/"},{"@type":"ListItem","position":2,"name":"Products","item":"https:\/\/homeofwool.com\/header-search-2\/"},{"@type":"ListItem","position":3,"name":"Wool Batting Samples"}]},{"@type":"WebSite","@id":"https:\/\/homeofwool.com\/#website","url":"https:\/\/homeofwool.com\/","name":"Hogar de la lana","description":"","publisher":{"@id":"https:\/\/homeofwool.com\/#organization"},"potentialAction":[{"@type":"SearchAction","target":{"@type":"EntryPoint","urlTemplate":"https:\/\/homeofwool.com\/?s={search_term_string}"},"query-input":{"@type":"PropertyValueSpecification","valueRequired":true,"valueName":"search_term_string"}}],"inLanguage":"es"},{"@type":"Organization","@id":"https:\/\/homeofwool.com\/#organization","name":"Hogar de la lana","url":"https:\/\/homeofwool.com\/","logo":{"@type":"ImageObject","inLanguage":"es","@id":"https:\/\/homeofwool.com\/#\/schema\/logo\/image\/","url":"https:\/\/homeofwool.com\/wp-content\/uploads\/2025\/09\/WhatsApp-Image-2025-12-02-at-16.23.20.jpeg","contentUrl":"https:\/\/homeofwool.com\/wp-content\/uploads\/2025\/09\/WhatsApp-Image-2025-12-02-at-16.23.20.jpeg","width":700,"height":247,"caption":"Home of Wool"},"image":{"@id":"https:\/\/homeofwool.com\/#\/schema\/logo\/image\/"},"sameAs":["https:\/\/facebook.com\/HomeOfWoolOfficial"]}]}},"_links":{"self":[{"href":"https:\/\/homeofwool.com\/es\/wp-json\/wp\/v2\/product\/217516","targetHints":{"allow":["GET"]}}],"collection":[{"href":"https:\/\/homeofwool.com\/es\/wp-json\/wp\/v2\/product"}],"about":[{"href":"https:\/\/homeofwool.com\/es\/wp-json\/wp\/v2\/types\/product"}],"version-history":[{"count":2,"href":"https:\/\/homeofwool.com\/es\/wp-json\/wp\/v2\/product\/217516\/revisions"}],"predecessor-version":[{"id":229095,"href":"https:\/\/homeofwool.com\/es\/wp-json\/wp\/v2\/product\/217516\/revisions\/229095"}],"wp:featuredmedia":[{"embeddable":true,"href":"https:\/\/homeofwool.com\/es\/wp-json\/wp\/v2\/media\/219260"}],"wp:attachment":[{"href":"https:\/\/homeofwool.com\/es\/wp-json\/wp\/v2\/media?parent=217516"}],"wp:term":[{"taxonomy":"product_brand","embeddable":true,"href":"https:\/\/homeofwool.com\/es\/wp-json\/wp\/v2\/product_brand?post=217516"},{"taxonomy":"product_cat","embeddable":true,"href":"https:\/\/homeofwool.com\/es\/wp-json\/wp\/v2\/product_cat?post=217516"},{"taxonomy":"product_tag","embeddable":true,"href":"https:\/\/homeofwool.com\/es\/wp-json\/wp\/v2\/product_tag?post=217516"}],"curies":[{"name":"wp","href":"https:\/\/api.w.org\/{rel}","templated":true}]}}