{"id":217515,"date":"2025-09-02T12:00:51","date_gmt":"2025-09-02T12:00:51","guid":{"rendered":"https:\/\/homeofwool.com\/?post_type=product&#038;p=217515"},"modified":"2026-02-16T09:41:10","modified_gmt":"2026-02-16T09:41:10","slug":"tejido-de-lino-con-rayas-finas-grises","status":"publish","type":"product","link":"https:\/\/homeofwool.com\/es\/shop\/linen-fabric-thin-gray-stripes\/","title":{"rendered":"Tejido de lino con finas rayas grises"},"content":{"rendered":"<p>El tejido de lino Home of Wool con finas rayas grises es ideal para crear ropa de cama b\u00e1sica, como fundas de almohada, s\u00e1banas y fundas n\u00f3rdicas. Suave al tacto y libre de toxinas, es un tejido en el que los padres pueden confiar para la primera ropa de cama de su beb\u00e9. Fabricado con lino org\u00e1nico, no contiene recubrimientos ni toxinas. Es seguro y garantiza un tejido hipoalerg\u00e9nico para toda la familia, desde reci\u00e9n nacidos hasta adultos.<\/p>\n<p>Al ser un tejido de lino transpirable, ayuda a regular la temperatura corporal, manteniendo a los durmientes frescos en verano y c\u00f3modamente calientes en invierno. Naturalmente resistente y duradero, este tejido de lino ecol\u00f3gico se vuelve m\u00e1s suave con cada lavado. Sus propiedades hipoalerg\u00e9nicas proporcionan alivio a las personas con alergias y piel sensible.<\/p>\n<p>Adem\u00e1s de la ropa de cama, este tejido es ideal para tapicer\u00edas ligeras, fundas de cojines y otros proyectos para el hogar que requieren un estilo duradero y resistencia.<\/p>\n<p>Ya sea que se elija para ropa de cama de dormitorios de adultos o para la ropa de cama m\u00e1s delicada de la habitaci\u00f3n infantil, esta ropa de cama libre de productos qu\u00edmicos proporciona un sue\u00f1o fresco y agradable. Hay muestras disponibles para su compra si desea sentir la textura y ver las rayas tejidas antes de realizar un pedido por metros.<\/p>","protected":false},"excerpt":{"rendered":"<p>Esta tela de lino con finas rayas grises es perfecta para s\u00e1banas, fundas de almohada e incluso para la delicada ropa de cama de los reci\u00e9n nacidos. Fabricada con tela de lino natural, es suave y transpirable. Tejida seg\u00fan los m\u00e1s altos est\u00e1ndares de certificaci\u00f3n OEKO-TEX, garantiza pureza y seguridad tanto para la ropa de cama de uso diario como para el delicado uso en la guarder\u00eda.<\/p>\n<p><strong>Peso:<\/strong> 185 g\/m<br \/>\n<strong>Anchura<\/strong>: 59\u2033 o 118\u2033 (150 cm o 300 cm)<br \/>\nEncogimiento tras el primer lavado:<br \/>\n<strong>A lo largo:<\/strong> hasta 10%<\/p>","protected":false},"featured_media":219244,"template":"","meta":{"_acf_changed":false},"product_brand":[],"product_cat":[25],"product_tag":[85,86,87,99,90,91,92,93,97,94,98,95],"class_list":{"0":"post-217515","1":"product","2":"type-product","3":"status-publish","4":"has-post-thumbnail","6":"product_cat-wool-fabrics-batting","7":"product_tag-craft-supplies","8":"product_tag-eco-friendly-textile","9":"product_tag-flax-linen-fabric","10":"product_tag-flax-linen-fabric-by-the-yard-or-metre","11":"product_tag-linen-fabric","12":"product_tag-natural-linen","13":"product_tag-prewashed-linen","14":"product_tag-pure-flax-linen","15":"product_tag-pure-linen","16":"product_tag-sewing-supply","17":"product_tag-striped-linen-fabric","18":"product_tag-undyed-fibers","20":"first","21":"instock","22":"shipping-taxable","23":"purchasable","24":"product-type-variable"},"acf":[],"yoast_head":"<!-- This site is optimized with the Yoast SEO Premium plugin v27.3 (Yoast SEO v27.3) - https:\/\/yoast.com\/product\/yoast-seo-premium-wordpress\/ -->\n<title>Linen Fabric with Thin Grey Stripes \u2013 Oeko-Tex Certified | Home of Wool<\/title>\n<meta name=\"description\" content=\"Eco-friendly and breathable, this natural, toxin-free linen with thin grey stripes is durable and versatile. Perfect for newborn bedding, sheets, cushions, and light upholstery.\" \/>\n<meta name=\"robots\" content=\"index, follow, max-snippet:-1, max-image-preview:large, max-video-preview:-1\" \/>\n<link rel=\"canonical\" href=\"https:\/\/homeofwool.com\/es\/tienda\/tejido-de-lino-con-rayas-finas-grises\/\" \/>\n<meta property=\"og:locale\" content=\"es_ES\" \/>\n<meta property=\"og:type\" content=\"article\" \/>\n<meta property=\"og:title\" content=\"Linen Fabric with Thin Grey Stripes\" \/>\n<meta property=\"og:description\" content=\"Eco-friendly and breathable, this natural, toxin-free linen with thin grey stripes is durable and versatile. Perfect for newborn bedding, sheets, cushions, and light upholstery.\" \/>\n<meta property=\"og:url\" content=\"https:\/\/homeofwool.com\/es\/tienda\/tejido-de-lino-con-rayas-finas-grises\/\" \/>\n<meta property=\"og:site_name\" content=\"Home of Wool\" \/>\n<meta property=\"article:publisher\" content=\"https:\/\/facebook.com\/HomeOfWoolOfficial\" \/>\n<meta property=\"article:modified_time\" content=\"2026-02-16T09:41:10+00:00\" \/>\n<meta property=\"og:image\" content=\"https:\/\/homeofwool.com\/wp-content\/uploads\/2025\/09\/home-of-wool-linen-fabric-with-thin-grey-stripes-1-main.jpg\" \/>\n\t<meta property=\"og:image:width\" content=\"2000\" \/>\n\t<meta property=\"og:image:height\" content=\"1600\" \/>\n\t<meta property=\"og:image:type\" content=\"image\/jpeg\" \/>\n<meta name=\"twitter:card\" content=\"summary_large_image\" \/>\n<meta name=\"twitter:label1\" content=\"Tiempo de lectura\" \/>\n\t<meta name=\"twitter:data1\" content=\"2 minutos\" \/>\n<script type=\"application\/ld+json\" class=\"yoast-schema-graph\">{\"@context\":\"https:\\\/\\\/schema.org\",\"@graph\":[{\"@type\":\"WebPage\",\"@id\":\"https:\\\/\\\/homeofwool.com\\\/it\\\/negozio\\\/tessuto-di-lino-a-righe-sottili-grigie\\\/\",\"url\":\"https:\\\/\\\/homeofwool.com\\\/it\\\/negozio\\\/tessuto-di-lino-a-righe-sottili-grigie\\\/\",\"name\":\"Linen Fabric with Thin Grey Stripes \u2013 Oeko-Tex Certified | Home of Wool\",\"isPartOf\":{\"@id\":\"https:\\\/\\\/homeofwool.com\\\/#website\"},\"primaryImageOfPage\":{\"@id\":\"https:\\\/\\\/homeofwool.com\\\/it\\\/negozio\\\/tessuto-di-lino-a-righe-sottili-grigie\\\/#primaryimage\"},\"image\":{\"@id\":\"https:\\\/\\\/homeofwool.com\\\/it\\\/negozio\\\/tessuto-di-lino-a-righe-sottili-grigie\\\/#primaryimage\"},\"thumbnailUrl\":\"https:\\\/\\\/homeofwool.com\\\/wp-content\\\/uploads\\\/2025\\\/09\\\/home-of-wool-linen-fabric-with-thin-grey-stripes-1-main.jpg\",\"datePublished\":\"2025-09-02T12:00:51+00:00\",\"dateModified\":\"2026-02-16T09:41:10+00:00\",\"description\":\"Eco-friendly and breathable, this natural, toxin-free linen with thin grey stripes is durable and versatile. Perfect for newborn bedding, sheets, cushions, and light upholstery.\",\"breadcrumb\":{\"@id\":\"https:\\\/\\\/homeofwool.com\\\/it\\\/negozio\\\/tessuto-di-lino-a-righe-sottili-grigie\\\/#breadcrumb\"},\"inLanguage\":\"es\",\"potentialAction\":[{\"@type\":\"ReadAction\",\"target\":[\"https:\\\/\\\/homeofwool.com\\\/it\\\/negozio\\\/tessuto-di-lino-a-righe-sottili-grigie\\\/\"]}]},{\"@type\":\"ImageObject\",\"inLanguage\":\"es\",\"@id\":\"https:\\\/\\\/homeofwool.com\\\/it\\\/negozio\\\/tessuto-di-lino-a-righe-sottili-grigie\\\/#primaryimage\",\"url\":\"https:\\\/\\\/homeofwool.com\\\/wp-content\\\/uploads\\\/2025\\\/09\\\/home-of-wool-linen-fabric-with-thin-grey-stripes-1-main.jpg\",\"contentUrl\":\"https:\\\/\\\/homeofwool.com\\\/wp-content\\\/uploads\\\/2025\\\/09\\\/home-of-wool-linen-fabric-with-thin-grey-stripes-1-main.jpg\",\"width\":2000,\"height\":1600,\"caption\":\"linen fabric with thin grey stripes close up\"},{\"@type\":\"BreadcrumbList\",\"@id\":\"https:\\\/\\\/homeofwool.com\\\/it\\\/negozio\\\/tessuto-di-lino-a-righe-sottili-grigie\\\/#breadcrumb\",\"itemListElement\":[{\"@type\":\"ListItem\",\"position\":1,\"name\":\"Home\",\"item\":\"https:\\\/\\\/homeofwool.com\\\/\"},{\"@type\":\"ListItem\",\"position\":2,\"name\":\"Products\",\"item\":\"https:\\\/\\\/homeofwool.com\\\/header-search-2\\\/\"},{\"@type\":\"ListItem\",\"position\":3,\"name\":\"Linen Fabric with Thin Grey Stripes\"}]},{\"@type\":\"WebSite\",\"@id\":\"https:\\\/\\\/homeofwool.com\\\/#website\",\"url\":\"https:\\\/\\\/homeofwool.com\\\/\",\"name\":\"Home of Wool\",\"description\":\"\",\"publisher\":{\"@id\":\"https:\\\/\\\/homeofwool.com\\\/#organization\"},\"potentialAction\":[{\"@type\":\"SearchAction\",\"target\":{\"@type\":\"EntryPoint\",\"urlTemplate\":\"https:\\\/\\\/homeofwool.com\\\/?s={search_term_string}\"},\"query-input\":{\"@type\":\"PropertyValueSpecification\",\"valueRequired\":true,\"valueName\":\"search_term_string\"}}],\"inLanguage\":\"es\"},{\"@type\":\"Organization\",\"@id\":\"https:\\\/\\\/homeofwool.com\\\/#organization\",\"name\":\"Home of Wool\",\"url\":\"https:\\\/\\\/homeofwool.com\\\/\",\"logo\":{\"@type\":\"ImageObject\",\"inLanguage\":\"es\",\"@id\":\"https:\\\/\\\/homeofwool.com\\\/#\\\/schema\\\/logo\\\/image\\\/\",\"url\":\"https:\\\/\\\/homeofwool.com\\\/wp-content\\\/uploads\\\/2025\\\/09\\\/WhatsApp-Image-2025-12-02-at-16.23.20.jpeg\",\"contentUrl\":\"https:\\\/\\\/homeofwool.com\\\/wp-content\\\/uploads\\\/2025\\\/09\\\/WhatsApp-Image-2025-12-02-at-16.23.20.jpeg\",\"width\":700,\"height\":247,\"caption\":\"Home of Wool\"},\"image\":{\"@id\":\"https:\\\/\\\/homeofwool.com\\\/#\\\/schema\\\/logo\\\/image\\\/\"},\"sameAs\":[\"https:\\\/\\\/facebook.com\\\/HomeOfWoolOfficial\"]}]}<\/script>\n<!-- \/ Yoast SEO Premium plugin. -->","yoast_head_json":{"title":"Tejido de lino con rayas finas grises \u2013 Certificado Oeko-Tex | Home of Wool","description":"Ecol\u00f3gico y transpirable, este lino natural y libre de toxinas con finas rayas grises es duradero y vers\u00e1til. Perfecto para ropa de cama para reci\u00e9n nacidos, s\u00e1banas, cojines y tapicer\u00eda ligera.","robots":{"index":"index","follow":"follow","max-snippet":"max-snippet:-1","max-image-preview":"max-image-preview:large","max-video-preview":"max-video-preview:-1"},"canonical":"https:\/\/homeofwool.com\/es\/tienda\/tejido-de-lino-con-rayas-finas-grises\/","og_locale":"es_ES","og_type":"article","og_title":"Linen Fabric with Thin Grey Stripes","og_description":"Eco-friendly and breathable, this natural, toxin-free linen with thin grey stripes is durable and versatile. Perfect for newborn bedding, sheets, cushions, and light upholstery.","og_url":"https:\/\/homeofwool.com\/es\/tienda\/tejido-de-lino-con-rayas-finas-grises\/","og_site_name":"Home of Wool","article_publisher":"https:\/\/facebook.com\/HomeOfWoolOfficial","article_modified_time":"2026-02-16T09:41:10+00:00","og_image":[{"width":2000,"height":1600,"url":"https:\/\/homeofwool.com\/wp-content\/uploads\/2025\/09\/home-of-wool-linen-fabric-with-thin-grey-stripes-1-main.jpg","type":"image\/jpeg"}],"twitter_card":"summary_large_image","twitter_misc":{"Tiempo de lectura":"2 minutos"},"schema":{"@context":"https:\/\/schema.org","@graph":[{"@type":"WebPage","@id":"https:\/\/homeofwool.com\/it\/negozio\/tessuto-di-lino-a-righe-sottili-grigie\/","url":"https:\/\/homeofwool.com\/it\/negozio\/tessuto-di-lino-a-righe-sottili-grigie\/","name":"Tejido de lino con rayas finas grises \u2013 Certificado Oeko-Tex | Home of Wool","isPartOf":{"@id":"https:\/\/homeofwool.com\/#website"},"primaryImageOfPage":{"@id":"https:\/\/homeofwool.com\/it\/negozio\/tessuto-di-lino-a-righe-sottili-grigie\/#primaryimage"},"image":{"@id":"https:\/\/homeofwool.com\/it\/negozio\/tessuto-di-lino-a-righe-sottili-grigie\/#primaryimage"},"thumbnailUrl":"https:\/\/homeofwool.com\/wp-content\/uploads\/2025\/09\/home-of-wool-linen-fabric-with-thin-grey-stripes-1-main.jpg","datePublished":"2025-09-02T12:00:51+00:00","dateModified":"2026-02-16T09:41:10+00:00","description":"Ecol\u00f3gico y transpirable, este lino natural y libre de toxinas con finas rayas grises es duradero y vers\u00e1til. Perfecto para ropa de cama para reci\u00e9n nacidos, s\u00e1banas, cojines y tapicer\u00eda ligera.","breadcrumb":{"@id":"https:\/\/homeofwool.com\/it\/negozio\/tessuto-di-lino-a-righe-sottili-grigie\/#breadcrumb"},"inLanguage":"es","potentialAction":[{"@type":"ReadAction","target":["https:\/\/homeofwool.com\/it\/negozio\/tessuto-di-lino-a-righe-sottili-grigie\/"]}]},{"@type":"ImageObject","inLanguage":"es","@id":"https:\/\/homeofwool.com\/it\/negozio\/tessuto-di-lino-a-righe-sottili-grigie\/#primaryimage","url":"https:\/\/homeofwool.com\/wp-content\/uploads\/2025\/09\/home-of-wool-linen-fabric-with-thin-grey-stripes-1-main.jpg","contentUrl":"https:\/\/homeofwool.com\/wp-content\/uploads\/2025\/09\/home-of-wool-linen-fabric-with-thin-grey-stripes-1-main.jpg","width":2000,"height":1600,"caption":"linen fabric with thin grey stripes close up"},{"@type":"BreadcrumbList","@id":"https:\/\/homeofwool.com\/it\/negozio\/tessuto-di-lino-a-righe-sottili-grigie\/#breadcrumb","itemListElement":[{"@type":"ListItem","position":1,"name":"Home","item":"https:\/\/homeofwool.com\/"},{"@type":"ListItem","position":2,"name":"Products","item":"https:\/\/homeofwool.com\/header-search-2\/"},{"@type":"ListItem","position":3,"name":"Linen Fabric with Thin Grey Stripes"}]},{"@type":"WebSite","@id":"https:\/\/homeofwool.com\/#website","url":"https:\/\/homeofwool.com\/","name":"Hogar de la lana","description":"","publisher":{"@id":"https:\/\/homeofwool.com\/#organization"},"potentialAction":[{"@type":"SearchAction","target":{"@type":"EntryPoint","urlTemplate":"https:\/\/homeofwool.com\/?s={search_term_string}"},"query-input":{"@type":"PropertyValueSpecification","valueRequired":true,"valueName":"search_term_string"}}],"inLanguage":"es"},{"@type":"Organization","@id":"https:\/\/homeofwool.com\/#organization","name":"Hogar de la lana","url":"https:\/\/homeofwool.com\/","logo":{"@type":"ImageObject","inLanguage":"es","@id":"https:\/\/homeofwool.com\/#\/schema\/logo\/image\/","url":"https:\/\/homeofwool.com\/wp-content\/uploads\/2025\/09\/WhatsApp-Image-2025-12-02-at-16.23.20.jpeg","contentUrl":"https:\/\/homeofwool.com\/wp-content\/uploads\/2025\/09\/WhatsApp-Image-2025-12-02-at-16.23.20.jpeg","width":700,"height":247,"caption":"Home of Wool"},"image":{"@id":"https:\/\/homeofwool.com\/#\/schema\/logo\/image\/"},"sameAs":["https:\/\/facebook.com\/HomeOfWoolOfficial"]}]}},"_links":{"self":[{"href":"https:\/\/homeofwool.com\/es\/wp-json\/wp\/v2\/product\/217515","targetHints":{"allow":["GET"]}}],"collection":[{"href":"https:\/\/homeofwool.com\/es\/wp-json\/wp\/v2\/product"}],"about":[{"href":"https:\/\/homeofwool.com\/es\/wp-json\/wp\/v2\/types\/product"}],"version-history":[{"count":2,"href":"https:\/\/homeofwool.com\/es\/wp-json\/wp\/v2\/product\/217515\/revisions"}],"predecessor-version":[{"id":228298,"href":"https:\/\/homeofwool.com\/es\/wp-json\/wp\/v2\/product\/217515\/revisions\/228298"}],"wp:featuredmedia":[{"embeddable":true,"href":"https:\/\/homeofwool.com\/es\/wp-json\/wp\/v2\/media\/219244"}],"wp:attachment":[{"href":"https:\/\/homeofwool.com\/es\/wp-json\/wp\/v2\/media?parent=217515"}],"wp:term":[{"taxonomy":"product_brand","embeddable":true,"href":"https:\/\/homeofwool.com\/es\/wp-json\/wp\/v2\/product_brand?post=217515"},{"taxonomy":"product_cat","embeddable":true,"href":"https:\/\/homeofwool.com\/es\/wp-json\/wp\/v2\/product_cat?post=217515"},{"taxonomy":"product_tag","embeddable":true,"href":"https:\/\/homeofwool.com\/es\/wp-json\/wp\/v2\/product_tag?post=217515"}],"curies":[{"name":"wp","href":"https:\/\/api.w.org\/{rel}","templated":true}]}}